{"id":80679,"date":"2017-05-11T10:56:50","date_gmt":"2017-05-11T07:56:50","guid":{"rendered":"https:\/\/www.kirkonulkomaanapu.fi\/en\/?page_id=80679"},"modified":"2018-08-16T13:03:31","modified_gmt":"2018-08-16T10:03:31","slug":"reach-project-finland","status":"publish","type":"page","link":"https:\/\/www.kirkonulkomaanapu.fi\/en\/us\/donors\/international-donors\/eu-dg-home\/reach-project-finland\/","title":{"rendered":"Reach Out project in Finland"},"content":{"rendered":"<p><img loading=\"lazy\" decoding=\"async\" class=\"size-medium wp-image-80680 alignright\" src=\"https:\/\/www.kirkonulkomaanapu.fi\/wp-content\/uploads\/2017\/05\/reach-out-logo-480x197.jpg\" alt=\"\" width=\"480\" height=\"197\" srcset=\"https:\/\/www.kirkonulkomaanapu.fi\/wp-content\/uploads\/2017\/05\/reach-out-logo-480x197.jpg 480w, https:\/\/www.kirkonulkomaanapu.fi\/wp-content\/uploads\/2017\/05\/reach-out-logo-768x316.jpg 768w, https:\/\/www.kirkonulkomaanapu.fi\/wp-content\/uploads\/2017\/05\/reach-out-logo.jpg 1024w, https:\/\/www.kirkonulkomaanapu.fi\/wp-content\/uploads\/2017\/05\/reach-out-logo-316x130.jpg 316w\" sizes=\"auto, (max-width: 480px) 100vw, 480px\" \/>The Reach Out -project is part of FCA\u2019s and the Network for Religious and Traditional Peacemakers\u2019 work in preventing violent radicalization and extremism in Finland. It is a collaboration with the Ministry of the Interior, Radinet\/EXIT-project and local preventive cooperation networks in 4 different cities: Tampere, Turku, Helsinki and Oulu.<\/p>\n<p>The Reach Out -project disseminates knowledge and good practices, and brings together authorities, communities and NGO\u2019s on a local and national level to develop collaboration models to support and address the needs of the families and individuals affected by the phenomenon.<br \/>\nReach out is part of Finland\u2018s National Action plan for Preventing Violent Extremism.<\/p>\n<p>The project\u2019s duration is 1 July 2016 &#8211;\u00a0 31 August\u00a02017. It is funded by EU Home Affairs Fund (Internal Security Fund ISF). Total project budget is 78 391 \u20ac, of which EU funding is 75% and FCA co-funding 25%.<\/p>\n","protected":false},"excerpt":{"rendered":"<p>The Reach Out -project is part of FCA\u2019s and the Network for Religious and Traditional Peacemakers\u2019 work in preventing violent radicalization and extremism in Finland. It is a collaboration with the Ministry of the Interior, Radinet\/EXIT-project and local preventive cooperation networks in 4 different cities: Tampere, Turku, Helsinki and Oulu. The Reach Out -project disseminates [&hellip;]<\/p>\n","protected":false},"author":77,"featured_media":0,"parent":79519,"menu_order":0,"comment_status":"closed","ping_status":"closed","template":"page-templates\/project.php","meta":{"_acf_changed":false,"_relevanssi_hide_post":"","_relevanssi_hide_content":"","_relevanssi_pin_for_all":"","_relevanssi_pin_keywords":"","_relevanssi_unpin_keywords":"","_relevanssi_related_keywords":"","_relevanssi_related_include_ids":"","_relevanssi_related_exclude_ids":"","_relevanssi_related_no_append":"","_relevanssi_related_not_related":"","_relevanssi_related_posts":"","_relevanssi_noindex_reason":"","_improvement_type_select":"improve_an_existing","_thumb_yes_seoaic":false,"_frame_yes_seoaic":false,"seoaic_generate_description":"","seoaic_improve_instructions_prompt":"","seoaic_rollback_content_improvement":"","seoaic_idea_thumbnail_generator":"","thumbnail_generated":false,"thumbnail_generate_prompt":"","seoaic_article_description":"","footnotes":""},"class_list":["post-80679","page","type-page","status-publish","hentry"],"acf":[],"yoast_head":"<!-- This site is optimized with the Yoast SEO plugin v26.9 - https:\/\/yoast.com\/product\/yoast-seo-wordpress\/ -->\n<title>Reach Out project in Finland - FCA Finn Church Aid<\/title>\n<meta name=\"robots\" content=\"index, follow, max-snippet:-1, max-image-preview:large, max-video-preview:-1\" \/>\n<link rel=\"canonical\" href=\"https:\/\/www.kirkonulkomaanapu.fi\/en\/us\/donors\/international-donors\/eu-dg-home\/reach-project-finland\/\" \/>\n<meta property=\"og:locale\" content=\"en_US\" \/>\n<meta property=\"og:type\" content=\"article\" \/>\n<meta property=\"og:title\" content=\"Reach Out project in Finland - FCA Finn Church Aid\" \/>\n<meta property=\"og:description\" content=\"The Reach Out -project is part of FCA\u2019s and the Network for Religious and Traditional Peacemakers\u2019 work in preventing violent radicalization and extremism in Finland. It is a collaboration with the Ministry of the Interior, Radinet\/EXIT-project and local preventive cooperation networks in 4 different cities: Tampere, Turku, Helsinki and Oulu. The Reach Out -project disseminates [&hellip;]\" \/>\n<meta property=\"og:url\" content=\"https:\/\/www.kirkonulkomaanapu.fi\/en\/us\/donors\/international-donors\/eu-dg-home\/reach-project-finland\/\" \/>\n<meta property=\"og:site_name\" content=\"FCA Finn Church Aid\" \/>\n<meta property=\"article:publisher\" content=\"https:\/\/www.facebook.com\/Ulkomaanapu\/\" \/>\n<meta property=\"article:modified_time\" content=\"2018-08-16T10:03:31+00:00\" \/>\n<meta property=\"og:image\" content=\"https:\/\/www.kirkonulkomaanapu.fi\/wp-content\/uploads\/2017\/05\/reach-out-logo-480x197.jpg\" \/>\n<meta name=\"twitter:label1\" content=\"Est. reading time\" \/>\n\t<meta name=\"twitter:data1\" content=\"1 minute\" \/>\n<script type=\"application\/ld+json\" class=\"yoast-schema-graph\">{\"@context\":\"https:\/\/schema.org\",\"@graph\":[{\"@type\":\"WebPage\",\"@id\":\"https:\/\/www.kirkonulkomaanapu.fi\/en\/us\/donors\/international-donors\/eu-dg-home\/reach-project-finland\/\",\"url\":\"https:\/\/www.kirkonulkomaanapu.fi\/en\/us\/donors\/international-donors\/eu-dg-home\/reach-project-finland\/\",\"name\":\"Reach Out project in Finland - FCA Finn Church Aid\",\"isPartOf\":{\"@id\":\"https:\/\/www.kirkonulkomaanapu.fi\/#website\"},\"primaryImageOfPage\":{\"@id\":\"https:\/\/www.kirkonulkomaanapu.fi\/en\/us\/donors\/international-donors\/eu-dg-home\/reach-project-finland\/#primaryimage\"},\"image\":{\"@id\":\"https:\/\/www.kirkonulkomaanapu.fi\/en\/us\/donors\/international-donors\/eu-dg-home\/reach-project-finland\/#primaryimage\"},\"thumbnailUrl\":\"https:\/\/www.kirkonulkomaanapu.fi\/wp-content\/uploads\/2017\/05\/reach-out-logo-480x197.jpg\",\"datePublished\":\"2017-05-11T07:56:50+00:00\",\"dateModified\":\"2018-08-16T10:03:31+00:00\",\"breadcrumb\":{\"@id\":\"https:\/\/www.kirkonulkomaanapu.fi\/en\/us\/donors\/international-donors\/eu-dg-home\/reach-project-finland\/#breadcrumb\"},\"inLanguage\":\"en-US\",\"potentialAction\":[{\"@type\":\"ReadAction\",\"target\":[\"https:\/\/www.kirkonulkomaanapu.fi\/en\/us\/donors\/international-donors\/eu-dg-home\/reach-project-finland\/\"]}]},{\"@type\":\"ImageObject\",\"inLanguage\":\"en-US\",\"@id\":\"https:\/\/www.kirkonulkomaanapu.fi\/en\/us\/donors\/international-donors\/eu-dg-home\/reach-project-finland\/#primaryimage\",\"url\":\"https:\/\/www.kirkonulkomaanapu.fi\/wp-content\/uploads\/2017\/05\/reach-out-logo-480x197.jpg\",\"contentUrl\":\"https:\/\/www.kirkonulkomaanapu.fi\/wp-content\/uploads\/2017\/05\/reach-out-logo-480x197.jpg\"},{\"@type\":\"BreadcrumbList\",\"@id\":\"https:\/\/www.kirkonulkomaanapu.fi\/en\/us\/donors\/international-donors\/eu-dg-home\/reach-project-finland\/#breadcrumb\",\"itemListElement\":[{\"@type\":\"ListItem\",\"position\":1,\"name\":\"Home\",\"item\":\"https:\/\/www.kirkonulkomaanapu.fi\/en\/\"},{\"@type\":\"ListItem\",\"position\":2,\"name\":\"About us\",\"item\":\"https:\/\/www.kirkonulkomaanapu.fi\/en\/us\/\"},{\"@type\":\"ListItem\",\"position\":3,\"name\":\"Donors\",\"item\":\"https:\/\/www.fcakenya.co.ke\/?page_id=2816\"},{\"@type\":\"ListItem\",\"position\":4,\"name\":\"International donors\",\"item\":\"https:\/\/www.fcakenya.co.ke\/?page_id=2818\"},{\"@type\":\"ListItem\",\"position\":5,\"name\":\"EU DG HOME\",\"item\":\"https:\/\/www.kirkonulkomaanapu.fi\/en\/us\/donors\/international-donors\/eu-dg-home\/\"},{\"@type\":\"ListItem\",\"position\":6,\"name\":\"Reach Out project in Finland\"}]},{\"@type\":\"WebSite\",\"@id\":\"https:\/\/www.kirkonulkomaanapu.fi\/#website\",\"url\":\"https:\/\/www.kirkonulkomaanapu.fi\/\",\"name\":\"Kirkon Ulkomaanapu\",\"description\":\"Suomen suurin kehitysyhteisty\u00f6j\u00e4rjest\u00f6\",\"publisher\":{\"@id\":\"https:\/\/www.kirkonulkomaanapu.fi\/#organization\"},\"alternateName\":\"KUA\",\"potentialAction\":[{\"@type\":\"SearchAction\",\"target\":{\"@type\":\"EntryPoint\",\"urlTemplate\":\"https:\/\/www.kirkonulkomaanapu.fi\/?s={search_term_string}\"},\"query-input\":{\"@type\":\"PropertyValueSpecification\",\"valueRequired\":true,\"valueName\":\"search_term_string\"}}],\"inLanguage\":\"en-US\"},{\"@type\":\"Organization\",\"@id\":\"https:\/\/www.kirkonulkomaanapu.fi\/#organization\",\"name\":\"Kirkon Ulkomaanapu\",\"alternateName\":\"KUA\",\"url\":\"https:\/\/www.kirkonulkomaanapu.fi\/\",\"logo\":{\"@type\":\"ImageObject\",\"inLanguage\":\"en-US\",\"@id\":\"https:\/\/www.kirkonulkomaanapu.fi\/#\/schema\/logo\/image\/\",\"url\":\"https:\/\/www.kirkonulkomaanapu.fi\/wp-content\/uploads\/2026\/02\/Kirkon-ulkomaanapu-logo-1.png\",\"contentUrl\":\"https:\/\/www.kirkonulkomaanapu.fi\/wp-content\/uploads\/2026\/02\/Kirkon-ulkomaanapu-logo-1.png\",\"width\":225,\"height\":225,\"caption\":\"Kirkon Ulkomaanapu\"},\"image\":{\"@id\":\"https:\/\/www.kirkonulkomaanapu.fi\/#\/schema\/logo\/image\/\"},\"sameAs\":[\"https:\/\/www.facebook.com\/Ulkomaanapu\/\",\"https:\/\/www.youtube.com\/user\/kirkonulkomaanapu\",\"https:\/\/instagram.com\/kirkon_ulkomaanapu\/\",\"https:\/\/www.linkedin.com\/company\/finn-church-aid\/\"]}]}<\/script>\n<!-- \/ Yoast SEO plugin. -->","yoast_head_json":{"title":"Reach Out project in Finland - FCA Finn Church Aid","robots":{"index":"index","follow":"follow","max-snippet":"max-snippet:-1","max-image-preview":"max-image-preview:large","max-video-preview":"max-video-preview:-1"},"canonical":"https:\/\/www.kirkonulkomaanapu.fi\/en\/us\/donors\/international-donors\/eu-dg-home\/reach-project-finland\/","og_locale":"en_US","og_type":"article","og_title":"Reach Out project in Finland - FCA Finn Church Aid","og_description":"The Reach Out -project is part of FCA\u2019s and the Network for Religious and Traditional Peacemakers\u2019 work in preventing violent radicalization and extremism in Finland. It is a collaboration with the Ministry of the Interior, Radinet\/EXIT-project and local preventive cooperation networks in 4 different cities: Tampere, Turku, Helsinki and Oulu. The Reach Out -project disseminates [&hellip;]","og_url":"https:\/\/www.kirkonulkomaanapu.fi\/en\/us\/donors\/international-donors\/eu-dg-home\/reach-project-finland\/","og_site_name":"FCA Finn Church Aid","article_publisher":"https:\/\/www.facebook.com\/Ulkomaanapu\/","article_modified_time":"2018-08-16T10:03:31+00:00","og_image":[{"url":"https:\/\/www.kirkonulkomaanapu.fi\/wp-content\/uploads\/2017\/05\/reach-out-logo-480x197.jpg","type":"","width":"","height":""}],"twitter_misc":{"Est. reading time":"1 minute"},"schema":{"@context":"https:\/\/schema.org","@graph":[{"@type":"WebPage","@id":"https:\/\/www.kirkonulkomaanapu.fi\/en\/us\/donors\/international-donors\/eu-dg-home\/reach-project-finland\/","url":"https:\/\/www.kirkonulkomaanapu.fi\/en\/us\/donors\/international-donors\/eu-dg-home\/reach-project-finland\/","name":"Reach Out project in Finland - FCA Finn Church Aid","isPartOf":{"@id":"https:\/\/www.kirkonulkomaanapu.fi\/#website"},"primaryImageOfPage":{"@id":"https:\/\/www.kirkonulkomaanapu.fi\/en\/us\/donors\/international-donors\/eu-dg-home\/reach-project-finland\/#primaryimage"},"image":{"@id":"https:\/\/www.kirkonulkomaanapu.fi\/en\/us\/donors\/international-donors\/eu-dg-home\/reach-project-finland\/#primaryimage"},"thumbnailUrl":"https:\/\/www.kirkonulkomaanapu.fi\/wp-content\/uploads\/2017\/05\/reach-out-logo-480x197.jpg","datePublished":"2017-05-11T07:56:50+00:00","dateModified":"2018-08-16T10:03:31+00:00","breadcrumb":{"@id":"https:\/\/www.kirkonulkomaanapu.fi\/en\/us\/donors\/international-donors\/eu-dg-home\/reach-project-finland\/#breadcrumb"},"inLanguage":"en-US","potentialAction":[{"@type":"ReadAction","target":["https:\/\/www.kirkonulkomaanapu.fi\/en\/us\/donors\/international-donors\/eu-dg-home\/reach-project-finland\/"]}]},{"@type":"ImageObject","inLanguage":"en-US","@id":"https:\/\/www.kirkonulkomaanapu.fi\/en\/us\/donors\/international-donors\/eu-dg-home\/reach-project-finland\/#primaryimage","url":"https:\/\/www.kirkonulkomaanapu.fi\/wp-content\/uploads\/2017\/05\/reach-out-logo-480x197.jpg","contentUrl":"https:\/\/www.kirkonulkomaanapu.fi\/wp-content\/uploads\/2017\/05\/reach-out-logo-480x197.jpg"},{"@type":"BreadcrumbList","@id":"https:\/\/www.kirkonulkomaanapu.fi\/en\/us\/donors\/international-donors\/eu-dg-home\/reach-project-finland\/#breadcrumb","itemListElement":[{"@type":"ListItem","position":1,"name":"Home","item":"https:\/\/www.kirkonulkomaanapu.fi\/en\/"},{"@type":"ListItem","position":2,"name":"About us","item":"https:\/\/www.kirkonulkomaanapu.fi\/en\/us\/"},{"@type":"ListItem","position":3,"name":"Donors","item":"https:\/\/www.fcakenya.co.ke\/?page_id=2816"},{"@type":"ListItem","position":4,"name":"International donors","item":"https:\/\/www.fcakenya.co.ke\/?page_id=2818"},{"@type":"ListItem","position":5,"name":"EU DG HOME","item":"https:\/\/www.kirkonulkomaanapu.fi\/en\/us\/donors\/international-donors\/eu-dg-home\/"},{"@type":"ListItem","position":6,"name":"Reach Out project in Finland"}]},{"@type":"WebSite","@id":"https:\/\/www.kirkonulkomaanapu.fi\/#website","url":"https:\/\/www.kirkonulkomaanapu.fi\/","name":"Kirkon Ulkomaanapu","description":"Suomen suurin kehitysyhteisty\u00f6j\u00e4rjest\u00f6","publisher":{"@id":"https:\/\/www.kirkonulkomaanapu.fi\/#organization"},"alternateName":"KUA","potentialAction":[{"@type":"SearchAction","target":{"@type":"EntryPoint","urlTemplate":"https:\/\/www.kirkonulkomaanapu.fi\/?s={search_term_string}"},"query-input":{"@type":"PropertyValueSpecification","valueRequired":true,"valueName":"search_term_string"}}],"inLanguage":"en-US"},{"@type":"Organization","@id":"https:\/\/www.kirkonulkomaanapu.fi\/#organization","name":"Kirkon Ulkomaanapu","alternateName":"KUA","url":"https:\/\/www.kirkonulkomaanapu.fi\/","logo":{"@type":"ImageObject","inLanguage":"en-US","@id":"https:\/\/www.kirkonulkomaanapu.fi\/#\/schema\/logo\/image\/","url":"https:\/\/www.kirkonulkomaanapu.fi\/wp-content\/uploads\/2026\/02\/Kirkon-ulkomaanapu-logo-1.png","contentUrl":"https:\/\/www.kirkonulkomaanapu.fi\/wp-content\/uploads\/2026\/02\/Kirkon-ulkomaanapu-logo-1.png","width":225,"height":225,"caption":"Kirkon Ulkomaanapu"},"image":{"@id":"https:\/\/www.kirkonulkomaanapu.fi\/#\/schema\/logo\/image\/"},"sameAs":["https:\/\/www.facebook.com\/Ulkomaanapu\/","https:\/\/www.youtube.com\/user\/kirkonulkomaanapu","https:\/\/instagram.com\/kirkon_ulkomaanapu\/","https:\/\/www.linkedin.com\/company\/finn-church-aid\/"]}]}},"_links":{"self":[{"href":"https:\/\/www.kirkonulkomaanapu.fi\/en\/wp-json\/wp\/v2\/pages\/80679","targetHints":{"allow":["GET"]}}],"collection":[{"href":"https:\/\/www.kirkonulkomaanapu.fi\/en\/wp-json\/wp\/v2\/pages"}],"about":[{"href":"https:\/\/www.kirkonulkomaanapu.fi\/en\/wp-json\/wp\/v2\/types\/page"}],"author":[{"embeddable":true,"href":"https:\/\/www.kirkonulkomaanapu.fi\/en\/wp-json\/wp\/v2\/users\/77"}],"replies":[{"embeddable":true,"href":"https:\/\/www.kirkonulkomaanapu.fi\/en\/wp-json\/wp\/v2\/comments?post=80679"}],"version-history":[{"count":3,"href":"https:\/\/www.kirkonulkomaanapu.fi\/en\/wp-json\/wp\/v2\/pages\/80679\/revisions"}],"predecessor-version":[{"id":88198,"href":"https:\/\/www.kirkonulkomaanapu.fi\/en\/wp-json\/wp\/v2\/pages\/80679\/revisions\/88198"}],"up":[{"embeddable":true,"href":"https:\/\/www.kirkonulkomaanapu.fi\/en\/wp-json\/wp\/v2\/pages\/79519"}],"wp:attachment":[{"href":"https:\/\/www.kirkonulkomaanapu.fi\/en\/wp-json\/wp\/v2\/media?parent=80679"}],"curies":[{"name":"wp","href":"https:\/\/api.w.org\/{rel}","templated":true}]}}