{"id":80673,"date":"2017-05-11T10:36:09","date_gmt":"2017-05-11T07:36:09","guid":{"rendered":"https:\/\/www.kirkonulkomaanapu.fi\/en\/?page_id=80673"},"modified":"2017-05-11T10:45:58","modified_gmt":"2017-05-11T07:45:58","slug":"foreign-commonwealth-office-fco","status":"publish","type":"page","link":"https:\/\/www.kirkonulkomaanapu.fi\/en\/us\/donors\/international-donors\/foreign-commonwealth-office-fco\/","title":{"rendered":"Foreign &#038; Commonwealth Office (FCO)"},"content":{"rendered":"<p>The Foreign and Commonwealth Office (FCO) is a department of the Government of the United Kingdom. FCO uses its overseas aid budget to support and deliver the 4 strategic objectives of the UK government\u2019s 2015 Aid Strategy:<\/p>\n<ol>\n<li>strengthening global peace, security and governance<\/li>\n<li>strengthening resilience and response to crises<\/li>\n<li>promoting global prosperity<\/li>\n<li>tackling extreme poverty and helping the world\u2019s most vulnerable.<\/li>\n<\/ol>\n","protected":false},"excerpt":{"rendered":"<p>The Foreign and Commonwealth Office (FCO) is a department of the Government of the United Kingdom. FCO uses its overseas aid budget to support and deliver the 4 strategic objectives of the UK government\u2019s 2015 Aid Strategy: strengthening global peace, security and governance strengthening resilience and response to crises promoting global prosperity tackling extreme poverty [&hellip;]<\/p>\n","protected":false},"author":77,"featured_media":0,"parent":2818,"menu_order":0,"comment_status":"closed","ping_status":"closed","template":"page-templates\/doners.php","meta":{"_acf_changed":false,"_relevanssi_hide_post":"","_relevanssi_hide_content":"","_relevanssi_pin_for_all":"","_relevanssi_pin_keywords":"","_relevanssi_unpin_keywords":"","_relevanssi_related_keywords":"","_relevanssi_related_include_ids":"","_relevanssi_related_exclude_ids":"","_relevanssi_related_no_append":"","_relevanssi_related_not_related":"","_relevanssi_related_posts":"","_relevanssi_noindex_reason":"","_improvement_type_select":"improve_an_existing","_thumb_yes_seoaic":false,"_frame_yes_seoaic":false,"seoaic_generate_description":"","seoaic_improve_instructions_prompt":"","seoaic_rollback_content_improvement":"","seoaic_idea_thumbnail_generator":"","thumbnail_generated":false,"thumbnail_generate_prompt":"","seoaic_article_description":"","footnotes":""},"class_list":["post-80673","page","type-page","status-publish","hentry"],"acf":[],"yoast_head":"<!-- This site is optimized with the Yoast SEO plugin v26.9 - https:\/\/yoast.com\/product\/yoast-seo-wordpress\/ -->\n<title>Foreign &amp; Commonwealth Office (FCO) - FCA Finn Church Aid<\/title>\n<meta name=\"robots\" content=\"index, follow, max-snippet:-1, max-image-preview:large, max-video-preview:-1\" \/>\n<link rel=\"canonical\" href=\"https:\/\/www.kirkonulkomaanapu.fi\/en\/us\/donors\/international-donors\/foreign-commonwealth-office-fco\/\" \/>\n<meta property=\"og:locale\" content=\"en_US\" \/>\n<meta property=\"og:type\" content=\"article\" \/>\n<meta property=\"og:title\" content=\"Foreign &amp; Commonwealth Office (FCO) - FCA Finn Church Aid\" \/>\n<meta property=\"og:description\" content=\"The Foreign and Commonwealth Office (FCO) is a department of the Government of the United Kingdom. FCO uses its overseas aid budget to support and deliver the 4 strategic objectives of the UK government\u2019s 2015 Aid Strategy: strengthening global peace, security and governance strengthening resilience and response to crises promoting global prosperity tackling extreme poverty [&hellip;]\" \/>\n<meta property=\"og:url\" content=\"https:\/\/www.kirkonulkomaanapu.fi\/en\/us\/donors\/international-donors\/foreign-commonwealth-office-fco\/\" \/>\n<meta property=\"og:site_name\" content=\"FCA Finn Church Aid\" \/>\n<meta property=\"article:publisher\" content=\"https:\/\/www.facebook.com\/Ulkomaanapu\/\" \/>\n<meta property=\"article:modified_time\" content=\"2017-05-11T07:45:58+00:00\" \/>\n<meta property=\"og:image\" content=\"https:\/\/www.kirkonulkomaanapu.fi\/wp-content\/uploads\/2026\/02\/Kirkon-ulkomaanapu-logo.png\" \/>\n\t<meta property=\"og:image:width\" content=\"225\" \/>\n\t<meta property=\"og:image:height\" content=\"225\" \/>\n\t<meta property=\"og:image:type\" content=\"image\/png\" \/>\n<script type=\"application\/ld+json\" class=\"yoast-schema-graph\">{\"@context\":\"https:\/\/schema.org\",\"@graph\":[{\"@type\":\"WebPage\",\"@id\":\"https:\/\/www.kirkonulkomaanapu.fi\/en\/us\/donors\/international-donors\/foreign-commonwealth-office-fco\/\",\"url\":\"https:\/\/www.kirkonulkomaanapu.fi\/en\/us\/donors\/international-donors\/foreign-commonwealth-office-fco\/\",\"name\":\"Foreign & Commonwealth Office (FCO) - FCA Finn Church Aid\",\"isPartOf\":{\"@id\":\"https:\/\/www.kirkonulkomaanapu.fi\/#website\"},\"datePublished\":\"2017-05-11T07:36:09+00:00\",\"dateModified\":\"2017-05-11T07:45:58+00:00\",\"breadcrumb\":{\"@id\":\"https:\/\/www.kirkonulkomaanapu.fi\/en\/us\/donors\/international-donors\/foreign-commonwealth-office-fco\/#breadcrumb\"},\"inLanguage\":\"en-US\",\"potentialAction\":[{\"@type\":\"ReadAction\",\"target\":[\"https:\/\/www.kirkonulkomaanapu.fi\/en\/us\/donors\/international-donors\/foreign-commonwealth-office-fco\/\"]}]},{\"@type\":\"BreadcrumbList\",\"@id\":\"https:\/\/www.kirkonulkomaanapu.fi\/en\/us\/donors\/international-donors\/foreign-commonwealth-office-fco\/#breadcrumb\",\"itemListElement\":[{\"@type\":\"ListItem\",\"position\":1,\"name\":\"Home\",\"item\":\"https:\/\/www.kirkonulkomaanapu.fi\/en\/\"},{\"@type\":\"ListItem\",\"position\":2,\"name\":\"About us\",\"item\":\"https:\/\/www.kirkonulkomaanapu.fi\/en\/us\/\"},{\"@type\":\"ListItem\",\"position\":3,\"name\":\"Donors\",\"item\":\"https:\/\/www.fcakenya.co.ke\/?page_id=2816\"},{\"@type\":\"ListItem\",\"position\":4,\"name\":\"International donors\",\"item\":\"https:\/\/www.fcakenya.co.ke\/?page_id=2818\"},{\"@type\":\"ListItem\",\"position\":5,\"name\":\"Foreign &#038; Commonwealth Office (FCO)\"}]},{\"@type\":\"WebSite\",\"@id\":\"https:\/\/www.kirkonulkomaanapu.fi\/#website\",\"url\":\"https:\/\/www.kirkonulkomaanapu.fi\/\",\"name\":\"Kirkon Ulkomaanapu\",\"description\":\"Suomen suurin kehitysyhteisty\u00f6j\u00e4rjest\u00f6\",\"publisher\":{\"@id\":\"https:\/\/www.kirkonulkomaanapu.fi\/#organization\"},\"alternateName\":\"KUA\",\"potentialAction\":[{\"@type\":\"SearchAction\",\"target\":{\"@type\":\"EntryPoint\",\"urlTemplate\":\"https:\/\/www.kirkonulkomaanapu.fi\/?s={search_term_string}\"},\"query-input\":{\"@type\":\"PropertyValueSpecification\",\"valueRequired\":true,\"valueName\":\"search_term_string\"}}],\"inLanguage\":\"en-US\"},{\"@type\":\"Organization\",\"@id\":\"https:\/\/www.kirkonulkomaanapu.fi\/#organization\",\"name\":\"Kirkon Ulkomaanapu\",\"alternateName\":\"KUA\",\"url\":\"https:\/\/www.kirkonulkomaanapu.fi\/\",\"logo\":{\"@type\":\"ImageObject\",\"inLanguage\":\"en-US\",\"@id\":\"https:\/\/www.kirkonulkomaanapu.fi\/#\/schema\/logo\/image\/\",\"url\":\"https:\/\/www.kirkonulkomaanapu.fi\/wp-content\/uploads\/2026\/02\/Kirkon-ulkomaanapu-logo-1.png\",\"contentUrl\":\"https:\/\/www.kirkonulkomaanapu.fi\/wp-content\/uploads\/2026\/02\/Kirkon-ulkomaanapu-logo-1.png\",\"width\":225,\"height\":225,\"caption\":\"Kirkon Ulkomaanapu\"},\"image\":{\"@id\":\"https:\/\/www.kirkonulkomaanapu.fi\/#\/schema\/logo\/image\/\"},\"sameAs\":[\"https:\/\/www.facebook.com\/Ulkomaanapu\/\",\"https:\/\/www.youtube.com\/user\/kirkonulkomaanapu\",\"https:\/\/instagram.com\/kirkon_ulkomaanapu\/\",\"https:\/\/www.linkedin.com\/company\/finn-church-aid\/\"]}]}<\/script>\n<!-- \/ Yoast SEO plugin. -->","yoast_head_json":{"title":"Foreign & Commonwealth Office (FCO) - FCA Finn Church Aid","robots":{"index":"index","follow":"follow","max-snippet":"max-snippet:-1","max-image-preview":"max-image-preview:large","max-video-preview":"max-video-preview:-1"},"canonical":"https:\/\/www.kirkonulkomaanapu.fi\/en\/us\/donors\/international-donors\/foreign-commonwealth-office-fco\/","og_locale":"en_US","og_type":"article","og_title":"Foreign & Commonwealth Office (FCO) - FCA Finn Church Aid","og_description":"The Foreign and Commonwealth Office (FCO) is a department of the Government of the United Kingdom. FCO uses its overseas aid budget to support and deliver the 4 strategic objectives of the UK government\u2019s 2015 Aid Strategy: strengthening global peace, security and governance strengthening resilience and response to crises promoting global prosperity tackling extreme poverty [&hellip;]","og_url":"https:\/\/www.kirkonulkomaanapu.fi\/en\/us\/donors\/international-donors\/foreign-commonwealth-office-fco\/","og_site_name":"FCA Finn Church Aid","article_publisher":"https:\/\/www.facebook.com\/Ulkomaanapu\/","article_modified_time":"2017-05-11T07:45:58+00:00","og_image":[{"width":225,"height":225,"url":"https:\/\/www.kirkonulkomaanapu.fi\/wp-content\/uploads\/2026\/02\/Kirkon-ulkomaanapu-logo.png","type":"image\/png"}],"schema":{"@context":"https:\/\/schema.org","@graph":[{"@type":"WebPage","@id":"https:\/\/www.kirkonulkomaanapu.fi\/en\/us\/donors\/international-donors\/foreign-commonwealth-office-fco\/","url":"https:\/\/www.kirkonulkomaanapu.fi\/en\/us\/donors\/international-donors\/foreign-commonwealth-office-fco\/","name":"Foreign & Commonwealth Office (FCO) - FCA Finn Church Aid","isPartOf":{"@id":"https:\/\/www.kirkonulkomaanapu.fi\/#website"},"datePublished":"2017-05-11T07:36:09+00:00","dateModified":"2017-05-11T07:45:58+00:00","breadcrumb":{"@id":"https:\/\/www.kirkonulkomaanapu.fi\/en\/us\/donors\/international-donors\/foreign-commonwealth-office-fco\/#breadcrumb"},"inLanguage":"en-US","potentialAction":[{"@type":"ReadAction","target":["https:\/\/www.kirkonulkomaanapu.fi\/en\/us\/donors\/international-donors\/foreign-commonwealth-office-fco\/"]}]},{"@type":"BreadcrumbList","@id":"https:\/\/www.kirkonulkomaanapu.fi\/en\/us\/donors\/international-donors\/foreign-commonwealth-office-fco\/#breadcrumb","itemListElement":[{"@type":"ListItem","position":1,"name":"Home","item":"https:\/\/www.kirkonulkomaanapu.fi\/en\/"},{"@type":"ListItem","position":2,"name":"About us","item":"https:\/\/www.kirkonulkomaanapu.fi\/en\/us\/"},{"@type":"ListItem","position":3,"name":"Donors","item":"https:\/\/www.fcakenya.co.ke\/?page_id=2816"},{"@type":"ListItem","position":4,"name":"International donors","item":"https:\/\/www.fcakenya.co.ke\/?page_id=2818"},{"@type":"ListItem","position":5,"name":"Foreign &#038; Commonwealth Office (FCO)"}]},{"@type":"WebSite","@id":"https:\/\/www.kirkonulkomaanapu.fi\/#website","url":"https:\/\/www.kirkonulkomaanapu.fi\/","name":"Kirkon Ulkomaanapu","description":"Suomen suurin kehitysyhteisty\u00f6j\u00e4rjest\u00f6","publisher":{"@id":"https:\/\/www.kirkonulkomaanapu.fi\/#organization"},"alternateName":"KUA","potentialAction":[{"@type":"SearchAction","target":{"@type":"EntryPoint","urlTemplate":"https:\/\/www.kirkonulkomaanapu.fi\/?s={search_term_string}"},"query-input":{"@type":"PropertyValueSpecification","valueRequired":true,"valueName":"search_term_string"}}],"inLanguage":"en-US"},{"@type":"Organization","@id":"https:\/\/www.kirkonulkomaanapu.fi\/#organization","name":"Kirkon Ulkomaanapu","alternateName":"KUA","url":"https:\/\/www.kirkonulkomaanapu.fi\/","logo":{"@type":"ImageObject","inLanguage":"en-US","@id":"https:\/\/www.kirkonulkomaanapu.fi\/#\/schema\/logo\/image\/","url":"https:\/\/www.kirkonulkomaanapu.fi\/wp-content\/uploads\/2026\/02\/Kirkon-ulkomaanapu-logo-1.png","contentUrl":"https:\/\/www.kirkonulkomaanapu.fi\/wp-content\/uploads\/2026\/02\/Kirkon-ulkomaanapu-logo-1.png","width":225,"height":225,"caption":"Kirkon Ulkomaanapu"},"image":{"@id":"https:\/\/www.kirkonulkomaanapu.fi\/#\/schema\/logo\/image\/"},"sameAs":["https:\/\/www.facebook.com\/Ulkomaanapu\/","https:\/\/www.youtube.com\/user\/kirkonulkomaanapu","https:\/\/instagram.com\/kirkon_ulkomaanapu\/","https:\/\/www.linkedin.com\/company\/finn-church-aid\/"]}]}},"_links":{"self":[{"href":"https:\/\/www.kirkonulkomaanapu.fi\/en\/wp-json\/wp\/v2\/pages\/80673","targetHints":{"allow":["GET"]}}],"collection":[{"href":"https:\/\/www.kirkonulkomaanapu.fi\/en\/wp-json\/wp\/v2\/pages"}],"about":[{"href":"https:\/\/www.kirkonulkomaanapu.fi\/en\/wp-json\/wp\/v2\/types\/page"}],"author":[{"embeddable":true,"href":"https:\/\/www.kirkonulkomaanapu.fi\/en\/wp-json\/wp\/v2\/users\/77"}],"replies":[{"embeddable":true,"href":"https:\/\/www.kirkonulkomaanapu.fi\/en\/wp-json\/wp\/v2\/comments?post=80673"}],"version-history":[{"count":2,"href":"https:\/\/www.kirkonulkomaanapu.fi\/en\/wp-json\/wp\/v2\/pages\/80673\/revisions"}],"predecessor-version":[{"id":80678,"href":"https:\/\/www.kirkonulkomaanapu.fi\/en\/wp-json\/wp\/v2\/pages\/80673\/revisions\/80678"}],"up":[{"embeddable":true,"href":"https:\/\/www.kirkonulkomaanapu.fi\/en\/wp-json\/wp\/v2\/pages\/2818"}],"wp:attachment":[{"href":"https:\/\/www.kirkonulkomaanapu.fi\/en\/wp-json\/wp\/v2\/media?parent=80673"}],"curies":[{"name":"wp","href":"https:\/\/api.w.org\/{rel}","templated":true}]}}