{"id":79530,"date":"2017-03-02T12:44:12","date_gmt":"2017-03-02T10:44:12","guid":{"rendered":"https:\/\/www.kirkonulkomaanapu.fi\/en\/?page_id=79530"},"modified":"2017-03-02T12:44:12","modified_gmt":"2017-03-02T10:44:12","slug":"finnish-language-says-welcome-suomen-kieli-sanoo-tervetuloa-project-finland","status":"publish","type":"page","link":"https:\/\/www.kirkonulkomaanapu.fi\/en\/us\/donors\/international-donors\/eu-dg-home\/finnish-language-says-welcome-suomen-kieli-sanoo-tervetuloa-project-finland\/","title":{"rendered":"Finnish Language Says Welcome \u2013 Suomen kieli sanoo tervetuloa! project in Finland"},"content":{"rendered":"<p><img loading=\"lazy\" decoding=\"async\" class=\"alignright wp-image-79521\" src=\"https:\/\/www.kirkonulkomaanapu.fi\/wp-content\/uploads\/2017\/03\/AMIF_fi_v_jpg-480x264.jpg\" width=\"289\" height=\"159\" srcset=\"https:\/\/www.kirkonulkomaanapu.fi\/wp-content\/uploads\/2017\/03\/AMIF_fi_v_jpg-480x264.jpg 480w, https:\/\/www.kirkonulkomaanapu.fi\/wp-content\/uploads\/2017\/03\/AMIF_fi_v_jpg-768x422.jpg 768w, https:\/\/www.kirkonulkomaanapu.fi\/wp-content\/uploads\/2017\/03\/AMIF_fi_v_jpg-1024x563.jpg 1024w, https:\/\/www.kirkonulkomaanapu.fi\/wp-content\/uploads\/2017\/03\/AMIF_fi_v_jpg-316x174.jpg 316w, https:\/\/www.kirkonulkomaanapu.fi\/wp-content\/uploads\/2017\/03\/AMIF_fi_v_jpg.jpg 1038w\" sizes=\"auto, (max-width: 289px) 100vw, 289px\" \/>Finnish Language Says Welcome project is a co-operation of Finn Church Aid, Teachers without Borders and University of Helsinki. The project supports language teaching in reception centers all around Finland by offering a special language teaching method especially designed for vulnerable learners and volunteer language teaching.<\/p>\n<p>In addition to training and coordinating volunteer work, the project develops new language teaching material and supports different group activities for asylum seekers. The work is directed by a steering committee represented by Finn Church Aid, Teachers without Borders, University of Helsinki, Finnish Immigration Service and Support for Asylum Seekers (Turvapaikanhakijoiden Tuki ry).<\/p>\n<p>The project\u2019s duration is 1 July 2016 &#8211;\u00a0 31 June 2018. It is funded by EU Home Affairs Fund (Asylum, Migration and Integration Fund AMIF). Total project budget is 124 880 \u20ac , of which EU funding is 75% and FCA co-funding 25%.<\/p>\n","protected":false},"excerpt":{"rendered":"<p>Finnish Language Says Welcome project is a co-operation of Finn Church Aid, Teachers without Borders and University of Helsinki. The project supports language teaching in reception centers all around Finland by offering a special language teaching method especially designed for vulnerable learners and volunteer language teaching. In addition to training and coordinating volunteer work, the [&hellip;]<\/p>\n","protected":false},"author":77,"featured_media":0,"parent":79519,"menu_order":0,"comment_status":"closed","ping_status":"closed","template":"page-templates\/project.php","meta":{"_acf_changed":false,"_relevanssi_hide_post":"","_relevanssi_hide_content":"","_relevanssi_pin_for_all":"","_relevanssi_pin_keywords":"","_relevanssi_unpin_keywords":"","_relevanssi_related_keywords":"","_relevanssi_related_include_ids":"","_relevanssi_related_exclude_ids":"","_relevanssi_related_no_append":"","_relevanssi_related_not_related":"","_relevanssi_related_posts":"","_relevanssi_noindex_reason":"","_improvement_type_select":"improve_an_existing","_thumb_yes_seoaic":false,"_frame_yes_seoaic":false,"seoaic_generate_description":"","seoaic_improve_instructions_prompt":"","seoaic_rollback_content_improvement":"","seoaic_idea_thumbnail_generator":"","thumbnail_generated":false,"thumbnail_generate_prompt":"","seoaic_article_description":"","footnotes":""},"class_list":["post-79530","page","type-page","status-publish","hentry"],"acf":[],"yoast_head":"<!-- This site is optimized with the Yoast SEO plugin v26.9 - https:\/\/yoast.com\/product\/yoast-seo-wordpress\/ -->\n<title>Finnish Language Says Welcome \u2013 Suomen kieli sanoo tervetuloa! project in Finland - FCA Finn Church Aid<\/title>\n<meta name=\"robots\" content=\"index, follow, max-snippet:-1, max-image-preview:large, max-video-preview:-1\" \/>\n<link rel=\"canonical\" href=\"https:\/\/www.kirkonulkomaanapu.fi\/en\/us\/donors\/international-donors\/eu-dg-home\/finnish-language-says-welcome-suomen-kieli-sanoo-tervetuloa-project-finland\/\" \/>\n<meta property=\"og:locale\" content=\"en_US\" \/>\n<meta property=\"og:type\" content=\"article\" \/>\n<meta property=\"og:title\" content=\"Finnish Language Says Welcome \u2013 Suomen kieli sanoo tervetuloa! project in Finland - FCA Finn Church Aid\" \/>\n<meta property=\"og:description\" content=\"Finnish Language Says Welcome project is a co-operation of Finn Church Aid, Teachers without Borders and University of Helsinki. The project supports language teaching in reception centers all around Finland by offering a special language teaching method especially designed for vulnerable learners and volunteer language teaching. In addition to training and coordinating volunteer work, the [&hellip;]\" \/>\n<meta property=\"og:url\" content=\"https:\/\/www.kirkonulkomaanapu.fi\/en\/us\/donors\/international-donors\/eu-dg-home\/finnish-language-says-welcome-suomen-kieli-sanoo-tervetuloa-project-finland\/\" \/>\n<meta property=\"og:site_name\" content=\"FCA Finn Church Aid\" \/>\n<meta property=\"article:publisher\" content=\"https:\/\/www.facebook.com\/Ulkomaanapu\/\" \/>\n<meta property=\"og:image\" content=\"https:\/\/www.kirkonulkomaanapu.fi\/wp-content\/uploads\/2017\/03\/AMIF_fi_v_jpg-480x264.jpg\" \/>\n<meta name=\"twitter:label1\" content=\"Est. reading time\" \/>\n\t<meta name=\"twitter:data1\" content=\"1 minute\" \/>\n<script type=\"application\/ld+json\" class=\"yoast-schema-graph\">{\"@context\":\"https:\/\/schema.org\",\"@graph\":[{\"@type\":\"WebPage\",\"@id\":\"https:\/\/www.kirkonulkomaanapu.fi\/en\/us\/donors\/international-donors\/eu-dg-home\/finnish-language-says-welcome-suomen-kieli-sanoo-tervetuloa-project-finland\/\",\"url\":\"https:\/\/www.kirkonulkomaanapu.fi\/en\/us\/donors\/international-donors\/eu-dg-home\/finnish-language-says-welcome-suomen-kieli-sanoo-tervetuloa-project-finland\/\",\"name\":\"Finnish Language Says Welcome \u2013 Suomen kieli sanoo tervetuloa! project in Finland - FCA Finn Church Aid\",\"isPartOf\":{\"@id\":\"https:\/\/www.kirkonulkomaanapu.fi\/#website\"},\"primaryImageOfPage\":{\"@id\":\"https:\/\/www.kirkonulkomaanapu.fi\/en\/us\/donors\/international-donors\/eu-dg-home\/finnish-language-says-welcome-suomen-kieli-sanoo-tervetuloa-project-finland\/#primaryimage\"},\"image\":{\"@id\":\"https:\/\/www.kirkonulkomaanapu.fi\/en\/us\/donors\/international-donors\/eu-dg-home\/finnish-language-says-welcome-suomen-kieli-sanoo-tervetuloa-project-finland\/#primaryimage\"},\"thumbnailUrl\":\"https:\/\/www.kirkonulkomaanapu.fi\/wp-content\/uploads\/2017\/03\/AMIF_fi_v_jpg-480x264.jpg\",\"datePublished\":\"2017-03-02T10:44:12+00:00\",\"breadcrumb\":{\"@id\":\"https:\/\/www.kirkonulkomaanapu.fi\/en\/us\/donors\/international-donors\/eu-dg-home\/finnish-language-says-welcome-suomen-kieli-sanoo-tervetuloa-project-finland\/#breadcrumb\"},\"inLanguage\":\"en-US\",\"potentialAction\":[{\"@type\":\"ReadAction\",\"target\":[\"https:\/\/www.kirkonulkomaanapu.fi\/en\/us\/donors\/international-donors\/eu-dg-home\/finnish-language-says-welcome-suomen-kieli-sanoo-tervetuloa-project-finland\/\"]}]},{\"@type\":\"ImageObject\",\"inLanguage\":\"en-US\",\"@id\":\"https:\/\/www.kirkonulkomaanapu.fi\/en\/us\/donors\/international-donors\/eu-dg-home\/finnish-language-says-welcome-suomen-kieli-sanoo-tervetuloa-project-finland\/#primaryimage\",\"url\":\"https:\/\/www.kirkonulkomaanapu.fi\/wp-content\/uploads\/2017\/03\/AMIF_fi_v_jpg-480x264.jpg\",\"contentUrl\":\"https:\/\/www.kirkonulkomaanapu.fi\/wp-content\/uploads\/2017\/03\/AMIF_fi_v_jpg-480x264.jpg\"},{\"@type\":\"BreadcrumbList\",\"@id\":\"https:\/\/www.kirkonulkomaanapu.fi\/en\/us\/donors\/international-donors\/eu-dg-home\/finnish-language-says-welcome-suomen-kieli-sanoo-tervetuloa-project-finland\/#breadcrumb\",\"itemListElement\":[{\"@type\":\"ListItem\",\"position\":1,\"name\":\"Home\",\"item\":\"https:\/\/www.kirkonulkomaanapu.fi\/en\/\"},{\"@type\":\"ListItem\",\"position\":2,\"name\":\"About us\",\"item\":\"https:\/\/www.kirkonulkomaanapu.fi\/en\/us\/\"},{\"@type\":\"ListItem\",\"position\":3,\"name\":\"Donors\",\"item\":\"https:\/\/www.fcakenya.co.ke\/?page_id=2816\"},{\"@type\":\"ListItem\",\"position\":4,\"name\":\"International donors\",\"item\":\"https:\/\/www.fcakenya.co.ke\/?page_id=2818\"},{\"@type\":\"ListItem\",\"position\":5,\"name\":\"EU DG HOME\",\"item\":\"https:\/\/www.kirkonulkomaanapu.fi\/en\/us\/donors\/international-donors\/eu-dg-home\/\"},{\"@type\":\"ListItem\",\"position\":6,\"name\":\"Finnish Language Says Welcome \u2013 Suomen kieli sanoo tervetuloa! project in Finland\"}]},{\"@type\":\"WebSite\",\"@id\":\"https:\/\/www.kirkonulkomaanapu.fi\/#website\",\"url\":\"https:\/\/www.kirkonulkomaanapu.fi\/\",\"name\":\"Kirkon Ulkomaanapu\",\"description\":\"Suomen suurin kehitysyhteisty\u00f6j\u00e4rjest\u00f6\",\"publisher\":{\"@id\":\"https:\/\/www.kirkonulkomaanapu.fi\/#organization\"},\"alternateName\":\"KUA\",\"potentialAction\":[{\"@type\":\"SearchAction\",\"target\":{\"@type\":\"EntryPoint\",\"urlTemplate\":\"https:\/\/www.kirkonulkomaanapu.fi\/?s={search_term_string}\"},\"query-input\":{\"@type\":\"PropertyValueSpecification\",\"valueRequired\":true,\"valueName\":\"search_term_string\"}}],\"inLanguage\":\"en-US\"},{\"@type\":\"Organization\",\"@id\":\"https:\/\/www.kirkonulkomaanapu.fi\/#organization\",\"name\":\"Kirkon Ulkomaanapu\",\"alternateName\":\"KUA\",\"url\":\"https:\/\/www.kirkonulkomaanapu.fi\/\",\"logo\":{\"@type\":\"ImageObject\",\"inLanguage\":\"en-US\",\"@id\":\"https:\/\/www.kirkonulkomaanapu.fi\/#\/schema\/logo\/image\/\",\"url\":\"https:\/\/www.kirkonulkomaanapu.fi\/wp-content\/uploads\/2026\/02\/Kirkon-ulkomaanapu-logo-1.png\",\"contentUrl\":\"https:\/\/www.kirkonulkomaanapu.fi\/wp-content\/uploads\/2026\/02\/Kirkon-ulkomaanapu-logo-1.png\",\"width\":225,\"height\":225,\"caption\":\"Kirkon Ulkomaanapu\"},\"image\":{\"@id\":\"https:\/\/www.kirkonulkomaanapu.fi\/#\/schema\/logo\/image\/\"},\"sameAs\":[\"https:\/\/www.facebook.com\/Ulkomaanapu\/\",\"https:\/\/www.youtube.com\/user\/kirkonulkomaanapu\",\"https:\/\/instagram.com\/kirkon_ulkomaanapu\/\",\"https:\/\/www.linkedin.com\/company\/finn-church-aid\/\"]}]}<\/script>\n<!-- \/ Yoast SEO plugin. -->","yoast_head_json":{"title":"Finnish Language Says Welcome \u2013 Suomen kieli sanoo tervetuloa! project in Finland - FCA Finn Church Aid","robots":{"index":"index","follow":"follow","max-snippet":"max-snippet:-1","max-image-preview":"max-image-preview:large","max-video-preview":"max-video-preview:-1"},"canonical":"https:\/\/www.kirkonulkomaanapu.fi\/en\/us\/donors\/international-donors\/eu-dg-home\/finnish-language-says-welcome-suomen-kieli-sanoo-tervetuloa-project-finland\/","og_locale":"en_US","og_type":"article","og_title":"Finnish Language Says Welcome \u2013 Suomen kieli sanoo tervetuloa! project in Finland - FCA Finn Church Aid","og_description":"Finnish Language Says Welcome project is a co-operation of Finn Church Aid, Teachers without Borders and University of Helsinki. The project supports language teaching in reception centers all around Finland by offering a special language teaching method especially designed for vulnerable learners and volunteer language teaching. In addition to training and coordinating volunteer work, the [&hellip;]","og_url":"https:\/\/www.kirkonulkomaanapu.fi\/en\/us\/donors\/international-donors\/eu-dg-home\/finnish-language-says-welcome-suomen-kieli-sanoo-tervetuloa-project-finland\/","og_site_name":"FCA Finn Church Aid","article_publisher":"https:\/\/www.facebook.com\/Ulkomaanapu\/","og_image":[{"url":"https:\/\/www.kirkonulkomaanapu.fi\/wp-content\/uploads\/2017\/03\/AMIF_fi_v_jpg-480x264.jpg","type":"","width":"","height":""}],"twitter_misc":{"Est. reading time":"1 minute"},"schema":{"@context":"https:\/\/schema.org","@graph":[{"@type":"WebPage","@id":"https:\/\/www.kirkonulkomaanapu.fi\/en\/us\/donors\/international-donors\/eu-dg-home\/finnish-language-says-welcome-suomen-kieli-sanoo-tervetuloa-project-finland\/","url":"https:\/\/www.kirkonulkomaanapu.fi\/en\/us\/donors\/international-donors\/eu-dg-home\/finnish-language-says-welcome-suomen-kieli-sanoo-tervetuloa-project-finland\/","name":"Finnish Language Says Welcome \u2013 Suomen kieli sanoo tervetuloa! project in Finland - FCA Finn Church Aid","isPartOf":{"@id":"https:\/\/www.kirkonulkomaanapu.fi\/#website"},"primaryImageOfPage":{"@id":"https:\/\/www.kirkonulkomaanapu.fi\/en\/us\/donors\/international-donors\/eu-dg-home\/finnish-language-says-welcome-suomen-kieli-sanoo-tervetuloa-project-finland\/#primaryimage"},"image":{"@id":"https:\/\/www.kirkonulkomaanapu.fi\/en\/us\/donors\/international-donors\/eu-dg-home\/finnish-language-says-welcome-suomen-kieli-sanoo-tervetuloa-project-finland\/#primaryimage"},"thumbnailUrl":"https:\/\/www.kirkonulkomaanapu.fi\/wp-content\/uploads\/2017\/03\/AMIF_fi_v_jpg-480x264.jpg","datePublished":"2017-03-02T10:44:12+00:00","breadcrumb":{"@id":"https:\/\/www.kirkonulkomaanapu.fi\/en\/us\/donors\/international-donors\/eu-dg-home\/finnish-language-says-welcome-suomen-kieli-sanoo-tervetuloa-project-finland\/#breadcrumb"},"inLanguage":"en-US","potentialAction":[{"@type":"ReadAction","target":["https:\/\/www.kirkonulkomaanapu.fi\/en\/us\/donors\/international-donors\/eu-dg-home\/finnish-language-says-welcome-suomen-kieli-sanoo-tervetuloa-project-finland\/"]}]},{"@type":"ImageObject","inLanguage":"en-US","@id":"https:\/\/www.kirkonulkomaanapu.fi\/en\/us\/donors\/international-donors\/eu-dg-home\/finnish-language-says-welcome-suomen-kieli-sanoo-tervetuloa-project-finland\/#primaryimage","url":"https:\/\/www.kirkonulkomaanapu.fi\/wp-content\/uploads\/2017\/03\/AMIF_fi_v_jpg-480x264.jpg","contentUrl":"https:\/\/www.kirkonulkomaanapu.fi\/wp-content\/uploads\/2017\/03\/AMIF_fi_v_jpg-480x264.jpg"},{"@type":"BreadcrumbList","@id":"https:\/\/www.kirkonulkomaanapu.fi\/en\/us\/donors\/international-donors\/eu-dg-home\/finnish-language-says-welcome-suomen-kieli-sanoo-tervetuloa-project-finland\/#breadcrumb","itemListElement":[{"@type":"ListItem","position":1,"name":"Home","item":"https:\/\/www.kirkonulkomaanapu.fi\/en\/"},{"@type":"ListItem","position":2,"name":"About us","item":"https:\/\/www.kirkonulkomaanapu.fi\/en\/us\/"},{"@type":"ListItem","position":3,"name":"Donors","item":"https:\/\/www.fcakenya.co.ke\/?page_id=2816"},{"@type":"ListItem","position":4,"name":"International donors","item":"https:\/\/www.fcakenya.co.ke\/?page_id=2818"},{"@type":"ListItem","position":5,"name":"EU DG HOME","item":"https:\/\/www.kirkonulkomaanapu.fi\/en\/us\/donors\/international-donors\/eu-dg-home\/"},{"@type":"ListItem","position":6,"name":"Finnish Language Says Welcome \u2013 Suomen kieli sanoo tervetuloa! project in Finland"}]},{"@type":"WebSite","@id":"https:\/\/www.kirkonulkomaanapu.fi\/#website","url":"https:\/\/www.kirkonulkomaanapu.fi\/","name":"Kirkon Ulkomaanapu","description":"Suomen suurin kehitysyhteisty\u00f6j\u00e4rjest\u00f6","publisher":{"@id":"https:\/\/www.kirkonulkomaanapu.fi\/#organization"},"alternateName":"KUA","potentialAction":[{"@type":"SearchAction","target":{"@type":"EntryPoint","urlTemplate":"https:\/\/www.kirkonulkomaanapu.fi\/?s={search_term_string}"},"query-input":{"@type":"PropertyValueSpecification","valueRequired":true,"valueName":"search_term_string"}}],"inLanguage":"en-US"},{"@type":"Organization","@id":"https:\/\/www.kirkonulkomaanapu.fi\/#organization","name":"Kirkon Ulkomaanapu","alternateName":"KUA","url":"https:\/\/www.kirkonulkomaanapu.fi\/","logo":{"@type":"ImageObject","inLanguage":"en-US","@id":"https:\/\/www.kirkonulkomaanapu.fi\/#\/schema\/logo\/image\/","url":"https:\/\/www.kirkonulkomaanapu.fi\/wp-content\/uploads\/2026\/02\/Kirkon-ulkomaanapu-logo-1.png","contentUrl":"https:\/\/www.kirkonulkomaanapu.fi\/wp-content\/uploads\/2026\/02\/Kirkon-ulkomaanapu-logo-1.png","width":225,"height":225,"caption":"Kirkon Ulkomaanapu"},"image":{"@id":"https:\/\/www.kirkonulkomaanapu.fi\/#\/schema\/logo\/image\/"},"sameAs":["https:\/\/www.facebook.com\/Ulkomaanapu\/","https:\/\/www.youtube.com\/user\/kirkonulkomaanapu","https:\/\/instagram.com\/kirkon_ulkomaanapu\/","https:\/\/www.linkedin.com\/company\/finn-church-aid\/"]}]}},"_links":{"self":[{"href":"https:\/\/www.kirkonulkomaanapu.fi\/en\/wp-json\/wp\/v2\/pages\/79530","targetHints":{"allow":["GET"]}}],"collection":[{"href":"https:\/\/www.kirkonulkomaanapu.fi\/en\/wp-json\/wp\/v2\/pages"}],"about":[{"href":"https:\/\/www.kirkonulkomaanapu.fi\/en\/wp-json\/wp\/v2\/types\/page"}],"author":[{"embeddable":true,"href":"https:\/\/www.kirkonulkomaanapu.fi\/en\/wp-json\/wp\/v2\/users\/77"}],"replies":[{"embeddable":true,"href":"https:\/\/www.kirkonulkomaanapu.fi\/en\/wp-json\/wp\/v2\/comments?post=79530"}],"version-history":[{"count":2,"href":"https:\/\/www.kirkonulkomaanapu.fi\/en\/wp-json\/wp\/v2\/pages\/79530\/revisions"}],"predecessor-version":[{"id":79532,"href":"https:\/\/www.kirkonulkomaanapu.fi\/en\/wp-json\/wp\/v2\/pages\/79530\/revisions\/79532"}],"up":[{"embeddable":true,"href":"https:\/\/www.kirkonulkomaanapu.fi\/en\/wp-json\/wp\/v2\/pages\/79519"}],"wp:attachment":[{"href":"https:\/\/www.kirkonulkomaanapu.fi\/en\/wp-json\/wp\/v2\/media?parent=79530"}],"curies":[{"name":"wp","href":"https:\/\/api.w.org\/{rel}","templated":true}]}}