{"id":79519,"date":"2017-03-02T12:36:37","date_gmt":"2017-03-02T10:36:37","guid":{"rendered":"https:\/\/www.kirkonulkomaanapu.fi\/en\/?page_id=79519"},"modified":"2020-09-01T13:03:12","modified_gmt":"2020-09-01T10:03:12","slug":"eu-dg-home","status":"publish","type":"page","link":"https:\/\/www.kirkonulkomaanapu.fi\/en\/us\/donors\/international-donors\/eu-dg-home\/","title":{"rendered":"EU DG HOME"},"content":{"rendered":"<p><img loading=\"lazy\" decoding=\"async\" class=\"alignright wp-image-79524\" src=\"https:\/\/www.kirkonulkomaanapu.fi\/wp-content\/uploads\/2017\/03\/flag_yellow_low-480x321.jpg\" width=\"168\" height=\"112\" srcset=\"https:\/\/www.kirkonulkomaanapu.fi\/wp-content\/uploads\/2017\/03\/flag_yellow_low-480x321.jpg 480w, https:\/\/www.kirkonulkomaanapu.fi\/wp-content\/uploads\/2017\/03\/flag_yellow_low-266x178.jpg 266w, https:\/\/www.kirkonulkomaanapu.fi\/wp-content\/uploads\/2017\/03\/flag_yellow_low.jpg 600w\" sizes=\"auto, (max-width: 168px) 100vw, 168px\" \/>European Commission\u2019s Directorate-General HOME is a department responsible for EU policy on Migration and Home Affairs.<\/p>\n<p>Two EU Home Affairs Funds have been established for the programming period 2014\u20132020: the Asylum, Migration and Integration Fund (AMIF) and the Internal Security Fund (ISF). The ISF comprises the instrument for financial support for external borders and visa, and the instrument for financial support for police cooperation, preventing and combating crime, and crisis management. The purpose of these Funds is to further develop the area of freedom, security and justice without borders.<\/p>\n<p>In Finland, the Ministry of the Interior is the national authority responsible for the management and control of EU Home Affairs Funds. The Ministry coordinates the preparation of the national programmes and detailed implementation plans through which the funds are implemented. The programmes set out national objectives for the funds, actions to be financed under them and the distribution criteria. The national programmes cover the 2014\u20132020 programming period. It is estimated that Finland will receive up to 113 million euros in funding during the programming period.<\/p>\n","protected":false},"excerpt":{"rendered":"<p>European Commission\u2019s Directorate-General HOME is a department responsible for EU policy on Migration and Home Affairs. Two EU Home Affairs Funds have been established for the programming period 2014\u20132020: the Asylum, Migration and Integration Fund (AMIF) and the Internal Security Fund (ISF). The ISF comprises the instrument for financial support for external borders and visa, [&hellip;]<\/p>\n","protected":false},"author":77,"featured_media":0,"parent":2818,"menu_order":0,"comment_status":"closed","ping_status":"closed","template":"page-templates\/doners.php","meta":{"_acf_changed":false,"_relevanssi_hide_post":"","_relevanssi_hide_content":"","_relevanssi_pin_for_all":"","_relevanssi_pin_keywords":"","_relevanssi_unpin_keywords":"","_relevanssi_related_keywords":"","_relevanssi_related_include_ids":"","_relevanssi_related_exclude_ids":"","_relevanssi_related_no_append":"","_relevanssi_related_not_related":"","_relevanssi_related_posts":"","_relevanssi_noindex_reason":"","_improvement_type_select":"improve_an_existing","_thumb_yes_seoaic":false,"_frame_yes_seoaic":false,"seoaic_generate_description":"","seoaic_improve_instructions_prompt":"","seoaic_rollback_content_improvement":"","seoaic_idea_thumbnail_generator":"","thumbnail_generated":false,"thumbnail_generate_prompt":"","seoaic_article_description":"","footnotes":""},"class_list":["post-79519","page","type-page","status-publish","hentry"],"acf":[],"yoast_head":"<!-- This site is optimized with the Yoast SEO plugin v26.9 - https:\/\/yoast.com\/product\/yoast-seo-wordpress\/ -->\n<title>EU DG HOME - FCA Finn Church Aid<\/title>\n<meta name=\"robots\" content=\"index, follow, max-snippet:-1, max-image-preview:large, max-video-preview:-1\" \/>\n<link rel=\"canonical\" href=\"https:\/\/www.kirkonulkomaanapu.fi\/en\/us\/donors\/international-donors\/eu-dg-home\/\" \/>\n<meta property=\"og:locale\" content=\"en_US\" \/>\n<meta property=\"og:type\" content=\"article\" \/>\n<meta property=\"og:title\" content=\"EU DG HOME - FCA Finn Church Aid\" \/>\n<meta property=\"og:description\" content=\"European Commission\u2019s Directorate-General HOME is a department responsible for EU policy on Migration and Home Affairs. Two EU Home Affairs Funds have been established for the programming period 2014\u20132020: the Asylum, Migration and Integration Fund (AMIF) and the Internal Security Fund (ISF). The ISF comprises the instrument for financial support for external borders and visa, [&hellip;]\" \/>\n<meta property=\"og:url\" content=\"https:\/\/www.kirkonulkomaanapu.fi\/en\/us\/donors\/international-donors\/eu-dg-home\/\" \/>\n<meta property=\"og:site_name\" content=\"FCA Finn Church Aid\" \/>\n<meta property=\"article:publisher\" content=\"https:\/\/www.facebook.com\/Ulkomaanapu\/\" \/>\n<meta property=\"article:modified_time\" content=\"2020-09-01T10:03:12+00:00\" \/>\n<meta property=\"og:image\" content=\"https:\/\/www.kirkonulkomaanapu.fi\/wp-content\/uploads\/2017\/03\/flag_yellow_low-480x321.jpg\" \/>\n<meta name=\"twitter:label1\" content=\"Est. reading time\" \/>\n\t<meta name=\"twitter:data1\" content=\"1 minute\" \/>\n<script type=\"application\/ld+json\" class=\"yoast-schema-graph\">{\"@context\":\"https:\/\/schema.org\",\"@graph\":[{\"@type\":\"WebPage\",\"@id\":\"https:\/\/www.kirkonulkomaanapu.fi\/en\/us\/donors\/international-donors\/eu-dg-home\/\",\"url\":\"https:\/\/www.kirkonulkomaanapu.fi\/en\/us\/donors\/international-donors\/eu-dg-home\/\",\"name\":\"EU DG HOME - FCA Finn Church Aid\",\"isPartOf\":{\"@id\":\"https:\/\/www.kirkonulkomaanapu.fi\/#website\"},\"primaryImageOfPage\":{\"@id\":\"https:\/\/www.kirkonulkomaanapu.fi\/en\/us\/donors\/international-donors\/eu-dg-home\/#primaryimage\"},\"image\":{\"@id\":\"https:\/\/www.kirkonulkomaanapu.fi\/en\/us\/donors\/international-donors\/eu-dg-home\/#primaryimage\"},\"thumbnailUrl\":\"https:\/\/www.kirkonulkomaanapu.fi\/wp-content\/uploads\/2017\/03\/flag_yellow_low-480x321.jpg\",\"datePublished\":\"2017-03-02T10:36:37+00:00\",\"dateModified\":\"2020-09-01T10:03:12+00:00\",\"breadcrumb\":{\"@id\":\"https:\/\/www.kirkonulkomaanapu.fi\/en\/us\/donors\/international-donors\/eu-dg-home\/#breadcrumb\"},\"inLanguage\":\"en-US\",\"potentialAction\":[{\"@type\":\"ReadAction\",\"target\":[\"https:\/\/www.kirkonulkomaanapu.fi\/en\/us\/donors\/international-donors\/eu-dg-home\/\"]}]},{\"@type\":\"ImageObject\",\"inLanguage\":\"en-US\",\"@id\":\"https:\/\/www.kirkonulkomaanapu.fi\/en\/us\/donors\/international-donors\/eu-dg-home\/#primaryimage\",\"url\":\"https:\/\/www.kirkonulkomaanapu.fi\/wp-content\/uploads\/2017\/03\/flag_yellow_low-480x321.jpg\",\"contentUrl\":\"https:\/\/www.kirkonulkomaanapu.fi\/wp-content\/uploads\/2017\/03\/flag_yellow_low-480x321.jpg\"},{\"@type\":\"BreadcrumbList\",\"@id\":\"https:\/\/www.kirkonulkomaanapu.fi\/en\/us\/donors\/international-donors\/eu-dg-home\/#breadcrumb\",\"itemListElement\":[{\"@type\":\"ListItem\",\"position\":1,\"name\":\"Home\",\"item\":\"https:\/\/www.kirkonulkomaanapu.fi\/en\/\"},{\"@type\":\"ListItem\",\"position\":2,\"name\":\"About us\",\"item\":\"https:\/\/www.kirkonulkomaanapu.fi\/en\/us\/\"},{\"@type\":\"ListItem\",\"position\":3,\"name\":\"Donors\",\"item\":\"https:\/\/www.fcakenya.co.ke\/?page_id=2816\"},{\"@type\":\"ListItem\",\"position\":4,\"name\":\"International donors\",\"item\":\"https:\/\/www.fcakenya.co.ke\/?page_id=2818\"},{\"@type\":\"ListItem\",\"position\":5,\"name\":\"EU DG HOME\"}]},{\"@type\":\"WebSite\",\"@id\":\"https:\/\/www.kirkonulkomaanapu.fi\/#website\",\"url\":\"https:\/\/www.kirkonulkomaanapu.fi\/\",\"name\":\"Kirkon Ulkomaanapu\",\"description\":\"Suomen suurin kehitysyhteisty\u00f6j\u00e4rjest\u00f6\",\"publisher\":{\"@id\":\"https:\/\/www.kirkonulkomaanapu.fi\/#organization\"},\"alternateName\":\"KUA\",\"potentialAction\":[{\"@type\":\"SearchAction\",\"target\":{\"@type\":\"EntryPoint\",\"urlTemplate\":\"https:\/\/www.kirkonulkomaanapu.fi\/?s={search_term_string}\"},\"query-input\":{\"@type\":\"PropertyValueSpecification\",\"valueRequired\":true,\"valueName\":\"search_term_string\"}}],\"inLanguage\":\"en-US\"},{\"@type\":\"Organization\",\"@id\":\"https:\/\/www.kirkonulkomaanapu.fi\/#organization\",\"name\":\"Kirkon Ulkomaanapu\",\"alternateName\":\"KUA\",\"url\":\"https:\/\/www.kirkonulkomaanapu.fi\/\",\"logo\":{\"@type\":\"ImageObject\",\"inLanguage\":\"en-US\",\"@id\":\"https:\/\/www.kirkonulkomaanapu.fi\/#\/schema\/logo\/image\/\",\"url\":\"https:\/\/www.kirkonulkomaanapu.fi\/wp-content\/uploads\/2026\/02\/Kirkon-ulkomaanapu-logo-1.png\",\"contentUrl\":\"https:\/\/www.kirkonulkomaanapu.fi\/wp-content\/uploads\/2026\/02\/Kirkon-ulkomaanapu-logo-1.png\",\"width\":225,\"height\":225,\"caption\":\"Kirkon Ulkomaanapu\"},\"image\":{\"@id\":\"https:\/\/www.kirkonulkomaanapu.fi\/#\/schema\/logo\/image\/\"},\"sameAs\":[\"https:\/\/www.facebook.com\/Ulkomaanapu\/\",\"https:\/\/www.youtube.com\/user\/kirkonulkomaanapu\",\"https:\/\/instagram.com\/kirkon_ulkomaanapu\/\",\"https:\/\/www.linkedin.com\/company\/finn-church-aid\/\"]}]}<\/script>\n<!-- \/ Yoast SEO plugin. -->","yoast_head_json":{"title":"EU DG HOME - FCA Finn Church Aid","robots":{"index":"index","follow":"follow","max-snippet":"max-snippet:-1","max-image-preview":"max-image-preview:large","max-video-preview":"max-video-preview:-1"},"canonical":"https:\/\/www.kirkonulkomaanapu.fi\/en\/us\/donors\/international-donors\/eu-dg-home\/","og_locale":"en_US","og_type":"article","og_title":"EU DG HOME - FCA Finn Church Aid","og_description":"European Commission\u2019s Directorate-General HOME is a department responsible for EU policy on Migration and Home Affairs. Two EU Home Affairs Funds have been established for the programming period 2014\u20132020: the Asylum, Migration and Integration Fund (AMIF) and the Internal Security Fund (ISF). The ISF comprises the instrument for financial support for external borders and visa, [&hellip;]","og_url":"https:\/\/www.kirkonulkomaanapu.fi\/en\/us\/donors\/international-donors\/eu-dg-home\/","og_site_name":"FCA Finn Church Aid","article_publisher":"https:\/\/www.facebook.com\/Ulkomaanapu\/","article_modified_time":"2020-09-01T10:03:12+00:00","og_image":[{"url":"https:\/\/www.kirkonulkomaanapu.fi\/wp-content\/uploads\/2017\/03\/flag_yellow_low-480x321.jpg","type":"","width":"","height":""}],"twitter_misc":{"Est. reading time":"1 minute"},"schema":{"@context":"https:\/\/schema.org","@graph":[{"@type":"WebPage","@id":"https:\/\/www.kirkonulkomaanapu.fi\/en\/us\/donors\/international-donors\/eu-dg-home\/","url":"https:\/\/www.kirkonulkomaanapu.fi\/en\/us\/donors\/international-donors\/eu-dg-home\/","name":"EU DG HOME - FCA Finn Church Aid","isPartOf":{"@id":"https:\/\/www.kirkonulkomaanapu.fi\/#website"},"primaryImageOfPage":{"@id":"https:\/\/www.kirkonulkomaanapu.fi\/en\/us\/donors\/international-donors\/eu-dg-home\/#primaryimage"},"image":{"@id":"https:\/\/www.kirkonulkomaanapu.fi\/en\/us\/donors\/international-donors\/eu-dg-home\/#primaryimage"},"thumbnailUrl":"https:\/\/www.kirkonulkomaanapu.fi\/wp-content\/uploads\/2017\/03\/flag_yellow_low-480x321.jpg","datePublished":"2017-03-02T10:36:37+00:00","dateModified":"2020-09-01T10:03:12+00:00","breadcrumb":{"@id":"https:\/\/www.kirkonulkomaanapu.fi\/en\/us\/donors\/international-donors\/eu-dg-home\/#breadcrumb"},"inLanguage":"en-US","potentialAction":[{"@type":"ReadAction","target":["https:\/\/www.kirkonulkomaanapu.fi\/en\/us\/donors\/international-donors\/eu-dg-home\/"]}]},{"@type":"ImageObject","inLanguage":"en-US","@id":"https:\/\/www.kirkonulkomaanapu.fi\/en\/us\/donors\/international-donors\/eu-dg-home\/#primaryimage","url":"https:\/\/www.kirkonulkomaanapu.fi\/wp-content\/uploads\/2017\/03\/flag_yellow_low-480x321.jpg","contentUrl":"https:\/\/www.kirkonulkomaanapu.fi\/wp-content\/uploads\/2017\/03\/flag_yellow_low-480x321.jpg"},{"@type":"BreadcrumbList","@id":"https:\/\/www.kirkonulkomaanapu.fi\/en\/us\/donors\/international-donors\/eu-dg-home\/#breadcrumb","itemListElement":[{"@type":"ListItem","position":1,"name":"Home","item":"https:\/\/www.kirkonulkomaanapu.fi\/en\/"},{"@type":"ListItem","position":2,"name":"About us","item":"https:\/\/www.kirkonulkomaanapu.fi\/en\/us\/"},{"@type":"ListItem","position":3,"name":"Donors","item":"https:\/\/www.fcakenya.co.ke\/?page_id=2816"},{"@type":"ListItem","position":4,"name":"International donors","item":"https:\/\/www.fcakenya.co.ke\/?page_id=2818"},{"@type":"ListItem","position":5,"name":"EU DG HOME"}]},{"@type":"WebSite","@id":"https:\/\/www.kirkonulkomaanapu.fi\/#website","url":"https:\/\/www.kirkonulkomaanapu.fi\/","name":"Kirkon Ulkomaanapu","description":"Suomen suurin kehitysyhteisty\u00f6j\u00e4rjest\u00f6","publisher":{"@id":"https:\/\/www.kirkonulkomaanapu.fi\/#organization"},"alternateName":"KUA","potentialAction":[{"@type":"SearchAction","target":{"@type":"EntryPoint","urlTemplate":"https:\/\/www.kirkonulkomaanapu.fi\/?s={search_term_string}"},"query-input":{"@type":"PropertyValueSpecification","valueRequired":true,"valueName":"search_term_string"}}],"inLanguage":"en-US"},{"@type":"Organization","@id":"https:\/\/www.kirkonulkomaanapu.fi\/#organization","name":"Kirkon Ulkomaanapu","alternateName":"KUA","url":"https:\/\/www.kirkonulkomaanapu.fi\/","logo":{"@type":"ImageObject","inLanguage":"en-US","@id":"https:\/\/www.kirkonulkomaanapu.fi\/#\/schema\/logo\/image\/","url":"https:\/\/www.kirkonulkomaanapu.fi\/wp-content\/uploads\/2026\/02\/Kirkon-ulkomaanapu-logo-1.png","contentUrl":"https:\/\/www.kirkonulkomaanapu.fi\/wp-content\/uploads\/2026\/02\/Kirkon-ulkomaanapu-logo-1.png","width":225,"height":225,"caption":"Kirkon Ulkomaanapu"},"image":{"@id":"https:\/\/www.kirkonulkomaanapu.fi\/#\/schema\/logo\/image\/"},"sameAs":["https:\/\/www.facebook.com\/Ulkomaanapu\/","https:\/\/www.youtube.com\/user\/kirkonulkomaanapu","https:\/\/instagram.com\/kirkon_ulkomaanapu\/","https:\/\/www.linkedin.com\/company\/finn-church-aid\/"]}]}},"_links":{"self":[{"href":"https:\/\/www.kirkonulkomaanapu.fi\/en\/wp-json\/wp\/v2\/pages\/79519","targetHints":{"allow":["GET"]}}],"collection":[{"href":"https:\/\/www.kirkonulkomaanapu.fi\/en\/wp-json\/wp\/v2\/pages"}],"about":[{"href":"https:\/\/www.kirkonulkomaanapu.fi\/en\/wp-json\/wp\/v2\/types\/page"}],"author":[{"embeddable":true,"href":"https:\/\/www.kirkonulkomaanapu.fi\/en\/wp-json\/wp\/v2\/users\/77"}],"replies":[{"embeddable":true,"href":"https:\/\/www.kirkonulkomaanapu.fi\/en\/wp-json\/wp\/v2\/comments?post=79519"}],"version-history":[{"count":4,"href":"https:\/\/www.kirkonulkomaanapu.fi\/en\/wp-json\/wp\/v2\/pages\/79519\/revisions"}],"predecessor-version":[{"id":111255,"href":"https:\/\/www.kirkonulkomaanapu.fi\/en\/wp-json\/wp\/v2\/pages\/79519\/revisions\/111255"}],"up":[{"embeddable":true,"href":"https:\/\/www.kirkonulkomaanapu.fi\/en\/wp-json\/wp\/v2\/pages\/2818"}],"wp:attachment":[{"href":"https:\/\/www.kirkonulkomaanapu.fi\/en\/wp-json\/wp\/v2\/media?parent=79519"}],"curies":[{"name":"wp","href":"https:\/\/api.w.org\/{rel}","templated":true}]}}