{"id":78914,"date":"2017-02-02T13:03:23","date_gmt":"2017-02-02T11:03:23","guid":{"rendered":"https:\/\/www.kirkonulkomaanapu.fi\/en\/?page_id=78914"},"modified":"2019-04-16T16:43:19","modified_gmt":"2019-04-16T13:43:19","slug":"providing-access-justice-gender-sensitive-legal-awareness-grassroots-level-liberia","status":"publish","type":"page","link":"https:\/\/www.kirkonulkomaanapu.fi\/en\/us\/donors\/international-donors\/europeaid\/providing-access-justice-gender-sensitive-legal-awareness-grassroots-level-liberia\/","title":{"rendered":"Providing Access to Justice and Gender Sensitive Legal Awareness at Grassroots Level in Liberia"},"content":{"rendered":"<p>The project contributes to enhance the rule of law and the respect of the fundamental human rights of the most vulnerable prisoners in Liberia, most often women and youth. It will improve access to justice through enhancing local capacities to provide gender sensitive legal support and protection of prisoner\u2019s rights in Lofa, Bong and Nimba counties in Liberia in 2017\u20132018.<\/p>\n<p>Through enhancing local capacities to promote and protect vulnerable detainees\u2019 rights the project directly contributes to the consolidation of the rule of law and democracy as major components of the good governance sector. By strengthening the dialogue between civilian\u2019s and law enforcement officers, the project is also tackling the priorities, stated by the Government of Liberia, of peace and security and rule of law.<\/p>\n<p>Finn Church Aid&#8217;s partners in implementing the project\u00a0are Association of Female Lawyers of Liberia\u00a0AFELL and Rural Human Rights Activist Programme\u00a0RHRAP.<\/p>\n<p>The initiative is funded by\u00a0the European Union \u2013\u00a0<a href=\"https:\/\/ec.europa.eu\/europeaid\/how\/finance\/eidhr_en.htm_en\" target=\"_blank\" rel=\"noopener\">The European Instrument for Democracy and Human Rights (EIDHR)<\/a>.<\/p>\n<h2>Main outcomes:<\/h2>\n<ul>\n<li>Enhanced knowledge of law enforcement representatives, legal practitioners and communities leaders on rule of law and international human rights standards.<\/li>\n<li>Increased provision of legal assistance for vulnerable detainees.<\/li>\n<li>Strengthened dialogue, cohesion building and information sharing between stakeholders.<\/li>\n<li>Improved attitudes and practices, through awareness raising ans advocacy at national and international level, towards vulnerable detainees&#8217; rights.<\/li>\n<\/ul>\n<p><a href=\"https:\/\/eeas.europa.eu\/delegations\/liberia_en\" target=\"_blank\" rel=\"noopener\"><br \/>\n<img loading=\"lazy\" decoding=\"async\" class=\"size-full wp-image-78906 alignleft\" src=\"https:\/\/www.kirkonulkomaanapu.fi\/wp-content\/uploads\/2017\/02\/EU_flag_yellow_200.jpg\" alt=\"\" width=\"200\" height=\"134\" \/><br \/>\nDelegation of the European Union to Liberia<\/a><\/p>\n","protected":false},"excerpt":{"rendered":"<p>The project contributes to enhance the rule of law and the respect of the fundamental human rights of the most vulnerable prisoners in Liberia, most often women and youth. It will improve access to justice through enhancing local capacities to provide gender sensitive legal support and protection of prisoner\u2019s rights in Lofa, Bong and Nimba [&hellip;]<\/p>\n","protected":false},"author":7,"featured_media":0,"parent":6528,"menu_order":0,"comment_status":"closed","ping_status":"closed","template":"page-templates\/project.php","meta":{"_acf_changed":false,"_relevanssi_hide_post":"","_relevanssi_hide_content":"","_relevanssi_pin_for_all":"","_relevanssi_pin_keywords":"","_relevanssi_unpin_keywords":"","_relevanssi_related_keywords":"","_relevanssi_related_include_ids":"","_relevanssi_related_exclude_ids":"","_relevanssi_related_no_append":"","_relevanssi_related_not_related":"","_relevanssi_related_posts":"","_relevanssi_noindex_reason":"","_improvement_type_select":"improve_an_existing","_thumb_yes_seoaic":false,"_frame_yes_seoaic":false,"seoaic_generate_description":"","seoaic_improve_instructions_prompt":"","seoaic_rollback_content_improvement":"","seoaic_idea_thumbnail_generator":"","thumbnail_generated":false,"thumbnail_generate_prompt":"","seoaic_article_description":"","footnotes":""},"class_list":["post-78914","page","type-page","status-publish","hentry"],"acf":[],"yoast_head":"<!-- This site is optimized with the Yoast SEO plugin v26.9 - https:\/\/yoast.com\/product\/yoast-seo-wordpress\/ -->\n<title>Providing Access to Justice and Gender Sensitive Legal Awareness at Grassroots Level in Liberia - FCA Finn Church Aid<\/title>\n<meta name=\"description\" content=\"The initiative enhances the rule of law and the respect of the fundamental human rights of the most vulnerable prisoners in Liberia, e.g. women and youth.\" \/>\n<meta name=\"robots\" content=\"index, follow, max-snippet:-1, max-image-preview:large, max-video-preview:-1\" \/>\n<link rel=\"canonical\" href=\"https:\/\/www.fcakenya.co.ke\/en\/us\/donors\/international-donors\/europeaid\/providing-access-justice-gender-sensitive-legal-awareness-grassroots-level-liberia\/\" \/>\n<meta property=\"og:locale\" content=\"en_US\" \/>\n<meta property=\"og:type\" content=\"article\" \/>\n<meta property=\"og:title\" content=\"Providing Access to Justice and Gender Sensitive Legal Awareness at Grassroots Level in Liberia - FCA Finn Church Aid\" \/>\n<meta property=\"og:description\" content=\"The initiative enhances the rule of law and the respect of the fundamental human rights of the most vulnerable prisoners in Liberia, e.g. women and youth.\" \/>\n<meta property=\"og:url\" content=\"https:\/\/www.fcakenya.co.ke\/en\/us\/donors\/international-donors\/europeaid\/providing-access-justice-gender-sensitive-legal-awareness-grassroots-level-liberia\/\" \/>\n<meta property=\"og:site_name\" content=\"FCA Finn Church Aid\" \/>\n<meta property=\"article:publisher\" content=\"https:\/\/www.facebook.com\/Ulkomaanapu\/\" \/>\n<meta property=\"article:modified_time\" content=\"2019-04-16T13:43:19+00:00\" \/>\n<meta property=\"og:image\" content=\"https:\/\/www.kirkonulkomaanapu.fi\/wp-content\/uploads\/2017\/02\/EU_flag_yellow_200.jpg\" \/>\n<meta name=\"twitter:label1\" content=\"Est. reading time\" \/>\n\t<meta name=\"twitter:data1\" content=\"1 minute\" \/>\n<script type=\"application\/ld+json\" class=\"yoast-schema-graph\">{\"@context\":\"https:\/\/schema.org\",\"@graph\":[{\"@type\":\"WebPage\",\"@id\":\"https:\/\/www.fcakenya.co.ke\/en\/us\/donors\/international-donors\/europeaid\/providing-access-justice-gender-sensitive-legal-awareness-grassroots-level-liberia\/\",\"url\":\"https:\/\/www.fcakenya.co.ke\/en\/us\/donors\/international-donors\/europeaid\/providing-access-justice-gender-sensitive-legal-awareness-grassroots-level-liberia\/\",\"name\":\"Providing Access to Justice and Gender Sensitive Legal Awareness at Grassroots Level in Liberia - FCA Finn Church Aid\",\"isPartOf\":{\"@id\":\"https:\/\/www.kirkonulkomaanapu.fi\/#website\"},\"primaryImageOfPage\":{\"@id\":\"https:\/\/www.fcakenya.co.ke\/en\/us\/donors\/international-donors\/europeaid\/providing-access-justice-gender-sensitive-legal-awareness-grassroots-level-liberia\/#primaryimage\"},\"image\":{\"@id\":\"https:\/\/www.fcakenya.co.ke\/en\/us\/donors\/international-donors\/europeaid\/providing-access-justice-gender-sensitive-legal-awareness-grassroots-level-liberia\/#primaryimage\"},\"thumbnailUrl\":\"https:\/\/www.kirkonulkomaanapu.fi\/wp-content\/uploads\/2017\/02\/EU_flag_yellow_200.jpg\",\"datePublished\":\"2017-02-02T11:03:23+00:00\",\"dateModified\":\"2019-04-16T13:43:19+00:00\",\"description\":\"The initiative enhances the rule of law and the respect of the fundamental human rights of the most vulnerable prisoners in Liberia, e.g. women and youth.\",\"breadcrumb\":{\"@id\":\"https:\/\/www.fcakenya.co.ke\/en\/us\/donors\/international-donors\/europeaid\/providing-access-justice-gender-sensitive-legal-awareness-grassroots-level-liberia\/#breadcrumb\"},\"inLanguage\":\"en-US\",\"potentialAction\":[{\"@type\":\"ReadAction\",\"target\":[\"https:\/\/www.fcakenya.co.ke\/en\/us\/donors\/international-donors\/europeaid\/providing-access-justice-gender-sensitive-legal-awareness-grassroots-level-liberia\/\"]}]},{\"@type\":\"ImageObject\",\"inLanguage\":\"en-US\",\"@id\":\"https:\/\/www.fcakenya.co.ke\/en\/us\/donors\/international-donors\/europeaid\/providing-access-justice-gender-sensitive-legal-awareness-grassroots-level-liberia\/#primaryimage\",\"url\":\"https:\/\/www.kirkonulkomaanapu.fi\/wp-content\/uploads\/2017\/02\/EU_flag_yellow_200.jpg\",\"contentUrl\":\"https:\/\/www.kirkonulkomaanapu.fi\/wp-content\/uploads\/2017\/02\/EU_flag_yellow_200.jpg\"},{\"@type\":\"BreadcrumbList\",\"@id\":\"https:\/\/www.fcakenya.co.ke\/en\/us\/donors\/international-donors\/europeaid\/providing-access-justice-gender-sensitive-legal-awareness-grassroots-level-liberia\/#breadcrumb\",\"itemListElement\":[{\"@type\":\"ListItem\",\"position\":1,\"name\":\"Home\",\"item\":\"https:\/\/www.kirkonulkomaanapu.fi\/en\/\"},{\"@type\":\"ListItem\",\"position\":2,\"name\":\"About us\",\"item\":\"https:\/\/www.kirkonulkomaanapu.fi\/en\/us\/\"},{\"@type\":\"ListItem\",\"position\":3,\"name\":\"Donors\",\"item\":\"https:\/\/www.fcakenya.co.ke\/?page_id=2816\"},{\"@type\":\"ListItem\",\"position\":4,\"name\":\"International donors\",\"item\":\"https:\/\/www.fcakenya.co.ke\/?page_id=2818\"},{\"@type\":\"ListItem\",\"position\":5,\"name\":\"EUROPEAID\",\"item\":\"https:\/\/www.kirkonulkomaanapu.fi\/en\/us\/donors\/international-donors\/europeaid\/\"},{\"@type\":\"ListItem\",\"position\":6,\"name\":\"Providing Access to Justice and Gender Sensitive Legal Awareness at Grassroots Level in Liberia\"}]},{\"@type\":\"WebSite\",\"@id\":\"https:\/\/www.kirkonulkomaanapu.fi\/#website\",\"url\":\"https:\/\/www.kirkonulkomaanapu.fi\/\",\"name\":\"Kirkon Ulkomaanapu\",\"description\":\"Suomen suurin kehitysyhteisty\u00f6j\u00e4rjest\u00f6\",\"publisher\":{\"@id\":\"https:\/\/www.kirkonulkomaanapu.fi\/#organization\"},\"alternateName\":\"KUA\",\"potentialAction\":[{\"@type\":\"SearchAction\",\"target\":{\"@type\":\"EntryPoint\",\"urlTemplate\":\"https:\/\/www.kirkonulkomaanapu.fi\/?s={search_term_string}\"},\"query-input\":{\"@type\":\"PropertyValueSpecification\",\"valueRequired\":true,\"valueName\":\"search_term_string\"}}],\"inLanguage\":\"en-US\"},{\"@type\":\"Organization\",\"@id\":\"https:\/\/www.kirkonulkomaanapu.fi\/#organization\",\"name\":\"Kirkon Ulkomaanapu\",\"alternateName\":\"KUA\",\"url\":\"https:\/\/www.kirkonulkomaanapu.fi\/\",\"logo\":{\"@type\":\"ImageObject\",\"inLanguage\":\"en-US\",\"@id\":\"https:\/\/www.kirkonulkomaanapu.fi\/#\/schema\/logo\/image\/\",\"url\":\"https:\/\/www.kirkonulkomaanapu.fi\/wp-content\/uploads\/2026\/02\/Kirkon-ulkomaanapu-logo-1.png\",\"contentUrl\":\"https:\/\/www.kirkonulkomaanapu.fi\/wp-content\/uploads\/2026\/02\/Kirkon-ulkomaanapu-logo-1.png\",\"width\":225,\"height\":225,\"caption\":\"Kirkon Ulkomaanapu\"},\"image\":{\"@id\":\"https:\/\/www.kirkonulkomaanapu.fi\/#\/schema\/logo\/image\/\"},\"sameAs\":[\"https:\/\/www.facebook.com\/Ulkomaanapu\/\",\"https:\/\/www.youtube.com\/user\/kirkonulkomaanapu\",\"https:\/\/instagram.com\/kirkon_ulkomaanapu\/\",\"https:\/\/www.linkedin.com\/company\/finn-church-aid\/\"]}]}<\/script>\n<!-- \/ Yoast SEO plugin. -->","yoast_head_json":{"title":"Providing Access to Justice and Gender Sensitive Legal Awareness at Grassroots Level in Liberia - FCA Finn Church Aid","description":"The initiative enhances the rule of law and the respect of the fundamental human rights of the most vulnerable prisoners in Liberia, e.g. women and youth.","robots":{"index":"index","follow":"follow","max-snippet":"max-snippet:-1","max-image-preview":"max-image-preview:large","max-video-preview":"max-video-preview:-1"},"canonical":"https:\/\/www.fcakenya.co.ke\/en\/us\/donors\/international-donors\/europeaid\/providing-access-justice-gender-sensitive-legal-awareness-grassroots-level-liberia\/","og_locale":"en_US","og_type":"article","og_title":"Providing Access to Justice and Gender Sensitive Legal Awareness at Grassroots Level in Liberia - FCA Finn Church Aid","og_description":"The initiative enhances the rule of law and the respect of the fundamental human rights of the most vulnerable prisoners in Liberia, e.g. women and youth.","og_url":"https:\/\/www.fcakenya.co.ke\/en\/us\/donors\/international-donors\/europeaid\/providing-access-justice-gender-sensitive-legal-awareness-grassroots-level-liberia\/","og_site_name":"FCA Finn Church Aid","article_publisher":"https:\/\/www.facebook.com\/Ulkomaanapu\/","article_modified_time":"2019-04-16T13:43:19+00:00","og_image":[{"url":"https:\/\/www.kirkonulkomaanapu.fi\/wp-content\/uploads\/2017\/02\/EU_flag_yellow_200.jpg","type":"","width":"","height":""}],"twitter_misc":{"Est. reading time":"1 minute"},"schema":{"@context":"https:\/\/schema.org","@graph":[{"@type":"WebPage","@id":"https:\/\/www.fcakenya.co.ke\/en\/us\/donors\/international-donors\/europeaid\/providing-access-justice-gender-sensitive-legal-awareness-grassroots-level-liberia\/","url":"https:\/\/www.fcakenya.co.ke\/en\/us\/donors\/international-donors\/europeaid\/providing-access-justice-gender-sensitive-legal-awareness-grassroots-level-liberia\/","name":"Providing Access to Justice and Gender Sensitive Legal Awareness at Grassroots Level in Liberia - FCA Finn Church Aid","isPartOf":{"@id":"https:\/\/www.kirkonulkomaanapu.fi\/#website"},"primaryImageOfPage":{"@id":"https:\/\/www.fcakenya.co.ke\/en\/us\/donors\/international-donors\/europeaid\/providing-access-justice-gender-sensitive-legal-awareness-grassroots-level-liberia\/#primaryimage"},"image":{"@id":"https:\/\/www.fcakenya.co.ke\/en\/us\/donors\/international-donors\/europeaid\/providing-access-justice-gender-sensitive-legal-awareness-grassroots-level-liberia\/#primaryimage"},"thumbnailUrl":"https:\/\/www.kirkonulkomaanapu.fi\/wp-content\/uploads\/2017\/02\/EU_flag_yellow_200.jpg","datePublished":"2017-02-02T11:03:23+00:00","dateModified":"2019-04-16T13:43:19+00:00","description":"The initiative enhances the rule of law and the respect of the fundamental human rights of the most vulnerable prisoners in Liberia, e.g. women and youth.","breadcrumb":{"@id":"https:\/\/www.fcakenya.co.ke\/en\/us\/donors\/international-donors\/europeaid\/providing-access-justice-gender-sensitive-legal-awareness-grassroots-level-liberia\/#breadcrumb"},"inLanguage":"en-US","potentialAction":[{"@type":"ReadAction","target":["https:\/\/www.fcakenya.co.ke\/en\/us\/donors\/international-donors\/europeaid\/providing-access-justice-gender-sensitive-legal-awareness-grassroots-level-liberia\/"]}]},{"@type":"ImageObject","inLanguage":"en-US","@id":"https:\/\/www.fcakenya.co.ke\/en\/us\/donors\/international-donors\/europeaid\/providing-access-justice-gender-sensitive-legal-awareness-grassroots-level-liberia\/#primaryimage","url":"https:\/\/www.kirkonulkomaanapu.fi\/wp-content\/uploads\/2017\/02\/EU_flag_yellow_200.jpg","contentUrl":"https:\/\/www.kirkonulkomaanapu.fi\/wp-content\/uploads\/2017\/02\/EU_flag_yellow_200.jpg"},{"@type":"BreadcrumbList","@id":"https:\/\/www.fcakenya.co.ke\/en\/us\/donors\/international-donors\/europeaid\/providing-access-justice-gender-sensitive-legal-awareness-grassroots-level-liberia\/#breadcrumb","itemListElement":[{"@type":"ListItem","position":1,"name":"Home","item":"https:\/\/www.kirkonulkomaanapu.fi\/en\/"},{"@type":"ListItem","position":2,"name":"About us","item":"https:\/\/www.kirkonulkomaanapu.fi\/en\/us\/"},{"@type":"ListItem","position":3,"name":"Donors","item":"https:\/\/www.fcakenya.co.ke\/?page_id=2816"},{"@type":"ListItem","position":4,"name":"International donors","item":"https:\/\/www.fcakenya.co.ke\/?page_id=2818"},{"@type":"ListItem","position":5,"name":"EUROPEAID","item":"https:\/\/www.kirkonulkomaanapu.fi\/en\/us\/donors\/international-donors\/europeaid\/"},{"@type":"ListItem","position":6,"name":"Providing Access to Justice and Gender Sensitive Legal Awareness at Grassroots Level in Liberia"}]},{"@type":"WebSite","@id":"https:\/\/www.kirkonulkomaanapu.fi\/#website","url":"https:\/\/www.kirkonulkomaanapu.fi\/","name":"Kirkon Ulkomaanapu","description":"Suomen suurin kehitysyhteisty\u00f6j\u00e4rjest\u00f6","publisher":{"@id":"https:\/\/www.kirkonulkomaanapu.fi\/#organization"},"alternateName":"KUA","potentialAction":[{"@type":"SearchAction","target":{"@type":"EntryPoint","urlTemplate":"https:\/\/www.kirkonulkomaanapu.fi\/?s={search_term_string}"},"query-input":{"@type":"PropertyValueSpecification","valueRequired":true,"valueName":"search_term_string"}}],"inLanguage":"en-US"},{"@type":"Organization","@id":"https:\/\/www.kirkonulkomaanapu.fi\/#organization","name":"Kirkon Ulkomaanapu","alternateName":"KUA","url":"https:\/\/www.kirkonulkomaanapu.fi\/","logo":{"@type":"ImageObject","inLanguage":"en-US","@id":"https:\/\/www.kirkonulkomaanapu.fi\/#\/schema\/logo\/image\/","url":"https:\/\/www.kirkonulkomaanapu.fi\/wp-content\/uploads\/2026\/02\/Kirkon-ulkomaanapu-logo-1.png","contentUrl":"https:\/\/www.kirkonulkomaanapu.fi\/wp-content\/uploads\/2026\/02\/Kirkon-ulkomaanapu-logo-1.png","width":225,"height":225,"caption":"Kirkon Ulkomaanapu"},"image":{"@id":"https:\/\/www.kirkonulkomaanapu.fi\/#\/schema\/logo\/image\/"},"sameAs":["https:\/\/www.facebook.com\/Ulkomaanapu\/","https:\/\/www.youtube.com\/user\/kirkonulkomaanapu","https:\/\/instagram.com\/kirkon_ulkomaanapu\/","https:\/\/www.linkedin.com\/company\/finn-church-aid\/"]}]}},"_links":{"self":[{"href":"https:\/\/www.kirkonulkomaanapu.fi\/en\/wp-json\/wp\/v2\/pages\/78914","targetHints":{"allow":["GET"]}}],"collection":[{"href":"https:\/\/www.kirkonulkomaanapu.fi\/en\/wp-json\/wp\/v2\/pages"}],"about":[{"href":"https:\/\/www.kirkonulkomaanapu.fi\/en\/wp-json\/wp\/v2\/types\/page"}],"author":[{"embeddable":true,"href":"https:\/\/www.kirkonulkomaanapu.fi\/en\/wp-json\/wp\/v2\/users\/7"}],"replies":[{"embeddable":true,"href":"https:\/\/www.kirkonulkomaanapu.fi\/en\/wp-json\/wp\/v2\/comments?post=78914"}],"version-history":[{"count":4,"href":"https:\/\/www.kirkonulkomaanapu.fi\/en\/wp-json\/wp\/v2\/pages\/78914\/revisions"}],"predecessor-version":[{"id":93428,"href":"https:\/\/www.kirkonulkomaanapu.fi\/en\/wp-json\/wp\/v2\/pages\/78914\/revisions\/93428"}],"up":[{"embeddable":true,"href":"https:\/\/www.kirkonulkomaanapu.fi\/en\/wp-json\/wp\/v2\/pages\/6528"}],"wp:attachment":[{"href":"https:\/\/www.kirkonulkomaanapu.fi\/en\/wp-json\/wp\/v2\/media?parent=78914"}],"curies":[{"name":"wp","href":"https:\/\/api.w.org\/{rel}","templated":true}]}}