{"id":77290,"date":"2016-10-18T13:29:39","date_gmt":"2016-10-18T10:29:39","guid":{"rendered":"https:\/\/www.kirkonulkomaanapu.fi\/en\/?page_id=77290"},"modified":"2017-06-13T16:38:03","modified_gmt":"2017-06-13T13:38:03","slug":"act-humanitarian-capacity-development-eu-aid-volunteers-initiative","status":"publish","type":"page","link":"https:\/\/www.kirkonulkomaanapu.fi\/en\/us\/donors\/international-donors\/echo\/act-humanitarian-capacity-development-eu-aid-volunteers-initiative\/","title":{"rendered":"ACT for Humanitarian Capacity Development in EU Aid Volunteers initiative"},"content":{"rendered":"<p>This consortia project\u00a0takes place in various countries, of which\u00a0Nepal, Cambodia, South Sudan, Myanmar and Finland are FCA countries.<\/p>\n<p>The aim is to build\u00a0capacities of local partners in DRR\/resilience, EPRP, organizational development in Nepal, Cambodia, Myanmar, South Sudan and Uganda as part of an ACT Alliance consortium lead by ICCO. The project is part of the EU Aid Volunteers initiative.<\/p>\n","protected":false},"excerpt":{"rendered":"<p>This consortia project\u00a0takes place in various countries, of which\u00a0Nepal, Cambodia, South Sudan, Myanmar and Finland are FCA countries. The aim is to build\u00a0capacities of local partners in DRR\/resilience, EPRP, organizational development in Nepal, Cambodia, Myanmar, South Sudan and Uganda as part of an ACT Alliance consortium lead by ICCO. The project is part of the [&hellip;]<\/p>\n","protected":false},"author":77,"featured_media":0,"parent":2859,"menu_order":0,"comment_status":"closed","ping_status":"closed","template":"page-templates\/project.php","meta":{"_acf_changed":false,"_relevanssi_hide_post":"","_relevanssi_hide_content":"","_relevanssi_pin_for_all":"","_relevanssi_pin_keywords":"","_relevanssi_unpin_keywords":"","_relevanssi_related_keywords":"","_relevanssi_related_include_ids":"","_relevanssi_related_exclude_ids":"","_relevanssi_related_no_append":"","_relevanssi_related_not_related":"","_relevanssi_related_posts":"","_relevanssi_noindex_reason":"","_improvement_type_select":"improve_an_existing","_thumb_yes_seoaic":false,"_frame_yes_seoaic":false,"seoaic_generate_description":"","seoaic_improve_instructions_prompt":"","seoaic_rollback_content_improvement":"","seoaic_idea_thumbnail_generator":"","thumbnail_generated":false,"thumbnail_generate_prompt":"","seoaic_article_description":"","footnotes":""},"class_list":["post-77290","page","type-page","status-publish","hentry"],"acf":[],"yoast_head":"<!-- This site is optimized with the Yoast SEO plugin v26.9 - https:\/\/yoast.com\/product\/yoast-seo-wordpress\/ -->\n<title>ACT for Humanitarian Capacity Development in EU Aid Volunteers initiative - FCA Finn Church Aid<\/title>\n<meta name=\"robots\" content=\"index, follow, max-snippet:-1, max-image-preview:large, max-video-preview:-1\" \/>\n<link rel=\"canonical\" href=\"https:\/\/www.kirkonulkomaanapu.fi\/en\/us\/donors\/international-donors\/echo\/act-humanitarian-capacity-development-eu-aid-volunteers-initiative\/\" \/>\n<meta property=\"og:locale\" content=\"en_US\" \/>\n<meta property=\"og:type\" content=\"article\" \/>\n<meta property=\"og:title\" content=\"ACT for Humanitarian Capacity Development in EU Aid Volunteers initiative - FCA Finn Church Aid\" \/>\n<meta property=\"og:description\" content=\"This consortia project\u00a0takes place in various countries, of which\u00a0Nepal, Cambodia, South Sudan, Myanmar and Finland are FCA countries. The aim is to build\u00a0capacities of local partners in DRR\/resilience, EPRP, organizational development in Nepal, Cambodia, Myanmar, South Sudan and Uganda as part of an ACT Alliance consortium lead by ICCO. The project is part of the [&hellip;]\" \/>\n<meta property=\"og:url\" content=\"https:\/\/www.kirkonulkomaanapu.fi\/en\/us\/donors\/international-donors\/echo\/act-humanitarian-capacity-development-eu-aid-volunteers-initiative\/\" \/>\n<meta property=\"og:site_name\" content=\"FCA Finn Church Aid\" \/>\n<meta property=\"article:publisher\" content=\"https:\/\/www.facebook.com\/Ulkomaanapu\/\" \/>\n<meta property=\"article:modified_time\" content=\"2017-06-13T13:38:03+00:00\" \/>\n<meta property=\"og:image\" content=\"https:\/\/www.kirkonulkomaanapu.fi\/wp-content\/uploads\/2026\/02\/Kirkon-ulkomaanapu-logo.png\" \/>\n\t<meta property=\"og:image:width\" content=\"225\" \/>\n\t<meta property=\"og:image:height\" content=\"225\" \/>\n\t<meta property=\"og:image:type\" content=\"image\/png\" \/>\n<script type=\"application\/ld+json\" class=\"yoast-schema-graph\">{\"@context\":\"https:\/\/schema.org\",\"@graph\":[{\"@type\":\"WebPage\",\"@id\":\"https:\/\/www.kirkonulkomaanapu.fi\/en\/us\/donors\/international-donors\/echo\/act-humanitarian-capacity-development-eu-aid-volunteers-initiative\/\",\"url\":\"https:\/\/www.kirkonulkomaanapu.fi\/en\/us\/donors\/international-donors\/echo\/act-humanitarian-capacity-development-eu-aid-volunteers-initiative\/\",\"name\":\"ACT for Humanitarian Capacity Development in EU Aid Volunteers initiative - FCA Finn Church Aid\",\"isPartOf\":{\"@id\":\"https:\/\/www.kirkonulkomaanapu.fi\/#website\"},\"datePublished\":\"2016-10-18T10:29:39+00:00\",\"dateModified\":\"2017-06-13T13:38:03+00:00\",\"breadcrumb\":{\"@id\":\"https:\/\/www.kirkonulkomaanapu.fi\/en\/us\/donors\/international-donors\/echo\/act-humanitarian-capacity-development-eu-aid-volunteers-initiative\/#breadcrumb\"},\"inLanguage\":\"en-US\",\"potentialAction\":[{\"@type\":\"ReadAction\",\"target\":[\"https:\/\/www.kirkonulkomaanapu.fi\/en\/us\/donors\/international-donors\/echo\/act-humanitarian-capacity-development-eu-aid-volunteers-initiative\/\"]}]},{\"@type\":\"BreadcrumbList\",\"@id\":\"https:\/\/www.kirkonulkomaanapu.fi\/en\/us\/donors\/international-donors\/echo\/act-humanitarian-capacity-development-eu-aid-volunteers-initiative\/#breadcrumb\",\"itemListElement\":[{\"@type\":\"ListItem\",\"position\":1,\"name\":\"Home\",\"item\":\"https:\/\/www.kirkonulkomaanapu.fi\/en\/\"},{\"@type\":\"ListItem\",\"position\":2,\"name\":\"About us\",\"item\":\"https:\/\/www.kirkonulkomaanapu.fi\/en\/us\/\"},{\"@type\":\"ListItem\",\"position\":3,\"name\":\"Donors\",\"item\":\"https:\/\/www.fcakenya.co.ke\/?page_id=2816\"},{\"@type\":\"ListItem\",\"position\":4,\"name\":\"International donors\",\"item\":\"https:\/\/www.fcakenya.co.ke\/?page_id=2818\"},{\"@type\":\"ListItem\",\"position\":5,\"name\":\"ECHO\",\"item\":\"https:\/\/www.kirkonulkomaanapu.fi\/en\/us\/donors\/international-donors\/echo\/\"},{\"@type\":\"ListItem\",\"position\":6,\"name\":\"ACT for Humanitarian Capacity Development in EU Aid Volunteers initiative\"}]},{\"@type\":\"WebSite\",\"@id\":\"https:\/\/www.kirkonulkomaanapu.fi\/#website\",\"url\":\"https:\/\/www.kirkonulkomaanapu.fi\/\",\"name\":\"Kirkon Ulkomaanapu\",\"description\":\"Suomen suurin kehitysyhteisty\u00f6j\u00e4rjest\u00f6\",\"publisher\":{\"@id\":\"https:\/\/www.kirkonulkomaanapu.fi\/#organization\"},\"alternateName\":\"KUA\",\"potentialAction\":[{\"@type\":\"SearchAction\",\"target\":{\"@type\":\"EntryPoint\",\"urlTemplate\":\"https:\/\/www.kirkonulkomaanapu.fi\/?s={search_term_string}\"},\"query-input\":{\"@type\":\"PropertyValueSpecification\",\"valueRequired\":true,\"valueName\":\"search_term_string\"}}],\"inLanguage\":\"en-US\"},{\"@type\":\"Organization\",\"@id\":\"https:\/\/www.kirkonulkomaanapu.fi\/#organization\",\"name\":\"Kirkon Ulkomaanapu\",\"alternateName\":\"KUA\",\"url\":\"https:\/\/www.kirkonulkomaanapu.fi\/\",\"logo\":{\"@type\":\"ImageObject\",\"inLanguage\":\"en-US\",\"@id\":\"https:\/\/www.kirkonulkomaanapu.fi\/#\/schema\/logo\/image\/\",\"url\":\"https:\/\/www.kirkonulkomaanapu.fi\/wp-content\/uploads\/2026\/02\/Kirkon-ulkomaanapu-logo-1.png\",\"contentUrl\":\"https:\/\/www.kirkonulkomaanapu.fi\/wp-content\/uploads\/2026\/02\/Kirkon-ulkomaanapu-logo-1.png\",\"width\":225,\"height\":225,\"caption\":\"Kirkon Ulkomaanapu\"},\"image\":{\"@id\":\"https:\/\/www.kirkonulkomaanapu.fi\/#\/schema\/logo\/image\/\"},\"sameAs\":[\"https:\/\/www.facebook.com\/Ulkomaanapu\/\",\"https:\/\/www.youtube.com\/user\/kirkonulkomaanapu\",\"https:\/\/instagram.com\/kirkon_ulkomaanapu\/\",\"https:\/\/www.linkedin.com\/company\/finn-church-aid\/\"]}]}<\/script>\n<!-- \/ Yoast SEO plugin. -->","yoast_head_json":{"title":"ACT for Humanitarian Capacity Development in EU Aid Volunteers initiative - FCA Finn Church Aid","robots":{"index":"index","follow":"follow","max-snippet":"max-snippet:-1","max-image-preview":"max-image-preview:large","max-video-preview":"max-video-preview:-1"},"canonical":"https:\/\/www.kirkonulkomaanapu.fi\/en\/us\/donors\/international-donors\/echo\/act-humanitarian-capacity-development-eu-aid-volunteers-initiative\/","og_locale":"en_US","og_type":"article","og_title":"ACT for Humanitarian Capacity Development in EU Aid Volunteers initiative - FCA Finn Church Aid","og_description":"This consortia project\u00a0takes place in various countries, of which\u00a0Nepal, Cambodia, South Sudan, Myanmar and Finland are FCA countries. The aim is to build\u00a0capacities of local partners in DRR\/resilience, EPRP, organizational development in Nepal, Cambodia, Myanmar, South Sudan and Uganda as part of an ACT Alliance consortium lead by ICCO. The project is part of the [&hellip;]","og_url":"https:\/\/www.kirkonulkomaanapu.fi\/en\/us\/donors\/international-donors\/echo\/act-humanitarian-capacity-development-eu-aid-volunteers-initiative\/","og_site_name":"FCA Finn Church Aid","article_publisher":"https:\/\/www.facebook.com\/Ulkomaanapu\/","article_modified_time":"2017-06-13T13:38:03+00:00","og_image":[{"width":225,"height":225,"url":"https:\/\/www.kirkonulkomaanapu.fi\/wp-content\/uploads\/2026\/02\/Kirkon-ulkomaanapu-logo.png","type":"image\/png"}],"schema":{"@context":"https:\/\/schema.org","@graph":[{"@type":"WebPage","@id":"https:\/\/www.kirkonulkomaanapu.fi\/en\/us\/donors\/international-donors\/echo\/act-humanitarian-capacity-development-eu-aid-volunteers-initiative\/","url":"https:\/\/www.kirkonulkomaanapu.fi\/en\/us\/donors\/international-donors\/echo\/act-humanitarian-capacity-development-eu-aid-volunteers-initiative\/","name":"ACT for Humanitarian Capacity Development in EU Aid Volunteers initiative - FCA Finn Church Aid","isPartOf":{"@id":"https:\/\/www.kirkonulkomaanapu.fi\/#website"},"datePublished":"2016-10-18T10:29:39+00:00","dateModified":"2017-06-13T13:38:03+00:00","breadcrumb":{"@id":"https:\/\/www.kirkonulkomaanapu.fi\/en\/us\/donors\/international-donors\/echo\/act-humanitarian-capacity-development-eu-aid-volunteers-initiative\/#breadcrumb"},"inLanguage":"en-US","potentialAction":[{"@type":"ReadAction","target":["https:\/\/www.kirkonulkomaanapu.fi\/en\/us\/donors\/international-donors\/echo\/act-humanitarian-capacity-development-eu-aid-volunteers-initiative\/"]}]},{"@type":"BreadcrumbList","@id":"https:\/\/www.kirkonulkomaanapu.fi\/en\/us\/donors\/international-donors\/echo\/act-humanitarian-capacity-development-eu-aid-volunteers-initiative\/#breadcrumb","itemListElement":[{"@type":"ListItem","position":1,"name":"Home","item":"https:\/\/www.kirkonulkomaanapu.fi\/en\/"},{"@type":"ListItem","position":2,"name":"About us","item":"https:\/\/www.kirkonulkomaanapu.fi\/en\/us\/"},{"@type":"ListItem","position":3,"name":"Donors","item":"https:\/\/www.fcakenya.co.ke\/?page_id=2816"},{"@type":"ListItem","position":4,"name":"International donors","item":"https:\/\/www.fcakenya.co.ke\/?page_id=2818"},{"@type":"ListItem","position":5,"name":"ECHO","item":"https:\/\/www.kirkonulkomaanapu.fi\/en\/us\/donors\/international-donors\/echo\/"},{"@type":"ListItem","position":6,"name":"ACT for Humanitarian Capacity Development in EU Aid Volunteers initiative"}]},{"@type":"WebSite","@id":"https:\/\/www.kirkonulkomaanapu.fi\/#website","url":"https:\/\/www.kirkonulkomaanapu.fi\/","name":"Kirkon Ulkomaanapu","description":"Suomen suurin kehitysyhteisty\u00f6j\u00e4rjest\u00f6","publisher":{"@id":"https:\/\/www.kirkonulkomaanapu.fi\/#organization"},"alternateName":"KUA","potentialAction":[{"@type":"SearchAction","target":{"@type":"EntryPoint","urlTemplate":"https:\/\/www.kirkonulkomaanapu.fi\/?s={search_term_string}"},"query-input":{"@type":"PropertyValueSpecification","valueRequired":true,"valueName":"search_term_string"}}],"inLanguage":"en-US"},{"@type":"Organization","@id":"https:\/\/www.kirkonulkomaanapu.fi\/#organization","name":"Kirkon Ulkomaanapu","alternateName":"KUA","url":"https:\/\/www.kirkonulkomaanapu.fi\/","logo":{"@type":"ImageObject","inLanguage":"en-US","@id":"https:\/\/www.kirkonulkomaanapu.fi\/#\/schema\/logo\/image\/","url":"https:\/\/www.kirkonulkomaanapu.fi\/wp-content\/uploads\/2026\/02\/Kirkon-ulkomaanapu-logo-1.png","contentUrl":"https:\/\/www.kirkonulkomaanapu.fi\/wp-content\/uploads\/2026\/02\/Kirkon-ulkomaanapu-logo-1.png","width":225,"height":225,"caption":"Kirkon Ulkomaanapu"},"image":{"@id":"https:\/\/www.kirkonulkomaanapu.fi\/#\/schema\/logo\/image\/"},"sameAs":["https:\/\/www.facebook.com\/Ulkomaanapu\/","https:\/\/www.youtube.com\/user\/kirkonulkomaanapu","https:\/\/instagram.com\/kirkon_ulkomaanapu\/","https:\/\/www.linkedin.com\/company\/finn-church-aid\/"]}]}},"_links":{"self":[{"href":"https:\/\/www.kirkonulkomaanapu.fi\/en\/wp-json\/wp\/v2\/pages\/77290","targetHints":{"allow":["GET"]}}],"collection":[{"href":"https:\/\/www.kirkonulkomaanapu.fi\/en\/wp-json\/wp\/v2\/pages"}],"about":[{"href":"https:\/\/www.kirkonulkomaanapu.fi\/en\/wp-json\/wp\/v2\/types\/page"}],"author":[{"embeddable":true,"href":"https:\/\/www.kirkonulkomaanapu.fi\/en\/wp-json\/wp\/v2\/users\/77"}],"replies":[{"embeddable":true,"href":"https:\/\/www.kirkonulkomaanapu.fi\/en\/wp-json\/wp\/v2\/comments?post=77290"}],"version-history":[{"count":3,"href":"https:\/\/www.kirkonulkomaanapu.fi\/en\/wp-json\/wp\/v2\/pages\/77290\/revisions"}],"predecessor-version":[{"id":81280,"href":"https:\/\/www.kirkonulkomaanapu.fi\/en\/wp-json\/wp\/v2\/pages\/77290\/revisions\/81280"}],"up":[{"embeddable":true,"href":"https:\/\/www.kirkonulkomaanapu.fi\/en\/wp-json\/wp\/v2\/pages\/2859"}],"wp:attachment":[{"href":"https:\/\/www.kirkonulkomaanapu.fi\/en\/wp-json\/wp\/v2\/media?parent=77290"}],"curies":[{"name":"wp","href":"https:\/\/api.w.org\/{rel}","templated":true}]}}