{"id":77279,"date":"2016-10-18T13:18:42","date_gmt":"2016-10-18T10:18:42","guid":{"rendered":"https:\/\/www.kirkonulkomaanapu.fi\/en\/?page_id=77279"},"modified":"2019-05-29T13:40:50","modified_gmt":"2019-05-29T10:40:50","slug":"protective-quality-education-conflict-affected-children-south-sudan","status":"publish","type":"page","link":"https:\/\/www.kirkonulkomaanapu.fi\/en\/us\/donors\/international-donors\/echo\/protective-quality-education-conflict-affected-children-south-sudan\/","title":{"rendered":"Protective Quality Education for Conflict Affected Children in South Sudan"},"content":{"rendered":"<p>The aim of the project is to improve access to quality education and protection services.<\/p>\n<p>Activities aim at stimulating active community participation, ensure improved access through construction of education infrastructure, and create a protective environment for children and youth, that\u00a0will help them heal and grow. The activities also aim to protect the children and youth from further harm\u00a0and equip them with critical skills in order to become active members of their communities.<\/p>\n<p>Education services will be\u00a0improved through intensive teacher training, mentoring and active participation of communities to\u00a0guarantee ownership at the end of the funding period. Specifically, the Parent-Teachers Associations (PTAs)\u00a0are involved in improving the education infrastructure, including construction of gender-segregated\u00a0latrines and hand washing facilities, through a cash-for-work component. Teachers are trained and\u00a0mentored on teaching methods, child-protection, as well as psychosocial support, while PTAs will be\u00a0trained in school administration and how to practically apply a child rights approach to administrative\u00a0structures and school design.<\/p>\n<p>Moreover, livelihood opportunities with the aim of encouraging the\u00a0households participating in school management and protection efforts of the communities will be\u00a0provided. Protection services are improved through the creation or strengthening of protection\u00a0committees and community campaigns including street drama and video screenings followed by a\u00a0facilitated interactive dialogue on actions community members can take to protect their children. The\u00a0project is designed to ensure that women, girls, boys and men regardless of age, ability or gender are\u00a0provided with equal access to project activities, and also receive adapted assistance to their different\u00a0needs.<\/p>\n<p>A do-no-harm principle underscores all project activities, with particular attention to improving\u00a0community capacity to withstand further disaster.<\/p>\n","protected":false},"excerpt":{"rendered":"<p>The aim of the project is to improve access to quality education and protection services. Activities aim at stimulating active community participation, ensure improved access through construction of education infrastructure, and create a protective environment for children and youth, that\u00a0will help them heal and grow. The activities also aim to protect the children and youth [&hellip;]<\/p>\n","protected":false},"author":77,"featured_media":0,"parent":2859,"menu_order":0,"comment_status":"closed","ping_status":"closed","template":"page-templates\/project.php","meta":{"_acf_changed":false,"_relevanssi_hide_post":"","_relevanssi_hide_content":"","_relevanssi_pin_for_all":"","_relevanssi_pin_keywords":"","_relevanssi_unpin_keywords":"","_relevanssi_related_keywords":"","_relevanssi_related_include_ids":"","_relevanssi_related_exclude_ids":"","_relevanssi_related_no_append":"","_relevanssi_related_not_related":"","_relevanssi_related_posts":"","_relevanssi_noindex_reason":"","_improvement_type_select":"improve_an_existing","_thumb_yes_seoaic":false,"_frame_yes_seoaic":false,"seoaic_generate_description":"","seoaic_improve_instructions_prompt":"","seoaic_rollback_content_improvement":"","seoaic_idea_thumbnail_generator":"","thumbnail_generated":false,"thumbnail_generate_prompt":"","seoaic_article_description":"","footnotes":""},"class_list":["post-77279","page","type-page","status-publish","hentry"],"acf":[],"yoast_head":"<!-- This site is optimized with the Yoast SEO plugin v26.9 - https:\/\/yoast.com\/product\/yoast-seo-wordpress\/ -->\n<title>Protective Quality Education for Conflict Affected Children in South Sudan - FCA Finn Church Aid<\/title>\n<meta name=\"robots\" content=\"index, follow, max-snippet:-1, max-image-preview:large, max-video-preview:-1\" \/>\n<link rel=\"canonical\" href=\"https:\/\/www.kirkonulkomaanapu.fi\/en\/us\/donors\/international-donors\/echo\/protective-quality-education-conflict-affected-children-south-sudan\/\" \/>\n<meta property=\"og:locale\" content=\"en_US\" \/>\n<meta property=\"og:type\" content=\"article\" \/>\n<meta property=\"og:title\" content=\"Protective Quality Education for Conflict Affected Children in South Sudan - FCA Finn Church Aid\" \/>\n<meta property=\"og:description\" content=\"The aim of the project is to improve access to quality education and protection services. Activities aim at stimulating active community participation, ensure improved access through construction of education infrastructure, and create a protective environment for children and youth, that\u00a0will help them heal and grow. The activities also aim to protect the children and youth [&hellip;]\" \/>\n<meta property=\"og:url\" content=\"https:\/\/www.kirkonulkomaanapu.fi\/en\/us\/donors\/international-donors\/echo\/protective-quality-education-conflict-affected-children-south-sudan\/\" \/>\n<meta property=\"og:site_name\" content=\"FCA Finn Church Aid\" \/>\n<meta property=\"article:publisher\" content=\"https:\/\/www.facebook.com\/Ulkomaanapu\/\" \/>\n<meta property=\"article:modified_time\" content=\"2019-05-29T10:40:50+00:00\" \/>\n<meta property=\"og:image\" content=\"https:\/\/www.kirkonulkomaanapu.fi\/wp-content\/uploads\/2026\/02\/Kirkon-ulkomaanapu-logo.png\" \/>\n\t<meta property=\"og:image:width\" content=\"225\" \/>\n\t<meta property=\"og:image:height\" content=\"225\" \/>\n\t<meta property=\"og:image:type\" content=\"image\/png\" \/>\n<meta name=\"twitter:label1\" content=\"Est. reading time\" \/>\n\t<meta name=\"twitter:data1\" content=\"1 minute\" \/>\n<script type=\"application\/ld+json\" class=\"yoast-schema-graph\">{\"@context\":\"https:\/\/schema.org\",\"@graph\":[{\"@type\":\"WebPage\",\"@id\":\"https:\/\/www.kirkonulkomaanapu.fi\/en\/us\/donors\/international-donors\/echo\/protective-quality-education-conflict-affected-children-south-sudan\/\",\"url\":\"https:\/\/www.kirkonulkomaanapu.fi\/en\/us\/donors\/international-donors\/echo\/protective-quality-education-conflict-affected-children-south-sudan\/\",\"name\":\"Protective Quality Education for Conflict Affected Children in South Sudan - FCA Finn Church Aid\",\"isPartOf\":{\"@id\":\"https:\/\/www.kirkonulkomaanapu.fi\/#website\"},\"datePublished\":\"2016-10-18T10:18:42+00:00\",\"dateModified\":\"2019-05-29T10:40:50+00:00\",\"breadcrumb\":{\"@id\":\"https:\/\/www.kirkonulkomaanapu.fi\/en\/us\/donors\/international-donors\/echo\/protective-quality-education-conflict-affected-children-south-sudan\/#breadcrumb\"},\"inLanguage\":\"en-US\",\"potentialAction\":[{\"@type\":\"ReadAction\",\"target\":[\"https:\/\/www.kirkonulkomaanapu.fi\/en\/us\/donors\/international-donors\/echo\/protective-quality-education-conflict-affected-children-south-sudan\/\"]}]},{\"@type\":\"BreadcrumbList\",\"@id\":\"https:\/\/www.kirkonulkomaanapu.fi\/en\/us\/donors\/international-donors\/echo\/protective-quality-education-conflict-affected-children-south-sudan\/#breadcrumb\",\"itemListElement\":[{\"@type\":\"ListItem\",\"position\":1,\"name\":\"Home\",\"item\":\"https:\/\/www.kirkonulkomaanapu.fi\/en\/\"},{\"@type\":\"ListItem\",\"position\":2,\"name\":\"About us\",\"item\":\"https:\/\/www.kirkonulkomaanapu.fi\/en\/us\/\"},{\"@type\":\"ListItem\",\"position\":3,\"name\":\"Donors\",\"item\":\"https:\/\/www.fcakenya.co.ke\/?page_id=2816\"},{\"@type\":\"ListItem\",\"position\":4,\"name\":\"International donors\",\"item\":\"https:\/\/www.fcakenya.co.ke\/?page_id=2818\"},{\"@type\":\"ListItem\",\"position\":5,\"name\":\"ECHO\",\"item\":\"https:\/\/www.kirkonulkomaanapu.fi\/en\/us\/donors\/international-donors\/echo\/\"},{\"@type\":\"ListItem\",\"position\":6,\"name\":\"Protective Quality Education for Conflict Affected Children in South Sudan\"}]},{\"@type\":\"WebSite\",\"@id\":\"https:\/\/www.kirkonulkomaanapu.fi\/#website\",\"url\":\"https:\/\/www.kirkonulkomaanapu.fi\/\",\"name\":\"Kirkon Ulkomaanapu\",\"description\":\"Suomen suurin kehitysyhteisty\u00f6j\u00e4rjest\u00f6\",\"publisher\":{\"@id\":\"https:\/\/www.kirkonulkomaanapu.fi\/#organization\"},\"alternateName\":\"KUA\",\"potentialAction\":[{\"@type\":\"SearchAction\",\"target\":{\"@type\":\"EntryPoint\",\"urlTemplate\":\"https:\/\/www.kirkonulkomaanapu.fi\/?s={search_term_string}\"},\"query-input\":{\"@type\":\"PropertyValueSpecification\",\"valueRequired\":true,\"valueName\":\"search_term_string\"}}],\"inLanguage\":\"en-US\"},{\"@type\":\"Organization\",\"@id\":\"https:\/\/www.kirkonulkomaanapu.fi\/#organization\",\"name\":\"Kirkon Ulkomaanapu\",\"alternateName\":\"KUA\",\"url\":\"https:\/\/www.kirkonulkomaanapu.fi\/\",\"logo\":{\"@type\":\"ImageObject\",\"inLanguage\":\"en-US\",\"@id\":\"https:\/\/www.kirkonulkomaanapu.fi\/#\/schema\/logo\/image\/\",\"url\":\"https:\/\/www.kirkonulkomaanapu.fi\/wp-content\/uploads\/2026\/02\/Kirkon-ulkomaanapu-logo-1.png\",\"contentUrl\":\"https:\/\/www.kirkonulkomaanapu.fi\/wp-content\/uploads\/2026\/02\/Kirkon-ulkomaanapu-logo-1.png\",\"width\":225,\"height\":225,\"caption\":\"Kirkon Ulkomaanapu\"},\"image\":{\"@id\":\"https:\/\/www.kirkonulkomaanapu.fi\/#\/schema\/logo\/image\/\"},\"sameAs\":[\"https:\/\/www.facebook.com\/Ulkomaanapu\/\",\"https:\/\/www.youtube.com\/user\/kirkonulkomaanapu\",\"https:\/\/instagram.com\/kirkon_ulkomaanapu\/\",\"https:\/\/www.linkedin.com\/company\/finn-church-aid\/\"]}]}<\/script>\n<!-- \/ Yoast SEO plugin. -->","yoast_head_json":{"title":"Protective Quality Education for Conflict Affected Children in South Sudan - FCA Finn Church Aid","robots":{"index":"index","follow":"follow","max-snippet":"max-snippet:-1","max-image-preview":"max-image-preview:large","max-video-preview":"max-video-preview:-1"},"canonical":"https:\/\/www.kirkonulkomaanapu.fi\/en\/us\/donors\/international-donors\/echo\/protective-quality-education-conflict-affected-children-south-sudan\/","og_locale":"en_US","og_type":"article","og_title":"Protective Quality Education for Conflict Affected Children in South Sudan - FCA Finn Church Aid","og_description":"The aim of the project is to improve access to quality education and protection services. Activities aim at stimulating active community participation, ensure improved access through construction of education infrastructure, and create a protective environment for children and youth, that\u00a0will help them heal and grow. The activities also aim to protect the children and youth [&hellip;]","og_url":"https:\/\/www.kirkonulkomaanapu.fi\/en\/us\/donors\/international-donors\/echo\/protective-quality-education-conflict-affected-children-south-sudan\/","og_site_name":"FCA Finn Church Aid","article_publisher":"https:\/\/www.facebook.com\/Ulkomaanapu\/","article_modified_time":"2019-05-29T10:40:50+00:00","og_image":[{"width":225,"height":225,"url":"https:\/\/www.kirkonulkomaanapu.fi\/wp-content\/uploads\/2026\/02\/Kirkon-ulkomaanapu-logo.png","type":"image\/png"}],"twitter_misc":{"Est. reading time":"1 minute"},"schema":{"@context":"https:\/\/schema.org","@graph":[{"@type":"WebPage","@id":"https:\/\/www.kirkonulkomaanapu.fi\/en\/us\/donors\/international-donors\/echo\/protective-quality-education-conflict-affected-children-south-sudan\/","url":"https:\/\/www.kirkonulkomaanapu.fi\/en\/us\/donors\/international-donors\/echo\/protective-quality-education-conflict-affected-children-south-sudan\/","name":"Protective Quality Education for Conflict Affected Children in South Sudan - FCA Finn Church Aid","isPartOf":{"@id":"https:\/\/www.kirkonulkomaanapu.fi\/#website"},"datePublished":"2016-10-18T10:18:42+00:00","dateModified":"2019-05-29T10:40:50+00:00","breadcrumb":{"@id":"https:\/\/www.kirkonulkomaanapu.fi\/en\/us\/donors\/international-donors\/echo\/protective-quality-education-conflict-affected-children-south-sudan\/#breadcrumb"},"inLanguage":"en-US","potentialAction":[{"@type":"ReadAction","target":["https:\/\/www.kirkonulkomaanapu.fi\/en\/us\/donors\/international-donors\/echo\/protective-quality-education-conflict-affected-children-south-sudan\/"]}]},{"@type":"BreadcrumbList","@id":"https:\/\/www.kirkonulkomaanapu.fi\/en\/us\/donors\/international-donors\/echo\/protective-quality-education-conflict-affected-children-south-sudan\/#breadcrumb","itemListElement":[{"@type":"ListItem","position":1,"name":"Home","item":"https:\/\/www.kirkonulkomaanapu.fi\/en\/"},{"@type":"ListItem","position":2,"name":"About us","item":"https:\/\/www.kirkonulkomaanapu.fi\/en\/us\/"},{"@type":"ListItem","position":3,"name":"Donors","item":"https:\/\/www.fcakenya.co.ke\/?page_id=2816"},{"@type":"ListItem","position":4,"name":"International donors","item":"https:\/\/www.fcakenya.co.ke\/?page_id=2818"},{"@type":"ListItem","position":5,"name":"ECHO","item":"https:\/\/www.kirkonulkomaanapu.fi\/en\/us\/donors\/international-donors\/echo\/"},{"@type":"ListItem","position":6,"name":"Protective Quality Education for Conflict Affected Children in South Sudan"}]},{"@type":"WebSite","@id":"https:\/\/www.kirkonulkomaanapu.fi\/#website","url":"https:\/\/www.kirkonulkomaanapu.fi\/","name":"Kirkon Ulkomaanapu","description":"Suomen suurin kehitysyhteisty\u00f6j\u00e4rjest\u00f6","publisher":{"@id":"https:\/\/www.kirkonulkomaanapu.fi\/#organization"},"alternateName":"KUA","potentialAction":[{"@type":"SearchAction","target":{"@type":"EntryPoint","urlTemplate":"https:\/\/www.kirkonulkomaanapu.fi\/?s={search_term_string}"},"query-input":{"@type":"PropertyValueSpecification","valueRequired":true,"valueName":"search_term_string"}}],"inLanguage":"en-US"},{"@type":"Organization","@id":"https:\/\/www.kirkonulkomaanapu.fi\/#organization","name":"Kirkon Ulkomaanapu","alternateName":"KUA","url":"https:\/\/www.kirkonulkomaanapu.fi\/","logo":{"@type":"ImageObject","inLanguage":"en-US","@id":"https:\/\/www.kirkonulkomaanapu.fi\/#\/schema\/logo\/image\/","url":"https:\/\/www.kirkonulkomaanapu.fi\/wp-content\/uploads\/2026\/02\/Kirkon-ulkomaanapu-logo-1.png","contentUrl":"https:\/\/www.kirkonulkomaanapu.fi\/wp-content\/uploads\/2026\/02\/Kirkon-ulkomaanapu-logo-1.png","width":225,"height":225,"caption":"Kirkon Ulkomaanapu"},"image":{"@id":"https:\/\/www.kirkonulkomaanapu.fi\/#\/schema\/logo\/image\/"},"sameAs":["https:\/\/www.facebook.com\/Ulkomaanapu\/","https:\/\/www.youtube.com\/user\/kirkonulkomaanapu","https:\/\/instagram.com\/kirkon_ulkomaanapu\/","https:\/\/www.linkedin.com\/company\/finn-church-aid\/"]}]}},"_links":{"self":[{"href":"https:\/\/www.kirkonulkomaanapu.fi\/en\/wp-json\/wp\/v2\/pages\/77279","targetHints":{"allow":["GET"]}}],"collection":[{"href":"https:\/\/www.kirkonulkomaanapu.fi\/en\/wp-json\/wp\/v2\/pages"}],"about":[{"href":"https:\/\/www.kirkonulkomaanapu.fi\/en\/wp-json\/wp\/v2\/types\/page"}],"author":[{"embeddable":true,"href":"https:\/\/www.kirkonulkomaanapu.fi\/en\/wp-json\/wp\/v2\/users\/77"}],"replies":[{"embeddable":true,"href":"https:\/\/www.kirkonulkomaanapu.fi\/en\/wp-json\/wp\/v2\/comments?post=77279"}],"version-history":[{"count":3,"href":"https:\/\/www.kirkonulkomaanapu.fi\/en\/wp-json\/wp\/v2\/pages\/77279\/revisions"}],"predecessor-version":[{"id":93867,"href":"https:\/\/www.kirkonulkomaanapu.fi\/en\/wp-json\/wp\/v2\/pages\/77279\/revisions\/93867"}],"up":[{"embeddable":true,"href":"https:\/\/www.kirkonulkomaanapu.fi\/en\/wp-json\/wp\/v2\/pages\/2859"}],"wp:attachment":[{"href":"https:\/\/www.kirkonulkomaanapu.fi\/en\/wp-json\/wp\/v2\/media?parent=77279"}],"curies":[{"name":"wp","href":"https:\/\/api.w.org\/{rel}","templated":true}]}}