{"id":76063,"date":"2016-07-27T10:10:13","date_gmt":"2016-07-27T07:10:13","guid":{"rendered":"https:\/\/www.kirkonulkomaanapu.fi\/en\/?page_id=76063"},"modified":"2016-07-27T10:10:13","modified_gmt":"2016-07-27T07:10:13","slug":"administration","status":"publish","type":"page","link":"https:\/\/www.kirkonulkomaanapu.fi\/en\/us\/annual-report-2015\/administration\/","title":{"rendered":"Administration"},"content":{"rendered":"<p>The Finn Church Aid Foundation is governed by an eleven-member Board of Directors appointed by the foreign affairs committee of the church. The Board is supported by a four-member working subcommittee. The Board convened five times in 2015. In addition, the working subcommittee held six email meetings and convened once with the audit committee.<\/p>\n<p><strong>Board of Directors in 2015<\/strong><\/p>\n<p>Chair:Tarja Kantola, International Adviser<br \/>\nVice-Chair:Tapio Luoma, Bishop<\/p>\n<p><strong>Members<\/strong><br \/>\nSixten Ekstrand, Director<br \/>\nPekka Haavisto, Member of Parliament<br \/>\nKatri Korolainen, Head Secretary<br \/>\nKimmo K\u00e4\u00e4ri\u00e4inen, Ecclesiastical Counsellor<br \/>\nTapio Luoma, Bishop<br \/>\nReetta Meril\u00e4inen, Journalist<br \/>\nRitva Ohmeroluoma, MBA<br \/>\nOlli-Pekka Silfverhuth, Vicar<br \/>\nHelena Tuominen, Diocesan Secretary<br \/>\nKent Wilska, Commercial Counsellor<\/p>\n<p><strong>Deputy Members<\/strong><br \/>\nTuomas Aho, Attorney<br \/>\nIlkka Mattila, Director<br \/>\nMilla Perukangas, Master of Social Sciences<br \/>\nSecretary: Jouni Hemberg, Executive Director<\/p>\n<p><strong>Working Subcommittee<\/strong><br \/>\nThe subcommittee was chaired by Tarja Kantola<br \/>\n(deputy Tapio Luoma)<\/p>\n<p><strong>Members of the Subcommittee<\/strong><br \/>\nHelena Tuominen (deputy Sixten Ekstrand)<br \/>\nKent Wilska (deputy Tuomas Aho)<br \/>\nTapio Luoma (no deputy assigned)<br \/>\nThe secretary of the subcommittee was Jouni Hemberg<\/p>\n<p><strong>Expert members invited by the Board<\/strong><br \/>\nHeikki Huttunen, General Secretary, Finnish Ecumenical Council<br \/>\nRisto Jukko, Director, Office for Global Mission, Evangelical Lutheran<br \/>\nChurch of Finland<br \/>\nKalle Kuusim\u00e4ki, Director of Diaconia, Evangelical Lutheran<br \/>\nChurch of Finland<br \/>\nRiina Nguyen, Executive Director, International Diaconia and Mission<br \/>\nof the Orthodox Church<\/p>\n<p><strong>Members of the Board of Directors\u2019 audit committee in 2015<\/strong><br \/>\nRitva Ohmeroluoma (chair), Tuomas Aho and Katri Korolainen.<br \/>\nAntti Pentik\u00e4inen worked as the Executive Director of Finn<br \/>\nChurch Aid until 30 April 2015, when he began a three-year leave,<br \/>\nduring which he will work as the as Head of Secretariat of the<br \/>\nNetwork for Religious and Traditional Peacemakers led by FCA.<br \/>\nSince 1 May 2015, Jouni Hemberg has worked as interim Executive<br \/>\nDirector.<\/p>\n<p>Executive Director Jouni Hemberg represented Finn Church Aid<br \/>\nin the following cooperation organisations: Departmen for Foreign<br \/>\nAffairs, Evangelical Lutheran Church of Finland; Committee for<br \/>\nGlobal Mission, Evangelical Lutheran Church of Finland; Red Nose<br \/>\nFoundation; Orthodox Church Aid and Mission Filantropia; Common<br \/>\nResponsibility Campaign; National Commission on Sustainable<br \/>\nDevelopment; National Board for the Prevention of Violent<br \/>\nRadicalisation and Extremism.<\/p>\n","protected":false},"excerpt":{"rendered":"<p>The Finn Church Aid Foundation is governed by an eleven-member Board of Directors appointed by the foreign affairs committee of the church. The Board is supported by a four-member working subcommittee. The Board convened five times in 2015. In addition, the working subcommittee held six email meetings and convened once with the audit committee. Board [&hellip;]<\/p>\n","protected":false},"author":61,"featured_media":76031,"parent":75508,"menu_order":0,"comment_status":"closed","ping_status":"closed","template":"page-templates\/vuosikertomus.php","meta":{"_acf_changed":false,"_relevanssi_hide_post":"","_relevanssi_hide_content":"","_relevanssi_pin_for_all":"","_relevanssi_pin_keywords":"","_relevanssi_unpin_keywords":"","_relevanssi_related_keywords":"","_relevanssi_related_include_ids":"","_relevanssi_related_exclude_ids":"","_relevanssi_related_no_append":"","_relevanssi_related_not_related":"","_relevanssi_related_posts":"","_relevanssi_noindex_reason":"","_improvement_type_select":"improve_an_existing","_thumb_yes_seoaic":false,"_frame_yes_seoaic":false,"seoaic_generate_description":"","seoaic_improve_instructions_prompt":"","seoaic_rollback_content_improvement":"","seoaic_idea_thumbnail_generator":"","thumbnail_generated":false,"thumbnail_generate_prompt":"","seoaic_article_description":"","footnotes":""},"class_list":["post-76063","page","type-page","status-publish","has-post-thumbnail","hentry"],"acf":[],"yoast_head":"<!-- This site is optimized with the Yoast SEO plugin v26.9 - https:\/\/yoast.com\/product\/yoast-seo-wordpress\/ -->\n<title>Administration - FCA Finn Church Aid<\/title>\n<meta name=\"robots\" content=\"index, follow, max-snippet:-1, max-image-preview:large, max-video-preview:-1\" \/>\n<link rel=\"canonical\" href=\"https:\/\/www.fcakenya.co.ke\/us\/annual-report-2015\/administration\/\" \/>\n<meta property=\"og:locale\" content=\"en_US\" \/>\n<meta property=\"og:type\" content=\"article\" \/>\n<meta property=\"og:title\" content=\"Administration - FCA Finn Church Aid\" \/>\n<meta property=\"og:description\" content=\"The Finn Church Aid Foundation is governed by an eleven-member Board of Directors appointed by the foreign affairs committee of the church. The Board is supported by a four-member working subcommittee. The Board convened five times in 2015. In addition, the working subcommittee held six email meetings and convened once with the audit committee. Board [&hellip;]\" \/>\n<meta property=\"og:url\" content=\"https:\/\/www.fcakenya.co.ke\/us\/annual-report-2015\/administration\/\" \/>\n<meta property=\"og:site_name\" content=\"FCA Finn Church Aid\" \/>\n<meta property=\"article:publisher\" content=\"https:\/\/www.facebook.com\/Ulkomaanapu\/\" \/>\n<meta property=\"og:image\" content=\"https:\/\/www.kirkonulkomaanapu.fi\/wp-content\/uploads\/2016\/07\/hallitus-kuva-AR9A8252-1.jpg\" \/>\n\t<meta property=\"og:image:width\" content=\"1200\" \/>\n\t<meta property=\"og:image:height\" content=\"827\" \/>\n\t<meta property=\"og:image:type\" content=\"image\/jpeg\" \/>\n<meta name=\"twitter:label1\" content=\"Est. reading time\" \/>\n\t<meta name=\"twitter:data1\" content=\"2 minutes\" \/>\n<script type=\"application\/ld+json\" class=\"yoast-schema-graph\">{\"@context\":\"https:\/\/schema.org\",\"@graph\":[{\"@type\":\"WebPage\",\"@id\":\"https:\/\/www.fcakenya.co.ke\/us\/annual-report-2015\/administration\/\",\"url\":\"https:\/\/www.fcakenya.co.ke\/us\/annual-report-2015\/administration\/\",\"name\":\"Administration - FCA Finn Church Aid\",\"isPartOf\":{\"@id\":\"https:\/\/www.kirkonulkomaanapu.fi\/#website\"},\"primaryImageOfPage\":{\"@id\":\"https:\/\/www.fcakenya.co.ke\/us\/annual-report-2015\/administration\/#primaryimage\"},\"image\":{\"@id\":\"https:\/\/www.fcakenya.co.ke\/us\/annual-report-2015\/administration\/#primaryimage\"},\"thumbnailUrl\":\"https:\/\/www.kirkonulkomaanapu.fi\/wp-content\/uploads\/2016\/07\/hallitus-kuva-AR9A8252-1.jpg\",\"datePublished\":\"2016-07-27T07:10:13+00:00\",\"breadcrumb\":{\"@id\":\"https:\/\/www.fcakenya.co.ke\/us\/annual-report-2015\/administration\/#breadcrumb\"},\"inLanguage\":\"en-US\",\"potentialAction\":[{\"@type\":\"ReadAction\",\"target\":[\"https:\/\/www.fcakenya.co.ke\/us\/annual-report-2015\/administration\/\"]}]},{\"@type\":\"ImageObject\",\"inLanguage\":\"en-US\",\"@id\":\"https:\/\/www.fcakenya.co.ke\/us\/annual-report-2015\/administration\/#primaryimage\",\"url\":\"https:\/\/www.kirkonulkomaanapu.fi\/wp-content\/uploads\/2016\/07\/hallitus-kuva-AR9A8252-1.jpg\",\"contentUrl\":\"https:\/\/www.kirkonulkomaanapu.fi\/wp-content\/uploads\/2016\/07\/hallitus-kuva-AR9A8252-1.jpg\",\"width\":1200,\"height\":827},{\"@type\":\"BreadcrumbList\",\"@id\":\"https:\/\/www.fcakenya.co.ke\/us\/annual-report-2015\/administration\/#breadcrumb\",\"itemListElement\":[{\"@type\":\"ListItem\",\"position\":1,\"name\":\"Home\",\"item\":\"https:\/\/www.kirkonulkomaanapu.fi\/en\/\"},{\"@type\":\"ListItem\",\"position\":2,\"name\":\"About us\",\"item\":\"https:\/\/www.kirkonulkomaanapu.fi\/en\/us\/\"},{\"@type\":\"ListItem\",\"position\":3,\"name\":\"ANNUAL REPORT 2015\",\"item\":\"https:\/\/www.kirkonulkomaanapu.fi\/en\/us\/annual-report-2015\/\"},{\"@type\":\"ListItem\",\"position\":4,\"name\":\"Administration\"}]},{\"@type\":\"WebSite\",\"@id\":\"https:\/\/www.kirkonulkomaanapu.fi\/#website\",\"url\":\"https:\/\/www.kirkonulkomaanapu.fi\/\",\"name\":\"Kirkon Ulkomaanapu\",\"description\":\"Suomen suurin kehitysyhteisty\u00f6j\u00e4rjest\u00f6\",\"publisher\":{\"@id\":\"https:\/\/www.kirkonulkomaanapu.fi\/#organization\"},\"alternateName\":\"KUA\",\"potentialAction\":[{\"@type\":\"SearchAction\",\"target\":{\"@type\":\"EntryPoint\",\"urlTemplate\":\"https:\/\/www.kirkonulkomaanapu.fi\/?s={search_term_string}\"},\"query-input\":{\"@type\":\"PropertyValueSpecification\",\"valueRequired\":true,\"valueName\":\"search_term_string\"}}],\"inLanguage\":\"en-US\"},{\"@type\":\"Organization\",\"@id\":\"https:\/\/www.kirkonulkomaanapu.fi\/#organization\",\"name\":\"Kirkon Ulkomaanapu\",\"alternateName\":\"KUA\",\"url\":\"https:\/\/www.kirkonulkomaanapu.fi\/\",\"logo\":{\"@type\":\"ImageObject\",\"inLanguage\":\"en-US\",\"@id\":\"https:\/\/www.kirkonulkomaanapu.fi\/#\/schema\/logo\/image\/\",\"url\":\"https:\/\/www.kirkonulkomaanapu.fi\/wp-content\/uploads\/2026\/02\/Kirkon-ulkomaanapu-logo-1.png\",\"contentUrl\":\"https:\/\/www.kirkonulkomaanapu.fi\/wp-content\/uploads\/2026\/02\/Kirkon-ulkomaanapu-logo-1.png\",\"width\":225,\"height\":225,\"caption\":\"Kirkon Ulkomaanapu\"},\"image\":{\"@id\":\"https:\/\/www.kirkonulkomaanapu.fi\/#\/schema\/logo\/image\/\"},\"sameAs\":[\"https:\/\/www.facebook.com\/Ulkomaanapu\/\",\"https:\/\/www.youtube.com\/user\/kirkonulkomaanapu\",\"https:\/\/instagram.com\/kirkon_ulkomaanapu\/\",\"https:\/\/www.linkedin.com\/company\/finn-church-aid\/\"]}]}<\/script>\n<!-- \/ Yoast SEO plugin. -->","yoast_head_json":{"title":"Administration - FCA Finn Church Aid","robots":{"index":"index","follow":"follow","max-snippet":"max-snippet:-1","max-image-preview":"max-image-preview:large","max-video-preview":"max-video-preview:-1"},"canonical":"https:\/\/www.fcakenya.co.ke\/us\/annual-report-2015\/administration\/","og_locale":"en_US","og_type":"article","og_title":"Administration - FCA Finn Church Aid","og_description":"The Finn Church Aid Foundation is governed by an eleven-member Board of Directors appointed by the foreign affairs committee of the church. The Board is supported by a four-member working subcommittee. The Board convened five times in 2015. In addition, the working subcommittee held six email meetings and convened once with the audit committee. Board [&hellip;]","og_url":"https:\/\/www.fcakenya.co.ke\/us\/annual-report-2015\/administration\/","og_site_name":"FCA Finn Church Aid","article_publisher":"https:\/\/www.facebook.com\/Ulkomaanapu\/","og_image":[{"width":1200,"height":827,"url":"https:\/\/www.kirkonulkomaanapu.fi\/wp-content\/uploads\/2016\/07\/hallitus-kuva-AR9A8252-1.jpg","type":"image\/jpeg"}],"twitter_misc":{"Est. reading time":"2 minutes"},"schema":{"@context":"https:\/\/schema.org","@graph":[{"@type":"WebPage","@id":"https:\/\/www.fcakenya.co.ke\/us\/annual-report-2015\/administration\/","url":"https:\/\/www.fcakenya.co.ke\/us\/annual-report-2015\/administration\/","name":"Administration - FCA Finn Church Aid","isPartOf":{"@id":"https:\/\/www.kirkonulkomaanapu.fi\/#website"},"primaryImageOfPage":{"@id":"https:\/\/www.fcakenya.co.ke\/us\/annual-report-2015\/administration\/#primaryimage"},"image":{"@id":"https:\/\/www.fcakenya.co.ke\/us\/annual-report-2015\/administration\/#primaryimage"},"thumbnailUrl":"https:\/\/www.kirkonulkomaanapu.fi\/wp-content\/uploads\/2016\/07\/hallitus-kuva-AR9A8252-1.jpg","datePublished":"2016-07-27T07:10:13+00:00","breadcrumb":{"@id":"https:\/\/www.fcakenya.co.ke\/us\/annual-report-2015\/administration\/#breadcrumb"},"inLanguage":"en-US","potentialAction":[{"@type":"ReadAction","target":["https:\/\/www.fcakenya.co.ke\/us\/annual-report-2015\/administration\/"]}]},{"@type":"ImageObject","inLanguage":"en-US","@id":"https:\/\/www.fcakenya.co.ke\/us\/annual-report-2015\/administration\/#primaryimage","url":"https:\/\/www.kirkonulkomaanapu.fi\/wp-content\/uploads\/2016\/07\/hallitus-kuva-AR9A8252-1.jpg","contentUrl":"https:\/\/www.kirkonulkomaanapu.fi\/wp-content\/uploads\/2016\/07\/hallitus-kuva-AR9A8252-1.jpg","width":1200,"height":827},{"@type":"BreadcrumbList","@id":"https:\/\/www.fcakenya.co.ke\/us\/annual-report-2015\/administration\/#breadcrumb","itemListElement":[{"@type":"ListItem","position":1,"name":"Home","item":"https:\/\/www.kirkonulkomaanapu.fi\/en\/"},{"@type":"ListItem","position":2,"name":"About us","item":"https:\/\/www.kirkonulkomaanapu.fi\/en\/us\/"},{"@type":"ListItem","position":3,"name":"ANNUAL REPORT 2015","item":"https:\/\/www.kirkonulkomaanapu.fi\/en\/us\/annual-report-2015\/"},{"@type":"ListItem","position":4,"name":"Administration"}]},{"@type":"WebSite","@id":"https:\/\/www.kirkonulkomaanapu.fi\/#website","url":"https:\/\/www.kirkonulkomaanapu.fi\/","name":"Kirkon Ulkomaanapu","description":"Suomen suurin kehitysyhteisty\u00f6j\u00e4rjest\u00f6","publisher":{"@id":"https:\/\/www.kirkonulkomaanapu.fi\/#organization"},"alternateName":"KUA","potentialAction":[{"@type":"SearchAction","target":{"@type":"EntryPoint","urlTemplate":"https:\/\/www.kirkonulkomaanapu.fi\/?s={search_term_string}"},"query-input":{"@type":"PropertyValueSpecification","valueRequired":true,"valueName":"search_term_string"}}],"inLanguage":"en-US"},{"@type":"Organization","@id":"https:\/\/www.kirkonulkomaanapu.fi\/#organization","name":"Kirkon Ulkomaanapu","alternateName":"KUA","url":"https:\/\/www.kirkonulkomaanapu.fi\/","logo":{"@type":"ImageObject","inLanguage":"en-US","@id":"https:\/\/www.kirkonulkomaanapu.fi\/#\/schema\/logo\/image\/","url":"https:\/\/www.kirkonulkomaanapu.fi\/wp-content\/uploads\/2026\/02\/Kirkon-ulkomaanapu-logo-1.png","contentUrl":"https:\/\/www.kirkonulkomaanapu.fi\/wp-content\/uploads\/2026\/02\/Kirkon-ulkomaanapu-logo-1.png","width":225,"height":225,"caption":"Kirkon Ulkomaanapu"},"image":{"@id":"https:\/\/www.kirkonulkomaanapu.fi\/#\/schema\/logo\/image\/"},"sameAs":["https:\/\/www.facebook.com\/Ulkomaanapu\/","https:\/\/www.youtube.com\/user\/kirkonulkomaanapu","https:\/\/instagram.com\/kirkon_ulkomaanapu\/","https:\/\/www.linkedin.com\/company\/finn-church-aid\/"]}]}},"_links":{"self":[{"href":"https:\/\/www.kirkonulkomaanapu.fi\/en\/wp-json\/wp\/v2\/pages\/76063","targetHints":{"allow":["GET"]}}],"collection":[{"href":"https:\/\/www.kirkonulkomaanapu.fi\/en\/wp-json\/wp\/v2\/pages"}],"about":[{"href":"https:\/\/www.kirkonulkomaanapu.fi\/en\/wp-json\/wp\/v2\/types\/page"}],"author":[{"embeddable":true,"href":"https:\/\/www.kirkonulkomaanapu.fi\/en\/wp-json\/wp\/v2\/users\/61"}],"replies":[{"embeddable":true,"href":"https:\/\/www.kirkonulkomaanapu.fi\/en\/wp-json\/wp\/v2\/comments?post=76063"}],"version-history":[{"count":1,"href":"https:\/\/www.kirkonulkomaanapu.fi\/en\/wp-json\/wp\/v2\/pages\/76063\/revisions"}],"predecessor-version":[{"id":76064,"href":"https:\/\/www.kirkonulkomaanapu.fi\/en\/wp-json\/wp\/v2\/pages\/76063\/revisions\/76064"}],"up":[{"embeddable":true,"href":"https:\/\/www.kirkonulkomaanapu.fi\/en\/wp-json\/wp\/v2\/pages\/75508"}],"wp:featuredmedia":[{"embeddable":true,"href":"https:\/\/www.kirkonulkomaanapu.fi\/en\/wp-json\/wp\/v2\/media\/76031"}],"wp:attachment":[{"href":"https:\/\/www.kirkonulkomaanapu.fi\/en\/wp-json\/wp\/v2\/media?parent=76063"}],"curies":[{"name":"wp","href":"https:\/\/api.w.org\/{rel}","templated":true}]}}