{"id":76047,"date":"2016-07-27T09:14:51","date_gmt":"2016-07-27T06:14:51","guid":{"rendered":"https:\/\/www.kirkonulkomaanapu.fi\/en\/?page_id=76047"},"modified":"2016-07-27T09:14:51","modified_gmt":"2016-07-27T06:14:51","slug":"eappi-offered-protective-presence","status":"publish","type":"page","link":"https:\/\/www.kirkonulkomaanapu.fi\/en\/us\/annual-report-2015\/eappi-offered-protective-presence\/","title":{"rendered":"EAPPI offered protective presence"},"content":{"rendered":"<p>The Ecumenical Accompaniment Programme in Palestine and Israel (EAPPI) is an international programme coordinated by the World Council of Churches globally and by FCA in Finland. In 2015, FCA celebrated its 10th year in the programme, and sent 13 Ecumenical Accompaniers (EAs) to the West Bank.<\/p>\n<p>The EAs offer protective presence to vulnerable communities, monitor the local human rights situation, and advocate for a just resolution to the Israeli-Palestinian conflict based on international law. This year, EAs accompanied 3,800 children and 300 teachers to 26 schools across the West Bank.<\/p>\n<p>In Finland, EAs spoke publically about their experiences and arranged photo exhibitions, movie screenings and other events that attracted thousands of people.<\/p>\n","protected":false},"excerpt":{"rendered":"<p>The Ecumenical Accompaniment Programme in Palestine and Israel (EAPPI) is an international programme coordinated by the World Council of Churches globally and by FCA in Finland. In 2015, FCA celebrated its 10th year in the programme, and sent 13 Ecumenical Accompaniers (EAs) to the West Bank. The EAs offer protective presence to vulnerable communities, monitor [&hellip;]<\/p>\n","protected":false},"author":61,"featured_media":76002,"parent":75508,"menu_order":0,"comment_status":"closed","ping_status":"closed","template":"page-templates\/vuosikertomus.php","meta":{"_acf_changed":false,"_relevanssi_hide_post":"","_relevanssi_hide_content":"","_relevanssi_pin_for_all":"","_relevanssi_pin_keywords":"","_relevanssi_unpin_keywords":"","_relevanssi_related_keywords":"","_relevanssi_related_include_ids":"","_relevanssi_related_exclude_ids":"","_relevanssi_related_no_append":"","_relevanssi_related_not_related":"","_relevanssi_related_posts":"","_relevanssi_noindex_reason":"","_improvement_type_select":"improve_an_existing","_thumb_yes_seoaic":false,"_frame_yes_seoaic":false,"seoaic_generate_description":"","seoaic_improve_instructions_prompt":"","seoaic_rollback_content_improvement":"","seoaic_idea_thumbnail_generator":"","thumbnail_generated":false,"thumbnail_generate_prompt":"","seoaic_article_description":"","footnotes":""},"class_list":["post-76047","page","type-page","status-publish","has-post-thumbnail","hentry"],"acf":[],"yoast_head":"<!-- This site is optimized with the Yoast SEO plugin v26.9 - https:\/\/yoast.com\/product\/yoast-seo-wordpress\/ -->\n<title>EAPPI offered protective presence - FCA Finn Church Aid<\/title>\n<meta name=\"robots\" content=\"index, follow, max-snippet:-1, max-image-preview:large, max-video-preview:-1\" \/>\n<link rel=\"canonical\" href=\"https:\/\/www.fcakenya.co.ke\/sv\/us\/annual-report-2015\/eappi-offered-protective-presence\/\" \/>\n<meta property=\"og:locale\" content=\"en_US\" \/>\n<meta property=\"og:type\" content=\"article\" \/>\n<meta property=\"og:title\" content=\"EAPPI offered protective presence - FCA Finn Church Aid\" \/>\n<meta property=\"og:description\" content=\"The Ecumenical Accompaniment Programme in Palestine and Israel (EAPPI) is an international programme coordinated by the World Council of Churches globally and by FCA in Finland. In 2015, FCA celebrated its 10th year in the programme, and sent 13 Ecumenical Accompaniers (EAs) to the West Bank. The EAs offer protective presence to vulnerable communities, monitor [&hellip;]\" \/>\n<meta property=\"og:url\" content=\"https:\/\/www.fcakenya.co.ke\/sv\/us\/annual-report-2015\/eappi-offered-protective-presence\/\" \/>\n<meta property=\"og:site_name\" content=\"FCA Finn Church Aid\" \/>\n<meta property=\"article:publisher\" content=\"https:\/\/www.facebook.com\/Ulkomaanapu\/\" \/>\n<meta property=\"og:image\" content=\"https:\/\/www.kirkonulkomaanapu.fi\/wp-content\/uploads\/2016\/07\/EAPPI_WEB_Suvi-koululla_kuva-Kaisa-Honkala.jpg\" \/>\n\t<meta property=\"og:image:width\" content=\"1200\" \/>\n\t<meta property=\"og:image:height\" content=\"1149\" \/>\n\t<meta property=\"og:image:type\" content=\"image\/jpeg\" \/>\n<meta name=\"twitter:label1\" content=\"Est. reading time\" \/>\n\t<meta name=\"twitter:data1\" content=\"1 minute\" \/>\n<script type=\"application\/ld+json\" class=\"yoast-schema-graph\">{\"@context\":\"https:\/\/schema.org\",\"@graph\":[{\"@type\":\"WebPage\",\"@id\":\"https:\/\/www.fcakenya.co.ke\/sv\/us\/annual-report-2015\/eappi-offered-protective-presence\/\",\"url\":\"https:\/\/www.fcakenya.co.ke\/sv\/us\/annual-report-2015\/eappi-offered-protective-presence\/\",\"name\":\"EAPPI offered protective presence - FCA Finn Church Aid\",\"isPartOf\":{\"@id\":\"https:\/\/www.kirkonulkomaanapu.fi\/#website\"},\"primaryImageOfPage\":{\"@id\":\"https:\/\/www.fcakenya.co.ke\/sv\/us\/annual-report-2015\/eappi-offered-protective-presence\/#primaryimage\"},\"image\":{\"@id\":\"https:\/\/www.fcakenya.co.ke\/sv\/us\/annual-report-2015\/eappi-offered-protective-presence\/#primaryimage\"},\"thumbnailUrl\":\"https:\/\/www.kirkonulkomaanapu.fi\/wp-content\/uploads\/2016\/07\/EAPPI_WEB_Suvi-koululla_kuva-Kaisa-Honkala.jpg\",\"datePublished\":\"2016-07-27T06:14:51+00:00\",\"breadcrumb\":{\"@id\":\"https:\/\/www.fcakenya.co.ke\/sv\/us\/annual-report-2015\/eappi-offered-protective-presence\/#breadcrumb\"},\"inLanguage\":\"en-US\",\"potentialAction\":[{\"@type\":\"ReadAction\",\"target\":[\"https:\/\/www.fcakenya.co.ke\/sv\/us\/annual-report-2015\/eappi-offered-protective-presence\/\"]}]},{\"@type\":\"ImageObject\",\"inLanguage\":\"en-US\",\"@id\":\"https:\/\/www.fcakenya.co.ke\/sv\/us\/annual-report-2015\/eappi-offered-protective-presence\/#primaryimage\",\"url\":\"https:\/\/www.kirkonulkomaanapu.fi\/wp-content\/uploads\/2016\/07\/EAPPI_WEB_Suvi-koululla_kuva-Kaisa-Honkala.jpg\",\"contentUrl\":\"https:\/\/www.kirkonulkomaanapu.fi\/wp-content\/uploads\/2016\/07\/EAPPI_WEB_Suvi-koululla_kuva-Kaisa-Honkala.jpg\",\"width\":1200,\"height\":1149},{\"@type\":\"BreadcrumbList\",\"@id\":\"https:\/\/www.fcakenya.co.ke\/sv\/us\/annual-report-2015\/eappi-offered-protective-presence\/#breadcrumb\",\"itemListElement\":[{\"@type\":\"ListItem\",\"position\":1,\"name\":\"Home\",\"item\":\"https:\/\/www.kirkonulkomaanapu.fi\/en\/\"},{\"@type\":\"ListItem\",\"position\":2,\"name\":\"About us\",\"item\":\"https:\/\/www.kirkonulkomaanapu.fi\/en\/us\/\"},{\"@type\":\"ListItem\",\"position\":3,\"name\":\"ANNUAL REPORT 2015\",\"item\":\"https:\/\/www.kirkonulkomaanapu.fi\/en\/us\/annual-report-2015\/\"},{\"@type\":\"ListItem\",\"position\":4,\"name\":\"EAPPI offered protective presence\"}]},{\"@type\":\"WebSite\",\"@id\":\"https:\/\/www.kirkonulkomaanapu.fi\/#website\",\"url\":\"https:\/\/www.kirkonulkomaanapu.fi\/\",\"name\":\"Kirkon Ulkomaanapu\",\"description\":\"Suomen suurin kehitysyhteisty\u00f6j\u00e4rjest\u00f6\",\"publisher\":{\"@id\":\"https:\/\/www.kirkonulkomaanapu.fi\/#organization\"},\"alternateName\":\"KUA\",\"potentialAction\":[{\"@type\":\"SearchAction\",\"target\":{\"@type\":\"EntryPoint\",\"urlTemplate\":\"https:\/\/www.kirkonulkomaanapu.fi\/?s={search_term_string}\"},\"query-input\":{\"@type\":\"PropertyValueSpecification\",\"valueRequired\":true,\"valueName\":\"search_term_string\"}}],\"inLanguage\":\"en-US\"},{\"@type\":\"Organization\",\"@id\":\"https:\/\/www.kirkonulkomaanapu.fi\/#organization\",\"name\":\"Kirkon Ulkomaanapu\",\"alternateName\":\"KUA\",\"url\":\"https:\/\/www.kirkonulkomaanapu.fi\/\",\"logo\":{\"@type\":\"ImageObject\",\"inLanguage\":\"en-US\",\"@id\":\"https:\/\/www.kirkonulkomaanapu.fi\/#\/schema\/logo\/image\/\",\"url\":\"https:\/\/www.kirkonulkomaanapu.fi\/wp-content\/uploads\/2026\/02\/Kirkon-ulkomaanapu-logo-1.png\",\"contentUrl\":\"https:\/\/www.kirkonulkomaanapu.fi\/wp-content\/uploads\/2026\/02\/Kirkon-ulkomaanapu-logo-1.png\",\"width\":225,\"height\":225,\"caption\":\"Kirkon Ulkomaanapu\"},\"image\":{\"@id\":\"https:\/\/www.kirkonulkomaanapu.fi\/#\/schema\/logo\/image\/\"},\"sameAs\":[\"https:\/\/www.facebook.com\/Ulkomaanapu\/\",\"https:\/\/www.youtube.com\/user\/kirkonulkomaanapu\",\"https:\/\/instagram.com\/kirkon_ulkomaanapu\/\",\"https:\/\/www.linkedin.com\/company\/finn-church-aid\/\"]}]}<\/script>\n<!-- \/ Yoast SEO plugin. -->","yoast_head_json":{"title":"EAPPI offered protective presence - FCA Finn Church Aid","robots":{"index":"index","follow":"follow","max-snippet":"max-snippet:-1","max-image-preview":"max-image-preview:large","max-video-preview":"max-video-preview:-1"},"canonical":"https:\/\/www.fcakenya.co.ke\/sv\/us\/annual-report-2015\/eappi-offered-protective-presence\/","og_locale":"en_US","og_type":"article","og_title":"EAPPI offered protective presence - FCA Finn Church Aid","og_description":"The Ecumenical Accompaniment Programme in Palestine and Israel (EAPPI) is an international programme coordinated by the World Council of Churches globally and by FCA in Finland. In 2015, FCA celebrated its 10th year in the programme, and sent 13 Ecumenical Accompaniers (EAs) to the West Bank. The EAs offer protective presence to vulnerable communities, monitor [&hellip;]","og_url":"https:\/\/www.fcakenya.co.ke\/sv\/us\/annual-report-2015\/eappi-offered-protective-presence\/","og_site_name":"FCA Finn Church Aid","article_publisher":"https:\/\/www.facebook.com\/Ulkomaanapu\/","og_image":[{"width":1200,"height":1149,"url":"https:\/\/www.kirkonulkomaanapu.fi\/wp-content\/uploads\/2016\/07\/EAPPI_WEB_Suvi-koululla_kuva-Kaisa-Honkala.jpg","type":"image\/jpeg"}],"twitter_misc":{"Est. reading time":"1 minute"},"schema":{"@context":"https:\/\/schema.org","@graph":[{"@type":"WebPage","@id":"https:\/\/www.fcakenya.co.ke\/sv\/us\/annual-report-2015\/eappi-offered-protective-presence\/","url":"https:\/\/www.fcakenya.co.ke\/sv\/us\/annual-report-2015\/eappi-offered-protective-presence\/","name":"EAPPI offered protective presence - FCA Finn Church Aid","isPartOf":{"@id":"https:\/\/www.kirkonulkomaanapu.fi\/#website"},"primaryImageOfPage":{"@id":"https:\/\/www.fcakenya.co.ke\/sv\/us\/annual-report-2015\/eappi-offered-protective-presence\/#primaryimage"},"image":{"@id":"https:\/\/www.fcakenya.co.ke\/sv\/us\/annual-report-2015\/eappi-offered-protective-presence\/#primaryimage"},"thumbnailUrl":"https:\/\/www.kirkonulkomaanapu.fi\/wp-content\/uploads\/2016\/07\/EAPPI_WEB_Suvi-koululla_kuva-Kaisa-Honkala.jpg","datePublished":"2016-07-27T06:14:51+00:00","breadcrumb":{"@id":"https:\/\/www.fcakenya.co.ke\/sv\/us\/annual-report-2015\/eappi-offered-protective-presence\/#breadcrumb"},"inLanguage":"en-US","potentialAction":[{"@type":"ReadAction","target":["https:\/\/www.fcakenya.co.ke\/sv\/us\/annual-report-2015\/eappi-offered-protective-presence\/"]}]},{"@type":"ImageObject","inLanguage":"en-US","@id":"https:\/\/www.fcakenya.co.ke\/sv\/us\/annual-report-2015\/eappi-offered-protective-presence\/#primaryimage","url":"https:\/\/www.kirkonulkomaanapu.fi\/wp-content\/uploads\/2016\/07\/EAPPI_WEB_Suvi-koululla_kuva-Kaisa-Honkala.jpg","contentUrl":"https:\/\/www.kirkonulkomaanapu.fi\/wp-content\/uploads\/2016\/07\/EAPPI_WEB_Suvi-koululla_kuva-Kaisa-Honkala.jpg","width":1200,"height":1149},{"@type":"BreadcrumbList","@id":"https:\/\/www.fcakenya.co.ke\/sv\/us\/annual-report-2015\/eappi-offered-protective-presence\/#breadcrumb","itemListElement":[{"@type":"ListItem","position":1,"name":"Home","item":"https:\/\/www.kirkonulkomaanapu.fi\/en\/"},{"@type":"ListItem","position":2,"name":"About us","item":"https:\/\/www.kirkonulkomaanapu.fi\/en\/us\/"},{"@type":"ListItem","position":3,"name":"ANNUAL REPORT 2015","item":"https:\/\/www.kirkonulkomaanapu.fi\/en\/us\/annual-report-2015\/"},{"@type":"ListItem","position":4,"name":"EAPPI offered protective presence"}]},{"@type":"WebSite","@id":"https:\/\/www.kirkonulkomaanapu.fi\/#website","url":"https:\/\/www.kirkonulkomaanapu.fi\/","name":"Kirkon Ulkomaanapu","description":"Suomen suurin kehitysyhteisty\u00f6j\u00e4rjest\u00f6","publisher":{"@id":"https:\/\/www.kirkonulkomaanapu.fi\/#organization"},"alternateName":"KUA","potentialAction":[{"@type":"SearchAction","target":{"@type":"EntryPoint","urlTemplate":"https:\/\/www.kirkonulkomaanapu.fi\/?s={search_term_string}"},"query-input":{"@type":"PropertyValueSpecification","valueRequired":true,"valueName":"search_term_string"}}],"inLanguage":"en-US"},{"@type":"Organization","@id":"https:\/\/www.kirkonulkomaanapu.fi\/#organization","name":"Kirkon Ulkomaanapu","alternateName":"KUA","url":"https:\/\/www.kirkonulkomaanapu.fi\/","logo":{"@type":"ImageObject","inLanguage":"en-US","@id":"https:\/\/www.kirkonulkomaanapu.fi\/#\/schema\/logo\/image\/","url":"https:\/\/www.kirkonulkomaanapu.fi\/wp-content\/uploads\/2026\/02\/Kirkon-ulkomaanapu-logo-1.png","contentUrl":"https:\/\/www.kirkonulkomaanapu.fi\/wp-content\/uploads\/2026\/02\/Kirkon-ulkomaanapu-logo-1.png","width":225,"height":225,"caption":"Kirkon Ulkomaanapu"},"image":{"@id":"https:\/\/www.kirkonulkomaanapu.fi\/#\/schema\/logo\/image\/"},"sameAs":["https:\/\/www.facebook.com\/Ulkomaanapu\/","https:\/\/www.youtube.com\/user\/kirkonulkomaanapu","https:\/\/instagram.com\/kirkon_ulkomaanapu\/","https:\/\/www.linkedin.com\/company\/finn-church-aid\/"]}]}},"_links":{"self":[{"href":"https:\/\/www.kirkonulkomaanapu.fi\/en\/wp-json\/wp\/v2\/pages\/76047","targetHints":{"allow":["GET"]}}],"collection":[{"href":"https:\/\/www.kirkonulkomaanapu.fi\/en\/wp-json\/wp\/v2\/pages"}],"about":[{"href":"https:\/\/www.kirkonulkomaanapu.fi\/en\/wp-json\/wp\/v2\/types\/page"}],"author":[{"embeddable":true,"href":"https:\/\/www.kirkonulkomaanapu.fi\/en\/wp-json\/wp\/v2\/users\/61"}],"replies":[{"embeddable":true,"href":"https:\/\/www.kirkonulkomaanapu.fi\/en\/wp-json\/wp\/v2\/comments?post=76047"}],"version-history":[{"count":1,"href":"https:\/\/www.kirkonulkomaanapu.fi\/en\/wp-json\/wp\/v2\/pages\/76047\/revisions"}],"predecessor-version":[{"id":76048,"href":"https:\/\/www.kirkonulkomaanapu.fi\/en\/wp-json\/wp\/v2\/pages\/76047\/revisions\/76048"}],"up":[{"embeddable":true,"href":"https:\/\/www.kirkonulkomaanapu.fi\/en\/wp-json\/wp\/v2\/pages\/75508"}],"wp:featuredmedia":[{"embeddable":true,"href":"https:\/\/www.kirkonulkomaanapu.fi\/en\/wp-json\/wp\/v2\/media\/76002"}],"wp:attachment":[{"href":"https:\/\/www.kirkonulkomaanapu.fi\/en\/wp-json\/wp\/v2\/media?parent=76047"}],"curies":[{"name":"wp","href":"https:\/\/api.w.org\/{rel}","templated":true}]}}