{"id":76045,"date":"2016-07-27T09:15:59","date_gmt":"2016-07-27T06:15:59","guid":{"rendered":"https:\/\/www.kirkonulkomaanapu.fi\/en\/?page_id=76045"},"modified":"2016-07-27T09:15:59","modified_gmt":"2016-07-27T06:15:59","slug":"changemaker-put-together-chain-peace","status":"publish","type":"page","link":"https:\/\/www.kirkonulkomaanapu.fi\/en\/us\/annual-report-2015\/changemaker-put-together-chain-peace\/","title":{"rendered":"Changemaker put together a chain of peace"},"content":{"rendered":"<p>In 2015, the Changemaker youth network chose prevention of violent radicalisation as the theme of its advocacy work. Three panel discussions were organised in the Radicals of Peace campaign, and the campaign had visibility in ten events throughout the summer. During the campaign Changemaker also put together a chain of peace from 2,235 individual rings with ideas about peace written on them.<\/p>\n<p>Changemaker volunteers produced two issues of the Globalisti magazine. The spring issue focused on radicalisation in accordance with the campaign, and in the very topical autumn issue the theme was migration.<\/p>\n<p>The main training events of the network were two Changemaker weekends held in April and October, which attracted a record number of new members. The recruiting of new members was done particularly at Christian youth events, such as Oulugospel and the Maata n\u00e4kyviss\u00e4 festival. During the year, a total of 267 new members joined Changemaker.<\/p>\n<p>The local groups of the network were supported by creating concepts of activity that are easy to duplicate and by sharing experiences in the local group days organised in January and August. Also, new guidelines for Changemaker volunteers were published.<\/p>\n","protected":false},"excerpt":{"rendered":"<p>In 2015, the Changemaker youth network chose prevention of violent radicalisation as the theme of its advocacy work. Three panel discussions were organised in the Radicals of Peace campaign, and the campaign had visibility in ten events throughout the summer. During the campaign Changemaker also put together a chain of peace from 2,235 individual rings [&hellip;]<\/p>\n","protected":false},"author":61,"featured_media":75995,"parent":75508,"menu_order":0,"comment_status":"closed","ping_status":"closed","template":"page-templates\/vuosikertomus.php","meta":{"_acf_changed":false,"_relevanssi_hide_post":"","_relevanssi_hide_content":"","_relevanssi_pin_for_all":"","_relevanssi_pin_keywords":"","_relevanssi_unpin_keywords":"","_relevanssi_related_keywords":"","_relevanssi_related_include_ids":"","_relevanssi_related_exclude_ids":"","_relevanssi_related_no_append":"","_relevanssi_related_not_related":"","_relevanssi_related_posts":"","_relevanssi_noindex_reason":"","_improvement_type_select":"improve_an_existing","_thumb_yes_seoaic":false,"_frame_yes_seoaic":false,"seoaic_generate_description":"","seoaic_improve_instructions_prompt":"","seoaic_rollback_content_improvement":"","seoaic_idea_thumbnail_generator":"","thumbnail_generated":false,"thumbnail_generate_prompt":"","seoaic_article_description":"","footnotes":""},"class_list":["post-76045","page","type-page","status-publish","has-post-thumbnail","hentry"],"acf":[],"yoast_head":"<!-- This site is optimized with the Yoast SEO plugin v26.9 - https:\/\/yoast.com\/product\/yoast-seo-wordpress\/ -->\n<title>Changemaker put together a chain of peace - FCA Finn Church Aid<\/title>\n<meta name=\"robots\" content=\"index, follow, max-snippet:-1, max-image-preview:large, max-video-preview:-1\" \/>\n<link rel=\"canonical\" href=\"https:\/\/www.fcakenya.co.ke\/sv\/us\/annual-report-2015\/changemaker-put-together-chain-peace\/\" \/>\n<meta property=\"og:locale\" content=\"en_US\" \/>\n<meta property=\"og:type\" content=\"article\" \/>\n<meta property=\"og:title\" content=\"Changemaker put together a chain of peace - FCA Finn Church Aid\" \/>\n<meta property=\"og:description\" content=\"In 2015, the Changemaker youth network chose prevention of violent radicalisation as the theme of its advocacy work. Three panel discussions were organised in the Radicals of Peace campaign, and the campaign had visibility in ten events throughout the summer. During the campaign Changemaker also put together a chain of peace from 2,235 individual rings [&hellip;]\" \/>\n<meta property=\"og:url\" content=\"https:\/\/www.fcakenya.co.ke\/sv\/us\/annual-report-2015\/changemaker-put-together-chain-peace\/\" \/>\n<meta property=\"og:site_name\" content=\"FCA Finn Church Aid\" \/>\n<meta property=\"article:publisher\" content=\"https:\/\/www.facebook.com\/Ulkomaanapu\/\" \/>\n<meta property=\"og:image\" content=\"https:\/\/www.kirkonulkomaanapu.fi\/wp-content\/uploads\/2016\/07\/Changemaker_rauhankulkue_Sini-Tyvi-1.jpg\" \/>\n\t<meta property=\"og:image:width\" content=\"1200\" \/>\n\t<meta property=\"og:image:height\" content=\"900\" \/>\n\t<meta property=\"og:image:type\" content=\"image\/jpeg\" \/>\n<meta name=\"twitter:label1\" content=\"Est. reading time\" \/>\n\t<meta name=\"twitter:data1\" content=\"1 minute\" \/>\n<script type=\"application\/ld+json\" class=\"yoast-schema-graph\">{\"@context\":\"https:\/\/schema.org\",\"@graph\":[{\"@type\":\"WebPage\",\"@id\":\"https:\/\/www.fcakenya.co.ke\/sv\/us\/annual-report-2015\/changemaker-put-together-chain-peace\/\",\"url\":\"https:\/\/www.fcakenya.co.ke\/sv\/us\/annual-report-2015\/changemaker-put-together-chain-peace\/\",\"name\":\"Changemaker put together a chain of peace - FCA Finn Church Aid\",\"isPartOf\":{\"@id\":\"https:\/\/www.kirkonulkomaanapu.fi\/#website\"},\"primaryImageOfPage\":{\"@id\":\"https:\/\/www.fcakenya.co.ke\/sv\/us\/annual-report-2015\/changemaker-put-together-chain-peace\/#primaryimage\"},\"image\":{\"@id\":\"https:\/\/www.fcakenya.co.ke\/sv\/us\/annual-report-2015\/changemaker-put-together-chain-peace\/#primaryimage\"},\"thumbnailUrl\":\"https:\/\/www.kirkonulkomaanapu.fi\/wp-content\/uploads\/2016\/07\/Changemaker_rauhankulkue_Sini-Tyvi-1.jpg\",\"datePublished\":\"2016-07-27T06:15:59+00:00\",\"breadcrumb\":{\"@id\":\"https:\/\/www.fcakenya.co.ke\/sv\/us\/annual-report-2015\/changemaker-put-together-chain-peace\/#breadcrumb\"},\"inLanguage\":\"en-US\",\"potentialAction\":[{\"@type\":\"ReadAction\",\"target\":[\"https:\/\/www.fcakenya.co.ke\/sv\/us\/annual-report-2015\/changemaker-put-together-chain-peace\/\"]}]},{\"@type\":\"ImageObject\",\"inLanguage\":\"en-US\",\"@id\":\"https:\/\/www.fcakenya.co.ke\/sv\/us\/annual-report-2015\/changemaker-put-together-chain-peace\/#primaryimage\",\"url\":\"https:\/\/www.kirkonulkomaanapu.fi\/wp-content\/uploads\/2016\/07\/Changemaker_rauhankulkue_Sini-Tyvi-1.jpg\",\"contentUrl\":\"https:\/\/www.kirkonulkomaanapu.fi\/wp-content\/uploads\/2016\/07\/Changemaker_rauhankulkue_Sini-Tyvi-1.jpg\",\"width\":1200,\"height\":900},{\"@type\":\"BreadcrumbList\",\"@id\":\"https:\/\/www.fcakenya.co.ke\/sv\/us\/annual-report-2015\/changemaker-put-together-chain-peace\/#breadcrumb\",\"itemListElement\":[{\"@type\":\"ListItem\",\"position\":1,\"name\":\"Home\",\"item\":\"https:\/\/www.kirkonulkomaanapu.fi\/en\/\"},{\"@type\":\"ListItem\",\"position\":2,\"name\":\"About us\",\"item\":\"https:\/\/www.kirkonulkomaanapu.fi\/en\/us\/\"},{\"@type\":\"ListItem\",\"position\":3,\"name\":\"ANNUAL REPORT 2015\",\"item\":\"https:\/\/www.kirkonulkomaanapu.fi\/en\/us\/annual-report-2015\/\"},{\"@type\":\"ListItem\",\"position\":4,\"name\":\"Changemaker put together a chain of peace\"}]},{\"@type\":\"WebSite\",\"@id\":\"https:\/\/www.kirkonulkomaanapu.fi\/#website\",\"url\":\"https:\/\/www.kirkonulkomaanapu.fi\/\",\"name\":\"Kirkon Ulkomaanapu\",\"description\":\"Suomen suurin kehitysyhteisty\u00f6j\u00e4rjest\u00f6\",\"publisher\":{\"@id\":\"https:\/\/www.kirkonulkomaanapu.fi\/#organization\"},\"alternateName\":\"KUA\",\"potentialAction\":[{\"@type\":\"SearchAction\",\"target\":{\"@type\":\"EntryPoint\",\"urlTemplate\":\"https:\/\/www.kirkonulkomaanapu.fi\/?s={search_term_string}\"},\"query-input\":{\"@type\":\"PropertyValueSpecification\",\"valueRequired\":true,\"valueName\":\"search_term_string\"}}],\"inLanguage\":\"en-US\"},{\"@type\":\"Organization\",\"@id\":\"https:\/\/www.kirkonulkomaanapu.fi\/#organization\",\"name\":\"Kirkon Ulkomaanapu\",\"alternateName\":\"KUA\",\"url\":\"https:\/\/www.kirkonulkomaanapu.fi\/\",\"logo\":{\"@type\":\"ImageObject\",\"inLanguage\":\"en-US\",\"@id\":\"https:\/\/www.kirkonulkomaanapu.fi\/#\/schema\/logo\/image\/\",\"url\":\"https:\/\/www.kirkonulkomaanapu.fi\/wp-content\/uploads\/2026\/02\/Kirkon-ulkomaanapu-logo-1.png\",\"contentUrl\":\"https:\/\/www.kirkonulkomaanapu.fi\/wp-content\/uploads\/2026\/02\/Kirkon-ulkomaanapu-logo-1.png\",\"width\":225,\"height\":225,\"caption\":\"Kirkon Ulkomaanapu\"},\"image\":{\"@id\":\"https:\/\/www.kirkonulkomaanapu.fi\/#\/schema\/logo\/image\/\"},\"sameAs\":[\"https:\/\/www.facebook.com\/Ulkomaanapu\/\",\"https:\/\/www.youtube.com\/user\/kirkonulkomaanapu\",\"https:\/\/instagram.com\/kirkon_ulkomaanapu\/\",\"https:\/\/www.linkedin.com\/company\/finn-church-aid\/\"]}]}<\/script>\n<!-- \/ Yoast SEO plugin. -->","yoast_head_json":{"title":"Changemaker put together a chain of peace - FCA Finn Church Aid","robots":{"index":"index","follow":"follow","max-snippet":"max-snippet:-1","max-image-preview":"max-image-preview:large","max-video-preview":"max-video-preview:-1"},"canonical":"https:\/\/www.fcakenya.co.ke\/sv\/us\/annual-report-2015\/changemaker-put-together-chain-peace\/","og_locale":"en_US","og_type":"article","og_title":"Changemaker put together a chain of peace - FCA Finn Church Aid","og_description":"In 2015, the Changemaker youth network chose prevention of violent radicalisation as the theme of its advocacy work. Three panel discussions were organised in the Radicals of Peace campaign, and the campaign had visibility in ten events throughout the summer. During the campaign Changemaker also put together a chain of peace from 2,235 individual rings [&hellip;]","og_url":"https:\/\/www.fcakenya.co.ke\/sv\/us\/annual-report-2015\/changemaker-put-together-chain-peace\/","og_site_name":"FCA Finn Church Aid","article_publisher":"https:\/\/www.facebook.com\/Ulkomaanapu\/","og_image":[{"width":1200,"height":900,"url":"https:\/\/www.kirkonulkomaanapu.fi\/wp-content\/uploads\/2016\/07\/Changemaker_rauhankulkue_Sini-Tyvi-1.jpg","type":"image\/jpeg"}],"twitter_misc":{"Est. reading time":"1 minute"},"schema":{"@context":"https:\/\/schema.org","@graph":[{"@type":"WebPage","@id":"https:\/\/www.fcakenya.co.ke\/sv\/us\/annual-report-2015\/changemaker-put-together-chain-peace\/","url":"https:\/\/www.fcakenya.co.ke\/sv\/us\/annual-report-2015\/changemaker-put-together-chain-peace\/","name":"Changemaker put together a chain of peace - FCA Finn Church Aid","isPartOf":{"@id":"https:\/\/www.kirkonulkomaanapu.fi\/#website"},"primaryImageOfPage":{"@id":"https:\/\/www.fcakenya.co.ke\/sv\/us\/annual-report-2015\/changemaker-put-together-chain-peace\/#primaryimage"},"image":{"@id":"https:\/\/www.fcakenya.co.ke\/sv\/us\/annual-report-2015\/changemaker-put-together-chain-peace\/#primaryimage"},"thumbnailUrl":"https:\/\/www.kirkonulkomaanapu.fi\/wp-content\/uploads\/2016\/07\/Changemaker_rauhankulkue_Sini-Tyvi-1.jpg","datePublished":"2016-07-27T06:15:59+00:00","breadcrumb":{"@id":"https:\/\/www.fcakenya.co.ke\/sv\/us\/annual-report-2015\/changemaker-put-together-chain-peace\/#breadcrumb"},"inLanguage":"en-US","potentialAction":[{"@type":"ReadAction","target":["https:\/\/www.fcakenya.co.ke\/sv\/us\/annual-report-2015\/changemaker-put-together-chain-peace\/"]}]},{"@type":"ImageObject","inLanguage":"en-US","@id":"https:\/\/www.fcakenya.co.ke\/sv\/us\/annual-report-2015\/changemaker-put-together-chain-peace\/#primaryimage","url":"https:\/\/www.kirkonulkomaanapu.fi\/wp-content\/uploads\/2016\/07\/Changemaker_rauhankulkue_Sini-Tyvi-1.jpg","contentUrl":"https:\/\/www.kirkonulkomaanapu.fi\/wp-content\/uploads\/2016\/07\/Changemaker_rauhankulkue_Sini-Tyvi-1.jpg","width":1200,"height":900},{"@type":"BreadcrumbList","@id":"https:\/\/www.fcakenya.co.ke\/sv\/us\/annual-report-2015\/changemaker-put-together-chain-peace\/#breadcrumb","itemListElement":[{"@type":"ListItem","position":1,"name":"Home","item":"https:\/\/www.kirkonulkomaanapu.fi\/en\/"},{"@type":"ListItem","position":2,"name":"About us","item":"https:\/\/www.kirkonulkomaanapu.fi\/en\/us\/"},{"@type":"ListItem","position":3,"name":"ANNUAL REPORT 2015","item":"https:\/\/www.kirkonulkomaanapu.fi\/en\/us\/annual-report-2015\/"},{"@type":"ListItem","position":4,"name":"Changemaker put together a chain of peace"}]},{"@type":"WebSite","@id":"https:\/\/www.kirkonulkomaanapu.fi\/#website","url":"https:\/\/www.kirkonulkomaanapu.fi\/","name":"Kirkon Ulkomaanapu","description":"Suomen suurin kehitysyhteisty\u00f6j\u00e4rjest\u00f6","publisher":{"@id":"https:\/\/www.kirkonulkomaanapu.fi\/#organization"},"alternateName":"KUA","potentialAction":[{"@type":"SearchAction","target":{"@type":"EntryPoint","urlTemplate":"https:\/\/www.kirkonulkomaanapu.fi\/?s={search_term_string}"},"query-input":{"@type":"PropertyValueSpecification","valueRequired":true,"valueName":"search_term_string"}}],"inLanguage":"en-US"},{"@type":"Organization","@id":"https:\/\/www.kirkonulkomaanapu.fi\/#organization","name":"Kirkon Ulkomaanapu","alternateName":"KUA","url":"https:\/\/www.kirkonulkomaanapu.fi\/","logo":{"@type":"ImageObject","inLanguage":"en-US","@id":"https:\/\/www.kirkonulkomaanapu.fi\/#\/schema\/logo\/image\/","url":"https:\/\/www.kirkonulkomaanapu.fi\/wp-content\/uploads\/2026\/02\/Kirkon-ulkomaanapu-logo-1.png","contentUrl":"https:\/\/www.kirkonulkomaanapu.fi\/wp-content\/uploads\/2026\/02\/Kirkon-ulkomaanapu-logo-1.png","width":225,"height":225,"caption":"Kirkon Ulkomaanapu"},"image":{"@id":"https:\/\/www.kirkonulkomaanapu.fi\/#\/schema\/logo\/image\/"},"sameAs":["https:\/\/www.facebook.com\/Ulkomaanapu\/","https:\/\/www.youtube.com\/user\/kirkonulkomaanapu","https:\/\/instagram.com\/kirkon_ulkomaanapu\/","https:\/\/www.linkedin.com\/company\/finn-church-aid\/"]}]}},"_links":{"self":[{"href":"https:\/\/www.kirkonulkomaanapu.fi\/en\/wp-json\/wp\/v2\/pages\/76045","targetHints":{"allow":["GET"]}}],"collection":[{"href":"https:\/\/www.kirkonulkomaanapu.fi\/en\/wp-json\/wp\/v2\/pages"}],"about":[{"href":"https:\/\/www.kirkonulkomaanapu.fi\/en\/wp-json\/wp\/v2\/types\/page"}],"author":[{"embeddable":true,"href":"https:\/\/www.kirkonulkomaanapu.fi\/en\/wp-json\/wp\/v2\/users\/61"}],"replies":[{"embeddable":true,"href":"https:\/\/www.kirkonulkomaanapu.fi\/en\/wp-json\/wp\/v2\/comments?post=76045"}],"version-history":[{"count":1,"href":"https:\/\/www.kirkonulkomaanapu.fi\/en\/wp-json\/wp\/v2\/pages\/76045\/revisions"}],"predecessor-version":[{"id":76046,"href":"https:\/\/www.kirkonulkomaanapu.fi\/en\/wp-json\/wp\/v2\/pages\/76045\/revisions\/76046"}],"up":[{"embeddable":true,"href":"https:\/\/www.kirkonulkomaanapu.fi\/en\/wp-json\/wp\/v2\/pages\/75508"}],"wp:featuredmedia":[{"embeddable":true,"href":"https:\/\/www.kirkonulkomaanapu.fi\/en\/wp-json\/wp\/v2\/media\/75995"}],"wp:attachment":[{"href":"https:\/\/www.kirkonulkomaanapu.fi\/en\/wp-json\/wp\/v2\/media?parent=76045"}],"curies":[{"name":"wp","href":"https:\/\/api.w.org\/{rel}","templated":true}]}}