{"id":75508,"date":"2016-07-27T09:13:14","date_gmt":"2016-07-27T06:13:14","guid":{"rendered":"https:\/\/www.kirkonulkomaanapu.fi\/en\/?page_id=75508"},"modified":"2021-05-10T13:45:41","modified_gmt":"2021-05-10T10:45:41","slug":"annual-report-2015","status":"publish","type":"page","link":"https:\/\/www.kirkonulkomaanapu.fi\/en\/us\/annual-report-2015\/","title":{"rendered":"ANNUAL REPORT 2015"},"content":{"rendered":"<h2>Tumultuous year for relief work<\/h2>\n<p>In 2015, development cooperation and humanitarian assistance received an unprecedented amount of attention.<\/p>\n<p>In spring the ground shook in Nepal with devastating consequences. Early summer the Finnish government announced it was making severe cuts in development cooperation funding. Autumn came with news of the distress of people fleeing to Europe and of the rising numbers of refugees.<\/p>\n<p>Finn Church Aid (FCA) responded by taking an active role in public discussion on the effects of development cooperation cutbacks and the rights of asylum seekers.<\/p>\n<p>Cuts in funding forced FCA to end some development projects, close down one field office and lay off some personnel. We were forced to completely close down our operations in five countries.<\/p>\n<p>Yet the need for aid is greater than ever. What is needed is an even stronger investment in developing and stabilising the countries of origin of refugees.<\/p>\n<p>It was not all bad, though. The government\u2019s decision to invest in the development of the private sector in developing countries opened up possibilities for non-governmental organisations to develop new funding and operating channels. FCA accepted the challenge and initiated a new type of investment fund to support small and medium sized enterprise in developing countries.<\/p>\n<p>Asylum seekers took Finland and the rest of Europe by surprise. The arrival of approximately 35,000 asylum seekers in Finland inspired people to volunteer and offer their help, but unfortunately raised hate speech and opposition as well. Finn Church Aid restarted operations in Europe and Finland.<\/p>\n<p>Once again Finn Church Aid\u2019s operations in its programme countries received plenty of recognition from rights-holders, national officials and donors. In Nepal, FCA\u2019s rapid response in building temporary learning spaces for 20,000 pupils received a lot of attention. In Somalia we were involved in 36 regional peace processes and had a significant role in the creation of the Central Regions State. In Uganda we began providing special needs education for disabled refugee children and opened a vocational school for refugee youths.<\/p>\n<p><img loading=\"lazy\" decoding=\"async\" class=\"wp-image-75399 alignleft\" src=\"https:\/\/www.kirkonulkomaanapu.fi\/wp-content\/uploads\/2016\/07\/medium_Hemberg_Jouni_MG_8212_copy_1.jpg\" alt=\"medium_Hemberg_Jouni_MG_8212_copy_1\" width=\"151\" height=\"151\" srcset=\"https:\/\/www.kirkonulkomaanapu.fi\/wp-content\/uploads\/2016\/07\/medium_Hemberg_Jouni_MG_8212_copy_1.jpg 409w, https:\/\/www.kirkonulkomaanapu.fi\/wp-content\/uploads\/2016\/07\/medium_Hemberg_Jouni_MG_8212_copy_1-150x150.jpg 150w, https:\/\/www.kirkonulkomaanapu.fi\/wp-content\/uploads\/2016\/07\/medium_Hemberg_Jouni_MG_8212_copy_1-178x178.jpg 178w\" sizes=\"auto, (max-width: 151px) 100vw, 151px\" \/>Following our strategy we operate in fragile countries and challenging contexts. We often operate in countries where other actors and organisations are all but absent. Our staff members deserve praise for our accomplishments. We also wish to sincerely thank all our donors and all volunteers in our networks.<\/p>\n<p><strong>Jouni Hemberg<br \/>\n<\/strong>Executive Director<\/p>\n<p>&nbsp;<\/p>\n","protected":false},"excerpt":{"rendered":"<p>Tumultuous year for relief work In 2015, development cooperation and humanitarian assistance received an unprecedented amount of attention. In spring the ground shook in Nepal with devastating consequences. Early summer the Finnish government announced it was making severe cuts in development cooperation funding. Autumn came with news of the distress of people fleeing to Europe [&hellip;]<\/p>\n","protected":false},"author":8,"featured_media":75452,"parent":116157,"menu_order":0,"comment_status":"closed","ping_status":"closed","template":"page-templates\/vuosikertomus.php","meta":{"_acf_changed":false,"_relevanssi_hide_post":"","_relevanssi_hide_content":"","_relevanssi_pin_for_all":"","_relevanssi_pin_keywords":"","_relevanssi_unpin_keywords":"","_relevanssi_related_keywords":"","_relevanssi_related_include_ids":"","_relevanssi_related_exclude_ids":"","_relevanssi_related_no_append":"","_relevanssi_related_not_related":"","_relevanssi_related_posts":"","_relevanssi_noindex_reason":"","_improvement_type_select":"improve_an_existing","_thumb_yes_seoaic":false,"_frame_yes_seoaic":false,"seoaic_generate_description":"","seoaic_improve_instructions_prompt":"","seoaic_rollback_content_improvement":"","seoaic_idea_thumbnail_generator":"","thumbnail_generated":false,"thumbnail_generate_prompt":"","seoaic_article_description":"","footnotes":""},"class_list":["post-75508","page","type-page","status-publish","has-post-thumbnail","hentry"],"acf":[],"yoast_head":"<!-- This site is optimized with the Yoast SEO plugin v26.9 - https:\/\/yoast.com\/product\/yoast-seo-wordpress\/ -->\n<title>ANNUAL REPORT 2015 - FCA Finn Church Aid<\/title>\n<meta name=\"robots\" content=\"index, follow, max-snippet:-1, max-image-preview:large, max-video-preview:-1\" \/>\n<link rel=\"canonical\" href=\"https:\/\/www.kirkonulkomaanapu.fi\/en\/us\/annual-report-2015\/\" \/>\n<meta property=\"og:locale\" content=\"en_US\" \/>\n<meta property=\"og:type\" content=\"article\" \/>\n<meta property=\"og:title\" content=\"ANNUAL REPORT 2015 - FCA Finn Church Aid\" \/>\n<meta property=\"og:description\" content=\"Tumultuous year for relief work In 2015, development cooperation and humanitarian assistance received an unprecedented amount of attention. In spring the ground shook in Nepal with devastating consequences. Early summer the Finnish government announced it was making severe cuts in development cooperation funding. Autumn came with news of the distress of people fleeing to Europe [&hellip;]\" \/>\n<meta property=\"og:url\" content=\"https:\/\/www.kirkonulkomaanapu.fi\/en\/us\/annual-report-2015\/\" \/>\n<meta property=\"og:site_name\" content=\"FCA Finn Church Aid\" \/>\n<meta property=\"article:publisher\" content=\"https:\/\/www.facebook.com\/Ulkomaanapu\/\" \/>\n<meta property=\"article:modified_time\" content=\"2021-05-10T10:45:41+00:00\" \/>\n<meta property=\"og:image\" content=\"https:\/\/www.kirkonulkomaanapu.fi\/wp-content\/uploads\/2016\/07\/webkansi_Liberia_FCA_016-2.jpg\" \/>\n\t<meta property=\"og:image:width\" content=\"1024\" \/>\n\t<meta property=\"og:image:height\" content=\"554\" \/>\n\t<meta property=\"og:image:type\" content=\"image\/jpeg\" \/>\n<meta name=\"twitter:label1\" content=\"Est. reading time\" \/>\n\t<meta name=\"twitter:data1\" content=\"2 minutes\" \/>\n<script type=\"application\/ld+json\" class=\"yoast-schema-graph\">{\"@context\":\"https:\/\/schema.org\",\"@graph\":[{\"@type\":\"WebPage\",\"@id\":\"https:\/\/www.kirkonulkomaanapu.fi\/en\/us\/annual-report-2015\/\",\"url\":\"https:\/\/www.kirkonulkomaanapu.fi\/en\/us\/annual-report-2015\/\",\"name\":\"ANNUAL REPORT 2015 - FCA Finn Church Aid\",\"isPartOf\":{\"@id\":\"https:\/\/www.kirkonulkomaanapu.fi\/#website\"},\"primaryImageOfPage\":{\"@id\":\"https:\/\/www.kirkonulkomaanapu.fi\/en\/us\/annual-report-2015\/#primaryimage\"},\"image\":{\"@id\":\"https:\/\/www.kirkonulkomaanapu.fi\/en\/us\/annual-report-2015\/#primaryimage\"},\"thumbnailUrl\":\"https:\/\/www.kirkonulkomaanapu.fi\/wp-content\/uploads\/2016\/07\/webkansi_Liberia_FCA_016-2.jpg\",\"datePublished\":\"2016-07-27T06:13:14+00:00\",\"dateModified\":\"2021-05-10T10:45:41+00:00\",\"breadcrumb\":{\"@id\":\"https:\/\/www.kirkonulkomaanapu.fi\/en\/us\/annual-report-2015\/#breadcrumb\"},\"inLanguage\":\"en-US\",\"potentialAction\":[{\"@type\":\"ReadAction\",\"target\":[\"https:\/\/www.kirkonulkomaanapu.fi\/en\/us\/annual-report-2015\/\"]}]},{\"@type\":\"ImageObject\",\"inLanguage\":\"en-US\",\"@id\":\"https:\/\/www.kirkonulkomaanapu.fi\/en\/us\/annual-report-2015\/#primaryimage\",\"url\":\"https:\/\/www.kirkonulkomaanapu.fi\/wp-content\/uploads\/2016\/07\/webkansi_Liberia_FCA_016-2.jpg\",\"contentUrl\":\"https:\/\/www.kirkonulkomaanapu.fi\/wp-content\/uploads\/2016\/07\/webkansi_Liberia_FCA_016-2.jpg\",\"width\":1024,\"height\":554,\"caption\":\"Mercy Gardea\"},{\"@type\":\"BreadcrumbList\",\"@id\":\"https:\/\/www.kirkonulkomaanapu.fi\/en\/us\/annual-report-2015\/#breadcrumb\",\"itemListElement\":[{\"@type\":\"ListItem\",\"position\":1,\"name\":\"Home\",\"item\":\"https:\/\/www.kirkonulkomaanapu.fi\/en\/\"},{\"@type\":\"ListItem\",\"position\":2,\"name\":\"About us\",\"item\":\"https:\/\/www.kirkonulkomaanapu.fi\/en\/us\/\"},{\"@type\":\"ListItem\",\"position\":3,\"name\":\"ANNUAL REPORT 2015\"}]},{\"@type\":\"WebSite\",\"@id\":\"https:\/\/www.kirkonulkomaanapu.fi\/#website\",\"url\":\"https:\/\/www.kirkonulkomaanapu.fi\/\",\"name\":\"Kirkon Ulkomaanapu\",\"description\":\"Suomen suurin kehitysyhteisty\u00f6j\u00e4rjest\u00f6\",\"publisher\":{\"@id\":\"https:\/\/www.kirkonulkomaanapu.fi\/#organization\"},\"alternateName\":\"KUA\",\"potentialAction\":[{\"@type\":\"SearchAction\",\"target\":{\"@type\":\"EntryPoint\",\"urlTemplate\":\"https:\/\/www.kirkonulkomaanapu.fi\/?s={search_term_string}\"},\"query-input\":{\"@type\":\"PropertyValueSpecification\",\"valueRequired\":true,\"valueName\":\"search_term_string\"}}],\"inLanguage\":\"en-US\"},{\"@type\":\"Organization\",\"@id\":\"https:\/\/www.kirkonulkomaanapu.fi\/#organization\",\"name\":\"Kirkon Ulkomaanapu\",\"alternateName\":\"KUA\",\"url\":\"https:\/\/www.kirkonulkomaanapu.fi\/\",\"logo\":{\"@type\":\"ImageObject\",\"inLanguage\":\"en-US\",\"@id\":\"https:\/\/www.kirkonulkomaanapu.fi\/#\/schema\/logo\/image\/\",\"url\":\"https:\/\/www.kirkonulkomaanapu.fi\/wp-content\/uploads\/2026\/02\/Kirkon-ulkomaanapu-logo-1.png\",\"contentUrl\":\"https:\/\/www.kirkonulkomaanapu.fi\/wp-content\/uploads\/2026\/02\/Kirkon-ulkomaanapu-logo-1.png\",\"width\":225,\"height\":225,\"caption\":\"Kirkon Ulkomaanapu\"},\"image\":{\"@id\":\"https:\/\/www.kirkonulkomaanapu.fi\/#\/schema\/logo\/image\/\"},\"sameAs\":[\"https:\/\/www.facebook.com\/Ulkomaanapu\/\",\"https:\/\/www.youtube.com\/user\/kirkonulkomaanapu\",\"https:\/\/instagram.com\/kirkon_ulkomaanapu\/\",\"https:\/\/www.linkedin.com\/company\/finn-church-aid\/\"]}]}<\/script>\n<!-- \/ Yoast SEO plugin. -->","yoast_head_json":{"title":"ANNUAL REPORT 2015 - FCA Finn Church Aid","robots":{"index":"index","follow":"follow","max-snippet":"max-snippet:-1","max-image-preview":"max-image-preview:large","max-video-preview":"max-video-preview:-1"},"canonical":"https:\/\/www.kirkonulkomaanapu.fi\/en\/us\/annual-report-2015\/","og_locale":"en_US","og_type":"article","og_title":"ANNUAL REPORT 2015 - FCA Finn Church Aid","og_description":"Tumultuous year for relief work In 2015, development cooperation and humanitarian assistance received an unprecedented amount of attention. In spring the ground shook in Nepal with devastating consequences. Early summer the Finnish government announced it was making severe cuts in development cooperation funding. Autumn came with news of the distress of people fleeing to Europe [&hellip;]","og_url":"https:\/\/www.kirkonulkomaanapu.fi\/en\/us\/annual-report-2015\/","og_site_name":"FCA Finn Church Aid","article_publisher":"https:\/\/www.facebook.com\/Ulkomaanapu\/","article_modified_time":"2021-05-10T10:45:41+00:00","og_image":[{"width":1024,"height":554,"url":"https:\/\/www.kirkonulkomaanapu.fi\/wp-content\/uploads\/2016\/07\/webkansi_Liberia_FCA_016-2.jpg","type":"image\/jpeg"}],"twitter_misc":{"Est. reading time":"2 minutes"},"schema":{"@context":"https:\/\/schema.org","@graph":[{"@type":"WebPage","@id":"https:\/\/www.kirkonulkomaanapu.fi\/en\/us\/annual-report-2015\/","url":"https:\/\/www.kirkonulkomaanapu.fi\/en\/us\/annual-report-2015\/","name":"ANNUAL REPORT 2015 - FCA Finn Church Aid","isPartOf":{"@id":"https:\/\/www.kirkonulkomaanapu.fi\/#website"},"primaryImageOfPage":{"@id":"https:\/\/www.kirkonulkomaanapu.fi\/en\/us\/annual-report-2015\/#primaryimage"},"image":{"@id":"https:\/\/www.kirkonulkomaanapu.fi\/en\/us\/annual-report-2015\/#primaryimage"},"thumbnailUrl":"https:\/\/www.kirkonulkomaanapu.fi\/wp-content\/uploads\/2016\/07\/webkansi_Liberia_FCA_016-2.jpg","datePublished":"2016-07-27T06:13:14+00:00","dateModified":"2021-05-10T10:45:41+00:00","breadcrumb":{"@id":"https:\/\/www.kirkonulkomaanapu.fi\/en\/us\/annual-report-2015\/#breadcrumb"},"inLanguage":"en-US","potentialAction":[{"@type":"ReadAction","target":["https:\/\/www.kirkonulkomaanapu.fi\/en\/us\/annual-report-2015\/"]}]},{"@type":"ImageObject","inLanguage":"en-US","@id":"https:\/\/www.kirkonulkomaanapu.fi\/en\/us\/annual-report-2015\/#primaryimage","url":"https:\/\/www.kirkonulkomaanapu.fi\/wp-content\/uploads\/2016\/07\/webkansi_Liberia_FCA_016-2.jpg","contentUrl":"https:\/\/www.kirkonulkomaanapu.fi\/wp-content\/uploads\/2016\/07\/webkansi_Liberia_FCA_016-2.jpg","width":1024,"height":554,"caption":"Mercy Gardea"},{"@type":"BreadcrumbList","@id":"https:\/\/www.kirkonulkomaanapu.fi\/en\/us\/annual-report-2015\/#breadcrumb","itemListElement":[{"@type":"ListItem","position":1,"name":"Home","item":"https:\/\/www.kirkonulkomaanapu.fi\/en\/"},{"@type":"ListItem","position":2,"name":"About us","item":"https:\/\/www.kirkonulkomaanapu.fi\/en\/us\/"},{"@type":"ListItem","position":3,"name":"ANNUAL REPORT 2015"}]},{"@type":"WebSite","@id":"https:\/\/www.kirkonulkomaanapu.fi\/#website","url":"https:\/\/www.kirkonulkomaanapu.fi\/","name":"Kirkon Ulkomaanapu","description":"Suomen suurin kehitysyhteisty\u00f6j\u00e4rjest\u00f6","publisher":{"@id":"https:\/\/www.kirkonulkomaanapu.fi\/#organization"},"alternateName":"KUA","potentialAction":[{"@type":"SearchAction","target":{"@type":"EntryPoint","urlTemplate":"https:\/\/www.kirkonulkomaanapu.fi\/?s={search_term_string}"},"query-input":{"@type":"PropertyValueSpecification","valueRequired":true,"valueName":"search_term_string"}}],"inLanguage":"en-US"},{"@type":"Organization","@id":"https:\/\/www.kirkonulkomaanapu.fi\/#organization","name":"Kirkon Ulkomaanapu","alternateName":"KUA","url":"https:\/\/www.kirkonulkomaanapu.fi\/","logo":{"@type":"ImageObject","inLanguage":"en-US","@id":"https:\/\/www.kirkonulkomaanapu.fi\/#\/schema\/logo\/image\/","url":"https:\/\/www.kirkonulkomaanapu.fi\/wp-content\/uploads\/2026\/02\/Kirkon-ulkomaanapu-logo-1.png","contentUrl":"https:\/\/www.kirkonulkomaanapu.fi\/wp-content\/uploads\/2026\/02\/Kirkon-ulkomaanapu-logo-1.png","width":225,"height":225,"caption":"Kirkon Ulkomaanapu"},"image":{"@id":"https:\/\/www.kirkonulkomaanapu.fi\/#\/schema\/logo\/image\/"},"sameAs":["https:\/\/www.facebook.com\/Ulkomaanapu\/","https:\/\/www.youtube.com\/user\/kirkonulkomaanapu","https:\/\/instagram.com\/kirkon_ulkomaanapu\/","https:\/\/www.linkedin.com\/company\/finn-church-aid\/"]}]}},"_links":{"self":[{"href":"https:\/\/www.kirkonulkomaanapu.fi\/en\/wp-json\/wp\/v2\/pages\/75508","targetHints":{"allow":["GET"]}}],"collection":[{"href":"https:\/\/www.kirkonulkomaanapu.fi\/en\/wp-json\/wp\/v2\/pages"}],"about":[{"href":"https:\/\/www.kirkonulkomaanapu.fi\/en\/wp-json\/wp\/v2\/types\/page"}],"author":[{"embeddable":true,"href":"https:\/\/www.kirkonulkomaanapu.fi\/en\/wp-json\/wp\/v2\/users\/8"}],"replies":[{"embeddable":true,"href":"https:\/\/www.kirkonulkomaanapu.fi\/en\/wp-json\/wp\/v2\/comments?post=75508"}],"version-history":[{"count":4,"href":"https:\/\/www.kirkonulkomaanapu.fi\/en\/wp-json\/wp\/v2\/pages\/75508\/revisions"}],"predecessor-version":[{"id":117552,"href":"https:\/\/www.kirkonulkomaanapu.fi\/en\/wp-json\/wp\/v2\/pages\/75508\/revisions\/117552"}],"up":[{"embeddable":true,"href":"https:\/\/www.kirkonulkomaanapu.fi\/en\/wp-json\/wp\/v2\/pages\/116157"}],"wp:featuredmedia":[{"embeddable":true,"href":"https:\/\/www.kirkonulkomaanapu.fi\/en\/wp-json\/wp\/v2\/media\/75452"}],"wp:attachment":[{"href":"https:\/\/www.kirkonulkomaanapu.fi\/en\/wp-json\/wp\/v2\/media?parent=75508"}],"curies":[{"name":"wp","href":"https:\/\/api.w.org\/{rel}","templated":true}]}}