{"id":7351,"date":"2014-05-08T16:27:45","date_gmt":"2014-05-08T13:27:45","guid":{"rendered":"https:\/\/www.kirkonulkomaanapu.fi\/?page_id=7351"},"modified":"2021-06-02T16:43:01","modified_gmt":"2021-06-02T13:43:01","slug":"corporate-donors","status":"publish","type":"page","link":"https:\/\/www.kirkonulkomaanapu.fi\/en\/corporate-donors\/","title":{"rendered":"Corporate Donors"},"content":{"rendered":"<p>Corporate Donors are FCA\u2019s corporate supporters who have invested in our projects in developing countries by providing long-term funding or have made significant one-time investments. Corporate donors are also those companies and associations who bring their expertise to projects and participate in planning and implementing them.<\/p>\n<h3>FCA is very grateful for all the support from its corporate donors and long-term foundation partners. Thank you.<\/h3>\n<p>&nbsp;<\/p>\n<p><img loading=\"lazy\" decoding=\"async\" class=\"alignleft wp-image-91213\" src=\"https:\/\/www.kirkonulkomaanapu.fi\/wp-content\/uploads\/2018\/11\/wefood_logo1.jpg\" alt=\"\" width=\"175\" height=\"86\" srcset=\"https:\/\/www.kirkonulkomaanapu.fi\/wp-content\/uploads\/2018\/11\/wefood_logo1.jpg 556w, https:\/\/www.kirkonulkomaanapu.fi\/wp-content\/uploads\/2018\/11\/wefood_logo1-480x236.jpg 480w, https:\/\/www.kirkonulkomaanapu.fi\/wp-content\/uploads\/2018\/11\/wefood_logo1-316x155.jpg 316w\" sizes=\"auto, (max-width: 175px) 100vw, 175px\" \/>Finland\u2019s first ever \u2018surplus supermarket\u2019 WeFood operates in Helsinki\u2019s Kalasatama district. The aim of the store run by Finn Church Aid is to reduce food waste. The profits will be used for FCA\u00b4s development cooperation.<\/p>\n<p>WeFood does versatile cooperation with numerous companies. The logistics of the grocery are operated with Nissan e-NV200 electric van that <strong>Nissan<\/strong> provides us as a courtesy. The charging services for the electric car are provided by <strong>Virta<\/strong>. Several companies from the grocery industry donate products for WeFood to sell, such as: <strong>Heinon Tukku, Apetit, Kaslink, Ecolink <\/strong>and<strong> Meira<\/strong>.<\/p>\n<p>&nbsp;<\/p>\n<p><img loading=\"lazy\" decoding=\"async\" class=\"alignleft wp-image-91312\" src=\"https:\/\/www.kirkonulkomaanapu.fi\/wp-content\/uploads\/2018\/11\/OEP_logo.png\" alt=\"\" width=\"202\" height=\"84\" srcset=\"https:\/\/www.kirkonulkomaanapu.fi\/wp-content\/uploads\/2018\/11\/OEP_logo.png 3053w, https:\/\/www.kirkonulkomaanapu.fi\/wp-content\/uploads\/2018\/11\/OEP_logo-480x199.png 480w, https:\/\/www.kirkonulkomaanapu.fi\/wp-content\/uploads\/2018\/11\/OEP_logo-768x319.png 768w, https:\/\/www.kirkonulkomaanapu.fi\/wp-content\/uploads\/2018\/11\/OEP_logo-1024x425.png 1024w, https:\/\/www.kirkonulkomaanapu.fi\/wp-content\/uploads\/2018\/11\/OEP_logo-316x131.png 316w\" sizes=\"auto, (max-width: 202px) 100vw, 202px\" \/><\/p>\n<p>In cooperation with <strong>Omnia Education Partnerships<\/strong>, FCA provides vocational education certified by the EU. In Uganda twenty participants have already graduated from the Finnish Entrepreneurship Diploma Program. OEP and FCA have trained and certified the graduates as trainers to continue training in the refugee settlements in Uganda. The program is funded together with <strong>UNHCR<\/strong>.<\/p>\n<p>&nbsp;<\/p>\n<p><strong><img loading=\"lazy\" decoding=\"async\" class=\"alignleft wp-image-91643\" src=\"https:\/\/www.kirkonulkomaanapu.fi\/wp-content\/uploads\/2018\/12\/Agapisti-P_cmyk.jpg\" alt=\"\" width=\"126\" height=\"126\" srcset=\"https:\/\/www.kirkonulkomaanapu.fi\/wp-content\/uploads\/2018\/12\/Agapisti-P_cmyk.jpg 1181w, https:\/\/www.kirkonulkomaanapu.fi\/wp-content\/uploads\/2018\/12\/Agapisti-P_cmyk-150x150.jpg 150w, https:\/\/www.kirkonulkomaanapu.fi\/wp-content\/uploads\/2018\/12\/Agapisti-P_cmyk-480x480.jpg 480w, https:\/\/www.kirkonulkomaanapu.fi\/wp-content\/uploads\/2018\/12\/Agapisti-P_cmyk-768x768.jpg 768w, https:\/\/www.kirkonulkomaanapu.fi\/wp-content\/uploads\/2018\/12\/Agapisti-P_cmyk-1024x1024.jpg 1024w, https:\/\/www.kirkonulkomaanapu.fi\/wp-content\/uploads\/2018\/12\/Agapisti-P_cmyk-178x178.jpg 178w\" sizes=\"auto, (max-width: 126px) 100vw, 126px\" \/><\/strong><\/p>\n<p>&nbsp;<\/p>\n<p><strong>Agapisti foundation<\/strong> is FCA\u00b4s partner since 2009. They support Women\u00b4s Bank\u00b4s program work and FCA\u00b4s disaster relief fund annually by donations worth over 20 000 euros.<\/p>\n<p>&nbsp;<\/p>\n<p>&nbsp;<\/p>\n<p><img loading=\"lazy\" decoding=\"async\" class=\"alignleft wp-image-91595\" src=\"https:\/\/www.kirkonulkomaanapu.fi\/wp-content\/uploads\/2018\/12\/combiworks-elomatic.png\" alt=\"\" width=\"126\" height=\"105\" srcset=\"https:\/\/www.kirkonulkomaanapu.fi\/wp-content\/uploads\/2018\/12\/combiworks-elomatic.png 754w, https:\/\/www.kirkonulkomaanapu.fi\/wp-content\/uploads\/2018\/12\/combiworks-elomatic-480x401.png 480w, https:\/\/www.kirkonulkomaanapu.fi\/wp-content\/uploads\/2018\/12\/combiworks-elomatic-213x178.png 213w\" sizes=\"auto, (max-width: 126px) 100vw, 126px\" \/><\/p>\n<p><img loading=\"lazy\" decoding=\"async\" class=\"alignleft wp-image-91598\" src=\"https:\/\/www.kirkonulkomaanapu.fi\/wp-content\/uploads\/2018\/12\/finnpartnership.png\" alt=\"\" width=\"208\" height=\"46\" srcset=\"https:\/\/www.kirkonulkomaanapu.fi\/wp-content\/uploads\/2018\/12\/finnpartnership.png 348w, https:\/\/www.kirkonulkomaanapu.fi\/wp-content\/uploads\/2018\/12\/finnpartnership-316x69.png 316w\" sizes=\"auto, (max-width: 208px) 100vw, 208px\" \/><\/p>\n<p><img loading=\"lazy\" decoding=\"async\" class=\"alignleft wp-image-91589\" src=\"https:\/\/www.kirkonulkomaanapu.fi\/wp-content\/uploads\/2018\/12\/vammaiskumppanuus.png\" alt=\"\" width=\"176\" height=\"67\" srcset=\"https:\/\/www.kirkonulkomaanapu.fi\/wp-content\/uploads\/2018\/12\/vammaiskumppanuus.png 829w, https:\/\/www.kirkonulkomaanapu.fi\/wp-content\/uploads\/2018\/12\/vammaiskumppanuus-480x181.png 480w, https:\/\/www.kirkonulkomaanapu.fi\/wp-content\/uploads\/2018\/12\/vammaiskumppanuus-768x290.png 768w, https:\/\/www.kirkonulkomaanapu.fi\/wp-content\/uploads\/2018\/12\/vammaiskumppanuus-316x119.png 316w\" sizes=\"auto, (max-width: 176px) 100vw, 176px\" \/><\/p>\n<p>&nbsp;<\/p>\n<p>&nbsp;<\/p>\n<p>FCA together with <strong>Disability Partnership Finland, Combi Works <\/strong>and<strong> Elomatic<\/strong>, as a subcontractor, have developed an accessible school building that withstands\u00a0extreme weather and is easy to composite. This school is an inspiring learning environment also to children with disabilities. It\u00b4s fast and easy to transport, set up and disassemble thus it suits for catastrophe areas.<\/p>\n<p>The school prototype, financed by <strong>Finnpartnership<\/strong>, will be built in Kathmandu, Nepal. It\u00b4s called <strong>SMILE \u2013 Sustainable, Modular, Inclusive, Learning\u00a0<\/strong><strong>Environment<\/strong><\/p>\n<p>&nbsp;<\/p>\n<p><strong><img loading=\"lazy\" decoding=\"async\" class=\"alignleft wp-image-91605\" src=\"https:\/\/www.kirkonulkomaanapu.fi\/wp-content\/uploads\/2018\/12\/solarvoima-logo2.png\" alt=\"\" width=\"300\" height=\"39\" srcset=\"https:\/\/www.kirkonulkomaanapu.fi\/wp-content\/uploads\/2018\/12\/solarvoima-logo2.png 1000w, https:\/\/www.kirkonulkomaanapu.fi\/wp-content\/uploads\/2018\/12\/solarvoima-logo2-480x62.png 480w, https:\/\/www.kirkonulkomaanapu.fi\/wp-content\/uploads\/2018\/12\/solarvoima-logo2-768x100.png 768w, https:\/\/www.kirkonulkomaanapu.fi\/wp-content\/uploads\/2018\/12\/solarvoima-logo2-316x41.png 316w\" sizes=\"auto, (max-width: 300px) 100vw, 300px\" \/>Solarvoima Ltd<\/strong>. has donated a Powerhouse all-in-1 solar power plant to a vocational training center in Rwamwanja refugee settlement, Uganda. R&amp;D project of Powerhouse is executed in co-operation with Business Finland. The training center is ran by FCA, together with the support of <strong>UNHCR<\/strong>.<\/p>\n<p>&nbsp;<\/p>\n<p><img loading=\"lazy\" decoding=\"async\" class=\"alignleft size-full wp-image-91766\" src=\"https:\/\/www.kirkonulkomaanapu.fi\/wp-content\/uploads\/2018\/12\/Lovi-oy-4.jpg\" alt=\"\" width=\"99\" height=\"53\" \/><\/p>\n<p><strong>Lovi Ltd.<\/strong>\u00a0is a Finnish design company, which designs, produces and markets Lovi products. Their products are made of sustainable high quality birch plywood. \u201cAs a user of natural materials, Lovi wants to give back to nature by helping to prevent climate change. By buying Lovi products customers can participate in our planting campaign.\u201d Since 2009, Lovi has donated 50,000 euros through Alternative Gifts in the form of tree seedlings. Lovi annually donates 5,000 \u20ac worth of tree seedlings to developing countries through Alternative Gifts. CEO, Anne Paso<\/p>\n<p>&nbsp;<\/p>\n<p><img loading=\"lazy\" decoding=\"async\" class=\"alignleft wp-image-91585\" src=\"https:\/\/www.kirkonulkomaanapu.fi\/wp-content\/uploads\/2018\/12\/Mifuko_logo2.png\" alt=\"\" width=\"203\" height=\"61\" \/><strong>Mifuko<\/strong>\u00b4s products combine contemporary Finnish design with traditional Kenyan handicraft techniques. Mifuko employes hundreads of Kenyan women near Nairobi. FCA\u00b4s office in Kenya supports Mifuko with connections and logistics in Turkana, Northern Kenya. FCA operates in Kakuma and Kalobeyei refugee settlements and Mifuko has extended its prototype development and production operations there to support local womens\u00b4 groups.<\/p>\n<p><img loading=\"lazy\" decoding=\"async\" class=\"alignleft wp-image-6177\" src=\"https:\/\/www.kirkonulkomaanapu.fi\/wp-content\/uploads\/2014\/03\/A-lehdet-Oy-Kirkon-Ulkomaanavun-yritysyhteisty\u00f6kumppani-150x150.jpg\" alt=\"A-lehdet Oy Kirkon Ulkomaanavun yritysyhteisty\u00f6kumppani\" width=\"117\" height=\"117\" srcset=\"https:\/\/www.kirkonulkomaanapu.fi\/wp-content\/uploads\/2014\/03\/A-lehdet-Oy-Kirkon-Ulkomaanavun-yritysyhteisty\u00f6kumppani-150x150.jpg 150w, https:\/\/www.kirkonulkomaanapu.fi\/wp-content\/uploads\/2014\/03\/A-lehdet-Oy-Kirkon-Ulkomaanavun-yritysyhteisty\u00f6kumppani-124x123.jpg 124w\" sizes=\"auto, (max-width: 117px) 100vw, 117px\" \/><\/p>\n<p>&nbsp;<\/p>\n<p><strong>A-lehdet Ltd.<\/strong> is a Finnish mediahouse with 80 years of experience. The corporation consists of A-lehdet Oy, Markkinointiviestint\u00e4 Dialogi Oy and A-kustannus Oy. A-lehdet is FCA\u2019s long-term corporate partner. With their support we are able to cost-effectively make FCA\u2019s work visible in the Finnish media, and raise more funds to support the people in developing countries.<\/p>\n<p>&nbsp;<\/p>\n<p><strong>The Mikko Kaloinen Foundation<\/strong> is a long-term supporter of FCA and donates funds especially to victims of natural disasters.<\/p>\n","protected":false},"excerpt":{"rendered":"<p>Corporate Donors are FCA\u2019s corporate supporters who have invested in our projects in developing countries by providing long-term funding or have made significant one-time investments. Corporate donors are also those companies and associations who bring their expertise to projects and participate in planning and implementing them. FCA is very grateful for all the support from [&hellip;]<\/p>\n","protected":false},"author":17,"featured_media":0,"parent":0,"menu_order":3,"comment_status":"closed","ping_status":"open","template":"page-templates\/yhteystiedot.php","meta":{"_acf_changed":false,"_relevanssi_hide_post":"","_relevanssi_hide_content":"","_relevanssi_pin_for_all":"","_relevanssi_pin_keywords":"","_relevanssi_unpin_keywords":"","_relevanssi_related_keywords":"","_relevanssi_related_include_ids":"","_relevanssi_related_exclude_ids":"","_relevanssi_related_no_append":"","_relevanssi_related_not_related":"","_relevanssi_related_posts":"","_relevanssi_noindex_reason":"","_improvement_type_select":"improve_an_existing","_thumb_yes_seoaic":false,"_frame_yes_seoaic":false,"seoaic_generate_description":"","seoaic_improve_instructions_prompt":"","seoaic_rollback_content_improvement":"","seoaic_idea_thumbnail_generator":"","thumbnail_generated":false,"thumbnail_generate_prompt":"","seoaic_article_description":"","footnotes":""},"class_list":["post-7351","page","type-page","status-publish","hentry"],"acf":[],"yoast_head":"<!-- This site is optimized with the Yoast SEO plugin v26.9 - https:\/\/yoast.com\/product\/yoast-seo-wordpress\/ -->\n<title>Corporate Donors - FCA Finn Church Aid<\/title>\n<meta name=\"description\" content=\"Corporate donors are FCA\u2019s corporate supporters who have sponsored our projects by providing long-term funding or have made significant one-time investment.\" \/>\n<meta name=\"robots\" content=\"index, follow, max-snippet:-1, max-image-preview:large, max-video-preview:-1\" \/>\n<link rel=\"canonical\" href=\"https:\/\/www.kirkonulkomaanapu.fi\/en\/corporate-donors\/\" \/>\n<meta property=\"og:locale\" content=\"en_US\" \/>\n<meta property=\"og:type\" content=\"article\" \/>\n<meta property=\"og:title\" content=\"Corporate Donors - FCA Finn Church Aid\" \/>\n<meta property=\"og:description\" content=\"Corporate donors are FCA\u2019s corporate supporters who have sponsored our projects by providing long-term funding or have made significant one-time investment.\" \/>\n<meta property=\"og:url\" content=\"https:\/\/www.kirkonulkomaanapu.fi\/en\/corporate-donors\/\" \/>\n<meta property=\"og:site_name\" content=\"FCA Finn Church Aid\" \/>\n<meta property=\"article:publisher\" content=\"https:\/\/www.facebook.com\/Ulkomaanapu\/\" \/>\n<meta property=\"article:modified_time\" content=\"2021-06-02T13:43:01+00:00\" \/>\n<meta property=\"og:image\" content=\"https:\/\/www.kirkonulkomaanapu.fi\/wp-content\/uploads\/2018\/11\/wefood_logo1.jpg\" \/>\n<meta name=\"twitter:label1\" content=\"Est. reading time\" \/>\n\t<meta name=\"twitter:data1\" content=\"3 minutes\" \/>\n<script type=\"application\/ld+json\" class=\"yoast-schema-graph\">{\"@context\":\"https:\/\/schema.org\",\"@graph\":[{\"@type\":\"WebPage\",\"@id\":\"https:\/\/www.kirkonulkomaanapu.fi\/en\/corporate-donors\/\",\"url\":\"https:\/\/www.kirkonulkomaanapu.fi\/en\/corporate-donors\/\",\"name\":\"Corporate Donors - FCA Finn Church Aid\",\"isPartOf\":{\"@id\":\"https:\/\/www.kirkonulkomaanapu.fi\/#website\"},\"primaryImageOfPage\":{\"@id\":\"https:\/\/www.kirkonulkomaanapu.fi\/en\/corporate-donors\/#primaryimage\"},\"image\":{\"@id\":\"https:\/\/www.kirkonulkomaanapu.fi\/en\/corporate-donors\/#primaryimage\"},\"thumbnailUrl\":\"https:\/\/www.kirkonulkomaanapu.fi\/wp-content\/uploads\/2018\/11\/wefood_logo1.jpg\",\"datePublished\":\"2014-05-08T13:27:45+00:00\",\"dateModified\":\"2021-06-02T13:43:01+00:00\",\"description\":\"Corporate donors are FCA\u2019s corporate supporters who have sponsored our projects by providing long-term funding or have made significant one-time investment.\",\"breadcrumb\":{\"@id\":\"https:\/\/www.kirkonulkomaanapu.fi\/en\/corporate-donors\/#breadcrumb\"},\"inLanguage\":\"en-US\",\"potentialAction\":[{\"@type\":\"ReadAction\",\"target\":[\"https:\/\/www.kirkonulkomaanapu.fi\/en\/corporate-donors\/\"]}]},{\"@type\":\"ImageObject\",\"inLanguage\":\"en-US\",\"@id\":\"https:\/\/www.kirkonulkomaanapu.fi\/en\/corporate-donors\/#primaryimage\",\"url\":\"https:\/\/www.kirkonulkomaanapu.fi\/wp-content\/uploads\/2018\/11\/wefood_logo1.jpg\",\"contentUrl\":\"https:\/\/www.kirkonulkomaanapu.fi\/wp-content\/uploads\/2018\/11\/wefood_logo1.jpg\"},{\"@type\":\"BreadcrumbList\",\"@id\":\"https:\/\/www.kirkonulkomaanapu.fi\/en\/corporate-donors\/#breadcrumb\",\"itemListElement\":[{\"@type\":\"ListItem\",\"position\":1,\"name\":\"Home\",\"item\":\"https:\/\/www.kirkonulkomaanapu.fi\/en\/\"},{\"@type\":\"ListItem\",\"position\":2,\"name\":\"Corporate Donors\"}]},{\"@type\":\"WebSite\",\"@id\":\"https:\/\/www.kirkonulkomaanapu.fi\/#website\",\"url\":\"https:\/\/www.kirkonulkomaanapu.fi\/\",\"name\":\"Kirkon Ulkomaanapu\",\"description\":\"Suomen suurin kehitysyhteisty\u00f6j\u00e4rjest\u00f6\",\"publisher\":{\"@id\":\"https:\/\/www.kirkonulkomaanapu.fi\/#organization\"},\"alternateName\":\"KUA\",\"potentialAction\":[{\"@type\":\"SearchAction\",\"target\":{\"@type\":\"EntryPoint\",\"urlTemplate\":\"https:\/\/www.kirkonulkomaanapu.fi\/?s={search_term_string}\"},\"query-input\":{\"@type\":\"PropertyValueSpecification\",\"valueRequired\":true,\"valueName\":\"search_term_string\"}}],\"inLanguage\":\"en-US\"},{\"@type\":\"Organization\",\"@id\":\"https:\/\/www.kirkonulkomaanapu.fi\/#organization\",\"name\":\"Kirkon Ulkomaanapu\",\"alternateName\":\"KUA\",\"url\":\"https:\/\/www.kirkonulkomaanapu.fi\/\",\"logo\":{\"@type\":\"ImageObject\",\"inLanguage\":\"en-US\",\"@id\":\"https:\/\/www.kirkonulkomaanapu.fi\/#\/schema\/logo\/image\/\",\"url\":\"https:\/\/www.kirkonulkomaanapu.fi\/wp-content\/uploads\/2026\/02\/Kirkon-ulkomaanapu-logo-1.png\",\"contentUrl\":\"https:\/\/www.kirkonulkomaanapu.fi\/wp-content\/uploads\/2026\/02\/Kirkon-ulkomaanapu-logo-1.png\",\"width\":225,\"height\":225,\"caption\":\"Kirkon Ulkomaanapu\"},\"image\":{\"@id\":\"https:\/\/www.kirkonulkomaanapu.fi\/#\/schema\/logo\/image\/\"},\"sameAs\":[\"https:\/\/www.facebook.com\/Ulkomaanapu\/\",\"https:\/\/www.youtube.com\/user\/kirkonulkomaanapu\",\"https:\/\/instagram.com\/kirkon_ulkomaanapu\/\",\"https:\/\/www.linkedin.com\/company\/finn-church-aid\/\"]}]}<\/script>\n<!-- \/ Yoast SEO plugin. -->","yoast_head_json":{"title":"Corporate Donors - FCA Finn Church Aid","description":"Corporate donors are FCA\u2019s corporate supporters who have sponsored our projects by providing long-term funding or have made significant one-time investment.","robots":{"index":"index","follow":"follow","max-snippet":"max-snippet:-1","max-image-preview":"max-image-preview:large","max-video-preview":"max-video-preview:-1"},"canonical":"https:\/\/www.kirkonulkomaanapu.fi\/en\/corporate-donors\/","og_locale":"en_US","og_type":"article","og_title":"Corporate Donors - FCA Finn Church Aid","og_description":"Corporate donors are FCA\u2019s corporate supporters who have sponsored our projects by providing long-term funding or have made significant one-time investment.","og_url":"https:\/\/www.kirkonulkomaanapu.fi\/en\/corporate-donors\/","og_site_name":"FCA Finn Church Aid","article_publisher":"https:\/\/www.facebook.com\/Ulkomaanapu\/","article_modified_time":"2021-06-02T13:43:01+00:00","og_image":[{"url":"https:\/\/www.kirkonulkomaanapu.fi\/wp-content\/uploads\/2018\/11\/wefood_logo1.jpg","type":"","width":"","height":""}],"twitter_misc":{"Est. reading time":"3 minutes"},"schema":{"@context":"https:\/\/schema.org","@graph":[{"@type":"WebPage","@id":"https:\/\/www.kirkonulkomaanapu.fi\/en\/corporate-donors\/","url":"https:\/\/www.kirkonulkomaanapu.fi\/en\/corporate-donors\/","name":"Corporate Donors - FCA Finn Church Aid","isPartOf":{"@id":"https:\/\/www.kirkonulkomaanapu.fi\/#website"},"primaryImageOfPage":{"@id":"https:\/\/www.kirkonulkomaanapu.fi\/en\/corporate-donors\/#primaryimage"},"image":{"@id":"https:\/\/www.kirkonulkomaanapu.fi\/en\/corporate-donors\/#primaryimage"},"thumbnailUrl":"https:\/\/www.kirkonulkomaanapu.fi\/wp-content\/uploads\/2018\/11\/wefood_logo1.jpg","datePublished":"2014-05-08T13:27:45+00:00","dateModified":"2021-06-02T13:43:01+00:00","description":"Corporate donors are FCA\u2019s corporate supporters who have sponsored our projects by providing long-term funding or have made significant one-time investment.","breadcrumb":{"@id":"https:\/\/www.kirkonulkomaanapu.fi\/en\/corporate-donors\/#breadcrumb"},"inLanguage":"en-US","potentialAction":[{"@type":"ReadAction","target":["https:\/\/www.kirkonulkomaanapu.fi\/en\/corporate-donors\/"]}]},{"@type":"ImageObject","inLanguage":"en-US","@id":"https:\/\/www.kirkonulkomaanapu.fi\/en\/corporate-donors\/#primaryimage","url":"https:\/\/www.kirkonulkomaanapu.fi\/wp-content\/uploads\/2018\/11\/wefood_logo1.jpg","contentUrl":"https:\/\/www.kirkonulkomaanapu.fi\/wp-content\/uploads\/2018\/11\/wefood_logo1.jpg"},{"@type":"BreadcrumbList","@id":"https:\/\/www.kirkonulkomaanapu.fi\/en\/corporate-donors\/#breadcrumb","itemListElement":[{"@type":"ListItem","position":1,"name":"Home","item":"https:\/\/www.kirkonulkomaanapu.fi\/en\/"},{"@type":"ListItem","position":2,"name":"Corporate Donors"}]},{"@type":"WebSite","@id":"https:\/\/www.kirkonulkomaanapu.fi\/#website","url":"https:\/\/www.kirkonulkomaanapu.fi\/","name":"Kirkon Ulkomaanapu","description":"Suomen suurin kehitysyhteisty\u00f6j\u00e4rjest\u00f6","publisher":{"@id":"https:\/\/www.kirkonulkomaanapu.fi\/#organization"},"alternateName":"KUA","potentialAction":[{"@type":"SearchAction","target":{"@type":"EntryPoint","urlTemplate":"https:\/\/www.kirkonulkomaanapu.fi\/?s={search_term_string}"},"query-input":{"@type":"PropertyValueSpecification","valueRequired":true,"valueName":"search_term_string"}}],"inLanguage":"en-US"},{"@type":"Organization","@id":"https:\/\/www.kirkonulkomaanapu.fi\/#organization","name":"Kirkon Ulkomaanapu","alternateName":"KUA","url":"https:\/\/www.kirkonulkomaanapu.fi\/","logo":{"@type":"ImageObject","inLanguage":"en-US","@id":"https:\/\/www.kirkonulkomaanapu.fi\/#\/schema\/logo\/image\/","url":"https:\/\/www.kirkonulkomaanapu.fi\/wp-content\/uploads\/2026\/02\/Kirkon-ulkomaanapu-logo-1.png","contentUrl":"https:\/\/www.kirkonulkomaanapu.fi\/wp-content\/uploads\/2026\/02\/Kirkon-ulkomaanapu-logo-1.png","width":225,"height":225,"caption":"Kirkon Ulkomaanapu"},"image":{"@id":"https:\/\/www.kirkonulkomaanapu.fi\/#\/schema\/logo\/image\/"},"sameAs":["https:\/\/www.facebook.com\/Ulkomaanapu\/","https:\/\/www.youtube.com\/user\/kirkonulkomaanapu","https:\/\/instagram.com\/kirkon_ulkomaanapu\/","https:\/\/www.linkedin.com\/company\/finn-church-aid\/"]}]}},"_links":{"self":[{"href":"https:\/\/www.kirkonulkomaanapu.fi\/en\/wp-json\/wp\/v2\/pages\/7351","targetHints":{"allow":["GET"]}}],"collection":[{"href":"https:\/\/www.kirkonulkomaanapu.fi\/en\/wp-json\/wp\/v2\/pages"}],"about":[{"href":"https:\/\/www.kirkonulkomaanapu.fi\/en\/wp-json\/wp\/v2\/types\/page"}],"author":[{"embeddable":true,"href":"https:\/\/www.kirkonulkomaanapu.fi\/en\/wp-json\/wp\/v2\/users\/17"}],"replies":[{"embeddable":true,"href":"https:\/\/www.kirkonulkomaanapu.fi\/en\/wp-json\/wp\/v2\/comments?post=7351"}],"version-history":[{"count":4,"href":"https:\/\/www.kirkonulkomaanapu.fi\/en\/wp-json\/wp\/v2\/pages\/7351\/revisions"}],"predecessor-version":[{"id":117594,"href":"https:\/\/www.kirkonulkomaanapu.fi\/en\/wp-json\/wp\/v2\/pages\/7351\/revisions\/117594"}],"wp:attachment":[{"href":"https:\/\/www.kirkonulkomaanapu.fi\/en\/wp-json\/wp\/v2\/media?parent=7351"}],"curies":[{"name":"wp","href":"https:\/\/api.w.org\/{rel}","templated":true}]}}