{"id":7004,"date":"2014-05-06T23:33:32","date_gmt":"2014-05-06T20:33:32","guid":{"rendered":"https:\/\/www.kirkonulkomaanapu.fi\/?page_id=7004"},"modified":"2025-10-03T14:26:32","modified_gmt":"2025-10-03T11:26:32","slug":"board-directors","status":"publish","type":"page","link":"https:\/\/www.kirkonulkomaanapu.fi\/en\/us\/finances\/board-directors\/","title":{"rendered":"Board of Directors"},"content":{"rendered":"<h1 class=\"is-style-brush\" ><span class=\"bg\">\nBoard of <span class=\"is-highlighted\">Directors<\/span>\n<\/span><\/h1><h1 class=\"is-style-brush mobile\" ><span class=\"bg\">Board<\/span><span class=\"bg\">of<\/span><span class=\"is-highlighted\"><span class=\"bg\">Directors<\/span><\/span><\/h1>\n\n\n<p>Finn Church Aid &nbsp;is governed by a 10-13-member Board of Directors, with the support of a Work Committee and an Audit Committee.<\/p>\n\n\n\n<h2 class=\"wp-block-heading\"><strong>Board of Directors 2023\u20132026:<\/strong><\/h2>\n\n\n\n<p>Ms <strong>Tarja&nbsp;Kantola<\/strong> International Adviser, Chair<br>Ms <strong>Kaisamari&nbsp;<\/strong>Bishop, Vice-chair<\/p>\n\n\n\n<p><strong>Members:<\/strong><br>Ms <strong>Helena Arlander<\/strong> DI, MBA <br>Mr <strong>Sixten Ekstrand<\/strong> Director, Swedish Center of the Evangelical Lutheran Church of Finland <br>\u200bMs <strong>Ulla Klemettinen<\/strong> Missionary and International Responsibility adviser, Jyv\u00e4skyl\u00e4 Parish <br>Mr <strong>Jarno Limnell<\/strong> Member of Parliament<br>Ms <strong>Ritva Reinikka<\/strong> Professor, Aalto University <br>Ms <strong>Satu Relander<\/strong> Head of Legal Team, Fondia <br>Mr \u200b<strong>Matti Sar\u00e9n<\/strong> Principal\/Executive Director, Kajaani University of Applied Sciences <br>Mr <strong>Olli-Pekka Silfverhuth<\/strong> Vicar, Pirkkala Parish <br>Mr <strong>Antti Toivanen<\/strong> Adviser, Prime Minister\u2019s Office<\/p>\n\n\n\n<p>Secretary:<br>Mr <strong>Tomi J\u00e4rvinen<\/strong>, Executive Director<\/p>\n\n\n\n<h3 class=\"wp-block-heading\">Expert members<\/h3>\n\n\n\n<p>Ms <strong>Larissa Franz-Koivisto<\/strong>, Secretary General, Caritas Finland\u200b<br>Mr <strong>Risto Jukko<\/strong>, Director, Office for Global Mission<br>Ms <strong>Ulla Siirto,<\/strong> Director, Evangelical Lutheran Church of Finland<br>Ms <strong>Riina Nguyen<\/strong>, Executive Director, Filantropia ry<br>Ms <strong>Sini Al-Fraidawi<\/strong>, Chair, Changemaker<\/p>\n\n\n\n<h3 class=\"wp-block-heading\">The members of the Board of&nbsp;Directors\u2019&nbsp;audit committee 2023\u20132026:&nbsp;<\/h3>\n\n\n\n<p>Mr <strong>Sixten&nbsp;Ekstrand<\/strong>\u202f(chair),\u202fMs <strong>Ritva Reinikka<\/strong>,\u202fMs <strong>Satu Relander<\/strong><\/p>\n","protected":false},"excerpt":{"rendered":"<p>Board of Directors BoardofDirectors Finn Church Aid &nbsp;is governed by a 10-13-member Board of Directors, with the support of a Work Committee and an Audit Committee. Board of Directors 2023\u20132026: Ms Tarja&nbsp;Kantola International Adviser, ChairMs Kaisamari&nbsp;Bishop, Vice-chair Members:Ms Helena Arlander DI, MBA Mr Sixten Ekstrand Director, Swedish Center of the Evangelical Lutheran Church of Finland [&hellip;]<\/p>\n","protected":false},"author":7,"featured_media":0,"parent":116178,"menu_order":2,"comment_status":"closed","ping_status":"closed","template":"page-templates\/yhteystiedot.php","meta":{"_acf_changed":false,"_relevanssi_hide_post":"","_relevanssi_hide_content":"","_relevanssi_pin_for_all":"","_relevanssi_pin_keywords":"","_relevanssi_unpin_keywords":"","_relevanssi_related_keywords":"","_relevanssi_related_include_ids":"","_relevanssi_related_exclude_ids":"","_relevanssi_related_no_append":"","_relevanssi_related_not_related":"","_relevanssi_related_posts":"115774,71863,89717,92897,110039,86631","_relevanssi_noindex_reason":"","_improvement_type_select":"improve_an_existing","_thumb_yes_seoaic":false,"_frame_yes_seoaic":false,"seoaic_generate_description":"","seoaic_improve_instructions_prompt":"","seoaic_rollback_content_improvement":"","seoaic_idea_thumbnail_generator":"","thumbnail_generated":false,"thumbnail_generate_prompt":"","seoaic_article_description":"","footnotes":""},"class_list":["post-7004","page","type-page","status-publish","hentry"],"acf":[],"yoast_head":"<!-- This site is optimized with the Yoast SEO plugin v26.9 - https:\/\/yoast.com\/product\/yoast-seo-wordpress\/ -->\n<title>Board of Directors - FCA Finn Church Aid<\/title>\n<meta name=\"description\" content=\"Finn Church Aid is governed by an 14-member Board of Directors, with the support of a Work Committee and an Audit Committee.\" \/>\n<meta name=\"robots\" content=\"index, follow, max-snippet:-1, max-image-preview:large, max-video-preview:-1\" \/>\n<link rel=\"canonical\" href=\"https:\/\/www.kirkonulkomaanapu.fi\/en\/us\/finances\/board-directors\/\" \/>\n<meta property=\"og:locale\" content=\"en_US\" \/>\n<meta property=\"og:type\" content=\"article\" \/>\n<meta property=\"og:title\" content=\"Board of Directors - FCA Finn Church Aid\" \/>\n<meta property=\"og:description\" content=\"Finn Church Aid is governed by an 14-member Board of Directors, with the support of a Work Committee and an Audit Committee.\" \/>\n<meta property=\"og:url\" content=\"https:\/\/www.kirkonulkomaanapu.fi\/en\/us\/finances\/board-directors\/\" \/>\n<meta property=\"og:site_name\" content=\"FCA Finn Church Aid\" \/>\n<meta property=\"article:publisher\" content=\"https:\/\/www.facebook.com\/Ulkomaanapu\/\" \/>\n<meta property=\"article:modified_time\" content=\"2025-10-03T11:26:32+00:00\" \/>\n<meta property=\"og:image\" content=\"https:\/\/www.kirkonulkomaanapu.fi\/wp-content\/uploads\/2026\/02\/Kirkon-ulkomaanapu-logo.png\" \/>\n\t<meta property=\"og:image:width\" content=\"225\" \/>\n\t<meta property=\"og:image:height\" content=\"225\" \/>\n\t<meta property=\"og:image:type\" content=\"image\/png\" \/>\n<meta name=\"twitter:label1\" content=\"Est. reading time\" \/>\n\t<meta name=\"twitter:data1\" content=\"2 minutes\" \/>\n<script type=\"application\/ld+json\" class=\"yoast-schema-graph\">{\"@context\":\"https:\/\/schema.org\",\"@graph\":[{\"@type\":\"WebPage\",\"@id\":\"https:\/\/www.kirkonulkomaanapu.fi\/en\/us\/finances\/board-directors\/\",\"url\":\"https:\/\/www.kirkonulkomaanapu.fi\/en\/us\/finances\/board-directors\/\",\"name\":\"Board of Directors - FCA Finn Church Aid\",\"isPartOf\":{\"@id\":\"https:\/\/www.kirkonulkomaanapu.fi\/#website\"},\"datePublished\":\"2014-05-06T20:33:32+00:00\",\"dateModified\":\"2025-10-03T11:26:32+00:00\",\"description\":\"Finn Church Aid is governed by an 14-member Board of Directors, with the support of a Work Committee and an Audit Committee.\",\"breadcrumb\":{\"@id\":\"https:\/\/www.kirkonulkomaanapu.fi\/en\/us\/finances\/board-directors\/#breadcrumb\"},\"inLanguage\":\"en-US\",\"potentialAction\":[{\"@type\":\"ReadAction\",\"target\":[\"https:\/\/www.kirkonulkomaanapu.fi\/en\/us\/finances\/board-directors\/\"]}]},{\"@type\":\"BreadcrumbList\",\"@id\":\"https:\/\/www.kirkonulkomaanapu.fi\/en\/us\/finances\/board-directors\/#breadcrumb\",\"itemListElement\":[{\"@type\":\"ListItem\",\"position\":1,\"name\":\"Home\",\"item\":\"https:\/\/www.kirkonulkomaanapu.fi\/en\/\"},{\"@type\":\"ListItem\",\"position\":2,\"name\":\"About us\",\"item\":\"https:\/\/www.kirkonulkomaanapu.fi\/en\/us\/\"},{\"@type\":\"ListItem\",\"position\":3,\"name\":\"Finances\",\"item\":\"https:\/\/www.kirkonulkomaanapu.fi\/en\/us\/finances\/\"},{\"@type\":\"ListItem\",\"position\":4,\"name\":\"Board of Directors\"}]},{\"@type\":\"WebSite\",\"@id\":\"https:\/\/www.kirkonulkomaanapu.fi\/#website\",\"url\":\"https:\/\/www.kirkonulkomaanapu.fi\/\",\"name\":\"Kirkon Ulkomaanapu\",\"description\":\"Suomen suurin kehitysyhteisty\u00f6j\u00e4rjest\u00f6\",\"publisher\":{\"@id\":\"https:\/\/www.kirkonulkomaanapu.fi\/#organization\"},\"alternateName\":\"KUA\",\"potentialAction\":[{\"@type\":\"SearchAction\",\"target\":{\"@type\":\"EntryPoint\",\"urlTemplate\":\"https:\/\/www.kirkonulkomaanapu.fi\/?s={search_term_string}\"},\"query-input\":{\"@type\":\"PropertyValueSpecification\",\"valueRequired\":true,\"valueName\":\"search_term_string\"}}],\"inLanguage\":\"en-US\"},{\"@type\":\"Organization\",\"@id\":\"https:\/\/www.kirkonulkomaanapu.fi\/#organization\",\"name\":\"Kirkon Ulkomaanapu\",\"alternateName\":\"KUA\",\"url\":\"https:\/\/www.kirkonulkomaanapu.fi\/\",\"logo\":{\"@type\":\"ImageObject\",\"inLanguage\":\"en-US\",\"@id\":\"https:\/\/www.kirkonulkomaanapu.fi\/#\/schema\/logo\/image\/\",\"url\":\"https:\/\/www.kirkonulkomaanapu.fi\/wp-content\/uploads\/2026\/02\/Kirkon-ulkomaanapu-logo-1.png\",\"contentUrl\":\"https:\/\/www.kirkonulkomaanapu.fi\/wp-content\/uploads\/2026\/02\/Kirkon-ulkomaanapu-logo-1.png\",\"width\":225,\"height\":225,\"caption\":\"Kirkon Ulkomaanapu\"},\"image\":{\"@id\":\"https:\/\/www.kirkonulkomaanapu.fi\/#\/schema\/logo\/image\/\"},\"sameAs\":[\"https:\/\/www.facebook.com\/Ulkomaanapu\/\",\"https:\/\/www.youtube.com\/user\/kirkonulkomaanapu\",\"https:\/\/instagram.com\/kirkon_ulkomaanapu\/\",\"https:\/\/www.linkedin.com\/company\/finn-church-aid\/\"]}]}<\/script>\n<!-- \/ Yoast SEO plugin. -->","yoast_head_json":{"title":"Board of Directors - FCA Finn Church Aid","description":"Finn Church Aid is governed by an 14-member Board of Directors, with the support of a Work Committee and an Audit Committee.","robots":{"index":"index","follow":"follow","max-snippet":"max-snippet:-1","max-image-preview":"max-image-preview:large","max-video-preview":"max-video-preview:-1"},"canonical":"https:\/\/www.kirkonulkomaanapu.fi\/en\/us\/finances\/board-directors\/","og_locale":"en_US","og_type":"article","og_title":"Board of Directors - FCA Finn Church Aid","og_description":"Finn Church Aid is governed by an 14-member Board of Directors, with the support of a Work Committee and an Audit Committee.","og_url":"https:\/\/www.kirkonulkomaanapu.fi\/en\/us\/finances\/board-directors\/","og_site_name":"FCA Finn Church Aid","article_publisher":"https:\/\/www.facebook.com\/Ulkomaanapu\/","article_modified_time":"2025-10-03T11:26:32+00:00","og_image":[{"width":225,"height":225,"url":"https:\/\/www.kirkonulkomaanapu.fi\/wp-content\/uploads\/2026\/02\/Kirkon-ulkomaanapu-logo.png","type":"image\/png"}],"twitter_misc":{"Est. reading time":"2 minutes"},"schema":{"@context":"https:\/\/schema.org","@graph":[{"@type":"WebPage","@id":"https:\/\/www.kirkonulkomaanapu.fi\/en\/us\/finances\/board-directors\/","url":"https:\/\/www.kirkonulkomaanapu.fi\/en\/us\/finances\/board-directors\/","name":"Board of Directors - FCA Finn Church Aid","isPartOf":{"@id":"https:\/\/www.kirkonulkomaanapu.fi\/#website"},"datePublished":"2014-05-06T20:33:32+00:00","dateModified":"2025-10-03T11:26:32+00:00","description":"Finn Church Aid is governed by an 14-member Board of Directors, with the support of a Work Committee and an Audit Committee.","breadcrumb":{"@id":"https:\/\/www.kirkonulkomaanapu.fi\/en\/us\/finances\/board-directors\/#breadcrumb"},"inLanguage":"en-US","potentialAction":[{"@type":"ReadAction","target":["https:\/\/www.kirkonulkomaanapu.fi\/en\/us\/finances\/board-directors\/"]}]},{"@type":"BreadcrumbList","@id":"https:\/\/www.kirkonulkomaanapu.fi\/en\/us\/finances\/board-directors\/#breadcrumb","itemListElement":[{"@type":"ListItem","position":1,"name":"Home","item":"https:\/\/www.kirkonulkomaanapu.fi\/en\/"},{"@type":"ListItem","position":2,"name":"About us","item":"https:\/\/www.kirkonulkomaanapu.fi\/en\/us\/"},{"@type":"ListItem","position":3,"name":"Finances","item":"https:\/\/www.kirkonulkomaanapu.fi\/en\/us\/finances\/"},{"@type":"ListItem","position":4,"name":"Board of Directors"}]},{"@type":"WebSite","@id":"https:\/\/www.kirkonulkomaanapu.fi\/#website","url":"https:\/\/www.kirkonulkomaanapu.fi\/","name":"Kirkon Ulkomaanapu","description":"Suomen suurin kehitysyhteisty\u00f6j\u00e4rjest\u00f6","publisher":{"@id":"https:\/\/www.kirkonulkomaanapu.fi\/#organization"},"alternateName":"KUA","potentialAction":[{"@type":"SearchAction","target":{"@type":"EntryPoint","urlTemplate":"https:\/\/www.kirkonulkomaanapu.fi\/?s={search_term_string}"},"query-input":{"@type":"PropertyValueSpecification","valueRequired":true,"valueName":"search_term_string"}}],"inLanguage":"en-US"},{"@type":"Organization","@id":"https:\/\/www.kirkonulkomaanapu.fi\/#organization","name":"Kirkon Ulkomaanapu","alternateName":"KUA","url":"https:\/\/www.kirkonulkomaanapu.fi\/","logo":{"@type":"ImageObject","inLanguage":"en-US","@id":"https:\/\/www.kirkonulkomaanapu.fi\/#\/schema\/logo\/image\/","url":"https:\/\/www.kirkonulkomaanapu.fi\/wp-content\/uploads\/2026\/02\/Kirkon-ulkomaanapu-logo-1.png","contentUrl":"https:\/\/www.kirkonulkomaanapu.fi\/wp-content\/uploads\/2026\/02\/Kirkon-ulkomaanapu-logo-1.png","width":225,"height":225,"caption":"Kirkon Ulkomaanapu"},"image":{"@id":"https:\/\/www.kirkonulkomaanapu.fi\/#\/schema\/logo\/image\/"},"sameAs":["https:\/\/www.facebook.com\/Ulkomaanapu\/","https:\/\/www.youtube.com\/user\/kirkonulkomaanapu","https:\/\/instagram.com\/kirkon_ulkomaanapu\/","https:\/\/www.linkedin.com\/company\/finn-church-aid\/"]}]}},"_links":{"self":[{"href":"https:\/\/www.kirkonulkomaanapu.fi\/en\/wp-json\/wp\/v2\/pages\/7004","targetHints":{"allow":["GET"]}}],"collection":[{"href":"https:\/\/www.kirkonulkomaanapu.fi\/en\/wp-json\/wp\/v2\/pages"}],"about":[{"href":"https:\/\/www.kirkonulkomaanapu.fi\/en\/wp-json\/wp\/v2\/types\/page"}],"author":[{"embeddable":true,"href":"https:\/\/www.kirkonulkomaanapu.fi\/en\/wp-json\/wp\/v2\/users\/7"}],"replies":[{"embeddable":true,"href":"https:\/\/www.kirkonulkomaanapu.fi\/en\/wp-json\/wp\/v2\/comments?post=7004"}],"version-history":[{"count":3,"href":"https:\/\/www.kirkonulkomaanapu.fi\/en\/wp-json\/wp\/v2\/pages\/7004\/revisions"}],"predecessor-version":[{"id":157040,"href":"https:\/\/www.kirkonulkomaanapu.fi\/en\/wp-json\/wp\/v2\/pages\/7004\/revisions\/157040"}],"up":[{"embeddable":true,"href":"https:\/\/www.kirkonulkomaanapu.fi\/en\/wp-json\/wp\/v2\/pages\/116178"}],"wp:attachment":[{"href":"https:\/\/www.kirkonulkomaanapu.fi\/en\/wp-json\/wp\/v2\/media?parent=7004"}],"curies":[{"name":"wp","href":"https:\/\/api.w.org\/{rel}","templated":true}]}}