{"id":68576,"date":"2015-08-03T09:09:19","date_gmt":"2015-08-03T06:09:19","guid":{"rendered":"https:\/\/www.kirkonulkomaanapu.fi\/?page_id=68576"},"modified":"2018-11-02T11:26:56","modified_gmt":"2018-11-02T09:26:56","slug":"unicef","status":"publish","type":"page","link":"https:\/\/www.kirkonulkomaanapu.fi\/en\/us\/donors\/international-donors\/unicef\/","title":{"rendered":"UNICEF"},"content":{"rendered":"<p style=\"text-align: right;\"><a href=\"http:\/\/www.unicef.org\/\" target=\"_blank\" rel=\"noopener\"><img loading=\"lazy\" decoding=\"async\" class=\" wp-image-68579 alignright\" src=\"https:\/\/www.kirkonulkomaanapu.fi\/wp-content\/uploads\/2015\/08\/UNICEF_logo_Cyan-480x117.jpg\" alt=\"UNICEF_logo_Cyan\" width=\"308\" height=\"75\" srcset=\"https:\/\/www.kirkonulkomaanapu.fi\/wp-content\/uploads\/2015\/08\/UNICEF_logo_Cyan-480x117.jpg 480w, https:\/\/www.kirkonulkomaanapu.fi\/wp-content\/uploads\/2015\/08\/UNICEF_logo_Cyan-316x77.jpg 316w, https:\/\/www.kirkonulkomaanapu.fi\/wp-content\/uploads\/2015\/08\/UNICEF_logo_Cyan.jpg 640w\" sizes=\"auto, (max-width: 308px) 100vw, 308px\" \/><\/a><\/p>\n<p>The United Nations Children&#8217;s Fund (UNICEF) is a United Nations Programme headquartered in New York City that provides long-term humanitarian and developmental assistance to children and mothers in developing countries. It was created in December 1946 to provide food, clothing and health care to the European children facing famine and disease after WWII.<\/p>\n<p>UNICEF is part of the Global Movement for Children \u2013 a broad coalition dedicated to improving the life of every child.\u00a0 Through this movement, and events such as the United Nations Special Session on Children, it encourages young people to speak out and participate in the decisions that affect their lives. Active in more than 190 countries and territories through country programmes and National Committees, UNICEF is the world&#8217;s leading advocate for children. The heart of its work is in the field where each country office carries out its mission through a unique programme of cooperation developed with the host government.<\/p>\n<h3>UNICEF funded FCA projects:<\/h3>\n<p>Country: Kenya<br \/>\nProject name: Rehabilitation of selected water structures and equipment at boreholes in Marsabit County (FCA code 11977)<br \/>\nPeriod: 26\/06\/2018-31\/10\/2018<br \/>\nBudget (grant + co-funding): 67,000 + 16,000 \u20ac<\/p>\n<p>Country: Uganda<br \/>\nProject name: Construction of classroom blocks (11) in Bidibidi settlement \u2013 Yumbe (FCA code 11979)<br \/>\nPeriod: 02\/05\/2018-30\/08\/2018<br \/>\nBudget (grant): 296,000 \u20ac<\/p>\n<p>Country: South Sudan<br \/>\nProject name: Provision of equitable access to quality education for conflict affected children, youth and out-of-school children in Jonglei State (GPAA &amp; Fangak) and Lake State (Awerial county), South Sudan (FCA code 11969)<br \/>\nPeriod: 22\/05\/2018-22\/03\/2020<br \/>\nBudget (grant + co-funding): 1,517,000 + 262,000 \u20ac<\/p>\n<p>Country: Kenya<br \/>\nProject name: Learning for Life: Early Childhood Development and Education for Displaced Children (FCA code 11970)<br \/>\nPeriod: 01\/05\/2018-31\/10\/2018<br \/>\nBudget (grant + co-funding): 141,000 + 45,000 \u20ac<\/p>\n<p>Country: Uganda<br \/>\nProject name: Sustainable Comprehensive Response to Education project (SCORE) (Phase II) (FCA code 11917)<br \/>\nPeriod: 01\/03\/2018-28\/02\/2019<br \/>\nBudget (grant + co-funding): 323,000 + 77,000 \u20ac<\/p>\n<p>Country: Kenya<br \/>\nProject name: Emergency Education Response in Kalobeyei settlement (FCA code 11881)<br \/>\nPeriod: 02\/08\/2017-30\/03\/2018<br \/>\nBudget (grant + co-funding): 391,000 + 105,000 \u20ac<\/p>\n<p>Country: Kenya<br \/>\nProject name: WASH Drought emergency response for drought affected populations in Turkana, Garissa and Marsabit counties (FCA code 11850)<br \/>\nPeriod: 01\/05\/2017-31\/08\/2017<br \/>\nBudget (grant + co-funding): 152,000 + 39,000 \u20ac<\/p>\n<p>Country: Central African Republic (CAR)<br \/>\nProject name: Retablissement des services sociaux de base, Secteur L&#8217;education &#8211; Restoration of Basic Social Services in the Education Sector (FCA code 11849)<br \/>\nPeriod: 31\/05\/2017-30\/05\/2018<br \/>\nBudget (grant + co-funding): 896,000 + 37,000 \u20ac<\/p>\n<p>Country: South Sudan<br \/>\nProject name: Provision of quality education in emergency for conflict affected children in Fangak and Pibor County Jonglei State, South Sudan (FCA code 11834)<br \/>\nPeriod: 01\/04\/2017-31\/12\/2017<br \/>\nBudget (grant + co-funding): 496,000 +101,000 \u20ac<\/p>\n<p>Country: Global<br \/>\nProject name: Support to the GEC through provision of One Education Cluster Rapid Response Personel (FCA code 11252)<br \/>\nPeriod: 01\/01\/2016-31\/12\/2017<br \/>\nBudget (grant + co-funding): 137,000 + 1,500 \u20ac<\/p>\n<p>Country: Central African Republic (CAR)<br \/>\nProject name: GPE 2nd phase Projet d\u2019Appui au Rel\u00e8vement du Syst\u00e8me Educatif en RCA (FCA code 11806)<br \/>\nPeriod: 01\/03\/2017-31\/08\/2017<br \/>\nBudget (grant + co-funding): 65,000 + 32,000 \u20ac<\/p>\n<p>Country: Greece<br \/>\nProject name: Quality early learning, non-formal education, enhanced psychosocial wellbeing and positive integration for refugee children in Greece \u00a0(FCA code 11787)<br \/>\nPeriod: 17\/10\/2016-31\/07\/2017<br \/>\nBudget (grant): 2,000,000 \u20ac<\/p>\n<p>Country: Kenya<br \/>\nProject name: Promoting access to quality education in Northern Kenya for OOSC (FCA code 11756)<br \/>\nPeriod: 28\/09\/2016-30\/11\/2018<br \/>\nBudget (grant + co-funding): 902,000 + 223,000 \u20ac<\/p>\n<p>Country: Uganda<br \/>\nProject name: Sustainable Comprehensive Response to Education project (SCORE) (FCA code 11791)<br \/>\nPeriod: 07\/10\/2016-07\/10\/2017<br \/>\nBudget (grant + co-funding): 214,000 +122,000 \u20ac<\/p>\n<p>Country: Central African Republic (CAR)<br \/>\nProject name: Projet d\u2019Appui au Rel\u00e8vement du Syst\u00e8me Educatif en RCA (FCA code 11645)<br \/>\nPeriod: 01\/09\/2015-30\/11\/2016<br \/>\nBudget (grant + co-funding): 611,000 + 66,000 \u20ac<\/p>\n<p>Country: Central African Republic (CAR)<br \/>\nProject name: EU-Unicef R\u00e9habilitation des services sociaux de base en Education en RCA (FCA code 11666)<br \/>\nPeriod: 01\/12\/2015-31\/03\/2017<br \/>\nBudget (grant + co-funding): 823,000 + 56,000 \u20ac<\/p>\n<p>Country: Nepal<br \/>\nProject name: Education in Emergencies: Towards Learner-Friendly Post-Earthquake Recovery and Resilience (FCA code 11705)<br \/>\nPeriod: 01\/04\/2016-31\/08\/2017<br \/>\nBudget (grant + co-funding): 3,649,000 + 192,000 \u20ac<\/p>\n<p>Country: Jordan<br \/>\nProject name: Provision of alternative education, psychosocial support and life skills activities to vulnerable children (in Amman and Irbid) (FCA code 11663)<br \/>\nPeriod: 10\/01\/2016-31\/12\/2016<br \/>\nBudget (grant + co-funding): 1,100,000 + 78,000 \u20ac<\/p>\n<p>Country: Central African Republic (CAR)<br \/>\nProject name: Support to the restart of education activities in CAR (FCA code 11525)<br \/>\nPeriod: 25\/06\/2014-15\/03\/2015<br \/>\nBudget (grant): 297,000 \u20ac<\/p>\n<p>Country: Central African Republic (CAR)<br \/>\nProject name: Projet de 6 ETAPEs (FCA code 11519)<br \/>\nPeriod: 01\/06\/2014-30\/09\/2014<br \/>\nBudget (grant): 21,040 \u20ac<\/p>\n","protected":false},"excerpt":{"rendered":"<p>The United Nations Children&#8217;s Fund (UNICEF) is a United Nations Programme headquartered in New York City that provides long-term humanitarian and developmental assistance to children and mothers in developing countries. It was created in December 1946 to provide food, clothing and health care to the European children facing famine and disease after WWII. UNICEF is [&hellip;]<\/p>\n","protected":false},"author":61,"featured_media":0,"parent":2818,"menu_order":0,"comment_status":"closed","ping_status":"open","template":"page-templates\/doners.php","meta":{"_acf_changed":false,"_relevanssi_hide_post":"","_relevanssi_hide_content":"","_relevanssi_pin_for_all":"","_relevanssi_pin_keywords":"","_relevanssi_unpin_keywords":"","_relevanssi_related_keywords":"","_relevanssi_related_include_ids":"","_relevanssi_related_exclude_ids":"","_relevanssi_related_no_append":"","_relevanssi_related_not_related":"","_relevanssi_related_posts":"","_relevanssi_noindex_reason":"","_improvement_type_select":"improve_an_existing","_thumb_yes_seoaic":false,"_frame_yes_seoaic":false,"seoaic_generate_description":"","seoaic_improve_instructions_prompt":"","seoaic_rollback_content_improvement":"","seoaic_idea_thumbnail_generator":"","thumbnail_generated":false,"thumbnail_generate_prompt":"","seoaic_article_description":"","footnotes":""},"class_list":["post-68576","page","type-page","status-publish","hentry"],"acf":[],"yoast_head":"<!-- This site is optimized with the Yoast SEO plugin v26.9 - https:\/\/yoast.com\/product\/yoast-seo-wordpress\/ -->\n<title>UNICEF - FCA Finn Church Aid<\/title>\n<meta name=\"robots\" content=\"index, follow, max-snippet:-1, max-image-preview:large, max-video-preview:-1\" \/>\n<link rel=\"canonical\" href=\"https:\/\/www.fcakenya.co.ke\/us\/donors\/international-donors\/unicef\/\" \/>\n<meta property=\"og:locale\" content=\"en_US\" \/>\n<meta property=\"og:type\" content=\"article\" \/>\n<meta property=\"og:title\" content=\"UNICEF - FCA Finn Church Aid\" \/>\n<meta property=\"og:description\" content=\"The United Nations Children&#8217;s Fund (UNICEF) is a United Nations Programme headquartered in New York City that provides long-term humanitarian and developmental assistance to children and mothers in developing countries. It was created in December 1946 to provide food, clothing and health care to the European children facing famine and disease after WWII. UNICEF is [&hellip;]\" \/>\n<meta property=\"og:url\" content=\"https:\/\/www.fcakenya.co.ke\/us\/donors\/international-donors\/unicef\/\" \/>\n<meta property=\"og:site_name\" content=\"FCA Finn Church Aid\" \/>\n<meta property=\"article:publisher\" content=\"https:\/\/www.facebook.com\/Ulkomaanapu\/\" \/>\n<meta property=\"article:modified_time\" content=\"2018-11-02T09:26:56+00:00\" \/>\n<meta property=\"og:image\" content=\"https:\/\/www.kirkonulkomaanapu.fi\/wp-content\/uploads\/2015\/08\/UNICEF_logo_Cyan-480x117.jpg\" \/>\n<meta name=\"twitter:label1\" content=\"Est. reading time\" \/>\n\t<meta name=\"twitter:data1\" content=\"3 minutes\" \/>\n<script type=\"application\/ld+json\" class=\"yoast-schema-graph\">{\"@context\":\"https:\/\/schema.org\",\"@graph\":[{\"@type\":\"WebPage\",\"@id\":\"https:\/\/www.fcakenya.co.ke\/us\/donors\/international-donors\/unicef\/\",\"url\":\"https:\/\/www.fcakenya.co.ke\/us\/donors\/international-donors\/unicef\/\",\"name\":\"UNICEF - FCA Finn Church Aid\",\"isPartOf\":{\"@id\":\"https:\/\/www.kirkonulkomaanapu.fi\/#website\"},\"primaryImageOfPage\":{\"@id\":\"https:\/\/www.fcakenya.co.ke\/us\/donors\/international-donors\/unicef\/#primaryimage\"},\"image\":{\"@id\":\"https:\/\/www.fcakenya.co.ke\/us\/donors\/international-donors\/unicef\/#primaryimage\"},\"thumbnailUrl\":\"https:\/\/www.kirkonulkomaanapu.fi\/wp-content\/uploads\/2015\/08\/UNICEF_logo_Cyan-480x117.jpg\",\"datePublished\":\"2015-08-03T06:09:19+00:00\",\"dateModified\":\"2018-11-02T09:26:56+00:00\",\"breadcrumb\":{\"@id\":\"https:\/\/www.fcakenya.co.ke\/us\/donors\/international-donors\/unicef\/#breadcrumb\"},\"inLanguage\":\"en-US\",\"potentialAction\":[{\"@type\":\"ReadAction\",\"target\":[\"https:\/\/www.fcakenya.co.ke\/us\/donors\/international-donors\/unicef\/\"]}]},{\"@type\":\"ImageObject\",\"inLanguage\":\"en-US\",\"@id\":\"https:\/\/www.fcakenya.co.ke\/us\/donors\/international-donors\/unicef\/#primaryimage\",\"url\":\"https:\/\/www.kirkonulkomaanapu.fi\/wp-content\/uploads\/2015\/08\/UNICEF_logo_Cyan-480x117.jpg\",\"contentUrl\":\"https:\/\/www.kirkonulkomaanapu.fi\/wp-content\/uploads\/2015\/08\/UNICEF_logo_Cyan-480x117.jpg\"},{\"@type\":\"BreadcrumbList\",\"@id\":\"https:\/\/www.fcakenya.co.ke\/us\/donors\/international-donors\/unicef\/#breadcrumb\",\"itemListElement\":[{\"@type\":\"ListItem\",\"position\":1,\"name\":\"Home\",\"item\":\"https:\/\/www.kirkonulkomaanapu.fi\/en\/\"},{\"@type\":\"ListItem\",\"position\":2,\"name\":\"About us\",\"item\":\"https:\/\/www.kirkonulkomaanapu.fi\/en\/us\/\"},{\"@type\":\"ListItem\",\"position\":3,\"name\":\"Donors\",\"item\":\"https:\/\/www.fcakenya.co.ke\/?page_id=2816\"},{\"@type\":\"ListItem\",\"position\":4,\"name\":\"International donors\",\"item\":\"https:\/\/www.fcakenya.co.ke\/?page_id=2818\"},{\"@type\":\"ListItem\",\"position\":5,\"name\":\"UNICEF\"}]},{\"@type\":\"WebSite\",\"@id\":\"https:\/\/www.kirkonulkomaanapu.fi\/#website\",\"url\":\"https:\/\/www.kirkonulkomaanapu.fi\/\",\"name\":\"Kirkon Ulkomaanapu\",\"description\":\"Suomen suurin kehitysyhteisty\u00f6j\u00e4rjest\u00f6\",\"publisher\":{\"@id\":\"https:\/\/www.kirkonulkomaanapu.fi\/#organization\"},\"alternateName\":\"KUA\",\"potentialAction\":[{\"@type\":\"SearchAction\",\"target\":{\"@type\":\"EntryPoint\",\"urlTemplate\":\"https:\/\/www.kirkonulkomaanapu.fi\/?s={search_term_string}\"},\"query-input\":{\"@type\":\"PropertyValueSpecification\",\"valueRequired\":true,\"valueName\":\"search_term_string\"}}],\"inLanguage\":\"en-US\"},{\"@type\":\"Organization\",\"@id\":\"https:\/\/www.kirkonulkomaanapu.fi\/#organization\",\"name\":\"Kirkon Ulkomaanapu\",\"alternateName\":\"KUA\",\"url\":\"https:\/\/www.kirkonulkomaanapu.fi\/\",\"logo\":{\"@type\":\"ImageObject\",\"inLanguage\":\"en-US\",\"@id\":\"https:\/\/www.kirkonulkomaanapu.fi\/#\/schema\/logo\/image\/\",\"url\":\"https:\/\/www.kirkonulkomaanapu.fi\/wp-content\/uploads\/2026\/02\/Kirkon-ulkomaanapu-logo-1.png\",\"contentUrl\":\"https:\/\/www.kirkonulkomaanapu.fi\/wp-content\/uploads\/2026\/02\/Kirkon-ulkomaanapu-logo-1.png\",\"width\":225,\"height\":225,\"caption\":\"Kirkon Ulkomaanapu\"},\"image\":{\"@id\":\"https:\/\/www.kirkonulkomaanapu.fi\/#\/schema\/logo\/image\/\"},\"sameAs\":[\"https:\/\/www.facebook.com\/Ulkomaanapu\/\",\"https:\/\/www.youtube.com\/user\/kirkonulkomaanapu\",\"https:\/\/instagram.com\/kirkon_ulkomaanapu\/\",\"https:\/\/www.linkedin.com\/company\/finn-church-aid\/\"]}]}<\/script>\n<!-- \/ Yoast SEO plugin. -->","yoast_head_json":{"title":"UNICEF - FCA Finn Church Aid","robots":{"index":"index","follow":"follow","max-snippet":"max-snippet:-1","max-image-preview":"max-image-preview:large","max-video-preview":"max-video-preview:-1"},"canonical":"https:\/\/www.fcakenya.co.ke\/us\/donors\/international-donors\/unicef\/","og_locale":"en_US","og_type":"article","og_title":"UNICEF - FCA Finn Church Aid","og_description":"The United Nations Children&#8217;s Fund (UNICEF) is a United Nations Programme headquartered in New York City that provides long-term humanitarian and developmental assistance to children and mothers in developing countries. It was created in December 1946 to provide food, clothing and health care to the European children facing famine and disease after WWII. UNICEF is [&hellip;]","og_url":"https:\/\/www.fcakenya.co.ke\/us\/donors\/international-donors\/unicef\/","og_site_name":"FCA Finn Church Aid","article_publisher":"https:\/\/www.facebook.com\/Ulkomaanapu\/","article_modified_time":"2018-11-02T09:26:56+00:00","og_image":[{"url":"https:\/\/www.kirkonulkomaanapu.fi\/wp-content\/uploads\/2015\/08\/UNICEF_logo_Cyan-480x117.jpg","type":"","width":"","height":""}],"twitter_misc":{"Est. reading time":"3 minutes"},"schema":{"@context":"https:\/\/schema.org","@graph":[{"@type":"WebPage","@id":"https:\/\/www.fcakenya.co.ke\/us\/donors\/international-donors\/unicef\/","url":"https:\/\/www.fcakenya.co.ke\/us\/donors\/international-donors\/unicef\/","name":"UNICEF - FCA Finn Church Aid","isPartOf":{"@id":"https:\/\/www.kirkonulkomaanapu.fi\/#website"},"primaryImageOfPage":{"@id":"https:\/\/www.fcakenya.co.ke\/us\/donors\/international-donors\/unicef\/#primaryimage"},"image":{"@id":"https:\/\/www.fcakenya.co.ke\/us\/donors\/international-donors\/unicef\/#primaryimage"},"thumbnailUrl":"https:\/\/www.kirkonulkomaanapu.fi\/wp-content\/uploads\/2015\/08\/UNICEF_logo_Cyan-480x117.jpg","datePublished":"2015-08-03T06:09:19+00:00","dateModified":"2018-11-02T09:26:56+00:00","breadcrumb":{"@id":"https:\/\/www.fcakenya.co.ke\/us\/donors\/international-donors\/unicef\/#breadcrumb"},"inLanguage":"en-US","potentialAction":[{"@type":"ReadAction","target":["https:\/\/www.fcakenya.co.ke\/us\/donors\/international-donors\/unicef\/"]}]},{"@type":"ImageObject","inLanguage":"en-US","@id":"https:\/\/www.fcakenya.co.ke\/us\/donors\/international-donors\/unicef\/#primaryimage","url":"https:\/\/www.kirkonulkomaanapu.fi\/wp-content\/uploads\/2015\/08\/UNICEF_logo_Cyan-480x117.jpg","contentUrl":"https:\/\/www.kirkonulkomaanapu.fi\/wp-content\/uploads\/2015\/08\/UNICEF_logo_Cyan-480x117.jpg"},{"@type":"BreadcrumbList","@id":"https:\/\/www.fcakenya.co.ke\/us\/donors\/international-donors\/unicef\/#breadcrumb","itemListElement":[{"@type":"ListItem","position":1,"name":"Home","item":"https:\/\/www.kirkonulkomaanapu.fi\/en\/"},{"@type":"ListItem","position":2,"name":"About us","item":"https:\/\/www.kirkonulkomaanapu.fi\/en\/us\/"},{"@type":"ListItem","position":3,"name":"Donors","item":"https:\/\/www.fcakenya.co.ke\/?page_id=2816"},{"@type":"ListItem","position":4,"name":"International donors","item":"https:\/\/www.fcakenya.co.ke\/?page_id=2818"},{"@type":"ListItem","position":5,"name":"UNICEF"}]},{"@type":"WebSite","@id":"https:\/\/www.kirkonulkomaanapu.fi\/#website","url":"https:\/\/www.kirkonulkomaanapu.fi\/","name":"Kirkon Ulkomaanapu","description":"Suomen suurin kehitysyhteisty\u00f6j\u00e4rjest\u00f6","publisher":{"@id":"https:\/\/www.kirkonulkomaanapu.fi\/#organization"},"alternateName":"KUA","potentialAction":[{"@type":"SearchAction","target":{"@type":"EntryPoint","urlTemplate":"https:\/\/www.kirkonulkomaanapu.fi\/?s={search_term_string}"},"query-input":{"@type":"PropertyValueSpecification","valueRequired":true,"valueName":"search_term_string"}}],"inLanguage":"en-US"},{"@type":"Organization","@id":"https:\/\/www.kirkonulkomaanapu.fi\/#organization","name":"Kirkon Ulkomaanapu","alternateName":"KUA","url":"https:\/\/www.kirkonulkomaanapu.fi\/","logo":{"@type":"ImageObject","inLanguage":"en-US","@id":"https:\/\/www.kirkonulkomaanapu.fi\/#\/schema\/logo\/image\/","url":"https:\/\/www.kirkonulkomaanapu.fi\/wp-content\/uploads\/2026\/02\/Kirkon-ulkomaanapu-logo-1.png","contentUrl":"https:\/\/www.kirkonulkomaanapu.fi\/wp-content\/uploads\/2026\/02\/Kirkon-ulkomaanapu-logo-1.png","width":225,"height":225,"caption":"Kirkon Ulkomaanapu"},"image":{"@id":"https:\/\/www.kirkonulkomaanapu.fi\/#\/schema\/logo\/image\/"},"sameAs":["https:\/\/www.facebook.com\/Ulkomaanapu\/","https:\/\/www.youtube.com\/user\/kirkonulkomaanapu","https:\/\/instagram.com\/kirkon_ulkomaanapu\/","https:\/\/www.linkedin.com\/company\/finn-church-aid\/"]}]}},"_links":{"self":[{"href":"https:\/\/www.kirkonulkomaanapu.fi\/en\/wp-json\/wp\/v2\/pages\/68576","targetHints":{"allow":["GET"]}}],"collection":[{"href":"https:\/\/www.kirkonulkomaanapu.fi\/en\/wp-json\/wp\/v2\/pages"}],"about":[{"href":"https:\/\/www.kirkonulkomaanapu.fi\/en\/wp-json\/wp\/v2\/types\/page"}],"author":[{"embeddable":true,"href":"https:\/\/www.kirkonulkomaanapu.fi\/en\/wp-json\/wp\/v2\/users\/61"}],"replies":[{"embeddable":true,"href":"https:\/\/www.kirkonulkomaanapu.fi\/en\/wp-json\/wp\/v2\/comments?post=68576"}],"version-history":[{"count":4,"href":"https:\/\/www.kirkonulkomaanapu.fi\/en\/wp-json\/wp\/v2\/pages\/68576\/revisions"}],"predecessor-version":[{"id":90425,"href":"https:\/\/www.kirkonulkomaanapu.fi\/en\/wp-json\/wp\/v2\/pages\/68576\/revisions\/90425"}],"up":[{"embeddable":true,"href":"https:\/\/www.kirkonulkomaanapu.fi\/en\/wp-json\/wp\/v2\/pages\/2818"}],"wp:attachment":[{"href":"https:\/\/www.kirkonulkomaanapu.fi\/en\/wp-json\/wp\/v2\/media?parent=68576"}],"curies":[{"name":"wp","href":"https:\/\/api.w.org\/{rel}","templated":true}]}}