{"id":68236,"date":"2015-07-07T12:00:55","date_gmt":"2015-07-07T09:00:55","guid":{"rendered":"https:\/\/www.kirkonulkomaanapu.fi\/us\/annual-report-2014\/hallinto\/"},"modified":"2018-11-08T14:07:53","modified_gmt":"2018-11-08T12:07:53","slug":"administration","status":"publish","type":"page","link":"https:\/\/www.kirkonulkomaanapu.fi\/en\/us\/annual-report-2014\/administration\/","title":{"rendered":"Administration"},"content":{"rendered":"<p>The Finn Church Aid Foundation is governed by an 11-member Board of Directors, with the support of a three-member working subcommittee. The Board has three deputy members. In 2014, the Board convened four times and the subcommittee held five email meetings and convened with the audit committee two times.<\/p>\n<h2>FCA Board of Directors 2014<\/h2>\n<p>Chair: managing director <strong>Anni Veps\u00e4l\u00e4inen<\/strong><br \/>\nVice-Chair: Bishop <strong>Tapio Luoma<\/strong><\/p>\n<p>Members:<br \/>\n<strong>Tarja Kantola<\/strong>, International\u00a0Adviser<br \/>\n<strong>Sixten Ekstrand<\/strong>, Head Secretary<br \/>\n<strong>Kimmo K\u00e4\u00e4ri\u00e4inen<\/strong>, Ecclesiastical Counsellor<br \/>\n<strong>Tapio Luoma<\/strong>, Bishop<br \/>\n<strong>Reetta Meril\u00e4inen<\/strong>, Journalist<br \/>\n<strong>Ritva Ohmeroluoma<\/strong>, Master of Economic Sciences<br \/>\n<strong>Sirpa Pietik\u00e4inen<\/strong>, Member of EU Parliament<br \/>\n<strong>Olli-Pekka Silfverhuth<\/strong>, Vicar<br \/>\n<strong>Helena Tuominen<\/strong>, Diocesan Secretary<br \/>\n<strong>Kent Wilska<\/strong>, Commercial Counsellor<\/p>\n<p>Deputy Members:<br \/>\n<strong>Tuomas Aho<\/strong>, Attorney<br \/>\n<strong>Katri Korolainen<\/strong>, Head Secretary<br \/>\n<strong>Ilkka Mattila<\/strong>, Director<\/p>\n<p>Secretary: <strong>Antti Pentik\u00e4inen.<\/strong><\/p>\n<h3>Working Subcommittee<\/h3>\n<p>Chair: <strong>Anni Veps\u00e4l\u00e4inen<\/strong>, (deputy): <strong>Kimmo K\u00e4\u00e4ri\u00e4inen<\/strong><\/p>\n<p>Members<br \/>\n<strong>Helena Tuominen<\/strong>, (deputy <strong>Tarja Kantola<\/strong>),<br \/>\n<strong>Kent Wilska<\/strong>, (deputy <strong>Tuomas Aho<\/strong>)<br \/>\nSecretary: <strong>Antti Pentik\u00e4inen<\/strong>.<\/p>\n<h3>Expert members invited by the Board<\/h3>\n<p><strong>Heikki Huttunen<\/strong>, General Secretary, Finnish Ecumenical Council,<br \/>\n<strong>Risto Jukko<\/strong>, Director,\u00a0Office of Global Mission, Evangelical Lutheran Church of Finland,<br \/>\n<strong>Kalle Kuusim\u00e4ki<\/strong> Director of Diaconia, Evangelical Lutheran Church of Finland<br \/>\n<strong>Riina Nguyen<\/strong>, Project Manager, Orthodox Church Aid from Finland (OrtAid)<\/p>\n<h3>The members of the Board of Director&#8217;s audit committee in 2014<\/h3>\n<p><strong>Ritva Ohmeroluoma <\/strong>(chair), <strong>Tuomas Aho<\/strong> and <strong>Katri Korolainen<\/strong>.<\/p>\n<p>Executive Director <strong>Antti Pentik\u00e4inen<\/strong> represented Finn Church Aid in the following cooperation organisations: Department for Foreign Affairs, Evangelical Lutheran Church of Finland; Committee for Global Mission, Evangelical Lutheran Church of Finland; Red Nose Foundation; Orthodox Church Aid from Finland; Common Responsibility Campaign; Helsinki Diaconess Institute Foundation, University of Helsinki\u2019s Board of Directors, UNDP Civil Society Advisory Committee\u2019s Chair.<\/p>\n","protected":false},"excerpt":{"rendered":"<p>The Finn Church Aid Foundation is governed by an 11-member Board of Directors, with the support of a three-member working subcommittee. The Board has three deputy members. In 2014, the Board convened four times and the subcommittee held five email meetings and convened with the audit committee two times. FCA Board of Directors 2014 Chair: [&hellip;]<\/p>\n","protected":false},"author":7,"featured_media":68132,"parent":68169,"menu_order":0,"comment_status":"closed","ping_status":"open","template":"page-templates\/vuosikertomus.php","meta":{"_acf_changed":false,"_relevanssi_hide_post":"","_relevanssi_hide_content":"","_relevanssi_pin_for_all":"","_relevanssi_pin_keywords":"","_relevanssi_unpin_keywords":"","_relevanssi_related_keywords":"","_relevanssi_related_include_ids":"","_relevanssi_related_exclude_ids":"","_relevanssi_related_no_append":"","_relevanssi_related_not_related":"","_relevanssi_related_posts":"","_relevanssi_noindex_reason":"","_improvement_type_select":"improve_an_existing","_thumb_yes_seoaic":false,"_frame_yes_seoaic":false,"seoaic_generate_description":"","seoaic_improve_instructions_prompt":"","seoaic_rollback_content_improvement":"","seoaic_idea_thumbnail_generator":"","thumbnail_generated":false,"thumbnail_generate_prompt":"","seoaic_article_description":"","footnotes":""},"class_list":["post-68236","page","type-page","status-publish","has-post-thumbnail","hentry"],"acf":[],"yoast_head":"<!-- This site is optimized with the Yoast SEO plugin v26.9 - https:\/\/yoast.com\/product\/yoast-seo-wordpress\/ -->\n<title>Administration - FCA Finn Church Aid<\/title>\n<meta name=\"robots\" content=\"index, follow, max-snippet:-1, max-image-preview:large, max-video-preview:-1\" \/>\n<link rel=\"canonical\" href=\"https:\/\/www.kirkonulkomaanapu.fi\/en\/us\/annual-report-2014\/administration\/\" \/>\n<meta property=\"og:locale\" content=\"en_US\" \/>\n<meta property=\"og:type\" content=\"article\" \/>\n<meta property=\"og:title\" content=\"Administration - FCA Finn Church Aid\" \/>\n<meta property=\"og:description\" content=\"The Finn Church Aid Foundation is governed by an 11-member Board of Directors, with the support of a three-member working subcommittee. The Board has three deputy members. In 2014, the Board convened four times and the subcommittee held five email meetings and convened with the audit committee two times. FCA Board of Directors 2014 Chair: [&hellip;]\" \/>\n<meta property=\"og:url\" content=\"https:\/\/www.kirkonulkomaanapu.fi\/en\/us\/annual-report-2014\/administration\/\" \/>\n<meta property=\"og:site_name\" content=\"FCA Finn Church Aid\" \/>\n<meta property=\"article:publisher\" content=\"https:\/\/www.facebook.com\/Ulkomaanapu\/\" \/>\n<meta property=\"article:modified_time\" content=\"2018-11-08T12:07:53+00:00\" \/>\n<meta property=\"og:image\" content=\"https:\/\/www.kirkonulkomaanapu.fi\/wp-content\/uploads\/2015\/07\/Hallinto.jpg\" \/>\n\t<meta property=\"og:image:width\" content=\"1024\" \/>\n\t<meta property=\"og:image:height\" content=\"585\" \/>\n\t<meta property=\"og:image:type\" content=\"image\/jpeg\" \/>\n<meta name=\"twitter:label1\" content=\"Est. reading time\" \/>\n\t<meta name=\"twitter:data1\" content=\"1 minute\" \/>\n<script type=\"application\/ld+json\" class=\"yoast-schema-graph\">{\"@context\":\"https:\/\/schema.org\",\"@graph\":[{\"@type\":\"WebPage\",\"@id\":\"https:\/\/www.kirkonulkomaanapu.fi\/en\/us\/annual-report-2014\/administration\/\",\"url\":\"https:\/\/www.kirkonulkomaanapu.fi\/en\/us\/annual-report-2014\/administration\/\",\"name\":\"Administration - FCA Finn Church Aid\",\"isPartOf\":{\"@id\":\"https:\/\/www.kirkonulkomaanapu.fi\/#website\"},\"primaryImageOfPage\":{\"@id\":\"https:\/\/www.kirkonulkomaanapu.fi\/en\/us\/annual-report-2014\/administration\/#primaryimage\"},\"image\":{\"@id\":\"https:\/\/www.kirkonulkomaanapu.fi\/en\/us\/annual-report-2014\/administration\/#primaryimage\"},\"thumbnailUrl\":\"https:\/\/www.kirkonulkomaanapu.fi\/wp-content\/uploads\/2015\/07\/Hallinto.jpg\",\"datePublished\":\"2015-07-07T09:00:55+00:00\",\"dateModified\":\"2018-11-08T12:07:53+00:00\",\"breadcrumb\":{\"@id\":\"https:\/\/www.kirkonulkomaanapu.fi\/en\/us\/annual-report-2014\/administration\/#breadcrumb\"},\"inLanguage\":\"en-US\",\"potentialAction\":[{\"@type\":\"ReadAction\",\"target\":[\"https:\/\/www.kirkonulkomaanapu.fi\/en\/us\/annual-report-2014\/administration\/\"]}]},{\"@type\":\"ImageObject\",\"inLanguage\":\"en-US\",\"@id\":\"https:\/\/www.kirkonulkomaanapu.fi\/en\/us\/annual-report-2014\/administration\/#primaryimage\",\"url\":\"https:\/\/www.kirkonulkomaanapu.fi\/wp-content\/uploads\/2015\/07\/Hallinto.jpg\",\"contentUrl\":\"https:\/\/www.kirkonulkomaanapu.fi\/wp-content\/uploads\/2015\/07\/Hallinto.jpg\",\"width\":1024,\"height\":585},{\"@type\":\"BreadcrumbList\",\"@id\":\"https:\/\/www.kirkonulkomaanapu.fi\/en\/us\/annual-report-2014\/administration\/#breadcrumb\",\"itemListElement\":[{\"@type\":\"ListItem\",\"position\":1,\"name\":\"Home\",\"item\":\"https:\/\/www.kirkonulkomaanapu.fi\/en\/\"},{\"@type\":\"ListItem\",\"position\":2,\"name\":\"About us\",\"item\":\"https:\/\/www.kirkonulkomaanapu.fi\/en\/us\/\"},{\"@type\":\"ListItem\",\"position\":3,\"name\":\"Annual Report 2014\",\"item\":\"https:\/\/www.kirkonulkomaanapu.fi\/en\/us\/annual-report-2014\/\"},{\"@type\":\"ListItem\",\"position\":4,\"name\":\"Administration\"}]},{\"@type\":\"WebSite\",\"@id\":\"https:\/\/www.kirkonulkomaanapu.fi\/#website\",\"url\":\"https:\/\/www.kirkonulkomaanapu.fi\/\",\"name\":\"Kirkon Ulkomaanapu\",\"description\":\"Suomen suurin kehitysyhteisty\u00f6j\u00e4rjest\u00f6\",\"publisher\":{\"@id\":\"https:\/\/www.kirkonulkomaanapu.fi\/#organization\"},\"alternateName\":\"KUA\",\"potentialAction\":[{\"@type\":\"SearchAction\",\"target\":{\"@type\":\"EntryPoint\",\"urlTemplate\":\"https:\/\/www.kirkonulkomaanapu.fi\/?s={search_term_string}\"},\"query-input\":{\"@type\":\"PropertyValueSpecification\",\"valueRequired\":true,\"valueName\":\"search_term_string\"}}],\"inLanguage\":\"en-US\"},{\"@type\":\"Organization\",\"@id\":\"https:\/\/www.kirkonulkomaanapu.fi\/#organization\",\"name\":\"Kirkon Ulkomaanapu\",\"alternateName\":\"KUA\",\"url\":\"https:\/\/www.kirkonulkomaanapu.fi\/\",\"logo\":{\"@type\":\"ImageObject\",\"inLanguage\":\"en-US\",\"@id\":\"https:\/\/www.kirkonulkomaanapu.fi\/#\/schema\/logo\/image\/\",\"url\":\"https:\/\/www.kirkonulkomaanapu.fi\/wp-content\/uploads\/2026\/02\/Kirkon-ulkomaanapu-logo-1.png\",\"contentUrl\":\"https:\/\/www.kirkonulkomaanapu.fi\/wp-content\/uploads\/2026\/02\/Kirkon-ulkomaanapu-logo-1.png\",\"width\":225,\"height\":225,\"caption\":\"Kirkon Ulkomaanapu\"},\"image\":{\"@id\":\"https:\/\/www.kirkonulkomaanapu.fi\/#\/schema\/logo\/image\/\"},\"sameAs\":[\"https:\/\/www.facebook.com\/Ulkomaanapu\/\",\"https:\/\/www.youtube.com\/user\/kirkonulkomaanapu\",\"https:\/\/instagram.com\/kirkon_ulkomaanapu\/\",\"https:\/\/www.linkedin.com\/company\/finn-church-aid\/\"]}]}<\/script>\n<!-- \/ Yoast SEO plugin. -->","yoast_head_json":{"title":"Administration - FCA Finn Church Aid","robots":{"index":"index","follow":"follow","max-snippet":"max-snippet:-1","max-image-preview":"max-image-preview:large","max-video-preview":"max-video-preview:-1"},"canonical":"https:\/\/www.kirkonulkomaanapu.fi\/en\/us\/annual-report-2014\/administration\/","og_locale":"en_US","og_type":"article","og_title":"Administration - FCA Finn Church Aid","og_description":"The Finn Church Aid Foundation is governed by an 11-member Board of Directors, with the support of a three-member working subcommittee. The Board has three deputy members. In 2014, the Board convened four times and the subcommittee held five email meetings and convened with the audit committee two times. FCA Board of Directors 2014 Chair: [&hellip;]","og_url":"https:\/\/www.kirkonulkomaanapu.fi\/en\/us\/annual-report-2014\/administration\/","og_site_name":"FCA Finn Church Aid","article_publisher":"https:\/\/www.facebook.com\/Ulkomaanapu\/","article_modified_time":"2018-11-08T12:07:53+00:00","og_image":[{"width":1024,"height":585,"url":"https:\/\/www.kirkonulkomaanapu.fi\/wp-content\/uploads\/2015\/07\/Hallinto.jpg","type":"image\/jpeg"}],"twitter_misc":{"Est. reading time":"1 minute"},"schema":{"@context":"https:\/\/schema.org","@graph":[{"@type":"WebPage","@id":"https:\/\/www.kirkonulkomaanapu.fi\/en\/us\/annual-report-2014\/administration\/","url":"https:\/\/www.kirkonulkomaanapu.fi\/en\/us\/annual-report-2014\/administration\/","name":"Administration - FCA Finn Church Aid","isPartOf":{"@id":"https:\/\/www.kirkonulkomaanapu.fi\/#website"},"primaryImageOfPage":{"@id":"https:\/\/www.kirkonulkomaanapu.fi\/en\/us\/annual-report-2014\/administration\/#primaryimage"},"image":{"@id":"https:\/\/www.kirkonulkomaanapu.fi\/en\/us\/annual-report-2014\/administration\/#primaryimage"},"thumbnailUrl":"https:\/\/www.kirkonulkomaanapu.fi\/wp-content\/uploads\/2015\/07\/Hallinto.jpg","datePublished":"2015-07-07T09:00:55+00:00","dateModified":"2018-11-08T12:07:53+00:00","breadcrumb":{"@id":"https:\/\/www.kirkonulkomaanapu.fi\/en\/us\/annual-report-2014\/administration\/#breadcrumb"},"inLanguage":"en-US","potentialAction":[{"@type":"ReadAction","target":["https:\/\/www.kirkonulkomaanapu.fi\/en\/us\/annual-report-2014\/administration\/"]}]},{"@type":"ImageObject","inLanguage":"en-US","@id":"https:\/\/www.kirkonulkomaanapu.fi\/en\/us\/annual-report-2014\/administration\/#primaryimage","url":"https:\/\/www.kirkonulkomaanapu.fi\/wp-content\/uploads\/2015\/07\/Hallinto.jpg","contentUrl":"https:\/\/www.kirkonulkomaanapu.fi\/wp-content\/uploads\/2015\/07\/Hallinto.jpg","width":1024,"height":585},{"@type":"BreadcrumbList","@id":"https:\/\/www.kirkonulkomaanapu.fi\/en\/us\/annual-report-2014\/administration\/#breadcrumb","itemListElement":[{"@type":"ListItem","position":1,"name":"Home","item":"https:\/\/www.kirkonulkomaanapu.fi\/en\/"},{"@type":"ListItem","position":2,"name":"About us","item":"https:\/\/www.kirkonulkomaanapu.fi\/en\/us\/"},{"@type":"ListItem","position":3,"name":"Annual Report 2014","item":"https:\/\/www.kirkonulkomaanapu.fi\/en\/us\/annual-report-2014\/"},{"@type":"ListItem","position":4,"name":"Administration"}]},{"@type":"WebSite","@id":"https:\/\/www.kirkonulkomaanapu.fi\/#website","url":"https:\/\/www.kirkonulkomaanapu.fi\/","name":"Kirkon Ulkomaanapu","description":"Suomen suurin kehitysyhteisty\u00f6j\u00e4rjest\u00f6","publisher":{"@id":"https:\/\/www.kirkonulkomaanapu.fi\/#organization"},"alternateName":"KUA","potentialAction":[{"@type":"SearchAction","target":{"@type":"EntryPoint","urlTemplate":"https:\/\/www.kirkonulkomaanapu.fi\/?s={search_term_string}"},"query-input":{"@type":"PropertyValueSpecification","valueRequired":true,"valueName":"search_term_string"}}],"inLanguage":"en-US"},{"@type":"Organization","@id":"https:\/\/www.kirkonulkomaanapu.fi\/#organization","name":"Kirkon Ulkomaanapu","alternateName":"KUA","url":"https:\/\/www.kirkonulkomaanapu.fi\/","logo":{"@type":"ImageObject","inLanguage":"en-US","@id":"https:\/\/www.kirkonulkomaanapu.fi\/#\/schema\/logo\/image\/","url":"https:\/\/www.kirkonulkomaanapu.fi\/wp-content\/uploads\/2026\/02\/Kirkon-ulkomaanapu-logo-1.png","contentUrl":"https:\/\/www.kirkonulkomaanapu.fi\/wp-content\/uploads\/2026\/02\/Kirkon-ulkomaanapu-logo-1.png","width":225,"height":225,"caption":"Kirkon Ulkomaanapu"},"image":{"@id":"https:\/\/www.kirkonulkomaanapu.fi\/#\/schema\/logo\/image\/"},"sameAs":["https:\/\/www.facebook.com\/Ulkomaanapu\/","https:\/\/www.youtube.com\/user\/kirkonulkomaanapu","https:\/\/instagram.com\/kirkon_ulkomaanapu\/","https:\/\/www.linkedin.com\/company\/finn-church-aid\/"]}]}},"_links":{"self":[{"href":"https:\/\/www.kirkonulkomaanapu.fi\/en\/wp-json\/wp\/v2\/pages\/68236","targetHints":{"allow":["GET"]}}],"collection":[{"href":"https:\/\/www.kirkonulkomaanapu.fi\/en\/wp-json\/wp\/v2\/pages"}],"about":[{"href":"https:\/\/www.kirkonulkomaanapu.fi\/en\/wp-json\/wp\/v2\/types\/page"}],"author":[{"embeddable":true,"href":"https:\/\/www.kirkonulkomaanapu.fi\/en\/wp-json\/wp\/v2\/users\/7"}],"replies":[{"embeddable":true,"href":"https:\/\/www.kirkonulkomaanapu.fi\/en\/wp-json\/wp\/v2\/comments?post=68236"}],"version-history":[{"count":3,"href":"https:\/\/www.kirkonulkomaanapu.fi\/en\/wp-json\/wp\/v2\/pages\/68236\/revisions"}],"predecessor-version":[{"id":68243,"href":"https:\/\/www.kirkonulkomaanapu.fi\/en\/wp-json\/wp\/v2\/pages\/68236\/revisions\/68243"}],"up":[{"embeddable":true,"href":"https:\/\/www.kirkonulkomaanapu.fi\/en\/wp-json\/wp\/v2\/pages\/68169"}],"wp:featuredmedia":[{"embeddable":true,"href":"https:\/\/www.kirkonulkomaanapu.fi\/en\/wp-json\/wp\/v2\/media\/68132"}],"wp:attachment":[{"href":"https:\/\/www.kirkonulkomaanapu.fi\/en\/wp-json\/wp\/v2\/media?parent=68236"}],"curies":[{"name":"wp","href":"https:\/\/api.w.org\/{rel}","templated":true}]}}