{"id":68231,"date":"2015-07-07T12:00:06","date_gmt":"2015-07-07T09:00:06","guid":{"rendered":"https:\/\/www.kirkonulkomaanapu.fi\/us\/annual-report-2014\/kumppanit-ja-yhteistyoverkostot\/"},"modified":"2018-11-08T14:07:56","modified_gmt":"2018-11-08T12:07:56","slug":"partners-and-cooperation-networks","status":"publish","type":"page","link":"https:\/\/www.kirkonulkomaanapu.fi\/en\/us\/annual-report-2014\/partners-and-cooperation-networks\/","title":{"rendered":"Partners and cooperation networks"},"content":{"rendered":"<p>Finn Church Aid implements the basic diaconal mission of the church in cooperation with international organisations and networks, local civil society operators, and Finnish cooperation partners.<\/p>\n<h2>Foreign partners and networks<\/h2>\n<p>Finn Church Aid is a founding member of the <strong>ACT Alliance<\/strong>, a coalition of operators of church development work, humanitarian aid, and advocacy. It is one of the largest charity organisations in the world and includes over 140 operators in 140 different countries. Its annual budget for relief work, humanitarian aid, and advocacy is 1.5 billion euros. The ACT Alliance has a vital role in the coordination of humanitarian aid by church organisations.<\/p>\n<p>In addition FCA is a member of <strong>ACT Alliance EU<\/strong> (former APRODEV). It is a joint association of European church aid organisations, and its purpose is to promote the perspective of its member organisations in the development cooperation policies of the EU.<\/p>\n<p>The <strong>Lutheran World Federation (LWF)<\/strong> is the largest programme implementation partner of Finn Church Aid. We facilitate the long-term development programmes of the LWF in eleven different countries, and the organisation is also a significant partner of FCA in humanitarian aid. Together with LWF we advocate for human rights and inter-religious dialogue at the UN level. We also support disaster preparedness and capacity building projects carried out with the member churches of LWF.<\/p>\n<p>Through the <strong>World Council of Churches<\/strong> we support programmes that promote peace and facilitate equality and support human rights.<\/p>\n<p>We work together with several UN organisations to promote education and peace work, in particular. Among others, these organisations include the Children\u2019s Fund <strong>UNICEF<\/strong>, the development programme <strong>UNDP<\/strong>, the United Nations High Commissioner for Refugees <strong>UNHCR<\/strong>, and the Mediation Support Unit <strong>MSU<\/strong> of the UN\u2019s political unit. We are a member of <strong>UN\u2019s Global Education Cluster<\/strong>.<\/p>\n<p>In addition to this, we have a framework agreement with <strong>ECHO<\/strong>, the European Commission\u2019s Humanitarian Aid Department.<\/p>\n<p>Finn Church Aid is also a member of <strong>VOICE<\/strong> (Voluntary Organisations in Cooperation in Emergencies), a network of European organisations providing humanitarian aid.<\/p>\n<p>Furthermore, Finn Church Aid has a growing number of local, bilateral partners. Local partners are churches, church organisations, other religious organisations, and other civil society operators. They are experts in their own operational environments and help us to achieve sustainable results.<\/p>\n<p>As a member of <strong>HAP International<\/strong> we are committed to developing our operations in a responsible, high-quality manner in regard to all our interest groups, paying special attention to those with and for whom we work.<\/p>\n<h2>Domestic partners and networks<\/h2>\n<p>We work closely with the dioceses and parishes as well as the <strong>Common Responsibility Campaign<\/strong>. We are also a member of the <strong>Finnish Ecumenical Council<\/strong>.<\/p>\n<p>Finn Church Aid is a partner organisation of the <strong>Ministry for Foreign Affairs of Finland<\/strong>.<\/p>\n<p>In Finland, Finn Church Aid is a member of, among others, the <strong>Service Centre of Development Cooperation Kepa<\/strong>, the umbrella organisation for Finnish civil society organisations, and Kehys, the national platform of CONCORD, the European federation of non-governmental relief and development organisations. We are a member of the following organisations and networks: <strong>The Development Policy Committee<\/strong>, <strong>the Finnish NGO Foundation for Human Rights<\/strong> (KIOS), <strong>Civil Society Conflict Prevention Network<\/strong> (KATU), <strong>Human Rights Advisory Board<\/strong> (IONK), <strong>FinnWatch<\/strong>, <strong>Finnish Somalia Network<\/strong> and <strong>Fairtrade Finland<\/strong>. We\u2019re also member of the <strong>Friday Group<\/strong> that consists of NGO representatives, Members of Parliament and officials from various ministries. The group advocates for the importance of social, health and human development in the development policies of Finland and the European Union. We are also one of the partners of the <strong>Red Nose Campaign<\/strong> in Finland.<\/p>\n","protected":false},"excerpt":{"rendered":"<p>Finn Church Aid implements the basic diaconal mission of the church in cooperation with international organisations and networks, local civil society operators, and Finnish cooperation partners. Foreign partners and networks Finn Church Aid is a founding member of the ACT Alliance, a coalition of operators of church development work, humanitarian aid, and advocacy. It is [&hellip;]<\/p>\n","protected":false},"author":7,"featured_media":68139,"parent":68169,"menu_order":0,"comment_status":"closed","ping_status":"open","template":"page-templates\/vuosikertomus.php","meta":{"_acf_changed":false,"_relevanssi_hide_post":"","_relevanssi_hide_content":"","_relevanssi_pin_for_all":"","_relevanssi_pin_keywords":"","_relevanssi_unpin_keywords":"","_relevanssi_related_keywords":"","_relevanssi_related_include_ids":"","_relevanssi_related_exclude_ids":"","_relevanssi_related_no_append":"","_relevanssi_related_not_related":"","_relevanssi_related_posts":"","_relevanssi_noindex_reason":"","_improvement_type_select":"improve_an_existing","_thumb_yes_seoaic":false,"_frame_yes_seoaic":false,"seoaic_generate_description":"","seoaic_improve_instructions_prompt":"","seoaic_rollback_content_improvement":"","seoaic_idea_thumbnail_generator":"","thumbnail_generated":false,"thumbnail_generate_prompt":"","seoaic_article_description":"","footnotes":""},"class_list":["post-68231","page","type-page","status-publish","has-post-thumbnail","hentry"],"acf":[],"yoast_head":"<!-- This site is optimized with the Yoast SEO plugin v26.9 - https:\/\/yoast.com\/product\/yoast-seo-wordpress\/ -->\n<title>Partners and cooperation networks - FCA Finn Church Aid<\/title>\n<meta name=\"robots\" content=\"index, follow, max-snippet:-1, max-image-preview:large, max-video-preview:-1\" \/>\n<link rel=\"canonical\" href=\"https:\/\/www.fcakenya.co.ke\/us\/annual-report-2014\/partners-and-cooperation-networks\/\" \/>\n<meta property=\"og:locale\" content=\"en_US\" \/>\n<meta property=\"og:type\" content=\"article\" \/>\n<meta property=\"og:title\" content=\"Partners and cooperation networks - FCA Finn Church Aid\" \/>\n<meta property=\"og:description\" content=\"Finn Church Aid implements the basic diaconal mission of the church in cooperation with international organisations and networks, local civil society operators, and Finnish cooperation partners. Foreign partners and networks Finn Church Aid is a founding member of the ACT Alliance, a coalition of operators of church development work, humanitarian aid, and advocacy. It is [&hellip;]\" \/>\n<meta property=\"og:url\" content=\"https:\/\/www.fcakenya.co.ke\/us\/annual-report-2014\/partners-and-cooperation-networks\/\" \/>\n<meta property=\"og:site_name\" content=\"FCA Finn Church Aid\" \/>\n<meta property=\"article:publisher\" content=\"https:\/\/www.facebook.com\/Ulkomaanapu\/\" \/>\n<meta property=\"article:modified_time\" content=\"2018-11-08T12:07:56+00:00\" \/>\n<meta property=\"og:image\" content=\"https:\/\/www.kirkonulkomaanapu.fi\/wp-content\/uploads\/2015\/07\/actin-toinen-yleiskokous-chambers1024.jpg\" \/>\n\t<meta property=\"og:image:width\" content=\"1024\" \/>\n\t<meta property=\"og:image:height\" content=\"585\" \/>\n\t<meta property=\"og:image:type\" content=\"image\/jpeg\" \/>\n<meta name=\"twitter:label1\" content=\"Est. reading time\" \/>\n\t<meta name=\"twitter:data1\" content=\"3 minutes\" \/>\n<script type=\"application\/ld+json\" class=\"yoast-schema-graph\">{\"@context\":\"https:\/\/schema.org\",\"@graph\":[{\"@type\":\"WebPage\",\"@id\":\"https:\/\/www.fcakenya.co.ke\/us\/annual-report-2014\/partners-and-cooperation-networks\/\",\"url\":\"https:\/\/www.fcakenya.co.ke\/us\/annual-report-2014\/partners-and-cooperation-networks\/\",\"name\":\"Partners and cooperation networks - FCA Finn Church Aid\",\"isPartOf\":{\"@id\":\"https:\/\/www.kirkonulkomaanapu.fi\/#website\"},\"primaryImageOfPage\":{\"@id\":\"https:\/\/www.fcakenya.co.ke\/us\/annual-report-2014\/partners-and-cooperation-networks\/#primaryimage\"},\"image\":{\"@id\":\"https:\/\/www.fcakenya.co.ke\/us\/annual-report-2014\/partners-and-cooperation-networks\/#primaryimage\"},\"thumbnailUrl\":\"https:\/\/www.kirkonulkomaanapu.fi\/wp-content\/uploads\/2015\/07\/actin-toinen-yleiskokous-chambers1024.jpg\",\"datePublished\":\"2015-07-07T09:00:06+00:00\",\"dateModified\":\"2018-11-08T12:07:56+00:00\",\"breadcrumb\":{\"@id\":\"https:\/\/www.fcakenya.co.ke\/us\/annual-report-2014\/partners-and-cooperation-networks\/#breadcrumb\"},\"inLanguage\":\"en-US\",\"potentialAction\":[{\"@type\":\"ReadAction\",\"target\":[\"https:\/\/www.fcakenya.co.ke\/us\/annual-report-2014\/partners-and-cooperation-networks\/\"]}]},{\"@type\":\"ImageObject\",\"inLanguage\":\"en-US\",\"@id\":\"https:\/\/www.fcakenya.co.ke\/us\/annual-report-2014\/partners-and-cooperation-networks\/#primaryimage\",\"url\":\"https:\/\/www.kirkonulkomaanapu.fi\/wp-content\/uploads\/2015\/07\/actin-toinen-yleiskokous-chambers1024.jpg\",\"contentUrl\":\"https:\/\/www.kirkonulkomaanapu.fi\/wp-content\/uploads\/2015\/07\/actin-toinen-yleiskokous-chambers1024.jpg\",\"width\":1024,\"height\":585},{\"@type\":\"BreadcrumbList\",\"@id\":\"https:\/\/www.fcakenya.co.ke\/us\/annual-report-2014\/partners-and-cooperation-networks\/#breadcrumb\",\"itemListElement\":[{\"@type\":\"ListItem\",\"position\":1,\"name\":\"Home\",\"item\":\"https:\/\/www.kirkonulkomaanapu.fi\/en\/\"},{\"@type\":\"ListItem\",\"position\":2,\"name\":\"About us\",\"item\":\"https:\/\/www.kirkonulkomaanapu.fi\/en\/us\/\"},{\"@type\":\"ListItem\",\"position\":3,\"name\":\"Annual Report 2014\",\"item\":\"https:\/\/www.kirkonulkomaanapu.fi\/en\/us\/annual-report-2014\/\"},{\"@type\":\"ListItem\",\"position\":4,\"name\":\"Partners and cooperation networks\"}]},{\"@type\":\"WebSite\",\"@id\":\"https:\/\/www.kirkonulkomaanapu.fi\/#website\",\"url\":\"https:\/\/www.kirkonulkomaanapu.fi\/\",\"name\":\"Kirkon Ulkomaanapu\",\"description\":\"Suomen suurin kehitysyhteisty\u00f6j\u00e4rjest\u00f6\",\"publisher\":{\"@id\":\"https:\/\/www.kirkonulkomaanapu.fi\/#organization\"},\"alternateName\":\"KUA\",\"potentialAction\":[{\"@type\":\"SearchAction\",\"target\":{\"@type\":\"EntryPoint\",\"urlTemplate\":\"https:\/\/www.kirkonulkomaanapu.fi\/?s={search_term_string}\"},\"query-input\":{\"@type\":\"PropertyValueSpecification\",\"valueRequired\":true,\"valueName\":\"search_term_string\"}}],\"inLanguage\":\"en-US\"},{\"@type\":\"Organization\",\"@id\":\"https:\/\/www.kirkonulkomaanapu.fi\/#organization\",\"name\":\"Kirkon Ulkomaanapu\",\"alternateName\":\"KUA\",\"url\":\"https:\/\/www.kirkonulkomaanapu.fi\/\",\"logo\":{\"@type\":\"ImageObject\",\"inLanguage\":\"en-US\",\"@id\":\"https:\/\/www.kirkonulkomaanapu.fi\/#\/schema\/logo\/image\/\",\"url\":\"https:\/\/www.kirkonulkomaanapu.fi\/wp-content\/uploads\/2026\/02\/Kirkon-ulkomaanapu-logo-1.png\",\"contentUrl\":\"https:\/\/www.kirkonulkomaanapu.fi\/wp-content\/uploads\/2026\/02\/Kirkon-ulkomaanapu-logo-1.png\",\"width\":225,\"height\":225,\"caption\":\"Kirkon Ulkomaanapu\"},\"image\":{\"@id\":\"https:\/\/www.kirkonulkomaanapu.fi\/#\/schema\/logo\/image\/\"},\"sameAs\":[\"https:\/\/www.facebook.com\/Ulkomaanapu\/\",\"https:\/\/www.youtube.com\/user\/kirkonulkomaanapu\",\"https:\/\/instagram.com\/kirkon_ulkomaanapu\/\",\"https:\/\/www.linkedin.com\/company\/finn-church-aid\/\"]}]}<\/script>\n<!-- \/ Yoast SEO plugin. -->","yoast_head_json":{"title":"Partners and cooperation networks - FCA Finn Church Aid","robots":{"index":"index","follow":"follow","max-snippet":"max-snippet:-1","max-image-preview":"max-image-preview:large","max-video-preview":"max-video-preview:-1"},"canonical":"https:\/\/www.fcakenya.co.ke\/us\/annual-report-2014\/partners-and-cooperation-networks\/","og_locale":"en_US","og_type":"article","og_title":"Partners and cooperation networks - FCA Finn Church Aid","og_description":"Finn Church Aid implements the basic diaconal mission of the church in cooperation with international organisations and networks, local civil society operators, and Finnish cooperation partners. Foreign partners and networks Finn Church Aid is a founding member of the ACT Alliance, a coalition of operators of church development work, humanitarian aid, and advocacy. It is [&hellip;]","og_url":"https:\/\/www.fcakenya.co.ke\/us\/annual-report-2014\/partners-and-cooperation-networks\/","og_site_name":"FCA Finn Church Aid","article_publisher":"https:\/\/www.facebook.com\/Ulkomaanapu\/","article_modified_time":"2018-11-08T12:07:56+00:00","og_image":[{"width":1024,"height":585,"url":"https:\/\/www.kirkonulkomaanapu.fi\/wp-content\/uploads\/2015\/07\/actin-toinen-yleiskokous-chambers1024.jpg","type":"image\/jpeg"}],"twitter_misc":{"Est. reading time":"3 minutes"},"schema":{"@context":"https:\/\/schema.org","@graph":[{"@type":"WebPage","@id":"https:\/\/www.fcakenya.co.ke\/us\/annual-report-2014\/partners-and-cooperation-networks\/","url":"https:\/\/www.fcakenya.co.ke\/us\/annual-report-2014\/partners-and-cooperation-networks\/","name":"Partners and cooperation networks - FCA Finn Church Aid","isPartOf":{"@id":"https:\/\/www.kirkonulkomaanapu.fi\/#website"},"primaryImageOfPage":{"@id":"https:\/\/www.fcakenya.co.ke\/us\/annual-report-2014\/partners-and-cooperation-networks\/#primaryimage"},"image":{"@id":"https:\/\/www.fcakenya.co.ke\/us\/annual-report-2014\/partners-and-cooperation-networks\/#primaryimage"},"thumbnailUrl":"https:\/\/www.kirkonulkomaanapu.fi\/wp-content\/uploads\/2015\/07\/actin-toinen-yleiskokous-chambers1024.jpg","datePublished":"2015-07-07T09:00:06+00:00","dateModified":"2018-11-08T12:07:56+00:00","breadcrumb":{"@id":"https:\/\/www.fcakenya.co.ke\/us\/annual-report-2014\/partners-and-cooperation-networks\/#breadcrumb"},"inLanguage":"en-US","potentialAction":[{"@type":"ReadAction","target":["https:\/\/www.fcakenya.co.ke\/us\/annual-report-2014\/partners-and-cooperation-networks\/"]}]},{"@type":"ImageObject","inLanguage":"en-US","@id":"https:\/\/www.fcakenya.co.ke\/us\/annual-report-2014\/partners-and-cooperation-networks\/#primaryimage","url":"https:\/\/www.kirkonulkomaanapu.fi\/wp-content\/uploads\/2015\/07\/actin-toinen-yleiskokous-chambers1024.jpg","contentUrl":"https:\/\/www.kirkonulkomaanapu.fi\/wp-content\/uploads\/2015\/07\/actin-toinen-yleiskokous-chambers1024.jpg","width":1024,"height":585},{"@type":"BreadcrumbList","@id":"https:\/\/www.fcakenya.co.ke\/us\/annual-report-2014\/partners-and-cooperation-networks\/#breadcrumb","itemListElement":[{"@type":"ListItem","position":1,"name":"Home","item":"https:\/\/www.kirkonulkomaanapu.fi\/en\/"},{"@type":"ListItem","position":2,"name":"About us","item":"https:\/\/www.kirkonulkomaanapu.fi\/en\/us\/"},{"@type":"ListItem","position":3,"name":"Annual Report 2014","item":"https:\/\/www.kirkonulkomaanapu.fi\/en\/us\/annual-report-2014\/"},{"@type":"ListItem","position":4,"name":"Partners and cooperation networks"}]},{"@type":"WebSite","@id":"https:\/\/www.kirkonulkomaanapu.fi\/#website","url":"https:\/\/www.kirkonulkomaanapu.fi\/","name":"Kirkon Ulkomaanapu","description":"Suomen suurin kehitysyhteisty\u00f6j\u00e4rjest\u00f6","publisher":{"@id":"https:\/\/www.kirkonulkomaanapu.fi\/#organization"},"alternateName":"KUA","potentialAction":[{"@type":"SearchAction","target":{"@type":"EntryPoint","urlTemplate":"https:\/\/www.kirkonulkomaanapu.fi\/?s={search_term_string}"},"query-input":{"@type":"PropertyValueSpecification","valueRequired":true,"valueName":"search_term_string"}}],"inLanguage":"en-US"},{"@type":"Organization","@id":"https:\/\/www.kirkonulkomaanapu.fi\/#organization","name":"Kirkon Ulkomaanapu","alternateName":"KUA","url":"https:\/\/www.kirkonulkomaanapu.fi\/","logo":{"@type":"ImageObject","inLanguage":"en-US","@id":"https:\/\/www.kirkonulkomaanapu.fi\/#\/schema\/logo\/image\/","url":"https:\/\/www.kirkonulkomaanapu.fi\/wp-content\/uploads\/2026\/02\/Kirkon-ulkomaanapu-logo-1.png","contentUrl":"https:\/\/www.kirkonulkomaanapu.fi\/wp-content\/uploads\/2026\/02\/Kirkon-ulkomaanapu-logo-1.png","width":225,"height":225,"caption":"Kirkon Ulkomaanapu"},"image":{"@id":"https:\/\/www.kirkonulkomaanapu.fi\/#\/schema\/logo\/image\/"},"sameAs":["https:\/\/www.facebook.com\/Ulkomaanapu\/","https:\/\/www.youtube.com\/user\/kirkonulkomaanapu","https:\/\/instagram.com\/kirkon_ulkomaanapu\/","https:\/\/www.linkedin.com\/company\/finn-church-aid\/"]}]}},"_links":{"self":[{"href":"https:\/\/www.kirkonulkomaanapu.fi\/en\/wp-json\/wp\/v2\/pages\/68231","targetHints":{"allow":["GET"]}}],"collection":[{"href":"https:\/\/www.kirkonulkomaanapu.fi\/en\/wp-json\/wp\/v2\/pages"}],"about":[{"href":"https:\/\/www.kirkonulkomaanapu.fi\/en\/wp-json\/wp\/v2\/types\/page"}],"author":[{"embeddable":true,"href":"https:\/\/www.kirkonulkomaanapu.fi\/en\/wp-json\/wp\/v2\/users\/7"}],"replies":[{"embeddable":true,"href":"https:\/\/www.kirkonulkomaanapu.fi\/en\/wp-json\/wp\/v2\/comments?post=68231"}],"version-history":[{"count":3,"href":"https:\/\/www.kirkonulkomaanapu.fi\/en\/wp-json\/wp\/v2\/pages\/68231\/revisions"}],"predecessor-version":[{"id":68235,"href":"https:\/\/www.kirkonulkomaanapu.fi\/en\/wp-json\/wp\/v2\/pages\/68231\/revisions\/68235"}],"up":[{"embeddable":true,"href":"https:\/\/www.kirkonulkomaanapu.fi\/en\/wp-json\/wp\/v2\/pages\/68169"}],"wp:featuredmedia":[{"embeddable":true,"href":"https:\/\/www.kirkonulkomaanapu.fi\/en\/wp-json\/wp\/v2\/media\/68139"}],"wp:attachment":[{"href":"https:\/\/www.kirkonulkomaanapu.fi\/en\/wp-json\/wp\/v2\/media?parent=68231"}],"curies":[{"name":"wp","href":"https:\/\/api.w.org\/{rel}","templated":true}]}}