{"id":68198,"date":"2015-07-07T12:00:56","date_gmt":"2015-07-07T09:00:56","guid":{"rendered":"https:\/\/www.kirkonulkomaanapu.fi\/us\/annual-report-2014\/ita-ja-etelainen-afrikka\/"},"modified":"2018-11-08T14:08:19","modified_gmt":"2018-11-08T12:08:19","slug":"eastern-and-southern-africa","status":"publish","type":"page","link":"https:\/\/www.kirkonulkomaanapu.fi\/en\/us\/annual-report-2014\/eastern-and-southern-africa\/","title":{"rendered":"Eastern and Southern Africa"},"content":{"rendered":"<p>The Regional Office for Eastern and Southern Africa is the largest of FCA\u2019s regional offices. Of the eight countries that its region covers, Uganda, Kenya, South Sudan and Somalia have their own country offices. The thematic emphasis is on peace and livelihood activities. During 2014, work in Zimbabwe and Angola came to an end. A new region was introduced as preparing educational cooperation in Eritrea began. The implementation of the project will begin in 2015.<\/p>\n<p>In Eastern and Southern Africa, FCA has<\/p>\n","protected":false},"excerpt":{"rendered":"<p>The Regional Office for Eastern and Southern Africa is the largest of FCA\u2019s regional offices. Of the eight countries that its region covers, Uganda, Kenya, South Sudan and Somalia have their own country offices. The thematic emphasis is on peace and livelihood activities. During 2014, work in Zimbabwe and Angola came to an end. A [&hellip;]<\/p>\n","protected":false},"author":7,"featured_media":68027,"parent":68169,"menu_order":1,"comment_status":"closed","ping_status":"open","template":"page-templates\/vuosikertomus.php","meta":{"_acf_changed":false,"_relevanssi_hide_post":"","_relevanssi_hide_content":"","_relevanssi_pin_for_all":"","_relevanssi_pin_keywords":"","_relevanssi_unpin_keywords":"","_relevanssi_related_keywords":"","_relevanssi_related_include_ids":"","_relevanssi_related_exclude_ids":"","_relevanssi_related_no_append":"","_relevanssi_related_not_related":"","_relevanssi_related_posts":"","_relevanssi_noindex_reason":"","_improvement_type_select":"improve_an_existing","_thumb_yes_seoaic":false,"_frame_yes_seoaic":false,"seoaic_generate_description":"","seoaic_improve_instructions_prompt":"","seoaic_rollback_content_improvement":"","seoaic_idea_thumbnail_generator":"","thumbnail_generated":false,"thumbnail_generate_prompt":"","seoaic_article_description":"","footnotes":""},"class_list":["post-68198","page","type-page","status-publish","has-post-thumbnail","hentry"],"acf":[],"yoast_head":"<!-- This site is optimized with the Yoast SEO plugin v26.9 - https:\/\/yoast.com\/product\/yoast-seo-wordpress\/ -->\n<title>Eastern and Southern Africa - FCA Finn Church Aid<\/title>\n<meta name=\"description\" content=\"The Regional Office of Eastern and Southern Africa is the largest of FCA&#039;s regional offices covering work in 8 countries. The thematic emphasis in on peace and livelihood.\" \/>\n<meta name=\"robots\" content=\"index, follow, max-snippet:-1, max-image-preview:large, max-video-preview:-1\" \/>\n<link rel=\"canonical\" href=\"https:\/\/www.fcakenya.co.ke\/us\/annual-report-2014\/eastern-and-southern-africa\/\" \/>\n<meta property=\"og:locale\" content=\"en_US\" \/>\n<meta property=\"og:type\" content=\"article\" \/>\n<meta property=\"og:title\" content=\"Eastern and Southern Africa - FCA Finn Church Aid\" \/>\n<meta property=\"og:description\" content=\"The Regional Office of Eastern and Southern Africa is the largest of FCA&#039;s regional offices covering work in 8 countries. The thematic emphasis in on peace and livelihood.\" \/>\n<meta property=\"og:url\" content=\"https:\/\/www.fcakenya.co.ke\/us\/annual-report-2014\/eastern-and-southern-africa\/\" \/>\n<meta property=\"og:site_name\" content=\"FCA Finn Church Aid\" \/>\n<meta property=\"article:publisher\" content=\"https:\/\/www.facebook.com\/Ulkomaanapu\/\" \/>\n<meta property=\"article:modified_time\" content=\"2018-11-08T12:08:19+00:00\" \/>\n<meta property=\"og:image\" content=\"https:\/\/www.kirkonulkomaanapu.fi\/wp-content\/uploads\/2015\/07\/ita-ja-etelainen-afrikka1024.jpg\" \/>\n\t<meta property=\"og:image:width\" content=\"1024\" \/>\n\t<meta property=\"og:image:height\" content=\"585\" \/>\n\t<meta property=\"og:image:type\" content=\"image\/jpeg\" \/>\n<script type=\"application\/ld+json\" class=\"yoast-schema-graph\">{\"@context\":\"https:\/\/schema.org\",\"@graph\":[{\"@type\":\"WebPage\",\"@id\":\"https:\/\/www.fcakenya.co.ke\/us\/annual-report-2014\/eastern-and-southern-africa\/\",\"url\":\"https:\/\/www.fcakenya.co.ke\/us\/annual-report-2014\/eastern-and-southern-africa\/\",\"name\":\"Eastern and Southern Africa - FCA Finn Church Aid\",\"isPartOf\":{\"@id\":\"https:\/\/www.kirkonulkomaanapu.fi\/#website\"},\"primaryImageOfPage\":{\"@id\":\"https:\/\/www.fcakenya.co.ke\/us\/annual-report-2014\/eastern-and-southern-africa\/#primaryimage\"},\"image\":{\"@id\":\"https:\/\/www.fcakenya.co.ke\/us\/annual-report-2014\/eastern-and-southern-africa\/#primaryimage\"},\"thumbnailUrl\":\"https:\/\/www.kirkonulkomaanapu.fi\/wp-content\/uploads\/2015\/07\/ita-ja-etelainen-afrikka1024.jpg\",\"datePublished\":\"2015-07-07T09:00:56+00:00\",\"dateModified\":\"2018-11-08T12:08:19+00:00\",\"description\":\"The Regional Office of Eastern and Southern Africa is the largest of FCA's regional offices covering work in 8 countries. The thematic emphasis in on peace and livelihood.\",\"breadcrumb\":{\"@id\":\"https:\/\/www.fcakenya.co.ke\/us\/annual-report-2014\/eastern-and-southern-africa\/#breadcrumb\"},\"inLanguage\":\"en-US\",\"potentialAction\":[{\"@type\":\"ReadAction\",\"target\":[\"https:\/\/www.fcakenya.co.ke\/us\/annual-report-2014\/eastern-and-southern-africa\/\"]}]},{\"@type\":\"ImageObject\",\"inLanguage\":\"en-US\",\"@id\":\"https:\/\/www.fcakenya.co.ke\/us\/annual-report-2014\/eastern-and-southern-africa\/#primaryimage\",\"url\":\"https:\/\/www.kirkonulkomaanapu.fi\/wp-content\/uploads\/2015\/07\/ita-ja-etelainen-afrikka1024.jpg\",\"contentUrl\":\"https:\/\/www.kirkonulkomaanapu.fi\/wp-content\/uploads\/2015\/07\/ita-ja-etelainen-afrikka1024.jpg\",\"width\":1024,\"height\":585},{\"@type\":\"BreadcrumbList\",\"@id\":\"https:\/\/www.fcakenya.co.ke\/us\/annual-report-2014\/eastern-and-southern-africa\/#breadcrumb\",\"itemListElement\":[{\"@type\":\"ListItem\",\"position\":1,\"name\":\"Home\",\"item\":\"https:\/\/www.kirkonulkomaanapu.fi\/en\/\"},{\"@type\":\"ListItem\",\"position\":2,\"name\":\"About us\",\"item\":\"https:\/\/www.kirkonulkomaanapu.fi\/en\/us\/\"},{\"@type\":\"ListItem\",\"position\":3,\"name\":\"Annual Report 2014\",\"item\":\"https:\/\/www.kirkonulkomaanapu.fi\/en\/us\/annual-report-2014\/\"},{\"@type\":\"ListItem\",\"position\":4,\"name\":\"Eastern and Southern Africa\"}]},{\"@type\":\"WebSite\",\"@id\":\"https:\/\/www.kirkonulkomaanapu.fi\/#website\",\"url\":\"https:\/\/www.kirkonulkomaanapu.fi\/\",\"name\":\"Kirkon Ulkomaanapu\",\"description\":\"Suomen suurin kehitysyhteisty\u00f6j\u00e4rjest\u00f6\",\"publisher\":{\"@id\":\"https:\/\/www.kirkonulkomaanapu.fi\/#organization\"},\"alternateName\":\"KUA\",\"potentialAction\":[{\"@type\":\"SearchAction\",\"target\":{\"@type\":\"EntryPoint\",\"urlTemplate\":\"https:\/\/www.kirkonulkomaanapu.fi\/?s={search_term_string}\"},\"query-input\":{\"@type\":\"PropertyValueSpecification\",\"valueRequired\":true,\"valueName\":\"search_term_string\"}}],\"inLanguage\":\"en-US\"},{\"@type\":\"Organization\",\"@id\":\"https:\/\/www.kirkonulkomaanapu.fi\/#organization\",\"name\":\"Kirkon Ulkomaanapu\",\"alternateName\":\"KUA\",\"url\":\"https:\/\/www.kirkonulkomaanapu.fi\/\",\"logo\":{\"@type\":\"ImageObject\",\"inLanguage\":\"en-US\",\"@id\":\"https:\/\/www.kirkonulkomaanapu.fi\/#\/schema\/logo\/image\/\",\"url\":\"https:\/\/www.kirkonulkomaanapu.fi\/wp-content\/uploads\/2026\/02\/Kirkon-ulkomaanapu-logo-1.png\",\"contentUrl\":\"https:\/\/www.kirkonulkomaanapu.fi\/wp-content\/uploads\/2026\/02\/Kirkon-ulkomaanapu-logo-1.png\",\"width\":225,\"height\":225,\"caption\":\"Kirkon Ulkomaanapu\"},\"image\":{\"@id\":\"https:\/\/www.kirkonulkomaanapu.fi\/#\/schema\/logo\/image\/\"},\"sameAs\":[\"https:\/\/www.facebook.com\/Ulkomaanapu\/\",\"https:\/\/www.youtube.com\/user\/kirkonulkomaanapu\",\"https:\/\/instagram.com\/kirkon_ulkomaanapu\/\",\"https:\/\/www.linkedin.com\/company\/finn-church-aid\/\"]}]}<\/script>\n<!-- \/ Yoast SEO plugin. -->","yoast_head_json":{"title":"Eastern and Southern Africa - FCA Finn Church Aid","description":"The Regional Office of Eastern and Southern Africa is the largest of FCA's regional offices covering work in 8 countries. The thematic emphasis in on peace and livelihood.","robots":{"index":"index","follow":"follow","max-snippet":"max-snippet:-1","max-image-preview":"max-image-preview:large","max-video-preview":"max-video-preview:-1"},"canonical":"https:\/\/www.fcakenya.co.ke\/us\/annual-report-2014\/eastern-and-southern-africa\/","og_locale":"en_US","og_type":"article","og_title":"Eastern and Southern Africa - FCA Finn Church Aid","og_description":"The Regional Office of Eastern and Southern Africa is the largest of FCA's regional offices covering work in 8 countries. The thematic emphasis in on peace and livelihood.","og_url":"https:\/\/www.fcakenya.co.ke\/us\/annual-report-2014\/eastern-and-southern-africa\/","og_site_name":"FCA Finn Church Aid","article_publisher":"https:\/\/www.facebook.com\/Ulkomaanapu\/","article_modified_time":"2018-11-08T12:08:19+00:00","og_image":[{"width":1024,"height":585,"url":"https:\/\/www.kirkonulkomaanapu.fi\/wp-content\/uploads\/2015\/07\/ita-ja-etelainen-afrikka1024.jpg","type":"image\/jpeg"}],"schema":{"@context":"https:\/\/schema.org","@graph":[{"@type":"WebPage","@id":"https:\/\/www.fcakenya.co.ke\/us\/annual-report-2014\/eastern-and-southern-africa\/","url":"https:\/\/www.fcakenya.co.ke\/us\/annual-report-2014\/eastern-and-southern-africa\/","name":"Eastern and Southern Africa - FCA Finn Church Aid","isPartOf":{"@id":"https:\/\/www.kirkonulkomaanapu.fi\/#website"},"primaryImageOfPage":{"@id":"https:\/\/www.fcakenya.co.ke\/us\/annual-report-2014\/eastern-and-southern-africa\/#primaryimage"},"image":{"@id":"https:\/\/www.fcakenya.co.ke\/us\/annual-report-2014\/eastern-and-southern-africa\/#primaryimage"},"thumbnailUrl":"https:\/\/www.kirkonulkomaanapu.fi\/wp-content\/uploads\/2015\/07\/ita-ja-etelainen-afrikka1024.jpg","datePublished":"2015-07-07T09:00:56+00:00","dateModified":"2018-11-08T12:08:19+00:00","description":"The Regional Office of Eastern and Southern Africa is the largest of FCA's regional offices covering work in 8 countries. The thematic emphasis in on peace and livelihood.","breadcrumb":{"@id":"https:\/\/www.fcakenya.co.ke\/us\/annual-report-2014\/eastern-and-southern-africa\/#breadcrumb"},"inLanguage":"en-US","potentialAction":[{"@type":"ReadAction","target":["https:\/\/www.fcakenya.co.ke\/us\/annual-report-2014\/eastern-and-southern-africa\/"]}]},{"@type":"ImageObject","inLanguage":"en-US","@id":"https:\/\/www.fcakenya.co.ke\/us\/annual-report-2014\/eastern-and-southern-africa\/#primaryimage","url":"https:\/\/www.kirkonulkomaanapu.fi\/wp-content\/uploads\/2015\/07\/ita-ja-etelainen-afrikka1024.jpg","contentUrl":"https:\/\/www.kirkonulkomaanapu.fi\/wp-content\/uploads\/2015\/07\/ita-ja-etelainen-afrikka1024.jpg","width":1024,"height":585},{"@type":"BreadcrumbList","@id":"https:\/\/www.fcakenya.co.ke\/us\/annual-report-2014\/eastern-and-southern-africa\/#breadcrumb","itemListElement":[{"@type":"ListItem","position":1,"name":"Home","item":"https:\/\/www.kirkonulkomaanapu.fi\/en\/"},{"@type":"ListItem","position":2,"name":"About us","item":"https:\/\/www.kirkonulkomaanapu.fi\/en\/us\/"},{"@type":"ListItem","position":3,"name":"Annual Report 2014","item":"https:\/\/www.kirkonulkomaanapu.fi\/en\/us\/annual-report-2014\/"},{"@type":"ListItem","position":4,"name":"Eastern and Southern Africa"}]},{"@type":"WebSite","@id":"https:\/\/www.kirkonulkomaanapu.fi\/#website","url":"https:\/\/www.kirkonulkomaanapu.fi\/","name":"Kirkon Ulkomaanapu","description":"Suomen suurin kehitysyhteisty\u00f6j\u00e4rjest\u00f6","publisher":{"@id":"https:\/\/www.kirkonulkomaanapu.fi\/#organization"},"alternateName":"KUA","potentialAction":[{"@type":"SearchAction","target":{"@type":"EntryPoint","urlTemplate":"https:\/\/www.kirkonulkomaanapu.fi\/?s={search_term_string}"},"query-input":{"@type":"PropertyValueSpecification","valueRequired":true,"valueName":"search_term_string"}}],"inLanguage":"en-US"},{"@type":"Organization","@id":"https:\/\/www.kirkonulkomaanapu.fi\/#organization","name":"Kirkon Ulkomaanapu","alternateName":"KUA","url":"https:\/\/www.kirkonulkomaanapu.fi\/","logo":{"@type":"ImageObject","inLanguage":"en-US","@id":"https:\/\/www.kirkonulkomaanapu.fi\/#\/schema\/logo\/image\/","url":"https:\/\/www.kirkonulkomaanapu.fi\/wp-content\/uploads\/2026\/02\/Kirkon-ulkomaanapu-logo-1.png","contentUrl":"https:\/\/www.kirkonulkomaanapu.fi\/wp-content\/uploads\/2026\/02\/Kirkon-ulkomaanapu-logo-1.png","width":225,"height":225,"caption":"Kirkon Ulkomaanapu"},"image":{"@id":"https:\/\/www.kirkonulkomaanapu.fi\/#\/schema\/logo\/image\/"},"sameAs":["https:\/\/www.facebook.com\/Ulkomaanapu\/","https:\/\/www.youtube.com\/user\/kirkonulkomaanapu","https:\/\/instagram.com\/kirkon_ulkomaanapu\/","https:\/\/www.linkedin.com\/company\/finn-church-aid\/"]}]}},"_links":{"self":[{"href":"https:\/\/www.kirkonulkomaanapu.fi\/en\/wp-json\/wp\/v2\/pages\/68198","targetHints":{"allow":["GET"]}}],"collection":[{"href":"https:\/\/www.kirkonulkomaanapu.fi\/en\/wp-json\/wp\/v2\/pages"}],"about":[{"href":"https:\/\/www.kirkonulkomaanapu.fi\/en\/wp-json\/wp\/v2\/types\/page"}],"author":[{"embeddable":true,"href":"https:\/\/www.kirkonulkomaanapu.fi\/en\/wp-json\/wp\/v2\/users\/7"}],"replies":[{"embeddable":true,"href":"https:\/\/www.kirkonulkomaanapu.fi\/en\/wp-json\/wp\/v2\/comments?post=68198"}],"version-history":[{"count":4,"href":"https:\/\/www.kirkonulkomaanapu.fi\/en\/wp-json\/wp\/v2\/pages\/68198\/revisions"}],"predecessor-version":[{"id":68918,"href":"https:\/\/www.kirkonulkomaanapu.fi\/en\/wp-json\/wp\/v2\/pages\/68198\/revisions\/68918"}],"up":[{"embeddable":true,"href":"https:\/\/www.kirkonulkomaanapu.fi\/en\/wp-json\/wp\/v2\/pages\/68169"}],"wp:featuredmedia":[{"embeddable":true,"href":"https:\/\/www.kirkonulkomaanapu.fi\/en\/wp-json\/wp\/v2\/media\/68027"}],"wp:attachment":[{"href":"https:\/\/www.kirkonulkomaanapu.fi\/en\/wp-json\/wp\/v2\/media?parent=68198"}],"curies":[{"name":"wp","href":"https:\/\/api.w.org\/{rel}","templated":true}]}}