{"id":6541,"date":"2014-05-02T15:25:07","date_gmt":"2014-05-02T12:25:07","guid":{"rendered":"https:\/\/www.kirkonulkomaanapu.fi\/?page_id=6541"},"modified":"2015-11-12T11:08:34","modified_gmt":"2015-11-12T09:08:34","slug":"school-feeding-programme-les-palmes-haiti","status":"publish","type":"page","link":"https:\/\/www.kirkonulkomaanapu.fi\/en\/us\/donors\/international-donors\/cfgb\/school-feeding-programme-les-palmes-haiti\/","title":{"rendered":"School Feeding programme of Les Palmes in Haiti"},"content":{"rendered":"<p>The project increases food security in the rural area shared by the communes of L\u00e9og\u00e2ne, Gressier and Grand-Goave in Haiti\u2019s Les Palmes region, badly hurt after the 2010 earthquake. It ensures 7,000 children aged from 4 to 18\u00a0receive at least one hot meal per day at 37 schools. In addition, the project supports other vulnerable families by engaging their members in \u201cfood for work\u201d programmes, where they receive food for their families against work performed in the school canteens. A total of 150 \u201cfood for work\u201d participants are required for the preparation of the food in the project.<\/p>\n<p>CFGB is an experienced organisation in food assistance projects. The food used in the project was procured locally (preference given to local production) and excluding products originating from the United States. FCA is the implementing partner of the project, responsible for the tendering, transportation and monitoring of the food assistance.<\/p>\n<h2>Main outcomes:<\/h2>\n<p>\u2022\u00a0 Stabilise food consumption for 7,000 primary and secondary level rural school aged students for the 2011\/12 school year.<br \/>\n\u2022\u00a0 Improve academic results by improving the attention span and participation of students through meals provided at schools.<\/p>\n<p>&nbsp;<\/p>\n","protected":false},"excerpt":{"rendered":"<p>The project increases food security in the rural area shared by the communes of L\u00e9og\u00e2ne, Gressier and Grand-Goave in Haiti\u2019s Les Palmes region, badly hurt after the 2010 earthquake. It ensures 7,000 children aged from 4 to 18\u00a0receive at least one hot meal per day at 37 schools. In addition, the project supports other vulnerable [&hellip;]<\/p>\n","protected":false},"author":12,"featured_media":59471,"parent":6539,"menu_order":0,"comment_status":"closed","ping_status":"open","template":"page-templates\/project.php","meta":{"_acf_changed":false,"_relevanssi_hide_post":"","_relevanssi_hide_content":"","_relevanssi_pin_for_all":"","_relevanssi_pin_keywords":"","_relevanssi_unpin_keywords":"","_relevanssi_related_keywords":"","_relevanssi_related_include_ids":"","_relevanssi_related_exclude_ids":"","_relevanssi_related_no_append":"","_relevanssi_related_not_related":"","_relevanssi_related_posts":"","_relevanssi_noindex_reason":"","_improvement_type_select":"improve_an_existing","_thumb_yes_seoaic":false,"_frame_yes_seoaic":false,"seoaic_generate_description":"","seoaic_improve_instructions_prompt":"","seoaic_rollback_content_improvement":"","seoaic_idea_thumbnail_generator":"","thumbnail_generated":false,"thumbnail_generate_prompt":"","seoaic_article_description":"","footnotes":""},"class_list":["post-6541","page","type-page","status-publish","has-post-thumbnail","hentry"],"acf":[],"yoast_head":"<!-- This site is optimized with the Yoast SEO plugin v26.9 - https:\/\/yoast.com\/product\/yoast-seo-wordpress\/ -->\n<title>School Feeding programme of Les Palmes in Haiti - FCA Finn Church Aid<\/title>\n<meta name=\"description\" content=\"FCA is implementing partner of CFGB&#039;s School Feeding programme of Les Palmes region in Haiti.\" \/>\n<meta name=\"robots\" content=\"index, follow, max-snippet:-1, max-image-preview:large, max-video-preview:-1\" \/>\n<link rel=\"canonical\" href=\"https:\/\/www.fcakenya.co.ke\/us\/donors\/international-donors\/cfgb\/school-feeding-programme-les-palmes-haiti\/\" \/>\n<meta property=\"og:locale\" content=\"en_US\" \/>\n<meta property=\"og:type\" content=\"article\" \/>\n<meta property=\"og:title\" content=\"School Feeding programme of Les Palmes in Haiti - FCA Finn Church Aid\" \/>\n<meta property=\"og:description\" content=\"FCA is implementing partner of CFGB&#039;s School Feeding programme of Les Palmes region in Haiti.\" \/>\n<meta property=\"og:url\" content=\"https:\/\/www.fcakenya.co.ke\/us\/donors\/international-donors\/cfgb\/school-feeding-programme-les-palmes-haiti\/\" \/>\n<meta property=\"og:site_name\" content=\"FCA Finn Church Aid\" \/>\n<meta property=\"article:publisher\" content=\"https:\/\/www.facebook.com\/Ulkomaanapu\/\" \/>\n<meta property=\"article:modified_time\" content=\"2015-11-12T09:08:34+00:00\" \/>\n<meta property=\"og:image\" content=\"https:\/\/www.kirkonulkomaanapu.fi\/wp-content\/uploads\/2014\/05\/Haiti_kouluruokailuprojekti.jpg\" \/>\n\t<meta property=\"og:image:width\" content=\"765\" \/>\n\t<meta property=\"og:image:height\" content=\"416\" \/>\n\t<meta property=\"og:image:type\" content=\"image\/jpeg\" \/>\n<meta name=\"twitter:label1\" content=\"Est. reading time\" \/>\n\t<meta name=\"twitter:data1\" content=\"1 minute\" \/>\n<script type=\"application\/ld+json\" class=\"yoast-schema-graph\">{\"@context\":\"https:\/\/schema.org\",\"@graph\":[{\"@type\":\"WebPage\",\"@id\":\"https:\/\/www.fcakenya.co.ke\/us\/donors\/international-donors\/cfgb\/school-feeding-programme-les-palmes-haiti\/\",\"url\":\"https:\/\/www.fcakenya.co.ke\/us\/donors\/international-donors\/cfgb\/school-feeding-programme-les-palmes-haiti\/\",\"name\":\"School Feeding programme of Les Palmes in Haiti - FCA Finn Church Aid\",\"isPartOf\":{\"@id\":\"https:\/\/www.kirkonulkomaanapu.fi\/#website\"},\"primaryImageOfPage\":{\"@id\":\"https:\/\/www.fcakenya.co.ke\/us\/donors\/international-donors\/cfgb\/school-feeding-programme-les-palmes-haiti\/#primaryimage\"},\"image\":{\"@id\":\"https:\/\/www.fcakenya.co.ke\/us\/donors\/international-donors\/cfgb\/school-feeding-programme-les-palmes-haiti\/#primaryimage\"},\"thumbnailUrl\":\"https:\/\/www.kirkonulkomaanapu.fi\/wp-content\/uploads\/2014\/05\/Haiti_kouluruokailuprojekti.jpg\",\"datePublished\":\"2014-05-02T12:25:07+00:00\",\"dateModified\":\"2015-11-12T09:08:34+00:00\",\"description\":\"FCA is implementing partner of CFGB's School Feeding programme of Les Palmes region in Haiti.\",\"breadcrumb\":{\"@id\":\"https:\/\/www.fcakenya.co.ke\/us\/donors\/international-donors\/cfgb\/school-feeding-programme-les-palmes-haiti\/#breadcrumb\"},\"inLanguage\":\"en-US\",\"potentialAction\":[{\"@type\":\"ReadAction\",\"target\":[\"https:\/\/www.fcakenya.co.ke\/us\/donors\/international-donors\/cfgb\/school-feeding-programme-les-palmes-haiti\/\"]}]},{\"@type\":\"ImageObject\",\"inLanguage\":\"en-US\",\"@id\":\"https:\/\/www.fcakenya.co.ke\/us\/donors\/international-donors\/cfgb\/school-feeding-programme-les-palmes-haiti\/#primaryimage\",\"url\":\"https:\/\/www.kirkonulkomaanapu.fi\/wp-content\/uploads\/2014\/05\/Haiti_kouluruokailuprojekti.jpg\",\"contentUrl\":\"https:\/\/www.kirkonulkomaanapu.fi\/wp-content\/uploads\/2014\/05\/Haiti_kouluruokailuprojekti.jpg\",\"width\":765,\"height\":416,\"caption\":\"Photo: MInna Elo\"},{\"@type\":\"BreadcrumbList\",\"@id\":\"https:\/\/www.fcakenya.co.ke\/us\/donors\/international-donors\/cfgb\/school-feeding-programme-les-palmes-haiti\/#breadcrumb\",\"itemListElement\":[{\"@type\":\"ListItem\",\"position\":1,\"name\":\"Home\",\"item\":\"https:\/\/www.kirkonulkomaanapu.fi\/en\/\"},{\"@type\":\"ListItem\",\"position\":2,\"name\":\"About us\",\"item\":\"https:\/\/www.kirkonulkomaanapu.fi\/en\/us\/\"},{\"@type\":\"ListItem\",\"position\":3,\"name\":\"Donors\",\"item\":\"https:\/\/www.fcakenya.co.ke\/?page_id=2816\"},{\"@type\":\"ListItem\",\"position\":4,\"name\":\"International donors\",\"item\":\"https:\/\/www.fcakenya.co.ke\/?page_id=2818\"},{\"@type\":\"ListItem\",\"position\":5,\"name\":\"CFGB\",\"item\":\"https:\/\/www.fcakenya.co.ke\/us\/donors\/international-donors\/cfgb\/\"},{\"@type\":\"ListItem\",\"position\":6,\"name\":\"School Feeding programme of Les Palmes in Haiti\"}]},{\"@type\":\"WebSite\",\"@id\":\"https:\/\/www.kirkonulkomaanapu.fi\/#website\",\"url\":\"https:\/\/www.kirkonulkomaanapu.fi\/\",\"name\":\"Kirkon Ulkomaanapu\",\"description\":\"Suomen suurin kehitysyhteisty\u00f6j\u00e4rjest\u00f6\",\"publisher\":{\"@id\":\"https:\/\/www.kirkonulkomaanapu.fi\/#organization\"},\"alternateName\":\"KUA\",\"potentialAction\":[{\"@type\":\"SearchAction\",\"target\":{\"@type\":\"EntryPoint\",\"urlTemplate\":\"https:\/\/www.kirkonulkomaanapu.fi\/?s={search_term_string}\"},\"query-input\":{\"@type\":\"PropertyValueSpecification\",\"valueRequired\":true,\"valueName\":\"search_term_string\"}}],\"inLanguage\":\"en-US\"},{\"@type\":\"Organization\",\"@id\":\"https:\/\/www.kirkonulkomaanapu.fi\/#organization\",\"name\":\"Kirkon Ulkomaanapu\",\"alternateName\":\"KUA\",\"url\":\"https:\/\/www.kirkonulkomaanapu.fi\/\",\"logo\":{\"@type\":\"ImageObject\",\"inLanguage\":\"en-US\",\"@id\":\"https:\/\/www.kirkonulkomaanapu.fi\/#\/schema\/logo\/image\/\",\"url\":\"https:\/\/www.kirkonulkomaanapu.fi\/wp-content\/uploads\/2026\/02\/Kirkon-ulkomaanapu-logo-1.png\",\"contentUrl\":\"https:\/\/www.kirkonulkomaanapu.fi\/wp-content\/uploads\/2026\/02\/Kirkon-ulkomaanapu-logo-1.png\",\"width\":225,\"height\":225,\"caption\":\"Kirkon Ulkomaanapu\"},\"image\":{\"@id\":\"https:\/\/www.kirkonulkomaanapu.fi\/#\/schema\/logo\/image\/\"},\"sameAs\":[\"https:\/\/www.facebook.com\/Ulkomaanapu\/\",\"https:\/\/www.youtube.com\/user\/kirkonulkomaanapu\",\"https:\/\/instagram.com\/kirkon_ulkomaanapu\/\",\"https:\/\/www.linkedin.com\/company\/finn-church-aid\/\"]}]}<\/script>\n<!-- \/ Yoast SEO plugin. -->","yoast_head_json":{"title":"School Feeding programme of Les Palmes in Haiti - FCA Finn Church Aid","description":"FCA is implementing partner of CFGB's School Feeding programme of Les Palmes region in Haiti.","robots":{"index":"index","follow":"follow","max-snippet":"max-snippet:-1","max-image-preview":"max-image-preview:large","max-video-preview":"max-video-preview:-1"},"canonical":"https:\/\/www.fcakenya.co.ke\/us\/donors\/international-donors\/cfgb\/school-feeding-programme-les-palmes-haiti\/","og_locale":"en_US","og_type":"article","og_title":"School Feeding programme of Les Palmes in Haiti - FCA Finn Church Aid","og_description":"FCA is implementing partner of CFGB's School Feeding programme of Les Palmes region in Haiti.","og_url":"https:\/\/www.fcakenya.co.ke\/us\/donors\/international-donors\/cfgb\/school-feeding-programme-les-palmes-haiti\/","og_site_name":"FCA Finn Church Aid","article_publisher":"https:\/\/www.facebook.com\/Ulkomaanapu\/","article_modified_time":"2015-11-12T09:08:34+00:00","og_image":[{"width":765,"height":416,"url":"https:\/\/www.kirkonulkomaanapu.fi\/wp-content\/uploads\/2014\/05\/Haiti_kouluruokailuprojekti.jpg","type":"image\/jpeg"}],"twitter_misc":{"Est. reading time":"1 minute"},"schema":{"@context":"https:\/\/schema.org","@graph":[{"@type":"WebPage","@id":"https:\/\/www.fcakenya.co.ke\/us\/donors\/international-donors\/cfgb\/school-feeding-programme-les-palmes-haiti\/","url":"https:\/\/www.fcakenya.co.ke\/us\/donors\/international-donors\/cfgb\/school-feeding-programme-les-palmes-haiti\/","name":"School Feeding programme of Les Palmes in Haiti - FCA Finn Church Aid","isPartOf":{"@id":"https:\/\/www.kirkonulkomaanapu.fi\/#website"},"primaryImageOfPage":{"@id":"https:\/\/www.fcakenya.co.ke\/us\/donors\/international-donors\/cfgb\/school-feeding-programme-les-palmes-haiti\/#primaryimage"},"image":{"@id":"https:\/\/www.fcakenya.co.ke\/us\/donors\/international-donors\/cfgb\/school-feeding-programme-les-palmes-haiti\/#primaryimage"},"thumbnailUrl":"https:\/\/www.kirkonulkomaanapu.fi\/wp-content\/uploads\/2014\/05\/Haiti_kouluruokailuprojekti.jpg","datePublished":"2014-05-02T12:25:07+00:00","dateModified":"2015-11-12T09:08:34+00:00","description":"FCA is implementing partner of CFGB's School Feeding programme of Les Palmes region in Haiti.","breadcrumb":{"@id":"https:\/\/www.fcakenya.co.ke\/us\/donors\/international-donors\/cfgb\/school-feeding-programme-les-palmes-haiti\/#breadcrumb"},"inLanguage":"en-US","potentialAction":[{"@type":"ReadAction","target":["https:\/\/www.fcakenya.co.ke\/us\/donors\/international-donors\/cfgb\/school-feeding-programme-les-palmes-haiti\/"]}]},{"@type":"ImageObject","inLanguage":"en-US","@id":"https:\/\/www.fcakenya.co.ke\/us\/donors\/international-donors\/cfgb\/school-feeding-programme-les-palmes-haiti\/#primaryimage","url":"https:\/\/www.kirkonulkomaanapu.fi\/wp-content\/uploads\/2014\/05\/Haiti_kouluruokailuprojekti.jpg","contentUrl":"https:\/\/www.kirkonulkomaanapu.fi\/wp-content\/uploads\/2014\/05\/Haiti_kouluruokailuprojekti.jpg","width":765,"height":416,"caption":"Photo: MInna Elo"},{"@type":"BreadcrumbList","@id":"https:\/\/www.fcakenya.co.ke\/us\/donors\/international-donors\/cfgb\/school-feeding-programme-les-palmes-haiti\/#breadcrumb","itemListElement":[{"@type":"ListItem","position":1,"name":"Home","item":"https:\/\/www.kirkonulkomaanapu.fi\/en\/"},{"@type":"ListItem","position":2,"name":"About us","item":"https:\/\/www.kirkonulkomaanapu.fi\/en\/us\/"},{"@type":"ListItem","position":3,"name":"Donors","item":"https:\/\/www.fcakenya.co.ke\/?page_id=2816"},{"@type":"ListItem","position":4,"name":"International donors","item":"https:\/\/www.fcakenya.co.ke\/?page_id=2818"},{"@type":"ListItem","position":5,"name":"CFGB","item":"https:\/\/www.fcakenya.co.ke\/us\/donors\/international-donors\/cfgb\/"},{"@type":"ListItem","position":6,"name":"School Feeding programme of Les Palmes in Haiti"}]},{"@type":"WebSite","@id":"https:\/\/www.kirkonulkomaanapu.fi\/#website","url":"https:\/\/www.kirkonulkomaanapu.fi\/","name":"Kirkon Ulkomaanapu","description":"Suomen suurin kehitysyhteisty\u00f6j\u00e4rjest\u00f6","publisher":{"@id":"https:\/\/www.kirkonulkomaanapu.fi\/#organization"},"alternateName":"KUA","potentialAction":[{"@type":"SearchAction","target":{"@type":"EntryPoint","urlTemplate":"https:\/\/www.kirkonulkomaanapu.fi\/?s={search_term_string}"},"query-input":{"@type":"PropertyValueSpecification","valueRequired":true,"valueName":"search_term_string"}}],"inLanguage":"en-US"},{"@type":"Organization","@id":"https:\/\/www.kirkonulkomaanapu.fi\/#organization","name":"Kirkon Ulkomaanapu","alternateName":"KUA","url":"https:\/\/www.kirkonulkomaanapu.fi\/","logo":{"@type":"ImageObject","inLanguage":"en-US","@id":"https:\/\/www.kirkonulkomaanapu.fi\/#\/schema\/logo\/image\/","url":"https:\/\/www.kirkonulkomaanapu.fi\/wp-content\/uploads\/2026\/02\/Kirkon-ulkomaanapu-logo-1.png","contentUrl":"https:\/\/www.kirkonulkomaanapu.fi\/wp-content\/uploads\/2026\/02\/Kirkon-ulkomaanapu-logo-1.png","width":225,"height":225,"caption":"Kirkon Ulkomaanapu"},"image":{"@id":"https:\/\/www.kirkonulkomaanapu.fi\/#\/schema\/logo\/image\/"},"sameAs":["https:\/\/www.facebook.com\/Ulkomaanapu\/","https:\/\/www.youtube.com\/user\/kirkonulkomaanapu","https:\/\/instagram.com\/kirkon_ulkomaanapu\/","https:\/\/www.linkedin.com\/company\/finn-church-aid\/"]}]}},"_links":{"self":[{"href":"https:\/\/www.kirkonulkomaanapu.fi\/en\/wp-json\/wp\/v2\/pages\/6541","targetHints":{"allow":["GET"]}}],"collection":[{"href":"https:\/\/www.kirkonulkomaanapu.fi\/en\/wp-json\/wp\/v2\/pages"}],"about":[{"href":"https:\/\/www.kirkonulkomaanapu.fi\/en\/wp-json\/wp\/v2\/types\/page"}],"author":[{"embeddable":true,"href":"https:\/\/www.kirkonulkomaanapu.fi\/en\/wp-json\/wp\/v2\/users\/12"}],"replies":[{"embeddable":true,"href":"https:\/\/www.kirkonulkomaanapu.fi\/en\/wp-json\/wp\/v2\/comments?post=6541"}],"version-history":[{"count":5,"href":"https:\/\/www.kirkonulkomaanapu.fi\/en\/wp-json\/wp\/v2\/pages\/6541\/revisions"}],"predecessor-version":[{"id":71543,"href":"https:\/\/www.kirkonulkomaanapu.fi\/en\/wp-json\/wp\/v2\/pages\/6541\/revisions\/71543"}],"up":[{"embeddable":true,"href":"https:\/\/www.kirkonulkomaanapu.fi\/en\/wp-json\/wp\/v2\/pages\/6539"}],"wp:featuredmedia":[{"embeddable":true,"href":"https:\/\/www.kirkonulkomaanapu.fi\/en\/wp-json\/wp\/v2\/media\/59471"}],"wp:attachment":[{"href":"https:\/\/www.kirkonulkomaanapu.fi\/en\/wp-json\/wp\/v2\/media?parent=6541"}],"curies":[{"name":"wp","href":"https:\/\/api.w.org\/{rel}","templated":true}]}}