{"id":6539,"date":"2014-05-02T15:19:19","date_gmt":"2014-05-02T12:19:19","guid":{"rendered":"https:\/\/www.kirkonulkomaanapu.fi\/?page_id=6539"},"modified":"2015-10-22T10:14:35","modified_gmt":"2015-10-22T07:14:35","slug":"cfgb","status":"publish","type":"page","link":"https:\/\/www.kirkonulkomaanapu.fi\/en\/us\/donors\/international-donors\/cfgb\/","title":{"rendered":"CFGB"},"content":{"rendered":"<p><a href=\"http:\/\/www.foodgrainsbank.ca\/\" target=\"_blank\"><img loading=\"lazy\" decoding=\"async\" class=\"alignright wp-image-7834\" src=\"https:\/\/www.kirkonulkomaanapu.fi\/wp-content\/uploads\/2014\/05\/Canadian-Foodgrains-Bank-logo.jpg\" alt=\"Canadian Foodgrains Bank logo\" width=\"198\" height=\"136\" srcset=\"https:\/\/www.kirkonulkomaanapu.fi\/wp-content\/uploads\/2014\/05\/Canadian-Foodgrains-Bank-logo.jpg 220w, https:\/\/www.kirkonulkomaanapu.fi\/wp-content\/uploads\/2014\/05\/Canadian-Foodgrains-Bank-logo-179x123.jpg 179w\" sizes=\"auto, (max-width: 198px) 100vw, 198px\" \/><\/a>Canadian Foodgrains Bank (CFGB)\u00a0is a partnership of 15 Canadian churches and church-based agencies working together to end global hunger by:<\/p>\n<ul>\n<li>Supporting international programmes to meet immediate food needs, reduce malnutrition, and achieve sustainable food security.<\/li>\n<li>Influencing improvements in national and international policies that contribute to ending global hunger.<\/li>\n<li>Increasing and deepening the engagement of Canadians in efforts to end global hunger.<\/li>\n<\/ul>\n<p>&nbsp;<\/p>\n","protected":false},"excerpt":{"rendered":"<p>Canadian Foodgrains Bank (CFGB)\u00a0is a partnership of 15 Canadian churches and church-based agencies working together to end global hunger by: Supporting international programmes to meet immediate food needs, reduce malnutrition, and achieve sustainable food security. Influencing improvements in national and international policies that contribute to ending global hunger. Increasing and deepening the engagement of Canadians [&hellip;]<\/p>\n","protected":false},"author":12,"featured_media":0,"parent":2818,"menu_order":0,"comment_status":"closed","ping_status":"open","template":"page-templates\/doners.php","meta":{"_acf_changed":false,"_relevanssi_hide_post":"","_relevanssi_hide_content":"","_relevanssi_pin_for_all":"","_relevanssi_pin_keywords":"","_relevanssi_unpin_keywords":"","_relevanssi_related_keywords":"","_relevanssi_related_include_ids":"","_relevanssi_related_exclude_ids":"","_relevanssi_related_no_append":"","_relevanssi_related_not_related":"","_relevanssi_related_posts":"","_relevanssi_noindex_reason":"","_improvement_type_select":"improve_an_existing","_thumb_yes_seoaic":false,"_frame_yes_seoaic":false,"seoaic_generate_description":"","seoaic_improve_instructions_prompt":"","seoaic_rollback_content_improvement":"","seoaic_idea_thumbnail_generator":"","thumbnail_generated":false,"thumbnail_generate_prompt":"","seoaic_article_description":"","footnotes":""},"class_list":["post-6539","page","type-page","status-publish","hentry"],"acf":[],"yoast_head":"<!-- This site is optimized with the Yoast SEO plugin v26.9 - https:\/\/yoast.com\/product\/yoast-seo-wordpress\/ -->\n<title>CFGB - FCA Finn Church Aid<\/title>\n<meta name=\"description\" content=\"Canadian Foodgrains Bank (CFGB) is a partnership of 15 Canadian churches and church-based agencies working together to end global hunger.\" \/>\n<meta name=\"robots\" content=\"index, follow, max-snippet:-1, max-image-preview:large, max-video-preview:-1\" \/>\n<link rel=\"canonical\" href=\"https:\/\/www.fcakenya.co.ke\/us\/donors\/international-donors\/cfgb\/\" \/>\n<meta property=\"og:locale\" content=\"en_US\" \/>\n<meta property=\"og:type\" content=\"article\" \/>\n<meta property=\"og:title\" content=\"CFGB - FCA Finn Church Aid\" \/>\n<meta property=\"og:description\" content=\"Canadian Foodgrains Bank (CFGB) is a partnership of 15 Canadian churches and church-based agencies working together to end global hunger.\" \/>\n<meta property=\"og:url\" content=\"https:\/\/www.fcakenya.co.ke\/us\/donors\/international-donors\/cfgb\/\" \/>\n<meta property=\"og:site_name\" content=\"FCA Finn Church Aid\" \/>\n<meta property=\"article:publisher\" content=\"https:\/\/www.facebook.com\/Ulkomaanapu\/\" \/>\n<meta property=\"article:modified_time\" content=\"2015-10-22T07:14:35+00:00\" \/>\n<meta property=\"og:image\" content=\"https:\/\/www.kirkonulkomaanapu.fi\/wp-content\/uploads\/2014\/05\/Canadian-Foodgrains-Bank-logo.jpg\" \/>\n<script type=\"application\/ld+json\" class=\"yoast-schema-graph\">{\"@context\":\"https:\/\/schema.org\",\"@graph\":[{\"@type\":\"WebPage\",\"@id\":\"https:\/\/www.fcakenya.co.ke\/us\/donors\/international-donors\/cfgb\/\",\"url\":\"https:\/\/www.fcakenya.co.ke\/us\/donors\/international-donors\/cfgb\/\",\"name\":\"CFGB - FCA Finn Church Aid\",\"isPartOf\":{\"@id\":\"https:\/\/www.kirkonulkomaanapu.fi\/#website\"},\"primaryImageOfPage\":{\"@id\":\"https:\/\/www.fcakenya.co.ke\/us\/donors\/international-donors\/cfgb\/#primaryimage\"},\"image\":{\"@id\":\"https:\/\/www.fcakenya.co.ke\/us\/donors\/international-donors\/cfgb\/#primaryimage\"},\"thumbnailUrl\":\"https:\/\/www.kirkonulkomaanapu.fi\/wp-content\/uploads\/2014\/05\/Canadian-Foodgrains-Bank-logo.jpg\",\"datePublished\":\"2014-05-02T12:19:19+00:00\",\"dateModified\":\"2015-10-22T07:14:35+00:00\",\"description\":\"Canadian Foodgrains Bank (CFGB) is a partnership of 15 Canadian churches and church-based agencies working together to end global hunger.\",\"breadcrumb\":{\"@id\":\"https:\/\/www.fcakenya.co.ke\/us\/donors\/international-donors\/cfgb\/#breadcrumb\"},\"inLanguage\":\"en-US\",\"potentialAction\":[{\"@type\":\"ReadAction\",\"target\":[\"https:\/\/www.fcakenya.co.ke\/us\/donors\/international-donors\/cfgb\/\"]}]},{\"@type\":\"ImageObject\",\"inLanguage\":\"en-US\",\"@id\":\"https:\/\/www.fcakenya.co.ke\/us\/donors\/international-donors\/cfgb\/#primaryimage\",\"url\":\"https:\/\/www.kirkonulkomaanapu.fi\/wp-content\/uploads\/2014\/05\/Canadian-Foodgrains-Bank-logo.jpg\",\"contentUrl\":\"https:\/\/www.kirkonulkomaanapu.fi\/wp-content\/uploads\/2014\/05\/Canadian-Foodgrains-Bank-logo.jpg\"},{\"@type\":\"BreadcrumbList\",\"@id\":\"https:\/\/www.fcakenya.co.ke\/us\/donors\/international-donors\/cfgb\/#breadcrumb\",\"itemListElement\":[{\"@type\":\"ListItem\",\"position\":1,\"name\":\"Home\",\"item\":\"https:\/\/www.kirkonulkomaanapu.fi\/en\/\"},{\"@type\":\"ListItem\",\"position\":2,\"name\":\"About us\",\"item\":\"https:\/\/www.kirkonulkomaanapu.fi\/en\/us\/\"},{\"@type\":\"ListItem\",\"position\":3,\"name\":\"Donors\",\"item\":\"https:\/\/www.fcakenya.co.ke\/?page_id=2816\"},{\"@type\":\"ListItem\",\"position\":4,\"name\":\"International donors\",\"item\":\"https:\/\/www.fcakenya.co.ke\/?page_id=2818\"},{\"@type\":\"ListItem\",\"position\":5,\"name\":\"CFGB\"}]},{\"@type\":\"WebSite\",\"@id\":\"https:\/\/www.kirkonulkomaanapu.fi\/#website\",\"url\":\"https:\/\/www.kirkonulkomaanapu.fi\/\",\"name\":\"Kirkon Ulkomaanapu\",\"description\":\"Suomen suurin kehitysyhteisty\u00f6j\u00e4rjest\u00f6\",\"publisher\":{\"@id\":\"https:\/\/www.kirkonulkomaanapu.fi\/#organization\"},\"alternateName\":\"KUA\",\"potentialAction\":[{\"@type\":\"SearchAction\",\"target\":{\"@type\":\"EntryPoint\",\"urlTemplate\":\"https:\/\/www.kirkonulkomaanapu.fi\/?s={search_term_string}\"},\"query-input\":{\"@type\":\"PropertyValueSpecification\",\"valueRequired\":true,\"valueName\":\"search_term_string\"}}],\"inLanguage\":\"en-US\"},{\"@type\":\"Organization\",\"@id\":\"https:\/\/www.kirkonulkomaanapu.fi\/#organization\",\"name\":\"Kirkon Ulkomaanapu\",\"alternateName\":\"KUA\",\"url\":\"https:\/\/www.kirkonulkomaanapu.fi\/\",\"logo\":{\"@type\":\"ImageObject\",\"inLanguage\":\"en-US\",\"@id\":\"https:\/\/www.kirkonulkomaanapu.fi\/#\/schema\/logo\/image\/\",\"url\":\"https:\/\/www.kirkonulkomaanapu.fi\/wp-content\/uploads\/2026\/02\/Kirkon-ulkomaanapu-logo-1.png\",\"contentUrl\":\"https:\/\/www.kirkonulkomaanapu.fi\/wp-content\/uploads\/2026\/02\/Kirkon-ulkomaanapu-logo-1.png\",\"width\":225,\"height\":225,\"caption\":\"Kirkon Ulkomaanapu\"},\"image\":{\"@id\":\"https:\/\/www.kirkonulkomaanapu.fi\/#\/schema\/logo\/image\/\"},\"sameAs\":[\"https:\/\/www.facebook.com\/Ulkomaanapu\/\",\"https:\/\/www.youtube.com\/user\/kirkonulkomaanapu\",\"https:\/\/instagram.com\/kirkon_ulkomaanapu\/\",\"https:\/\/www.linkedin.com\/company\/finn-church-aid\/\"]}]}<\/script>\n<!-- \/ Yoast SEO plugin. -->","yoast_head_json":{"title":"CFGB - FCA Finn Church Aid","description":"Canadian Foodgrains Bank (CFGB) is a partnership of 15 Canadian churches and church-based agencies working together to end global hunger.","robots":{"index":"index","follow":"follow","max-snippet":"max-snippet:-1","max-image-preview":"max-image-preview:large","max-video-preview":"max-video-preview:-1"},"canonical":"https:\/\/www.fcakenya.co.ke\/us\/donors\/international-donors\/cfgb\/","og_locale":"en_US","og_type":"article","og_title":"CFGB - FCA Finn Church Aid","og_description":"Canadian Foodgrains Bank (CFGB) is a partnership of 15 Canadian churches and church-based agencies working together to end global hunger.","og_url":"https:\/\/www.fcakenya.co.ke\/us\/donors\/international-donors\/cfgb\/","og_site_name":"FCA Finn Church Aid","article_publisher":"https:\/\/www.facebook.com\/Ulkomaanapu\/","article_modified_time":"2015-10-22T07:14:35+00:00","og_image":[{"url":"https:\/\/www.kirkonulkomaanapu.fi\/wp-content\/uploads\/2014\/05\/Canadian-Foodgrains-Bank-logo.jpg","type":"","width":"","height":""}],"schema":{"@context":"https:\/\/schema.org","@graph":[{"@type":"WebPage","@id":"https:\/\/www.fcakenya.co.ke\/us\/donors\/international-donors\/cfgb\/","url":"https:\/\/www.fcakenya.co.ke\/us\/donors\/international-donors\/cfgb\/","name":"CFGB - FCA Finn Church Aid","isPartOf":{"@id":"https:\/\/www.kirkonulkomaanapu.fi\/#website"},"primaryImageOfPage":{"@id":"https:\/\/www.fcakenya.co.ke\/us\/donors\/international-donors\/cfgb\/#primaryimage"},"image":{"@id":"https:\/\/www.fcakenya.co.ke\/us\/donors\/international-donors\/cfgb\/#primaryimage"},"thumbnailUrl":"https:\/\/www.kirkonulkomaanapu.fi\/wp-content\/uploads\/2014\/05\/Canadian-Foodgrains-Bank-logo.jpg","datePublished":"2014-05-02T12:19:19+00:00","dateModified":"2015-10-22T07:14:35+00:00","description":"Canadian Foodgrains Bank (CFGB) is a partnership of 15 Canadian churches and church-based agencies working together to end global hunger.","breadcrumb":{"@id":"https:\/\/www.fcakenya.co.ke\/us\/donors\/international-donors\/cfgb\/#breadcrumb"},"inLanguage":"en-US","potentialAction":[{"@type":"ReadAction","target":["https:\/\/www.fcakenya.co.ke\/us\/donors\/international-donors\/cfgb\/"]}]},{"@type":"ImageObject","inLanguage":"en-US","@id":"https:\/\/www.fcakenya.co.ke\/us\/donors\/international-donors\/cfgb\/#primaryimage","url":"https:\/\/www.kirkonulkomaanapu.fi\/wp-content\/uploads\/2014\/05\/Canadian-Foodgrains-Bank-logo.jpg","contentUrl":"https:\/\/www.kirkonulkomaanapu.fi\/wp-content\/uploads\/2014\/05\/Canadian-Foodgrains-Bank-logo.jpg"},{"@type":"BreadcrumbList","@id":"https:\/\/www.fcakenya.co.ke\/us\/donors\/international-donors\/cfgb\/#breadcrumb","itemListElement":[{"@type":"ListItem","position":1,"name":"Home","item":"https:\/\/www.kirkonulkomaanapu.fi\/en\/"},{"@type":"ListItem","position":2,"name":"About us","item":"https:\/\/www.kirkonulkomaanapu.fi\/en\/us\/"},{"@type":"ListItem","position":3,"name":"Donors","item":"https:\/\/www.fcakenya.co.ke\/?page_id=2816"},{"@type":"ListItem","position":4,"name":"International donors","item":"https:\/\/www.fcakenya.co.ke\/?page_id=2818"},{"@type":"ListItem","position":5,"name":"CFGB"}]},{"@type":"WebSite","@id":"https:\/\/www.kirkonulkomaanapu.fi\/#website","url":"https:\/\/www.kirkonulkomaanapu.fi\/","name":"Kirkon Ulkomaanapu","description":"Suomen suurin kehitysyhteisty\u00f6j\u00e4rjest\u00f6","publisher":{"@id":"https:\/\/www.kirkonulkomaanapu.fi\/#organization"},"alternateName":"KUA","potentialAction":[{"@type":"SearchAction","target":{"@type":"EntryPoint","urlTemplate":"https:\/\/www.kirkonulkomaanapu.fi\/?s={search_term_string}"},"query-input":{"@type":"PropertyValueSpecification","valueRequired":true,"valueName":"search_term_string"}}],"inLanguage":"en-US"},{"@type":"Organization","@id":"https:\/\/www.kirkonulkomaanapu.fi\/#organization","name":"Kirkon Ulkomaanapu","alternateName":"KUA","url":"https:\/\/www.kirkonulkomaanapu.fi\/","logo":{"@type":"ImageObject","inLanguage":"en-US","@id":"https:\/\/www.kirkonulkomaanapu.fi\/#\/schema\/logo\/image\/","url":"https:\/\/www.kirkonulkomaanapu.fi\/wp-content\/uploads\/2026\/02\/Kirkon-ulkomaanapu-logo-1.png","contentUrl":"https:\/\/www.kirkonulkomaanapu.fi\/wp-content\/uploads\/2026\/02\/Kirkon-ulkomaanapu-logo-1.png","width":225,"height":225,"caption":"Kirkon Ulkomaanapu"},"image":{"@id":"https:\/\/www.kirkonulkomaanapu.fi\/#\/schema\/logo\/image\/"},"sameAs":["https:\/\/www.facebook.com\/Ulkomaanapu\/","https:\/\/www.youtube.com\/user\/kirkonulkomaanapu","https:\/\/instagram.com\/kirkon_ulkomaanapu\/","https:\/\/www.linkedin.com\/company\/finn-church-aid\/"]}]}},"_links":{"self":[{"href":"https:\/\/www.kirkonulkomaanapu.fi\/en\/wp-json\/wp\/v2\/pages\/6539","targetHints":{"allow":["GET"]}}],"collection":[{"href":"https:\/\/www.kirkonulkomaanapu.fi\/en\/wp-json\/wp\/v2\/pages"}],"about":[{"href":"https:\/\/www.kirkonulkomaanapu.fi\/en\/wp-json\/wp\/v2\/types\/page"}],"author":[{"embeddable":true,"href":"https:\/\/www.kirkonulkomaanapu.fi\/en\/wp-json\/wp\/v2\/users\/12"}],"replies":[{"embeddable":true,"href":"https:\/\/www.kirkonulkomaanapu.fi\/en\/wp-json\/wp\/v2\/comments?post=6539"}],"version-history":[{"count":4,"href":"https:\/\/www.kirkonulkomaanapu.fi\/en\/wp-json\/wp\/v2\/pages\/6539\/revisions"}],"predecessor-version":[{"id":70950,"href":"https:\/\/www.kirkonulkomaanapu.fi\/en\/wp-json\/wp\/v2\/pages\/6539\/revisions\/70950"}],"up":[{"embeddable":true,"href":"https:\/\/www.kirkonulkomaanapu.fi\/en\/wp-json\/wp\/v2\/pages\/2818"}],"wp:attachment":[{"href":"https:\/\/www.kirkonulkomaanapu.fi\/en\/wp-json\/wp\/v2\/media?parent=6539"}],"curies":[{"name":"wp","href":"https:\/\/api.w.org\/{rel}","templated":true}]}}