{"id":6451,"date":"2014-04-30T16:41:21","date_gmt":"2014-04-30T13:41:21","guid":{"rendered":"https:\/\/www.kirkonulkomaanapu.fi\/?page_id=6451"},"modified":"2014-04-30T16:44:07","modified_gmt":"2014-04-30T13:44:07","slug":"humanitarian-response-jordan","status":"publish","type":"page","link":"https:\/\/www.kirkonulkomaanapu.fi\/en\/us\/donors\/international-donors\/ministry-foreign-affairs-finland-mfa\/humanitarian-response-jordan\/","title":{"rendered":"Humanitarian response in Jordan"},"content":{"rendered":"<p>Finn Church Aid\u2019s (FCA) humanitarian programme supports Syrian refugees in northern Jordan\u2019s Za\u2019atri and King Abdullah Park refugee camps.<\/p>\n<p>FCA is preparing to support host communities across northern Jordan and Azraq refugee camp when its opening has been confirmed.<\/p>\n<p>FCA targets youth aged between 15 and 24 years offering them non-formal education such as literacy, English, skills training and computer classes, as well as physical activities including football and psychosocial circus.<\/p>\n<p>We aim to give young refugees the possibility to learn new skills and improve their confidence. Circus and football improve participants\u2019 physical and psychosocial wellbeing.<\/p>\n<p>FCA is committed to advocating and fostering increased awareness on human rights across our programme as well as ensuring all projects are gender balanced and participatory.<\/p>\n<p>FCA\u2019s humanitarian assistance in Jordan is funded by Finland\u2019s Ministry of Foreign Affairs, ACT Alliance and an Estonian non-profit organisation, Mondo.<\/p>\n<h2><\/h2>\n<h2><span class=\"lead\">Main outcomes:<\/span><\/h2>\n<p>More than 4400 Syrian refugee youths have participated in non-formal education and physical activities provided by FCA in the camps.<\/p>\n","protected":false},"excerpt":{"rendered":"<p>Finn Church Aid\u2019s (FCA) humanitarian programme supports Syrian refugees in northern Jordan\u2019s Za\u2019atri and King Abdullah Park refugee camps. FCA is preparing to support host communities across northern Jordan and Azraq refugee camp when its opening has been confirmed. FCA targets youth aged between 15 and 24 years offering them non-formal education such as literacy, [&hellip;]<\/p>\n","protected":false},"author":12,"featured_media":0,"parent":6257,"menu_order":0,"comment_status":"closed","ping_status":"open","template":"page-templates\/project.php","meta":{"_acf_changed":false,"_relevanssi_hide_post":"","_relevanssi_hide_content":"","_relevanssi_pin_for_all":"","_relevanssi_pin_keywords":"","_relevanssi_unpin_keywords":"","_relevanssi_related_keywords":"","_relevanssi_related_include_ids":"","_relevanssi_related_exclude_ids":"","_relevanssi_related_no_append":"","_relevanssi_related_not_related":"","_relevanssi_related_posts":"","_relevanssi_noindex_reason":"","_improvement_type_select":"improve_an_existing","_thumb_yes_seoaic":false,"_frame_yes_seoaic":false,"seoaic_generate_description":"","seoaic_improve_instructions_prompt":"","seoaic_rollback_content_improvement":"","seoaic_idea_thumbnail_generator":"","thumbnail_generated":false,"thumbnail_generate_prompt":"","seoaic_article_description":"","footnotes":""},"class_list":["post-6451","page","type-page","status-publish","hentry"],"acf":[],"yoast_head":"<!-- This site is optimized with the Yoast SEO plugin v26.9 - https:\/\/yoast.com\/product\/yoast-seo-wordpress\/ -->\n<title>Humanitarian response in Jordan - FCA Finn Church Aid<\/title>\n<meta name=\"robots\" content=\"index, follow, max-snippet:-1, max-image-preview:large, max-video-preview:-1\" \/>\n<link rel=\"canonical\" href=\"https:\/\/www.fcakenya.co.ke\/us\/donors\/international-donors\/ministry-foreign-affairs-finland-mfa\/humanitarian-response-jordan\/\" \/>\n<meta property=\"og:locale\" content=\"en_US\" \/>\n<meta property=\"og:type\" content=\"article\" \/>\n<meta property=\"og:title\" content=\"Humanitarian response in Jordan - FCA Finn Church Aid\" \/>\n<meta property=\"og:description\" content=\"Finn Church Aid\u2019s (FCA) humanitarian programme supports Syrian refugees in northern Jordan\u2019s Za\u2019atri and King Abdullah Park refugee camps. FCA is preparing to support host communities across northern Jordan and Azraq refugee camp when its opening has been confirmed. FCA targets youth aged between 15 and 24 years offering them non-formal education such as literacy, [&hellip;]\" \/>\n<meta property=\"og:url\" content=\"https:\/\/www.fcakenya.co.ke\/us\/donors\/international-donors\/ministry-foreign-affairs-finland-mfa\/humanitarian-response-jordan\/\" \/>\n<meta property=\"og:site_name\" content=\"FCA Finn Church Aid\" \/>\n<meta property=\"article:publisher\" content=\"https:\/\/www.facebook.com\/Ulkomaanapu\/\" \/>\n<meta property=\"article:modified_time\" content=\"2014-04-30T13:44:07+00:00\" \/>\n<meta property=\"og:image\" content=\"https:\/\/www.kirkonulkomaanapu.fi\/wp-content\/uploads\/2026\/02\/Kirkon-ulkomaanapu-logo.png\" \/>\n\t<meta property=\"og:image:width\" content=\"225\" \/>\n\t<meta property=\"og:image:height\" content=\"225\" \/>\n\t<meta property=\"og:image:type\" content=\"image\/png\" \/>\n<meta name=\"twitter:label1\" content=\"Est. reading time\" \/>\n\t<meta name=\"twitter:data1\" content=\"1 minute\" \/>\n<script type=\"application\/ld+json\" class=\"yoast-schema-graph\">{\"@context\":\"https:\/\/schema.org\",\"@graph\":[{\"@type\":\"WebPage\",\"@id\":\"https:\/\/www.fcakenya.co.ke\/us\/donors\/international-donors\/ministry-foreign-affairs-finland-mfa\/humanitarian-response-jordan\/\",\"url\":\"https:\/\/www.fcakenya.co.ke\/us\/donors\/international-donors\/ministry-foreign-affairs-finland-mfa\/humanitarian-response-jordan\/\",\"name\":\"Humanitarian response in Jordan - FCA Finn Church Aid\",\"isPartOf\":{\"@id\":\"https:\/\/www.kirkonulkomaanapu.fi\/#website\"},\"datePublished\":\"2014-04-30T13:41:21+00:00\",\"dateModified\":\"2014-04-30T13:44:07+00:00\",\"breadcrumb\":{\"@id\":\"https:\/\/www.fcakenya.co.ke\/us\/donors\/international-donors\/ministry-foreign-affairs-finland-mfa\/humanitarian-response-jordan\/#breadcrumb\"},\"inLanguage\":\"en-US\",\"potentialAction\":[{\"@type\":\"ReadAction\",\"target\":[\"https:\/\/www.fcakenya.co.ke\/us\/donors\/international-donors\/ministry-foreign-affairs-finland-mfa\/humanitarian-response-jordan\/\"]}]},{\"@type\":\"BreadcrumbList\",\"@id\":\"https:\/\/www.fcakenya.co.ke\/us\/donors\/international-donors\/ministry-foreign-affairs-finland-mfa\/humanitarian-response-jordan\/#breadcrumb\",\"itemListElement\":[{\"@type\":\"ListItem\",\"position\":1,\"name\":\"Home\",\"item\":\"https:\/\/www.kirkonulkomaanapu.fi\/en\/\"},{\"@type\":\"ListItem\",\"position\":2,\"name\":\"About us\",\"item\":\"https:\/\/www.kirkonulkomaanapu.fi\/en\/us\/\"},{\"@type\":\"ListItem\",\"position\":3,\"name\":\"Donors\",\"item\":\"https:\/\/www.fcakenya.co.ke\/?page_id=2816\"},{\"@type\":\"ListItem\",\"position\":4,\"name\":\"International donors\",\"item\":\"https:\/\/www.fcakenya.co.ke\/?page_id=2818\"},{\"@type\":\"ListItem\",\"position\":5,\"name\":\"Ministry for Foreign Affairs of Finland\",\"item\":\"https:\/\/www.kirkonulkomaanapu.fi\/en\/us\/donors\/international-donors\/ministry-foreign-affairs-finland-mfa\/\"},{\"@type\":\"ListItem\",\"position\":6,\"name\":\"Humanitarian response in Jordan\"}]},{\"@type\":\"WebSite\",\"@id\":\"https:\/\/www.kirkonulkomaanapu.fi\/#website\",\"url\":\"https:\/\/www.kirkonulkomaanapu.fi\/\",\"name\":\"Kirkon Ulkomaanapu\",\"description\":\"Suomen suurin kehitysyhteisty\u00f6j\u00e4rjest\u00f6\",\"publisher\":{\"@id\":\"https:\/\/www.kirkonulkomaanapu.fi\/#organization\"},\"alternateName\":\"KUA\",\"potentialAction\":[{\"@type\":\"SearchAction\",\"target\":{\"@type\":\"EntryPoint\",\"urlTemplate\":\"https:\/\/www.kirkonulkomaanapu.fi\/?s={search_term_string}\"},\"query-input\":{\"@type\":\"PropertyValueSpecification\",\"valueRequired\":true,\"valueName\":\"search_term_string\"}}],\"inLanguage\":\"en-US\"},{\"@type\":\"Organization\",\"@id\":\"https:\/\/www.kirkonulkomaanapu.fi\/#organization\",\"name\":\"Kirkon Ulkomaanapu\",\"alternateName\":\"KUA\",\"url\":\"https:\/\/www.kirkonulkomaanapu.fi\/\",\"logo\":{\"@type\":\"ImageObject\",\"inLanguage\":\"en-US\",\"@id\":\"https:\/\/www.kirkonulkomaanapu.fi\/#\/schema\/logo\/image\/\",\"url\":\"https:\/\/www.kirkonulkomaanapu.fi\/wp-content\/uploads\/2026\/02\/Kirkon-ulkomaanapu-logo-1.png\",\"contentUrl\":\"https:\/\/www.kirkonulkomaanapu.fi\/wp-content\/uploads\/2026\/02\/Kirkon-ulkomaanapu-logo-1.png\",\"width\":225,\"height\":225,\"caption\":\"Kirkon Ulkomaanapu\"},\"image\":{\"@id\":\"https:\/\/www.kirkonulkomaanapu.fi\/#\/schema\/logo\/image\/\"},\"sameAs\":[\"https:\/\/www.facebook.com\/Ulkomaanapu\/\",\"https:\/\/www.youtube.com\/user\/kirkonulkomaanapu\",\"https:\/\/instagram.com\/kirkon_ulkomaanapu\/\",\"https:\/\/www.linkedin.com\/company\/finn-church-aid\/\"]}]}<\/script>\n<!-- \/ Yoast SEO plugin. -->","yoast_head_json":{"title":"Humanitarian response in Jordan - FCA Finn Church Aid","robots":{"index":"index","follow":"follow","max-snippet":"max-snippet:-1","max-image-preview":"max-image-preview:large","max-video-preview":"max-video-preview:-1"},"canonical":"https:\/\/www.fcakenya.co.ke\/us\/donors\/international-donors\/ministry-foreign-affairs-finland-mfa\/humanitarian-response-jordan\/","og_locale":"en_US","og_type":"article","og_title":"Humanitarian response in Jordan - FCA Finn Church Aid","og_description":"Finn Church Aid\u2019s (FCA) humanitarian programme supports Syrian refugees in northern Jordan\u2019s Za\u2019atri and King Abdullah Park refugee camps. FCA is preparing to support host communities across northern Jordan and Azraq refugee camp when its opening has been confirmed. FCA targets youth aged between 15 and 24 years offering them non-formal education such as literacy, [&hellip;]","og_url":"https:\/\/www.fcakenya.co.ke\/us\/donors\/international-donors\/ministry-foreign-affairs-finland-mfa\/humanitarian-response-jordan\/","og_site_name":"FCA Finn Church Aid","article_publisher":"https:\/\/www.facebook.com\/Ulkomaanapu\/","article_modified_time":"2014-04-30T13:44:07+00:00","og_image":[{"width":225,"height":225,"url":"https:\/\/www.kirkonulkomaanapu.fi\/wp-content\/uploads\/2026\/02\/Kirkon-ulkomaanapu-logo.png","type":"image\/png"}],"twitter_misc":{"Est. reading time":"1 minute"},"schema":{"@context":"https:\/\/schema.org","@graph":[{"@type":"WebPage","@id":"https:\/\/www.fcakenya.co.ke\/us\/donors\/international-donors\/ministry-foreign-affairs-finland-mfa\/humanitarian-response-jordan\/","url":"https:\/\/www.fcakenya.co.ke\/us\/donors\/international-donors\/ministry-foreign-affairs-finland-mfa\/humanitarian-response-jordan\/","name":"Humanitarian response in Jordan - FCA Finn Church Aid","isPartOf":{"@id":"https:\/\/www.kirkonulkomaanapu.fi\/#website"},"datePublished":"2014-04-30T13:41:21+00:00","dateModified":"2014-04-30T13:44:07+00:00","breadcrumb":{"@id":"https:\/\/www.fcakenya.co.ke\/us\/donors\/international-donors\/ministry-foreign-affairs-finland-mfa\/humanitarian-response-jordan\/#breadcrumb"},"inLanguage":"en-US","potentialAction":[{"@type":"ReadAction","target":["https:\/\/www.fcakenya.co.ke\/us\/donors\/international-donors\/ministry-foreign-affairs-finland-mfa\/humanitarian-response-jordan\/"]}]},{"@type":"BreadcrumbList","@id":"https:\/\/www.fcakenya.co.ke\/us\/donors\/international-donors\/ministry-foreign-affairs-finland-mfa\/humanitarian-response-jordan\/#breadcrumb","itemListElement":[{"@type":"ListItem","position":1,"name":"Home","item":"https:\/\/www.kirkonulkomaanapu.fi\/en\/"},{"@type":"ListItem","position":2,"name":"About us","item":"https:\/\/www.kirkonulkomaanapu.fi\/en\/us\/"},{"@type":"ListItem","position":3,"name":"Donors","item":"https:\/\/www.fcakenya.co.ke\/?page_id=2816"},{"@type":"ListItem","position":4,"name":"International donors","item":"https:\/\/www.fcakenya.co.ke\/?page_id=2818"},{"@type":"ListItem","position":5,"name":"Ministry for Foreign Affairs of Finland","item":"https:\/\/www.kirkonulkomaanapu.fi\/en\/us\/donors\/international-donors\/ministry-foreign-affairs-finland-mfa\/"},{"@type":"ListItem","position":6,"name":"Humanitarian response in Jordan"}]},{"@type":"WebSite","@id":"https:\/\/www.kirkonulkomaanapu.fi\/#website","url":"https:\/\/www.kirkonulkomaanapu.fi\/","name":"Kirkon Ulkomaanapu","description":"Suomen suurin kehitysyhteisty\u00f6j\u00e4rjest\u00f6","publisher":{"@id":"https:\/\/www.kirkonulkomaanapu.fi\/#organization"},"alternateName":"KUA","potentialAction":[{"@type":"SearchAction","target":{"@type":"EntryPoint","urlTemplate":"https:\/\/www.kirkonulkomaanapu.fi\/?s={search_term_string}"},"query-input":{"@type":"PropertyValueSpecification","valueRequired":true,"valueName":"search_term_string"}}],"inLanguage":"en-US"},{"@type":"Organization","@id":"https:\/\/www.kirkonulkomaanapu.fi\/#organization","name":"Kirkon Ulkomaanapu","alternateName":"KUA","url":"https:\/\/www.kirkonulkomaanapu.fi\/","logo":{"@type":"ImageObject","inLanguage":"en-US","@id":"https:\/\/www.kirkonulkomaanapu.fi\/#\/schema\/logo\/image\/","url":"https:\/\/www.kirkonulkomaanapu.fi\/wp-content\/uploads\/2026\/02\/Kirkon-ulkomaanapu-logo-1.png","contentUrl":"https:\/\/www.kirkonulkomaanapu.fi\/wp-content\/uploads\/2026\/02\/Kirkon-ulkomaanapu-logo-1.png","width":225,"height":225,"caption":"Kirkon Ulkomaanapu"},"image":{"@id":"https:\/\/www.kirkonulkomaanapu.fi\/#\/schema\/logo\/image\/"},"sameAs":["https:\/\/www.facebook.com\/Ulkomaanapu\/","https:\/\/www.youtube.com\/user\/kirkonulkomaanapu","https:\/\/instagram.com\/kirkon_ulkomaanapu\/","https:\/\/www.linkedin.com\/company\/finn-church-aid\/"]}]}},"_links":{"self":[{"href":"https:\/\/www.kirkonulkomaanapu.fi\/en\/wp-json\/wp\/v2\/pages\/6451","targetHints":{"allow":["GET"]}}],"collection":[{"href":"https:\/\/www.kirkonulkomaanapu.fi\/en\/wp-json\/wp\/v2\/pages"}],"about":[{"href":"https:\/\/www.kirkonulkomaanapu.fi\/en\/wp-json\/wp\/v2\/types\/page"}],"author":[{"embeddable":true,"href":"https:\/\/www.kirkonulkomaanapu.fi\/en\/wp-json\/wp\/v2\/users\/12"}],"replies":[{"embeddable":true,"href":"https:\/\/www.kirkonulkomaanapu.fi\/en\/wp-json\/wp\/v2\/comments?post=6451"}],"version-history":[{"count":2,"href":"https:\/\/www.kirkonulkomaanapu.fi\/en\/wp-json\/wp\/v2\/pages\/6451\/revisions"}],"predecessor-version":[{"id":6455,"href":"https:\/\/www.kirkonulkomaanapu.fi\/en\/wp-json\/wp\/v2\/pages\/6451\/revisions\/6455"}],"up":[{"embeddable":true,"href":"https:\/\/www.kirkonulkomaanapu.fi\/en\/wp-json\/wp\/v2\/pages\/6257"}],"wp:attachment":[{"href":"https:\/\/www.kirkonulkomaanapu.fi\/en\/wp-json\/wp\/v2\/media?parent=6451"}],"curies":[{"name":"wp","href":"https:\/\/api.w.org\/{rel}","templated":true}]}}