{"id":6436,"date":"2014-04-30T16:25:16","date_gmt":"2014-04-30T13:25:16","guid":{"rendered":"https:\/\/www.kirkonulkomaanapu.fi\/?page_id=6436"},"modified":"2016-03-17T15:00:32","modified_gmt":"2016-03-17T13:00:32","slug":"somali-peoples-peace-initiative-project","status":"publish","type":"page","link":"https:\/\/www.kirkonulkomaanapu.fi\/en\/us\/donors\/international-donors\/somalia-stability-fund\/somali-peoples-peace-initiative-project\/","title":{"rendered":"Somali Peoples Peace Initiative"},"content":{"rendered":"<p>The Somalia Stability Fund has provided\u00a0\u00a0Finn Church Aid (FCA) with \u00a3688,844 (total project budget \u00a3737,023) to strengthen local mediation and conflict resolution mechanisms in Somaliland and Puntland, in the Sool, Sanaag and Mudug Regions.<\/p>\n<p>There are several clan based active conflicts as well as politically motivated conflicts in Puntland and Somaliland that continue to hamper the capacity of the affected populations to recover from the civil war. Conflict over access to resources takes place at many levels, from a local water point, to control over trading routes, pirate controlled waters, ports and key parts of the business sector. The community level conflicts risk the fragile peace and stability achieved in these areas, undermining people\u2019s capacity to sustain their livelihoods that are already vulnerable to natural hazards and climate change shocks.<\/p>\n<p>There is an urgent need to help resolve some of the existing underlying conflicts and prevent new ones from emerging to build on the successes within these regions as a stabilising force within Somalia. This will be done by building the conflict resolving capacity of Somalian religious and traditional leaders, representatives of authorities, women and youth leaders.<\/p>\n<p>In the project FCA cooperated with two local partners, Haqsoor and Horn of Africa Centre for Peace (HACP).<\/p>\n<h2>Main outcomes:<\/h2>\n<p>\u2022 \u00a0Community leaders\u00a0capacitated in context sensitive conflict resolution skills.<\/p>\n<p>\u2022\u00a0 Community leaders use the acquired conflict resolution skills in collaboration with the local \u00a0governance structures (court, police commissioners, elected local councils, etc.)<\/p>\n<p>\u2022 \u00a0Active conflicts in the target areas\u00a0resolved or prevented from escalating to violence through facilitation by Traditional and Religious leaders, including those trained by the SPPI Project.<\/p>\n","protected":false},"excerpt":{"rendered":"<p>The Somalia Stability Fund has provided\u00a0\u00a0Finn Church Aid (FCA) with \u00a3688,844 (total project budget \u00a3737,023) to strengthen local mediation and conflict resolution mechanisms in Somaliland and Puntland, in the Sool, Sanaag and Mudug Regions. There are several clan based active conflicts as well as politically motivated conflicts in Puntland and Somaliland that continue to hamper [&hellip;]<\/p>\n","protected":false},"author":12,"featured_media":56377,"parent":6425,"menu_order":0,"comment_status":"closed","ping_status":"open","template":"page-templates\/project.php","meta":{"_acf_changed":false,"_relevanssi_hide_post":"","_relevanssi_hide_content":"","_relevanssi_pin_for_all":"","_relevanssi_pin_keywords":"","_relevanssi_unpin_keywords":"","_relevanssi_related_keywords":"","_relevanssi_related_include_ids":"","_relevanssi_related_exclude_ids":"","_relevanssi_related_no_append":"","_relevanssi_related_not_related":"","_relevanssi_related_posts":"","_relevanssi_noindex_reason":"","_improvement_type_select":"improve_an_existing","_thumb_yes_seoaic":false,"_frame_yes_seoaic":false,"seoaic_generate_description":"","seoaic_improve_instructions_prompt":"","seoaic_rollback_content_improvement":"","seoaic_idea_thumbnail_generator":"","thumbnail_generated":false,"thumbnail_generate_prompt":"","seoaic_article_description":"","footnotes":""},"class_list":["post-6436","page","type-page","status-publish","has-post-thumbnail","hentry"],"acf":[],"yoast_head":"<!-- This site is optimized with the Yoast SEO plugin v26.9 - https:\/\/yoast.com\/product\/yoast-seo-wordpress\/ -->\n<title>Somali Peoples Peace Initiative - FCA Finn Church Aid<\/title>\n<meta name=\"description\" content=\"Somalia Stability Fund has provided FCA with \u00a3688 844 to strengthen local mediation and conflict resolution mechanisms in Somaliland and Puntland\" \/>\n<meta name=\"robots\" content=\"index, follow, max-snippet:-1, max-image-preview:large, max-video-preview:-1\" \/>\n<link rel=\"canonical\" href=\"https:\/\/www.kirkonulkomaanapu.fi\/en\/us\/donors\/international-donors\/somalia-stability-fund\/somali-peoples-peace-initiative-project\/\" \/>\n<meta property=\"og:locale\" content=\"en_US\" \/>\n<meta property=\"og:type\" content=\"article\" \/>\n<meta property=\"og:title\" content=\"Somali Peoples Peace Initiative - FCA Finn Church Aid\" \/>\n<meta property=\"og:description\" content=\"Somalia Stability Fund has provided FCA with \u00a3688 844 to strengthen local mediation and conflict resolution mechanisms in Somaliland and Puntland\" \/>\n<meta property=\"og:url\" content=\"https:\/\/www.kirkonulkomaanapu.fi\/en\/us\/donors\/international-donors\/somalia-stability-fund\/somali-peoples-peace-initiative-project\/\" \/>\n<meta property=\"og:site_name\" content=\"FCA Finn Church Aid\" \/>\n<meta property=\"article:publisher\" content=\"https:\/\/www.facebook.com\/Ulkomaanapu\/\" \/>\n<meta property=\"article:modified_time\" content=\"2016-03-17T13:00:32+00:00\" \/>\n<meta property=\"og:image\" content=\"https:\/\/www.kirkonulkomaanapu.fi\/wp-content\/uploads\/2014\/04\/Somalia_Peoples_Peace_Initiative.jpg\" \/>\n\t<meta property=\"og:image:width\" content=\"765\" \/>\n\t<meta property=\"og:image:height\" content=\"416\" \/>\n\t<meta property=\"og:image:type\" content=\"image\/jpeg\" \/>\n<meta name=\"twitter:label1\" content=\"Est. reading time\" \/>\n\t<meta name=\"twitter:data1\" content=\"1 minute\" \/>\n<script type=\"application\/ld+json\" class=\"yoast-schema-graph\">{\"@context\":\"https:\/\/schema.org\",\"@graph\":[{\"@type\":\"WebPage\",\"@id\":\"https:\/\/www.kirkonulkomaanapu.fi\/en\/us\/donors\/international-donors\/somalia-stability-fund\/somali-peoples-peace-initiative-project\/\",\"url\":\"https:\/\/www.kirkonulkomaanapu.fi\/en\/us\/donors\/international-donors\/somalia-stability-fund\/somali-peoples-peace-initiative-project\/\",\"name\":\"Somali Peoples Peace Initiative - FCA Finn Church Aid\",\"isPartOf\":{\"@id\":\"https:\/\/www.kirkonulkomaanapu.fi\/#website\"},\"primaryImageOfPage\":{\"@id\":\"https:\/\/www.kirkonulkomaanapu.fi\/en\/us\/donors\/international-donors\/somalia-stability-fund\/somali-peoples-peace-initiative-project\/#primaryimage\"},\"image\":{\"@id\":\"https:\/\/www.kirkonulkomaanapu.fi\/en\/us\/donors\/international-donors\/somalia-stability-fund\/somali-peoples-peace-initiative-project\/#primaryimage\"},\"thumbnailUrl\":\"https:\/\/www.kirkonulkomaanapu.fi\/wp-content\/uploads\/2014\/04\/Somalia_Peoples_Peace_Initiative.jpg\",\"datePublished\":\"2014-04-30T13:25:16+00:00\",\"dateModified\":\"2016-03-17T13:00:32+00:00\",\"description\":\"Somalia Stability Fund has provided FCA with \u00a3688 844 to strengthen local mediation and conflict resolution mechanisms in Somaliland and Puntland\",\"breadcrumb\":{\"@id\":\"https:\/\/www.kirkonulkomaanapu.fi\/en\/us\/donors\/international-donors\/somalia-stability-fund\/somali-peoples-peace-initiative-project\/#breadcrumb\"},\"inLanguage\":\"en-US\",\"potentialAction\":[{\"@type\":\"ReadAction\",\"target\":[\"https:\/\/www.kirkonulkomaanapu.fi\/en\/us\/donors\/international-donors\/somalia-stability-fund\/somali-peoples-peace-initiative-project\/\"]}]},{\"@type\":\"ImageObject\",\"inLanguage\":\"en-US\",\"@id\":\"https:\/\/www.kirkonulkomaanapu.fi\/en\/us\/donors\/international-donors\/somalia-stability-fund\/somali-peoples-peace-initiative-project\/#primaryimage\",\"url\":\"https:\/\/www.kirkonulkomaanapu.fi\/wp-content\/uploads\/2014\/04\/Somalia_Peoples_Peace_Initiative.jpg\",\"contentUrl\":\"https:\/\/www.kirkonulkomaanapu.fi\/wp-content\/uploads\/2014\/04\/Somalia_Peoples_Peace_Initiative.jpg\",\"width\":765,\"height\":416,\"caption\":\"Somali refugees in a discussion group. Photo: Ville Asikainen\"},{\"@type\":\"BreadcrumbList\",\"@id\":\"https:\/\/www.kirkonulkomaanapu.fi\/en\/us\/donors\/international-donors\/somalia-stability-fund\/somali-peoples-peace-initiative-project\/#breadcrumb\",\"itemListElement\":[{\"@type\":\"ListItem\",\"position\":1,\"name\":\"Home\",\"item\":\"https:\/\/www.kirkonulkomaanapu.fi\/en\/\"},{\"@type\":\"ListItem\",\"position\":2,\"name\":\"About us\",\"item\":\"https:\/\/www.kirkonulkomaanapu.fi\/en\/us\/\"},{\"@type\":\"ListItem\",\"position\":3,\"name\":\"Donors\",\"item\":\"https:\/\/www.fcakenya.co.ke\/?page_id=2816\"},{\"@type\":\"ListItem\",\"position\":4,\"name\":\"International donors\",\"item\":\"https:\/\/www.fcakenya.co.ke\/?page_id=2818\"},{\"@type\":\"ListItem\",\"position\":5,\"name\":\"SOMALIA STABILITY FUND\",\"item\":\"https:\/\/www.kirkonulkomaanapu.fi\/en\/us\/donors\/international-donors\/somalia-stability-fund\/\"},{\"@type\":\"ListItem\",\"position\":6,\"name\":\"Somali Peoples Peace Initiative\"}]},{\"@type\":\"WebSite\",\"@id\":\"https:\/\/www.kirkonulkomaanapu.fi\/#website\",\"url\":\"https:\/\/www.kirkonulkomaanapu.fi\/\",\"name\":\"Kirkon Ulkomaanapu\",\"description\":\"Suomen suurin kehitysyhteisty\u00f6j\u00e4rjest\u00f6\",\"publisher\":{\"@id\":\"https:\/\/www.kirkonulkomaanapu.fi\/#organization\"},\"alternateName\":\"KUA\",\"potentialAction\":[{\"@type\":\"SearchAction\",\"target\":{\"@type\":\"EntryPoint\",\"urlTemplate\":\"https:\/\/www.kirkonulkomaanapu.fi\/?s={search_term_string}\"},\"query-input\":{\"@type\":\"PropertyValueSpecification\",\"valueRequired\":true,\"valueName\":\"search_term_string\"}}],\"inLanguage\":\"en-US\"},{\"@type\":\"Organization\",\"@id\":\"https:\/\/www.kirkonulkomaanapu.fi\/#organization\",\"name\":\"Kirkon Ulkomaanapu\",\"alternateName\":\"KUA\",\"url\":\"https:\/\/www.kirkonulkomaanapu.fi\/\",\"logo\":{\"@type\":\"ImageObject\",\"inLanguage\":\"en-US\",\"@id\":\"https:\/\/www.kirkonulkomaanapu.fi\/#\/schema\/logo\/image\/\",\"url\":\"https:\/\/www.kirkonulkomaanapu.fi\/wp-content\/uploads\/2026\/02\/Kirkon-ulkomaanapu-logo-1.png\",\"contentUrl\":\"https:\/\/www.kirkonulkomaanapu.fi\/wp-content\/uploads\/2026\/02\/Kirkon-ulkomaanapu-logo-1.png\",\"width\":225,\"height\":225,\"caption\":\"Kirkon Ulkomaanapu\"},\"image\":{\"@id\":\"https:\/\/www.kirkonulkomaanapu.fi\/#\/schema\/logo\/image\/\"},\"sameAs\":[\"https:\/\/www.facebook.com\/Ulkomaanapu\/\",\"https:\/\/www.youtube.com\/user\/kirkonulkomaanapu\",\"https:\/\/instagram.com\/kirkon_ulkomaanapu\/\",\"https:\/\/www.linkedin.com\/company\/finn-church-aid\/\"]}]}<\/script>\n<!-- \/ Yoast SEO plugin. -->","yoast_head_json":{"title":"Somali Peoples Peace Initiative - FCA Finn Church Aid","description":"Somalia Stability Fund has provided FCA with \u00a3688 844 to strengthen local mediation and conflict resolution mechanisms in Somaliland and Puntland","robots":{"index":"index","follow":"follow","max-snippet":"max-snippet:-1","max-image-preview":"max-image-preview:large","max-video-preview":"max-video-preview:-1"},"canonical":"https:\/\/www.kirkonulkomaanapu.fi\/en\/us\/donors\/international-donors\/somalia-stability-fund\/somali-peoples-peace-initiative-project\/","og_locale":"en_US","og_type":"article","og_title":"Somali Peoples Peace Initiative - FCA Finn Church Aid","og_description":"Somalia Stability Fund has provided FCA with \u00a3688 844 to strengthen local mediation and conflict resolution mechanisms in Somaliland and Puntland","og_url":"https:\/\/www.kirkonulkomaanapu.fi\/en\/us\/donors\/international-donors\/somalia-stability-fund\/somali-peoples-peace-initiative-project\/","og_site_name":"FCA Finn Church Aid","article_publisher":"https:\/\/www.facebook.com\/Ulkomaanapu\/","article_modified_time":"2016-03-17T13:00:32+00:00","og_image":[{"width":765,"height":416,"url":"https:\/\/www.kirkonulkomaanapu.fi\/wp-content\/uploads\/2014\/04\/Somalia_Peoples_Peace_Initiative.jpg","type":"image\/jpeg"}],"twitter_misc":{"Est. reading time":"1 minute"},"schema":{"@context":"https:\/\/schema.org","@graph":[{"@type":"WebPage","@id":"https:\/\/www.kirkonulkomaanapu.fi\/en\/us\/donors\/international-donors\/somalia-stability-fund\/somali-peoples-peace-initiative-project\/","url":"https:\/\/www.kirkonulkomaanapu.fi\/en\/us\/donors\/international-donors\/somalia-stability-fund\/somali-peoples-peace-initiative-project\/","name":"Somali Peoples Peace Initiative - FCA Finn Church Aid","isPartOf":{"@id":"https:\/\/www.kirkonulkomaanapu.fi\/#website"},"primaryImageOfPage":{"@id":"https:\/\/www.kirkonulkomaanapu.fi\/en\/us\/donors\/international-donors\/somalia-stability-fund\/somali-peoples-peace-initiative-project\/#primaryimage"},"image":{"@id":"https:\/\/www.kirkonulkomaanapu.fi\/en\/us\/donors\/international-donors\/somalia-stability-fund\/somali-peoples-peace-initiative-project\/#primaryimage"},"thumbnailUrl":"https:\/\/www.kirkonulkomaanapu.fi\/wp-content\/uploads\/2014\/04\/Somalia_Peoples_Peace_Initiative.jpg","datePublished":"2014-04-30T13:25:16+00:00","dateModified":"2016-03-17T13:00:32+00:00","description":"Somalia Stability Fund has provided FCA with \u00a3688 844 to strengthen local mediation and conflict resolution mechanisms in Somaliland and Puntland","breadcrumb":{"@id":"https:\/\/www.kirkonulkomaanapu.fi\/en\/us\/donors\/international-donors\/somalia-stability-fund\/somali-peoples-peace-initiative-project\/#breadcrumb"},"inLanguage":"en-US","potentialAction":[{"@type":"ReadAction","target":["https:\/\/www.kirkonulkomaanapu.fi\/en\/us\/donors\/international-donors\/somalia-stability-fund\/somali-peoples-peace-initiative-project\/"]}]},{"@type":"ImageObject","inLanguage":"en-US","@id":"https:\/\/www.kirkonulkomaanapu.fi\/en\/us\/donors\/international-donors\/somalia-stability-fund\/somali-peoples-peace-initiative-project\/#primaryimage","url":"https:\/\/www.kirkonulkomaanapu.fi\/wp-content\/uploads\/2014\/04\/Somalia_Peoples_Peace_Initiative.jpg","contentUrl":"https:\/\/www.kirkonulkomaanapu.fi\/wp-content\/uploads\/2014\/04\/Somalia_Peoples_Peace_Initiative.jpg","width":765,"height":416,"caption":"Somali refugees in a discussion group. Photo: Ville Asikainen"},{"@type":"BreadcrumbList","@id":"https:\/\/www.kirkonulkomaanapu.fi\/en\/us\/donors\/international-donors\/somalia-stability-fund\/somali-peoples-peace-initiative-project\/#breadcrumb","itemListElement":[{"@type":"ListItem","position":1,"name":"Home","item":"https:\/\/www.kirkonulkomaanapu.fi\/en\/"},{"@type":"ListItem","position":2,"name":"About us","item":"https:\/\/www.kirkonulkomaanapu.fi\/en\/us\/"},{"@type":"ListItem","position":3,"name":"Donors","item":"https:\/\/www.fcakenya.co.ke\/?page_id=2816"},{"@type":"ListItem","position":4,"name":"International donors","item":"https:\/\/www.fcakenya.co.ke\/?page_id=2818"},{"@type":"ListItem","position":5,"name":"SOMALIA STABILITY FUND","item":"https:\/\/www.kirkonulkomaanapu.fi\/en\/us\/donors\/international-donors\/somalia-stability-fund\/"},{"@type":"ListItem","position":6,"name":"Somali Peoples Peace Initiative"}]},{"@type":"WebSite","@id":"https:\/\/www.kirkonulkomaanapu.fi\/#website","url":"https:\/\/www.kirkonulkomaanapu.fi\/","name":"Kirkon Ulkomaanapu","description":"Suomen suurin kehitysyhteisty\u00f6j\u00e4rjest\u00f6","publisher":{"@id":"https:\/\/www.kirkonulkomaanapu.fi\/#organization"},"alternateName":"KUA","potentialAction":[{"@type":"SearchAction","target":{"@type":"EntryPoint","urlTemplate":"https:\/\/www.kirkonulkomaanapu.fi\/?s={search_term_string}"},"query-input":{"@type":"PropertyValueSpecification","valueRequired":true,"valueName":"search_term_string"}}],"inLanguage":"en-US"},{"@type":"Organization","@id":"https:\/\/www.kirkonulkomaanapu.fi\/#organization","name":"Kirkon Ulkomaanapu","alternateName":"KUA","url":"https:\/\/www.kirkonulkomaanapu.fi\/","logo":{"@type":"ImageObject","inLanguage":"en-US","@id":"https:\/\/www.kirkonulkomaanapu.fi\/#\/schema\/logo\/image\/","url":"https:\/\/www.kirkonulkomaanapu.fi\/wp-content\/uploads\/2026\/02\/Kirkon-ulkomaanapu-logo-1.png","contentUrl":"https:\/\/www.kirkonulkomaanapu.fi\/wp-content\/uploads\/2026\/02\/Kirkon-ulkomaanapu-logo-1.png","width":225,"height":225,"caption":"Kirkon Ulkomaanapu"},"image":{"@id":"https:\/\/www.kirkonulkomaanapu.fi\/#\/schema\/logo\/image\/"},"sameAs":["https:\/\/www.facebook.com\/Ulkomaanapu\/","https:\/\/www.youtube.com\/user\/kirkonulkomaanapu","https:\/\/instagram.com\/kirkon_ulkomaanapu\/","https:\/\/www.linkedin.com\/company\/finn-church-aid\/"]}]}},"_links":{"self":[{"href":"https:\/\/www.kirkonulkomaanapu.fi\/en\/wp-json\/wp\/v2\/pages\/6436","targetHints":{"allow":["GET"]}}],"collection":[{"href":"https:\/\/www.kirkonulkomaanapu.fi\/en\/wp-json\/wp\/v2\/pages"}],"about":[{"href":"https:\/\/www.kirkonulkomaanapu.fi\/en\/wp-json\/wp\/v2\/types\/page"}],"author":[{"embeddable":true,"href":"https:\/\/www.kirkonulkomaanapu.fi\/en\/wp-json\/wp\/v2\/users\/12"}],"replies":[{"embeddable":true,"href":"https:\/\/www.kirkonulkomaanapu.fi\/en\/wp-json\/wp\/v2\/comments?post=6436"}],"version-history":[{"count":4,"href":"https:\/\/www.kirkonulkomaanapu.fi\/en\/wp-json\/wp\/v2\/pages\/6436\/revisions"}],"predecessor-version":[{"id":73664,"href":"https:\/\/www.kirkonulkomaanapu.fi\/en\/wp-json\/wp\/v2\/pages\/6436\/revisions\/73664"}],"up":[{"embeddable":true,"href":"https:\/\/www.kirkonulkomaanapu.fi\/en\/wp-json\/wp\/v2\/pages\/6425"}],"wp:featuredmedia":[{"embeddable":true,"href":"https:\/\/www.kirkonulkomaanapu.fi\/en\/wp-json\/wp\/v2\/media\/56377"}],"wp:attachment":[{"href":"https:\/\/www.kirkonulkomaanapu.fi\/en\/wp-json\/wp\/v2\/media?parent=6436"}],"curies":[{"name":"wp","href":"https:\/\/api.w.org\/{rel}","templated":true}]}}