{"id":6389,"date":"2014-04-30T15:31:29","date_gmt":"2014-04-30T12:31:29","guid":{"rendered":"https:\/\/www.kirkonulkomaanapu.fi\/?page_id=6389"},"modified":"2015-12-04T15:15:27","modified_gmt":"2015-12-04T13:15:27","slug":"quality-education-children-leogane-gressier-haiti","status":"publish","type":"page","link":"https:\/\/www.kirkonulkomaanapu.fi\/en\/us\/donors\/international-donors\/pwrdf\/quality-education-children-leogane-gressier-haiti\/","title":{"rendered":"Quality Education for the Children of Leogane and Gressier in Haiti"},"content":{"rendered":"<p>The destructive 2010 earthquake caused serious damage in Haiti, destroying\u00a0 67% and damaging 29% of school buildings.<\/p>\n<p>After the earthquake, FCA has been working on the reconstruction of school infrastructure. In order to complete this work with a more long-term focus\u00a0on the\u00a0quality of education, and based on the needs expressed by the school administrators, FCA and Primates World Relief and Development Fund (PWRDF) started a project focusing on improving the quality of education. This included providing furniture to 60 schools located in L\u00e9og\u00e2ne and Gressier, that have a combined 5,250 pupils.<\/p>\n<p>Another component of the project is to support the effective participation of the community in school management. School councils, consisting of school directors, teachers, students, parents and other community members,\u00a0 were established and trained on their role in promoting the quality of education.\u00a0 The capacities of local school organisations were also strengthened.<\/p>\n<h2>Main outcomes:<\/h2>\n<p>\u2022\u00a050 schools in Gressier and L\u00e9og\u00e2ne are equipped with school furniture, and 10 community artisans are trained in school maintenance and equipped with tools.<br \/>\n\u2022\u00a0Schools have well-functioning school councils,\u00a0and community participation in school management is improved.<br \/>\n\u2022\u00a0The capacities of the members of school councils are built.<br \/>\n\u2022\u00a0Organisational capacity of the schools management organisations AEVIL and CODEG is strengthened.<\/p>\n","protected":false},"excerpt":{"rendered":"<p>The destructive 2010 earthquake caused serious damage in Haiti, destroying\u00a0 67% and damaging 29% of school buildings. After the earthquake, FCA has been working on the reconstruction of school infrastructure. In order to complete this work with a more long-term focus\u00a0on the\u00a0quality of education, and based on the needs expressed by the school administrators, FCA [&hellip;]<\/p>\n","protected":false},"author":12,"featured_media":7465,"parent":6387,"menu_order":0,"comment_status":"closed","ping_status":"open","template":"page-templates\/project.php","meta":{"_acf_changed":false,"_relevanssi_hide_post":"","_relevanssi_hide_content":"","_relevanssi_pin_for_all":"","_relevanssi_pin_keywords":"","_relevanssi_unpin_keywords":"","_relevanssi_related_keywords":"","_relevanssi_related_include_ids":"","_relevanssi_related_exclude_ids":"","_relevanssi_related_no_append":"","_relevanssi_related_not_related":"","_relevanssi_related_posts":"","_relevanssi_noindex_reason":"","_improvement_type_select":"improve_an_existing","_thumb_yes_seoaic":false,"_frame_yes_seoaic":false,"seoaic_generate_description":"","seoaic_improve_instructions_prompt":"","seoaic_rollback_content_improvement":"","seoaic_idea_thumbnail_generator":"","thumbnail_generated":false,"thumbnail_generate_prompt":"","seoaic_article_description":"","footnotes":""},"class_list":["post-6389","page","type-page","status-publish","has-post-thumbnail","hentry"],"acf":[],"yoast_head":"<!-- This site is optimized with the Yoast SEO plugin v26.9 - https:\/\/yoast.com\/product\/yoast-seo-wordpress\/ -->\n<title>Quality Education for the Children of Leogane and Gressier in Haiti - FCA Finn Church Aid<\/title>\n<meta name=\"robots\" content=\"index, follow, max-snippet:-1, max-image-preview:large, max-video-preview:-1\" \/>\n<link rel=\"canonical\" href=\"https:\/\/www.kirkonulkomaanapu.fi\/en\/us\/donors\/international-donors\/pwrdf\/quality-education-children-leogane-gressier-haiti\/\" \/>\n<meta property=\"og:locale\" content=\"en_US\" \/>\n<meta property=\"og:type\" content=\"article\" \/>\n<meta property=\"og:title\" content=\"Quality Education for the Children of Leogane and Gressier in Haiti - FCA Finn Church Aid\" \/>\n<meta property=\"og:description\" content=\"The destructive 2010 earthquake caused serious damage in Haiti, destroying\u00a0 67% and damaging 29% of school buildings. After the earthquake, FCA has been working on the reconstruction of school infrastructure. In order to complete this work with a more long-term focus\u00a0on the\u00a0quality of education, and based on the needs expressed by the school administrators, FCA [&hellip;]\" \/>\n<meta property=\"og:url\" content=\"https:\/\/www.kirkonulkomaanapu.fi\/en\/us\/donors\/international-donors\/pwrdf\/quality-education-children-leogane-gressier-haiti\/\" \/>\n<meta property=\"og:site_name\" content=\"FCA Finn Church Aid\" \/>\n<meta property=\"article:publisher\" content=\"https:\/\/www.facebook.com\/Ulkomaanapu\/\" \/>\n<meta property=\"article:modified_time\" content=\"2015-12-04T13:15:27+00:00\" \/>\n<meta property=\"og:image\" content=\"https:\/\/www.kirkonulkomaanapu.fi\/wp-content\/uploads\/2014\/04\/Haiti_Finn_Church_Aid_PWRDF_quality_school.jpg\" \/>\n\t<meta property=\"og:image:width\" content=\"765\" \/>\n\t<meta property=\"og:image:height\" content=\"416\" \/>\n\t<meta property=\"og:image:type\" content=\"image\/jpeg\" \/>\n<meta name=\"twitter:label1\" content=\"Est. reading time\" \/>\n\t<meta name=\"twitter:data1\" content=\"1 minute\" \/>\n<script type=\"application\/ld+json\" class=\"yoast-schema-graph\">{\"@context\":\"https:\/\/schema.org\",\"@graph\":[{\"@type\":\"WebPage\",\"@id\":\"https:\/\/www.kirkonulkomaanapu.fi\/en\/us\/donors\/international-donors\/pwrdf\/quality-education-children-leogane-gressier-haiti\/\",\"url\":\"https:\/\/www.kirkonulkomaanapu.fi\/en\/us\/donors\/international-donors\/pwrdf\/quality-education-children-leogane-gressier-haiti\/\",\"name\":\"Quality Education for the Children of Leogane and Gressier in Haiti - FCA Finn Church Aid\",\"isPartOf\":{\"@id\":\"https:\/\/www.kirkonulkomaanapu.fi\/#website\"},\"primaryImageOfPage\":{\"@id\":\"https:\/\/www.kirkonulkomaanapu.fi\/en\/us\/donors\/international-donors\/pwrdf\/quality-education-children-leogane-gressier-haiti\/#primaryimage\"},\"image\":{\"@id\":\"https:\/\/www.kirkonulkomaanapu.fi\/en\/us\/donors\/international-donors\/pwrdf\/quality-education-children-leogane-gressier-haiti\/#primaryimage\"},\"thumbnailUrl\":\"https:\/\/www.kirkonulkomaanapu.fi\/wp-content\/uploads\/2014\/04\/Haiti_Finn_Church_Aid_PWRDF_quality_school.jpg\",\"datePublished\":\"2014-04-30T12:31:29+00:00\",\"dateModified\":\"2015-12-04T13:15:27+00:00\",\"breadcrumb\":{\"@id\":\"https:\/\/www.kirkonulkomaanapu.fi\/en\/us\/donors\/international-donors\/pwrdf\/quality-education-children-leogane-gressier-haiti\/#breadcrumb\"},\"inLanguage\":\"en-US\",\"potentialAction\":[{\"@type\":\"ReadAction\",\"target\":[\"https:\/\/www.kirkonulkomaanapu.fi\/en\/us\/donors\/international-donors\/pwrdf\/quality-education-children-leogane-gressier-haiti\/\"]}]},{\"@type\":\"ImageObject\",\"inLanguage\":\"en-US\",\"@id\":\"https:\/\/www.kirkonulkomaanapu.fi\/en\/us\/donors\/international-donors\/pwrdf\/quality-education-children-leogane-gressier-haiti\/#primaryimage\",\"url\":\"https:\/\/www.kirkonulkomaanapu.fi\/wp-content\/uploads\/2014\/04\/Haiti_Finn_Church_Aid_PWRDF_quality_school.jpg\",\"contentUrl\":\"https:\/\/www.kirkonulkomaanapu.fi\/wp-content\/uploads\/2014\/04\/Haiti_Finn_Church_Aid_PWRDF_quality_school.jpg\",\"width\":765,\"height\":416,\"caption\":\"Student at the Finn Church Aid's built L'\u00e9cole mixte la Sagesse de Jasmin temporary school in Gressier, Haiti. Photo: Jari Kivel\u00e4\"},{\"@type\":\"BreadcrumbList\",\"@id\":\"https:\/\/www.kirkonulkomaanapu.fi\/en\/us\/donors\/international-donors\/pwrdf\/quality-education-children-leogane-gressier-haiti\/#breadcrumb\",\"itemListElement\":[{\"@type\":\"ListItem\",\"position\":1,\"name\":\"Home\",\"item\":\"https:\/\/www.kirkonulkomaanapu.fi\/en\/\"},{\"@type\":\"ListItem\",\"position\":2,\"name\":\"About us\",\"item\":\"https:\/\/www.kirkonulkomaanapu.fi\/en\/us\/\"},{\"@type\":\"ListItem\",\"position\":3,\"name\":\"Donors\",\"item\":\"https:\/\/www.fcakenya.co.ke\/?page_id=2816\"},{\"@type\":\"ListItem\",\"position\":4,\"name\":\"International donors\",\"item\":\"https:\/\/www.fcakenya.co.ke\/?page_id=2818\"},{\"@type\":\"ListItem\",\"position\":5,\"name\":\"PWRDF\",\"item\":\"https:\/\/www.kirkonulkomaanapu.fi\/en\/us\/donors\/international-donors\/pwrdf\/\"},{\"@type\":\"ListItem\",\"position\":6,\"name\":\"Quality Education for the Children of Leogane and Gressier in Haiti\"}]},{\"@type\":\"WebSite\",\"@id\":\"https:\/\/www.kirkonulkomaanapu.fi\/#website\",\"url\":\"https:\/\/www.kirkonulkomaanapu.fi\/\",\"name\":\"Kirkon Ulkomaanapu\",\"description\":\"Suomen suurin kehitysyhteisty\u00f6j\u00e4rjest\u00f6\",\"publisher\":{\"@id\":\"https:\/\/www.kirkonulkomaanapu.fi\/#organization\"},\"alternateName\":\"KUA\",\"potentialAction\":[{\"@type\":\"SearchAction\",\"target\":{\"@type\":\"EntryPoint\",\"urlTemplate\":\"https:\/\/www.kirkonulkomaanapu.fi\/?s={search_term_string}\"},\"query-input\":{\"@type\":\"PropertyValueSpecification\",\"valueRequired\":true,\"valueName\":\"search_term_string\"}}],\"inLanguage\":\"en-US\"},{\"@type\":\"Organization\",\"@id\":\"https:\/\/www.kirkonulkomaanapu.fi\/#organization\",\"name\":\"Kirkon Ulkomaanapu\",\"alternateName\":\"KUA\",\"url\":\"https:\/\/www.kirkonulkomaanapu.fi\/\",\"logo\":{\"@type\":\"ImageObject\",\"inLanguage\":\"en-US\",\"@id\":\"https:\/\/www.kirkonulkomaanapu.fi\/#\/schema\/logo\/image\/\",\"url\":\"https:\/\/www.kirkonulkomaanapu.fi\/wp-content\/uploads\/2026\/02\/Kirkon-ulkomaanapu-logo-1.png\",\"contentUrl\":\"https:\/\/www.kirkonulkomaanapu.fi\/wp-content\/uploads\/2026\/02\/Kirkon-ulkomaanapu-logo-1.png\",\"width\":225,\"height\":225,\"caption\":\"Kirkon Ulkomaanapu\"},\"image\":{\"@id\":\"https:\/\/www.kirkonulkomaanapu.fi\/#\/schema\/logo\/image\/\"},\"sameAs\":[\"https:\/\/www.facebook.com\/Ulkomaanapu\/\",\"https:\/\/www.youtube.com\/user\/kirkonulkomaanapu\",\"https:\/\/instagram.com\/kirkon_ulkomaanapu\/\",\"https:\/\/www.linkedin.com\/company\/finn-church-aid\/\"]}]}<\/script>\n<!-- \/ Yoast SEO plugin. -->","yoast_head_json":{"title":"Quality Education for the Children of Leogane and Gressier in Haiti - FCA Finn Church Aid","robots":{"index":"index","follow":"follow","max-snippet":"max-snippet:-1","max-image-preview":"max-image-preview:large","max-video-preview":"max-video-preview:-1"},"canonical":"https:\/\/www.kirkonulkomaanapu.fi\/en\/us\/donors\/international-donors\/pwrdf\/quality-education-children-leogane-gressier-haiti\/","og_locale":"en_US","og_type":"article","og_title":"Quality Education for the Children of Leogane and Gressier in Haiti - FCA Finn Church Aid","og_description":"The destructive 2010 earthquake caused serious damage in Haiti, destroying\u00a0 67% and damaging 29% of school buildings. After the earthquake, FCA has been working on the reconstruction of school infrastructure. In order to complete this work with a more long-term focus\u00a0on the\u00a0quality of education, and based on the needs expressed by the school administrators, FCA [&hellip;]","og_url":"https:\/\/www.kirkonulkomaanapu.fi\/en\/us\/donors\/international-donors\/pwrdf\/quality-education-children-leogane-gressier-haiti\/","og_site_name":"FCA Finn Church Aid","article_publisher":"https:\/\/www.facebook.com\/Ulkomaanapu\/","article_modified_time":"2015-12-04T13:15:27+00:00","og_image":[{"width":765,"height":416,"url":"https:\/\/www.kirkonulkomaanapu.fi\/wp-content\/uploads\/2014\/04\/Haiti_Finn_Church_Aid_PWRDF_quality_school.jpg","type":"image\/jpeg"}],"twitter_misc":{"Est. reading time":"1 minute"},"schema":{"@context":"https:\/\/schema.org","@graph":[{"@type":"WebPage","@id":"https:\/\/www.kirkonulkomaanapu.fi\/en\/us\/donors\/international-donors\/pwrdf\/quality-education-children-leogane-gressier-haiti\/","url":"https:\/\/www.kirkonulkomaanapu.fi\/en\/us\/donors\/international-donors\/pwrdf\/quality-education-children-leogane-gressier-haiti\/","name":"Quality Education for the Children of Leogane and Gressier in Haiti - FCA Finn Church Aid","isPartOf":{"@id":"https:\/\/www.kirkonulkomaanapu.fi\/#website"},"primaryImageOfPage":{"@id":"https:\/\/www.kirkonulkomaanapu.fi\/en\/us\/donors\/international-donors\/pwrdf\/quality-education-children-leogane-gressier-haiti\/#primaryimage"},"image":{"@id":"https:\/\/www.kirkonulkomaanapu.fi\/en\/us\/donors\/international-donors\/pwrdf\/quality-education-children-leogane-gressier-haiti\/#primaryimage"},"thumbnailUrl":"https:\/\/www.kirkonulkomaanapu.fi\/wp-content\/uploads\/2014\/04\/Haiti_Finn_Church_Aid_PWRDF_quality_school.jpg","datePublished":"2014-04-30T12:31:29+00:00","dateModified":"2015-12-04T13:15:27+00:00","breadcrumb":{"@id":"https:\/\/www.kirkonulkomaanapu.fi\/en\/us\/donors\/international-donors\/pwrdf\/quality-education-children-leogane-gressier-haiti\/#breadcrumb"},"inLanguage":"en-US","potentialAction":[{"@type":"ReadAction","target":["https:\/\/www.kirkonulkomaanapu.fi\/en\/us\/donors\/international-donors\/pwrdf\/quality-education-children-leogane-gressier-haiti\/"]}]},{"@type":"ImageObject","inLanguage":"en-US","@id":"https:\/\/www.kirkonulkomaanapu.fi\/en\/us\/donors\/international-donors\/pwrdf\/quality-education-children-leogane-gressier-haiti\/#primaryimage","url":"https:\/\/www.kirkonulkomaanapu.fi\/wp-content\/uploads\/2014\/04\/Haiti_Finn_Church_Aid_PWRDF_quality_school.jpg","contentUrl":"https:\/\/www.kirkonulkomaanapu.fi\/wp-content\/uploads\/2014\/04\/Haiti_Finn_Church_Aid_PWRDF_quality_school.jpg","width":765,"height":416,"caption":"Student at the Finn Church Aid's built L'\u00e9cole mixte la Sagesse de Jasmin temporary school in Gressier, Haiti. Photo: Jari Kivel\u00e4"},{"@type":"BreadcrumbList","@id":"https:\/\/www.kirkonulkomaanapu.fi\/en\/us\/donors\/international-donors\/pwrdf\/quality-education-children-leogane-gressier-haiti\/#breadcrumb","itemListElement":[{"@type":"ListItem","position":1,"name":"Home","item":"https:\/\/www.kirkonulkomaanapu.fi\/en\/"},{"@type":"ListItem","position":2,"name":"About us","item":"https:\/\/www.kirkonulkomaanapu.fi\/en\/us\/"},{"@type":"ListItem","position":3,"name":"Donors","item":"https:\/\/www.fcakenya.co.ke\/?page_id=2816"},{"@type":"ListItem","position":4,"name":"International donors","item":"https:\/\/www.fcakenya.co.ke\/?page_id=2818"},{"@type":"ListItem","position":5,"name":"PWRDF","item":"https:\/\/www.kirkonulkomaanapu.fi\/en\/us\/donors\/international-donors\/pwrdf\/"},{"@type":"ListItem","position":6,"name":"Quality Education for the Children of Leogane and Gressier in Haiti"}]},{"@type":"WebSite","@id":"https:\/\/www.kirkonulkomaanapu.fi\/#website","url":"https:\/\/www.kirkonulkomaanapu.fi\/","name":"Kirkon Ulkomaanapu","description":"Suomen suurin kehitysyhteisty\u00f6j\u00e4rjest\u00f6","publisher":{"@id":"https:\/\/www.kirkonulkomaanapu.fi\/#organization"},"alternateName":"KUA","potentialAction":[{"@type":"SearchAction","target":{"@type":"EntryPoint","urlTemplate":"https:\/\/www.kirkonulkomaanapu.fi\/?s={search_term_string}"},"query-input":{"@type":"PropertyValueSpecification","valueRequired":true,"valueName":"search_term_string"}}],"inLanguage":"en-US"},{"@type":"Organization","@id":"https:\/\/www.kirkonulkomaanapu.fi\/#organization","name":"Kirkon Ulkomaanapu","alternateName":"KUA","url":"https:\/\/www.kirkonulkomaanapu.fi\/","logo":{"@type":"ImageObject","inLanguage":"en-US","@id":"https:\/\/www.kirkonulkomaanapu.fi\/#\/schema\/logo\/image\/","url":"https:\/\/www.kirkonulkomaanapu.fi\/wp-content\/uploads\/2026\/02\/Kirkon-ulkomaanapu-logo-1.png","contentUrl":"https:\/\/www.kirkonulkomaanapu.fi\/wp-content\/uploads\/2026\/02\/Kirkon-ulkomaanapu-logo-1.png","width":225,"height":225,"caption":"Kirkon Ulkomaanapu"},"image":{"@id":"https:\/\/www.kirkonulkomaanapu.fi\/#\/schema\/logo\/image\/"},"sameAs":["https:\/\/www.facebook.com\/Ulkomaanapu\/","https:\/\/www.youtube.com\/user\/kirkonulkomaanapu","https:\/\/instagram.com\/kirkon_ulkomaanapu\/","https:\/\/www.linkedin.com\/company\/finn-church-aid\/"]}]}},"_links":{"self":[{"href":"https:\/\/www.kirkonulkomaanapu.fi\/en\/wp-json\/wp\/v2\/pages\/6389","targetHints":{"allow":["GET"]}}],"collection":[{"href":"https:\/\/www.kirkonulkomaanapu.fi\/en\/wp-json\/wp\/v2\/pages"}],"about":[{"href":"https:\/\/www.kirkonulkomaanapu.fi\/en\/wp-json\/wp\/v2\/types\/page"}],"author":[{"embeddable":true,"href":"https:\/\/www.kirkonulkomaanapu.fi\/en\/wp-json\/wp\/v2\/users\/12"}],"replies":[{"embeddable":true,"href":"https:\/\/www.kirkonulkomaanapu.fi\/en\/wp-json\/wp\/v2\/comments?post=6389"}],"version-history":[{"count":4,"href":"https:\/\/www.kirkonulkomaanapu.fi\/en\/wp-json\/wp\/v2\/pages\/6389\/revisions"}],"predecessor-version":[{"id":71955,"href":"https:\/\/www.kirkonulkomaanapu.fi\/en\/wp-json\/wp\/v2\/pages\/6389\/revisions\/71955"}],"up":[{"embeddable":true,"href":"https:\/\/www.kirkonulkomaanapu.fi\/en\/wp-json\/wp\/v2\/pages\/6387"}],"wp:featuredmedia":[{"embeddable":true,"href":"https:\/\/www.kirkonulkomaanapu.fi\/en\/wp-json\/wp\/v2\/media\/7465"}],"wp:attachment":[{"href":"https:\/\/www.kirkonulkomaanapu.fi\/en\/wp-json\/wp\/v2\/media?parent=6389"}],"curies":[{"name":"wp","href":"https:\/\/api.w.org\/{rel}","templated":true}]}}