{"id":6238,"date":"2014-04-29T19:19:13","date_gmt":"2014-04-29T16:19:13","guid":{"rendered":"https:\/\/www.kirkonulkomaanapu.fi\/?page_id=6238"},"modified":"2016-10-18T13:32:47","modified_gmt":"2016-10-18T10:32:47","slug":"echo-eu-children-peace-initiative","status":"publish","type":"page","link":"https:\/\/www.kirkonulkomaanapu.fi\/en\/us\/donors\/international-donors\/echo\/echo-eu-children-peace-initiative\/","title":{"rendered":"EU Children of Peace Initiative in Myanmar"},"content":{"rendered":"<p>ECHO \u2013 EU Children of Peace has provided FCA with EUR 480,000 for education activities in Rakhine state, Myanmar.<\/p>\n<p>The project supports children aged 3-17 affected by communal violence in camps for internally displaced people (IDP) in the Sittwe Township by providing access to both formal and non-formal education, as well as psychosocial support. The activities, such as literacy and numeracy education, games, sports and cultural expression are implemented in temporary, child friendly learning spaces answering the acute needs of 7,320 children with limited or no access to education in Muslim and Rakhine Buddhist IDP camps.<\/p>\n<h2>Main outcomes:<\/h2>\n<p>\u2022\u00a0Improved school infrastructures and other facilities for 5,272 children in IDP camps.<br \/>\n\u2022\u00a0Improved teaching capacity in IDP camps.<br \/>\n\u2022\u00a0Educational kits to 5,000 people.<br \/>\n\u2022\u00a0Enhanced self-esteem, basic skills and literacy of 1,568 children.\u00a0<strong><br \/>\n<\/strong><\/p>\n<div class=\"youtube-embed\">\n<div class=\"video-wrapper\">\n<div class=\"consent-placeholder\"              data-category=\"cookie_cat_marketing\"              onClick=\"CookieConsent.renew()\">\n<div class=\"consent-placeholder-wrapper\">\n<div class=\"text-button-wrapper\">\n<p>Et ole hyv\u00e4ksynyt markkinoinnin ev\u00e4steit\u00e4 n\u00e4hd\u00e4ksesi videon.<\/p>\n<div>                            <button class=\"button red slim\" href=\"javascript:CookieConsent.renew()\">Muuta ev\u00e4steasetuksia<\/button>                        <\/div>\n<\/p><\/div>\n<\/p><\/div>\n<\/p><\/div>\n<\/p><\/div>\n<div class=\"video-image-oembed\" tabindex=\"0\" style=\"background-image:url('https:\/\/i.ytimg.com\/vi\/91WwBfI98ew\/hqdefault.jpg')\"><i class=\"fas fa-play\"><\/i><\/div>\n<div class=\"video-container oembed oembed-youtube\" data-video=\"&lt;iframe title=&quot;Education in emergencies: Non-formal education for IDPs in Myanmar&quot; width=&quot;500&quot; height=&quot;281&quot; src=&quot;https:\/\/www.youtube.com\/embed\/91WwBfI98ew?feature=oembed&amp;rel=0&amp;rel=0&quot; frameborder=&quot;0&quot; allow=&quot;accelerometer; autoplay; clipboard-write; encrypted-media; gyroscope; picture-in-picture; web-share&quot; referrerpolicy=&quot;strict-origin-when-cross-origin&quot; allowfullscreen&gt;&lt;\/iframe&gt;\"><\/div>\n<\/div>\n","protected":false},"excerpt":{"rendered":"<p>ECHO \u2013 EU Children of Peace has provided FCA with EUR 480,000 for education activities in Rakhine state, Myanmar. The project supports children aged 3-17 affected by communal violence in camps for internally displaced people (IDP) in the Sittwe Township by providing access to both formal and non-formal education, as well as psychosocial support. The [&hellip;]<\/p>\n","protected":false},"author":12,"featured_media":56381,"parent":2859,"menu_order":0,"comment_status":"closed","ping_status":"open","template":"page-templates\/project.php","meta":{"_acf_changed":false,"_relevanssi_hide_post":"","_relevanssi_hide_content":"","_relevanssi_pin_for_all":"","_relevanssi_pin_keywords":"","_relevanssi_unpin_keywords":"","_relevanssi_related_keywords":"","_relevanssi_related_include_ids":"","_relevanssi_related_exclude_ids":"","_relevanssi_related_no_append":"","_relevanssi_related_not_related":"","_relevanssi_related_posts":"","_relevanssi_noindex_reason":"","_improvement_type_select":"improve_an_existing","_thumb_yes_seoaic":false,"_frame_yes_seoaic":false,"seoaic_generate_description":"","seoaic_improve_instructions_prompt":"","seoaic_rollback_content_improvement":"","seoaic_idea_thumbnail_generator":"","thumbnail_generated":false,"thumbnail_generate_prompt":"","seoaic_article_description":"","footnotes":""},"class_list":["post-6238","page","type-page","status-publish","has-post-thumbnail","hentry"],"acf":[],"yoast_head":"<!-- This site is optimized with the Yoast SEO plugin v26.9 - https:\/\/yoast.com\/product\/yoast-seo-wordpress\/ -->\n<title>EU Children of Peace Initiative in Myanmar - FCA Finn Church Aid<\/title>\n<meta name=\"robots\" content=\"index, follow, max-snippet:-1, max-image-preview:large, max-video-preview:-1\" \/>\n<link rel=\"canonical\" href=\"https:\/\/www.fcakenya.co.ke\/en\/us\/donors\/international-donors\/echo\/echo-eu-children-peace-initiative\/\" \/>\n<meta property=\"og:locale\" content=\"en_US\" \/>\n<meta property=\"og:type\" content=\"article\" \/>\n<meta property=\"og:title\" content=\"EU Children of Peace Initiative in Myanmar - FCA Finn Church Aid\" \/>\n<meta property=\"og:description\" content=\"ECHO \u2013 EU Children of Peace has provided FCA with EUR 480,000 for education activities in Rakhine state, Myanmar. The project supports children aged 3-17 affected by communal violence in camps for internally displaced people (IDP) in the Sittwe Township by providing access to both formal and non-formal education, as well as psychosocial support. The [&hellip;]\" \/>\n<meta property=\"og:url\" content=\"https:\/\/www.fcakenya.co.ke\/en\/us\/donors\/international-donors\/echo\/echo-eu-children-peace-initiative\/\" \/>\n<meta property=\"og:site_name\" content=\"FCA Finn Church Aid\" \/>\n<meta property=\"article:publisher\" content=\"https:\/\/www.facebook.com\/Ulkomaanapu\/\" \/>\n<meta property=\"article:modified_time\" content=\"2016-10-18T10:32:47+00:00\" \/>\n<meta property=\"og:image\" content=\"https:\/\/www.kirkonulkomaanapu.fi\/wp-content\/uploads\/2014\/04\/Myanmar_EU_Children_of_Peace_Initiative.jpg\" \/>\n\t<meta property=\"og:image:width\" content=\"765\" \/>\n\t<meta property=\"og:image:height\" content=\"416\" \/>\n\t<meta property=\"og:image:type\" content=\"image\/jpeg\" \/>\n<meta name=\"twitter:label1\" content=\"Est. reading time\" \/>\n\t<meta name=\"twitter:data1\" content=\"1 minute\" \/>\n<script type=\"application\/ld+json\" class=\"yoast-schema-graph\">{\"@context\":\"https:\/\/schema.org\",\"@graph\":[{\"@type\":\"WebPage\",\"@id\":\"https:\/\/www.fcakenya.co.ke\/en\/us\/donors\/international-donors\/echo\/echo-eu-children-peace-initiative\/\",\"url\":\"https:\/\/www.fcakenya.co.ke\/en\/us\/donors\/international-donors\/echo\/echo-eu-children-peace-initiative\/\",\"name\":\"EU Children of Peace Initiative in Myanmar - FCA Finn Church Aid\",\"isPartOf\":{\"@id\":\"https:\/\/www.kirkonulkomaanapu.fi\/#website\"},\"primaryImageOfPage\":{\"@id\":\"https:\/\/www.fcakenya.co.ke\/en\/us\/donors\/international-donors\/echo\/echo-eu-children-peace-initiative\/#primaryimage\"},\"image\":{\"@id\":\"https:\/\/www.fcakenya.co.ke\/en\/us\/donors\/international-donors\/echo\/echo-eu-children-peace-initiative\/#primaryimage\"},\"thumbnailUrl\":\"https:\/\/www.kirkonulkomaanapu.fi\/wp-content\/uploads\/2014\/04\/Myanmar_EU_Children_of_Peace_Initiative.jpg\",\"datePublished\":\"2014-04-29T16:19:13+00:00\",\"dateModified\":\"2016-10-18T10:32:47+00:00\",\"breadcrumb\":{\"@id\":\"https:\/\/www.fcakenya.co.ke\/en\/us\/donors\/international-donors\/echo\/echo-eu-children-peace-initiative\/#breadcrumb\"},\"inLanguage\":\"en-US\",\"potentialAction\":[{\"@type\":\"ReadAction\",\"target\":[\"https:\/\/www.fcakenya.co.ke\/en\/us\/donors\/international-donors\/echo\/echo-eu-children-peace-initiative\/\"]}]},{\"@type\":\"ImageObject\",\"inLanguage\":\"en-US\",\"@id\":\"https:\/\/www.fcakenya.co.ke\/en\/us\/donors\/international-donors\/echo\/echo-eu-children-peace-initiative\/#primaryimage\",\"url\":\"https:\/\/www.kirkonulkomaanapu.fi\/wp-content\/uploads\/2014\/04\/Myanmar_EU_Children_of_Peace_Initiative.jpg\",\"contentUrl\":\"https:\/\/www.kirkonulkomaanapu.fi\/wp-content\/uploads\/2014\/04\/Myanmar_EU_Children_of_Peace_Initiative.jpg\",\"width\":765,\"height\":416,\"caption\":\"myanmar EU CHildren of Peace Initiative\"},{\"@type\":\"BreadcrumbList\",\"@id\":\"https:\/\/www.fcakenya.co.ke\/en\/us\/donors\/international-donors\/echo\/echo-eu-children-peace-initiative\/#breadcrumb\",\"itemListElement\":[{\"@type\":\"ListItem\",\"position\":1,\"name\":\"Home\",\"item\":\"https:\/\/www.kirkonulkomaanapu.fi\/en\/\"},{\"@type\":\"ListItem\",\"position\":2,\"name\":\"About us\",\"item\":\"https:\/\/www.kirkonulkomaanapu.fi\/en\/us\/\"},{\"@type\":\"ListItem\",\"position\":3,\"name\":\"Donors\",\"item\":\"https:\/\/www.fcakenya.co.ke\/?page_id=2816\"},{\"@type\":\"ListItem\",\"position\":4,\"name\":\"International donors\",\"item\":\"https:\/\/www.fcakenya.co.ke\/?page_id=2818\"},{\"@type\":\"ListItem\",\"position\":5,\"name\":\"ECHO\",\"item\":\"https:\/\/www.kirkonulkomaanapu.fi\/en\/us\/donors\/international-donors\/echo\/\"},{\"@type\":\"ListItem\",\"position\":6,\"name\":\"EU Children of Peace Initiative in Myanmar\"}]},{\"@type\":\"WebSite\",\"@id\":\"https:\/\/www.kirkonulkomaanapu.fi\/#website\",\"url\":\"https:\/\/www.kirkonulkomaanapu.fi\/\",\"name\":\"Kirkon Ulkomaanapu\",\"description\":\"Suomen suurin kehitysyhteisty\u00f6j\u00e4rjest\u00f6\",\"publisher\":{\"@id\":\"https:\/\/www.kirkonulkomaanapu.fi\/#organization\"},\"alternateName\":\"KUA\",\"potentialAction\":[{\"@type\":\"SearchAction\",\"target\":{\"@type\":\"EntryPoint\",\"urlTemplate\":\"https:\/\/www.kirkonulkomaanapu.fi\/?s={search_term_string}\"},\"query-input\":{\"@type\":\"PropertyValueSpecification\",\"valueRequired\":true,\"valueName\":\"search_term_string\"}}],\"inLanguage\":\"en-US\"},{\"@type\":\"Organization\",\"@id\":\"https:\/\/www.kirkonulkomaanapu.fi\/#organization\",\"name\":\"Kirkon Ulkomaanapu\",\"alternateName\":\"KUA\",\"url\":\"https:\/\/www.kirkonulkomaanapu.fi\/\",\"logo\":{\"@type\":\"ImageObject\",\"inLanguage\":\"en-US\",\"@id\":\"https:\/\/www.kirkonulkomaanapu.fi\/#\/schema\/logo\/image\/\",\"url\":\"https:\/\/www.kirkonulkomaanapu.fi\/wp-content\/uploads\/2026\/02\/Kirkon-ulkomaanapu-logo-1.png\",\"contentUrl\":\"https:\/\/www.kirkonulkomaanapu.fi\/wp-content\/uploads\/2026\/02\/Kirkon-ulkomaanapu-logo-1.png\",\"width\":225,\"height\":225,\"caption\":\"Kirkon Ulkomaanapu\"},\"image\":{\"@id\":\"https:\/\/www.kirkonulkomaanapu.fi\/#\/schema\/logo\/image\/\"},\"sameAs\":[\"https:\/\/www.facebook.com\/Ulkomaanapu\/\",\"https:\/\/www.youtube.com\/user\/kirkonulkomaanapu\",\"https:\/\/instagram.com\/kirkon_ulkomaanapu\/\",\"https:\/\/www.linkedin.com\/company\/finn-church-aid\/\"]}]}<\/script>\n<!-- \/ Yoast SEO plugin. -->","yoast_head_json":{"title":"EU Children of Peace Initiative in Myanmar - FCA Finn Church Aid","robots":{"index":"index","follow":"follow","max-snippet":"max-snippet:-1","max-image-preview":"max-image-preview:large","max-video-preview":"max-video-preview:-1"},"canonical":"https:\/\/www.fcakenya.co.ke\/en\/us\/donors\/international-donors\/echo\/echo-eu-children-peace-initiative\/","og_locale":"en_US","og_type":"article","og_title":"EU Children of Peace Initiative in Myanmar - FCA Finn Church Aid","og_description":"ECHO \u2013 EU Children of Peace has provided FCA with EUR 480,000 for education activities in Rakhine state, Myanmar. The project supports children aged 3-17 affected by communal violence in camps for internally displaced people (IDP) in the Sittwe Township by providing access to both formal and non-formal education, as well as psychosocial support. The [&hellip;]","og_url":"https:\/\/www.fcakenya.co.ke\/en\/us\/donors\/international-donors\/echo\/echo-eu-children-peace-initiative\/","og_site_name":"FCA Finn Church Aid","article_publisher":"https:\/\/www.facebook.com\/Ulkomaanapu\/","article_modified_time":"2016-10-18T10:32:47+00:00","og_image":[{"width":765,"height":416,"url":"https:\/\/www.kirkonulkomaanapu.fi\/wp-content\/uploads\/2014\/04\/Myanmar_EU_Children_of_Peace_Initiative.jpg","type":"image\/jpeg"}],"twitter_misc":{"Est. reading time":"1 minute"},"schema":{"@context":"https:\/\/schema.org","@graph":[{"@type":"WebPage","@id":"https:\/\/www.fcakenya.co.ke\/en\/us\/donors\/international-donors\/echo\/echo-eu-children-peace-initiative\/","url":"https:\/\/www.fcakenya.co.ke\/en\/us\/donors\/international-donors\/echo\/echo-eu-children-peace-initiative\/","name":"EU Children of Peace Initiative in Myanmar - FCA Finn Church Aid","isPartOf":{"@id":"https:\/\/www.kirkonulkomaanapu.fi\/#website"},"primaryImageOfPage":{"@id":"https:\/\/www.fcakenya.co.ke\/en\/us\/donors\/international-donors\/echo\/echo-eu-children-peace-initiative\/#primaryimage"},"image":{"@id":"https:\/\/www.fcakenya.co.ke\/en\/us\/donors\/international-donors\/echo\/echo-eu-children-peace-initiative\/#primaryimage"},"thumbnailUrl":"https:\/\/www.kirkonulkomaanapu.fi\/wp-content\/uploads\/2014\/04\/Myanmar_EU_Children_of_Peace_Initiative.jpg","datePublished":"2014-04-29T16:19:13+00:00","dateModified":"2016-10-18T10:32:47+00:00","breadcrumb":{"@id":"https:\/\/www.fcakenya.co.ke\/en\/us\/donors\/international-donors\/echo\/echo-eu-children-peace-initiative\/#breadcrumb"},"inLanguage":"en-US","potentialAction":[{"@type":"ReadAction","target":["https:\/\/www.fcakenya.co.ke\/en\/us\/donors\/international-donors\/echo\/echo-eu-children-peace-initiative\/"]}]},{"@type":"ImageObject","inLanguage":"en-US","@id":"https:\/\/www.fcakenya.co.ke\/en\/us\/donors\/international-donors\/echo\/echo-eu-children-peace-initiative\/#primaryimage","url":"https:\/\/www.kirkonulkomaanapu.fi\/wp-content\/uploads\/2014\/04\/Myanmar_EU_Children_of_Peace_Initiative.jpg","contentUrl":"https:\/\/www.kirkonulkomaanapu.fi\/wp-content\/uploads\/2014\/04\/Myanmar_EU_Children_of_Peace_Initiative.jpg","width":765,"height":416,"caption":"myanmar EU CHildren of Peace Initiative"},{"@type":"BreadcrumbList","@id":"https:\/\/www.fcakenya.co.ke\/en\/us\/donors\/international-donors\/echo\/echo-eu-children-peace-initiative\/#breadcrumb","itemListElement":[{"@type":"ListItem","position":1,"name":"Home","item":"https:\/\/www.kirkonulkomaanapu.fi\/en\/"},{"@type":"ListItem","position":2,"name":"About us","item":"https:\/\/www.kirkonulkomaanapu.fi\/en\/us\/"},{"@type":"ListItem","position":3,"name":"Donors","item":"https:\/\/www.fcakenya.co.ke\/?page_id=2816"},{"@type":"ListItem","position":4,"name":"International donors","item":"https:\/\/www.fcakenya.co.ke\/?page_id=2818"},{"@type":"ListItem","position":5,"name":"ECHO","item":"https:\/\/www.kirkonulkomaanapu.fi\/en\/us\/donors\/international-donors\/echo\/"},{"@type":"ListItem","position":6,"name":"EU Children of Peace Initiative in Myanmar"}]},{"@type":"WebSite","@id":"https:\/\/www.kirkonulkomaanapu.fi\/#website","url":"https:\/\/www.kirkonulkomaanapu.fi\/","name":"Kirkon Ulkomaanapu","description":"Suomen suurin kehitysyhteisty\u00f6j\u00e4rjest\u00f6","publisher":{"@id":"https:\/\/www.kirkonulkomaanapu.fi\/#organization"},"alternateName":"KUA","potentialAction":[{"@type":"SearchAction","target":{"@type":"EntryPoint","urlTemplate":"https:\/\/www.kirkonulkomaanapu.fi\/?s={search_term_string}"},"query-input":{"@type":"PropertyValueSpecification","valueRequired":true,"valueName":"search_term_string"}}],"inLanguage":"en-US"},{"@type":"Organization","@id":"https:\/\/www.kirkonulkomaanapu.fi\/#organization","name":"Kirkon Ulkomaanapu","alternateName":"KUA","url":"https:\/\/www.kirkonulkomaanapu.fi\/","logo":{"@type":"ImageObject","inLanguage":"en-US","@id":"https:\/\/www.kirkonulkomaanapu.fi\/#\/schema\/logo\/image\/","url":"https:\/\/www.kirkonulkomaanapu.fi\/wp-content\/uploads\/2026\/02\/Kirkon-ulkomaanapu-logo-1.png","contentUrl":"https:\/\/www.kirkonulkomaanapu.fi\/wp-content\/uploads\/2026\/02\/Kirkon-ulkomaanapu-logo-1.png","width":225,"height":225,"caption":"Kirkon Ulkomaanapu"},"image":{"@id":"https:\/\/www.kirkonulkomaanapu.fi\/#\/schema\/logo\/image\/"},"sameAs":["https:\/\/www.facebook.com\/Ulkomaanapu\/","https:\/\/www.youtube.com\/user\/kirkonulkomaanapu","https:\/\/instagram.com\/kirkon_ulkomaanapu\/","https:\/\/www.linkedin.com\/company\/finn-church-aid\/"]}]}},"_links":{"self":[{"href":"https:\/\/www.kirkonulkomaanapu.fi\/en\/wp-json\/wp\/v2\/pages\/6238","targetHints":{"allow":["GET"]}}],"collection":[{"href":"https:\/\/www.kirkonulkomaanapu.fi\/en\/wp-json\/wp\/v2\/pages"}],"about":[{"href":"https:\/\/www.kirkonulkomaanapu.fi\/en\/wp-json\/wp\/v2\/types\/page"}],"author":[{"embeddable":true,"href":"https:\/\/www.kirkonulkomaanapu.fi\/en\/wp-json\/wp\/v2\/users\/12"}],"replies":[{"embeddable":true,"href":"https:\/\/www.kirkonulkomaanapu.fi\/en\/wp-json\/wp\/v2\/comments?post=6238"}],"version-history":[{"count":6,"href":"https:\/\/www.kirkonulkomaanapu.fi\/en\/wp-json\/wp\/v2\/pages\/6238\/revisions"}],"predecessor-version":[{"id":77294,"href":"https:\/\/www.kirkonulkomaanapu.fi\/en\/wp-json\/wp\/v2\/pages\/6238\/revisions\/77294"}],"up":[{"embeddable":true,"href":"https:\/\/www.kirkonulkomaanapu.fi\/en\/wp-json\/wp\/v2\/pages\/2859"}],"wp:featuredmedia":[{"embeddable":true,"href":"https:\/\/www.kirkonulkomaanapu.fi\/en\/wp-json\/wp\/v2\/media\/56381"}],"wp:attachment":[{"href":"https:\/\/www.kirkonulkomaanapu.fi\/en\/wp-json\/wp\/v2\/media?parent=6238"}],"curies":[{"name":"wp","href":"https:\/\/api.w.org\/{rel}","templated":true}]}}