{"id":6190,"date":"2014-04-29T14:34:52","date_gmt":"2014-04-29T11:34:52","guid":{"rendered":"https:\/\/www.kirkonulkomaanapu.fi\/?page_id=6190"},"modified":"2016-03-23T16:02:54","modified_gmt":"2016-03-23T14:02:54","slug":"voice","status":"publish","type":"page","link":"https:\/\/www.kirkonulkomaanapu.fi\/en\/us\/donors\/international-networks\/voice\/","title":{"rendered":"VOICE"},"content":{"rendered":"<p>VOICE stands for &#8220;Voluntary Organisations in Cooperation in Emergencies&#8221;. It is a network representing 84 non-governmental organisations (NGOs) based in 19 European countries, active in humanitarian assistance worldwide. Unlike its members, VOICE is not operational. The overall vision of VOICE is a collective European NGO response to humanitarian crises. The mission of VOICE is to enhance the collective influence of the network with the EU, including its Member States, as well as to promote the humanitarian principles and the quality and effectiveness of humanitarian action. VOICE is the main NGO interlocutor with the European Union on emergency assistance and disaster risk reduction,\u00a0 and it promotes the values of humanitarian NGOs.<\/p>\n<p>Finn Church Aid (FCA) became a member of VOICE in 2004. Over the years, VOICE has been a valuable channel for the FCA to follow and give input in the European humanitarian policies, as well as\u00a0networking with other European humanitarian NGO\u2019s. By sending several Humanitarian Unit staff members to trainings arranged by VOICE, FCA has built the organisation\u2019s capacities in specific humanitarian issues as well as in working with the European Community Humanitarian Office (ECHO).<\/p>\n<p>For more information: <a href=\"http:\/\/www.ngovoice.org\/\" target=\"_blank\">VOICE<\/a><\/p>\n","protected":false},"excerpt":{"rendered":"<p>VOICE stands for &#8220;Voluntary Organisations in Cooperation in Emergencies&#8221;. It is a network representing 84 non-governmental organisations (NGOs) based in 19 European countries, active in humanitarian assistance worldwide. Unlike its members, VOICE is not operational. The overall vision of VOICE is a collective European NGO response to humanitarian crises. The mission of VOICE is to [&hellip;]<\/p>\n","protected":false},"author":12,"featured_media":0,"parent":2820,"menu_order":0,"comment_status":"closed","ping_status":"open","template":"page-templates\/doners.php","meta":{"_acf_changed":false,"_relevanssi_hide_post":"","_relevanssi_hide_content":"","_relevanssi_pin_for_all":"","_relevanssi_pin_keywords":"","_relevanssi_unpin_keywords":"","_relevanssi_related_keywords":"","_relevanssi_related_include_ids":"","_relevanssi_related_exclude_ids":"","_relevanssi_related_no_append":"","_relevanssi_related_not_related":"","_relevanssi_related_posts":"","_relevanssi_noindex_reason":"","_improvement_type_select":"improve_an_existing","_thumb_yes_seoaic":false,"_frame_yes_seoaic":false,"seoaic_generate_description":"","seoaic_improve_instructions_prompt":"","seoaic_rollback_content_improvement":"","seoaic_idea_thumbnail_generator":"","thumbnail_generated":false,"thumbnail_generate_prompt":"","seoaic_article_description":"","footnotes":""},"class_list":["post-6190","page","type-page","status-publish","hentry"],"acf":[],"yoast_head":"<!-- This site is optimized with the Yoast SEO plugin v26.9 - https:\/\/yoast.com\/product\/yoast-seo-wordpress\/ -->\n<title>VOICE - FCA Finn Church Aid<\/title>\n<meta name=\"description\" content=\"VOICE is a network representing 83 non-governmental organisations (NGOs) active in humanitarian aid worldwide, who are based in 18 European countries.\" \/>\n<meta name=\"robots\" content=\"index, follow, max-snippet:-1, max-image-preview:large, max-video-preview:-1\" \/>\n<link rel=\"canonical\" href=\"https:\/\/www.fcakenya.co.ke\/en\/us\/donors\/international-networks\/voice\/\" \/>\n<meta property=\"og:locale\" content=\"en_US\" \/>\n<meta property=\"og:type\" content=\"article\" \/>\n<meta property=\"og:title\" content=\"VOICE - FCA Finn Church Aid\" \/>\n<meta property=\"og:description\" content=\"VOICE is a network representing 83 non-governmental organisations (NGOs) active in humanitarian aid worldwide, who are based in 18 European countries.\" \/>\n<meta property=\"og:url\" content=\"https:\/\/www.fcakenya.co.ke\/en\/us\/donors\/international-networks\/voice\/\" \/>\n<meta property=\"og:site_name\" content=\"FCA Finn Church Aid\" \/>\n<meta property=\"article:publisher\" content=\"https:\/\/www.facebook.com\/Ulkomaanapu\/\" \/>\n<meta property=\"article:modified_time\" content=\"2016-03-23T14:02:54+00:00\" \/>\n<meta property=\"og:image\" content=\"https:\/\/www.kirkonulkomaanapu.fi\/wp-content\/uploads\/2026\/02\/Kirkon-ulkomaanapu-logo.png\" \/>\n\t<meta property=\"og:image:width\" content=\"225\" \/>\n\t<meta property=\"og:image:height\" content=\"225\" \/>\n\t<meta property=\"og:image:type\" content=\"image\/png\" \/>\n<meta name=\"twitter:label1\" content=\"Est. reading time\" \/>\n\t<meta name=\"twitter:data1\" content=\"1 minute\" \/>\n<script type=\"application\/ld+json\" class=\"yoast-schema-graph\">{\"@context\":\"https:\/\/schema.org\",\"@graph\":[{\"@type\":\"WebPage\",\"@id\":\"https:\/\/www.fcakenya.co.ke\/en\/us\/donors\/international-networks\/voice\/\",\"url\":\"https:\/\/www.fcakenya.co.ke\/en\/us\/donors\/international-networks\/voice\/\",\"name\":\"VOICE - FCA Finn Church Aid\",\"isPartOf\":{\"@id\":\"https:\/\/www.kirkonulkomaanapu.fi\/#website\"},\"datePublished\":\"2014-04-29T11:34:52+00:00\",\"dateModified\":\"2016-03-23T14:02:54+00:00\",\"description\":\"VOICE is a network representing 83 non-governmental organisations (NGOs) active in humanitarian aid worldwide, who are based in 18 European countries.\",\"breadcrumb\":{\"@id\":\"https:\/\/www.fcakenya.co.ke\/en\/us\/donors\/international-networks\/voice\/#breadcrumb\"},\"inLanguage\":\"en-US\",\"potentialAction\":[{\"@type\":\"ReadAction\",\"target\":[\"https:\/\/www.fcakenya.co.ke\/en\/us\/donors\/international-networks\/voice\/\"]}]},{\"@type\":\"BreadcrumbList\",\"@id\":\"https:\/\/www.fcakenya.co.ke\/en\/us\/donors\/international-networks\/voice\/#breadcrumb\",\"itemListElement\":[{\"@type\":\"ListItem\",\"position\":1,\"name\":\"Home\",\"item\":\"https:\/\/www.kirkonulkomaanapu.fi\/en\/\"},{\"@type\":\"ListItem\",\"position\":2,\"name\":\"About us\",\"item\":\"https:\/\/www.kirkonulkomaanapu.fi\/en\/us\/\"},{\"@type\":\"ListItem\",\"position\":3,\"name\":\"Donors\",\"item\":\"https:\/\/www.fcakenya.co.ke\/?page_id=2816\"},{\"@type\":\"ListItem\",\"position\":4,\"name\":\"International networks\",\"item\":\"https:\/\/www.fcakenya.co.ke\/?page_id=2820\"},{\"@type\":\"ListItem\",\"position\":5,\"name\":\"VOICE\"}]},{\"@type\":\"WebSite\",\"@id\":\"https:\/\/www.kirkonulkomaanapu.fi\/#website\",\"url\":\"https:\/\/www.kirkonulkomaanapu.fi\/\",\"name\":\"Kirkon Ulkomaanapu\",\"description\":\"Suomen suurin kehitysyhteisty\u00f6j\u00e4rjest\u00f6\",\"publisher\":{\"@id\":\"https:\/\/www.kirkonulkomaanapu.fi\/#organization\"},\"alternateName\":\"KUA\",\"potentialAction\":[{\"@type\":\"SearchAction\",\"target\":{\"@type\":\"EntryPoint\",\"urlTemplate\":\"https:\/\/www.kirkonulkomaanapu.fi\/?s={search_term_string}\"},\"query-input\":{\"@type\":\"PropertyValueSpecification\",\"valueRequired\":true,\"valueName\":\"search_term_string\"}}],\"inLanguage\":\"en-US\"},{\"@type\":\"Organization\",\"@id\":\"https:\/\/www.kirkonulkomaanapu.fi\/#organization\",\"name\":\"Kirkon Ulkomaanapu\",\"alternateName\":\"KUA\",\"url\":\"https:\/\/www.kirkonulkomaanapu.fi\/\",\"logo\":{\"@type\":\"ImageObject\",\"inLanguage\":\"en-US\",\"@id\":\"https:\/\/www.kirkonulkomaanapu.fi\/#\/schema\/logo\/image\/\",\"url\":\"https:\/\/www.kirkonulkomaanapu.fi\/wp-content\/uploads\/2026\/02\/Kirkon-ulkomaanapu-logo-1.png\",\"contentUrl\":\"https:\/\/www.kirkonulkomaanapu.fi\/wp-content\/uploads\/2026\/02\/Kirkon-ulkomaanapu-logo-1.png\",\"width\":225,\"height\":225,\"caption\":\"Kirkon Ulkomaanapu\"},\"image\":{\"@id\":\"https:\/\/www.kirkonulkomaanapu.fi\/#\/schema\/logo\/image\/\"},\"sameAs\":[\"https:\/\/www.facebook.com\/Ulkomaanapu\/\",\"https:\/\/www.youtube.com\/user\/kirkonulkomaanapu\",\"https:\/\/instagram.com\/kirkon_ulkomaanapu\/\",\"https:\/\/www.linkedin.com\/company\/finn-church-aid\/\"]}]}<\/script>\n<!-- \/ Yoast SEO plugin. -->","yoast_head_json":{"title":"VOICE - FCA Finn Church Aid","description":"VOICE is a network representing 83 non-governmental organisations (NGOs) active in humanitarian aid worldwide, who are based in 18 European countries.","robots":{"index":"index","follow":"follow","max-snippet":"max-snippet:-1","max-image-preview":"max-image-preview:large","max-video-preview":"max-video-preview:-1"},"canonical":"https:\/\/www.fcakenya.co.ke\/en\/us\/donors\/international-networks\/voice\/","og_locale":"en_US","og_type":"article","og_title":"VOICE - FCA Finn Church Aid","og_description":"VOICE is a network representing 83 non-governmental organisations (NGOs) active in humanitarian aid worldwide, who are based in 18 European countries.","og_url":"https:\/\/www.fcakenya.co.ke\/en\/us\/donors\/international-networks\/voice\/","og_site_name":"FCA Finn Church Aid","article_publisher":"https:\/\/www.facebook.com\/Ulkomaanapu\/","article_modified_time":"2016-03-23T14:02:54+00:00","og_image":[{"width":225,"height":225,"url":"https:\/\/www.kirkonulkomaanapu.fi\/wp-content\/uploads\/2026\/02\/Kirkon-ulkomaanapu-logo.png","type":"image\/png"}],"twitter_misc":{"Est. reading time":"1 minute"},"schema":{"@context":"https:\/\/schema.org","@graph":[{"@type":"WebPage","@id":"https:\/\/www.fcakenya.co.ke\/en\/us\/donors\/international-networks\/voice\/","url":"https:\/\/www.fcakenya.co.ke\/en\/us\/donors\/international-networks\/voice\/","name":"VOICE - FCA Finn Church Aid","isPartOf":{"@id":"https:\/\/www.kirkonulkomaanapu.fi\/#website"},"datePublished":"2014-04-29T11:34:52+00:00","dateModified":"2016-03-23T14:02:54+00:00","description":"VOICE is a network representing 83 non-governmental organisations (NGOs) active in humanitarian aid worldwide, who are based in 18 European countries.","breadcrumb":{"@id":"https:\/\/www.fcakenya.co.ke\/en\/us\/donors\/international-networks\/voice\/#breadcrumb"},"inLanguage":"en-US","potentialAction":[{"@type":"ReadAction","target":["https:\/\/www.fcakenya.co.ke\/en\/us\/donors\/international-networks\/voice\/"]}]},{"@type":"BreadcrumbList","@id":"https:\/\/www.fcakenya.co.ke\/en\/us\/donors\/international-networks\/voice\/#breadcrumb","itemListElement":[{"@type":"ListItem","position":1,"name":"Home","item":"https:\/\/www.kirkonulkomaanapu.fi\/en\/"},{"@type":"ListItem","position":2,"name":"About us","item":"https:\/\/www.kirkonulkomaanapu.fi\/en\/us\/"},{"@type":"ListItem","position":3,"name":"Donors","item":"https:\/\/www.fcakenya.co.ke\/?page_id=2816"},{"@type":"ListItem","position":4,"name":"International networks","item":"https:\/\/www.fcakenya.co.ke\/?page_id=2820"},{"@type":"ListItem","position":5,"name":"VOICE"}]},{"@type":"WebSite","@id":"https:\/\/www.kirkonulkomaanapu.fi\/#website","url":"https:\/\/www.kirkonulkomaanapu.fi\/","name":"Kirkon Ulkomaanapu","description":"Suomen suurin kehitysyhteisty\u00f6j\u00e4rjest\u00f6","publisher":{"@id":"https:\/\/www.kirkonulkomaanapu.fi\/#organization"},"alternateName":"KUA","potentialAction":[{"@type":"SearchAction","target":{"@type":"EntryPoint","urlTemplate":"https:\/\/www.kirkonulkomaanapu.fi\/?s={search_term_string}"},"query-input":{"@type":"PropertyValueSpecification","valueRequired":true,"valueName":"search_term_string"}}],"inLanguage":"en-US"},{"@type":"Organization","@id":"https:\/\/www.kirkonulkomaanapu.fi\/#organization","name":"Kirkon Ulkomaanapu","alternateName":"KUA","url":"https:\/\/www.kirkonulkomaanapu.fi\/","logo":{"@type":"ImageObject","inLanguage":"en-US","@id":"https:\/\/www.kirkonulkomaanapu.fi\/#\/schema\/logo\/image\/","url":"https:\/\/www.kirkonulkomaanapu.fi\/wp-content\/uploads\/2026\/02\/Kirkon-ulkomaanapu-logo-1.png","contentUrl":"https:\/\/www.kirkonulkomaanapu.fi\/wp-content\/uploads\/2026\/02\/Kirkon-ulkomaanapu-logo-1.png","width":225,"height":225,"caption":"Kirkon Ulkomaanapu"},"image":{"@id":"https:\/\/www.kirkonulkomaanapu.fi\/#\/schema\/logo\/image\/"},"sameAs":["https:\/\/www.facebook.com\/Ulkomaanapu\/","https:\/\/www.youtube.com\/user\/kirkonulkomaanapu","https:\/\/instagram.com\/kirkon_ulkomaanapu\/","https:\/\/www.linkedin.com\/company\/finn-church-aid\/"]}]}},"_links":{"self":[{"href":"https:\/\/www.kirkonulkomaanapu.fi\/en\/wp-json\/wp\/v2\/pages\/6190","targetHints":{"allow":["GET"]}}],"collection":[{"href":"https:\/\/www.kirkonulkomaanapu.fi\/en\/wp-json\/wp\/v2\/pages"}],"about":[{"href":"https:\/\/www.kirkonulkomaanapu.fi\/en\/wp-json\/wp\/v2\/types\/page"}],"author":[{"embeddable":true,"href":"https:\/\/www.kirkonulkomaanapu.fi\/en\/wp-json\/wp\/v2\/users\/12"}],"replies":[{"embeddable":true,"href":"https:\/\/www.kirkonulkomaanapu.fi\/en\/wp-json\/wp\/v2\/comments?post=6190"}],"version-history":[{"count":3,"href":"https:\/\/www.kirkonulkomaanapu.fi\/en\/wp-json\/wp\/v2\/pages\/6190\/revisions"}],"predecessor-version":[{"id":73744,"href":"https:\/\/www.kirkonulkomaanapu.fi\/en\/wp-json\/wp\/v2\/pages\/6190\/revisions\/73744"}],"up":[{"embeddable":true,"href":"https:\/\/www.kirkonulkomaanapu.fi\/en\/wp-json\/wp\/v2\/pages\/2820"}],"wp:attachment":[{"href":"https:\/\/www.kirkonulkomaanapu.fi\/en\/wp-json\/wp\/v2\/media?parent=6190"}],"curies":[{"name":"wp","href":"https:\/\/api.w.org\/{rel}","templated":true}]}}