{"id":4672,"date":"2014-04-16T11:45:24","date_gmt":"2014-04-16T08:45:24","guid":{"rendered":"https:\/\/www.kirkonulkomaanapu.fi\/?page_id=4672"},"modified":"2026-03-31T13:49:55","modified_gmt":"2026-03-31T10:49:55","slug":"reconstruction","status":"publish","type":"page","link":"https:\/\/www.kirkonulkomaanapu.fi\/en\/work\/humanitarian-assistance\/reconstruction\/","title":{"rendered":"Reconstruction"},"content":{"rendered":"\n\n\n<div class=\"block-hero full-width id-block\" style=\"background-image: url('https:\/\/www.kirkonulkomaanapu.fi\/wp-content\/uploads\/2018\/11\/Mita_teemme_Humanitaarinen-apu_Jalleenrakennus-1.jpg');\">\n\n\t<div class=\"bg-mobile\" style=\"background-image: url('https:\/\/www.kirkonulkomaanapu.fi\/wp-content\/uploads\/2018\/11\/Mita_teemme_Humanitaarinen-apu_Jalleenrakennus-1-1024x287.jpg');\"><\/div>\n\n\t\n\t<div class=\"curtain\"><\/div>\n\n\t<div class=\"container\">\n\t\t<div class=\"row\">\n\t\t\t<div class=\"col\">\n\t\t\t\t<div class=\"inner-blocks entry-content\">\n\t\t\t\t\t\t\t\t\t\t\t\n<h1 class=\"is-style-brush\" ><span class=\"bg\">\n<span class=\"is-highlighted\">Re<\/span>construction\n<\/span><\/h1><h1 class=\"is-style-brush mobile\" ><span class=\"is-highlighted\"><span class=\"bg\">Re<\/span><\/span><span class=\"bg\">construction<\/span><\/h1>\n\n\n<p><\/p>\n\n\n\t\t\t\t\t\t\t\t\t<\/div>\n\t\t\t<\/div>\n\t\t<\/div>\n\t<\/div>\n<\/div>\n\n\n<div class=\"subpage-navigation id-block full-width\">\n    <div class=\"container-lg\">\n        <div class=\"row\">\n            <div class=\"col\">\n                <ul class=\"pages\">\n                                        <li class=\"page ancestor\">\n                        <a href=\"https:\/\/www.kirkonulkomaanapu.fi\/en\/work\/\">What we do<\/a>\n                    <\/li>\n                                        <li class=\"page ancestor\">\n                        <a href=\"https:\/\/www.kirkonulkomaanapu.fi\/en\/work\/humanitarian-assistance\/\">Humanitarian Assistance<\/a>\n                    <\/li>\n                    \n                                        <li class=\"page current\">\n                        <a href=\"https:\/\/www.kirkonulkomaanapu.fi\/en\/work\/humanitarian-assistance\/reconstruction\/\">Reconstruction<\/a>\n                    <\/li>\n                                    <\/ul>\n            <\/div>\n        <\/div>\n    <\/div>\n<\/div>\n\n\n\n\n\n\n<p class=\"lead is-style-ingress\">Rebuilding everyday life starts after a crisis. Those who have survived a catastrophe want to continue their lives as normally as possible. Fixing damages in familiar surroundings and returning to everyday routines helps emotional recovery.<\/p>\n\n\n\n<h2 class=\"wp-block-heading\">Back to school as soon as possible<\/h2>\n\n\n\n<p>Finn Church Aid finances the rebuilding of damaged homes, health care centers and especially schools. Going to school and all everyday routines help children to recover after a catastrophe. The continuation of school work is initially secured by the building of tent schools or temporary, light structured learning spaces. Later, the old school buildings are repaired or new permanent school buildings are built.<\/p>\n\n\n\n<p>The schools are built either in cooperation with local organisations or by commissioning them. In either case,&nbsp;local communities have a major role all the way from assessing the needs to the design and construction.<\/p>\n\n\n\n<h2 class=\"wp-block-heading\">Rebuilding supports local industries<\/h2>\n\n\n\n<p>Rebuilding helps local industries to recover.&nbsp;FCA hires local building companies or professionals, obtains building materials on site and&nbsp;employs community members through the Cash for Work \u2013principle.<\/p>\n\n\n\n<p>Together with other industries in the field,&nbsp;FCA develops building methods and school models that are easily and quickly built, may be used for different purposes&nbsp;and&nbsp;allow for&nbsp;the use of local materials.<\/p>\n\n\n\n<h2 class=\"wp-block-heading\">Sustainable building<\/h2>\n\n\n\n<p>The building decisions are based on international humanitarian standards and guidelines, as well as local regulations. The decisions take into consideration:<\/p>\n\n\n\n<ul class=\"wp-block-list\">\n<li>The well-being of the users.<\/li>\n\n\n\n<li>Accessibility, i.e. evenhandedness and objectivity.<\/li>\n\n\n\n<li>Risk management both in construction and in activities.<\/li>\n\n\n\n<li>Ecology and long-term usage.<\/li>\n<\/ul>\n\n\n\n<p>For example, the frame of a temporary school building can be so durable, that it can later be&nbsp;used in framing a permanent building.<\/p>\n\n\n\n<h2 class=\"wp-block-heading\">Cooperation with other organisations<\/h2>\n\n\n\n<p>The work is being coordinated within the International ACT Alliance and in different networks worldwide. It is important to coordinate&nbsp;rebuilding in a target country after a crisis, which is why we participate in&nbsp;local meetings coordinating the work of&nbsp;aid organisations.<\/p>\n\n\n\n<p>The solutions that have been proven to work best will not be kept from others, but instead are shared with other organisations through media and international forums.<\/p>\n","protected":false},"excerpt":{"rendered":"<p>Rebuilding everyday life starts after a crisis. Those who have survived a catastrophe want to continue their lives as normally as possible. Fixing damages in familiar surroundings and returning to everyday routines helps emotional recovery. Back to school as soon as possible Finn Church Aid finances the rebuilding of damaged homes, health care centers and [&hellip;]<\/p>\n","protected":false},"author":137,"featured_media":91010,"parent":115885,"menu_order":0,"comment_status":"closed","ping_status":"closed","template":"","meta":{"_acf_changed":false,"_relevanssi_hide_post":"","_relevanssi_hide_content":"","_relevanssi_pin_for_all":"","_relevanssi_pin_keywords":"","_relevanssi_unpin_keywords":"","_relevanssi_related_keywords":"","_relevanssi_related_include_ids":"","_relevanssi_related_exclude_ids":"","_relevanssi_related_no_append":"","_relevanssi_related_not_related":"","_relevanssi_related_posts":"86052,86631,95438,64869,71863,78904","_relevanssi_noindex_reason":"","_improvement_type_select":"improve_an_existing","_thumb_yes_seoaic":false,"_frame_yes_seoaic":false,"seoaic_generate_description":"","seoaic_improve_instructions_prompt":"","seoaic_rollback_content_improvement":"","seoaic_idea_thumbnail_generator":"","thumbnail_generated":false,"thumbnail_generate_prompt":"","seoaic_article_description":"","footnotes":""},"class_list":["post-4672","page","type-page","status-publish","has-post-thumbnail","hentry"],"acf":[],"yoast_head":"<!-- This site is optimized with the Yoast SEO plugin v26.9 - https:\/\/yoast.com\/product\/yoast-seo-wordpress\/ -->\n<title>Reconstruction - FCA Finn Church Aid<\/title>\n<meta name=\"robots\" content=\"index, follow, max-snippet:-1, max-image-preview:large, max-video-preview:-1\" \/>\n<link rel=\"canonical\" href=\"https:\/\/www.kirkonulkomaanapu.fi\/en\/work\/humanitarian-assistance\/reconstruction\/\" \/>\n<meta property=\"og:locale\" content=\"en_US\" \/>\n<meta property=\"og:type\" content=\"article\" \/>\n<meta property=\"og:title\" content=\"Reconstruction - FCA Finn Church Aid\" \/>\n<meta property=\"og:description\" content=\"Rebuilding everyday life starts after a crisis. Those who have survived a catastrophe want to continue their lives as normally as possible. Fixing damages in familiar surroundings and returning to everyday routines helps emotional recovery. Back to school as soon as possible Finn Church Aid finances the rebuilding of damaged homes, health care centers and [&hellip;]\" \/>\n<meta property=\"og:url\" content=\"https:\/\/www.kirkonulkomaanapu.fi\/en\/work\/humanitarian-assistance\/reconstruction\/\" \/>\n<meta property=\"og:site_name\" content=\"FCA Finn Church Aid\" \/>\n<meta property=\"article:publisher\" content=\"https:\/\/www.facebook.com\/Ulkomaanapu\/\" \/>\n<meta property=\"article:modified_time\" content=\"2026-03-31T10:49:55+00:00\" \/>\n<meta property=\"og:image\" content=\"https:\/\/www.kirkonulkomaanapu.fi\/wp-content\/uploads\/2018\/11\/Mita_teemme_Humanitaarinen-apu_Jalleenrakennus-1.jpg\" \/>\n\t<meta property=\"og:image:width\" content=\"1920\" \/>\n\t<meta property=\"og:image:height\" content=\"539\" \/>\n\t<meta property=\"og:image:type\" content=\"image\/jpeg\" \/>\n<meta name=\"twitter:label1\" content=\"Est. reading time\" \/>\n\t<meta name=\"twitter:data1\" content=\"3 minutes\" \/>\n<script type=\"application\/ld+json\" class=\"yoast-schema-graph\">{\"@context\":\"https:\/\/schema.org\",\"@graph\":[{\"@type\":\"WebPage\",\"@id\":\"https:\/\/www.kirkonulkomaanapu.fi\/en\/work\/humanitarian-assistance\/reconstruction\/\",\"url\":\"https:\/\/www.kirkonulkomaanapu.fi\/en\/work\/humanitarian-assistance\/reconstruction\/\",\"name\":\"Reconstruction - FCA Finn Church Aid\",\"isPartOf\":{\"@id\":\"https:\/\/www.kirkonulkomaanapu.fi\/#website\"},\"primaryImageOfPage\":{\"@id\":\"https:\/\/www.kirkonulkomaanapu.fi\/en\/work\/humanitarian-assistance\/reconstruction\/#primaryimage\"},\"image\":{\"@id\":\"https:\/\/www.kirkonulkomaanapu.fi\/en\/work\/humanitarian-assistance\/reconstruction\/#primaryimage\"},\"thumbnailUrl\":\"https:\/\/www.kirkonulkomaanapu.fi\/wp-content\/uploads\/2018\/11\/Mita_teemme_Humanitaarinen-apu_Jalleenrakennus-1.jpg\",\"datePublished\":\"2014-04-16T08:45:24+00:00\",\"dateModified\":\"2026-03-31T10:49:55+00:00\",\"breadcrumb\":{\"@id\":\"https:\/\/www.kirkonulkomaanapu.fi\/en\/work\/humanitarian-assistance\/reconstruction\/#breadcrumb\"},\"inLanguage\":\"en-US\",\"potentialAction\":[{\"@type\":\"ReadAction\",\"target\":[\"https:\/\/www.kirkonulkomaanapu.fi\/en\/work\/humanitarian-assistance\/reconstruction\/\"]}]},{\"@type\":\"ImageObject\",\"inLanguage\":\"en-US\",\"@id\":\"https:\/\/www.kirkonulkomaanapu.fi\/en\/work\/humanitarian-assistance\/reconstruction\/#primaryimage\",\"url\":\"https:\/\/www.kirkonulkomaanapu.fi\/wp-content\/uploads\/2018\/11\/Mita_teemme_Humanitaarinen-apu_Jalleenrakennus-1.jpg\",\"contentUrl\":\"https:\/\/www.kirkonulkomaanapu.fi\/wp-content\/uploads\/2018\/11\/Mita_teemme_Humanitaarinen-apu_Jalleenrakennus-1.jpg\",\"width\":1920,\"height\":539,\"caption\":\"Finn Church Aid is the second biggest provider of humanitarian aid in Finland\"},{\"@type\":\"BreadcrumbList\",\"@id\":\"https:\/\/www.kirkonulkomaanapu.fi\/en\/work\/humanitarian-assistance\/reconstruction\/#breadcrumb\",\"itemListElement\":[{\"@type\":\"ListItem\",\"position\":1,\"name\":\"Home\",\"item\":\"https:\/\/www.kirkonulkomaanapu.fi\/en\/\"},{\"@type\":\"ListItem\",\"position\":2,\"name\":\"What we do\",\"item\":\"https:\/\/www.kirkonulkomaanapu.fi\/en\/work\/\"},{\"@type\":\"ListItem\",\"position\":3,\"name\":\"Humanitarian Assistance\",\"item\":\"https:\/\/www.kirkonulkomaanapu.fi\/en\/work\/humanitarian-assistance\/\"},{\"@type\":\"ListItem\",\"position\":4,\"name\":\"Reconstruction\"}]},{\"@type\":\"WebSite\",\"@id\":\"https:\/\/www.kirkonulkomaanapu.fi\/#website\",\"url\":\"https:\/\/www.kirkonulkomaanapu.fi\/\",\"name\":\"Kirkon Ulkomaanapu\",\"description\":\"Suomen suurin kehitysyhteisty\u00f6j\u00e4rjest\u00f6\",\"publisher\":{\"@id\":\"https:\/\/www.kirkonulkomaanapu.fi\/#organization\"},\"alternateName\":\"KUA\",\"potentialAction\":[{\"@type\":\"SearchAction\",\"target\":{\"@type\":\"EntryPoint\",\"urlTemplate\":\"https:\/\/www.kirkonulkomaanapu.fi\/?s={search_term_string}\"},\"query-input\":{\"@type\":\"PropertyValueSpecification\",\"valueRequired\":true,\"valueName\":\"search_term_string\"}}],\"inLanguage\":\"en-US\"},{\"@type\":\"Organization\",\"@id\":\"https:\/\/www.kirkonulkomaanapu.fi\/#organization\",\"name\":\"Kirkon Ulkomaanapu\",\"alternateName\":\"KUA\",\"url\":\"https:\/\/www.kirkonulkomaanapu.fi\/\",\"logo\":{\"@type\":\"ImageObject\",\"inLanguage\":\"en-US\",\"@id\":\"https:\/\/www.kirkonulkomaanapu.fi\/#\/schema\/logo\/image\/\",\"url\":\"https:\/\/www.kirkonulkomaanapu.fi\/wp-content\/uploads\/2026\/02\/Kirkon-ulkomaanapu-logo-1.png\",\"contentUrl\":\"https:\/\/www.kirkonulkomaanapu.fi\/wp-content\/uploads\/2026\/02\/Kirkon-ulkomaanapu-logo-1.png\",\"width\":225,\"height\":225,\"caption\":\"Kirkon Ulkomaanapu\"},\"image\":{\"@id\":\"https:\/\/www.kirkonulkomaanapu.fi\/#\/schema\/logo\/image\/\"},\"sameAs\":[\"https:\/\/www.facebook.com\/Ulkomaanapu\/\",\"https:\/\/www.youtube.com\/user\/kirkonulkomaanapu\",\"https:\/\/instagram.com\/kirkon_ulkomaanapu\/\",\"https:\/\/www.linkedin.com\/company\/finn-church-aid\/\"]}]}<\/script>\n<!-- \/ Yoast SEO plugin. -->","yoast_head_json":{"title":"Reconstruction - FCA Finn Church Aid","robots":{"index":"index","follow":"follow","max-snippet":"max-snippet:-1","max-image-preview":"max-image-preview:large","max-video-preview":"max-video-preview:-1"},"canonical":"https:\/\/www.kirkonulkomaanapu.fi\/en\/work\/humanitarian-assistance\/reconstruction\/","og_locale":"en_US","og_type":"article","og_title":"Reconstruction - FCA Finn Church Aid","og_description":"Rebuilding everyday life starts after a crisis. Those who have survived a catastrophe want to continue their lives as normally as possible. Fixing damages in familiar surroundings and returning to everyday routines helps emotional recovery. Back to school as soon as possible Finn Church Aid finances the rebuilding of damaged homes, health care centers and [&hellip;]","og_url":"https:\/\/www.kirkonulkomaanapu.fi\/en\/work\/humanitarian-assistance\/reconstruction\/","og_site_name":"FCA Finn Church Aid","article_publisher":"https:\/\/www.facebook.com\/Ulkomaanapu\/","article_modified_time":"2026-03-31T10:49:55+00:00","og_image":[{"width":1920,"height":539,"url":"https:\/\/www.kirkonulkomaanapu.fi\/wp-content\/uploads\/2018\/11\/Mita_teemme_Humanitaarinen-apu_Jalleenrakennus-1.jpg","type":"image\/jpeg"}],"twitter_misc":{"Est. reading time":"3 minutes"},"schema":{"@context":"https:\/\/schema.org","@graph":[{"@type":"WebPage","@id":"https:\/\/www.kirkonulkomaanapu.fi\/en\/work\/humanitarian-assistance\/reconstruction\/","url":"https:\/\/www.kirkonulkomaanapu.fi\/en\/work\/humanitarian-assistance\/reconstruction\/","name":"Reconstruction - FCA Finn Church Aid","isPartOf":{"@id":"https:\/\/www.kirkonulkomaanapu.fi\/#website"},"primaryImageOfPage":{"@id":"https:\/\/www.kirkonulkomaanapu.fi\/en\/work\/humanitarian-assistance\/reconstruction\/#primaryimage"},"image":{"@id":"https:\/\/www.kirkonulkomaanapu.fi\/en\/work\/humanitarian-assistance\/reconstruction\/#primaryimage"},"thumbnailUrl":"https:\/\/www.kirkonulkomaanapu.fi\/wp-content\/uploads\/2018\/11\/Mita_teemme_Humanitaarinen-apu_Jalleenrakennus-1.jpg","datePublished":"2014-04-16T08:45:24+00:00","dateModified":"2026-03-31T10:49:55+00:00","breadcrumb":{"@id":"https:\/\/www.kirkonulkomaanapu.fi\/en\/work\/humanitarian-assistance\/reconstruction\/#breadcrumb"},"inLanguage":"en-US","potentialAction":[{"@type":"ReadAction","target":["https:\/\/www.kirkonulkomaanapu.fi\/en\/work\/humanitarian-assistance\/reconstruction\/"]}]},{"@type":"ImageObject","inLanguage":"en-US","@id":"https:\/\/www.kirkonulkomaanapu.fi\/en\/work\/humanitarian-assistance\/reconstruction\/#primaryimage","url":"https:\/\/www.kirkonulkomaanapu.fi\/wp-content\/uploads\/2018\/11\/Mita_teemme_Humanitaarinen-apu_Jalleenrakennus-1.jpg","contentUrl":"https:\/\/www.kirkonulkomaanapu.fi\/wp-content\/uploads\/2018\/11\/Mita_teemme_Humanitaarinen-apu_Jalleenrakennus-1.jpg","width":1920,"height":539,"caption":"Finn Church Aid is the second biggest provider of humanitarian aid in Finland"},{"@type":"BreadcrumbList","@id":"https:\/\/www.kirkonulkomaanapu.fi\/en\/work\/humanitarian-assistance\/reconstruction\/#breadcrumb","itemListElement":[{"@type":"ListItem","position":1,"name":"Home","item":"https:\/\/www.kirkonulkomaanapu.fi\/en\/"},{"@type":"ListItem","position":2,"name":"What we do","item":"https:\/\/www.kirkonulkomaanapu.fi\/en\/work\/"},{"@type":"ListItem","position":3,"name":"Humanitarian Assistance","item":"https:\/\/www.kirkonulkomaanapu.fi\/en\/work\/humanitarian-assistance\/"},{"@type":"ListItem","position":4,"name":"Reconstruction"}]},{"@type":"WebSite","@id":"https:\/\/www.kirkonulkomaanapu.fi\/#website","url":"https:\/\/www.kirkonulkomaanapu.fi\/","name":"Kirkon Ulkomaanapu","description":"Suomen suurin kehitysyhteisty\u00f6j\u00e4rjest\u00f6","publisher":{"@id":"https:\/\/www.kirkonulkomaanapu.fi\/#organization"},"alternateName":"KUA","potentialAction":[{"@type":"SearchAction","target":{"@type":"EntryPoint","urlTemplate":"https:\/\/www.kirkonulkomaanapu.fi\/?s={search_term_string}"},"query-input":{"@type":"PropertyValueSpecification","valueRequired":true,"valueName":"search_term_string"}}],"inLanguage":"en-US"},{"@type":"Organization","@id":"https:\/\/www.kirkonulkomaanapu.fi\/#organization","name":"Kirkon Ulkomaanapu","alternateName":"KUA","url":"https:\/\/www.kirkonulkomaanapu.fi\/","logo":{"@type":"ImageObject","inLanguage":"en-US","@id":"https:\/\/www.kirkonulkomaanapu.fi\/#\/schema\/logo\/image\/","url":"https:\/\/www.kirkonulkomaanapu.fi\/wp-content\/uploads\/2026\/02\/Kirkon-ulkomaanapu-logo-1.png","contentUrl":"https:\/\/www.kirkonulkomaanapu.fi\/wp-content\/uploads\/2026\/02\/Kirkon-ulkomaanapu-logo-1.png","width":225,"height":225,"caption":"Kirkon Ulkomaanapu"},"image":{"@id":"https:\/\/www.kirkonulkomaanapu.fi\/#\/schema\/logo\/image\/"},"sameAs":["https:\/\/www.facebook.com\/Ulkomaanapu\/","https:\/\/www.youtube.com\/user\/kirkonulkomaanapu","https:\/\/instagram.com\/kirkon_ulkomaanapu\/","https:\/\/www.linkedin.com\/company\/finn-church-aid\/"]}]}},"_links":{"self":[{"href":"https:\/\/www.kirkonulkomaanapu.fi\/en\/wp-json\/wp\/v2\/pages\/4672","targetHints":{"allow":["GET"]}}],"collection":[{"href":"https:\/\/www.kirkonulkomaanapu.fi\/en\/wp-json\/wp\/v2\/pages"}],"about":[{"href":"https:\/\/www.kirkonulkomaanapu.fi\/en\/wp-json\/wp\/v2\/types\/page"}],"author":[{"embeddable":true,"href":"https:\/\/www.kirkonulkomaanapu.fi\/en\/wp-json\/wp\/v2\/users\/137"}],"replies":[{"embeddable":true,"href":"https:\/\/www.kirkonulkomaanapu.fi\/en\/wp-json\/wp\/v2\/comments?post=4672"}],"version-history":[{"count":3,"href":"https:\/\/www.kirkonulkomaanapu.fi\/en\/wp-json\/wp\/v2\/pages\/4672\/revisions"}],"predecessor-version":[{"id":160713,"href":"https:\/\/www.kirkonulkomaanapu.fi\/en\/wp-json\/wp\/v2\/pages\/4672\/revisions\/160713"}],"up":[{"embeddable":true,"href":"https:\/\/www.kirkonulkomaanapu.fi\/en\/wp-json\/wp\/v2\/pages\/115885"}],"wp:featuredmedia":[{"embeddable":true,"href":"https:\/\/www.kirkonulkomaanapu.fi\/en\/wp-json\/wp\/v2\/media\/91010"}],"wp:attachment":[{"href":"https:\/\/www.kirkonulkomaanapu.fi\/en\/wp-json\/wp\/v2\/media?parent=4672"}],"curies":[{"name":"wp","href":"https:\/\/api.w.org\/{rel}","templated":true}]}}