{"id":3225,"date":"2014-04-07T09:03:12","date_gmt":"2014-04-07T06:03:12","guid":{"rendered":"https:\/\/www.kirkonulkomaanapu.fi\/?page_id=3225"},"modified":"2026-04-01T14:25:21","modified_gmt":"2026-04-01T11:25:21","slug":"careers","status":"publish","type":"page","link":"https:\/\/www.kirkonulkomaanapu.fi\/en\/us\/careers\/","title":{"rendered":"Careers"},"content":{"rendered":"\n\n\n<div class=\"block-hero full-width id-block\" style=\"background-image: url('https:\/\/www.kirkonulkomaanapu.fi\/wp-content\/uploads\/2021\/05\/Tyopaikat-scaled.jpg');\">\n\n\t<div class=\"bg-mobile\" style=\"background-image: url('https:\/\/www.kirkonulkomaanapu.fi\/wp-content\/uploads\/2021\/05\/Tyopaikat-1024x683.jpg');\"><\/div>\n\n\t\n\t<div class=\"curtain\"><\/div>\n\n\t<div class=\"container\">\n\t\t<div class=\"row\">\n\t\t\t<div class=\"col\">\n\t\t\t\t<div class=\"inner-blocks entry-content\">\n\t\t\t\t\t\t\t\t\t\t\t\n<h2 class=\"is-style-brush\" ><span class=\"bg\">\nCareers\n<\/span><\/h2><h2 class=\"is-style-brush mobile\" ><span class=\"bg\">Careers<\/span><\/h2>\n\n\n<p><\/p>\n\n\n\t\t\t\t\t\t\t\t\t<\/div>\n\t\t\t<\/div>\n\t\t<\/div>\n\t<\/div>\n<\/div>\n\n\n<div class=\"subpage-navigation id-block full-width\">\n    <div class=\"container-lg\">\n        <div class=\"row\">\n            <div class=\"col\">\n                <ul class=\"pages\">\n                                        <li class=\"page ancestor\">\n                        <a href=\"https:\/\/www.kirkonulkomaanapu.fi\/en\/us\/\">About us<\/a>\n                    <\/li>\n                    \n                                        <li class=\"page current\">\n                        <a href=\"https:\/\/www.kirkonulkomaanapu.fi\/en\/us\/careers\/\">Careers<\/a>\n                    <\/li>\n                                        <li class=\"page\">\n                        <a href=\"https:\/\/www.kirkonulkomaanapu.fi\/en\/us\/finances\/\">Finances<\/a>\n                    <\/li>\n                                        <li class=\"page\">\n                        <a href=\"https:\/\/www.kirkonulkomaanapu.fi\/en\/us\/history\/\">History<\/a>\n                    <\/li>\n                                        <li class=\"page\">\n                        <a href=\"https:\/\/www.kirkonulkomaanapu.fi\/en\/us\/our-values-mission-and-vision\/\">Our Values, Mission and Vision<\/a>\n                    <\/li>\n                                        <li class=\"page\">\n                        <a href=\"https:\/\/www.kirkonulkomaanapu.fi\/en\/us\/quality-responsibility\/\">Quality and Accountability<\/a>\n                    <\/li>\n                                    <\/ul>\n            <\/div>\n        <\/div>\n    <\/div>\n<\/div>\n\n\n\n\n\n\n<p>Finn Church Aid (FCA) is Finland\u2019s largest international aid organisation and a member of the global<a href=\"https:\/\/actalliance.org\/\"> ACT Alliance network<\/a> for Christian aid organisations. We work to guarantee the basic necessities in life to the world&#8217;s most vulnerable people and advocate for human dignity and justice.<\/p>\n\n\n\n<p>We are certified against the international <a href=\"https:\/\/corehumanitarianstandard.org\/\">Core Humanitarian Standard (CHS)<\/a> and committed to promoting the CHS principles in our work by applying the FCA Safeguarding Policy to all employee relationships. The policy consists of procedures and practices that protect the more vulnerable party, prevent abuse and intervene in case of any staff malpractice.<\/p>\n\n\n\n<p>As an employer, we systematically strive to develop the skills of our employees in various ways. Through constant development, we aim to improve the staff&#8217;s knowledge and transferable skills to work anywhere in the world. We encourage the people who have participated in training to share what they have learned with their colleagues in different internal channels. The best practices are used to develop activities and innovations. We aim to increase workplace well-being and ensure the flow of activities with good leadership and knowledge development.<\/p>\n\n\n\n<div class=\"wp-block-buttons is-layout-flex wp-block-buttons-is-layout-flex\">\n<div class=\"wp-block-button\"><a class=\"wp-block-button__link wp-element-button\" href=\"http:\/\/www.linkedin.com\/company\/finn-church-aid?trk=tyah&amp;trkInfo=tarId%3A1410289725227%2Ctas%3AFinn+church+aid%2Cidx%3A1-1-1\" target=\"_blank\" rel=\"noreferrer noopener\">Our LinkedIn page<\/a><\/div>\n<\/div>\n\n\n\n<h2 class=\"wp-block-heading\">Vacancies<\/h2>\n\n\n\n<p>We offer varied, independent and responsible tasks in an international environment. All our vacancies are announced online, and they are open to all applicants. This includes university internship positions and short-term employments. Annually, we recruit dozens of experts to interesting positions in our offices worldwide, and we are unfortunately unable to welcome any open applications.<\/p>\n\n\n\n<div class=\"wp-block-buttons is-layout-flex wp-block-buttons-is-layout-flex\">\n<div class=\"wp-block-button is-style-solid\"><a class=\"wp-block-button__link wp-element-button\" href=\"https:\/\/fca.rekrytointi.com\/paikat\/index.php?o=A_LOJ&amp;list=1&amp;lang=en\" target=\"_blank\" rel=\"noreferrer noopener\">Our recruitment portal<\/a><\/div>\n<\/div>\n\n\n\n<div class=\"wp-block-buttons is-layout-flex wp-block-buttons-is-layout-flex\">\n<div class=\"wp-block-button is-style-solid\"><a class=\"wp-block-button__link wp-element-button\" href=\"https:\/\/www.kirkonulkomaanapu.fi\/chief-financial-officer\/\">Chief Financial Officer<\/a><\/div>\n<\/div>\n\n\n\n<h3 class=\"wp-block-heading\">Summer jobs<\/h3>\n\n\n\n<p>Finn Church Aid does not offer summer internships.<\/p>\n\n\n\n<h3 class=\"wp-block-heading\">Vacancies at&nbsp;our sister organisations<\/h3>\n\n\n\n<p><a href=\"http:\/\/actalliance.org\/about\/vacancies\/\" target=\"_blank\" rel=\"noopener noreferrer\">ACT Alliance &#8211; Vacancies<\/a><\/p>\n\n\n\n<p><a href=\"http:\/\/www.lutheranworld.org\/content\/vacancies\" target=\"_blank\" rel=\"noopener noreferrer\">LWF &#8211; vacancies<\/a><\/p>\n\n\n\n<p><a href=\"https:\/\/www.kirkensnodhjelp.no\/en\/about-nca\/work-in-nca\/\" target=\"_blank\" rel=\"noreferrer noopener\">Kirkens N\u00f8dhjelp \/ Norwegian Church Aid&nbsp;<\/a><\/p>\n\n\n\n<p><a href=\"https:\/\/www.danchurchaid.org\/get-involved\/jobs\" target=\"_blank\" rel=\"noopener noreferrer\">DanChurchAid<\/a><\/p>\n","protected":false},"excerpt":{"rendered":"<p>Finn Church Aid (FCA) is Finland\u2019s largest international aid organisation and a member of the global ACT Alliance network for Christian aid organisations. We work to guarantee the basic necessities in life to the world&#8217;s most vulnerable people and advocate for human dignity and justice. We are certified against the international Core Humanitarian Standard (CHS) [&hellip;]<\/p>\n","protected":false},"author":137,"featured_media":0,"parent":116157,"menu_order":7,"comment_status":"closed","ping_status":"open","template":"","meta":{"_acf_changed":false,"_relevanssi_hide_post":"","_relevanssi_hide_content":"","_relevanssi_pin_for_all":"","_relevanssi_pin_keywords":"","_relevanssi_unpin_keywords":"","_relevanssi_related_keywords":"","_relevanssi_related_include_ids":"","_relevanssi_related_exclude_ids":"","_relevanssi_related_no_append":"","_relevanssi_related_not_related":"","_relevanssi_related_posts":"95438,86522,74948,91409,78904,71863","_relevanssi_noindex_reason":"","_improvement_type_select":"improve_an_existing","_thumb_yes_seoaic":false,"_frame_yes_seoaic":false,"seoaic_generate_description":"","seoaic_improve_instructions_prompt":"","seoaic_rollback_content_improvement":"","seoaic_idea_thumbnail_generator":"","thumbnail_generated":false,"thumbnail_generate_prompt":"","seoaic_article_description":"","footnotes":""},"class_list":["post-3225","page","type-page","status-publish","hentry"],"acf":[],"yoast_head":"<!-- This site is optimized with the Yoast SEO plugin v26.9 - https:\/\/yoast.com\/product\/yoast-seo-wordpress\/ -->\n<title>Careers at Finn Church Aid, Finland&#039;s largest international aid organisation<\/title>\n<meta name=\"description\" content=\"Finn Church Aid&#039;s current vacancies are notified here. We employ close to two hundred experts in Helsinki and around the world.\" \/>\n<meta name=\"robots\" content=\"index, follow, max-snippet:-1, max-image-preview:large, max-video-preview:-1\" \/>\n<link rel=\"canonical\" href=\"https:\/\/www.kirkonulkomaanapu.fi\/en\/us\/careers\/\" \/>\n<meta property=\"og:locale\" content=\"en_US\" \/>\n<meta property=\"og:type\" content=\"article\" \/>\n<meta property=\"og:title\" content=\"Careers at Finn Church Aid, Finland&#039;s largest international aid organisation\" \/>\n<meta property=\"og:description\" content=\"Finn Church Aid&#039;s current vacancies are notified here. We employ close to two hundred experts in Helsinki and around the world.\" \/>\n<meta property=\"og:url\" content=\"https:\/\/www.kirkonulkomaanapu.fi\/en\/us\/careers\/\" \/>\n<meta property=\"og:site_name\" content=\"FCA Finn Church Aid\" \/>\n<meta property=\"article:publisher\" content=\"https:\/\/www.facebook.com\/Ulkomaanapu\/\" \/>\n<meta property=\"article:modified_time\" content=\"2026-04-01T11:25:21+00:00\" \/>\n<meta property=\"og:image\" content=\"https:\/\/www.kirkonulkomaanapu.fi\/wp-content\/uploads\/2026\/02\/Kirkon-ulkomaanapu-logo.png\" \/>\n\t<meta property=\"og:image:width\" content=\"225\" \/>\n\t<meta property=\"og:image:height\" content=\"225\" \/>\n\t<meta property=\"og:image:type\" content=\"image\/png\" \/>\n<meta name=\"twitter:label1\" content=\"Est. reading time\" \/>\n\t<meta name=\"twitter:data1\" content=\"2 minutes\" \/>\n<script type=\"application\/ld+json\" class=\"yoast-schema-graph\">{\"@context\":\"https:\/\/schema.org\",\"@graph\":[{\"@type\":\"WebPage\",\"@id\":\"https:\/\/www.kirkonulkomaanapu.fi\/en\/us\/careers\/\",\"url\":\"https:\/\/www.kirkonulkomaanapu.fi\/en\/us\/careers\/\",\"name\":\"Careers at Finn Church Aid, Finland's largest international aid organisation\",\"isPartOf\":{\"@id\":\"https:\/\/www.kirkonulkomaanapu.fi\/#website\"},\"datePublished\":\"2014-04-07T06:03:12+00:00\",\"dateModified\":\"2026-04-01T11:25:21+00:00\",\"description\":\"Finn Church Aid's current vacancies are notified here. We employ close to two hundred experts in Helsinki and around the world.\",\"breadcrumb\":{\"@id\":\"https:\/\/www.kirkonulkomaanapu.fi\/en\/us\/careers\/#breadcrumb\"},\"inLanguage\":\"en-US\",\"potentialAction\":[{\"@type\":\"ReadAction\",\"target\":[\"https:\/\/www.kirkonulkomaanapu.fi\/en\/us\/careers\/\"]}]},{\"@type\":\"BreadcrumbList\",\"@id\":\"https:\/\/www.kirkonulkomaanapu.fi\/en\/us\/careers\/#breadcrumb\",\"itemListElement\":[{\"@type\":\"ListItem\",\"position\":1,\"name\":\"Home\",\"item\":\"https:\/\/www.kirkonulkomaanapu.fi\/en\/\"},{\"@type\":\"ListItem\",\"position\":2,\"name\":\"About us\",\"item\":\"https:\/\/www.kirkonulkomaanapu.fi\/en\/us\/\"},{\"@type\":\"ListItem\",\"position\":3,\"name\":\"Careers\"}]},{\"@type\":\"WebSite\",\"@id\":\"https:\/\/www.kirkonulkomaanapu.fi\/#website\",\"url\":\"https:\/\/www.kirkonulkomaanapu.fi\/\",\"name\":\"Kirkon Ulkomaanapu\",\"description\":\"Suomen suurin kehitysyhteisty\u00f6j\u00e4rjest\u00f6\",\"publisher\":{\"@id\":\"https:\/\/www.kirkonulkomaanapu.fi\/#organization\"},\"alternateName\":\"KUA\",\"potentialAction\":[{\"@type\":\"SearchAction\",\"target\":{\"@type\":\"EntryPoint\",\"urlTemplate\":\"https:\/\/www.kirkonulkomaanapu.fi\/?s={search_term_string}\"},\"query-input\":{\"@type\":\"PropertyValueSpecification\",\"valueRequired\":true,\"valueName\":\"search_term_string\"}}],\"inLanguage\":\"en-US\"},{\"@type\":\"Organization\",\"@id\":\"https:\/\/www.kirkonulkomaanapu.fi\/#organization\",\"name\":\"Kirkon Ulkomaanapu\",\"alternateName\":\"KUA\",\"url\":\"https:\/\/www.kirkonulkomaanapu.fi\/\",\"logo\":{\"@type\":\"ImageObject\",\"inLanguage\":\"en-US\",\"@id\":\"https:\/\/www.kirkonulkomaanapu.fi\/#\/schema\/logo\/image\/\",\"url\":\"https:\/\/www.kirkonulkomaanapu.fi\/wp-content\/uploads\/2026\/02\/Kirkon-ulkomaanapu-logo-1.png\",\"contentUrl\":\"https:\/\/www.kirkonulkomaanapu.fi\/wp-content\/uploads\/2026\/02\/Kirkon-ulkomaanapu-logo-1.png\",\"width\":225,\"height\":225,\"caption\":\"Kirkon Ulkomaanapu\"},\"image\":{\"@id\":\"https:\/\/www.kirkonulkomaanapu.fi\/#\/schema\/logo\/image\/\"},\"sameAs\":[\"https:\/\/www.facebook.com\/Ulkomaanapu\/\",\"https:\/\/www.youtube.com\/user\/kirkonulkomaanapu\",\"https:\/\/instagram.com\/kirkon_ulkomaanapu\/\",\"https:\/\/www.linkedin.com\/company\/finn-church-aid\/\"]}]}<\/script>\n<!-- \/ Yoast SEO plugin. -->","yoast_head_json":{"title":"Careers at Finn Church Aid, Finland's largest international aid organisation","description":"Finn Church Aid's current vacancies are notified here. We employ close to two hundred experts in Helsinki and around the world.","robots":{"index":"index","follow":"follow","max-snippet":"max-snippet:-1","max-image-preview":"max-image-preview:large","max-video-preview":"max-video-preview:-1"},"canonical":"https:\/\/www.kirkonulkomaanapu.fi\/en\/us\/careers\/","og_locale":"en_US","og_type":"article","og_title":"Careers at Finn Church Aid, Finland's largest international aid organisation","og_description":"Finn Church Aid's current vacancies are notified here. We employ close to two hundred experts in Helsinki and around the world.","og_url":"https:\/\/www.kirkonulkomaanapu.fi\/en\/us\/careers\/","og_site_name":"FCA Finn Church Aid","article_publisher":"https:\/\/www.facebook.com\/Ulkomaanapu\/","article_modified_time":"2026-04-01T11:25:21+00:00","og_image":[{"width":225,"height":225,"url":"https:\/\/www.kirkonulkomaanapu.fi\/wp-content\/uploads\/2026\/02\/Kirkon-ulkomaanapu-logo.png","type":"image\/png"}],"twitter_misc":{"Est. reading time":"2 minutes"},"schema":{"@context":"https:\/\/schema.org","@graph":[{"@type":"WebPage","@id":"https:\/\/www.kirkonulkomaanapu.fi\/en\/us\/careers\/","url":"https:\/\/www.kirkonulkomaanapu.fi\/en\/us\/careers\/","name":"Careers at Finn Church Aid, Finland's largest international aid organisation","isPartOf":{"@id":"https:\/\/www.kirkonulkomaanapu.fi\/#website"},"datePublished":"2014-04-07T06:03:12+00:00","dateModified":"2026-04-01T11:25:21+00:00","description":"Finn Church Aid's current vacancies are notified here. We employ close to two hundred experts in Helsinki and around the world.","breadcrumb":{"@id":"https:\/\/www.kirkonulkomaanapu.fi\/en\/us\/careers\/#breadcrumb"},"inLanguage":"en-US","potentialAction":[{"@type":"ReadAction","target":["https:\/\/www.kirkonulkomaanapu.fi\/en\/us\/careers\/"]}]},{"@type":"BreadcrumbList","@id":"https:\/\/www.kirkonulkomaanapu.fi\/en\/us\/careers\/#breadcrumb","itemListElement":[{"@type":"ListItem","position":1,"name":"Home","item":"https:\/\/www.kirkonulkomaanapu.fi\/en\/"},{"@type":"ListItem","position":2,"name":"About us","item":"https:\/\/www.kirkonulkomaanapu.fi\/en\/us\/"},{"@type":"ListItem","position":3,"name":"Careers"}]},{"@type":"WebSite","@id":"https:\/\/www.kirkonulkomaanapu.fi\/#website","url":"https:\/\/www.kirkonulkomaanapu.fi\/","name":"Kirkon Ulkomaanapu","description":"Suomen suurin kehitysyhteisty\u00f6j\u00e4rjest\u00f6","publisher":{"@id":"https:\/\/www.kirkonulkomaanapu.fi\/#organization"},"alternateName":"KUA","potentialAction":[{"@type":"SearchAction","target":{"@type":"EntryPoint","urlTemplate":"https:\/\/www.kirkonulkomaanapu.fi\/?s={search_term_string}"},"query-input":{"@type":"PropertyValueSpecification","valueRequired":true,"valueName":"search_term_string"}}],"inLanguage":"en-US"},{"@type":"Organization","@id":"https:\/\/www.kirkonulkomaanapu.fi\/#organization","name":"Kirkon Ulkomaanapu","alternateName":"KUA","url":"https:\/\/www.kirkonulkomaanapu.fi\/","logo":{"@type":"ImageObject","inLanguage":"en-US","@id":"https:\/\/www.kirkonulkomaanapu.fi\/#\/schema\/logo\/image\/","url":"https:\/\/www.kirkonulkomaanapu.fi\/wp-content\/uploads\/2026\/02\/Kirkon-ulkomaanapu-logo-1.png","contentUrl":"https:\/\/www.kirkonulkomaanapu.fi\/wp-content\/uploads\/2026\/02\/Kirkon-ulkomaanapu-logo-1.png","width":225,"height":225,"caption":"Kirkon Ulkomaanapu"},"image":{"@id":"https:\/\/www.kirkonulkomaanapu.fi\/#\/schema\/logo\/image\/"},"sameAs":["https:\/\/www.facebook.com\/Ulkomaanapu\/","https:\/\/www.youtube.com\/user\/kirkonulkomaanapu","https:\/\/instagram.com\/kirkon_ulkomaanapu\/","https:\/\/www.linkedin.com\/company\/finn-church-aid\/"]}]}},"_links":{"self":[{"href":"https:\/\/www.kirkonulkomaanapu.fi\/en\/wp-json\/wp\/v2\/pages\/3225","targetHints":{"allow":["GET"]}}],"collection":[{"href":"https:\/\/www.kirkonulkomaanapu.fi\/en\/wp-json\/wp\/v2\/pages"}],"about":[{"href":"https:\/\/www.kirkonulkomaanapu.fi\/en\/wp-json\/wp\/v2\/types\/page"}],"author":[{"embeddable":true,"href":"https:\/\/www.kirkonulkomaanapu.fi\/en\/wp-json\/wp\/v2\/users\/137"}],"replies":[{"embeddable":true,"href":"https:\/\/www.kirkonulkomaanapu.fi\/en\/wp-json\/wp\/v2\/comments?post=3225"}],"version-history":[{"count":3,"href":"https:\/\/www.kirkonulkomaanapu.fi\/en\/wp-json\/wp\/v2\/pages\/3225\/revisions"}],"predecessor-version":[{"id":160744,"href":"https:\/\/www.kirkonulkomaanapu.fi\/en\/wp-json\/wp\/v2\/pages\/3225\/revisions\/160744"}],"up":[{"embeddable":true,"href":"https:\/\/www.kirkonulkomaanapu.fi\/en\/wp-json\/wp\/v2\/pages\/116157"}],"wp:attachment":[{"href":"https:\/\/www.kirkonulkomaanapu.fi\/en\/wp-json\/wp\/v2\/media?parent=3225"}],"curies":[{"name":"wp","href":"https:\/\/api.w.org\/{rel}","templated":true}]}}