{"id":3222,"date":"2014-04-07T09:02:37","date_gmt":"2014-04-07T06:02:37","guid":{"rendered":"https:\/\/www.kirkonulkomaanapu.fi\/?page_id=3222"},"modified":"2021-05-10T13:53:55","modified_gmt":"2021-05-10T10:53:55","slug":"quality-responsibility","status":"publish","type":"page","link":"https:\/\/www.kirkonulkomaanapu.fi\/en\/julkaisuarkisto\/us\/quality-responsibility\/","title":{"rendered":"Quality and Accountability"},"content":{"rendered":"<p class=\"lead\">Quality and accountability\u00a0are key\u00a0principles in our work.<\/p>\n<p>Our work is based on skilled personnel,\u00a0good knowledge of the operational environment, planning that utilises versatile expertise, regular follow-up and evaluation, and careful risk management.\u00a0We are guided by international and internal codes and standards on quality, accountability and effectiveness.<\/p>\n<h3>Guiding principles and standards<\/h3>\n<ul>\n<li>Our work is guided by a human rights-based approach, gender equality, conflict sensitivity, as well as environmental and climate sensitivity.<\/li>\n<li>FCA has zero tolerance on <a href=\"https:\/\/finnchurchaid.sharepoint.com\/about-us\/quality-and-accountability\/Documents\/Anti-Fraud%20and%20Corruption%20policy%20and%20procedures.pdf\" target=\"_blank\" rel=\"noopener noreferrer\">fraud and corruption<\/a>, <a href=\"https:\/\/finnchurchaid.sharepoint.com\/about-us\/quality-and-accountability\/Documents\/FCA_Policy_Preventing_Sexual_Exploitation_2009.pdf\" target=\"_blank\" rel=\"noopener noreferrer\">sexual exploitation and abuse <\/a>as well as all sort of abuse of power.<\/li>\n<li>We use the international Humanitarian Charter and Minimum Standard in Humanitarian Response (<a href=\"http:\/\/www.sphereproject.org\/\" target=\"_blank\" rel=\"noopener noreferrer\">Sphere Standards<\/a>) as the foundation of quality assurance in our humanitarian response.<\/li>\n<li>All FCA\u00a0staff sign\u00a0a <a href=\"https:\/\/finnchurchaid.sharepoint.com\/about-us\/quality-and-accountability\/Documents\/FCA_Code_of_Conduct_10102017_ENG.pdf\" target=\"_blank\" rel=\"noopener noreferrer\">Code of Conduct<\/a>, where she\/he commits in acting in an accountable and ethical manner, and respecting gender equality and human rights.<\/li>\n<li>To ensure the best intrest of child in all operations, FCA implements a <a href=\"https:\/\/finnchurchaid.sharepoint.com\/about-us\/quality-and-accountability\/Documents\/FCA%20Child%20Safeguarding%20Policy%2010102017%20ENG.pdf\" target=\"_blank\" rel=\"noopener noreferrer\">Child Safeguarding Policy<\/a>.<\/li>\n<li>FCA is certified against the Core Humanitarian Standard (CHS) as the first organisation in Finland. We are a member of <a href=\"http:\/\/www.chsalliance.org\/\" target=\"_blank\" rel=\"noopener noreferrer\">CHS Alliance<\/a>.<\/li>\n<\/ul>\n<h3>Complaints handling<\/h3>\n<p>We aim at acting in a transparent and accountable way, and delivering high quality. If you think that we have not lived up to our commitments or you have witnessed misconduct from\u00a0our staff member, it is your right to <a href=\"https:\/\/www.kirkonulkomaanapu.fi\/en\/us\/quality-responsibility\/complaints\/\" target=\"_blank\" rel=\"noopener noreferrer\">make a complaint<\/a>.<\/p>\n<h3>Competence and a learning organisation<\/h3>\n<p>We execute our basic tasks together with our local partners who are\u00a0experts in their own environment. We select our partners with care, and support them in developing their operations and strengthening their competence, as needed. We learn together with our partners.<\/p>\n<p>In order for us to perform our work well, we need skilled employees. We invest in the continuous learning of our employees and our partners &#8211; in competence, professional skills and attitudes. Our target is to guarantee that our employees have healthy and safe working conditions and to support their abilities to work.<\/p>\n<h3>Planning of projects and programmes<\/h3>\n<p>We carefully assess\u00a0each operational environment, related risks, local resources and other factors affecting our work. We take into account other possible actors in the area, as well as their objectives, and aim to complement them in our operations. We bring added value in our thematic knowledge, experience from our programmes, and our connections to international and domestic networks.<\/p>\n<p>Together with our partners, we aim to ensure that local people and communities take part in planning, executing and evaluating projects that affect them.\u00a0Local responsibility and ownership are strengthened through participation,\u00a0which helps projects achieve more lasting results.<\/p>\n<h3>Follow-up and evaluation of projects and programmes<\/h3>\n<p>Together with our partners, we regularly monitor the progress of our programmes and projects. In addition to follow-ups, we carry out deeper programme and project evaluations at regular intervals, conducted by independent experts.<\/p>\n<p>Through follow-ups and evaluations, we gain information on whether our work is producing the desired results or not. This way, if changes are needed in order for us to achieve our goals, those changes can be made as early as possible. Through both positive and negative experiences, we learn to work better and more efficiently. Through our internal reporting and evaluation system, we distribute this information thus developing our entire organisation. Our central financers, such as the Ministry for Foreign Affairs of Finland, also monitor and evaluate our operations. See <a href=\"https:\/\/www.kirkonulkomaanapu.fi\/en\/evaluation-reports\/\">summaries of evaluation reports<\/a>.<\/p>\n<h3>Procurement<\/h3>\n<p>We aim to strengthen local expertise and livelihoods with our operations. This also promotes the productivity and sustainability of our work. Particularly following disasters, it is important that local livelihoods recover quickly and people are guaranteed a normal subsistence.<\/p>\n<p>We promote these targets by making as many of the required procurements as possible from local providers.<\/p>\n<p>Our employees and partners have received precise instructions on how to invite tenders and execute procurements.<\/p>\n<h3>Good governance<\/h3>\n<p>As an organisation, we operate according to good governance and accounting practices.<\/p>\n","protected":false},"excerpt":{"rendered":"<p>Quality and accountability\u00a0are key\u00a0principles in our work. Our work is based on skilled personnel,\u00a0good knowledge of the operational environment, planning that utilises versatile expertise, regular follow-up and evaluation, and careful risk management.\u00a0We are guided by international and internal codes and standards on quality, accountability and effectiveness. Guiding principles and standards Our work is guided by [&hellip;]<\/p>\n","protected":false},"author":137,"featured_media":0,"parent":2879,"menu_order":6,"comment_status":"closed","ping_status":"open","template":"page-templates\/yhteystiedot.php","meta":{"_acf_changed":false,"_relevanssi_hide_post":"","_relevanssi_hide_content":"","_relevanssi_pin_for_all":"","_relevanssi_pin_keywords":"","_relevanssi_unpin_keywords":"","_relevanssi_related_keywords":"","_relevanssi_related_include_ids":"","_relevanssi_related_exclude_ids":"","_relevanssi_related_no_append":"","_relevanssi_related_not_related":"","_relevanssi_related_posts":"","_relevanssi_noindex_reason":"","_improvement_type_select":"improve_an_existing","_thumb_yes_seoaic":false,"_frame_yes_seoaic":false,"seoaic_generate_description":"","seoaic_improve_instructions_prompt":"","seoaic_rollback_content_improvement":"","seoaic_idea_thumbnail_generator":"","thumbnail_generated":false,"thumbnail_generate_prompt":"","seoaic_article_description":"","footnotes":""},"class_list":["post-3222","page","type-page","status-publish","hentry"],"acf":[],"yoast_head":"<!-- This site is optimized with the Yoast SEO plugin v26.9 - https:\/\/yoast.com\/product\/yoast-seo-wordpress\/ -->\n<title>Quality and Accountability - FCA Finn Church Aid<\/title>\n<meta name=\"robots\" content=\"index, follow, max-snippet:-1, max-image-preview:large, max-video-preview:-1\" \/>\n<link rel=\"canonical\" href=\"https:\/\/www.fcakenya.co.ke\/julkaisuarkisto\/us\/quality-responsibility\/\" \/>\n<meta property=\"og:locale\" content=\"en_US\" \/>\n<meta property=\"og:type\" content=\"article\" \/>\n<meta property=\"og:title\" content=\"Quality and Accountability - FCA Finn Church Aid\" \/>\n<meta property=\"og:description\" content=\"Quality and accountability\u00a0are key\u00a0principles in our work. Our work is based on skilled personnel,\u00a0good knowledge of the operational environment, planning that utilises versatile expertise, regular follow-up and evaluation, and careful risk management.\u00a0We are guided by international and internal codes and standards on quality, accountability and effectiveness. Guiding principles and standards Our work is guided by [&hellip;]\" \/>\n<meta property=\"og:url\" content=\"https:\/\/www.fcakenya.co.ke\/julkaisuarkisto\/us\/quality-responsibility\/\" \/>\n<meta property=\"og:site_name\" content=\"FCA Finn Church Aid\" \/>\n<meta property=\"article:publisher\" content=\"https:\/\/www.facebook.com\/Ulkomaanapu\/\" \/>\n<meta property=\"article:modified_time\" content=\"2021-05-10T10:53:55+00:00\" \/>\n<meta property=\"og:image\" content=\"https:\/\/www.kirkonulkomaanapu.fi\/wp-content\/uploads\/2026\/02\/Kirkon-ulkomaanapu-logo.png\" \/>\n\t<meta property=\"og:image:width\" content=\"225\" \/>\n\t<meta property=\"og:image:height\" content=\"225\" \/>\n\t<meta property=\"og:image:type\" content=\"image\/png\" \/>\n<meta name=\"twitter:label1\" content=\"Est. reading time\" \/>\n\t<meta name=\"twitter:data1\" content=\"3 minutes\" \/>\n<script type=\"application\/ld+json\" class=\"yoast-schema-graph\">{\"@context\":\"https:\/\/schema.org\",\"@graph\":[{\"@type\":\"WebPage\",\"@id\":\"https:\/\/www.fcakenya.co.ke\/julkaisuarkisto\/us\/quality-responsibility\/\",\"url\":\"https:\/\/www.fcakenya.co.ke\/julkaisuarkisto\/us\/quality-responsibility\/\",\"name\":\"Quality and Accountability - FCA Finn Church Aid\",\"isPartOf\":{\"@id\":\"https:\/\/www.kirkonulkomaanapu.fi\/#website\"},\"datePublished\":\"2014-04-07T06:02:37+00:00\",\"dateModified\":\"2021-05-10T10:53:55+00:00\",\"breadcrumb\":{\"@id\":\"https:\/\/www.fcakenya.co.ke\/julkaisuarkisto\/us\/quality-responsibility\/#breadcrumb\"},\"inLanguage\":\"en-US\",\"potentialAction\":[{\"@type\":\"ReadAction\",\"target\":[\"https:\/\/www.fcakenya.co.ke\/julkaisuarkisto\/us\/quality-responsibility\/\"]}]},{\"@type\":\"BreadcrumbList\",\"@id\":\"https:\/\/www.fcakenya.co.ke\/julkaisuarkisto\/us\/quality-responsibility\/#breadcrumb\",\"itemListElement\":[{\"@type\":\"ListItem\",\"position\":1,\"name\":\"Home\",\"item\":\"https:\/\/www.kirkonulkomaanapu.fi\/en\/\"},{\"@type\":\"ListItem\",\"position\":2,\"name\":\"Private: Julkaisuarkisto\",\"item\":\"https:\/\/www.fcakenya.co.ke\/?page_id=117527\"},{\"@type\":\"ListItem\",\"position\":3,\"name\":\"About us\",\"item\":\"https:\/\/www.fcakenya.co.ke\/?page_id=2879\"},{\"@type\":\"ListItem\",\"position\":4,\"name\":\"Quality and Accountability\"}]},{\"@type\":\"WebSite\",\"@id\":\"https:\/\/www.kirkonulkomaanapu.fi\/#website\",\"url\":\"https:\/\/www.kirkonulkomaanapu.fi\/\",\"name\":\"Kirkon Ulkomaanapu\",\"description\":\"Suomen suurin kehitysyhteisty\u00f6j\u00e4rjest\u00f6\",\"publisher\":{\"@id\":\"https:\/\/www.kirkonulkomaanapu.fi\/#organization\"},\"alternateName\":\"KUA\",\"potentialAction\":[{\"@type\":\"SearchAction\",\"target\":{\"@type\":\"EntryPoint\",\"urlTemplate\":\"https:\/\/www.kirkonulkomaanapu.fi\/?s={search_term_string}\"},\"query-input\":{\"@type\":\"PropertyValueSpecification\",\"valueRequired\":true,\"valueName\":\"search_term_string\"}}],\"inLanguage\":\"en-US\"},{\"@type\":\"Organization\",\"@id\":\"https:\/\/www.kirkonulkomaanapu.fi\/#organization\",\"name\":\"Kirkon Ulkomaanapu\",\"alternateName\":\"KUA\",\"url\":\"https:\/\/www.kirkonulkomaanapu.fi\/\",\"logo\":{\"@type\":\"ImageObject\",\"inLanguage\":\"en-US\",\"@id\":\"https:\/\/www.kirkonulkomaanapu.fi\/#\/schema\/logo\/image\/\",\"url\":\"https:\/\/www.kirkonulkomaanapu.fi\/wp-content\/uploads\/2026\/02\/Kirkon-ulkomaanapu-logo-1.png\",\"contentUrl\":\"https:\/\/www.kirkonulkomaanapu.fi\/wp-content\/uploads\/2026\/02\/Kirkon-ulkomaanapu-logo-1.png\",\"width\":225,\"height\":225,\"caption\":\"Kirkon Ulkomaanapu\"},\"image\":{\"@id\":\"https:\/\/www.kirkonulkomaanapu.fi\/#\/schema\/logo\/image\/\"},\"sameAs\":[\"https:\/\/www.facebook.com\/Ulkomaanapu\/\",\"https:\/\/www.youtube.com\/user\/kirkonulkomaanapu\",\"https:\/\/instagram.com\/kirkon_ulkomaanapu\/\",\"https:\/\/www.linkedin.com\/company\/finn-church-aid\/\"]}]}<\/script>\n<!-- \/ Yoast SEO plugin. -->","yoast_head_json":{"title":"Quality and Accountability - FCA Finn Church Aid","robots":{"index":"index","follow":"follow","max-snippet":"max-snippet:-1","max-image-preview":"max-image-preview:large","max-video-preview":"max-video-preview:-1"},"canonical":"https:\/\/www.fcakenya.co.ke\/julkaisuarkisto\/us\/quality-responsibility\/","og_locale":"en_US","og_type":"article","og_title":"Quality and Accountability - FCA Finn Church Aid","og_description":"Quality and accountability\u00a0are key\u00a0principles in our work. Our work is based on skilled personnel,\u00a0good knowledge of the operational environment, planning that utilises versatile expertise, regular follow-up and evaluation, and careful risk management.\u00a0We are guided by international and internal codes and standards on quality, accountability and effectiveness. Guiding principles and standards Our work is guided by [&hellip;]","og_url":"https:\/\/www.fcakenya.co.ke\/julkaisuarkisto\/us\/quality-responsibility\/","og_site_name":"FCA Finn Church Aid","article_publisher":"https:\/\/www.facebook.com\/Ulkomaanapu\/","article_modified_time":"2021-05-10T10:53:55+00:00","og_image":[{"width":225,"height":225,"url":"https:\/\/www.kirkonulkomaanapu.fi\/wp-content\/uploads\/2026\/02\/Kirkon-ulkomaanapu-logo.png","type":"image\/png"}],"twitter_misc":{"Est. reading time":"3 minutes"},"schema":{"@context":"https:\/\/schema.org","@graph":[{"@type":"WebPage","@id":"https:\/\/www.fcakenya.co.ke\/julkaisuarkisto\/us\/quality-responsibility\/","url":"https:\/\/www.fcakenya.co.ke\/julkaisuarkisto\/us\/quality-responsibility\/","name":"Quality and Accountability - FCA Finn Church Aid","isPartOf":{"@id":"https:\/\/www.kirkonulkomaanapu.fi\/#website"},"datePublished":"2014-04-07T06:02:37+00:00","dateModified":"2021-05-10T10:53:55+00:00","breadcrumb":{"@id":"https:\/\/www.fcakenya.co.ke\/julkaisuarkisto\/us\/quality-responsibility\/#breadcrumb"},"inLanguage":"en-US","potentialAction":[{"@type":"ReadAction","target":["https:\/\/www.fcakenya.co.ke\/julkaisuarkisto\/us\/quality-responsibility\/"]}]},{"@type":"BreadcrumbList","@id":"https:\/\/www.fcakenya.co.ke\/julkaisuarkisto\/us\/quality-responsibility\/#breadcrumb","itemListElement":[{"@type":"ListItem","position":1,"name":"Home","item":"https:\/\/www.kirkonulkomaanapu.fi\/en\/"},{"@type":"ListItem","position":2,"name":"Private: Julkaisuarkisto","item":"https:\/\/www.fcakenya.co.ke\/?page_id=117527"},{"@type":"ListItem","position":3,"name":"About us","item":"https:\/\/www.fcakenya.co.ke\/?page_id=2879"},{"@type":"ListItem","position":4,"name":"Quality and Accountability"}]},{"@type":"WebSite","@id":"https:\/\/www.kirkonulkomaanapu.fi\/#website","url":"https:\/\/www.kirkonulkomaanapu.fi\/","name":"Kirkon Ulkomaanapu","description":"Suomen suurin kehitysyhteisty\u00f6j\u00e4rjest\u00f6","publisher":{"@id":"https:\/\/www.kirkonulkomaanapu.fi\/#organization"},"alternateName":"KUA","potentialAction":[{"@type":"SearchAction","target":{"@type":"EntryPoint","urlTemplate":"https:\/\/www.kirkonulkomaanapu.fi\/?s={search_term_string}"},"query-input":{"@type":"PropertyValueSpecification","valueRequired":true,"valueName":"search_term_string"}}],"inLanguage":"en-US"},{"@type":"Organization","@id":"https:\/\/www.kirkonulkomaanapu.fi\/#organization","name":"Kirkon Ulkomaanapu","alternateName":"KUA","url":"https:\/\/www.kirkonulkomaanapu.fi\/","logo":{"@type":"ImageObject","inLanguage":"en-US","@id":"https:\/\/www.kirkonulkomaanapu.fi\/#\/schema\/logo\/image\/","url":"https:\/\/www.kirkonulkomaanapu.fi\/wp-content\/uploads\/2026\/02\/Kirkon-ulkomaanapu-logo-1.png","contentUrl":"https:\/\/www.kirkonulkomaanapu.fi\/wp-content\/uploads\/2026\/02\/Kirkon-ulkomaanapu-logo-1.png","width":225,"height":225,"caption":"Kirkon Ulkomaanapu"},"image":{"@id":"https:\/\/www.kirkonulkomaanapu.fi\/#\/schema\/logo\/image\/"},"sameAs":["https:\/\/www.facebook.com\/Ulkomaanapu\/","https:\/\/www.youtube.com\/user\/kirkonulkomaanapu","https:\/\/instagram.com\/kirkon_ulkomaanapu\/","https:\/\/www.linkedin.com\/company\/finn-church-aid\/"]}]}},"_links":{"self":[{"href":"https:\/\/www.kirkonulkomaanapu.fi\/en\/wp-json\/wp\/v2\/pages\/3222","targetHints":{"allow":["GET"]}}],"collection":[{"href":"https:\/\/www.kirkonulkomaanapu.fi\/en\/wp-json\/wp\/v2\/pages"}],"about":[{"href":"https:\/\/www.kirkonulkomaanapu.fi\/en\/wp-json\/wp\/v2\/types\/page"}],"author":[{"embeddable":true,"href":"https:\/\/www.kirkonulkomaanapu.fi\/en\/wp-json\/wp\/v2\/users\/137"}],"replies":[{"embeddable":true,"href":"https:\/\/www.kirkonulkomaanapu.fi\/en\/wp-json\/wp\/v2\/comments?post=3222"}],"version-history":[{"count":8,"href":"https:\/\/www.kirkonulkomaanapu.fi\/en\/wp-json\/wp\/v2\/pages\/3222\/revisions"}],"predecessor-version":[{"id":109914,"href":"https:\/\/www.kirkonulkomaanapu.fi\/en\/wp-json\/wp\/v2\/pages\/3222\/revisions\/109914"}],"up":[{"embeddable":true,"href":"https:\/\/www.kirkonulkomaanapu.fi\/en\/wp-json\/wp\/v2\/pages\/2879"}],"wp:attachment":[{"href":"https:\/\/www.kirkonulkomaanapu.fi\/en\/wp-json\/wp\/v2\/media?parent=3222"}],"curies":[{"name":"wp","href":"https:\/\/api.w.org\/{rel}","templated":true}]}}