{"id":3134,"date":"2014-04-04T16:18:35","date_gmt":"2014-04-04T13:18:35","guid":{"rendered":"https:\/\/www.kirkonulkomaanapu.fi\/?page_id=3134"},"modified":"2021-05-11T09:48:37","modified_gmt":"2021-05-11T06:48:37","slug":"our-values-mission-and-vision","status":"publish","type":"page","link":"https:\/\/www.kirkonulkomaanapu.fi\/en\/us\/our-values-mission-and-vision\/","title":{"rendered":"Our Values, Mission and Vision"},"content":{"rendered":"<h1 class=\"is-style-brush\" ><span class=\"bg\">\nOur Values,<\/span><br><span class=\"bg\"><span class=\"is-highlighted\">Mission and Vision<\/span>\n<\/span><\/h1><h1 class=\"is-style-brush mobile\" ><span class=\"bg\">Our<\/span><span class=\"bg\">Values,<\/span><span class=\"is-highlighted\"><span class=\"bg\">Mission<\/span><span class=\"bg\">and<\/span><span class=\"bg\">Vision<\/span><\/span><\/h1>\n\n\n<p>Finn Church Aid contributes to positive change by supporting people in the most vulnerable situations within fragile and disaster-affected regions in our three thematic priority areas:&nbsp;right to <a href=\"https:\/\/www.kirkonulkomaanapu.fi\/en\/work\/right-peace\/\">peace<\/a>, <a href=\"https:\/\/www.kirkonulkomaanapu.fi\/en\/work\/right-livelihood\/\">livelihood<\/a> and <a href=\"https:\/\/www.kirkonulkomaanapu.fi\/en\/work\/right-education\/\">education<\/a>. We enhance our programmes through global advocacy.<\/p>\n\n\n\n<p>FCA is a faith- and rights-based organization. Read more about <a href=\"https:\/\/www.kirkonulkomaanapu.fi\/wp-content\/uploads\/2020\/08\/KUA_tp_en_2020.pdf\">the theological foundation<\/a> of Finn Church Aid through the link (PDF).<\/p>\n\n\n\n<h3 class=\"wp-block-heading\">Unconditional love for our neighbours<\/h3>\n\n\n\n<p>We promote human rights for all and regard all human beings as equal. We trust our partners and learn together. We embrace diversity and create connections between people who think in different ways.<\/p>\n\n\n\n<h3 class=\"wp-block-heading\">Unyielding hope<\/h3>\n\n\n\n<p>We are committed to working collaboratively and consistently to achieve our long-term goals. We take joy in progress and are not disheartened by setbacks.<\/p>\n\n\n\n<h3 class=\"wp-block-heading\">Courage<\/h3>\n\n\n\n<p>We work courageously for change. We dare to question established practices and call for the re-evaluation of power structures where needed.<\/p>\n\n\n\n<h3 class=\"wp-block-heading\">Respect<\/h3>\n\n\n\n<p>We respect each other and our different beliefs. We respect the communities we work with. We value the resources given to us and use them in a cost-efficient and transparent manner. We strive for mutual learning with our partners.<\/p>\n\n\n\n<h3 class=\"wp-block-heading\">Our Mission<\/h3>\n\n\n\n<p>Action for human dignity.<\/p>\n\n\n\n<h3 class=\"wp-block-heading\">Our Vision<\/h3>\n\n\n\n<p>Our vision is a world comprised of resilient and just societies where everyone\u2019s right to peace, quality education and sustainable livelihood has been fulfilled.<\/p>\n","protected":false},"excerpt":{"rendered":"<p>Our Values,Mission and Vision OurValues,MissionandVision Finn Church Aid contributes to positive change by supporting people in the most vulnerable situations within fragile and disaster-affected regions in our three thematic priority areas:&nbsp;right to peace, livelihood and education. We enhance our programmes through global advocacy. FCA is a faith- and rights-based organization. Read more about the theological [&hellip;]<\/p>\n","protected":false},"author":137,"featured_media":0,"parent":116157,"menu_order":1,"comment_status":"closed","ping_status":"open","template":"page-templates\/yhteystiedot.php","meta":{"_acf_changed":false,"_relevanssi_hide_post":"","_relevanssi_hide_content":"","_relevanssi_pin_for_all":"","_relevanssi_pin_keywords":"","_relevanssi_unpin_keywords":"","_relevanssi_related_keywords":"","_relevanssi_related_include_ids":"","_relevanssi_related_exclude_ids":"","_relevanssi_related_no_append":"","_relevanssi_related_not_related":"","_relevanssi_related_posts":"114522,115774,110039,114990,109706,86807","_relevanssi_noindex_reason":"","_improvement_type_select":"improve_an_existing","_thumb_yes_seoaic":false,"_frame_yes_seoaic":false,"seoaic_generate_description":"","seoaic_improve_instructions_prompt":"","seoaic_rollback_content_improvement":"","seoaic_idea_thumbnail_generator":"","thumbnail_generated":false,"thumbnail_generate_prompt":"","seoaic_article_description":"","footnotes":""},"class_list":["post-3134","page","type-page","status-publish","hentry"],"acf":[],"yoast_head":"<!-- This site is optimized with the Yoast SEO plugin v26.9 - https:\/\/yoast.com\/product\/yoast-seo-wordpress\/ -->\n<title>Our Values, Mission and Vision - FCA Finn Church Aid<\/title>\n<meta name=\"robots\" content=\"index, follow, max-snippet:-1, max-image-preview:large, max-video-preview:-1\" \/>\n<link rel=\"canonical\" href=\"https:\/\/www.kirkonulkomaanapu.fi\/en\/us\/our-values-mission-and-vision\/\" \/>\n<meta property=\"og:locale\" content=\"en_US\" \/>\n<meta property=\"og:type\" content=\"article\" \/>\n<meta property=\"og:title\" content=\"Our Values, Mission and Vision - FCA Finn Church Aid\" \/>\n<meta property=\"og:description\" content=\"Our Values,Mission and Vision OurValues,MissionandVision Finn Church Aid contributes to positive change by supporting people in the most vulnerable situations within fragile and disaster-affected regions in our three thematic priority areas:&nbsp;right to peace, livelihood and education. We enhance our programmes through global advocacy. FCA is a faith- and rights-based organization. Read more about the theological [&hellip;]\" \/>\n<meta property=\"og:url\" content=\"https:\/\/www.kirkonulkomaanapu.fi\/en\/us\/our-values-mission-and-vision\/\" \/>\n<meta property=\"og:site_name\" content=\"FCA Finn Church Aid\" \/>\n<meta property=\"article:publisher\" content=\"https:\/\/www.facebook.com\/Ulkomaanapu\/\" \/>\n<meta property=\"article:modified_time\" content=\"2021-05-11T06:48:37+00:00\" \/>\n<meta property=\"og:image\" content=\"https:\/\/www.kirkonulkomaanapu.fi\/wp-content\/uploads\/2026\/02\/Kirkon-ulkomaanapu-logo.png\" \/>\n\t<meta property=\"og:image:width\" content=\"225\" \/>\n\t<meta property=\"og:image:height\" content=\"225\" \/>\n\t<meta property=\"og:image:type\" content=\"image\/png\" \/>\n<meta name=\"twitter:label1\" content=\"Est. reading time\" \/>\n\t<meta name=\"twitter:data1\" content=\"1 minute\" \/>\n<script type=\"application\/ld+json\" class=\"yoast-schema-graph\">{\"@context\":\"https:\/\/schema.org\",\"@graph\":[{\"@type\":\"WebPage\",\"@id\":\"https:\/\/www.kirkonulkomaanapu.fi\/en\/us\/our-values-mission-and-vision\/\",\"url\":\"https:\/\/www.kirkonulkomaanapu.fi\/en\/us\/our-values-mission-and-vision\/\",\"name\":\"Our Values, Mission and Vision - FCA Finn Church Aid\",\"isPartOf\":{\"@id\":\"https:\/\/www.kirkonulkomaanapu.fi\/#website\"},\"datePublished\":\"2014-04-04T13:18:35+00:00\",\"dateModified\":\"2021-05-11T06:48:37+00:00\",\"breadcrumb\":{\"@id\":\"https:\/\/www.kirkonulkomaanapu.fi\/en\/us\/our-values-mission-and-vision\/#breadcrumb\"},\"inLanguage\":\"en-US\",\"potentialAction\":[{\"@type\":\"ReadAction\",\"target\":[\"https:\/\/www.kirkonulkomaanapu.fi\/en\/us\/our-values-mission-and-vision\/\"]}]},{\"@type\":\"BreadcrumbList\",\"@id\":\"https:\/\/www.kirkonulkomaanapu.fi\/en\/us\/our-values-mission-and-vision\/#breadcrumb\",\"itemListElement\":[{\"@type\":\"ListItem\",\"position\":1,\"name\":\"Home\",\"item\":\"https:\/\/www.kirkonulkomaanapu.fi\/en\/\"},{\"@type\":\"ListItem\",\"position\":2,\"name\":\"About us\",\"item\":\"https:\/\/www.kirkonulkomaanapu.fi\/en\/us\/\"},{\"@type\":\"ListItem\",\"position\":3,\"name\":\"Our Values, Mission and Vision\"}]},{\"@type\":\"WebSite\",\"@id\":\"https:\/\/www.kirkonulkomaanapu.fi\/#website\",\"url\":\"https:\/\/www.kirkonulkomaanapu.fi\/\",\"name\":\"Kirkon Ulkomaanapu\",\"description\":\"Suomen suurin kehitysyhteisty\u00f6j\u00e4rjest\u00f6\",\"publisher\":{\"@id\":\"https:\/\/www.kirkonulkomaanapu.fi\/#organization\"},\"alternateName\":\"KUA\",\"potentialAction\":[{\"@type\":\"SearchAction\",\"target\":{\"@type\":\"EntryPoint\",\"urlTemplate\":\"https:\/\/www.kirkonulkomaanapu.fi\/?s={search_term_string}\"},\"query-input\":{\"@type\":\"PropertyValueSpecification\",\"valueRequired\":true,\"valueName\":\"search_term_string\"}}],\"inLanguage\":\"en-US\"},{\"@type\":\"Organization\",\"@id\":\"https:\/\/www.kirkonulkomaanapu.fi\/#organization\",\"name\":\"Kirkon Ulkomaanapu\",\"alternateName\":\"KUA\",\"url\":\"https:\/\/www.kirkonulkomaanapu.fi\/\",\"logo\":{\"@type\":\"ImageObject\",\"inLanguage\":\"en-US\",\"@id\":\"https:\/\/www.kirkonulkomaanapu.fi\/#\/schema\/logo\/image\/\",\"url\":\"https:\/\/www.kirkonulkomaanapu.fi\/wp-content\/uploads\/2026\/02\/Kirkon-ulkomaanapu-logo-1.png\",\"contentUrl\":\"https:\/\/www.kirkonulkomaanapu.fi\/wp-content\/uploads\/2026\/02\/Kirkon-ulkomaanapu-logo-1.png\",\"width\":225,\"height\":225,\"caption\":\"Kirkon Ulkomaanapu\"},\"image\":{\"@id\":\"https:\/\/www.kirkonulkomaanapu.fi\/#\/schema\/logo\/image\/\"},\"sameAs\":[\"https:\/\/www.facebook.com\/Ulkomaanapu\/\",\"https:\/\/www.youtube.com\/user\/kirkonulkomaanapu\",\"https:\/\/instagram.com\/kirkon_ulkomaanapu\/\",\"https:\/\/www.linkedin.com\/company\/finn-church-aid\/\"]}]}<\/script>\n<!-- \/ Yoast SEO plugin. -->","yoast_head_json":{"title":"Our Values, Mission and Vision - FCA Finn Church Aid","robots":{"index":"index","follow":"follow","max-snippet":"max-snippet:-1","max-image-preview":"max-image-preview:large","max-video-preview":"max-video-preview:-1"},"canonical":"https:\/\/www.kirkonulkomaanapu.fi\/en\/us\/our-values-mission-and-vision\/","og_locale":"en_US","og_type":"article","og_title":"Our Values, Mission and Vision - FCA Finn Church Aid","og_description":"Our Values,Mission and Vision OurValues,MissionandVision Finn Church Aid contributes to positive change by supporting people in the most vulnerable situations within fragile and disaster-affected regions in our three thematic priority areas:&nbsp;right to peace, livelihood and education. We enhance our programmes through global advocacy. FCA is a faith- and rights-based organization. Read more about the theological [&hellip;]","og_url":"https:\/\/www.kirkonulkomaanapu.fi\/en\/us\/our-values-mission-and-vision\/","og_site_name":"FCA Finn Church Aid","article_publisher":"https:\/\/www.facebook.com\/Ulkomaanapu\/","article_modified_time":"2021-05-11T06:48:37+00:00","og_image":[{"width":225,"height":225,"url":"https:\/\/www.kirkonulkomaanapu.fi\/wp-content\/uploads\/2026\/02\/Kirkon-ulkomaanapu-logo.png","type":"image\/png"}],"twitter_misc":{"Est. reading time":"1 minute"},"schema":{"@context":"https:\/\/schema.org","@graph":[{"@type":"WebPage","@id":"https:\/\/www.kirkonulkomaanapu.fi\/en\/us\/our-values-mission-and-vision\/","url":"https:\/\/www.kirkonulkomaanapu.fi\/en\/us\/our-values-mission-and-vision\/","name":"Our Values, Mission and Vision - FCA Finn Church Aid","isPartOf":{"@id":"https:\/\/www.kirkonulkomaanapu.fi\/#website"},"datePublished":"2014-04-04T13:18:35+00:00","dateModified":"2021-05-11T06:48:37+00:00","breadcrumb":{"@id":"https:\/\/www.kirkonulkomaanapu.fi\/en\/us\/our-values-mission-and-vision\/#breadcrumb"},"inLanguage":"en-US","potentialAction":[{"@type":"ReadAction","target":["https:\/\/www.kirkonulkomaanapu.fi\/en\/us\/our-values-mission-and-vision\/"]}]},{"@type":"BreadcrumbList","@id":"https:\/\/www.kirkonulkomaanapu.fi\/en\/us\/our-values-mission-and-vision\/#breadcrumb","itemListElement":[{"@type":"ListItem","position":1,"name":"Home","item":"https:\/\/www.kirkonulkomaanapu.fi\/en\/"},{"@type":"ListItem","position":2,"name":"About us","item":"https:\/\/www.kirkonulkomaanapu.fi\/en\/us\/"},{"@type":"ListItem","position":3,"name":"Our Values, Mission and Vision"}]},{"@type":"WebSite","@id":"https:\/\/www.kirkonulkomaanapu.fi\/#website","url":"https:\/\/www.kirkonulkomaanapu.fi\/","name":"Kirkon Ulkomaanapu","description":"Suomen suurin kehitysyhteisty\u00f6j\u00e4rjest\u00f6","publisher":{"@id":"https:\/\/www.kirkonulkomaanapu.fi\/#organization"},"alternateName":"KUA","potentialAction":[{"@type":"SearchAction","target":{"@type":"EntryPoint","urlTemplate":"https:\/\/www.kirkonulkomaanapu.fi\/?s={search_term_string}"},"query-input":{"@type":"PropertyValueSpecification","valueRequired":true,"valueName":"search_term_string"}}],"inLanguage":"en-US"},{"@type":"Organization","@id":"https:\/\/www.kirkonulkomaanapu.fi\/#organization","name":"Kirkon Ulkomaanapu","alternateName":"KUA","url":"https:\/\/www.kirkonulkomaanapu.fi\/","logo":{"@type":"ImageObject","inLanguage":"en-US","@id":"https:\/\/www.kirkonulkomaanapu.fi\/#\/schema\/logo\/image\/","url":"https:\/\/www.kirkonulkomaanapu.fi\/wp-content\/uploads\/2026\/02\/Kirkon-ulkomaanapu-logo-1.png","contentUrl":"https:\/\/www.kirkonulkomaanapu.fi\/wp-content\/uploads\/2026\/02\/Kirkon-ulkomaanapu-logo-1.png","width":225,"height":225,"caption":"Kirkon Ulkomaanapu"},"image":{"@id":"https:\/\/www.kirkonulkomaanapu.fi\/#\/schema\/logo\/image\/"},"sameAs":["https:\/\/www.facebook.com\/Ulkomaanapu\/","https:\/\/www.youtube.com\/user\/kirkonulkomaanapu","https:\/\/instagram.com\/kirkon_ulkomaanapu\/","https:\/\/www.linkedin.com\/company\/finn-church-aid\/"]}]}},"_links":{"self":[{"href":"https:\/\/www.kirkonulkomaanapu.fi\/en\/wp-json\/wp\/v2\/pages\/3134","targetHints":{"allow":["GET"]}}],"collection":[{"href":"https:\/\/www.kirkonulkomaanapu.fi\/en\/wp-json\/wp\/v2\/pages"}],"about":[{"href":"https:\/\/www.kirkonulkomaanapu.fi\/en\/wp-json\/wp\/v2\/types\/page"}],"author":[{"embeddable":true,"href":"https:\/\/www.kirkonulkomaanapu.fi\/en\/wp-json\/wp\/v2\/users\/137"}],"replies":[{"embeddable":true,"href":"https:\/\/www.kirkonulkomaanapu.fi\/en\/wp-json\/wp\/v2\/comments?post=3134"}],"version-history":[{"count":3,"href":"https:\/\/www.kirkonulkomaanapu.fi\/en\/wp-json\/wp\/v2\/pages\/3134\/revisions"}],"predecessor-version":[{"id":117703,"href":"https:\/\/www.kirkonulkomaanapu.fi\/en\/wp-json\/wp\/v2\/pages\/3134\/revisions\/117703"}],"up":[{"embeddable":true,"href":"https:\/\/www.kirkonulkomaanapu.fi\/en\/wp-json\/wp\/v2\/pages\/116157"}],"wp:attachment":[{"href":"https:\/\/www.kirkonulkomaanapu.fi\/en\/wp-json\/wp\/v2\/media?parent=3134"}],"curies":[{"name":"wp","href":"https:\/\/api.w.org\/{rel}","templated":true}]}}