{"id":137024,"date":"2023-02-21T15:08:02","date_gmt":"2023-02-21T13:08:02","guid":{"rendered":"https:\/\/www.kirkonulkomaanapu.fi\/?page_id=137024"},"modified":"2026-03-23T09:34:48","modified_gmt":"2026-03-23T07:34:48","slug":"ukraine-2","status":"publish","type":"page","link":"https:\/\/www.kirkonulkomaanapu.fi\/en\/where-we-work\/ukraine-2\/","title":{"rendered":"Ukraine"},"content":{"rendered":"\n<h1 class=\"wp-block-heading\">Ukraine<\/h1>\n\n\n\n<figure class=\"wp-block-image size-large\"><img loading=\"lazy\" decoding=\"async\" width=\"1024\" height=\"576\" src=\"https:\/\/www.kirkonulkomaanapu.fi\/wp-content\/uploads\/2023\/02\/FCAmaps-eng-ukraine-1024x576.jpg\" alt=\"FCA in Ukraine map\" class=\"wp-image-136732\" srcset=\"https:\/\/www.kirkonulkomaanapu.fi\/wp-content\/uploads\/2023\/02\/FCAmaps-eng-ukraine-1024x576.jpg 1024w, https:\/\/www.kirkonulkomaanapu.fi\/wp-content\/uploads\/2023\/02\/FCAmaps-eng-ukraine-480x270.jpg 480w, https:\/\/www.kirkonulkomaanapu.fi\/wp-content\/uploads\/2023\/02\/FCAmaps-eng-ukraine-768x432.jpg 768w, https:\/\/www.kirkonulkomaanapu.fi\/wp-content\/uploads\/2023\/02\/FCAmaps-eng-ukraine-1536x864.jpg 1536w, https:\/\/www.kirkonulkomaanapu.fi\/wp-content\/uploads\/2023\/02\/FCAmaps-eng-ukraine-316x178.jpg 316w, https:\/\/www.kirkonulkomaanapu.fi\/wp-content\/uploads\/2023\/02\/FCAmaps-eng-ukraine-1920x1080.jpg 1920w, https:\/\/www.kirkonulkomaanapu.fi\/wp-content\/uploads\/2023\/02\/FCAmaps-eng-ukraine.jpg 2048w\" sizes=\"auto, (max-width: 1024px) 100vw, 1024px\" \/><\/figure>\n\n\n\n<p class=\"is-style-ingress\">Finn Church Aid\u2019s (FCA) work in Ukraine focuses on education, psychosocial support and rehabilitation of school structures. The war that started in February 2022 has damaged thousands of schools, of which hundreds are entirely destroyed.<\/p>\n\n\n\n\n<div class=\"block-content-with-infobox full-width id-block\">\n\t<div class=\"container-lg\">\n\t\t<div class=\"row justify-content-center\">\n\t\t\t<div class=\"col\">\n\t\t\t\t<div class=\"flex-inner inner-blocks entry-content\">\n\t\t\t\t\t\n\n<div class=\"block-inner-blocks inner-blocks entry-content lorem\">\n\t\n\n<p>In 2022, FCA established its Ukraine country office and our work centres on education. Fighting and shelling have damaged and destroyed schools across Ukraine, also causing disruptions to the schooling of children and youth. The war has severely affected the psychosocial well-being of both students and teachers. Power outages interrupt lessons, and part of the schools are without heating.<\/p>\n\n\n<\/div>\n\n\n<div class=\"block-inner-blocks inner-blocks entry-content\">\n\t\n\n<h2 class=\"wp-block-heading\">Ukraine<\/h2>\n\n\n\n<p><strong>Population:\u00a0<\/strong>36,4 million people<br><strong>Capital:<\/strong>\u00a0Kyiv<br><strong>Currency:\u00a0<\/strong>Ukrainian hryvnia<br><strong>Languages:<\/strong>\u00a0Ukrainian and Russian<br><strong>FCA in Ukraine:\u00a0<\/strong>since 2022<\/p>\n\n\n<\/div>\n\n\t\t\t\t<\/div>\n\t\t\t<\/div>\n\t\t<\/div>\n\t<\/div>\t\n<\/div>\n\n\n\n<p>FCA repairs affected schools for instance by replacing shattered windows and fixing other damages. We also prepare and equip bomb shelters to ensure that learning and other activities can continue in the shelters during air raid alarms. Our programs train teachers and school psychologists to provide psychosocial support to students, and the support is also available to teachers themselves. We provide schools with essential items like learning materials, sports and other recreational equipment, bio-toilets and generators.<\/p>\n\n\n\n\n<div class=\"block-themes full-width id-block\">\n\t<div class=\"container-lg\">\n\t\t\t\t\t<div class=\"row\">\n\t\t\t\t<div class=\"col\">\n\t\t\t\t\t<div class=\"entry-content\">\n\t\t\t\t\t\t<h2 class=\"block-title is-style-brush\"><span class=\"bg\">Our results<\/span><\/h2>\n\t\t\t\t\t<\/div>\n\t\t\t\t<\/div>\n\t\t\t<\/div>\n\t\t\t\t<div class=\"row justify-content-center themes\">\n\t\t\t\t\t\t\t\t\t<div class=\"col col-12 col-lg-4\">\n\t\t\t\t<div class=\"theme\">\n\t\t\t\t\t<div>\n\t\t\t\t\t\t\t\t\t\t\t<img decoding=\"async\" class=\"theme-img\" src=\"https:\/\/www.kirkonulkomaanapu.fi\/wp-content\/uploads\/2023\/02\/ukr1.png\" alt=\"\" loading=\"lazy\" width=\"1080\" height=\"1080\">\n\t\t\t\t\t\n\t\t\t\t\t\t\t\t\t\t\t<h3 class=\"theme-title\">45,299 <\/h3>\n\t\t\t\t\t\n\t\t\t\t\t\t\t\t\t\t\t<div class=\"description\"><p>children and youth benefit from FCA\u2019s and its partners\u2019 education work funded by EU Humanitarian Aid (ECHO).<\/p>\n<\/div>\n\t\t\t\t\t\t\t\t\t\t<\/div>\n\n\t\t\t\t\t\t\t\t<\/div>\n\t\t\t<\/div>\n\t\t\t\t\t\t\t\t\t<div class=\"col col-12 col-lg-4\">\n\t\t\t\t<div class=\"theme\">\n\t\t\t\t\t<div>\n\t\t\t\t\t\t\t\t\t\t\t<img decoding=\"async\" class=\"theme-img\" src=\"https:\/\/www.kirkonulkomaanapu.fi\/wp-content\/uploads\/2023\/02\/ukr2.png\" alt=\"\" loading=\"lazy\" width=\"942\" height=\"942\">\n\t\t\t\t\t\n\t\t\t\t\t\t\t\t\t\t\t<h3 class=\"theme-title\">5,872<\/h3>\n\t\t\t\t\t\n\t\t\t\t\t\t\t\t\t\t\t<div class=\"description\"><p>children and youth participated in FCA\u2019s summer clubs in Chernihiv in the summer of 2022. The clubs provided valuable psychosocial support activities after the spring\u2019s siege.<\/p>\n<\/div>\n\t\t\t\t\t\t\t\t\t\t<\/div>\n\n\t\t\t\t\t\t\t\t<\/div>\n\t\t\t<\/div>\n\t\t\t\t\t\t\t\t\t<div class=\"col col-12 col-lg-4\">\n\t\t\t\t<div class=\"theme\">\n\t\t\t\t\t<div>\n\t\t\t\t\t\t\t\t\t\t\t<img decoding=\"async\" class=\"theme-img\" src=\"https:\/\/www.kirkonulkomaanapu.fi\/wp-content\/uploads\/2023\/02\/ukr3.png\" alt=\"\" loading=\"lazy\" width=\"1080\" height=\"1080\">\n\t\t\t\t\t\n\t\t\t\t\t\t\t\t\t\t\t<h3 class=\"theme-title\">71<\/h3>\n\t\t\t\t\t\n\t\t\t\t\t\t\t\t\t\t\t<div class=\"description\"><p>teachers and school psychologists participated in psychosocial support training in the summer of 2022.<\/p>\n<\/div>\n\t\t\t\t\t\t\t\t\t\t<\/div>\n\n\t\t\t\t\t\t\t\t<\/div>\n\t\t\t<\/div>\n\t\t\t\t\t<\/div>\n\t<\/div>\t\n<\/div>\n\n\n<h2 class=\"wp-block-heading\"><strong>An EU-funded consortium project focuses on children, youth and teachers<\/strong><\/h2>\n\n\n\n<p>Finn Church Aid leads an education project with 14 million euros of EU Humanitarian Aid (ECHO) funding.<\/p>\n\n\n\n<p>FCA works in a consortium with Save the Children International and People in Need. FCA\u2019s share of the funding is 5,6 million euros, and Save the Children\u2019s and People in Need\u2019s shares are at 4,2 million euros. War Child Holland is also part of the project with 50,000 euros.<\/p>\n\n\n\n<p>The project\u2019s goal is to reach around 45,300 children. FCA focuses on school rehabilitation, providing temporary learning spaces, psychosocial support and teacher well-being. FCA&#8217;s main emphasis is on Chernihiv, but the project also reaches children and youth in Kyiv, Sumy, Poltava, Kharkiv and Donetsk.<\/p>\n\n\n\n<p>In other projects, we support the reform of the Ukrainian curriculum in a school in Zhytomyr. The school was destroyed in a missile attack in the spring of 2022. Ukrainian teachers will visit Finland as part of the project, and the objective is to implement the curriculum reform in the whole of Ukraine.<\/p>\n\n\n\n<figure class=\"wp-block-embed is-type-video is-provider-youtube wp-block-embed-youtube\"><div class=\"wp-block-embed__wrapper\">\n<div class=\"youtube-embed\">        <div class=\"video-wrapper\">              <div class=\"consent-placeholder\"              data-category=\"cookie_cat_marketing\"              onClick=\"CookieConsent.renew()\">                 <div class=\"consent-placeholder-wrapper\">                      <div class=\"text-button-wrapper\">                        <p>Et ole hyv\u00e4ksynyt markkinoinnin ev\u00e4steit\u00e4 n\u00e4hd\u00e4ksesi videon.<\/p>                        <div>                            <button class=\"button red slim\" href=\"javascript:CookieConsent.renew()\">Muuta ev\u00e4steasetuksia<\/button>                        <\/div>                    <\/div>                <\/div>            <\/div>            <\/div>        <div class=\"video-image-oembed\" tabindex=\"0\" style=\"background-image:url('https:\/\/i.ytimg.com\/vi\/8Wo9HOEB0-c\/hqdefault.jpg')\"><i class=\"fas fa-play\"><\/i><\/div><div class=\"video-container oembed oembed-youtube\" data-video=\"&lt;iframe title=&quot;Ukrainian teachers are vital in humanitarian assistance&quot; width=&quot;500&quot; height=&quot;281&quot; src=&quot;https:\/\/www.youtube.com\/embed\/8Wo9HOEB0-c?feature=oembed&amp;rel=0&amp;rel=0&quot; frameborder=&quot;0&quot; allow=&quot;accelerometer; autoplay; clipboard-write; encrypted-media; gyroscope; picture-in-picture; web-share&quot; referrerpolicy=&quot;strict-origin-when-cross-origin&quot; allowfullscreen&gt;&lt;\/iframe&gt;\"><\/div><\/div>\n<\/div><\/figure>\n\n\n\n<p>FCA launched its response in Ukraine immediately after the war started. Initially, the work focused on supporting displaced Ukrainians at the border between Ukraine and Hungary and in Western Ukraine. In the first months, FCA\u2019s support reached those in need through our partner Hungarian Interchurch Aid (HIA), which distributed emergency assistance like food, water and shelter to the most vulnerable refugees and internally displaced people.<\/p>\n\n\n\n<p>The collaboration with HIA and other ACT Alliance partners continues across Ukraine. We also work with local partners&nbsp;<a href=\"https:\/\/www.savedschools.in.ua\/\" target=\"_blank\" rel=\"noreferrer noopener\">savED<\/a>,&nbsp;<a href=\"https:\/\/globaloffice.org.ua\/en\/\" target=\"_blank\" rel=\"noreferrer noopener\">GoGlobal<\/a>&nbsp;and&nbsp;<a href=\"https:\/\/doccu.in.ua\/\" target=\"_blank\" rel=\"noreferrer noopener\">DOCCU<\/a>&nbsp;to assess damage and work with local authorities.&nbsp;&nbsp;<\/p>\n\n\n\n\n<div class=\"block-latest-articles-from-category full-width id-block\">\n\t<div class=\"container-lg\">\n\t\t\n\t\t<div class=\"row articles\">\n\t\t\t\t\t\t\t\t\t\t<div class=\"col col-12 col-md-4\">\n\t\t\t\t\t\n<div class=\"article-card article-card__default\">\n\t<a href=\"https:\/\/www.kirkonulkomaanapu.fi\/en\/ajankohtaista\/blogi\/in-the-darkness-after-the-missiles-the-flame-of-hope-shines-on\/\">\n\t\t<div class=\"article-thumbnail\">\n\t\t\t\t\t\t<img decoding=\"async\" src=\"https:\/\/www.kirkonulkomaanapu.fi\/wp-content\/uploads\/2026\/02\/ukraine-black-1-480x320.jpg\" alt=\"In the darkness after the missiles, the flame of hope shines on\" loading=\"lazy\" width=\"480\" height=\"320\">\n\t\t\t\t\t<\/div>\n\t<\/a>\n\n\t<div class=\"article-meta\">\n\t\t<span>Blog<\/span><span>24.2.2026<\/span>\t<\/div>\n\n\t<a href=\"https:\/\/www.kirkonulkomaanapu.fi\/en\/ajankohtaista\/blogi\/in-the-darkness-after-the-missiles-the-flame-of-hope-shines-on\/\"><h3 class=\"article-title\">In the darkness after the missiles, the flame of hope shines on<\/h3><\/a>\n<\/div>\t\t\t\t<\/div>\n\t\t\t\t\t\t\t<div class=\"col col-12 col-md-4\">\n\t\t\t\t\t\n<div class=\"article-card article-card__default\">\n\t<a href=\"https:\/\/www.kirkonulkomaanapu.fi\/en\/latest-news\/news\/ukraine-needs-help-in-its-fourth-winter-of-war\/\">\n\t\t<div class=\"article-thumbnail\">\n\t\t\t\t\t\t<img decoding=\"async\" src=\"https:\/\/www.kirkonulkomaanapu.fi\/wp-content\/uploads\/2026\/02\/B-HD_bohodukhiv-35-480x320.jpg\" alt=\"Ukraine\u00a0needs\u00a0help in\u00a0its\u00a0fourth\u00a0winter\u00a0of\u00a0war\" loading=\"lazy\" width=\"480\" height=\"320\">\n\t\t\t\t\t<\/div>\n\t<\/a>\n\n\t<div class=\"article-meta\">\n\t\t<span>News<\/span><span>24.2.2026<\/span>\t<\/div>\n\n\t<a href=\"https:\/\/www.kirkonulkomaanapu.fi\/en\/latest-news\/news\/ukraine-needs-help-in-its-fourth-winter-of-war\/\"><h3 class=\"article-title\">Ukraine\u00a0needs\u00a0help in\u00a0its\u00a0fourth\u00a0winter\u00a0of\u00a0war<\/h3><\/a>\n<\/div>\t\t\t\t<\/div>\n\t\t\t\t\t\t\t<div class=\"col col-12 col-md-4\">\n\t\t\t\t\t\n<div class=\"article-card article-card__default\">\n\t<a href=\"https:\/\/www.kirkonulkomaanapu.fi\/en\/latest-news\/articles\/teacher-of-the-year-in-ukraine-champions-inspiration\/\">\n\t\t<div class=\"article-thumbnail\">\n\t\t\t\t\t\t<img decoding=\"async\" src=\"https:\/\/www.kirkonulkomaanapu.fi\/wp-content\/uploads\/2026\/02\/B-HD_ruslan-shalamov-1-480x320.jpg\" alt=\"Teacher of the Year in Ukraine champions inspiration\" loading=\"lazy\" width=\"480\" height=\"320\">\n\t\t\t\t\t<\/div>\n\t<\/a>\n\n\t<div class=\"article-meta\">\n\t\t<span>Article<\/span><span>16.2.2026<\/span>\t<\/div>\n\n\t<a href=\"https:\/\/www.kirkonulkomaanapu.fi\/en\/latest-news\/articles\/teacher-of-the-year-in-ukraine-champions-inspiration\/\"><h3 class=\"article-title\">Teacher of the Year in Ukraine champions inspiration<\/h3><\/a>\n<\/div>\t\t\t\t<\/div>\n\t\t\t\t\t\t\t\t<\/div>\n\n\t<\/div>\t\n<\/div>\n","protected":false},"excerpt":{"rendered":"<p>Ukraine Finn Church Aid\u2019s (FCA) work in Ukraine focuses on education, psychosocial support and rehabilitation of school structures. The war that started in February 2022 has damaged thousands of schools, of which hundreds are entirely destroyed. FCA repairs affected schools for instance by replacing shattered windows and fixing other damages. We also prepare and equip [&hellip;]<\/p>\n","protected":false},"author":183,"featured_media":136732,"parent":97996,"menu_order":0,"comment_status":"closed","ping_status":"closed","template":"page-templates\/missa-toimimme-child.php","meta":{"_acf_changed":false,"_relevanssi_hide_post":"","_relevanssi_hide_content":"","_relevanssi_pin_for_all":"on","_relevanssi_pin_keywords":"","_relevanssi_unpin_keywords":"","_relevanssi_related_keywords":"","_relevanssi_related_include_ids":"","_relevanssi_related_exclude_ids":"","_relevanssi_related_no_append":"","_relevanssi_related_not_related":"","_relevanssi_related_posts":"114990,67050,89717,74313,74948,86857","_relevanssi_noindex_reason":"","_improvement_type_select":"improve_an_existing","_thumb_yes_seoaic":false,"_frame_yes_seoaic":false,"seoaic_generate_description":"","seoaic_improve_instructions_prompt":"","seoaic_rollback_content_improvement":"","seoaic_idea_thumbnail_generator":"","thumbnail_generated":false,"thumbnail_generate_prompt":"","seoaic_article_description":"","footnotes":""},"class_list":["post-137024","page","type-page","status-publish","has-post-thumbnail","hentry"],"acf":[],"yoast_head":"<!-- This site is optimized with the Yoast SEO plugin v26.9 - https:\/\/yoast.com\/product\/yoast-seo-wordpress\/ -->\n<title>Ukraine - FCA Finn Church Aid - Action for Human Dignity<\/title>\n<meta name=\"description\" content=\"Finn Church Aid\u2019s (FCA) work in Ukraine focuses on education, psychosocial support and rehabilitation of school structures.\" \/>\n<meta name=\"robots\" content=\"index, follow, max-snippet:-1, max-image-preview:large, max-video-preview:-1\" \/>\n<link rel=\"canonical\" href=\"https:\/\/www.kirkonulkomaanapu.fi\/en\/where-we-work\/ukraine-2\/\" \/>\n<meta property=\"og:locale\" content=\"en_US\" \/>\n<meta property=\"og:type\" content=\"article\" \/>\n<meta property=\"og:title\" content=\"Ukraine - FCA Finn Church Aid - Action for Human Dignity\" \/>\n<meta property=\"og:description\" content=\"Finn Church Aid\u2019s (FCA) work in Ukraine focuses on education, psychosocial support and rehabilitation of school structures.\" \/>\n<meta property=\"og:url\" content=\"https:\/\/www.kirkonulkomaanapu.fi\/en\/where-we-work\/ukraine-2\/\" \/>\n<meta property=\"og:site_name\" content=\"FCA Finn Church Aid\" \/>\n<meta property=\"article:publisher\" content=\"https:\/\/www.facebook.com\/Ulkomaanapu\/\" \/>\n<meta property=\"article:modified_time\" content=\"2026-03-23T07:34:48+00:00\" \/>\n<meta property=\"og:image\" content=\"https:\/\/www.kirkonulkomaanapu.fi\/wp-content\/uploads\/2023\/02\/FCAmaps-eng-ukraine.jpg\" \/>\n\t<meta property=\"og:image:width\" content=\"2048\" \/>\n\t<meta property=\"og:image:height\" content=\"1152\" \/>\n\t<meta property=\"og:image:type\" content=\"image\/jpeg\" \/>\n<meta name=\"twitter:label1\" content=\"Est. reading time\" \/>\n\t<meta name=\"twitter:data1\" content=\"4 minutes\" \/>\n<script type=\"application\/ld+json\" class=\"yoast-schema-graph\">{\"@context\":\"https:\/\/schema.org\",\"@graph\":[{\"@type\":\"WebPage\",\"@id\":\"https:\/\/www.kirkonulkomaanapu.fi\/en\/where-we-work\/ukraine-2\/\",\"url\":\"https:\/\/www.kirkonulkomaanapu.fi\/en\/where-we-work\/ukraine-2\/\",\"name\":\"Ukraine - FCA Finn Church Aid - Action for Human Dignity\",\"isPartOf\":{\"@id\":\"https:\/\/www.kirkonulkomaanapu.fi\/#website\"},\"primaryImageOfPage\":{\"@id\":\"https:\/\/www.kirkonulkomaanapu.fi\/en\/where-we-work\/ukraine-2\/#primaryimage\"},\"image\":{\"@id\":\"https:\/\/www.kirkonulkomaanapu.fi\/en\/where-we-work\/ukraine-2\/#primaryimage\"},\"thumbnailUrl\":\"https:\/\/www.kirkonulkomaanapu.fi\/wp-content\/uploads\/2023\/02\/FCAmaps-eng-ukraine.jpg\",\"datePublished\":\"2023-02-21T13:08:02+00:00\",\"dateModified\":\"2026-03-23T07:34:48+00:00\",\"description\":\"Finn Church Aid\u2019s (FCA) work in Ukraine focuses on education, psychosocial support and rehabilitation of school structures.\",\"breadcrumb\":{\"@id\":\"https:\/\/www.kirkonulkomaanapu.fi\/en\/where-we-work\/ukraine-2\/#breadcrumb\"},\"inLanguage\":\"en-US\",\"potentialAction\":[{\"@type\":\"ReadAction\",\"target\":[\"https:\/\/www.kirkonulkomaanapu.fi\/en\/where-we-work\/ukraine-2\/\"]}]},{\"@type\":\"ImageObject\",\"inLanguage\":\"en-US\",\"@id\":\"https:\/\/www.kirkonulkomaanapu.fi\/en\/where-we-work\/ukraine-2\/#primaryimage\",\"url\":\"https:\/\/www.kirkonulkomaanapu.fi\/wp-content\/uploads\/2023\/02\/FCAmaps-eng-ukraine.jpg\",\"contentUrl\":\"https:\/\/www.kirkonulkomaanapu.fi\/wp-content\/uploads\/2023\/02\/FCAmaps-eng-ukraine.jpg\",\"width\":2048,\"height\":1152,\"caption\":\"FCA in Ukraine map\"},{\"@type\":\"BreadcrumbList\",\"@id\":\"https:\/\/www.kirkonulkomaanapu.fi\/en\/where-we-work\/ukraine-2\/#breadcrumb\",\"itemListElement\":[{\"@type\":\"ListItem\",\"position\":1,\"name\":\"Home\",\"item\":\"https:\/\/www.kirkonulkomaanapu.fi\/en\/\"},{\"@type\":\"ListItem\",\"position\":2,\"name\":\"Where we work\",\"item\":\"https:\/\/www.kirkonulkomaanapu.fi\/en\/where-we-work\/\"},{\"@type\":\"ListItem\",\"position\":3,\"name\":\"Ukraine\"}]},{\"@type\":\"WebSite\",\"@id\":\"https:\/\/www.kirkonulkomaanapu.fi\/#website\",\"url\":\"https:\/\/www.kirkonulkomaanapu.fi\/\",\"name\":\"Kirkon Ulkomaanapu\",\"description\":\"Suomen suurin kehitysyhteisty\u00f6j\u00e4rjest\u00f6\",\"publisher\":{\"@id\":\"https:\/\/www.kirkonulkomaanapu.fi\/#organization\"},\"alternateName\":\"KUA\",\"potentialAction\":[{\"@type\":\"SearchAction\",\"target\":{\"@type\":\"EntryPoint\",\"urlTemplate\":\"https:\/\/www.kirkonulkomaanapu.fi\/?s={search_term_string}\"},\"query-input\":{\"@type\":\"PropertyValueSpecification\",\"valueRequired\":true,\"valueName\":\"search_term_string\"}}],\"inLanguage\":\"en-US\"},{\"@type\":\"Organization\",\"@id\":\"https:\/\/www.kirkonulkomaanapu.fi\/#organization\",\"name\":\"Kirkon Ulkomaanapu\",\"alternateName\":\"KUA\",\"url\":\"https:\/\/www.kirkonulkomaanapu.fi\/\",\"logo\":{\"@type\":\"ImageObject\",\"inLanguage\":\"en-US\",\"@id\":\"https:\/\/www.kirkonulkomaanapu.fi\/#\/schema\/logo\/image\/\",\"url\":\"https:\/\/www.kirkonulkomaanapu.fi\/wp-content\/uploads\/2026\/02\/Kirkon-ulkomaanapu-logo-1.png\",\"contentUrl\":\"https:\/\/www.kirkonulkomaanapu.fi\/wp-content\/uploads\/2026\/02\/Kirkon-ulkomaanapu-logo-1.png\",\"width\":225,\"height\":225,\"caption\":\"Kirkon Ulkomaanapu\"},\"image\":{\"@id\":\"https:\/\/www.kirkonulkomaanapu.fi\/#\/schema\/logo\/image\/\"},\"sameAs\":[\"https:\/\/www.facebook.com\/Ulkomaanapu\/\",\"https:\/\/www.youtube.com\/user\/kirkonulkomaanapu\",\"https:\/\/instagram.com\/kirkon_ulkomaanapu\/\",\"https:\/\/www.linkedin.com\/company\/finn-church-aid\/\"]}]}<\/script>\n<!-- \/ Yoast SEO plugin. -->","yoast_head_json":{"title":"Ukraine - FCA Finn Church Aid - Action for Human Dignity","description":"Finn Church Aid\u2019s (FCA) work in Ukraine focuses on education, psychosocial support and rehabilitation of school structures.","robots":{"index":"index","follow":"follow","max-snippet":"max-snippet:-1","max-image-preview":"max-image-preview:large","max-video-preview":"max-video-preview:-1"},"canonical":"https:\/\/www.kirkonulkomaanapu.fi\/en\/where-we-work\/ukraine-2\/","og_locale":"en_US","og_type":"article","og_title":"Ukraine - FCA Finn Church Aid - Action for Human Dignity","og_description":"Finn Church Aid\u2019s (FCA) work in Ukraine focuses on education, psychosocial support and rehabilitation of school structures.","og_url":"https:\/\/www.kirkonulkomaanapu.fi\/en\/where-we-work\/ukraine-2\/","og_site_name":"FCA Finn Church Aid","article_publisher":"https:\/\/www.facebook.com\/Ulkomaanapu\/","article_modified_time":"2026-03-23T07:34:48+00:00","og_image":[{"width":2048,"height":1152,"url":"https:\/\/www.kirkonulkomaanapu.fi\/wp-content\/uploads\/2023\/02\/FCAmaps-eng-ukraine.jpg","type":"image\/jpeg"}],"twitter_misc":{"Est. reading time":"4 minutes"},"schema":{"@context":"https:\/\/schema.org","@graph":[{"@type":"WebPage","@id":"https:\/\/www.kirkonulkomaanapu.fi\/en\/where-we-work\/ukraine-2\/","url":"https:\/\/www.kirkonulkomaanapu.fi\/en\/where-we-work\/ukraine-2\/","name":"Ukraine - FCA Finn Church Aid - Action for Human Dignity","isPartOf":{"@id":"https:\/\/www.kirkonulkomaanapu.fi\/#website"},"primaryImageOfPage":{"@id":"https:\/\/www.kirkonulkomaanapu.fi\/en\/where-we-work\/ukraine-2\/#primaryimage"},"image":{"@id":"https:\/\/www.kirkonulkomaanapu.fi\/en\/where-we-work\/ukraine-2\/#primaryimage"},"thumbnailUrl":"https:\/\/www.kirkonulkomaanapu.fi\/wp-content\/uploads\/2023\/02\/FCAmaps-eng-ukraine.jpg","datePublished":"2023-02-21T13:08:02+00:00","dateModified":"2026-03-23T07:34:48+00:00","description":"Finn Church Aid\u2019s (FCA) work in Ukraine focuses on education, psychosocial support and rehabilitation of school structures.","breadcrumb":{"@id":"https:\/\/www.kirkonulkomaanapu.fi\/en\/where-we-work\/ukraine-2\/#breadcrumb"},"inLanguage":"en-US","potentialAction":[{"@type":"ReadAction","target":["https:\/\/www.kirkonulkomaanapu.fi\/en\/where-we-work\/ukraine-2\/"]}]},{"@type":"ImageObject","inLanguage":"en-US","@id":"https:\/\/www.kirkonulkomaanapu.fi\/en\/where-we-work\/ukraine-2\/#primaryimage","url":"https:\/\/www.kirkonulkomaanapu.fi\/wp-content\/uploads\/2023\/02\/FCAmaps-eng-ukraine.jpg","contentUrl":"https:\/\/www.kirkonulkomaanapu.fi\/wp-content\/uploads\/2023\/02\/FCAmaps-eng-ukraine.jpg","width":2048,"height":1152,"caption":"FCA in Ukraine map"},{"@type":"BreadcrumbList","@id":"https:\/\/www.kirkonulkomaanapu.fi\/en\/where-we-work\/ukraine-2\/#breadcrumb","itemListElement":[{"@type":"ListItem","position":1,"name":"Home","item":"https:\/\/www.kirkonulkomaanapu.fi\/en\/"},{"@type":"ListItem","position":2,"name":"Where we work","item":"https:\/\/www.kirkonulkomaanapu.fi\/en\/where-we-work\/"},{"@type":"ListItem","position":3,"name":"Ukraine"}]},{"@type":"WebSite","@id":"https:\/\/www.kirkonulkomaanapu.fi\/#website","url":"https:\/\/www.kirkonulkomaanapu.fi\/","name":"Kirkon Ulkomaanapu","description":"Suomen suurin kehitysyhteisty\u00f6j\u00e4rjest\u00f6","publisher":{"@id":"https:\/\/www.kirkonulkomaanapu.fi\/#organization"},"alternateName":"KUA","potentialAction":[{"@type":"SearchAction","target":{"@type":"EntryPoint","urlTemplate":"https:\/\/www.kirkonulkomaanapu.fi\/?s={search_term_string}"},"query-input":{"@type":"PropertyValueSpecification","valueRequired":true,"valueName":"search_term_string"}}],"inLanguage":"en-US"},{"@type":"Organization","@id":"https:\/\/www.kirkonulkomaanapu.fi\/#organization","name":"Kirkon Ulkomaanapu","alternateName":"KUA","url":"https:\/\/www.kirkonulkomaanapu.fi\/","logo":{"@type":"ImageObject","inLanguage":"en-US","@id":"https:\/\/www.kirkonulkomaanapu.fi\/#\/schema\/logo\/image\/","url":"https:\/\/www.kirkonulkomaanapu.fi\/wp-content\/uploads\/2026\/02\/Kirkon-ulkomaanapu-logo-1.png","contentUrl":"https:\/\/www.kirkonulkomaanapu.fi\/wp-content\/uploads\/2026\/02\/Kirkon-ulkomaanapu-logo-1.png","width":225,"height":225,"caption":"Kirkon Ulkomaanapu"},"image":{"@id":"https:\/\/www.kirkonulkomaanapu.fi\/#\/schema\/logo\/image\/"},"sameAs":["https:\/\/www.facebook.com\/Ulkomaanapu\/","https:\/\/www.youtube.com\/user\/kirkonulkomaanapu","https:\/\/instagram.com\/kirkon_ulkomaanapu\/","https:\/\/www.linkedin.com\/company\/finn-church-aid\/"]}]}},"_links":{"self":[{"href":"https:\/\/www.kirkonulkomaanapu.fi\/en\/wp-json\/wp\/v2\/pages\/137024","targetHints":{"allow":["GET"]}}],"collection":[{"href":"https:\/\/www.kirkonulkomaanapu.fi\/en\/wp-json\/wp\/v2\/pages"}],"about":[{"href":"https:\/\/www.kirkonulkomaanapu.fi\/en\/wp-json\/wp\/v2\/types\/page"}],"author":[{"embeddable":true,"href":"https:\/\/www.kirkonulkomaanapu.fi\/en\/wp-json\/wp\/v2\/users\/183"}],"replies":[{"embeddable":true,"href":"https:\/\/www.kirkonulkomaanapu.fi\/en\/wp-json\/wp\/v2\/comments?post=137024"}],"version-history":[{"count":3,"href":"https:\/\/www.kirkonulkomaanapu.fi\/en\/wp-json\/wp\/v2\/pages\/137024\/revisions"}],"predecessor-version":[{"id":160555,"href":"https:\/\/www.kirkonulkomaanapu.fi\/en\/wp-json\/wp\/v2\/pages\/137024\/revisions\/160555"}],"up":[{"embeddable":true,"href":"https:\/\/www.kirkonulkomaanapu.fi\/en\/wp-json\/wp\/v2\/pages\/97996"}],"wp:featuredmedia":[{"embeddable":true,"href":"https:\/\/www.kirkonulkomaanapu.fi\/en\/wp-json\/wp\/v2\/media\/136732"}],"wp:attachment":[{"href":"https:\/\/www.kirkonulkomaanapu.fi\/en\/wp-json\/wp\/v2\/media?parent=137024"}],"curies":[{"name":"wp","href":"https:\/\/api.w.org\/{rel}","templated":true}]}}