{"id":116186,"date":"2021-05-10T13:50:36","date_gmt":"2021-05-10T10:50:36","guid":{"rendered":"https:\/\/www.kirkonulkomaanapu.fi\/?page_id=116186"},"modified":"2025-12-03T10:18:56","modified_gmt":"2025-12-03T08:18:56","slug":"quality-responsibility","status":"publish","type":"page","link":"https:\/\/www.kirkonulkomaanapu.fi\/en\/us\/quality-responsibility\/","title":{"rendered":"Quality and Accountability"},"content":{"rendered":"\n\n\n<div class=\"block-hero full-width id-block\" style=\"background-image: url('https:\/\/www.kirkonulkomaanapu.fi\/wp-content\/uploads\/2021\/05\/Vastuullisuus-scaled.jpg');\">\n\n\t<div class=\"bg-mobile\" style=\"background-image: url('https:\/\/www.kirkonulkomaanapu.fi\/wp-content\/uploads\/2021\/05\/Vastuullisuus-1024x683.jpg');\"><\/div>\n\n\t\n\t<div class=\"curtain\"><\/div>\n\n\t<div class=\"container\">\n\t\t<div class=\"row\">\n\t\t\t<div class=\"col\">\n\t\t\t\t<div class=\"inner-blocks entry-content\">\n\t\t\t\t\t\t\t\t\t\t\t\n<h2 class=\"is-style-brush\" ><span class=\"bg\">\nQuality and <span class=\"is-highlighted\">Accountability<\/span>\n<\/span><\/h2><h2 class=\"is-style-brush mobile\" ><span class=\"bg\">Quality<\/span><span class=\"bg\">and<\/span><span class=\"is-highlighted\"><span class=\"bg\">Accountability<\/span><\/span><\/h2>\n\n\n<p><\/p>\n\n\n\t\t\t\t\t\t\t\t\t<\/div>\n\t\t\t<\/div>\n\t\t<\/div>\n\t<\/div>\n<\/div>\n\n\n<div class=\"subpage-navigation id-block full-width\">\n    <div class=\"container-lg\">\n        <div class=\"row\">\n            <div class=\"col\">\n                <ul class=\"pages\">\n                                        <li class=\"page ancestor\">\n                        <a href=\"https:\/\/www.kirkonulkomaanapu.fi\/en\/us\/\">About us<\/a>\n                    <\/li>\n                                        <li class=\"page ancestor current\">\n                        <a href=\"https:\/\/www.kirkonulkomaanapu.fi\/en\/us\/quality-responsibility\/\">Quality and Accountability<\/a>\n                    <\/li>\n                    \n                                        <li class=\"page\">\n                        <a href=\"https:\/\/www.kirkonulkomaanapu.fi\/en\/us\/quality-responsibility\/procurements\/\">Procurements<\/a>\n                    <\/li>\n                                    <\/ul>\n            <\/div>\n        <\/div>\n    <\/div>\n<\/div>\n\n\n\n\n\n\n<p>The&nbsp;operations&nbsp;of Finn Church Aid (FCA)&nbsp;are planned and executed by&nbsp;professional staff&nbsp;with a wide range of expertise&nbsp;and&nbsp;contextual knowledge of our operational environments. We do regular monitoring, evaluation and risk management and base our work on international and internal codes, principles and standards of quality and accountability.&nbsp;<\/p>\n\n\n\n<p>We have zero-tolerance for sexual exploitation and&nbsp;all forms of&nbsp;abuse.<\/p>\n\n\n\n<p>We&nbsp;abide by the <a href=\"https:\/\/spherestandards.org\/\" target=\"_blank\" rel=\"noreferrer noopener\">International Humanitarian Charter and Minimum Standards in Humanitarian Responses (Sphere Standards)<\/a>&nbsp;in the&nbsp;quality assurance&nbsp;of our work.<\/p>\n\n\n<div class=\"wp-block-image\">\n<figure class=\"alignright size-full\"><img loading=\"lazy\" decoding=\"async\" width=\"263\" height=\"259\" src=\"https:\/\/www.kirkonulkomaanapu.fi\/wp-content\/uploads\/2025\/11\/HQAI-Certification-Mark_FinnChurchAid_2023-10-09.jpg\" alt=\"CHS ympyr\u00e4n muotoinen logo.\" class=\"wp-image-158646\" srcset=\"https:\/\/www.kirkonulkomaanapu.fi\/wp-content\/uploads\/2025\/11\/HQAI-Certification-Mark_FinnChurchAid_2023-10-09.jpg 263w, https:\/\/www.kirkonulkomaanapu.fi\/wp-content\/uploads\/2025\/11\/HQAI-Certification-Mark_FinnChurchAid_2023-10-09-181x178.jpg 181w\" sizes=\"auto, (max-width: 263px) 100vw, 263px\" \/><\/figure>\n<\/div>\n\n\n<p>We are a member of the <a href=\"https:\/\/www.chsalliance.org\/\">CHS Alliance<\/a> and the first Finnish organisation certified against the<a href=\"https:\/\/www.corehumanitarianstandard.org\/\"> Core Humanitarian Standard (CHS) on Quality and Accountability<\/a> by the independent auditing body HQAI. Our certification objectively demonstrates that FCA complies with the requirements of the CHS. Access <a href=\"https:\/\/www.hqai.org\/en\/network\/audited-partners\/certified-partners\/finn-church-aid\/\">FCA\u2019s summary reports on HQAI\u2019s website<\/a>.<\/p>\n\n\n\n<p>We implement <a href=\"https:\/\/www.kirkonulkomaanapu.fi\/wp-content\/uploads\/2024\/05\/FCA_Safeguarding-Policy.pdf\">a safeguarding policy<\/a> to protect children and vulnerable adults and ensure their best interest.<\/p>\n\n\n\n<p>We require our&nbsp;staff&nbsp;to&nbsp;sign a <a href=\"https:\/\/www.kirkonulkomaanapu.fi\/wp-content\/uploads\/2024\/09\/FCA-Staff-Code-of-Conduct_14122021_en_1.1-1.pdf\">Code of Conduct<\/a> that obliges every individual&nbsp;staff member&nbsp;to&nbsp;act ethically and responsibly and respect gender equality and human rights.<\/p>\n\n\n\n<p>We follow the global Anti-Money&nbsp;Laundering and Combating the Financing of Terrorism Policy. <\/p>\n\n\n\n<p>We operate according to good governance and accounting practices&nbsp;across our&nbsp;organisation.&nbsp;<\/p>\n\n\n\n<h2 class=\"wp-block-heading\"><strong>Complaint handling<\/strong>&nbsp;<\/h2>\n\n\n\n<p>If you think that we have not lived up to our commitments or have witnessed misconduct from\u202four staff member, it is your right to\u202f<a href=\"https:\/\/www.kirkonulkomaanapu.fi\/en\/contacts\/complaints\/\">make a complaint.&nbsp;<\/a><\/p>\n\n\n\n<h2 class=\"wp-block-heading\"><strong>L<\/strong><strong>earning<\/strong><strong>,<\/strong><strong>&nbsp;<\/strong><strong>e<\/strong><strong>valuati<\/strong><strong>ng<\/strong><strong>&nbsp;and&nbsp;<\/strong><strong>sharing&nbsp;<\/strong><strong>knowledge<\/strong>&nbsp;<\/h2>\n\n\n\n<p>Our local partners are the experts of their context, and we select our partners with care. We support&nbsp;our partners&nbsp;in developing their operations&nbsp;and&nbsp;competence&nbsp;and ensuring that they have a safe and healthy working environment. We invest in&nbsp;developing the professional skills&nbsp;of all our staff and partners and learn together.&nbsp;&nbsp;<\/p>\n\n\n\n<p>At the beginning of any&nbsp;program, we carefully assess\u202fthe&nbsp;operational environment, related risks, local resources and other factors&nbsp;that can affect&nbsp;our work. We&nbsp;consider&nbsp;other actors&nbsp;and&nbsp;their objectives&nbsp;and&nbsp;aim to complement them&nbsp;with&nbsp;our&nbsp;added value,&nbsp;thematic knowledge,&nbsp;experience and connections to international and domestic networks.&nbsp;<\/p>\n\n\n\n<p>Together with our partners, we ensure that local people and communities participate in planning, executing and evaluating projects that affect them.&nbsp;The participation of beneficiaries and the surrounding communities strengthen local responsibility and ownership,\u202fwhich helps projects achieve&nbsp;lasting results.&nbsp;<\/p>\n\n\n\n<p>We regularly monitor the progress of our programmes and projects&nbsp;with our partners. In addition to follow-ups, we carry out profound programme and project evaluations conducted by independent experts at regular intervals.&nbsp;<\/p>\n\n\n\n<p>The&nbsp;follow-ups and evaluations&nbsp;keep us informed whether&nbsp;our work is producing the desired results or not.&nbsp;With the help of&nbsp;evaluations, we can&nbsp;make&nbsp;changes to&nbsp;our programmes as early as possible&nbsp;when needed to ensure that&nbsp;we meet&nbsp;our objectives. Both positive and negative experiences help us learn to work better and more efficiently.&nbsp;<\/p>\n\n\n\n<p>Our internal reporting and evaluation system allows us to share lessons learnt across the entire organisation and with our partners. Our donors, such as the Ministry for Foreign Affairs Finland,&nbsp;also&nbsp;monitor&nbsp;and evaluate us.&nbsp;&nbsp;<\/p>\n\n\n\n<div class=\"wp-block-buttons is-layout-flex wp-block-buttons-is-layout-flex\">\n<div class=\"wp-block-button\"><a class=\"wp-block-button__link wp-element-button\" href=\"https:\/\/www.kirkonulkomaanapu.fi\/en\/evaluation-reports\/\">Summaries of our evaluation reports<\/a><\/div>\n<\/div>\n\n\n\n<h2 class=\"wp-block-heading\"><strong>Procurement<\/strong>&nbsp;<\/h2>\n\n\n\n<p>Responsible and open use of resources in accordance with good management practices and the principles of sustainable development are a starting point for all of our operations. We appreciate all resources that are donated to us and strive to utilise them in an open and efficient manner.<\/p>\n\n\n\n<p>A significant part of the funds available for development cooperation and disaster-related work is used to purchase various goods and services. The ultimate goal of all procurement is to support the people who are most disadvantaged. FCA offices and local partner organisations are responsible for ensuring that beneficiaries get maximum benefit from the funds donated to our work.<\/p>\n\n\n\n<p>We aim to conduct all procurement activities in an ethical and environmentally sustainable manner. In addition to financial considerations, the procurement of goods and services at FCA takes into account values such as good governance, employment conditions and environmental impact. Supporting local communities is an essential part of development cooperation, and we strive to purchase locally produced goods and services whenever possible and feasible.<\/p>\n\n\n\n<p>Procurements are conducted in accordance with specified procedures, in a transparent and accountable manner, and in line with relevant legislation. All tenderers are treated equally without discrimination.<br><br><strong>Contact information:<\/strong>&nbsp;<br>Finn Church Aid&nbsp;<br>P.O.Box&nbsp;210\u202f(Etel\u00e4ranta&nbsp;8)&nbsp;<br>FI-00131 Helsinki&nbsp;<\/p>\n\n\n\n<p><br><a href=\"mailto:procurement@kirkonulkomaanapu.fi\" target=\"_blank\" rel=\"noreferrer noopener\">procurement@kua.fi<\/a>&nbsp;<\/p>\n\n\n\n<h2 class=\"wp-block-heading\">Open bidding procedures&nbsp;<\/h2>\n\n\n\n<p><em>Currently we do not have any open bidding procedures.<\/em>&nbsp;<\/p>\n","protected":false},"excerpt":{"rendered":"<p>The&nbsp;operations&nbsp;of Finn Church Aid (FCA)&nbsp;are planned and executed by&nbsp;professional staff&nbsp;with a wide range of expertise&nbsp;and&nbsp;contextual knowledge of our operational environments. We do regular monitoring, evaluation and risk management and base our work on international and internal codes, principles and standards of quality and accountability.&nbsp; We have zero-tolerance for sexual exploitation and&nbsp;all forms of&nbsp;abuse. We&nbsp;abide by [&hellip;]<\/p>\n","protected":false},"author":146,"featured_media":0,"parent":116157,"menu_order":6,"comment_status":"closed","ping_status":"open","template":"page-templates\/yhteystiedot.php","meta":{"_acf_changed":false,"_relevanssi_hide_post":"","_relevanssi_hide_content":"","_relevanssi_pin_for_all":"","_relevanssi_pin_keywords":"","_relevanssi_unpin_keywords":"","_relevanssi_related_keywords":"","_relevanssi_related_include_ids":"","_relevanssi_related_exclude_ids":"","_relevanssi_related_no_append":"","_relevanssi_related_not_related":"","_relevanssi_related_posts":"114522,115774,114990,110039,91409,71863","_relevanssi_noindex_reason":"","_improvement_type_select":"improve_an_existing","_thumb_yes_seoaic":false,"_frame_yes_seoaic":false,"seoaic_generate_description":"","seoaic_improve_instructions_prompt":"","seoaic_rollback_content_improvement":"","seoaic_idea_thumbnail_generator":"","thumbnail_generated":false,"thumbnail_generate_prompt":"","seoaic_article_description":"","footnotes":""},"class_list":["post-116186","page","type-page","status-publish","hentry"],"acf":[],"yoast_head":"<!-- This site is optimized with the Yoast SEO plugin v26.9 - https:\/\/yoast.com\/product\/yoast-seo-wordpress\/ -->\n<title>Quality Accountability Effectiveness - Finn Church Aid<\/title>\n<meta name=\"description\" content=\"Our work is guided by international and internal codes and standards on quality, accountability and effectiveness.\" \/>\n<meta name=\"robots\" content=\"index, follow, max-snippet:-1, max-image-preview:large, max-video-preview:-1\" \/>\n<link rel=\"canonical\" href=\"https:\/\/www.kirkonulkomaanapu.fi\/en\/us\/quality-responsibility\/\" \/>\n<meta property=\"og:locale\" content=\"en_US\" \/>\n<meta property=\"og:type\" content=\"article\" \/>\n<meta property=\"og:title\" content=\"Quality Accountability Effectiveness - Finn Church Aid\" \/>\n<meta property=\"og:description\" content=\"Our work is guided by international and internal codes and standards on quality, accountability and effectiveness.\" \/>\n<meta property=\"og:url\" content=\"https:\/\/www.kirkonulkomaanapu.fi\/en\/us\/quality-responsibility\/\" \/>\n<meta property=\"og:site_name\" content=\"FCA Finn Church Aid\" \/>\n<meta property=\"article:publisher\" content=\"https:\/\/www.facebook.com\/Ulkomaanapu\/\" \/>\n<meta property=\"article:modified_time\" content=\"2025-12-03T08:18:56+00:00\" \/>\n<meta property=\"og:image\" content=\"https:\/\/www.kirkonulkomaanapu.fi\/wp-content\/uploads\/2025\/11\/HQAI-Certification-Mark_FinnChurchAid_2023-10-09.jpg\" \/>\n\t<meta property=\"og:image:width\" content=\"263\" \/>\n\t<meta property=\"og:image:height\" content=\"259\" \/>\n\t<meta property=\"og:image:type\" content=\"image\/jpeg\" \/>\n<meta name=\"twitter:label1\" content=\"Est. reading time\" \/>\n\t<meta name=\"twitter:data1\" content=\"5 minutes\" \/>\n<script type=\"application\/ld+json\" class=\"yoast-schema-graph\">{\"@context\":\"https:\/\/schema.org\",\"@graph\":[{\"@type\":\"WebPage\",\"@id\":\"https:\/\/www.kirkonulkomaanapu.fi\/en\/us\/quality-responsibility\/\",\"url\":\"https:\/\/www.kirkonulkomaanapu.fi\/en\/us\/quality-responsibility\/\",\"name\":\"Quality Accountability Effectiveness - Finn Church Aid\",\"isPartOf\":{\"@id\":\"https:\/\/www.kirkonulkomaanapu.fi\/#website\"},\"primaryImageOfPage\":{\"@id\":\"https:\/\/www.kirkonulkomaanapu.fi\/en\/us\/quality-responsibility\/#primaryimage\"},\"image\":{\"@id\":\"https:\/\/www.kirkonulkomaanapu.fi\/en\/us\/quality-responsibility\/#primaryimage\"},\"thumbnailUrl\":\"https:\/\/www.kirkonulkomaanapu.fi\/wp-content\/uploads\/2025\/11\/HQAI-Certification-Mark_FinnChurchAid_2023-10-09.jpg\",\"datePublished\":\"2021-05-10T10:50:36+00:00\",\"dateModified\":\"2025-12-03T08:18:56+00:00\",\"description\":\"Our work is guided by international and internal codes and standards on quality, accountability and effectiveness.\",\"breadcrumb\":{\"@id\":\"https:\/\/www.kirkonulkomaanapu.fi\/en\/us\/quality-responsibility\/#breadcrumb\"},\"inLanguage\":\"en-US\",\"potentialAction\":[{\"@type\":\"ReadAction\",\"target\":[\"https:\/\/www.kirkonulkomaanapu.fi\/en\/us\/quality-responsibility\/\"]}]},{\"@type\":\"ImageObject\",\"inLanguage\":\"en-US\",\"@id\":\"https:\/\/www.kirkonulkomaanapu.fi\/en\/us\/quality-responsibility\/#primaryimage\",\"url\":\"https:\/\/www.kirkonulkomaanapu.fi\/wp-content\/uploads\/2025\/11\/HQAI-Certification-Mark_FinnChurchAid_2023-10-09.jpg\",\"contentUrl\":\"https:\/\/www.kirkonulkomaanapu.fi\/wp-content\/uploads\/2025\/11\/HQAI-Certification-Mark_FinnChurchAid_2023-10-09.jpg\"},{\"@type\":\"BreadcrumbList\",\"@id\":\"https:\/\/www.kirkonulkomaanapu.fi\/en\/us\/quality-responsibility\/#breadcrumb\",\"itemListElement\":[{\"@type\":\"ListItem\",\"position\":1,\"name\":\"Home\",\"item\":\"https:\/\/www.kirkonulkomaanapu.fi\/en\/\"},{\"@type\":\"ListItem\",\"position\":2,\"name\":\"About us\",\"item\":\"https:\/\/www.kirkonulkomaanapu.fi\/en\/us\/\"},{\"@type\":\"ListItem\",\"position\":3,\"name\":\"Quality and Accountability\"}]},{\"@type\":\"WebSite\",\"@id\":\"https:\/\/www.kirkonulkomaanapu.fi\/#website\",\"url\":\"https:\/\/www.kirkonulkomaanapu.fi\/\",\"name\":\"Kirkon Ulkomaanapu\",\"description\":\"Suomen suurin kehitysyhteisty\u00f6j\u00e4rjest\u00f6\",\"publisher\":{\"@id\":\"https:\/\/www.kirkonulkomaanapu.fi\/#organization\"},\"alternateName\":\"KUA\",\"potentialAction\":[{\"@type\":\"SearchAction\",\"target\":{\"@type\":\"EntryPoint\",\"urlTemplate\":\"https:\/\/www.kirkonulkomaanapu.fi\/?s={search_term_string}\"},\"query-input\":{\"@type\":\"PropertyValueSpecification\",\"valueRequired\":true,\"valueName\":\"search_term_string\"}}],\"inLanguage\":\"en-US\"},{\"@type\":\"Organization\",\"@id\":\"https:\/\/www.kirkonulkomaanapu.fi\/#organization\",\"name\":\"Kirkon Ulkomaanapu\",\"alternateName\":\"KUA\",\"url\":\"https:\/\/www.kirkonulkomaanapu.fi\/\",\"logo\":{\"@type\":\"ImageObject\",\"inLanguage\":\"en-US\",\"@id\":\"https:\/\/www.kirkonulkomaanapu.fi\/#\/schema\/logo\/image\/\",\"url\":\"https:\/\/www.kirkonulkomaanapu.fi\/wp-content\/uploads\/2026\/02\/Kirkon-ulkomaanapu-logo-1.png\",\"contentUrl\":\"https:\/\/www.kirkonulkomaanapu.fi\/wp-content\/uploads\/2026\/02\/Kirkon-ulkomaanapu-logo-1.png\",\"width\":225,\"height\":225,\"caption\":\"Kirkon Ulkomaanapu\"},\"image\":{\"@id\":\"https:\/\/www.kirkonulkomaanapu.fi\/#\/schema\/logo\/image\/\"},\"sameAs\":[\"https:\/\/www.facebook.com\/Ulkomaanapu\/\",\"https:\/\/www.youtube.com\/user\/kirkonulkomaanapu\",\"https:\/\/instagram.com\/kirkon_ulkomaanapu\/\",\"https:\/\/www.linkedin.com\/company\/finn-church-aid\/\"]}]}<\/script>\n<!-- \/ Yoast SEO plugin. -->","yoast_head_json":{"title":"Quality Accountability Effectiveness - Finn Church Aid","description":"Our work is guided by international and internal codes and standards on quality, accountability and effectiveness.","robots":{"index":"index","follow":"follow","max-snippet":"max-snippet:-1","max-image-preview":"max-image-preview:large","max-video-preview":"max-video-preview:-1"},"canonical":"https:\/\/www.kirkonulkomaanapu.fi\/en\/us\/quality-responsibility\/","og_locale":"en_US","og_type":"article","og_title":"Quality Accountability Effectiveness - Finn Church Aid","og_description":"Our work is guided by international and internal codes and standards on quality, accountability and effectiveness.","og_url":"https:\/\/www.kirkonulkomaanapu.fi\/en\/us\/quality-responsibility\/","og_site_name":"FCA Finn Church Aid","article_publisher":"https:\/\/www.facebook.com\/Ulkomaanapu\/","article_modified_time":"2025-12-03T08:18:56+00:00","og_image":[{"width":263,"height":259,"url":"https:\/\/www.kirkonulkomaanapu.fi\/wp-content\/uploads\/2025\/11\/HQAI-Certification-Mark_FinnChurchAid_2023-10-09.jpg","type":"image\/jpeg"}],"twitter_misc":{"Est. reading time":"5 minutes"},"schema":{"@context":"https:\/\/schema.org","@graph":[{"@type":"WebPage","@id":"https:\/\/www.kirkonulkomaanapu.fi\/en\/us\/quality-responsibility\/","url":"https:\/\/www.kirkonulkomaanapu.fi\/en\/us\/quality-responsibility\/","name":"Quality Accountability Effectiveness - Finn Church Aid","isPartOf":{"@id":"https:\/\/www.kirkonulkomaanapu.fi\/#website"},"primaryImageOfPage":{"@id":"https:\/\/www.kirkonulkomaanapu.fi\/en\/us\/quality-responsibility\/#primaryimage"},"image":{"@id":"https:\/\/www.kirkonulkomaanapu.fi\/en\/us\/quality-responsibility\/#primaryimage"},"thumbnailUrl":"https:\/\/www.kirkonulkomaanapu.fi\/wp-content\/uploads\/2025\/11\/HQAI-Certification-Mark_FinnChurchAid_2023-10-09.jpg","datePublished":"2021-05-10T10:50:36+00:00","dateModified":"2025-12-03T08:18:56+00:00","description":"Our work is guided by international and internal codes and standards on quality, accountability and effectiveness.","breadcrumb":{"@id":"https:\/\/www.kirkonulkomaanapu.fi\/en\/us\/quality-responsibility\/#breadcrumb"},"inLanguage":"en-US","potentialAction":[{"@type":"ReadAction","target":["https:\/\/www.kirkonulkomaanapu.fi\/en\/us\/quality-responsibility\/"]}]},{"@type":"ImageObject","inLanguage":"en-US","@id":"https:\/\/www.kirkonulkomaanapu.fi\/en\/us\/quality-responsibility\/#primaryimage","url":"https:\/\/www.kirkonulkomaanapu.fi\/wp-content\/uploads\/2025\/11\/HQAI-Certification-Mark_FinnChurchAid_2023-10-09.jpg","contentUrl":"https:\/\/www.kirkonulkomaanapu.fi\/wp-content\/uploads\/2025\/11\/HQAI-Certification-Mark_FinnChurchAid_2023-10-09.jpg"},{"@type":"BreadcrumbList","@id":"https:\/\/www.kirkonulkomaanapu.fi\/en\/us\/quality-responsibility\/#breadcrumb","itemListElement":[{"@type":"ListItem","position":1,"name":"Home","item":"https:\/\/www.kirkonulkomaanapu.fi\/en\/"},{"@type":"ListItem","position":2,"name":"About us","item":"https:\/\/www.kirkonulkomaanapu.fi\/en\/us\/"},{"@type":"ListItem","position":3,"name":"Quality and Accountability"}]},{"@type":"WebSite","@id":"https:\/\/www.kirkonulkomaanapu.fi\/#website","url":"https:\/\/www.kirkonulkomaanapu.fi\/","name":"Kirkon Ulkomaanapu","description":"Suomen suurin kehitysyhteisty\u00f6j\u00e4rjest\u00f6","publisher":{"@id":"https:\/\/www.kirkonulkomaanapu.fi\/#organization"},"alternateName":"KUA","potentialAction":[{"@type":"SearchAction","target":{"@type":"EntryPoint","urlTemplate":"https:\/\/www.kirkonulkomaanapu.fi\/?s={search_term_string}"},"query-input":{"@type":"PropertyValueSpecification","valueRequired":true,"valueName":"search_term_string"}}],"inLanguage":"en-US"},{"@type":"Organization","@id":"https:\/\/www.kirkonulkomaanapu.fi\/#organization","name":"Kirkon Ulkomaanapu","alternateName":"KUA","url":"https:\/\/www.kirkonulkomaanapu.fi\/","logo":{"@type":"ImageObject","inLanguage":"en-US","@id":"https:\/\/www.kirkonulkomaanapu.fi\/#\/schema\/logo\/image\/","url":"https:\/\/www.kirkonulkomaanapu.fi\/wp-content\/uploads\/2026\/02\/Kirkon-ulkomaanapu-logo-1.png","contentUrl":"https:\/\/www.kirkonulkomaanapu.fi\/wp-content\/uploads\/2026\/02\/Kirkon-ulkomaanapu-logo-1.png","width":225,"height":225,"caption":"Kirkon Ulkomaanapu"},"image":{"@id":"https:\/\/www.kirkonulkomaanapu.fi\/#\/schema\/logo\/image\/"},"sameAs":["https:\/\/www.facebook.com\/Ulkomaanapu\/","https:\/\/www.youtube.com\/user\/kirkonulkomaanapu","https:\/\/instagram.com\/kirkon_ulkomaanapu\/","https:\/\/www.linkedin.com\/company\/finn-church-aid\/"]}]}},"_links":{"self":[{"href":"https:\/\/www.kirkonulkomaanapu.fi\/en\/wp-json\/wp\/v2\/pages\/116186","targetHints":{"allow":["GET"]}}],"collection":[{"href":"https:\/\/www.kirkonulkomaanapu.fi\/en\/wp-json\/wp\/v2\/pages"}],"about":[{"href":"https:\/\/www.kirkonulkomaanapu.fi\/en\/wp-json\/wp\/v2\/types\/page"}],"author":[{"embeddable":true,"href":"https:\/\/www.kirkonulkomaanapu.fi\/en\/wp-json\/wp\/v2\/users\/146"}],"replies":[{"embeddable":true,"href":"https:\/\/www.kirkonulkomaanapu.fi\/en\/wp-json\/wp\/v2\/comments?post=116186"}],"version-history":[{"count":2,"href":"https:\/\/www.kirkonulkomaanapu.fi\/en\/wp-json\/wp\/v2\/pages\/116186\/revisions"}],"predecessor-version":[{"id":158692,"href":"https:\/\/www.kirkonulkomaanapu.fi\/en\/wp-json\/wp\/v2\/pages\/116186\/revisions\/158692"}],"up":[{"embeddable":true,"href":"https:\/\/www.kirkonulkomaanapu.fi\/en\/wp-json\/wp\/v2\/pages\/116157"}],"wp:attachment":[{"href":"https:\/\/www.kirkonulkomaanapu.fi\/en\/wp-json\/wp\/v2\/media?parent=116186"}],"curies":[{"name":"wp","href":"https:\/\/api.w.org\/{rel}","templated":true}]}}