{"id":116178,"date":"2021-05-10T13:46:39","date_gmt":"2021-05-10T10:46:39","guid":{"rendered":"https:\/\/www.kirkonulkomaanapu.fi\/?page_id=116178"},"modified":"2025-11-13T10:46:20","modified_gmt":"2025-11-13T08:46:20","slug":"finances","status":"publish","type":"page","link":"https:\/\/www.kirkonulkomaanapu.fi\/en\/us\/finances\/","title":{"rendered":"Finances"},"content":{"rendered":"\n\n\n<div class=\"block-hero full-width id-block\" style=\"background-image: url('https:\/\/www.kirkonulkomaanapu.fi\/wp-content\/uploads\/2021\/05\/Talous-scaled.jpg');\">\n\n\t<div class=\"bg-mobile\" style=\"background-image: url('https:\/\/www.kirkonulkomaanapu.fi\/wp-content\/uploads\/2021\/05\/Talous-1024x683.jpg');\"><\/div>\n\n\t\n\t<div class=\"curtain\"><\/div>\n\n\t<div class=\"container\">\n\t\t<div class=\"row\">\n\t\t\t<div class=\"col\">\n\t\t\t\t<div class=\"inner-blocks entry-content\">\n\t\t\t\t\t\t\t\t\t\t\t\n<h1 class=\"is-style-brush\" ><span class=\"bg\">\nFinances\n<\/span><\/h1><h1 class=\"is-style-brush mobile\" ><span class=\"bg\">Finances<\/span><\/h1>\n\n\n<p><\/p>\n\n\n\t\t\t\t\t\t\t\t\t<\/div>\n\t\t\t<\/div>\n\t\t<\/div>\n\t<\/div>\n<\/div>\n\n\n<div class=\"subpage-navigation id-block full-width\">\n    <div class=\"container-lg\">\n        <div class=\"row\">\n            <div class=\"col\">\n                <ul class=\"pages\">\n                                        <li class=\"page ancestor\">\n                        <a href=\"https:\/\/www.kirkonulkomaanapu.fi\/en\/us\/\">About us<\/a>\n                    <\/li>\n                                        <li class=\"page ancestor current\">\n                        <a href=\"https:\/\/www.kirkonulkomaanapu.fi\/en\/us\/finances\/\">Finances<\/a>\n                    <\/li>\n                    \n                                        <li class=\"page\">\n                        <a href=\"https:\/\/www.kirkonulkomaanapu.fi\/en\/us\/finances\/board-directors\/\">Board of Directors<\/a>\n                    <\/li>\n                                    <\/ul>\n            <\/div>\n        <\/div>\n    <\/div>\n<\/div>\n\n\n\n\n\n\n<p>Finn Church Aid (FCA) is Finland\u2019s largest&nbsp;international aid&nbsp;organisation&nbsp;based on the funding for our program work in 12 countries in Asia, Africa and the Middle East. Since 2022, FCA has also operated a country office in Ukraine.<\/p>\n\n\n\n<p>Our four&nbsp;main funding sources&nbsp;are&nbsp;parish and church contributions, private donations, government funding and international funding.&nbsp;In 2024, FCA\u2019s fundraising amounted to 74,5 million euros.<\/p>\n\n\n\n<figure class=\"wp-block-image size-large\"><img loading=\"lazy\" decoding=\"async\" width=\"1024\" height=\"763\" src=\"https:\/\/www.kirkonulkomaanapu.fi\/wp-content\/uploads\/2025\/08\/FCA-finances-2024-income-1024x763.jpg\" alt=\"\" class=\"wp-image-156247\" srcset=\"https:\/\/www.kirkonulkomaanapu.fi\/wp-content\/uploads\/2025\/08\/FCA-finances-2024-income-1024x763.jpg 1024w, https:\/\/www.kirkonulkomaanapu.fi\/wp-content\/uploads\/2025\/08\/FCA-finances-2024-income-480x358.jpg 480w, https:\/\/www.kirkonulkomaanapu.fi\/wp-content\/uploads\/2025\/08\/FCA-finances-2024-income-768x572.jpg 768w, https:\/\/www.kirkonulkomaanapu.fi\/wp-content\/uploads\/2025\/08\/FCA-finances-2024-income-239x178.jpg 239w, https:\/\/www.kirkonulkomaanapu.fi\/wp-content\/uploads\/2025\/08\/FCA-finances-2024-income.jpg 1110w\" sizes=\"auto, (max-width: 1024px) 100vw, 1024px\" \/><\/figure>\n\n\n\n<p>In 2024,&nbsp;our operations cost&nbsp;75,3 million&nbsp;euros,&nbsp;of which&nbsp;we used&nbsp;68,4&nbsp;million&nbsp;for international aid operations.&nbsp;We spent 6,9 million euros on&nbsp;our domestic operations,&nbsp;including&nbsp;fundraising and communications,&nbsp;and general administration,&nbsp;such as the Head Office, finance division and overhead.&nbsp;<\/p>\n\n\n\n<figure class=\"wp-block-image size-large\"><img loading=\"lazy\" decoding=\"async\" width=\"1024\" height=\"763\" src=\"https:\/\/www.kirkonulkomaanapu.fi\/wp-content\/uploads\/2025\/08\/FCA-finances-2024-expenditure-1024x763.jpg\" alt=\"\" class=\"wp-image-156244\" srcset=\"https:\/\/www.kirkonulkomaanapu.fi\/wp-content\/uploads\/2025\/08\/FCA-finances-2024-expenditure-1024x763.jpg 1024w, https:\/\/www.kirkonulkomaanapu.fi\/wp-content\/uploads\/2025\/08\/FCA-finances-2024-expenditure-480x358.jpg 480w, https:\/\/www.kirkonulkomaanapu.fi\/wp-content\/uploads\/2025\/08\/FCA-finances-2024-expenditure-768x572.jpg 768w, https:\/\/www.kirkonulkomaanapu.fi\/wp-content\/uploads\/2025\/08\/FCA-finances-2024-expenditure-239x178.jpg 239w, https:\/\/www.kirkonulkomaanapu.fi\/wp-content\/uploads\/2025\/08\/FCA-finances-2024-expenditure.jpg 1110w\" sizes=\"auto, (max-width: 1024px) 100vw, 1024px\" \/><\/figure>\n\n\n\n<p>FCA ensures&nbsp;that the available funds&nbsp;are used&nbsp;as&nbsp;productively and responsibly as possible. As one of&nbsp;Finland\u2019s leading&nbsp;development cooperation organisations, we have developed an internal audit supported by the board\u2019s inspection committee.&nbsp;Risk management&nbsp;is also&nbsp;a part of our operational planning and assessment. FCA&nbsp;is audited&nbsp;by KMPG, a global network of firms providing audit and advisory services.&nbsp;<\/p>\n\n\n\n\n\n\n<div class=\"block-accordion id-block\" data-jquery=\"accordion\">\n    <div class=\"accordion\">\n        <button class=\"open-accordion\" type=\"button\">\n            Annual Reports and Financial Information 2024\t<\/button>\n\n\t<div class=\"accordion-content\">\n\t    <div class=\"inner-blocks entry-content\">\n                \n\n<h3 class=\"wp-block-heading\"><\/h3>\n\n\n\n<p><a href=\"https:\/\/fca.contenthub.fi\/NiboWEB\/kirkonulkomaanapu\/digipaper.do?uuid=20797368&amp;ticket=33401cc837acae93d3fe0eda7059b334&amp;lang=en\">Annual Report 2024<\/a><br><a href=\"https:\/\/www.kirkonulkomaanapu.fi\/wp-content\/uploads\/2025\/06\/FCA_Financial-statements_Annual-Report_2024_V2.pdf\">Finn Church Aid Financial Statements and Annual Report 2024<\/a><br><a href=\"https:\/\/www.kirkonulkomaanapu.fi\/wp-content\/uploads\/2025\/08\/Kirkon-Ulkomaanapu-sr-ttk-2024-EN.pdf\">Auditor\u00b4s Report 2024<\/a><\/p>\n\n\n\t    <\/div>\n\t<\/div>\n    <\/div>\n<\/div>\n\n\n\n\n\n\n<div class=\"block-accordion id-block\" data-jquery=\"accordion\">\n    <div class=\"accordion\">\n        <button class=\"open-accordion\" type=\"button\">\n            Annual Reports and Financial Information 2023\t<\/button>\n\n\t<div class=\"accordion-content\">\n\t    <div class=\"inner-blocks entry-content\">\n                \n\n<h3 class=\"wp-block-heading\"><\/h3>\n\n\n\n<p><a href=\"https:\/\/www.kirkonulkomaanapu.fi\/wp-content\/uploads\/2024\/06\/FCA-Annual-Report-2023-web.pdf\" target=\"_blank\" rel=\"noreferrer noopener\">Annual Report 2023<\/a><br><a href=\"https:\/\/www.kirkonulkomaanapu.fi\/wp-content\/uploads\/2024\/06\/Finn-Church-Aid-Financial-Statements-and-Annual-Report-2023.pdf\" target=\"_blank\" rel=\"noreferrer noopener\">Finn Church Aid Financial Statements and Annual Report 2023<\/a><br><a href=\"https:\/\/www.kirkonulkomaanapu.fi\/wp-content\/uploads\/2024\/06\/Auditors-Report-2023.pdf\" target=\"_blank\" rel=\"noreferrer noopener\">Auditor&#8217;s Report 2023<\/a><\/p>\n\n\n\t    <\/div>\n\t<\/div>\n    <\/div>\n<\/div>\n\n\n\n\n\n\n<div class=\"block-accordion id-block\" data-jquery=\"accordion\">\n    <div class=\"accordion\">\n        <button class=\"open-accordion\" type=\"button\">\n            Annual Reports and Financial Information 2022\t<\/button>\n\n\t<div class=\"accordion-content\">\n\t    <div class=\"inner-blocks entry-content\">\n                \n\n<p><a href=\"https:\/\/www.kirkonulkomaanapu.fi\/wp-content\/uploads\/2023\/06\/FCA-Annual-Report-2022.pdf\" target=\"_blank\" rel=\"noreferrer noopener\">Annual Report 2022<\/a><br><a href=\"https:\/\/www.kirkonulkomaanapu.fi\/wp-content\/uploads\/2023\/06\/GP_AnnualReport2022_Final_interactive.pdf\" target=\"_blank\" rel=\"noreferrer noopener\">Global Programme Annual Report 2022<\/a><br><a href=\"https:\/\/www.kirkonulkomaanapu.fi\/wp-content\/uploads\/2023\/07\/FCA-Financial-Statements-and-Annual-Report-2022.pdf\" target=\"_blank\" rel=\"noreferrer noopener\">Finn Church Aid Financial Statements and Annual Report 2022<\/a><br><a href=\"https:\/\/www.kirkonulkomaanapu.fi\/wp-content\/uploads\/2023\/07\/FCA_Auditors_Report2022_EN.pdf\" target=\"_blank\" rel=\"noreferrer noopener\">Auditor&#8217;s Report 2022<\/a><\/p>\n\n\n\t    <\/div>\n\t<\/div>\n    <\/div>\n<\/div>\n\n\n\n<p><\/p>\n","protected":false},"excerpt":{"rendered":"<p>Finn Church Aid (FCA) is Finland\u2019s largest&nbsp;international aid&nbsp;organisation&nbsp;based on the funding for our program work in 12 countries in Asia, Africa and the Middle East. Since 2022, FCA has also operated a country office in Ukraine. Our four&nbsp;main funding sources&nbsp;are&nbsp;parish and church contributions, private donations, government funding and international funding.&nbsp;In 2024, FCA\u2019s fundraising amounted to [&hellip;]<\/p>\n","protected":false},"author":146,"featured_media":0,"parent":116157,"menu_order":0,"comment_status":"closed","ping_status":"open","template":"","meta":{"_acf_changed":false,"_relevanssi_hide_post":"","_relevanssi_hide_content":"","_relevanssi_pin_for_all":"","_relevanssi_pin_keywords":"","_relevanssi_unpin_keywords":"","_relevanssi_related_keywords":"","_relevanssi_related_include_ids":"","_relevanssi_related_exclude_ids":"","_relevanssi_related_no_append":"","_relevanssi_related_not_related":"","_relevanssi_related_posts":"115774,109706,71863,86522,67096,114990","_relevanssi_noindex_reason":"","_improvement_type_select":"improve_an_existing","_thumb_yes_seoaic":false,"_frame_yes_seoaic":false,"seoaic_generate_description":"","seoaic_improve_instructions_prompt":"","seoaic_rollback_content_improvement":"","seoaic_idea_thumbnail_generator":"","thumbnail_generated":false,"thumbnail_generate_prompt":"","seoaic_article_description":"","footnotes":""},"class_list":["post-116178","page","type-page","status-publish","hentry"],"acf":[],"yoast_head":"<!-- This site is optimized with the Yoast SEO plugin v26.9 - https:\/\/yoast.com\/product\/yoast-seo-wordpress\/ -->\n<title>Finances - Finn Church Aid - Finland&#039;s largest international aid organisation<\/title>\n<meta name=\"description\" content=\"In 2022, Finn Church Aid used\u00a068.8\u00a0million\u00a0for international aid operations.\u00a0The focus of our work remains on Africa. Learn more about our finances here.\" \/>\n<meta name=\"robots\" content=\"index, follow, max-snippet:-1, max-image-preview:large, max-video-preview:-1\" \/>\n<link rel=\"canonical\" href=\"https:\/\/www.kirkonulkomaanapu.fi\/en\/us\/finances\/\" \/>\n<meta property=\"og:locale\" content=\"en_US\" \/>\n<meta property=\"og:type\" content=\"article\" \/>\n<meta property=\"og:title\" content=\"Finances - Finn Church Aid - Finland&#039;s largest international aid organisation\" \/>\n<meta property=\"og:description\" content=\"In 2022, Finn Church Aid used\u00a068.8\u00a0million\u00a0for international aid operations.\u00a0The focus of our work remains on Africa. Learn more about our finances here.\" \/>\n<meta property=\"og:url\" content=\"https:\/\/www.kirkonulkomaanapu.fi\/en\/us\/finances\/\" \/>\n<meta property=\"og:site_name\" content=\"FCA Finn Church Aid\" \/>\n<meta property=\"article:publisher\" content=\"https:\/\/www.facebook.com\/Ulkomaanapu\/\" \/>\n<meta property=\"article:modified_time\" content=\"2025-11-13T08:46:20+00:00\" \/>\n<meta property=\"og:image\" content=\"https:\/\/www.kirkonulkomaanapu.fi\/wp-content\/uploads\/2025\/08\/FCA-finances-2024-income.jpg\" \/>\n\t<meta property=\"og:image:width\" content=\"1110\" \/>\n\t<meta property=\"og:image:height\" content=\"827\" \/>\n\t<meta property=\"og:image:type\" content=\"image\/jpeg\" \/>\n<meta name=\"twitter:label1\" content=\"Est. reading time\" \/>\n\t<meta name=\"twitter:data1\" content=\"2 minutes\" \/>\n<script type=\"application\/ld+json\" class=\"yoast-schema-graph\">{\"@context\":\"https:\/\/schema.org\",\"@graph\":[{\"@type\":\"WebPage\",\"@id\":\"https:\/\/www.kirkonulkomaanapu.fi\/en\/us\/finances\/\",\"url\":\"https:\/\/www.kirkonulkomaanapu.fi\/en\/us\/finances\/\",\"name\":\"Finances - Finn Church Aid - Finland's largest international aid organisation\",\"isPartOf\":{\"@id\":\"https:\/\/www.kirkonulkomaanapu.fi\/#website\"},\"primaryImageOfPage\":{\"@id\":\"https:\/\/www.kirkonulkomaanapu.fi\/en\/us\/finances\/#primaryimage\"},\"image\":{\"@id\":\"https:\/\/www.kirkonulkomaanapu.fi\/en\/us\/finances\/#primaryimage\"},\"thumbnailUrl\":\"https:\/\/www.kirkonulkomaanapu.fi\/wp-content\/uploads\/2025\/08\/FCA-finances-2024-income-1024x763.jpg\",\"datePublished\":\"2021-05-10T10:46:39+00:00\",\"dateModified\":\"2025-11-13T08:46:20+00:00\",\"description\":\"In 2022, Finn Church Aid used\u00a068.8\u00a0million\u00a0for international aid operations.\u00a0The focus of our work remains on Africa. Learn more about our finances here.\",\"breadcrumb\":{\"@id\":\"https:\/\/www.kirkonulkomaanapu.fi\/en\/us\/finances\/#breadcrumb\"},\"inLanguage\":\"en-US\",\"potentialAction\":[{\"@type\":\"ReadAction\",\"target\":[\"https:\/\/www.kirkonulkomaanapu.fi\/en\/us\/finances\/\"]}]},{\"@type\":\"ImageObject\",\"inLanguage\":\"en-US\",\"@id\":\"https:\/\/www.kirkonulkomaanapu.fi\/en\/us\/finances\/#primaryimage\",\"url\":\"https:\/\/www.kirkonulkomaanapu.fi\/wp-content\/uploads\/2025\/08\/FCA-finances-2024-income-1024x763.jpg\",\"contentUrl\":\"https:\/\/www.kirkonulkomaanapu.fi\/wp-content\/uploads\/2025\/08\/FCA-finances-2024-income-1024x763.jpg\"},{\"@type\":\"BreadcrumbList\",\"@id\":\"https:\/\/www.kirkonulkomaanapu.fi\/en\/us\/finances\/#breadcrumb\",\"itemListElement\":[{\"@type\":\"ListItem\",\"position\":1,\"name\":\"Home\",\"item\":\"https:\/\/www.kirkonulkomaanapu.fi\/en\/\"},{\"@type\":\"ListItem\",\"position\":2,\"name\":\"About us\",\"item\":\"https:\/\/www.kirkonulkomaanapu.fi\/en\/us\/\"},{\"@type\":\"ListItem\",\"position\":3,\"name\":\"Finances\"}]},{\"@type\":\"WebSite\",\"@id\":\"https:\/\/www.kirkonulkomaanapu.fi\/#website\",\"url\":\"https:\/\/www.kirkonulkomaanapu.fi\/\",\"name\":\"Kirkon Ulkomaanapu\",\"description\":\"Suomen suurin kehitysyhteisty\u00f6j\u00e4rjest\u00f6\",\"publisher\":{\"@id\":\"https:\/\/www.kirkonulkomaanapu.fi\/#organization\"},\"alternateName\":\"KUA\",\"potentialAction\":[{\"@type\":\"SearchAction\",\"target\":{\"@type\":\"EntryPoint\",\"urlTemplate\":\"https:\/\/www.kirkonulkomaanapu.fi\/?s={search_term_string}\"},\"query-input\":{\"@type\":\"PropertyValueSpecification\",\"valueRequired\":true,\"valueName\":\"search_term_string\"}}],\"inLanguage\":\"en-US\"},{\"@type\":\"Organization\",\"@id\":\"https:\/\/www.kirkonulkomaanapu.fi\/#organization\",\"name\":\"Kirkon Ulkomaanapu\",\"alternateName\":\"KUA\",\"url\":\"https:\/\/www.kirkonulkomaanapu.fi\/\",\"logo\":{\"@type\":\"ImageObject\",\"inLanguage\":\"en-US\",\"@id\":\"https:\/\/www.kirkonulkomaanapu.fi\/#\/schema\/logo\/image\/\",\"url\":\"https:\/\/www.kirkonulkomaanapu.fi\/wp-content\/uploads\/2026\/02\/Kirkon-ulkomaanapu-logo-1.png\",\"contentUrl\":\"https:\/\/www.kirkonulkomaanapu.fi\/wp-content\/uploads\/2026\/02\/Kirkon-ulkomaanapu-logo-1.png\",\"width\":225,\"height\":225,\"caption\":\"Kirkon Ulkomaanapu\"},\"image\":{\"@id\":\"https:\/\/www.kirkonulkomaanapu.fi\/#\/schema\/logo\/image\/\"},\"sameAs\":[\"https:\/\/www.facebook.com\/Ulkomaanapu\/\",\"https:\/\/www.youtube.com\/user\/kirkonulkomaanapu\",\"https:\/\/instagram.com\/kirkon_ulkomaanapu\/\",\"https:\/\/www.linkedin.com\/company\/finn-church-aid\/\"]}]}<\/script>\n<!-- \/ Yoast SEO plugin. -->","yoast_head_json":{"title":"Finances - Finn Church Aid - Finland's largest international aid organisation","description":"In 2022, Finn Church Aid used\u00a068.8\u00a0million\u00a0for international aid operations.\u00a0The focus of our work remains on Africa. Learn more about our finances here.","robots":{"index":"index","follow":"follow","max-snippet":"max-snippet:-1","max-image-preview":"max-image-preview:large","max-video-preview":"max-video-preview:-1"},"canonical":"https:\/\/www.kirkonulkomaanapu.fi\/en\/us\/finances\/","og_locale":"en_US","og_type":"article","og_title":"Finances - Finn Church Aid - Finland's largest international aid organisation","og_description":"In 2022, Finn Church Aid used\u00a068.8\u00a0million\u00a0for international aid operations.\u00a0The focus of our work remains on Africa. Learn more about our finances here.","og_url":"https:\/\/www.kirkonulkomaanapu.fi\/en\/us\/finances\/","og_site_name":"FCA Finn Church Aid","article_publisher":"https:\/\/www.facebook.com\/Ulkomaanapu\/","article_modified_time":"2025-11-13T08:46:20+00:00","og_image":[{"width":1110,"height":827,"url":"https:\/\/www.kirkonulkomaanapu.fi\/wp-content\/uploads\/2025\/08\/FCA-finances-2024-income.jpg","type":"image\/jpeg"}],"twitter_misc":{"Est. reading time":"2 minutes"},"schema":{"@context":"https:\/\/schema.org","@graph":[{"@type":"WebPage","@id":"https:\/\/www.kirkonulkomaanapu.fi\/en\/us\/finances\/","url":"https:\/\/www.kirkonulkomaanapu.fi\/en\/us\/finances\/","name":"Finances - Finn Church Aid - Finland's largest international aid organisation","isPartOf":{"@id":"https:\/\/www.kirkonulkomaanapu.fi\/#website"},"primaryImageOfPage":{"@id":"https:\/\/www.kirkonulkomaanapu.fi\/en\/us\/finances\/#primaryimage"},"image":{"@id":"https:\/\/www.kirkonulkomaanapu.fi\/en\/us\/finances\/#primaryimage"},"thumbnailUrl":"https:\/\/www.kirkonulkomaanapu.fi\/wp-content\/uploads\/2025\/08\/FCA-finances-2024-income-1024x763.jpg","datePublished":"2021-05-10T10:46:39+00:00","dateModified":"2025-11-13T08:46:20+00:00","description":"In 2022, Finn Church Aid used\u00a068.8\u00a0million\u00a0for international aid operations.\u00a0The focus of our work remains on Africa. Learn more about our finances here.","breadcrumb":{"@id":"https:\/\/www.kirkonulkomaanapu.fi\/en\/us\/finances\/#breadcrumb"},"inLanguage":"en-US","potentialAction":[{"@type":"ReadAction","target":["https:\/\/www.kirkonulkomaanapu.fi\/en\/us\/finances\/"]}]},{"@type":"ImageObject","inLanguage":"en-US","@id":"https:\/\/www.kirkonulkomaanapu.fi\/en\/us\/finances\/#primaryimage","url":"https:\/\/www.kirkonulkomaanapu.fi\/wp-content\/uploads\/2025\/08\/FCA-finances-2024-income-1024x763.jpg","contentUrl":"https:\/\/www.kirkonulkomaanapu.fi\/wp-content\/uploads\/2025\/08\/FCA-finances-2024-income-1024x763.jpg"},{"@type":"BreadcrumbList","@id":"https:\/\/www.kirkonulkomaanapu.fi\/en\/us\/finances\/#breadcrumb","itemListElement":[{"@type":"ListItem","position":1,"name":"Home","item":"https:\/\/www.kirkonulkomaanapu.fi\/en\/"},{"@type":"ListItem","position":2,"name":"About us","item":"https:\/\/www.kirkonulkomaanapu.fi\/en\/us\/"},{"@type":"ListItem","position":3,"name":"Finances"}]},{"@type":"WebSite","@id":"https:\/\/www.kirkonulkomaanapu.fi\/#website","url":"https:\/\/www.kirkonulkomaanapu.fi\/","name":"Kirkon Ulkomaanapu","description":"Suomen suurin kehitysyhteisty\u00f6j\u00e4rjest\u00f6","publisher":{"@id":"https:\/\/www.kirkonulkomaanapu.fi\/#organization"},"alternateName":"KUA","potentialAction":[{"@type":"SearchAction","target":{"@type":"EntryPoint","urlTemplate":"https:\/\/www.kirkonulkomaanapu.fi\/?s={search_term_string}"},"query-input":{"@type":"PropertyValueSpecification","valueRequired":true,"valueName":"search_term_string"}}],"inLanguage":"en-US"},{"@type":"Organization","@id":"https:\/\/www.kirkonulkomaanapu.fi\/#organization","name":"Kirkon Ulkomaanapu","alternateName":"KUA","url":"https:\/\/www.kirkonulkomaanapu.fi\/","logo":{"@type":"ImageObject","inLanguage":"en-US","@id":"https:\/\/www.kirkonulkomaanapu.fi\/#\/schema\/logo\/image\/","url":"https:\/\/www.kirkonulkomaanapu.fi\/wp-content\/uploads\/2026\/02\/Kirkon-ulkomaanapu-logo-1.png","contentUrl":"https:\/\/www.kirkonulkomaanapu.fi\/wp-content\/uploads\/2026\/02\/Kirkon-ulkomaanapu-logo-1.png","width":225,"height":225,"caption":"Kirkon Ulkomaanapu"},"image":{"@id":"https:\/\/www.kirkonulkomaanapu.fi\/#\/schema\/logo\/image\/"},"sameAs":["https:\/\/www.facebook.com\/Ulkomaanapu\/","https:\/\/www.youtube.com\/user\/kirkonulkomaanapu","https:\/\/instagram.com\/kirkon_ulkomaanapu\/","https:\/\/www.linkedin.com\/company\/finn-church-aid\/"]}]}},"_links":{"self":[{"href":"https:\/\/www.kirkonulkomaanapu.fi\/en\/wp-json\/wp\/v2\/pages\/116178","targetHints":{"allow":["GET"]}}],"collection":[{"href":"https:\/\/www.kirkonulkomaanapu.fi\/en\/wp-json\/wp\/v2\/pages"}],"about":[{"href":"https:\/\/www.kirkonulkomaanapu.fi\/en\/wp-json\/wp\/v2\/types\/page"}],"author":[{"embeddable":true,"href":"https:\/\/www.kirkonulkomaanapu.fi\/en\/wp-json\/wp\/v2\/users\/146"}],"replies":[{"embeddable":true,"href":"https:\/\/www.kirkonulkomaanapu.fi\/en\/wp-json\/wp\/v2\/comments?post=116178"}],"version-history":[{"count":3,"href":"https:\/\/www.kirkonulkomaanapu.fi\/en\/wp-json\/wp\/v2\/pages\/116178\/revisions"}],"predecessor-version":[{"id":157967,"href":"https:\/\/www.kirkonulkomaanapu.fi\/en\/wp-json\/wp\/v2\/pages\/116178\/revisions\/157967"}],"up":[{"embeddable":true,"href":"https:\/\/www.kirkonulkomaanapu.fi\/en\/wp-json\/wp\/v2\/pages\/116157"}],"wp:attachment":[{"href":"https:\/\/www.kirkonulkomaanapu.fi\/en\/wp-json\/wp\/v2\/media?parent=116178"}],"curies":[{"name":"wp","href":"https:\/\/api.w.org\/{rel}","templated":true}]}}