{"id":116157,"date":"2021-05-10T13:45:01","date_gmt":"2021-05-10T10:45:01","guid":{"rendered":"https:\/\/www.kirkonulkomaanapu.fi\/?page_id=116157"},"modified":"2025-01-30T12:35:29","modified_gmt":"2025-01-30T10:35:29","slug":"us","status":"publish","type":"page","link":"https:\/\/www.kirkonulkomaanapu.fi\/en\/us\/","title":{"rendered":"About us"},"content":{"rendered":"\n\n\n<div class=\"block-hero full-width id-block\" style=\"background-image: url('https:\/\/www.kirkonulkomaanapu.fi\/wp-content\/uploads\/2021\/05\/KUA-scaled.jpg');\">\n\n\t<div class=\"bg-mobile\" style=\"background-image: url('https:\/\/www.kirkonulkomaanapu.fi\/wp-content\/uploads\/2021\/05\/KUA-1024x683.jpg');\"><\/div>\n\n\t\n\t<div class=\"curtain\"><\/div>\n\n\t<div class=\"container\">\n\t\t<div class=\"row\">\n\t\t\t<div class=\"col\">\n\t\t\t\t<div class=\"inner-blocks entry-content\">\n\t\t\t\t\t\t\t\t\t\t\t\n<h2 class=\"is-style-brush\" ><span class=\"bg\">\n<span class=\"is-highlighted\">About <\/span>us\n<\/span><\/h2><h2 class=\"is-style-brush mobile\" ><span class=\"is-highlighted\"><span class=\"bg\">About<\/span> <\/span><span class=\"bg\">us<\/span><\/h2>\n\n\n<p><\/p>\n\n\n\t\t\t\t\t\t\t\t\t<\/div>\n\t\t\t<\/div>\n\t\t<\/div>\n\t<\/div>\n<\/div>\n\n\n<div class=\"subpage-navigation id-block full-width\">\n    <div class=\"container-lg\">\n        <div class=\"row\">\n            <div class=\"col\">\n                <ul class=\"pages\">\n                                        <li class=\"page ancestor current\">\n                        <a href=\"https:\/\/www.kirkonulkomaanapu.fi\/en\/us\/\">About us<\/a>\n                    <\/li>\n                    \n                                        <li class=\"page\">\n                        <a href=\"https:\/\/www.kirkonulkomaanapu.fi\/en\/us\/careers\/\">Careers<\/a>\n                    <\/li>\n                                        <li class=\"page\">\n                        <a href=\"https:\/\/www.kirkonulkomaanapu.fi\/en\/us\/finances\/\">Finances<\/a>\n                    <\/li>\n                                        <li class=\"page\">\n                        <a href=\"https:\/\/www.kirkonulkomaanapu.fi\/en\/us\/history\/\">History<\/a>\n                    <\/li>\n                                        <li class=\"page\">\n                        <a href=\"https:\/\/www.kirkonulkomaanapu.fi\/en\/us\/our-values-mission-and-vision\/\">Our Values, Mission and Vision<\/a>\n                    <\/li>\n                                        <li class=\"page\">\n                        <a href=\"https:\/\/www.kirkonulkomaanapu.fi\/en\/us\/quality-responsibility\/\">Quality and Accountability<\/a>\n                    <\/li>\n                                    <\/ul>\n            <\/div>\n        <\/div>\n    <\/div>\n<\/div>\n\n\n\n\n\n\n<h2 class=\"wp-block-heading\">Finn Church Aid \u2013 Action for Human Dignity<\/h2>\n\n\n\n<p>Finn Church Aid (FCA) is&nbsp;Finland\u2019s&nbsp;largest&nbsp;international aid&nbsp;organisation&nbsp;with&nbsp;more than&nbsp;70 years of experience. We&nbsp;specialise&nbsp;in the&nbsp;world\u2019s&nbsp;most fragile contexts&nbsp;and&nbsp;work&nbsp;with the&nbsp;most vulnerable&nbsp;people, regardless of their religious beliefs, ethnic background or political convictions.&nbsp;&nbsp;<\/p>\n\n\n\n<p>FCA was founded in 1947 to coordinate international aid to Finland from the United States and Sweden after World War II. Finland turned into a provider of assistance in the&nbsp;1960s,&nbsp;and FCA has grown ever since. FCA was a part of the&nbsp;<a href=\"https:\/\/evl.fi\/the-church\" target=\"_blank\" rel=\"noreferrer noopener\">The Evangelical Lutheran Church of Finland&#8217;s (ELCF)<\/a> international department&nbsp;until 1995 when FCA became an independent foundation.<\/p>\n\n\n\n<figure class=\"wp-block-image size-large\"><img loading=\"lazy\" decoding=\"async\" width=\"1024\" height=\"683\" src=\"https:\/\/www.kirkonulkomaanapu.fi\/wp-content\/uploads\/2021\/05\/Historia-1024x683.jpg\" alt=\"Vanha nainen hymyilee ja katsoo kaukaisuuteen.\" class=\"wp-image-116981\" srcset=\"https:\/\/www.kirkonulkomaanapu.fi\/wp-content\/uploads\/2021\/05\/Historia-1024x683.jpg 1024w, https:\/\/www.kirkonulkomaanapu.fi\/wp-content\/uploads\/2021\/05\/Historia-480x320.jpg 480w, https:\/\/www.kirkonulkomaanapu.fi\/wp-content\/uploads\/2021\/05\/Historia-768x512.jpg 768w, https:\/\/www.kirkonulkomaanapu.fi\/wp-content\/uploads\/2021\/05\/Historia-1536x1024.jpg 1536w, https:\/\/www.kirkonulkomaanapu.fi\/wp-content\/uploads\/2021\/05\/Historia-2048x1365.jpg 2048w, https:\/\/www.kirkonulkomaanapu.fi\/wp-content\/uploads\/2021\/05\/Historia-267x178.jpg 267w\" sizes=\"auto, (max-width: 1024px) 100vw, 1024px\" \/><\/figure>\n\n\n\n<p><strong>Our vision<\/strong>&nbsp;is a world comprised of resilient and just societies where&nbsp;everyone\u2019s&nbsp;right to peace, quality education and sustainable livelihood has been fulfilled.&nbsp;<strong>Our mission<\/strong>&nbsp;is&nbsp;<em>Action for Human Dignity<\/em>.&nbsp;<\/p>\n\n\n\n<p>We base our&nbsp;work on&nbsp;human rights and international humanitarian law,&nbsp;norms, standards and principles.&nbsp;Our rights-based approach promotes equality, non-discrimination, participation, inclusion and accountability across our&nbsp;organisation, programs and the communities where we operate.&nbsp;<\/p>\n\n\n\n<h2 class=\"wp-block-heading\">Our values<\/h2>\n\n\n\n<ul class=\"wp-block-list\">\n<li><strong>Unconditional love for our neighbours.&nbsp;<\/strong>We promote human rights for all and regard all human beings as equal. We trust our partners and learn together. We embrace diversity and create connections between people who think in different ways.&nbsp;<\/li>\n\n\n\n<li><strong>Unyielding hope.&nbsp;<\/strong>We are committed to working collaboratively and consistently to achieve our long-term goals. We take joy in progress and are not disheartened by setbacks.&nbsp;<\/li>\n\n\n\n<li><strong>Courage.&nbsp;<\/strong>We work courageously for change. We dare to question established practices and call for the re-evaluation of power structures where needed.&nbsp;<\/li>\n\n\n\n<li><strong>Respect.&nbsp;<\/strong>We respect each other and our different beliefs. We respect the communities we work with. We value the resources given to us and use them in a cost-efficient and transparent manner. We strive for mutual learning with our partners.&nbsp;<\/li>\n<\/ul>\n\n\n\n<p>FCA is a faith- and rights-based&nbsp;organisation&nbsp;and a member of ACT Alliance, a&nbsp;global&nbsp;network of&nbsp;church-affiliated&nbsp;aid&nbsp;organisations.<\/p>\n\n\n\n<div class=\"wp-block-buttons is-layout-flex wp-block-buttons-is-layout-flex\">\n<div class=\"wp-block-button\"><a class=\"wp-block-button__link wp-element-button\" href=\"https:\/\/www.kirkonulkomaanapu.fi\/wp-content\/uploads\/2020\/08\/KUA_tp_en_2020.pdf\">Our theological foundation<\/a><\/div>\n<\/div>\n\n\n\n<h2 class=\"wp-block-heading\">We work&nbsp;for permanent change and&nbsp;against poverty&nbsp;<\/h2>\n\n\n\n<p>We contribute&nbsp;to positive change by supporting people in the most vulnerable situations within fragile and disaster-affected regions in our three thematic priorities:\u202fthe right to\u202f<a href=\"https:\/\/www.kirkonulkomaanapu.fi\/en\/work\/right-to-peace\/\" target=\"_blank\" rel=\"noreferrer noopener\">peace<\/a>,\u202f<a href=\"https:\/\/www.kirkonulkomaanapu.fi\/en\/work\/right-livelihood\/\" target=\"_blank\" rel=\"noreferrer noopener\">livelihood<\/a>\u202fand&nbsp;quality\u202f<a href=\"https:\/\/www.kirkonulkomaanapu.fi\/en\/work\/education\/\" target=\"_blank\" rel=\"noreferrer noopener\">education<\/a>.&nbsp;&nbsp;<\/p>\n\n\n\n<p>International support can achieve permanent change in developing countries only\u00a0through persistent cooperation with local communities and people.\u00a0We empower\u00a0people\u00a0to secure their livelihoods, fulfil their basic needs and build resilience towards potential future challenges. Our global, regional and local\u00a0advocacy work impacts decision-making and\u00a0systems that affect\u00a0people\u2019s\u00a0daily lives.\u00a0<\/p>\n\n\n\n<p><\/p>\n\n\n\n<p><\/p>\n","protected":false},"excerpt":{"rendered":"<p>Finn Church Aid \u2013 Action for Human Dignity Finn Church Aid (FCA) is&nbsp;Finland\u2019s&nbsp;largest&nbsp;international aid&nbsp;organisation&nbsp;with&nbsp;more than&nbsp;70 years of experience. We&nbsp;specialise&nbsp;in the&nbsp;world\u2019s&nbsp;most fragile contexts&nbsp;and&nbsp;work&nbsp;with the&nbsp;most vulnerable&nbsp;people, regardless of their religious beliefs, ethnic background or political convictions.&nbsp;&nbsp; FCA was founded in 1947 to coordinate international aid to Finland from the United States and Sweden after World War II. [&hellip;]<\/p>\n","protected":false},"author":146,"featured_media":90668,"parent":0,"menu_order":500,"comment_status":"closed","ping_status":"closed","template":"","meta":{"_acf_changed":false,"_relevanssi_hide_post":"","_relevanssi_hide_content":"","_relevanssi_pin_for_all":"","_relevanssi_pin_keywords":"","_relevanssi_unpin_keywords":"","_relevanssi_related_keywords":"","_relevanssi_related_include_ids":"","_relevanssi_related_exclude_ids":"","_relevanssi_related_no_append":"","_relevanssi_related_not_related":"","_relevanssi_related_posts":"76823,89717,73864,74948,92897,63832","_relevanssi_noindex_reason":"","_improvement_type_select":"improve_an_existing","_thumb_yes_seoaic":false,"_frame_yes_seoaic":false,"seoaic_generate_description":"","seoaic_improve_instructions_prompt":"","seoaic_rollback_content_improvement":"","seoaic_idea_thumbnail_generator":"","thumbnail_generated":false,"thumbnail_generate_prompt":"","seoaic_article_description":"","footnotes":""},"class_list":["post-116157","page","type-page","status-publish","has-post-thumbnail","hentry"],"acf":[],"yoast_head":"<!-- This site is optimized with the Yoast SEO plugin v26.9 - https:\/\/yoast.com\/product\/yoast-seo-wordpress\/ -->\n<title>About us - Finn Church Aid \u2013 Action for Human Dignity<\/title>\n<meta name=\"description\" content=\"Finn Church Aid (FCA) is a Finnish NGO in development cooperation and humanitarian aid. FCA is an rights-based organisation.\" \/>\n<meta name=\"robots\" content=\"index, follow, max-snippet:-1, max-image-preview:large, max-video-preview:-1\" \/>\n<link rel=\"canonical\" href=\"https:\/\/www.kirkonulkomaanapu.fi\/en\/us\/\" \/>\n<meta property=\"og:locale\" content=\"en_US\" \/>\n<meta property=\"og:type\" content=\"article\" \/>\n<meta property=\"og:title\" content=\"About us - Finn Church Aid \u2013 Action for Human Dignity\" \/>\n<meta property=\"og:description\" content=\"Finn Church Aid (FCA) is a Finnish NGO in development cooperation and humanitarian aid. FCA is an rights-based organisation.\" \/>\n<meta property=\"og:url\" content=\"https:\/\/www.kirkonulkomaanapu.fi\/en\/us\/\" \/>\n<meta property=\"og:site_name\" content=\"FCA Finn Church Aid\" \/>\n<meta property=\"article:publisher\" content=\"https:\/\/www.facebook.com\/Ulkomaanapu\/\" \/>\n<meta property=\"article:modified_time\" content=\"2025-01-30T10:35:29+00:00\" \/>\n<meta property=\"og:image\" content=\"https:\/\/www.kirkonulkomaanapu.fi\/wp-content\/uploads\/2018\/11\/Mita_teemme_Kehitysyhteistyo.jpg\" \/>\n\t<meta property=\"og:image:width\" content=\"5464\" \/>\n\t<meta property=\"og:image:height\" content=\"1584\" \/>\n\t<meta property=\"og:image:type\" content=\"image\/jpeg\" \/>\n<meta name=\"twitter:label1\" content=\"Est. reading time\" \/>\n\t<meta name=\"twitter:data1\" content=\"4 minutes\" \/>\n<script type=\"application\/ld+json\" class=\"yoast-schema-graph\">{\"@context\":\"https:\/\/schema.org\",\"@graph\":[{\"@type\":\"WebPage\",\"@id\":\"https:\/\/www.kirkonulkomaanapu.fi\/en\/us\/\",\"url\":\"https:\/\/www.kirkonulkomaanapu.fi\/en\/us\/\",\"name\":\"About us - Finn Church Aid \u2013 Action for Human Dignity\",\"isPartOf\":{\"@id\":\"https:\/\/www.kirkonulkomaanapu.fi\/#website\"},\"primaryImageOfPage\":{\"@id\":\"https:\/\/www.kirkonulkomaanapu.fi\/en\/us\/#primaryimage\"},\"image\":{\"@id\":\"https:\/\/www.kirkonulkomaanapu.fi\/en\/us\/#primaryimage\"},\"thumbnailUrl\":\"https:\/\/www.kirkonulkomaanapu.fi\/wp-content\/uploads\/2018\/11\/Mita_teemme_Kehitysyhteistyo.jpg\",\"datePublished\":\"2021-05-10T10:45:01+00:00\",\"dateModified\":\"2025-01-30T10:35:29+00:00\",\"description\":\"Finn Church Aid (FCA) is a Finnish NGO in development cooperation and humanitarian aid. FCA is an rights-based organisation.\",\"breadcrumb\":{\"@id\":\"https:\/\/www.kirkonulkomaanapu.fi\/en\/us\/#breadcrumb\"},\"inLanguage\":\"en-US\",\"potentialAction\":[{\"@type\":\"ReadAction\",\"target\":[\"https:\/\/www.kirkonulkomaanapu.fi\/en\/us\/\"]}]},{\"@type\":\"ImageObject\",\"inLanguage\":\"en-US\",\"@id\":\"https:\/\/www.kirkonulkomaanapu.fi\/en\/us\/#primaryimage\",\"url\":\"https:\/\/www.kirkonulkomaanapu.fi\/wp-content\/uploads\/2018\/11\/Mita_teemme_Kehitysyhteistyo.jpg\",\"contentUrl\":\"https:\/\/www.kirkonulkomaanapu.fi\/wp-content\/uploads\/2018\/11\/Mita_teemme_Kehitysyhteistyo.jpg\",\"width\":5464,\"height\":1584},{\"@type\":\"BreadcrumbList\",\"@id\":\"https:\/\/www.kirkonulkomaanapu.fi\/en\/us\/#breadcrumb\",\"itemListElement\":[{\"@type\":\"ListItem\",\"position\":1,\"name\":\"Home\",\"item\":\"https:\/\/www.kirkonulkomaanapu.fi\/en\/\"},{\"@type\":\"ListItem\",\"position\":2,\"name\":\"About us\"}]},{\"@type\":\"WebSite\",\"@id\":\"https:\/\/www.kirkonulkomaanapu.fi\/#website\",\"url\":\"https:\/\/www.kirkonulkomaanapu.fi\/\",\"name\":\"Kirkon Ulkomaanapu\",\"description\":\"Suomen suurin kehitysyhteisty\u00f6j\u00e4rjest\u00f6\",\"publisher\":{\"@id\":\"https:\/\/www.kirkonulkomaanapu.fi\/#organization\"},\"alternateName\":\"KUA\",\"potentialAction\":[{\"@type\":\"SearchAction\",\"target\":{\"@type\":\"EntryPoint\",\"urlTemplate\":\"https:\/\/www.kirkonulkomaanapu.fi\/?s={search_term_string}\"},\"query-input\":{\"@type\":\"PropertyValueSpecification\",\"valueRequired\":true,\"valueName\":\"search_term_string\"}}],\"inLanguage\":\"en-US\"},{\"@type\":\"Organization\",\"@id\":\"https:\/\/www.kirkonulkomaanapu.fi\/#organization\",\"name\":\"Kirkon Ulkomaanapu\",\"alternateName\":\"KUA\",\"url\":\"https:\/\/www.kirkonulkomaanapu.fi\/\",\"logo\":{\"@type\":\"ImageObject\",\"inLanguage\":\"en-US\",\"@id\":\"https:\/\/www.kirkonulkomaanapu.fi\/#\/schema\/logo\/image\/\",\"url\":\"https:\/\/www.kirkonulkomaanapu.fi\/wp-content\/uploads\/2026\/02\/Kirkon-ulkomaanapu-logo-1.png\",\"contentUrl\":\"https:\/\/www.kirkonulkomaanapu.fi\/wp-content\/uploads\/2026\/02\/Kirkon-ulkomaanapu-logo-1.png\",\"width\":225,\"height\":225,\"caption\":\"Kirkon Ulkomaanapu\"},\"image\":{\"@id\":\"https:\/\/www.kirkonulkomaanapu.fi\/#\/schema\/logo\/image\/\"},\"sameAs\":[\"https:\/\/www.facebook.com\/Ulkomaanapu\/\",\"https:\/\/www.youtube.com\/user\/kirkonulkomaanapu\",\"https:\/\/instagram.com\/kirkon_ulkomaanapu\/\",\"https:\/\/www.linkedin.com\/company\/finn-church-aid\/\"]}]}<\/script>\n<!-- \/ Yoast SEO plugin. -->","yoast_head_json":{"title":"About us - Finn Church Aid \u2013 Action for Human Dignity","description":"Finn Church Aid (FCA) is a Finnish NGO in development cooperation and humanitarian aid. FCA is an rights-based organisation.","robots":{"index":"index","follow":"follow","max-snippet":"max-snippet:-1","max-image-preview":"max-image-preview:large","max-video-preview":"max-video-preview:-1"},"canonical":"https:\/\/www.kirkonulkomaanapu.fi\/en\/us\/","og_locale":"en_US","og_type":"article","og_title":"About us - Finn Church Aid \u2013 Action for Human Dignity","og_description":"Finn Church Aid (FCA) is a Finnish NGO in development cooperation and humanitarian aid. FCA is an rights-based organisation.","og_url":"https:\/\/www.kirkonulkomaanapu.fi\/en\/us\/","og_site_name":"FCA Finn Church Aid","article_publisher":"https:\/\/www.facebook.com\/Ulkomaanapu\/","article_modified_time":"2025-01-30T10:35:29+00:00","og_image":[{"width":5464,"height":1584,"url":"https:\/\/www.kirkonulkomaanapu.fi\/wp-content\/uploads\/2018\/11\/Mita_teemme_Kehitysyhteistyo.jpg","type":"image\/jpeg"}],"twitter_misc":{"Est. reading time":"4 minutes"},"schema":{"@context":"https:\/\/schema.org","@graph":[{"@type":"WebPage","@id":"https:\/\/www.kirkonulkomaanapu.fi\/en\/us\/","url":"https:\/\/www.kirkonulkomaanapu.fi\/en\/us\/","name":"About us - Finn Church Aid \u2013 Action for Human Dignity","isPartOf":{"@id":"https:\/\/www.kirkonulkomaanapu.fi\/#website"},"primaryImageOfPage":{"@id":"https:\/\/www.kirkonulkomaanapu.fi\/en\/us\/#primaryimage"},"image":{"@id":"https:\/\/www.kirkonulkomaanapu.fi\/en\/us\/#primaryimage"},"thumbnailUrl":"https:\/\/www.kirkonulkomaanapu.fi\/wp-content\/uploads\/2018\/11\/Mita_teemme_Kehitysyhteistyo.jpg","datePublished":"2021-05-10T10:45:01+00:00","dateModified":"2025-01-30T10:35:29+00:00","description":"Finn Church Aid (FCA) is a Finnish NGO in development cooperation and humanitarian aid. FCA is an rights-based organisation.","breadcrumb":{"@id":"https:\/\/www.kirkonulkomaanapu.fi\/en\/us\/#breadcrumb"},"inLanguage":"en-US","potentialAction":[{"@type":"ReadAction","target":["https:\/\/www.kirkonulkomaanapu.fi\/en\/us\/"]}]},{"@type":"ImageObject","inLanguage":"en-US","@id":"https:\/\/www.kirkonulkomaanapu.fi\/en\/us\/#primaryimage","url":"https:\/\/www.kirkonulkomaanapu.fi\/wp-content\/uploads\/2018\/11\/Mita_teemme_Kehitysyhteistyo.jpg","contentUrl":"https:\/\/www.kirkonulkomaanapu.fi\/wp-content\/uploads\/2018\/11\/Mita_teemme_Kehitysyhteistyo.jpg","width":5464,"height":1584},{"@type":"BreadcrumbList","@id":"https:\/\/www.kirkonulkomaanapu.fi\/en\/us\/#breadcrumb","itemListElement":[{"@type":"ListItem","position":1,"name":"Home","item":"https:\/\/www.kirkonulkomaanapu.fi\/en\/"},{"@type":"ListItem","position":2,"name":"About us"}]},{"@type":"WebSite","@id":"https:\/\/www.kirkonulkomaanapu.fi\/#website","url":"https:\/\/www.kirkonulkomaanapu.fi\/","name":"Kirkon Ulkomaanapu","description":"Suomen suurin kehitysyhteisty\u00f6j\u00e4rjest\u00f6","publisher":{"@id":"https:\/\/www.kirkonulkomaanapu.fi\/#organization"},"alternateName":"KUA","potentialAction":[{"@type":"SearchAction","target":{"@type":"EntryPoint","urlTemplate":"https:\/\/www.kirkonulkomaanapu.fi\/?s={search_term_string}"},"query-input":{"@type":"PropertyValueSpecification","valueRequired":true,"valueName":"search_term_string"}}],"inLanguage":"en-US"},{"@type":"Organization","@id":"https:\/\/www.kirkonulkomaanapu.fi\/#organization","name":"Kirkon Ulkomaanapu","alternateName":"KUA","url":"https:\/\/www.kirkonulkomaanapu.fi\/","logo":{"@type":"ImageObject","inLanguage":"en-US","@id":"https:\/\/www.kirkonulkomaanapu.fi\/#\/schema\/logo\/image\/","url":"https:\/\/www.kirkonulkomaanapu.fi\/wp-content\/uploads\/2026\/02\/Kirkon-ulkomaanapu-logo-1.png","contentUrl":"https:\/\/www.kirkonulkomaanapu.fi\/wp-content\/uploads\/2026\/02\/Kirkon-ulkomaanapu-logo-1.png","width":225,"height":225,"caption":"Kirkon Ulkomaanapu"},"image":{"@id":"https:\/\/www.kirkonulkomaanapu.fi\/#\/schema\/logo\/image\/"},"sameAs":["https:\/\/www.facebook.com\/Ulkomaanapu\/","https:\/\/www.youtube.com\/user\/kirkonulkomaanapu","https:\/\/instagram.com\/kirkon_ulkomaanapu\/","https:\/\/www.linkedin.com\/company\/finn-church-aid\/"]}]}},"_links":{"self":[{"href":"https:\/\/www.kirkonulkomaanapu.fi\/en\/wp-json\/wp\/v2\/pages\/116157","targetHints":{"allow":["GET"]}}],"collection":[{"href":"https:\/\/www.kirkonulkomaanapu.fi\/en\/wp-json\/wp\/v2\/pages"}],"about":[{"href":"https:\/\/www.kirkonulkomaanapu.fi\/en\/wp-json\/wp\/v2\/types\/page"}],"author":[{"embeddable":true,"href":"https:\/\/www.kirkonulkomaanapu.fi\/en\/wp-json\/wp\/v2\/users\/146"}],"replies":[{"embeddable":true,"href":"https:\/\/www.kirkonulkomaanapu.fi\/en\/wp-json\/wp\/v2\/comments?post=116157"}],"version-history":[{"count":2,"href":"https:\/\/www.kirkonulkomaanapu.fi\/en\/wp-json\/wp\/v2\/pages\/116157\/revisions"}],"predecessor-version":[{"id":152536,"href":"https:\/\/www.kirkonulkomaanapu.fi\/en\/wp-json\/wp\/v2\/pages\/116157\/revisions\/152536"}],"wp:featuredmedia":[{"embeddable":true,"href":"https:\/\/www.kirkonulkomaanapu.fi\/en\/wp-json\/wp\/v2\/media\/90668"}],"wp:attachment":[{"href":"https:\/\/www.kirkonulkomaanapu.fi\/en\/wp-json\/wp\/v2\/media?parent=116157"}],"curies":[{"name":"wp","href":"https:\/\/api.w.org\/{rel}","templated":true}]}}