{"id":115885,"date":"2021-05-10T13:32:34","date_gmt":"2021-05-10T10:32:34","guid":{"rendered":"https:\/\/www.kirkonulkomaanapu.fi\/?page_id=115885"},"modified":"2025-01-14T16:42:14","modified_gmt":"2025-01-14T14:42:14","slug":"humanitarian-assistance","status":"publish","type":"page","link":"https:\/\/www.kirkonulkomaanapu.fi\/en\/work\/humanitarian-assistance\/","title":{"rendered":"Humanitarian Assistance"},"content":{"rendered":"\n\n\n<div class=\"block-hero full-width id-block\" style=\"background-image: url('https:\/\/www.kirkonulkomaanapu.fi\/wp-content\/uploads\/2021\/05\/Humanitaarinen-apu-scaled.jpg');\">\n\n\t<div class=\"bg-mobile\" style=\"background-image: url('https:\/\/www.kirkonulkomaanapu.fi\/wp-content\/uploads\/2021\/05\/Humanitaarinen-apu-1024x683.jpg');\"><\/div>\n\n\t\n\t<div class=\"curtain\"><\/div>\n\n\t<div class=\"container\">\n\t\t<div class=\"row\">\n\t\t\t<div class=\"col\">\n\t\t\t\t<div class=\"inner-blocks entry-content\">\n\t\t\t\t\t\t\t\t\t\t\t\n<h2 class=\"is-style-brush\" ><span class=\"bg\">\nHumanitarian <span class=\"is-highlighted\">Assistance<\/span>\n<\/span><\/h2><h2 class=\"is-style-brush mobile\" ><span class=\"bg\">Humanitarian<\/span><span class=\"is-highlighted\"><span class=\"bg\">Assistance<\/span><\/span><\/h2>\n\n\n<p><\/p>\n\n\n\t\t\t\t\t\t\t\t\t<\/div>\n\t\t\t<\/div>\n\t\t<\/div>\n\t<\/div>\n<\/div>\n\n\n<div class=\"subpage-navigation id-block full-width\">\n    <div class=\"container-lg\">\n        <div class=\"row\">\n            <div class=\"col\">\n                <ul class=\"pages\">\n                                        <li class=\"page ancestor\">\n                        <a href=\"https:\/\/www.kirkonulkomaanapu.fi\/en\/work\/\">What we do<\/a>\n                    <\/li>\n                                        <li class=\"page ancestor current\">\n                        <a href=\"https:\/\/www.kirkonulkomaanapu.fi\/en\/work\/humanitarian-assistance\/\">Humanitarian Assistance<\/a>\n                    <\/li>\n                    \n                                        <li class=\"page\">\n                        <a href=\"https:\/\/www.kirkonulkomaanapu.fi\/en\/work\/humanitarian-assistance\/reconstruction\/\">Reconstruction<\/a>\n                    <\/li>\n                                    <\/ul>\n            <\/div>\n        <\/div>\n    <\/div>\n<\/div>\n\n\n\n\n\n\n<p><span data-contrast=\"auto\">In emergencies caused by natural disasters or war, we work to secure sufficient nutrition, basic necessities, sanitation, clean water and accommodation for the most vulnerable people in the worst-affected areas. We also ensure that children can return to school as soon as possible.&nbsp;&nbsp;<\/span><\/p>\n\n\n\n<p><span data-contrast=\"auto\">We&nbsp;<\/span><span data-contrast=\"auto\">assist<\/span><span data-contrast=\"auto\">&nbsp;all victims of major disasters, regardless of their nationality, religion or ethnic background, and the urgency of need<\/span><span data-contrast=\"auto\">s<\/span><span data-contrast=\"auto\">&nbsp;is the only factor we consider when prioritising<\/span><span data-contrast=\"auto\">&nbsp;relief efforts.<\/span><span data-ccp-props=\"{&quot;134233117&quot;:true,&quot;134233118&quot;:true,&quot;201341983&quot;:0,&quot;335559739&quot;:270,&quot;335559740&quot;:240}\">&nbsp;<\/span><\/p>\n\n\n\n<h2 class=\"wp-block-heading\">Humanitarian aid to alleviate acute crisis<\/h2>\n\n\n\n<p><span data-contrast=\"auto\">The most vulnerable people include s<\/span><span data-contrast=\"auto\">mall children, expectant mothers,<\/span><span data-contrast=\"auto\">&nbsp;persons with disabilities,<\/span><span data-contrast=\"auto\">&nbsp;senior citizens, and people suffering from various illnesses. Individuals and families who&nbsp;<\/span><span data-contrast=\"auto\">have<\/span><span data-contrast=\"auto\">&nbsp;endure<\/span><span data-contrast=\"auto\">d<\/span><span data-contrast=\"auto\">&nbsp;difficult ordeals often need crisis support, especially&nbsp;<\/span><span data-contrast=\"auto\">when<\/span><span data-contrast=\"auto\">&nbsp;they have been forced into exile as refugees.&nbsp;<\/span><span data-ccp-props=\"{&quot;134233117&quot;:true,&quot;134233118&quot;:true,&quot;201341983&quot;:0,&quot;335559739&quot;:270,&quot;335559740&quot;:240}\">&nbsp;<\/span><\/p>\n\n\n\n<p><span data-contrast=\"auto\">We involve the recipients of assistance and surrounding communities in the affected areas in planning, implementation and evaluation, and prioritise local resources to support our operations.<\/span><span data-ccp-props=\"{&quot;134233117&quot;:true,&quot;134233118&quot;:true,&quot;201341983&quot;:0,&quot;335559739&quot;:270,&quot;335559740&quot;:240}\">&nbsp;<\/span><\/p>\n\n\n\n<p><span data-contrast=\"auto\">Disaster relief alleviates&nbsp;urgent&nbsp;emergencies but&nbsp;we also advocate for&nbsp;long-term&nbsp;funding&nbsp;for the prevention of natural disasters and human conflicts&nbsp;and&nbsp;for risk mitigation.&nbsp;We have&nbsp;many years of&nbsp;experience in working&nbsp;with&nbsp;disaster&nbsp;risk reduction&nbsp;across the world. When possible,&nbsp;our humanitarian work&nbsp;transitions&nbsp;from disaster relief to&nbsp;supporting&nbsp;reconstruction&nbsp;and the long-term development&nbsp;of communities.&nbsp;<\/span><\/p>\n\n\n\n<h2 class=\"wp-block-heading\">Cooperation ensuring aid<\/h2>\n\n\n\n<p><span data-contrast=\"auto\">Our humanitarian work is funded and supported by&nbsp;international&nbsp;partners,&nbsp;the <a href=\"https:\/\/um.fi\/humanitarian-aid\" target=\"_blank\" rel=\"noreferrer noopener\">Ministry for Foreign Affairs Finland<\/a>, our own&nbsp;disaster fund&nbsp;and&nbsp;<a href=\"https:\/\/actalliance.org\/how-we-help\/humanitarian\/\" target=\"_blank\" rel=\"noreferrer noopener\">ACT Alliance<\/a>, whose member organisations&nbsp;are close partners in implementation.&nbsp;<\/span><\/p>\n\n\n\n<div class=\"wp-block-columns is-layout-flex wp-container-core-columns-is-layout-9d6595d7 wp-block-columns-is-layout-flex\">\n<div class=\"wp-block-column is-layout-flow wp-block-column-is-layout-flow\" style=\"flex-basis:50%\">\n<p><span data-contrast=\"auto\">Are you looking&nbsp;to get involved in&nbsp;our work?&nbsp;<\/span><\/p>\n<\/div>\n\n\n\n<div class=\"wp-block-column is-layout-flow wp-block-column-is-layout-flow\" style=\"flex-basis:50%\">\n<div class=\"wp-block-buttons is-layout-flex wp-block-buttons-is-layout-flex\">\n<div class=\"wp-block-button\"><a class=\"wp-block-button__link wp-element-button\" href=\"https:\/\/www.kirkonulkomaanapu.fi\/en\/get-involved\/humanitarian-roster\/\">FCA Humanitarian Roster<\/a><\/div>\n<\/div>\n<\/div>\n<\/div>\n\n\n\n\n<div class=\"block-image-beside-content full-width id-block has-bg\">\n    <div class=\"container-lg\">\n        <div class=\"row\">\n            <div class=\"col col-12 col-lg-6\">\n                <div class=\"align-image\">\n                                        <img decoding=\"async\" class=\"image\" alt=\"The cover of FCA's Humanitarian Strategy.\" src=\"https:\/\/www.kirkonulkomaanapu.fi\/wp-content\/uploads\/2024\/03\/FCA-Humanitarian-Strategy-2024-cover-1024x576.jpg\" loading=\"lazy\" srcset=\"https:\/\/www.kirkonulkomaanapu.fi\/wp-content\/uploads\/2024\/03\/FCA-Humanitarian-Strategy-2024-cover-480x270.jpg 320w, https:\/\/www.kirkonulkomaanapu.fi\/wp-content\/uploads\/2024\/03\/FCA-Humanitarian-Strategy-2024-cover-1024x576.jpg 991w\" sizes=\"auto, (max-width: 991px) 150px\" width=\"1024\" height=\"576\">\n                                    <\/div>\n            <\/div>\n            <div class=\"col col-12 col-lg-6\">\n                <div class=\"align-content\">\n                    <div class=\"inner-blocks entry-content\">\n                        \n\n<h2 class=\"wp-block-heading\">FCA&#8217;s Humanitarian Strategy 2024 onwards<\/h2>\n\n\n\n<div class=\"wp-block-buttons is-layout-flex wp-block-buttons-is-layout-flex\">\n<div class=\"wp-block-button is-style-solid\"><a class=\"wp-block-button__link wp-element-button\" href=\"https:\/\/www.kirkonulkomaanapu.fi\/wp-content\/uploads\/2024\/03\/FCA_Humanitarian-Strategy_2024_070324_web.pdf\" target=\"_blank\" rel=\"noopener\">Humanitarian Strategy (pdf)<\/a><\/div>\n<\/div>\n\n\n                    <\/div>\n                <\/div>\n            <\/div>\n        <\/div>\n    <\/div>\n<\/div>\n","protected":false},"excerpt":{"rendered":"<p>In emergencies caused by natural disasters or war, we work to secure sufficient nutrition, basic necessities, sanitation, clean water and accommodation for the most vulnerable people in the worst-affected areas. We also ensure that children can return to school as soon as possible.&nbsp;&nbsp; We&nbsp;assist&nbsp;all victims of major disasters, regardless of their nationality, religion or ethnic [&hellip;]<\/p>\n","protected":false},"author":146,"featured_media":91042,"parent":116053,"menu_order":8,"comment_status":"closed","ping_status":"open","template":"","meta":{"_acf_changed":false,"_relevanssi_hide_post":"","_relevanssi_hide_content":"","_relevanssi_pin_for_all":"","_relevanssi_pin_keywords":"","_relevanssi_unpin_keywords":"","_relevanssi_related_keywords":"","_relevanssi_related_include_ids":"","_relevanssi_related_exclude_ids":"","_relevanssi_related_no_append":"","_relevanssi_related_not_related":"","_relevanssi_related_posts":"114522,109706,110039,107037,108369,115774","_relevanssi_noindex_reason":"","_improvement_type_select":"improve_an_existing","_thumb_yes_seoaic":false,"_frame_yes_seoaic":false,"seoaic_generate_description":"","seoaic_improve_instructions_prompt":"","seoaic_rollback_content_improvement":"","seoaic_idea_thumbnail_generator":"","thumbnail_generated":false,"thumbnail_generate_prompt":"","seoaic_article_description":"","footnotes":""},"class_list":["post-115885","page","type-page","status-publish","has-post-thumbnail","hentry"],"acf":[],"yoast_head":"<!-- This site is optimized with the Yoast SEO plugin v26.9 - https:\/\/yoast.com\/product\/yoast-seo-wordpress\/ -->\n<title>Humanitarian Assistance to alleviate acute crises - Finn Church Aid<\/title>\n<meta name=\"description\" content=\"In humanitarian assistance, the focus of Finn Church Aid is on the urgent needs of the affected people and on Education in Emergencies.\" \/>\n<meta name=\"robots\" content=\"index, follow, max-snippet:-1, max-image-preview:large, max-video-preview:-1\" \/>\n<link rel=\"canonical\" href=\"https:\/\/www.kirkonulkomaanapu.fi\/en\/work\/humanitarian-assistance\/\" \/>\n<meta property=\"og:locale\" content=\"en_US\" \/>\n<meta property=\"og:type\" content=\"article\" \/>\n<meta property=\"og:title\" content=\"Humanitarian Assistance to alleviate acute crises - Finn Church Aid\" \/>\n<meta property=\"og:description\" content=\"In humanitarian assistance, the focus of Finn Church Aid is on the urgent needs of the affected people and on Education in Emergencies.\" \/>\n<meta property=\"og:url\" content=\"https:\/\/www.kirkonulkomaanapu.fi\/en\/work\/humanitarian-assistance\/\" \/>\n<meta property=\"og:site_name\" content=\"FCA Finn Church Aid\" \/>\n<meta property=\"article:publisher\" content=\"https:\/\/www.facebook.com\/Ulkomaanapu\/\" \/>\n<meta property=\"article:modified_time\" content=\"2025-01-14T14:42:14+00:00\" \/>\n<meta property=\"og:image\" content=\"https:\/\/www.kirkonulkomaanapu.fi\/wp-content\/uploads\/2018\/11\/humanitaarinen_apu_uusi.jpg\" \/>\n\t<meta property=\"og:image:width\" content=\"1519\" \/>\n\t<meta property=\"og:image:height\" content=\"559\" \/>\n\t<meta property=\"og:image:type\" content=\"image\/jpeg\" \/>\n<meta name=\"twitter:label1\" content=\"Est. reading time\" \/>\n\t<meta name=\"twitter:data1\" content=\"2 minutes\" \/>\n<script type=\"application\/ld+json\" class=\"yoast-schema-graph\">{\"@context\":\"https:\/\/schema.org\",\"@graph\":[{\"@type\":\"WebPage\",\"@id\":\"https:\/\/www.kirkonulkomaanapu.fi\/en\/work\/humanitarian-assistance\/\",\"url\":\"https:\/\/www.kirkonulkomaanapu.fi\/en\/work\/humanitarian-assistance\/\",\"name\":\"Humanitarian Assistance to alleviate acute crises - Finn Church Aid\",\"isPartOf\":{\"@id\":\"https:\/\/www.kirkonulkomaanapu.fi\/#website\"},\"primaryImageOfPage\":{\"@id\":\"https:\/\/www.kirkonulkomaanapu.fi\/en\/work\/humanitarian-assistance\/#primaryimage\"},\"image\":{\"@id\":\"https:\/\/www.kirkonulkomaanapu.fi\/en\/work\/humanitarian-assistance\/#primaryimage\"},\"thumbnailUrl\":\"https:\/\/www.kirkonulkomaanapu.fi\/wp-content\/uploads\/2018\/11\/humanitaarinen_apu_uusi.jpg\",\"datePublished\":\"2021-05-10T10:32:34+00:00\",\"dateModified\":\"2025-01-14T14:42:14+00:00\",\"description\":\"In humanitarian assistance, the focus of Finn Church Aid is on the urgent needs of the affected people and on Education in Emergencies.\",\"breadcrumb\":{\"@id\":\"https:\/\/www.kirkonulkomaanapu.fi\/en\/work\/humanitarian-assistance\/#breadcrumb\"},\"inLanguage\":\"en-US\",\"potentialAction\":[{\"@type\":\"ReadAction\",\"target\":[\"https:\/\/www.kirkonulkomaanapu.fi\/en\/work\/humanitarian-assistance\/\"]}]},{\"@type\":\"ImageObject\",\"inLanguage\":\"en-US\",\"@id\":\"https:\/\/www.kirkonulkomaanapu.fi\/en\/work\/humanitarian-assistance\/#primaryimage\",\"url\":\"https:\/\/www.kirkonulkomaanapu.fi\/wp-content\/uploads\/2018\/11\/humanitaarinen_apu_uusi.jpg\",\"contentUrl\":\"https:\/\/www.kirkonulkomaanapu.fi\/wp-content\/uploads\/2018\/11\/humanitaarinen_apu_uusi.jpg\",\"width\":1519,\"height\":559,\"caption\":\"Kymmeni\u00e4 ihmisi\u00e4 osallistuu ruokajakeluun kriisialueella\"},{\"@type\":\"BreadcrumbList\",\"@id\":\"https:\/\/www.kirkonulkomaanapu.fi\/en\/work\/humanitarian-assistance\/#breadcrumb\",\"itemListElement\":[{\"@type\":\"ListItem\",\"position\":1,\"name\":\"Home\",\"item\":\"https:\/\/www.kirkonulkomaanapu.fi\/en\/\"},{\"@type\":\"ListItem\",\"position\":2,\"name\":\"What we do\",\"item\":\"https:\/\/www.kirkonulkomaanapu.fi\/en\/work\/\"},{\"@type\":\"ListItem\",\"position\":3,\"name\":\"Humanitarian Assistance\"}]},{\"@type\":\"WebSite\",\"@id\":\"https:\/\/www.kirkonulkomaanapu.fi\/#website\",\"url\":\"https:\/\/www.kirkonulkomaanapu.fi\/\",\"name\":\"Kirkon Ulkomaanapu\",\"description\":\"Suomen suurin kehitysyhteisty\u00f6j\u00e4rjest\u00f6\",\"publisher\":{\"@id\":\"https:\/\/www.kirkonulkomaanapu.fi\/#organization\"},\"alternateName\":\"KUA\",\"potentialAction\":[{\"@type\":\"SearchAction\",\"target\":{\"@type\":\"EntryPoint\",\"urlTemplate\":\"https:\/\/www.kirkonulkomaanapu.fi\/?s={search_term_string}\"},\"query-input\":{\"@type\":\"PropertyValueSpecification\",\"valueRequired\":true,\"valueName\":\"search_term_string\"}}],\"inLanguage\":\"en-US\"},{\"@type\":\"Organization\",\"@id\":\"https:\/\/www.kirkonulkomaanapu.fi\/#organization\",\"name\":\"Kirkon Ulkomaanapu\",\"alternateName\":\"KUA\",\"url\":\"https:\/\/www.kirkonulkomaanapu.fi\/\",\"logo\":{\"@type\":\"ImageObject\",\"inLanguage\":\"en-US\",\"@id\":\"https:\/\/www.kirkonulkomaanapu.fi\/#\/schema\/logo\/image\/\",\"url\":\"https:\/\/www.kirkonulkomaanapu.fi\/wp-content\/uploads\/2026\/02\/Kirkon-ulkomaanapu-logo-1.png\",\"contentUrl\":\"https:\/\/www.kirkonulkomaanapu.fi\/wp-content\/uploads\/2026\/02\/Kirkon-ulkomaanapu-logo-1.png\",\"width\":225,\"height\":225,\"caption\":\"Kirkon Ulkomaanapu\"},\"image\":{\"@id\":\"https:\/\/www.kirkonulkomaanapu.fi\/#\/schema\/logo\/image\/\"},\"sameAs\":[\"https:\/\/www.facebook.com\/Ulkomaanapu\/\",\"https:\/\/www.youtube.com\/user\/kirkonulkomaanapu\",\"https:\/\/instagram.com\/kirkon_ulkomaanapu\/\",\"https:\/\/www.linkedin.com\/company\/finn-church-aid\/\"]}]}<\/script>\n<!-- \/ Yoast SEO plugin. -->","yoast_head_json":{"title":"Humanitarian Assistance to alleviate acute crises - Finn Church Aid","description":"In humanitarian assistance, the focus of Finn Church Aid is on the urgent needs of the affected people and on Education in Emergencies.","robots":{"index":"index","follow":"follow","max-snippet":"max-snippet:-1","max-image-preview":"max-image-preview:large","max-video-preview":"max-video-preview:-1"},"canonical":"https:\/\/www.kirkonulkomaanapu.fi\/en\/work\/humanitarian-assistance\/","og_locale":"en_US","og_type":"article","og_title":"Humanitarian Assistance to alleviate acute crises - Finn Church Aid","og_description":"In humanitarian assistance, the focus of Finn Church Aid is on the urgent needs of the affected people and on Education in Emergencies.","og_url":"https:\/\/www.kirkonulkomaanapu.fi\/en\/work\/humanitarian-assistance\/","og_site_name":"FCA Finn Church Aid","article_publisher":"https:\/\/www.facebook.com\/Ulkomaanapu\/","article_modified_time":"2025-01-14T14:42:14+00:00","og_image":[{"width":1519,"height":559,"url":"https:\/\/www.kirkonulkomaanapu.fi\/wp-content\/uploads\/2018\/11\/humanitaarinen_apu_uusi.jpg","type":"image\/jpeg"}],"twitter_misc":{"Est. reading time":"2 minutes"},"schema":{"@context":"https:\/\/schema.org","@graph":[{"@type":"WebPage","@id":"https:\/\/www.kirkonulkomaanapu.fi\/en\/work\/humanitarian-assistance\/","url":"https:\/\/www.kirkonulkomaanapu.fi\/en\/work\/humanitarian-assistance\/","name":"Humanitarian Assistance to alleviate acute crises - Finn Church Aid","isPartOf":{"@id":"https:\/\/www.kirkonulkomaanapu.fi\/#website"},"primaryImageOfPage":{"@id":"https:\/\/www.kirkonulkomaanapu.fi\/en\/work\/humanitarian-assistance\/#primaryimage"},"image":{"@id":"https:\/\/www.kirkonulkomaanapu.fi\/en\/work\/humanitarian-assistance\/#primaryimage"},"thumbnailUrl":"https:\/\/www.kirkonulkomaanapu.fi\/wp-content\/uploads\/2018\/11\/humanitaarinen_apu_uusi.jpg","datePublished":"2021-05-10T10:32:34+00:00","dateModified":"2025-01-14T14:42:14+00:00","description":"In humanitarian assistance, the focus of Finn Church Aid is on the urgent needs of the affected people and on Education in Emergencies.","breadcrumb":{"@id":"https:\/\/www.kirkonulkomaanapu.fi\/en\/work\/humanitarian-assistance\/#breadcrumb"},"inLanguage":"en-US","potentialAction":[{"@type":"ReadAction","target":["https:\/\/www.kirkonulkomaanapu.fi\/en\/work\/humanitarian-assistance\/"]}]},{"@type":"ImageObject","inLanguage":"en-US","@id":"https:\/\/www.kirkonulkomaanapu.fi\/en\/work\/humanitarian-assistance\/#primaryimage","url":"https:\/\/www.kirkonulkomaanapu.fi\/wp-content\/uploads\/2018\/11\/humanitaarinen_apu_uusi.jpg","contentUrl":"https:\/\/www.kirkonulkomaanapu.fi\/wp-content\/uploads\/2018\/11\/humanitaarinen_apu_uusi.jpg","width":1519,"height":559,"caption":"Kymmeni\u00e4 ihmisi\u00e4 osallistuu ruokajakeluun kriisialueella"},{"@type":"BreadcrumbList","@id":"https:\/\/www.kirkonulkomaanapu.fi\/en\/work\/humanitarian-assistance\/#breadcrumb","itemListElement":[{"@type":"ListItem","position":1,"name":"Home","item":"https:\/\/www.kirkonulkomaanapu.fi\/en\/"},{"@type":"ListItem","position":2,"name":"What we do","item":"https:\/\/www.kirkonulkomaanapu.fi\/en\/work\/"},{"@type":"ListItem","position":3,"name":"Humanitarian Assistance"}]},{"@type":"WebSite","@id":"https:\/\/www.kirkonulkomaanapu.fi\/#website","url":"https:\/\/www.kirkonulkomaanapu.fi\/","name":"Kirkon Ulkomaanapu","description":"Suomen suurin kehitysyhteisty\u00f6j\u00e4rjest\u00f6","publisher":{"@id":"https:\/\/www.kirkonulkomaanapu.fi\/#organization"},"alternateName":"KUA","potentialAction":[{"@type":"SearchAction","target":{"@type":"EntryPoint","urlTemplate":"https:\/\/www.kirkonulkomaanapu.fi\/?s={search_term_string}"},"query-input":{"@type":"PropertyValueSpecification","valueRequired":true,"valueName":"search_term_string"}}],"inLanguage":"en-US"},{"@type":"Organization","@id":"https:\/\/www.kirkonulkomaanapu.fi\/#organization","name":"Kirkon Ulkomaanapu","alternateName":"KUA","url":"https:\/\/www.kirkonulkomaanapu.fi\/","logo":{"@type":"ImageObject","inLanguage":"en-US","@id":"https:\/\/www.kirkonulkomaanapu.fi\/#\/schema\/logo\/image\/","url":"https:\/\/www.kirkonulkomaanapu.fi\/wp-content\/uploads\/2026\/02\/Kirkon-ulkomaanapu-logo-1.png","contentUrl":"https:\/\/www.kirkonulkomaanapu.fi\/wp-content\/uploads\/2026\/02\/Kirkon-ulkomaanapu-logo-1.png","width":225,"height":225,"caption":"Kirkon Ulkomaanapu"},"image":{"@id":"https:\/\/www.kirkonulkomaanapu.fi\/#\/schema\/logo\/image\/"},"sameAs":["https:\/\/www.facebook.com\/Ulkomaanapu\/","https:\/\/www.youtube.com\/user\/kirkonulkomaanapu","https:\/\/instagram.com\/kirkon_ulkomaanapu\/","https:\/\/www.linkedin.com\/company\/finn-church-aid\/"]}]}},"_links":{"self":[{"href":"https:\/\/www.kirkonulkomaanapu.fi\/en\/wp-json\/wp\/v2\/pages\/115885","targetHints":{"allow":["GET"]}}],"collection":[{"href":"https:\/\/www.kirkonulkomaanapu.fi\/en\/wp-json\/wp\/v2\/pages"}],"about":[{"href":"https:\/\/www.kirkonulkomaanapu.fi\/en\/wp-json\/wp\/v2\/types\/page"}],"author":[{"embeddable":true,"href":"https:\/\/www.kirkonulkomaanapu.fi\/en\/wp-json\/wp\/v2\/users\/146"}],"replies":[{"embeddable":true,"href":"https:\/\/www.kirkonulkomaanapu.fi\/en\/wp-json\/wp\/v2\/comments?post=115885"}],"version-history":[{"count":3,"href":"https:\/\/www.kirkonulkomaanapu.fi\/en\/wp-json\/wp\/v2\/pages\/115885\/revisions"}],"predecessor-version":[{"id":152150,"href":"https:\/\/www.kirkonulkomaanapu.fi\/en\/wp-json\/wp\/v2\/pages\/115885\/revisions\/152150"}],"up":[{"embeddable":true,"href":"https:\/\/www.kirkonulkomaanapu.fi\/en\/wp-json\/wp\/v2\/pages\/116053"}],"wp:featuredmedia":[{"embeddable":true,"href":"https:\/\/www.kirkonulkomaanapu.fi\/en\/wp-json\/wp\/v2\/media\/91042"}],"wp:attachment":[{"href":"https:\/\/www.kirkonulkomaanapu.fi\/en\/wp-json\/wp\/v2\/media?parent=115885"}],"curies":[{"name":"wp","href":"https:\/\/api.w.org\/{rel}","templated":true}]}}