{"id":115740,"date":"2021-05-10T13:29:51","date_gmt":"2021-05-10T10:29:51","guid":{"rendered":"https:\/\/www.kirkonulkomaanapu.fi\/?page_id=115740"},"modified":"2026-03-31T13:45:46","modified_gmt":"2026-03-31T10:45:46","slug":"education","status":"publish","type":"page","link":"https:\/\/www.kirkonulkomaanapu.fi\/en\/work\/education\/","title":{"rendered":"Right to Education"},"content":{"rendered":"\n\n\n<div class=\"block-hero full-width id-block\" style=\"background-image: url('https:\/\/www.kirkonulkomaanapu.fi\/wp-content\/uploads\/2020\/02\/Koulutus_2020-2.jpg');\">\n\n\t<div class=\"bg-mobile\" style=\"background-image: url('https:\/\/www.kirkonulkomaanapu.fi\/wp-content\/uploads\/2020\/02\/Koulutus_2020-2-1024x484.jpg');\"><\/div>\n\n\t\n\t<div class=\"curtain\"><\/div>\n\n\t<div class=\"container\">\n\t\t<div class=\"row\">\n\t\t\t<div class=\"col\">\n\t\t\t\t<div class=\"inner-blocks entry-content\">\n\t\t\t\t\t\t\t\t\t\t\t\n<h2 class=\"is-style-brush\" ><span class=\"bg\">\nRight to <span class=\"is-highlighted\">Education<\/span>\n<\/span><\/h2><h2 class=\"is-style-brush mobile\" ><span class=\"bg\">Right<\/span><span class=\"bg\">to<\/span><span class=\"is-highlighted\"><span class=\"bg\">Education<\/span><\/span><\/h2>\n\n\n<p><\/p>\n\n\n\t\t\t\t\t\t\t\t\t<\/div>\n\t\t\t<\/div>\n\t\t<\/div>\n\t<\/div>\n<\/div>\n\n\n<div class=\"subpage-navigation id-block full-width\">\n    <div class=\"container-lg\">\n        <div class=\"row\">\n            <div class=\"col\">\n                <ul class=\"pages\">\n                                        <li class=\"page ancestor\">\n                        <a href=\"https:\/\/www.kirkonulkomaanapu.fi\/en\/work\/\">What we do<\/a>\n                    <\/li>\n                                        <li class=\"page ancestor current\">\n                        <a href=\"https:\/\/www.kirkonulkomaanapu.fi\/en\/work\/education\/\">Right to Education<\/a>\n                    <\/li>\n                    \n                                        <li class=\"page\">\n                        <a href=\"https:\/\/www.kirkonulkomaanapu.fi\/en\/work\/education\/fca-college\/\">FCA College<\/a>\n                    <\/li>\n                                    <\/ul>\n            <\/div>\n        <\/div>\n    <\/div>\n<\/div>\n\n\n\n\n\n\n<p>Education is&nbsp;a&nbsp;key to stability, realising human rights&nbsp;and unlocking the potential of children and youth. In fragile contexts, among the&nbsp;world\u2019s&nbsp;most vulnerable populations, schools also serve as safe spaces where learners are protected from abuse and child labour while gaining knowledge and skills&nbsp;for building&nbsp;a better future.&nbsp;&nbsp;<\/p>\n\n\n\n<p class=\"has-text-align-left\">By working for the Right to Quality Education, we&nbsp;want to&nbsp;ensure&nbsp;safe, inclusive schools with quality teaching for everyone.&nbsp;We&nbsp;draw on&nbsp;experience&nbsp;from&nbsp;Finland\u2019s&nbsp;internationally recognised&nbsp;education&nbsp;expertise&nbsp;in primary, secondary and vocational education and&nbsp;early childhood&nbsp;development.&nbsp;<\/p>\n\n\n\n<p>Our programmes support access to&nbsp;education,&nbsp;particularly&nbsp;for&nbsp;girls, persons with disabilities and young women. Besides&nbsp;building&nbsp;school structures&nbsp;and creating&nbsp;safe, environmentally friendly&nbsp;learning environments,&nbsp;we&nbsp;invest&nbsp;in supporting and building the capacities of teachers and Ministries of Education.&nbsp;<\/p>\n\n\n\n<p>Career counselling and teaching working life skills are&nbsp;an integral part of our education projects. We support the&nbsp;world\u2019s&nbsp;most&nbsp;fragile states&nbsp;in&nbsp;developing&nbsp;career counselling and vocational education that&nbsp;equip youth with skills and opportunities to find sustainable livelihoods&nbsp;after completing school.&nbsp;<\/p>\n\n\n\n<p>Innovative approaches are at the core&nbsp;of&nbsp;our&nbsp;education response.&nbsp;Innovations can be social, pedagogical, economic and technological, and the&nbsp;solutions&nbsp;improve&nbsp;inclusion, equity and the quality of education.&nbsp;<\/p>\n\n\n\n<p>Our school structures are designed against disasters,&nbsp;and we tailor&nbsp;digital solutions to complex educational challenges, such as remote learning during the Covid-19 pandemic&nbsp;and&nbsp;remote&nbsp;mentorship&nbsp;programmes&nbsp;for teachers&nbsp;in refugee settlements&nbsp;supported by the FCA-founded&nbsp;<a href=\"https:\/\/www.opettajatilmanrajoja.fi\/en\/\" target=\"_blank\" rel=\"noreferrer noopener\">Teachers without Borders<\/a>&nbsp;network.&nbsp;<\/p>\n\n\n\n<figure class=\"wp-block-image size-large\"><img loading=\"lazy\" decoding=\"async\" width=\"978\" height=\"664\" src=\"https:\/\/www.kirkonulkomaanapu.fi\/wp-content\/uploads\/2021\/05\/Education.png\" alt=\"\" class=\"wp-image-116804\" srcset=\"https:\/\/www.kirkonulkomaanapu.fi\/wp-content\/uploads\/2021\/05\/Education.png 978w, https:\/\/www.kirkonulkomaanapu.fi\/wp-content\/uploads\/2021\/05\/Education-480x326.png 480w, https:\/\/www.kirkonulkomaanapu.fi\/wp-content\/uploads\/2021\/05\/Education-768x521.png 768w, https:\/\/www.kirkonulkomaanapu.fi\/wp-content\/uploads\/2021\/05\/Education-262x178.png 262w\" sizes=\"auto, (max-width: 978px) 100vw, 978px\" \/><\/figure>\n\n\n\n<h2 class=\"wp-block-heading\" id=\"further-information\">Read more<\/h2>\n\n\n\n\n\n\n<div class=\"block-accordion id-block\" data-jquery=\"accordion\">\n    <div class=\"accordion\">\n        <button class=\"open-accordion\" type=\"button\">\n            Education in Emergencies\t<\/button>\n\n\t<div class=\"accordion-content\">\n\t    <div class=\"inner-blocks entry-content\">\n                \n\n<h3 class=\"wp-block-heading\">Education in Emergencies<\/h3>\n\n\n\n<p>The main focus of our humanitarian work is Education in Emergencies. We believe that education is part of the most urgent needs in a crisis, along with food, shelter and healthcare.<\/p>\n\n\n\n<p>We base our Education in Emergencies response on a holistic approach to well-being. Education provides physical, psychosocial and cognitive protection for children and youth and can sustain and save lives.<\/p>\n\n\n\n<p>With Education in Emergencies, we aim to ensure uninterrupted quality education in primary, secondary and vocational education (TVET) and non-formal education and early childhood development.<\/p>\n\n\n\n<p>Our operations focus on ensuring meaningful community participation, constructing transitional learning spaces, rehabilitating permanent schools, providing educational materials and kits and training teachers.<\/p>\n\n\n\n<p>We are committed to coordination with other actors and education authorities to ensure coherent education responses and seek long-term solutions from the earliest stages of a crisis while ensuring that programmes are adaptive to meet urgent, unexpected needs.<\/p>\n\n\n\n<p><iframe loading=\"lazy\" width=\"560\" height=\"315\" src=\"https:\/\/www.youtube.com\/embed\/-XjJ5sXI8YY\" title=\"YouTube video player\" frameborder=\"0\" allow=\"accelerometer; autoplay; clipboard-write; encrypted-media; gyroscope; picture-in-picture\" allowfullscreen=\"\"><\/iframe><\/p>\n\n\n\n<p><\/p>\n\n\n\t    <\/div>\n\t<\/div>\n    <\/div>\n<\/div>\n\n\n\n\n\n\n<div class=\"block-accordion id-block\" data-jquery=\"accordion\">\n    <div class=\"accordion\">\n        <button class=\"open-accordion\" type=\"button\">\n            Technical Vocational Education Training (TVET)\t<\/button>\n\n\t<div class=\"accordion-content\">\n\t    <div class=\"inner-blocks entry-content\">\n                \n\n<h3 class=\"wp-block-heading\" id=\"tvet\">Technical Vocational Education Training (TVET)<\/h3>\n\n\n\n<p>We work for quality Technical and Vocational Education and Training (TVET) and support youth\u2019s transition to working life while advocating for functional cooperation with the private sector.<\/p>\n\n\n\n<p>Our work ensures inclusion and equity in the youth\u2019s access to TVET in vulnerable contexts, such as refugee situations. We support in developing updated, market-driven, competency-based curricula and certified qualifications and equip TVET teachers with updated vocational pedagogical and didactical skills.<\/p>\n\n\n\n<p>We promote on-the-job training in connection with TVET programs and develop apprenticeship training in collaboration with the private sector.<\/p>\n\n\n\n<p>Business coaches facilitate the starting of businesses, and career guidance counsellors support career choices, help tackle challenges in learning and support job-seeking or the transition to further education.<\/p>\n\n\n\n<p><iframe loading=\"lazy\" width=\"560\" height=\"315\" src=\"https:\/\/www.youtube.com\/embed\/0shbHM6ebN8\" title=\"YouTube video player\" frameborder=\"0\" allow=\"accelerometer; autoplay; clipboard-write; encrypted-media; gyroscope; picture-in-picture\" allowfullscreen=\"\"><\/iframe><\/p>\n\n\n\t    <\/div>\n\t<\/div>\n    <\/div>\n<\/div>\n\n\n\n\n\n\n<div class=\"block-accordion id-block\" data-jquery=\"accordion\">\n    <div class=\"accordion\">\n        <button class=\"open-accordion\" type=\"button\">\n            Education Sector development\t<\/button>\n\n\t<div class=\"accordion-content\">\n\t    <div class=\"inner-blocks entry-content\">\n                \n\n<h3 class=\"wp-block-heading\">Education Sector development<\/h3>\n\n\n\n<p>We support education sector development, particularly in fragile contexts. Collaboration with national Ministries of Education and other relevant ministries and education authorities at different levels take different forms ranging from capacity development to curricula development and supporting the formulation of inclusive, equitable, informed education policies that reduce the risk of conflicts and disasters.<\/p>\n\n\n\n<p>We support duty-bearers, such as governments, in Education in Emergencies, TVET, developing systematic career guidance and counselling services development, and teacher education, among other things.<\/p>\n\n\n\n<ul class=\"wp-block-list\">\n<li><em>We have developed Cambodia\u2019s career guidance and counselling system in collaboration with the Cambodian Ministry of Education, Youth and Sports since 2014. Career guidance and counselling has decreased school drop-out rates and opened doors for youth employment in Cambodia. The program\u2019s success has extended career guidance and counselling to other country programmes.<\/em><\/li>\n<\/ul>\n\n\n\t    <\/div>\n\t<\/div>\n    <\/div>\n<\/div>\n\n\n\n\n\n\n<div class=\"block-accordion id-block\" data-jquery=\"accordion\">\n    <div class=\"accordion\">\n        <button class=\"open-accordion\" type=\"button\">\n            Teacher education\t<\/button>\n\n\t<div class=\"accordion-content\">\n\t    <div class=\"inner-blocks entry-content\">\n                \n\n<h3 class=\"wp-block-heading\">Teacher education<\/h3>\n\n\n\n<p>Teachers form the most critical resource for realizing quality education. We draw from the Finnish experience of investing in teachers\u2019 continuous professional development and well-being.<\/p>\n\n\n\n<p>Our training supports efficient teaching that applies learner-centred pedagogy, inclusive and active teaching methods adapted to national and local contexts, and enhanced learning outcomes.<\/p>\n\n\n\n<p>We train teachers with the support of local professionals and the volunteers of our Teachers without Borders network.<\/p>\n\n\n\n<ul class=\"wp-block-list\">\n<li><em>We provide real-time support to teachers in Kenya and Uganda through mobile mentoring. Teachers are trained in pedagogy, special needs education and curriculum development, after which they are supported in Whatsapp groups.<\/em><\/li>\n<\/ul>\n\n\n\t    <\/div>\n\t<\/div>\n    <\/div>\n<\/div>\n\n\n\n\n\n\n<div class=\"block-accordion id-block\" data-jquery=\"accordion\">\n    <div class=\"accordion\">\n        <button class=\"open-accordion\" type=\"button\">\n            Materials\t<\/button>\n\n\t<div class=\"accordion-content\">\n\t    <div class=\"inner-blocks entry-content\">\n                \n\n<h3 class=\"wp-block-heading\">Materials<\/h3>\n\n\n\n<p>Download our brochure\u202f<a href=\"https:\/\/www.kirkonulkomaanapu.fi\/wp-content\/uploads\/2019\/05\/RightToQualityEducation_web.pdf\" target=\"_blank\" rel=\"noreferrer noopener\">Right To Quality Education<\/a>&nbsp;<\/p>\n\n\n\n<p>Download our&nbsp;brochures on\u202f<a href=\"https:\/\/www.kirkonulkomaanapu.fi\/wp-content\/uploads\/2019\/09\/KUA_CareerGuidance_esite_Final2.pdf\" target=\"_blank\" rel=\"noreferrer noopener\">Career Guidance and Counselling<\/a>\u202fand\u202f<a href=\"https:\/\/www.kirkonulkomaanapu.fi\/wp-content\/uploads\/2019\/09\/Linking-Learning-to-Earning.pdf\" target=\"_blank\" rel=\"noreferrer noopener\">Linking Learning to Earning<\/a>&nbsp;<\/p>\n\n\n\n<p>Download&nbsp;our&nbsp;publication\u202f<a href=\"https:\/\/www.kirkonulkomaanapu.fi\/wp-content\/uploads\/2019\/09\/ImprovingWellbeingThroughEducation_web.pdf\" target=\"_blank\" rel=\"noreferrer noopener\">Improving Wellbeing Through Education \u2013\u202fIntegrating Community Based Psychosocial Support into Education in Emergencies<\/a>&nbsp;<\/p>\n\n\n\n<p>Download&nbsp;brochure\u202f<a href=\"https:\/\/www.kirkonulkomaanapu.fi\/wp-content\/uploads\/2014\/04\/Training_Teachers_in_Crisis_TICCWG_screen.pdf\" target=\"_blank\" rel=\"noreferrer noopener\">Training for Primary Education Teachers in Crisis Contexts<\/a>\u202f(pdf)\u202fand\u202f<a href=\"http:\/\/s3.amazonaws.com\/inee-assets\/resources\/TICCWG_TeacherTrainingPack_-_all_files__no_ppts_(3MB)_v2.pdf\" target=\"_blank\" rel=\"noreferrer noopener\">full training pack<\/a>\u202f(pdf).&nbsp;<\/p>\n\n\n\t    <\/div>\n\t<\/div>\n    <\/div>\n<\/div>\n\n\n\n<div style=\"height:100px\" aria-hidden=\"true\" class=\"wp-block-spacer\"><\/div>\n\n\n\n\n<div class=\"block-image-beside-content full-width id-block has-bg\">\n    <div class=\"container-lg\">\n        <div class=\"row\">\n            <div class=\"col col-12 col-lg-6\">\n                <div class=\"align-image\">\n                                        <img decoding=\"async\" class=\"image\" alt=\"Brochure cover page.\" src=\"https:\/\/www.kirkonulkomaanapu.fi\/wp-content\/uploads\/2021\/11\/Pub_cover_R2QE-1024x576.jpg\" loading=\"lazy\" srcset=\"https:\/\/www.kirkonulkomaanapu.fi\/wp-content\/uploads\/2021\/11\/Pub_cover_R2QE-480x270.jpg 320w, https:\/\/www.kirkonulkomaanapu.fi\/wp-content\/uploads\/2021\/11\/Pub_cover_R2QE-1024x576.jpg 991w\" sizes=\"auto, (max-width: 991px) 150px\" width=\"1024\" height=\"576\">\n                                    <\/div>\n            <\/div>\n            <div class=\"col col-12 col-lg-6\">\n                <div class=\"align-content\">\n                    <div class=\"inner-blocks entry-content\">\n                        \n\n<h2 class=\"wp-block-heading\">Right to Quality Education Brochure<\/h2>\n\n\n\n<div class=\"wp-block-buttons is-layout-flex wp-block-buttons-is-layout-flex\">\n<div class=\"wp-block-button is-style-solid\"><a class=\"wp-block-button__link wp-element-button\" href=\"https:\/\/www.kirkonulkomaanapu.fi\/wp-content\/uploads\/2021\/11\/R2QE_brochure_accessible.pdf\" target=\"_blank\" rel=\"noreferrer noopener\">Right to Quality Education (PDF)<\/a><\/div>\n<\/div>\n\n\n                    <\/div>\n                <\/div>\n            <\/div>\n        <\/div>\n    <\/div>\n<\/div>\n","protected":false},"excerpt":{"rendered":"<p>Education is&nbsp;a&nbsp;key to stability, realising human rights&nbsp;and unlocking the potential of children and youth. In fragile contexts, among the&nbsp;world\u2019s&nbsp;most vulnerable populations, schools also serve as safe spaces where learners are protected from abuse and child labour while gaining knowledge and skills&nbsp;for building&nbsp;a better future.&nbsp;&nbsp; By working for the Right to Quality Education, we&nbsp;want to&nbsp;ensure&nbsp;safe, inclusive [&hellip;]<\/p>\n","protected":false},"author":146,"featured_media":0,"parent":116053,"menu_order":0,"comment_status":"closed","ping_status":"closed","template":"","meta":{"_acf_changed":false,"_relevanssi_hide_post":"","_relevanssi_hide_content":"","_relevanssi_pin_for_all":"","_relevanssi_pin_keywords":"","_relevanssi_unpin_keywords":"","_relevanssi_related_keywords":"","_relevanssi_related_include_ids":"","_relevanssi_related_exclude_ids":"","_relevanssi_related_no_append":"","_relevanssi_related_not_related":"","_relevanssi_related_posts":"64393,67050,109706,73864,108831,74884","_relevanssi_noindex_reason":"","_improvement_type_select":"improve_an_existing","_thumb_yes_seoaic":false,"_frame_yes_seoaic":false,"seoaic_generate_description":"","seoaic_improve_instructions_prompt":"","seoaic_rollback_content_improvement":"","seoaic_idea_thumbnail_generator":"","thumbnail_generated":false,"thumbnail_generate_prompt":"","seoaic_article_description":"","footnotes":""},"class_list":["post-115740","page","type-page","status-publish","hentry"],"acf":[],"yoast_head":"<!-- This site is optimized with the Yoast SEO plugin v26.9 - https:\/\/yoast.com\/product\/yoast-seo-wordpress\/ -->\n<title>Right to Quality Education - Development Cooperation - Finn Church Aid<\/title>\n<meta name=\"description\" content=\"Education is a key to stability, realising human rights and unlocking the potential of children and youth.\" \/>\n<meta name=\"robots\" content=\"index, follow, max-snippet:-1, max-image-preview:large, max-video-preview:-1\" \/>\n<link rel=\"canonical\" href=\"https:\/\/www.kirkonulkomaanapu.fi\/en\/work\/education\/\" \/>\n<meta property=\"og:locale\" content=\"en_US\" \/>\n<meta property=\"og:type\" content=\"article\" \/>\n<meta property=\"og:title\" content=\"Right to Quality Education - Development Cooperation - Finn Church Aid\" \/>\n<meta property=\"og:description\" content=\"Education is a key to stability, realising human rights and unlocking the potential of children and youth.\" \/>\n<meta property=\"og:url\" content=\"https:\/\/www.kirkonulkomaanapu.fi\/en\/work\/education\/\" \/>\n<meta property=\"og:site_name\" content=\"FCA Finn Church Aid\" \/>\n<meta property=\"article:publisher\" content=\"https:\/\/www.facebook.com\/Ulkomaanapu\/\" \/>\n<meta property=\"article:modified_time\" content=\"2026-03-31T10:45:46+00:00\" \/>\n<meta property=\"og:image\" content=\"https:\/\/www.kirkonulkomaanapu.fi\/wp-content\/uploads\/2021\/05\/Education.png\" \/>\n\t<meta property=\"og:image:width\" content=\"978\" \/>\n\t<meta property=\"og:image:height\" content=\"664\" \/>\n\t<meta property=\"og:image:type\" content=\"image\/png\" \/>\n<meta name=\"twitter:label1\" content=\"Est. reading time\" \/>\n\t<meta name=\"twitter:data1\" content=\"6 minutes\" \/>\n<script type=\"application\/ld+json\" class=\"yoast-schema-graph\">{\"@context\":\"https:\/\/schema.org\",\"@graph\":[{\"@type\":\"WebPage\",\"@id\":\"https:\/\/www.kirkonulkomaanapu.fi\/en\/work\/education\/\",\"url\":\"https:\/\/www.kirkonulkomaanapu.fi\/en\/work\/education\/\",\"name\":\"Right to Quality Education - Development Cooperation - Finn Church Aid\",\"isPartOf\":{\"@id\":\"https:\/\/www.kirkonulkomaanapu.fi\/#website\"},\"primaryImageOfPage\":{\"@id\":\"https:\/\/www.kirkonulkomaanapu.fi\/en\/work\/education\/#primaryimage\"},\"image\":{\"@id\":\"https:\/\/www.kirkonulkomaanapu.fi\/en\/work\/education\/#primaryimage\"},\"thumbnailUrl\":\"https:\/\/www.kirkonulkomaanapu.fi\/wp-content\/uploads\/2021\/05\/Education.png\",\"datePublished\":\"2021-05-10T10:29:51+00:00\",\"dateModified\":\"2026-03-31T10:45:46+00:00\",\"description\":\"Education is a key to stability, realising human rights and unlocking the potential of children and youth.\",\"breadcrumb\":{\"@id\":\"https:\/\/www.kirkonulkomaanapu.fi\/en\/work\/education\/#breadcrumb\"},\"inLanguage\":\"en-US\",\"potentialAction\":[{\"@type\":\"ReadAction\",\"target\":[\"https:\/\/www.kirkonulkomaanapu.fi\/en\/work\/education\/\"]}]},{\"@type\":\"ImageObject\",\"inLanguage\":\"en-US\",\"@id\":\"https:\/\/www.kirkonulkomaanapu.fi\/en\/work\/education\/#primaryimage\",\"url\":\"https:\/\/www.kirkonulkomaanapu.fi\/wp-content\/uploads\/2021\/05\/Education.png\",\"contentUrl\":\"https:\/\/www.kirkonulkomaanapu.fi\/wp-content\/uploads\/2021\/05\/Education.png\"},{\"@type\":\"BreadcrumbList\",\"@id\":\"https:\/\/www.kirkonulkomaanapu.fi\/en\/work\/education\/#breadcrumb\",\"itemListElement\":[{\"@type\":\"ListItem\",\"position\":1,\"name\":\"Home\",\"item\":\"https:\/\/www.kirkonulkomaanapu.fi\/en\/\"},{\"@type\":\"ListItem\",\"position\":2,\"name\":\"What we do\",\"item\":\"https:\/\/www.kirkonulkomaanapu.fi\/en\/work\/\"},{\"@type\":\"ListItem\",\"position\":3,\"name\":\"Right to Education\"}]},{\"@type\":\"WebSite\",\"@id\":\"https:\/\/www.kirkonulkomaanapu.fi\/#website\",\"url\":\"https:\/\/www.kirkonulkomaanapu.fi\/\",\"name\":\"Kirkon Ulkomaanapu\",\"description\":\"Suomen suurin kehitysyhteisty\u00f6j\u00e4rjest\u00f6\",\"publisher\":{\"@id\":\"https:\/\/www.kirkonulkomaanapu.fi\/#organization\"},\"alternateName\":\"KUA\",\"potentialAction\":[{\"@type\":\"SearchAction\",\"target\":{\"@type\":\"EntryPoint\",\"urlTemplate\":\"https:\/\/www.kirkonulkomaanapu.fi\/?s={search_term_string}\"},\"query-input\":{\"@type\":\"PropertyValueSpecification\",\"valueRequired\":true,\"valueName\":\"search_term_string\"}}],\"inLanguage\":\"en-US\"},{\"@type\":\"Organization\",\"@id\":\"https:\/\/www.kirkonulkomaanapu.fi\/#organization\",\"name\":\"Kirkon Ulkomaanapu\",\"alternateName\":\"KUA\",\"url\":\"https:\/\/www.kirkonulkomaanapu.fi\/\",\"logo\":{\"@type\":\"ImageObject\",\"inLanguage\":\"en-US\",\"@id\":\"https:\/\/www.kirkonulkomaanapu.fi\/#\/schema\/logo\/image\/\",\"url\":\"https:\/\/www.kirkonulkomaanapu.fi\/wp-content\/uploads\/2026\/02\/Kirkon-ulkomaanapu-logo-1.png\",\"contentUrl\":\"https:\/\/www.kirkonulkomaanapu.fi\/wp-content\/uploads\/2026\/02\/Kirkon-ulkomaanapu-logo-1.png\",\"width\":225,\"height\":225,\"caption\":\"Kirkon Ulkomaanapu\"},\"image\":{\"@id\":\"https:\/\/www.kirkonulkomaanapu.fi\/#\/schema\/logo\/image\/\"},\"sameAs\":[\"https:\/\/www.facebook.com\/Ulkomaanapu\/\",\"https:\/\/www.youtube.com\/user\/kirkonulkomaanapu\",\"https:\/\/instagram.com\/kirkon_ulkomaanapu\/\",\"https:\/\/www.linkedin.com\/company\/finn-church-aid\/\"]}]}<\/script>\n<!-- \/ Yoast SEO plugin. -->","yoast_head_json":{"title":"Right to Quality Education - Development Cooperation - Finn Church Aid","description":"Education is a key to stability, realising human rights and unlocking the potential of children and youth.","robots":{"index":"index","follow":"follow","max-snippet":"max-snippet:-1","max-image-preview":"max-image-preview:large","max-video-preview":"max-video-preview:-1"},"canonical":"https:\/\/www.kirkonulkomaanapu.fi\/en\/work\/education\/","og_locale":"en_US","og_type":"article","og_title":"Right to Quality Education - Development Cooperation - Finn Church Aid","og_description":"Education is a key to stability, realising human rights and unlocking the potential of children and youth.","og_url":"https:\/\/www.kirkonulkomaanapu.fi\/en\/work\/education\/","og_site_name":"FCA Finn Church Aid","article_publisher":"https:\/\/www.facebook.com\/Ulkomaanapu\/","article_modified_time":"2026-03-31T10:45:46+00:00","og_image":[{"width":978,"height":664,"url":"https:\/\/www.kirkonulkomaanapu.fi\/wp-content\/uploads\/2021\/05\/Education.png","type":"image\/png"}],"twitter_misc":{"Est. reading time":"6 minutes"},"schema":{"@context":"https:\/\/schema.org","@graph":[{"@type":"WebPage","@id":"https:\/\/www.kirkonulkomaanapu.fi\/en\/work\/education\/","url":"https:\/\/www.kirkonulkomaanapu.fi\/en\/work\/education\/","name":"Right to Quality Education - Development Cooperation - Finn Church Aid","isPartOf":{"@id":"https:\/\/www.kirkonulkomaanapu.fi\/#website"},"primaryImageOfPage":{"@id":"https:\/\/www.kirkonulkomaanapu.fi\/en\/work\/education\/#primaryimage"},"image":{"@id":"https:\/\/www.kirkonulkomaanapu.fi\/en\/work\/education\/#primaryimage"},"thumbnailUrl":"https:\/\/www.kirkonulkomaanapu.fi\/wp-content\/uploads\/2021\/05\/Education.png","datePublished":"2021-05-10T10:29:51+00:00","dateModified":"2026-03-31T10:45:46+00:00","description":"Education is a key to stability, realising human rights and unlocking the potential of children and youth.","breadcrumb":{"@id":"https:\/\/www.kirkonulkomaanapu.fi\/en\/work\/education\/#breadcrumb"},"inLanguage":"en-US","potentialAction":[{"@type":"ReadAction","target":["https:\/\/www.kirkonulkomaanapu.fi\/en\/work\/education\/"]}]},{"@type":"ImageObject","inLanguage":"en-US","@id":"https:\/\/www.kirkonulkomaanapu.fi\/en\/work\/education\/#primaryimage","url":"https:\/\/www.kirkonulkomaanapu.fi\/wp-content\/uploads\/2021\/05\/Education.png","contentUrl":"https:\/\/www.kirkonulkomaanapu.fi\/wp-content\/uploads\/2021\/05\/Education.png"},{"@type":"BreadcrumbList","@id":"https:\/\/www.kirkonulkomaanapu.fi\/en\/work\/education\/#breadcrumb","itemListElement":[{"@type":"ListItem","position":1,"name":"Home","item":"https:\/\/www.kirkonulkomaanapu.fi\/en\/"},{"@type":"ListItem","position":2,"name":"What we do","item":"https:\/\/www.kirkonulkomaanapu.fi\/en\/work\/"},{"@type":"ListItem","position":3,"name":"Right to Education"}]},{"@type":"WebSite","@id":"https:\/\/www.kirkonulkomaanapu.fi\/#website","url":"https:\/\/www.kirkonulkomaanapu.fi\/","name":"Kirkon Ulkomaanapu","description":"Suomen suurin kehitysyhteisty\u00f6j\u00e4rjest\u00f6","publisher":{"@id":"https:\/\/www.kirkonulkomaanapu.fi\/#organization"},"alternateName":"KUA","potentialAction":[{"@type":"SearchAction","target":{"@type":"EntryPoint","urlTemplate":"https:\/\/www.kirkonulkomaanapu.fi\/?s={search_term_string}"},"query-input":{"@type":"PropertyValueSpecification","valueRequired":true,"valueName":"search_term_string"}}],"inLanguage":"en-US"},{"@type":"Organization","@id":"https:\/\/www.kirkonulkomaanapu.fi\/#organization","name":"Kirkon Ulkomaanapu","alternateName":"KUA","url":"https:\/\/www.kirkonulkomaanapu.fi\/","logo":{"@type":"ImageObject","inLanguage":"en-US","@id":"https:\/\/www.kirkonulkomaanapu.fi\/#\/schema\/logo\/image\/","url":"https:\/\/www.kirkonulkomaanapu.fi\/wp-content\/uploads\/2026\/02\/Kirkon-ulkomaanapu-logo-1.png","contentUrl":"https:\/\/www.kirkonulkomaanapu.fi\/wp-content\/uploads\/2026\/02\/Kirkon-ulkomaanapu-logo-1.png","width":225,"height":225,"caption":"Kirkon Ulkomaanapu"},"image":{"@id":"https:\/\/www.kirkonulkomaanapu.fi\/#\/schema\/logo\/image\/"},"sameAs":["https:\/\/www.facebook.com\/Ulkomaanapu\/","https:\/\/www.youtube.com\/user\/kirkonulkomaanapu","https:\/\/instagram.com\/kirkon_ulkomaanapu\/","https:\/\/www.linkedin.com\/company\/finn-church-aid\/"]}]}},"_links":{"self":[{"href":"https:\/\/www.kirkonulkomaanapu.fi\/en\/wp-json\/wp\/v2\/pages\/115740","targetHints":{"allow":["GET"]}}],"collection":[{"href":"https:\/\/www.kirkonulkomaanapu.fi\/en\/wp-json\/wp\/v2\/pages"}],"about":[{"href":"https:\/\/www.kirkonulkomaanapu.fi\/en\/wp-json\/wp\/v2\/types\/page"}],"author":[{"embeddable":true,"href":"https:\/\/www.kirkonulkomaanapu.fi\/en\/wp-json\/wp\/v2\/users\/146"}],"replies":[{"embeddable":true,"href":"https:\/\/www.kirkonulkomaanapu.fi\/en\/wp-json\/wp\/v2\/comments?post=115740"}],"version-history":[{"count":3,"href":"https:\/\/www.kirkonulkomaanapu.fi\/en\/wp-json\/wp\/v2\/pages\/115740\/revisions"}],"predecessor-version":[{"id":160710,"href":"https:\/\/www.kirkonulkomaanapu.fi\/en\/wp-json\/wp\/v2\/pages\/115740\/revisions\/160710"}],"up":[{"embeddable":true,"href":"https:\/\/www.kirkonulkomaanapu.fi\/en\/wp-json\/wp\/v2\/pages\/116053"}],"wp:attachment":[{"href":"https:\/\/www.kirkonulkomaanapu.fi\/en\/wp-json\/wp\/v2\/media?parent=115740"}],"curies":[{"name":"wp","href":"https:\/\/api.w.org\/{rel}","templated":true}]}}