{"id":115276,"date":"2021-05-10T13:23:24","date_gmt":"2021-05-10T10:23:24","guid":{"rendered":"https:\/\/www.kirkonulkomaanapu.fi\/?page_id=115276"},"modified":"2025-03-12T11:37:19","modified_gmt":"2025-03-12T09:37:19","slug":"get-involved","status":"publish","type":"page","link":"https:\/\/www.kirkonulkomaanapu.fi\/en\/get-involved\/","title":{"rendered":"Get involved"},"content":{"rendered":"\n\n\n<div class=\"block-hero full-width id-block\" style=\"background-image: url('https:\/\/www.kirkonulkomaanapu.fi\/wp-content\/uploads\/2021\/05\/Osallistu-scaled.jpg');\">\n\n\t<div class=\"bg-mobile\" style=\"background-image: url('https:\/\/www.kirkonulkomaanapu.fi\/wp-content\/uploads\/2021\/05\/Osallistu-1024x683.jpg');\"><\/div>\n\n\t\n\t<div class=\"curtain\"><\/div>\n\n\t<div class=\"container\">\n\t\t<div class=\"row\">\n\t\t\t<div class=\"col\">\n\t\t\t\t<div class=\"inner-blocks entry-content\">\n\t\t\t\t\t\t\t\t\t\t\t\n<h2 class=\"is-style-brush\" ><span class=\"bg\">\nGet <span class=\"is-highlighted\">Involved<\/span>\n<\/span><\/h2><h2 class=\"is-style-brush mobile\" ><span class=\"bg\">Get<\/span><span class=\"is-highlighted\"><span class=\"bg\">Involved<\/span><\/span><\/h2>\n\n\n<p><\/p>\n\n\n\t\t\t\t\t\t\t\t\t<\/div>\n\t\t\t<\/div>\n\t\t<\/div>\n\t<\/div>\n<\/div>\n\n\n<div class=\"subpage-navigation id-block full-width\">\n    <div class=\"container-lg\">\n        <div class=\"row\">\n            <div class=\"col\">\n                <ul class=\"pages\">\n                                        <li class=\"page ancestor current\">\n                        <a href=\"https:\/\/www.kirkonulkomaanapu.fi\/en\/get-involved\/\">Get involved<\/a>\n                    <\/li>\n                    \n                                        <li class=\"page\">\n                        <a href=\"https:\/\/www.kirkonulkomaanapu.fi\/en\/get-involved\/alternative-gifts\/\">Alternative Gifts<\/a>\n                    <\/li>\n                                        <li class=\"page\">\n                        <a href=\"https:\/\/www.kirkonulkomaanapu.fi\/en\/get-involved\/donate\/\">Donate<\/a>\n                    <\/li>\n                                        <li class=\"page\">\n                        <a href=\"https:\/\/www.kirkonulkomaanapu.fi\/en\/get-involved\/fcaresearch\/\">FCA research<\/a>\n                    <\/li>\n                                    <\/ul>\n            <\/div>\n        <\/div>\n    <\/div>\n<\/div>\n\n\n\n\n\n\n<p>You can get involved in Finn Church Aid\u2019s work in various ways. By participating, you are giving your time and expertise to help people in need. Your time is a valuable asset in our action for human dignity and we are extremely appreciative of all volunteers.<\/p>\n\n\n\n<p>See if you can find a way to participate that suits you!<\/p>\n\n\n\n\n<div class=\"block-image-beside-content full-width id-block\">\n    <div class=\"container-lg\">\n        <div class=\"row\">\n            <div class=\"col col-12 col-lg-6\">\n                <div class=\"align-image\">\n                                        <img decoding=\"async\" class=\"image\" alt=\"OIR-vapaah\" src=\"https:\/\/www.kirkonulkomaanapu.fi\/wp-content\/uploads\/2021\/04\/Osallistu-OIR-2021.jpg\" loading=\"lazy\" srcset=\"https:\/\/www.kirkonulkomaanapu.fi\/wp-content\/uploads\/2021\/04\/Osallistu-OIR-2021-480x320.jpg 320w, https:\/\/www.kirkonulkomaanapu.fi\/wp-content\/uploads\/2021\/04\/Osallistu-OIR-2021.jpg 991w\" sizes=\"auto, (max-width: 991px) 150px\" width=\"700\" height=\"467\">\n                                    <\/div>\n            <\/div>\n            <div class=\"col col-12 col-lg-6\">\n                <div class=\"align-content\">\n                    <div class=\"inner-blocks entry-content\">\n                        \n\n<h2 class=\"wp-block-heading\">Teachers without Borders<\/h2>\n\n\n\n<p>Teachers without Borders (TwB) is a volunteer network for Education Professionals. The network strengthens the quality of education in Finn Church Aid\u2019s development cooperation projects by building on Finnish expertise \u2013 via distance or on site. The volunteers train and mentor local colleagues and support the education sector structures. The volunteers also have a chance to learn new and develop their expertise.<\/p>\n\n\n\n<div class=\"wp-block-buttons is-layout-flex wp-block-buttons-is-layout-flex\">\n<div class=\"wp-block-button is-style-solid\"><a class=\"wp-block-button__link wp-element-button\" href=\"https:\/\/www.opettajatilmanrajoja.fi\/en\/\" target=\"_blank\" rel=\"noreferrer noopener\">Network&#8217;s website<\/a><\/div>\n<\/div>\n\n\n                    <\/div>\n                <\/div>\n            <\/div>\n        <\/div>\n    <\/div>\n<\/div>\n\n\n\n\n<div class=\"block-image-beside-content full-width id-block image-on-right\">\n    <div class=\"container-lg\">\n        <div class=\"row\">\n            <div class=\"col col-12 col-lg-6 order-lg-2\">\n                <div class=\"align-image\">\n                                        <img decoding=\"async\" class=\"image\" alt=\"Elements in FCA Research.\" src=\"https:\/\/www.kirkonulkomaanapu.fi\/wp-content\/uploads\/2018\/04\/FCA_research.png\" loading=\"lazy\" srcset=\"https:\/\/www.kirkonulkomaanapu.fi\/wp-content\/uploads\/2018\/04\/FCA_research-480x451.png 320w, https:\/\/www.kirkonulkomaanapu.fi\/wp-content\/uploads\/2018\/04\/FCA_research.png 991w\" sizes=\"auto, (max-width: 991px) 150px\" width=\"530\" height=\"498\">\n                                    <\/div>\n            <\/div>\n            <div class=\"col col-12 col-lg-6\">\n                <div class=\"align-content\">\n                    <div class=\"inner-blocks entry-content\">\n                        \n\n<h2 class=\"wp-block-heading\">FCA Research<\/h2>\n\n\n\n<p>Research is an important part of the country programmes in our partner countries. If you are a Master\u2019s Degree Student or a Doctoral Researcher, you are welcome to think FCA as a possible partner for your research.<\/p>\n\n\n\n<div class=\"wp-block-buttons is-layout-flex wp-block-buttons-is-layout-flex\">\n<div class=\"wp-block-button is-style-solid\"><a class=\"wp-block-button__link wp-element-button\" href=\"https:\/\/www.kirkonulkomaanapu.fi\/fcaresearch\">More information<\/a><\/div>\n<\/div>\n\n\n\n<p>&nbsp;<\/p>\n\n\n                    <\/div>\n                <\/div>\n            <\/div>\n        <\/div>\n    <\/div>\n<\/div>\n\n\n\n\n<div class=\"block-image-beside-content full-width id-block\">\n    <div class=\"container-lg\">\n        <div class=\"row\">\n            <div class=\"col col-12 col-lg-6\">\n                <div class=\"align-image\">\n                                        <img decoding=\"async\" class=\"image\" alt=\"Hymyilev\u00e4 nainen taputtaa k\u00e4si\u00e4\u00e4n tanssivien naisten keskell\u00e4.\" src=\"https:\/\/www.kirkonulkomaanapu.fi\/wp-content\/uploads\/2021\/05\/Naisten-Pankki-Osallistu-nostokuva.jpg\" loading=\"lazy\" srcset=\"https:\/\/www.kirkonulkomaanapu.fi\/wp-content\/uploads\/2021\/05\/Naisten-Pankki-Osallistu-nostokuva-480x278.jpg 320w, https:\/\/www.kirkonulkomaanapu.fi\/wp-content\/uploads\/2021\/05\/Naisten-Pankki-Osallistu-nostokuva.jpg 991w\" sizes=\"auto, (max-width: 991px) 150px\" width=\"700\" height=\"406\">\n                                    <\/div>\n            <\/div>\n            <div class=\"col col-12 col-lg-6\">\n                <div class=\"align-content\">\n                    <div class=\"inner-blocks entry-content\">\n                        \n\n<h2 class=\"wp-block-heading\">Women&#8217;s Bank<\/h2>\n\n\n\n<p>Women&#8217;s Bank supports women\u2019s vocational training, sustainable entrepreneurship and livelihoods in fragile contexts in Africa, Asia and the Middle East. We promote women\u2019s rights and work towards a gender equal world. We are an active network of monthly donors, corporate partners and a national volunteer network. A just world needs us all &#8211; you are warmly welcome!<\/p>\n\n\n\n<div class=\"wp-block-buttons is-layout-flex wp-block-buttons-is-layout-flex\">\n<div class=\"wp-block-button is-style-solid\"><a class=\"wp-block-button__link wp-element-button\" href=\"https:\/\/www.naistenpankki.fi\/en\/join-us\/\" target=\"_blank\" rel=\"noreferrer noopener\">More information<\/a><\/div>\n<\/div>\n\n\n                    <\/div>\n                <\/div>\n            <\/div>\n        <\/div>\n    <\/div>\n<\/div>\n\n\n\n\n<div class=\"block-image-beside-content full-width id-block image-on-right\">\n    <div class=\"container-lg\">\n        <div class=\"row\">\n            <div class=\"col col-12 col-lg-6 order-lg-2\">\n                <div class=\"align-image\">\n                                        <img decoding=\"async\" class=\"image\" alt=\"Skills Donation -vapaaehtoinen ja joukko paikallisia.\" src=\"https:\/\/www.kirkonulkomaanapu.fi\/wp-content\/uploads\/2021\/05\/Skills-Donation-Osallistu-nostokuva.jpg\" loading=\"lazy\" srcset=\"https:\/\/www.kirkonulkomaanapu.fi\/wp-content\/uploads\/2021\/05\/Skills-Donation-Osallistu-nostokuva-480x360.jpg 320w, https:\/\/www.kirkonulkomaanapu.fi\/wp-content\/uploads\/2021\/05\/Skills-Donation-Osallistu-nostokuva.jpg 991w\" sizes=\"auto, (max-width: 991px) 150px\" width=\"800\" height=\"600\">\n                                    <\/div>\n            <\/div>\n            <div class=\"col col-12 col-lg-6\">\n                <div class=\"align-content\">\n                    <div class=\"inner-blocks entry-content\">\n                        \n\n<h2 class=\"wp-block-heading\">Skills Donation<\/h2>\n\n\n\n<p>Skills Donation international volunteer program supports women\u2019s entrepreneurship in Women\u2019s Banks\u2019 projects by building on the expertise of the network members. The volunteer positions focus on specific needs and the solutions are identified together with local actors. The volunteers may, for example, support market research and planning work or offer trainings and mentorship.<\/p>\n\n\n\n<div class=\"wp-block-buttons is-layout-flex wp-block-buttons-is-layout-flex\">\n<div class=\"wp-block-button is-style-solid\"><a class=\"wp-block-button__link wp-element-button\" href=\"https:\/\/www.naistenpankki.fi\/en\/join-us\/\" target=\"_blank\" rel=\"noreferrer noopener\">More information<\/a><\/div>\n<\/div>\n\n\n                    <\/div>\n                <\/div>\n            <\/div>\n        <\/div>\n    <\/div>\n<\/div>\n\n\n\n\n<div class=\"block-image-beside-content full-width id-block\">\n    <div class=\"container-lg\">\n        <div class=\"row\">\n            <div class=\"col col-12 col-lg-6\">\n                <div class=\"align-image\">\n                                        <img decoding=\"async\" class=\"image\" alt=\"\" src=\"https:\/\/www.kirkonulkomaanapu.fi\/wp-content\/uploads\/2020\/09\/alternative-gift.jpg\" loading=\"lazy\" srcset=\"https:\/\/www.kirkonulkomaanapu.fi\/wp-content\/uploads\/2020\/09\/alternative-gift.jpg 320w, https:\/\/www.kirkonulkomaanapu.fi\/wp-content\/uploads\/2020\/09\/alternative-gift.jpg 991w\" sizes=\"auto, (max-width: 991px) 150px\" width=\"300\" height=\"225\">\n                                    <\/div>\n            <\/div>\n            <div class=\"col col-12 col-lg-6\">\n                <div class=\"align-content\">\n                    <div class=\"inner-blocks entry-content\">\n                        \n\n<h2 class=\"wp-block-heading\">Alternative Gifts<\/h2>\n\n\n\n<p>Alternative Gifts are valuable, ecological and ethical gifts. These gifts help us secure basic necessities, such as food, security and water, to vulnerable people in catastrophe areas.<\/p>\n\n\n\n<div class=\"wp-block-buttons is-layout-flex wp-block-buttons-is-layout-flex\">\n<div class=\"wp-block-button is-style-solid\"><a class=\"wp-block-button__link wp-element-button\" href=\"https:\/\/www.kirkonulkomaanapu.fi\/en\/get-involved\/alternative-gifts\/\">Read more<\/a><\/div>\n<\/div>\n\n\n                    <\/div>\n                <\/div>\n            <\/div>\n        <\/div>\n    <\/div>\n<\/div>\n","protected":false},"excerpt":{"rendered":"<p>You can get involved in Finn Church Aid\u2019s work in various ways. By participating, you are giving your time and expertise to help people in need. Your time is a valuable asset in our action for human dignity and we are extremely appreciative of all volunteers. See if you can find a way to participate [&hellip;]<\/p>\n","protected":false},"author":146,"featured_media":0,"parent":0,"menu_order":15,"comment_status":"closed","ping_status":"closed","template":"","meta":{"_acf_changed":false,"_relevanssi_hide_post":"","_relevanssi_hide_content":"","_relevanssi_pin_for_all":"","_relevanssi_pin_keywords":"","_relevanssi_unpin_keywords":"","_relevanssi_related_keywords":"","_relevanssi_related_include_ids":"","_relevanssi_related_exclude_ids":"","_relevanssi_related_no_append":"","_relevanssi_related_not_related":"","_relevanssi_related_posts":"110039,115774,73864,86807,92897,95438","_relevanssi_noindex_reason":"","_improvement_type_select":"improve_an_existing","_thumb_yes_seoaic":false,"_frame_yes_seoaic":false,"seoaic_generate_description":"","seoaic_improve_instructions_prompt":"","seoaic_rollback_content_improvement":"","seoaic_idea_thumbnail_generator":"","thumbnail_generated":false,"thumbnail_generate_prompt":"","seoaic_article_description":"","footnotes":""},"class_list":["post-115276","page","type-page","status-publish","hentry"],"acf":[],"yoast_head":"<!-- This site is optimized with the Yoast SEO plugin v26.9 - https:\/\/yoast.com\/product\/yoast-seo-wordpress\/ -->\n<title>Get involved in our work towards human rights - Finn Church Aid<\/title>\n<meta name=\"description\" content=\"You can be part of Finn Church Aid&#039;s work in various ways. Volunteer for us in a way that suits you or make a donation.\" \/>\n<meta name=\"robots\" content=\"index, follow, max-snippet:-1, max-image-preview:large, max-video-preview:-1\" \/>\n<link rel=\"canonical\" href=\"https:\/\/www.kirkonulkomaanapu.fi\/en\/get-involved\/\" \/>\n<meta property=\"og:locale\" content=\"en_US\" \/>\n<meta property=\"og:type\" content=\"article\" \/>\n<meta property=\"og:title\" content=\"Get involved in our work towards human rights - Finn Church Aid\" \/>\n<meta property=\"og:description\" content=\"You can be part of Finn Church Aid&#039;s work in various ways. Volunteer for us in a way that suits you or make a donation.\" \/>\n<meta property=\"og:url\" content=\"https:\/\/www.kirkonulkomaanapu.fi\/en\/get-involved\/\" \/>\n<meta property=\"og:site_name\" content=\"FCA Finn Church Aid\" \/>\n<meta property=\"article:publisher\" content=\"https:\/\/www.facebook.com\/Ulkomaanapu\/\" \/>\n<meta property=\"article:modified_time\" content=\"2025-03-12T09:37:19+00:00\" \/>\n<meta property=\"og:image\" content=\"https:\/\/www.kirkonulkomaanapu.fi\/wp-content\/uploads\/2026\/02\/Kirkon-ulkomaanapu-logo.png\" \/>\n\t<meta property=\"og:image:width\" content=\"225\" \/>\n\t<meta property=\"og:image:height\" content=\"225\" \/>\n\t<meta property=\"og:image:type\" content=\"image\/png\" \/>\n<meta name=\"twitter:label1\" content=\"Est. reading time\" \/>\n\t<meta name=\"twitter:data1\" content=\"2 minutes\" \/>\n<script type=\"application\/ld+json\" class=\"yoast-schema-graph\">{\"@context\":\"https:\/\/schema.org\",\"@graph\":[{\"@type\":\"WebPage\",\"@id\":\"https:\/\/www.kirkonulkomaanapu.fi\/en\/get-involved\/\",\"url\":\"https:\/\/www.kirkonulkomaanapu.fi\/en\/get-involved\/\",\"name\":\"Get involved in our work towards human rights - Finn Church Aid\",\"isPartOf\":{\"@id\":\"https:\/\/www.kirkonulkomaanapu.fi\/#website\"},\"datePublished\":\"2021-05-10T10:23:24+00:00\",\"dateModified\":\"2025-03-12T09:37:19+00:00\",\"description\":\"You can be part of Finn Church Aid's work in various ways. Volunteer for us in a way that suits you or make a donation.\",\"breadcrumb\":{\"@id\":\"https:\/\/www.kirkonulkomaanapu.fi\/en\/get-involved\/#breadcrumb\"},\"inLanguage\":\"en-US\",\"potentialAction\":[{\"@type\":\"ReadAction\",\"target\":[\"https:\/\/www.kirkonulkomaanapu.fi\/en\/get-involved\/\"]}]},{\"@type\":\"BreadcrumbList\",\"@id\":\"https:\/\/www.kirkonulkomaanapu.fi\/en\/get-involved\/#breadcrumb\",\"itemListElement\":[{\"@type\":\"ListItem\",\"position\":1,\"name\":\"Home\",\"item\":\"https:\/\/www.kirkonulkomaanapu.fi\/en\/\"},{\"@type\":\"ListItem\",\"position\":2,\"name\":\"Get involved\"}]},{\"@type\":\"WebSite\",\"@id\":\"https:\/\/www.kirkonulkomaanapu.fi\/#website\",\"url\":\"https:\/\/www.kirkonulkomaanapu.fi\/\",\"name\":\"Kirkon Ulkomaanapu\",\"description\":\"Suomen suurin kehitysyhteisty\u00f6j\u00e4rjest\u00f6\",\"publisher\":{\"@id\":\"https:\/\/www.kirkonulkomaanapu.fi\/#organization\"},\"alternateName\":\"KUA\",\"potentialAction\":[{\"@type\":\"SearchAction\",\"target\":{\"@type\":\"EntryPoint\",\"urlTemplate\":\"https:\/\/www.kirkonulkomaanapu.fi\/?s={search_term_string}\"},\"query-input\":{\"@type\":\"PropertyValueSpecification\",\"valueRequired\":true,\"valueName\":\"search_term_string\"}}],\"inLanguage\":\"en-US\"},{\"@type\":\"Organization\",\"@id\":\"https:\/\/www.kirkonulkomaanapu.fi\/#organization\",\"name\":\"Kirkon Ulkomaanapu\",\"alternateName\":\"KUA\",\"url\":\"https:\/\/www.kirkonulkomaanapu.fi\/\",\"logo\":{\"@type\":\"ImageObject\",\"inLanguage\":\"en-US\",\"@id\":\"https:\/\/www.kirkonulkomaanapu.fi\/#\/schema\/logo\/image\/\",\"url\":\"https:\/\/www.kirkonulkomaanapu.fi\/wp-content\/uploads\/2026\/02\/Kirkon-ulkomaanapu-logo-1.png\",\"contentUrl\":\"https:\/\/www.kirkonulkomaanapu.fi\/wp-content\/uploads\/2026\/02\/Kirkon-ulkomaanapu-logo-1.png\",\"width\":225,\"height\":225,\"caption\":\"Kirkon Ulkomaanapu\"},\"image\":{\"@id\":\"https:\/\/www.kirkonulkomaanapu.fi\/#\/schema\/logo\/image\/\"},\"sameAs\":[\"https:\/\/www.facebook.com\/Ulkomaanapu\/\",\"https:\/\/www.youtube.com\/user\/kirkonulkomaanapu\",\"https:\/\/instagram.com\/kirkon_ulkomaanapu\/\",\"https:\/\/www.linkedin.com\/company\/finn-church-aid\/\"]}]}<\/script>\n<!-- \/ Yoast SEO plugin. -->","yoast_head_json":{"title":"Get involved in our work towards human rights - Finn Church Aid","description":"You can be part of Finn Church Aid's work in various ways. Volunteer for us in a way that suits you or make a donation.","robots":{"index":"index","follow":"follow","max-snippet":"max-snippet:-1","max-image-preview":"max-image-preview:large","max-video-preview":"max-video-preview:-1"},"canonical":"https:\/\/www.kirkonulkomaanapu.fi\/en\/get-involved\/","og_locale":"en_US","og_type":"article","og_title":"Get involved in our work towards human rights - Finn Church Aid","og_description":"You can be part of Finn Church Aid's work in various ways. Volunteer for us in a way that suits you or make a donation.","og_url":"https:\/\/www.kirkonulkomaanapu.fi\/en\/get-involved\/","og_site_name":"FCA Finn Church Aid","article_publisher":"https:\/\/www.facebook.com\/Ulkomaanapu\/","article_modified_time":"2025-03-12T09:37:19+00:00","og_image":[{"width":225,"height":225,"url":"https:\/\/www.kirkonulkomaanapu.fi\/wp-content\/uploads\/2026\/02\/Kirkon-ulkomaanapu-logo.png","type":"image\/png"}],"twitter_misc":{"Est. reading time":"2 minutes"},"schema":{"@context":"https:\/\/schema.org","@graph":[{"@type":"WebPage","@id":"https:\/\/www.kirkonulkomaanapu.fi\/en\/get-involved\/","url":"https:\/\/www.kirkonulkomaanapu.fi\/en\/get-involved\/","name":"Get involved in our work towards human rights - Finn Church Aid","isPartOf":{"@id":"https:\/\/www.kirkonulkomaanapu.fi\/#website"},"datePublished":"2021-05-10T10:23:24+00:00","dateModified":"2025-03-12T09:37:19+00:00","description":"You can be part of Finn Church Aid's work in various ways. Volunteer for us in a way that suits you or make a donation.","breadcrumb":{"@id":"https:\/\/www.kirkonulkomaanapu.fi\/en\/get-involved\/#breadcrumb"},"inLanguage":"en-US","potentialAction":[{"@type":"ReadAction","target":["https:\/\/www.kirkonulkomaanapu.fi\/en\/get-involved\/"]}]},{"@type":"BreadcrumbList","@id":"https:\/\/www.kirkonulkomaanapu.fi\/en\/get-involved\/#breadcrumb","itemListElement":[{"@type":"ListItem","position":1,"name":"Home","item":"https:\/\/www.kirkonulkomaanapu.fi\/en\/"},{"@type":"ListItem","position":2,"name":"Get involved"}]},{"@type":"WebSite","@id":"https:\/\/www.kirkonulkomaanapu.fi\/#website","url":"https:\/\/www.kirkonulkomaanapu.fi\/","name":"Kirkon Ulkomaanapu","description":"Suomen suurin kehitysyhteisty\u00f6j\u00e4rjest\u00f6","publisher":{"@id":"https:\/\/www.kirkonulkomaanapu.fi\/#organization"},"alternateName":"KUA","potentialAction":[{"@type":"SearchAction","target":{"@type":"EntryPoint","urlTemplate":"https:\/\/www.kirkonulkomaanapu.fi\/?s={search_term_string}"},"query-input":{"@type":"PropertyValueSpecification","valueRequired":true,"valueName":"search_term_string"}}],"inLanguage":"en-US"},{"@type":"Organization","@id":"https:\/\/www.kirkonulkomaanapu.fi\/#organization","name":"Kirkon Ulkomaanapu","alternateName":"KUA","url":"https:\/\/www.kirkonulkomaanapu.fi\/","logo":{"@type":"ImageObject","inLanguage":"en-US","@id":"https:\/\/www.kirkonulkomaanapu.fi\/#\/schema\/logo\/image\/","url":"https:\/\/www.kirkonulkomaanapu.fi\/wp-content\/uploads\/2026\/02\/Kirkon-ulkomaanapu-logo-1.png","contentUrl":"https:\/\/www.kirkonulkomaanapu.fi\/wp-content\/uploads\/2026\/02\/Kirkon-ulkomaanapu-logo-1.png","width":225,"height":225,"caption":"Kirkon Ulkomaanapu"},"image":{"@id":"https:\/\/www.kirkonulkomaanapu.fi\/#\/schema\/logo\/image\/"},"sameAs":["https:\/\/www.facebook.com\/Ulkomaanapu\/","https:\/\/www.youtube.com\/user\/kirkonulkomaanapu","https:\/\/instagram.com\/kirkon_ulkomaanapu\/","https:\/\/www.linkedin.com\/company\/finn-church-aid\/"]}]}},"_links":{"self":[{"href":"https:\/\/www.kirkonulkomaanapu.fi\/en\/wp-json\/wp\/v2\/pages\/115276","targetHints":{"allow":["GET"]}}],"collection":[{"href":"https:\/\/www.kirkonulkomaanapu.fi\/en\/wp-json\/wp\/v2\/pages"}],"about":[{"href":"https:\/\/www.kirkonulkomaanapu.fi\/en\/wp-json\/wp\/v2\/types\/page"}],"author":[{"embeddable":true,"href":"https:\/\/www.kirkonulkomaanapu.fi\/en\/wp-json\/wp\/v2\/users\/146"}],"replies":[{"embeddable":true,"href":"https:\/\/www.kirkonulkomaanapu.fi\/en\/wp-json\/wp\/v2\/comments?post=115276"}],"version-history":[{"count":2,"href":"https:\/\/www.kirkonulkomaanapu.fi\/en\/wp-json\/wp\/v2\/pages\/115276\/revisions"}],"predecessor-version":[{"id":153528,"href":"https:\/\/www.kirkonulkomaanapu.fi\/en\/wp-json\/wp\/v2\/pages\/115276\/revisions\/153528"}],"wp:attachment":[{"href":"https:\/\/www.kirkonulkomaanapu.fi\/en\/wp-json\/wp\/v2\/media?parent=115276"}],"curies":[{"name":"wp","href":"https:\/\/api.w.org\/{rel}","templated":true}]}}