{"id":115156,"date":"2021-05-10T13:29:11","date_gmt":"2021-05-10T10:29:11","guid":{"rendered":"https:\/\/www.kirkonulkomaanapu.fi\/?page_id=115156"},"modified":"2026-03-31T13:47:32","modified_gmt":"2026-03-31T10:47:32","slug":"right-to-peace","status":"publish","type":"page","link":"https:\/\/www.kirkonulkomaanapu.fi\/en\/work\/right-to-peace\/","title":{"rendered":"Right to Peace"},"content":{"rendered":"\n\n\n<div class=\"block-hero full-width id-block\" style=\"background-image: url('https:\/\/www.kirkonulkomaanapu.fi\/wp-content\/uploads\/2021\/05\/Rauhantyo-scaled.jpg');\">\n\n\t<div class=\"bg-mobile\" style=\"background-image: url('https:\/\/www.kirkonulkomaanapu.fi\/wp-content\/uploads\/2021\/05\/Rauhantyo-1024x683.jpg');\"><\/div>\n\n\t\n\t<div class=\"curtain\"><\/div>\n\n\t<div class=\"container\">\n\t\t<div class=\"row\">\n\t\t\t<div class=\"col\">\n\t\t\t\t<div class=\"inner-blocks entry-content\">\n\t\t\t\t\t\t\t\t\t\t\t\n<h1 class=\"is-style-brush\" ><span class=\"bg\">\nRIGHT TO<span class=\"is-highlighted\"> Peace<\/span>\n<\/span><\/h1><h1 class=\"is-style-brush mobile\" ><span class=\"bg\">RIGHT<\/span><span class=\"bg\">TO<span class=\"is-highlighted\"><\/span><span class=\"bg\">Peace<\/span><\/span><\/h1>\n\n\n<p><\/p>\n\n\n\t\t\t\t\t\t\t\t\t<\/div>\n\t\t\t<\/div>\n\t\t<\/div>\n\t<\/div>\n<\/div>\n\n\n<div class=\"subpage-navigation id-block full-width\">\n    <div class=\"container-lg\">\n        <div class=\"row\">\n            <div class=\"col\">\n                <ul class=\"pages\">\n                                        <li class=\"page ancestor\">\n                        <a href=\"https:\/\/www.kirkonulkomaanapu.fi\/en\/work\/\">What we do<\/a>\n                    <\/li>\n                    \n                                        <li class=\"page\">\n                        <a href=\"https:\/\/www.kirkonulkomaanapu.fi\/en\/work\/advocacy-work\/\">Advocacy<\/a>\n                    <\/li>\n                                        <li class=\"page\">\n                        <a href=\"https:\/\/www.kirkonulkomaanapu.fi\/en\/work\/gender\/\">Gender<\/a>\n                    <\/li>\n                                        <li class=\"page\">\n                        <a href=\"https:\/\/www.kirkonulkomaanapu.fi\/en\/work\/humanitarian-assistance\/\">Humanitarian Assistance<\/a>\n                    <\/li>\n                                        <li class=\"page\">\n                        <a href=\"https:\/\/www.kirkonulkomaanapu.fi\/en\/work\/education\/\">Right to Education<\/a>\n                    <\/li>\n                                        <li class=\"page\">\n                        <a href=\"https:\/\/www.kirkonulkomaanapu.fi\/en\/work\/right-livelihood\/\">Right to Livelihood<\/a>\n                    <\/li>\n                                        <li class=\"page current\">\n                        <a href=\"https:\/\/www.kirkonulkomaanapu.fi\/en\/work\/right-to-peace\/\">Right to Peace<\/a>\n                    <\/li>\n                                        <li class=\"page\">\n                        <a href=\"https:\/\/www.kirkonulkomaanapu.fi\/en\/work\/sustainable-development-goals\/\">Sustainable Development Goals<\/a>\n                    <\/li>\n                                    <\/ul>\n            <\/div>\n        <\/div>\n    <\/div>\n<\/div>\n\n\n\n\n\n\n<p>Peace is a prerequisite to just and resilient societies.&nbsp;By working for the Right to Peace, we&nbsp;empower&nbsp;people and local communities in fragile situations to contribute positively to preventing conflict,&nbsp;building sustainable&nbsp;peace&nbsp;and&nbsp;strengthening structures that support&nbsp;peace&nbsp;at all levels&nbsp;of society.&nbsp;<\/p>\n\n\n\n<p>We believe&nbsp;that&nbsp;community ownership, where the stakeholders themselves lead peace efforts, is&nbsp;the best way to achieve positive development and stability. In our peace work, we:&nbsp;<\/p>\n\n\n\n<ul class=\"wp-block-list\">\n<li>facilitate&nbsp;horizontal and vertical dialogue for peace between right-holders and duty-bearers&nbsp;<\/li>\n\n\n\n<li>promote&nbsp;the role of women, youth&nbsp;and traditional and religious leaders\u202fin peace processes&nbsp;<\/li>\n\n\n\n<li>facilitate&nbsp;peace and reconciliation training and enable&nbsp;communities&nbsp;to&nbsp;prevent conflicts&nbsp;<\/li>\n\n\n\n<li>engage&nbsp;with international processes for global impact and link them to local&nbsp;efforts&nbsp;<\/li>\n\n\n\n<li>develop methodologies and support&nbsp;consensus&nbsp;building&nbsp;among UN&nbsp;member&nbsp;states regarding the Declaration on the Right of Peoples to Peace&nbsp;<\/li>\n<\/ul>\n\n\n\n<p>We build peace in some of the&nbsp;world\u2019s&nbsp;most fragile countries, including the Central African Republic, South Sudan, Kenya, Uganda, Somalia, Myanmar, Nepal, and Cambodia. These&nbsp;countries face additional challenges regarding sustainable development&nbsp;that&nbsp;we often address through&nbsp;the triple nexus approach, where we integrate peacebuilding in urgent humanitarian responses and long-term development cooperation.&nbsp;We also support peace-related work in Israel and the Occupied Palestinian territories.&nbsp;<\/p>\n\n\n\n<h2 class=\"wp-block-heading\">Supporting peace work in local communities<\/h2>\n\n\n\n<p>Women, youth, and refugees&nbsp;and&nbsp;religious and traditional actors are at the heart of our peace work.&nbsp;We support local communities by:&nbsp;<\/p>\n\n\n\n<ul class=\"wp-block-list\">\n<li>training religious and traditional leaders in becoming&nbsp;effective&nbsp;peace builders&nbsp;<\/li>\n\n\n\n<li>helping communities&nbsp;to create conflict-solving mechanisms and initiatives&nbsp;&nbsp;<\/li>\n\n\n\n<li>supporting communities in influencing national and international peace processes&nbsp;<\/li>\n<\/ul>\n\n\n\n<h2 class=\"wp-block-heading\">Somali peace process<\/h2>\n\n\n\n<p>Our baseline study indicates that in fragile states, such as Somalia, traditional and religious networks are widely seen as having the capacity, and public trust, to\u202ffind solutions for sustainable peace.&nbsp;<\/p>\n\n\n\n<p>One of our success stories is our support for the Somali peace process. FCA has put great effort into empowering religious and traditional leaders and women in the peace and state-building work of Somalia.<\/p>\n\n\n\n<p>Our efforts to link the Somali elders more closely with&nbsp;Somali authorities and the UN have been successful. We have opened channels for inclusive participation in politics, based on universal human rights and gender equality.<\/p>\n\n\n\n<h3 class=\"wp-block-heading\">Further reading<\/h3>\n\n\n\n<p><a href=\"https:\/\/www.kirkonulkomaanapu.fi\/en\/latest-news\/articles\/fca-contributing-to-profound-shift-in-womens-political-participation-in-somalia\/\">FCA contributing to profound shift in women\u2019s political participation in Somalia<\/a>, published 16.6.2021<\/p>\n\n\n\n<p><a href=\"https:\/\/www.kirkonulkomaanapu.fi\/en\/latest-news\/articles\/knowledge-management-central-in-advancing-inclusive-local-governance-in-somalia\/\">Knowledge Management Central in Advancing Inclusive Local Governance in Somalia<\/a>, published 7.7.2021<\/p>\n\n\n\n<h2 class=\"wp-block-heading\">The Network for Religious and Traditional Peacemakers<\/h2>\n\n\n\n<p>We&nbsp;host the&nbsp;secretariat&nbsp;of&nbsp;<a href=\"https:\/\/www.peacemakersnetwork.org\/\" target=\"_blank\" rel=\"noreferrer noopener\">The Network for&nbsp;Religious and Traditional Peacemakers<\/a>,&nbsp;a network which we co-founded in 2013 at the request of the UN. The Network responds&nbsp;to the growing awareness that religious and traditional authorities are vital but underutilised actors in peace processes.&nbsp;<\/p>\n\n\n<div class=\"wp-block-image\">\n<figure class=\"alignright size-large is-resized\"><img loading=\"lazy\" decoding=\"async\" width=\"527\" height=\"173\" src=\"https:\/\/www.kirkonulkomaanapu.fi\/wp-content\/uploads\/2021\/05\/peacemakers_logo.jpeg\" alt=\"\" class=\"wp-image-116783\" style=\"width:357px;height:117px\" srcset=\"https:\/\/www.kirkonulkomaanapu.fi\/wp-content\/uploads\/2021\/05\/peacemakers_logo.jpeg 527w, https:\/\/www.kirkonulkomaanapu.fi\/wp-content\/uploads\/2021\/05\/peacemakers_logo-480x158.jpeg 480w, https:\/\/www.kirkonulkomaanapu.fi\/wp-content\/uploads\/2021\/05\/peacemakers_logo-316x104.jpeg 316w\" sizes=\"auto, (max-width: 527px) 100vw, 527px\" \/><\/figure>\n<\/div>\n\n\n<p>The&nbsp;Network\u2019s&nbsp;objective&nbsp;is to improve the effectiveness and sustainability of&nbsp;international and local&nbsp;mediation efforts through strengthening local ownership and supporting the positive role of religious and traditional leaders in mediation&nbsp;and peacebuilding.&nbsp;<\/p>\n\n\n\n<p>Activities of the&nbsp;Network&nbsp;include&nbsp;assignments to consult, mobilise and facilitate contacts with the religious and traditional leaders, and carry out baseline assessments;&nbsp;convene&nbsp;task forces with thematic focuses;\u202ftrain&nbsp;UN and state mediators and religious and traditional leaders. The Network emphasises&nbsp;gender, provides channels to support female religious and traditional leaders,&nbsp;and&nbsp;sensitises men to the issues of&nbsp;women\u2019s&nbsp;rights and the benefits of non-discrimination and the inclusion of women.&nbsp;<\/p>\n\n\n\n<p>The Network for Religious and Traditional Peacemakers was initiated in 2013 as a direct result of UN Secretary General Ban Ki-moon\u2019s report titled \u201cStrengthening the role of mediation in the peaceful settlement of disputes, conflict prevention and resolution\u201d (UN GA Report A\/66\/811, 2012) and the supporting guidance titled \u201cUN Guidance for Effective Mediation\u201d (UN GA Resolution 65\/283, 2012). The Network is guided by a Steering Group comprised of the UN Mediation Support Unit, UN Alliance of Civilizations, UN Office on the Prevention of Genocide, UN Women, UN Population Fund, UN Development Program, Ministry for Foreign Affairs Finland, Sultanate of Oman, Finn Church Aid, Religions for Peace, KAICIID and the Organization of Islamic Cooperation.<\/p>\n\n\n\n\n<div class=\"block-image-beside-content full-width id-block has-bg\">\n    <div class=\"container-lg\">\n        <div class=\"row\">\n            <div class=\"col col-12 col-lg-6\">\n                <div class=\"align-image\">\n                                        <img decoding=\"async\" class=\"image\" alt=\"Brochure cover page.\" src=\"https:\/\/www.kirkonulkomaanapu.fi\/wp-content\/uploads\/2021\/11\/Pub_cover_R2P-1024x576.jpg\" loading=\"lazy\" srcset=\"https:\/\/www.kirkonulkomaanapu.fi\/wp-content\/uploads\/2021\/11\/Pub_cover_R2P-480x270.jpg 320w, https:\/\/www.kirkonulkomaanapu.fi\/wp-content\/uploads\/2021\/11\/Pub_cover_R2P-1024x576.jpg 991w\" sizes=\"auto, (max-width: 991px) 150px\" width=\"1024\" height=\"576\">\n                                    <\/div>\n            <\/div>\n            <div class=\"col col-12 col-lg-6\">\n                <div class=\"align-content\">\n                    <div class=\"inner-blocks entry-content\">\n                        \n\n<h2 class=\"wp-block-heading\">Right to Peace Brochure<\/h2>\n\n\n\n<div class=\"wp-block-buttons is-layout-flex wp-block-buttons-is-layout-flex\">\n<div class=\"wp-block-button is-style-solid\"><a class=\"wp-block-button__link wp-element-button\" href=\"https:\/\/www.kirkonulkomaanapu.fi\/wp-content\/uploads\/2020\/10\/RighttoPeace_brochure_accessible.pdf\" target=\"_blank\" rel=\"noreferrer noopener\">Right to Peace (PDF)<\/a><\/div>\n<\/div>\n\n\n                    <\/div>\n                <\/div>\n            <\/div>\n        <\/div>\n    <\/div>\n<\/div>\n","protected":false},"excerpt":{"rendered":"<p>Peace is a prerequisite to just and resilient societies.&nbsp;By working for the Right to Peace, we&nbsp;empower&nbsp;people and local communities in fragile situations to contribute positively to preventing conflict,&nbsp;building sustainable&nbsp;peace&nbsp;and&nbsp;strengthening structures that support&nbsp;peace&nbsp;at all levels&nbsp;of society.&nbsp; We believe&nbsp;that&nbsp;community ownership, where the stakeholders themselves lead peace efforts, is&nbsp;the best way to achieve positive development and stability. In [&hellip;]<\/p>\n","protected":false},"author":146,"featured_media":91063,"parent":116053,"menu_order":3,"comment_status":"closed","ping_status":"closed","template":"","meta":{"_acf_changed":false,"_relevanssi_hide_post":"","_relevanssi_hide_content":"","_relevanssi_pin_for_all":"","_relevanssi_pin_keywords":"","_relevanssi_unpin_keywords":"","_relevanssi_related_keywords":"","_relevanssi_related_include_ids":"","_relevanssi_related_exclude_ids":"","_relevanssi_related_no_append":"","_relevanssi_related_not_related":"","_relevanssi_related_posts":"108831,110039,89717,64393,78904,67050","_relevanssi_noindex_reason":"","_improvement_type_select":"improve_an_existing","_thumb_yes_seoaic":false,"_frame_yes_seoaic":false,"seoaic_generate_description":"","seoaic_improve_instructions_prompt":"","seoaic_rollback_content_improvement":"","seoaic_idea_thumbnail_generator":"","thumbnail_generated":false,"thumbnail_generate_prompt":"","seoaic_article_description":"","footnotes":""},"class_list":["post-115156","page","type-page","status-publish","has-post-thumbnail","hentry"],"acf":[],"yoast_head":"<!-- This site is optimized with the Yoast SEO plugin v26.9 - https:\/\/yoast.com\/product\/yoast-seo-wordpress\/ -->\n<title>Right to Peace - Development Cooperation - Finn Church Aid<\/title>\n<meta name=\"description\" content=\"Finn Church Aid (FCA) believes that the best way to achieve positive development and stability is through increased community ownership.\" \/>\n<meta name=\"robots\" content=\"index, follow, max-snippet:-1, max-image-preview:large, max-video-preview:-1\" \/>\n<link rel=\"canonical\" href=\"https:\/\/www.kirkonulkomaanapu.fi\/en\/work\/right-to-peace\/\" \/>\n<meta property=\"og:locale\" content=\"en_US\" \/>\n<meta property=\"og:type\" content=\"article\" \/>\n<meta property=\"og:title\" content=\"Right to Peace - Development Cooperation - Finn Church Aid\" \/>\n<meta property=\"og:description\" content=\"Finn Church Aid (FCA) believes that the best way to achieve positive development and stability is through increased community ownership.\" \/>\n<meta property=\"og:url\" content=\"https:\/\/www.kirkonulkomaanapu.fi\/en\/work\/right-to-peace\/\" \/>\n<meta property=\"og:site_name\" content=\"FCA Finn Church Aid\" \/>\n<meta property=\"article:publisher\" content=\"https:\/\/www.facebook.com\/Ulkomaanapu\/\" \/>\n<meta property=\"article:modified_time\" content=\"2026-03-31T10:47:32+00:00\" \/>\n<meta property=\"og:image\" content=\"https:\/\/www.kirkonulkomaanapu.fi\/wp-content\/uploads\/2018\/11\/Mita_teemme_kenia-1.jpg\" \/>\n\t<meta property=\"og:image:width\" content=\"1920\" \/>\n\t<meta property=\"og:image:height\" content=\"682\" \/>\n\t<meta property=\"og:image:type\" content=\"image\/jpeg\" \/>\n<meta name=\"twitter:label1\" content=\"Est. reading time\" \/>\n\t<meta name=\"twitter:data1\" content=\"5 minutes\" \/>\n<script type=\"application\/ld+json\" class=\"yoast-schema-graph\">{\"@context\":\"https:\/\/schema.org\",\"@graph\":[{\"@type\":\"WebPage\",\"@id\":\"https:\/\/www.kirkonulkomaanapu.fi\/en\/work\/right-to-peace\/\",\"url\":\"https:\/\/www.kirkonulkomaanapu.fi\/en\/work\/right-to-peace\/\",\"name\":\"Right to Peace - Development Cooperation - Finn Church Aid\",\"isPartOf\":{\"@id\":\"https:\/\/www.kirkonulkomaanapu.fi\/#website\"},\"primaryImageOfPage\":{\"@id\":\"https:\/\/www.kirkonulkomaanapu.fi\/en\/work\/right-to-peace\/#primaryimage\"},\"image\":{\"@id\":\"https:\/\/www.kirkonulkomaanapu.fi\/en\/work\/right-to-peace\/#primaryimage\"},\"thumbnailUrl\":\"https:\/\/www.kirkonulkomaanapu.fi\/wp-content\/uploads\/2018\/11\/Mita_teemme_kenia-1.jpg\",\"datePublished\":\"2021-05-10T10:29:11+00:00\",\"dateModified\":\"2026-03-31T10:47:32+00:00\",\"description\":\"Finn Church Aid (FCA) believes that the best way to achieve positive development and stability is through increased community ownership.\",\"breadcrumb\":{\"@id\":\"https:\/\/www.kirkonulkomaanapu.fi\/en\/work\/right-to-peace\/#breadcrumb\"},\"inLanguage\":\"en-US\",\"potentialAction\":[{\"@type\":\"ReadAction\",\"target\":[\"https:\/\/www.kirkonulkomaanapu.fi\/en\/work\/right-to-peace\/\"]}]},{\"@type\":\"ImageObject\",\"inLanguage\":\"en-US\",\"@id\":\"https:\/\/www.kirkonulkomaanapu.fi\/en\/work\/right-to-peace\/#primaryimage\",\"url\":\"https:\/\/www.kirkonulkomaanapu.fi\/wp-content\/uploads\/2018\/11\/Mita_teemme_kenia-1.jpg\",\"contentUrl\":\"https:\/\/www.kirkonulkomaanapu.fi\/wp-content\/uploads\/2018\/11\/Mita_teemme_kenia-1.jpg\",\"width\":1920,\"height\":682,\"caption\":\"Yksi ihminen seisoo puhumassa nurmella ja kymmeni\u00e4 muita kuuntelee penkill\u00e4 h\u00e4nen ymp\u00e4rill\u00e4\u00e4n.\"},{\"@type\":\"BreadcrumbList\",\"@id\":\"https:\/\/www.kirkonulkomaanapu.fi\/en\/work\/right-to-peace\/#breadcrumb\",\"itemListElement\":[{\"@type\":\"ListItem\",\"position\":1,\"name\":\"Home\",\"item\":\"https:\/\/www.kirkonulkomaanapu.fi\/en\/\"},{\"@type\":\"ListItem\",\"position\":2,\"name\":\"What we do\",\"item\":\"https:\/\/www.kirkonulkomaanapu.fi\/en\/work\/\"},{\"@type\":\"ListItem\",\"position\":3,\"name\":\"Right to Peace\"}]},{\"@type\":\"WebSite\",\"@id\":\"https:\/\/www.kirkonulkomaanapu.fi\/#website\",\"url\":\"https:\/\/www.kirkonulkomaanapu.fi\/\",\"name\":\"Kirkon Ulkomaanapu\",\"description\":\"Suomen suurin kehitysyhteisty\u00f6j\u00e4rjest\u00f6\",\"publisher\":{\"@id\":\"https:\/\/www.kirkonulkomaanapu.fi\/#organization\"},\"alternateName\":\"KUA\",\"potentialAction\":[{\"@type\":\"SearchAction\",\"target\":{\"@type\":\"EntryPoint\",\"urlTemplate\":\"https:\/\/www.kirkonulkomaanapu.fi\/?s={search_term_string}\"},\"query-input\":{\"@type\":\"PropertyValueSpecification\",\"valueRequired\":true,\"valueName\":\"search_term_string\"}}],\"inLanguage\":\"en-US\"},{\"@type\":\"Organization\",\"@id\":\"https:\/\/www.kirkonulkomaanapu.fi\/#organization\",\"name\":\"Kirkon Ulkomaanapu\",\"alternateName\":\"KUA\",\"url\":\"https:\/\/www.kirkonulkomaanapu.fi\/\",\"logo\":{\"@type\":\"ImageObject\",\"inLanguage\":\"en-US\",\"@id\":\"https:\/\/www.kirkonulkomaanapu.fi\/#\/schema\/logo\/image\/\",\"url\":\"https:\/\/www.kirkonulkomaanapu.fi\/wp-content\/uploads\/2026\/02\/Kirkon-ulkomaanapu-logo-1.png\",\"contentUrl\":\"https:\/\/www.kirkonulkomaanapu.fi\/wp-content\/uploads\/2026\/02\/Kirkon-ulkomaanapu-logo-1.png\",\"width\":225,\"height\":225,\"caption\":\"Kirkon Ulkomaanapu\"},\"image\":{\"@id\":\"https:\/\/www.kirkonulkomaanapu.fi\/#\/schema\/logo\/image\/\"},\"sameAs\":[\"https:\/\/www.facebook.com\/Ulkomaanapu\/\",\"https:\/\/www.youtube.com\/user\/kirkonulkomaanapu\",\"https:\/\/instagram.com\/kirkon_ulkomaanapu\/\",\"https:\/\/www.linkedin.com\/company\/finn-church-aid\/\"]}]}<\/script>\n<!-- \/ Yoast SEO plugin. -->","yoast_head_json":{"title":"Right to Peace - Development Cooperation - Finn Church Aid","description":"Finn Church Aid (FCA) believes that the best way to achieve positive development and stability is through increased community ownership.","robots":{"index":"index","follow":"follow","max-snippet":"max-snippet:-1","max-image-preview":"max-image-preview:large","max-video-preview":"max-video-preview:-1"},"canonical":"https:\/\/www.kirkonulkomaanapu.fi\/en\/work\/right-to-peace\/","og_locale":"en_US","og_type":"article","og_title":"Right to Peace - Development Cooperation - Finn Church Aid","og_description":"Finn Church Aid (FCA) believes that the best way to achieve positive development and stability is through increased community ownership.","og_url":"https:\/\/www.kirkonulkomaanapu.fi\/en\/work\/right-to-peace\/","og_site_name":"FCA Finn Church Aid","article_publisher":"https:\/\/www.facebook.com\/Ulkomaanapu\/","article_modified_time":"2026-03-31T10:47:32+00:00","og_image":[{"width":1920,"height":682,"url":"https:\/\/www.kirkonulkomaanapu.fi\/wp-content\/uploads\/2018\/11\/Mita_teemme_kenia-1.jpg","type":"image\/jpeg"}],"twitter_misc":{"Est. reading time":"5 minutes"},"schema":{"@context":"https:\/\/schema.org","@graph":[{"@type":"WebPage","@id":"https:\/\/www.kirkonulkomaanapu.fi\/en\/work\/right-to-peace\/","url":"https:\/\/www.kirkonulkomaanapu.fi\/en\/work\/right-to-peace\/","name":"Right to Peace - Development Cooperation - Finn Church Aid","isPartOf":{"@id":"https:\/\/www.kirkonulkomaanapu.fi\/#website"},"primaryImageOfPage":{"@id":"https:\/\/www.kirkonulkomaanapu.fi\/en\/work\/right-to-peace\/#primaryimage"},"image":{"@id":"https:\/\/www.kirkonulkomaanapu.fi\/en\/work\/right-to-peace\/#primaryimage"},"thumbnailUrl":"https:\/\/www.kirkonulkomaanapu.fi\/wp-content\/uploads\/2018\/11\/Mita_teemme_kenia-1.jpg","datePublished":"2021-05-10T10:29:11+00:00","dateModified":"2026-03-31T10:47:32+00:00","description":"Finn Church Aid (FCA) believes that the best way to achieve positive development and stability is through increased community ownership.","breadcrumb":{"@id":"https:\/\/www.kirkonulkomaanapu.fi\/en\/work\/right-to-peace\/#breadcrumb"},"inLanguage":"en-US","potentialAction":[{"@type":"ReadAction","target":["https:\/\/www.kirkonulkomaanapu.fi\/en\/work\/right-to-peace\/"]}]},{"@type":"ImageObject","inLanguage":"en-US","@id":"https:\/\/www.kirkonulkomaanapu.fi\/en\/work\/right-to-peace\/#primaryimage","url":"https:\/\/www.kirkonulkomaanapu.fi\/wp-content\/uploads\/2018\/11\/Mita_teemme_kenia-1.jpg","contentUrl":"https:\/\/www.kirkonulkomaanapu.fi\/wp-content\/uploads\/2018\/11\/Mita_teemme_kenia-1.jpg","width":1920,"height":682,"caption":"Yksi ihminen seisoo puhumassa nurmella ja kymmeni\u00e4 muita kuuntelee penkill\u00e4 h\u00e4nen ymp\u00e4rill\u00e4\u00e4n."},{"@type":"BreadcrumbList","@id":"https:\/\/www.kirkonulkomaanapu.fi\/en\/work\/right-to-peace\/#breadcrumb","itemListElement":[{"@type":"ListItem","position":1,"name":"Home","item":"https:\/\/www.kirkonulkomaanapu.fi\/en\/"},{"@type":"ListItem","position":2,"name":"What we do","item":"https:\/\/www.kirkonulkomaanapu.fi\/en\/work\/"},{"@type":"ListItem","position":3,"name":"Right to Peace"}]},{"@type":"WebSite","@id":"https:\/\/www.kirkonulkomaanapu.fi\/#website","url":"https:\/\/www.kirkonulkomaanapu.fi\/","name":"Kirkon Ulkomaanapu","description":"Suomen suurin kehitysyhteisty\u00f6j\u00e4rjest\u00f6","publisher":{"@id":"https:\/\/www.kirkonulkomaanapu.fi\/#organization"},"alternateName":"KUA","potentialAction":[{"@type":"SearchAction","target":{"@type":"EntryPoint","urlTemplate":"https:\/\/www.kirkonulkomaanapu.fi\/?s={search_term_string}"},"query-input":{"@type":"PropertyValueSpecification","valueRequired":true,"valueName":"search_term_string"}}],"inLanguage":"en-US"},{"@type":"Organization","@id":"https:\/\/www.kirkonulkomaanapu.fi\/#organization","name":"Kirkon Ulkomaanapu","alternateName":"KUA","url":"https:\/\/www.kirkonulkomaanapu.fi\/","logo":{"@type":"ImageObject","inLanguage":"en-US","@id":"https:\/\/www.kirkonulkomaanapu.fi\/#\/schema\/logo\/image\/","url":"https:\/\/www.kirkonulkomaanapu.fi\/wp-content\/uploads\/2026\/02\/Kirkon-ulkomaanapu-logo-1.png","contentUrl":"https:\/\/www.kirkonulkomaanapu.fi\/wp-content\/uploads\/2026\/02\/Kirkon-ulkomaanapu-logo-1.png","width":225,"height":225,"caption":"Kirkon Ulkomaanapu"},"image":{"@id":"https:\/\/www.kirkonulkomaanapu.fi\/#\/schema\/logo\/image\/"},"sameAs":["https:\/\/www.facebook.com\/Ulkomaanapu\/","https:\/\/www.youtube.com\/user\/kirkonulkomaanapu","https:\/\/instagram.com\/kirkon_ulkomaanapu\/","https:\/\/www.linkedin.com\/company\/finn-church-aid\/"]}]}},"_links":{"self":[{"href":"https:\/\/www.kirkonulkomaanapu.fi\/en\/wp-json\/wp\/v2\/pages\/115156","targetHints":{"allow":["GET"]}}],"collection":[{"href":"https:\/\/www.kirkonulkomaanapu.fi\/en\/wp-json\/wp\/v2\/pages"}],"about":[{"href":"https:\/\/www.kirkonulkomaanapu.fi\/en\/wp-json\/wp\/v2\/types\/page"}],"author":[{"embeddable":true,"href":"https:\/\/www.kirkonulkomaanapu.fi\/en\/wp-json\/wp\/v2\/users\/146"}],"replies":[{"embeddable":true,"href":"https:\/\/www.kirkonulkomaanapu.fi\/en\/wp-json\/wp\/v2\/comments?post=115156"}],"version-history":[{"count":3,"href":"https:\/\/www.kirkonulkomaanapu.fi\/en\/wp-json\/wp\/v2\/pages\/115156\/revisions"}],"predecessor-version":[{"id":160712,"href":"https:\/\/www.kirkonulkomaanapu.fi\/en\/wp-json\/wp\/v2\/pages\/115156\/revisions\/160712"}],"up":[{"embeddable":true,"href":"https:\/\/www.kirkonulkomaanapu.fi\/en\/wp-json\/wp\/v2\/pages\/116053"}],"wp:featuredmedia":[{"embeddable":true,"href":"https:\/\/www.kirkonulkomaanapu.fi\/en\/wp-json\/wp\/v2\/media\/91063"}],"wp:attachment":[{"href":"https:\/\/www.kirkonulkomaanapu.fi\/en\/wp-json\/wp\/v2\/media?parent=115156"}],"curies":[{"name":"wp","href":"https:\/\/api.w.org\/{rel}","templated":true}]}}