{"id":110003,"date":"2020-06-17T13:38:28","date_gmt":"2020-06-17T10:38:28","guid":{"rendered":"https:\/\/www.kirkonulkomaanapu.fi\/?page_id=110003"},"modified":"2021-04-23T16:24:39","modified_gmt":"2021-04-23T13:24:39","slug":"municipal-project-jordan","status":"publish","type":"page","link":"https:\/\/www.kirkonulkomaanapu.fi\/en\/us\/donors\/international-donors\/ministry-of-foreign-affairs-of-netherlands\/municipal-project-jordan\/","title":{"rendered":"Municipal Business Project (MUBU) in Jordan"},"content":{"rendered":"<p>A livelihood project that aims at improving socioeconomic prospects for refugees and vulnerable host communities in six municipalities in Jordan.<\/p>\n<p>The project is funded by Dutch MFA to FCA who is the lead organisation and implements the livelihood part of the project. FCA&#8217;s partner HelpAge International implements the protection activities.<\/p>\n<p>Start date: 1.5.2019<br \/>\nEnd date: 31.12.2021<\/p>\n<p>Duration: 32 months<\/p>\n<p>Total budget: 2\u00a0100\u00a0000 EUR (100% funded by Dutch MFA)<\/p>\n<p>Partner: HelpAge International<\/p>\n<p><a href=\"https:\/\/www.kirkonulkomaanapu.fi\/wp-content\/uploads\/2020\/06\/Narrative-Progress-Report.pdf\">Narrative Progress Report 1 May 2019 \u2013 31 Dec 2019<\/a><\/p>\n<p><a href=\"https:\/\/www.kirkonulkomaanapu.fi\/wp-content\/uploads\/2021\/04\/Narrative-Progress-Report-1-Jan-2020-\u2013-31-Dec-2020.pdf\">Narrative Progress Report 1 Jan 2020 \u2013 31 Dec 2020<\/a> (pdf. 17 pages. 298KB)<\/p>\n","protected":false},"excerpt":{"rendered":"<p>A livelihood project that aims at improving socioeconomic prospects for refugees and vulnerable host communities in six municipalities in Jordan. The project is funded by Dutch MFA to FCA who is the lead organisation and implements the livelihood part of the project. FCA&#8217;s partner HelpAge International implements the protection activities. Start date: 1.5.2019 End date: [&hellip;]<\/p>\n","protected":false},"author":137,"featured_media":0,"parent":109997,"menu_order":0,"comment_status":"closed","ping_status":"closed","template":"page-templates\/project.php","meta":{"_acf_changed":false,"_relevanssi_hide_post":"","_relevanssi_hide_content":"","_relevanssi_pin_for_all":"","_relevanssi_pin_keywords":"","_relevanssi_unpin_keywords":"","_relevanssi_related_keywords":"","_relevanssi_related_include_ids":"","_relevanssi_related_exclude_ids":"","_relevanssi_related_no_append":"","_relevanssi_related_not_related":"","_relevanssi_related_posts":"","_relevanssi_noindex_reason":"","_improvement_type_select":"improve_an_existing","_thumb_yes_seoaic":false,"_frame_yes_seoaic":false,"seoaic_generate_description":"","seoaic_improve_instructions_prompt":"","seoaic_rollback_content_improvement":"","seoaic_idea_thumbnail_generator":"","thumbnail_generated":false,"thumbnail_generate_prompt":"","seoaic_article_description":"","footnotes":""},"class_list":["post-110003","page","type-page","status-publish","hentry"],"acf":[],"yoast_head":"<!-- This site is optimized with the Yoast SEO plugin v26.9 - https:\/\/yoast.com\/product\/yoast-seo-wordpress\/ -->\n<title>Municipal Business Project (MUBU) in Jordan - FCA Finn Church Aid<\/title>\n<meta name=\"robots\" content=\"index, follow, max-snippet:-1, max-image-preview:large, max-video-preview:-1\" \/>\n<link rel=\"canonical\" href=\"https:\/\/www.fcakenya.co.ke\/en\/us\/donors\/international-donors\/ministry-of-foreign-affairs-of-netherlands\/municipal-project-jordan\/\" \/>\n<meta property=\"og:locale\" content=\"en_US\" \/>\n<meta property=\"og:type\" content=\"article\" \/>\n<meta property=\"og:title\" content=\"Municipal Business Project (MUBU) in Jordan - FCA Finn Church Aid\" \/>\n<meta property=\"og:description\" content=\"A livelihood project that aims at improving socioeconomic prospects for refugees and vulnerable host communities in six municipalities in Jordan. The project is funded by Dutch MFA to FCA who is the lead organisation and implements the livelihood part of the project. FCA&#8217;s partner HelpAge International implements the protection activities. Start date: 1.5.2019 End date: [&hellip;]\" \/>\n<meta property=\"og:url\" content=\"https:\/\/www.fcakenya.co.ke\/en\/us\/donors\/international-donors\/ministry-of-foreign-affairs-of-netherlands\/municipal-project-jordan\/\" \/>\n<meta property=\"og:site_name\" content=\"FCA Finn Church Aid\" \/>\n<meta property=\"article:publisher\" content=\"https:\/\/www.facebook.com\/Ulkomaanapu\/\" \/>\n<meta property=\"article:modified_time\" content=\"2021-04-23T13:24:39+00:00\" \/>\n<meta property=\"og:image\" content=\"https:\/\/www.kirkonulkomaanapu.fi\/wp-content\/uploads\/2026\/02\/Kirkon-ulkomaanapu-logo.png\" \/>\n\t<meta property=\"og:image:width\" content=\"225\" \/>\n\t<meta property=\"og:image:height\" content=\"225\" \/>\n\t<meta property=\"og:image:type\" content=\"image\/png\" \/>\n<meta name=\"twitter:label1\" content=\"Est. reading time\" \/>\n\t<meta name=\"twitter:data1\" content=\"1 minute\" \/>\n<script type=\"application\/ld+json\" class=\"yoast-schema-graph\">{\"@context\":\"https:\/\/schema.org\",\"@graph\":[{\"@type\":\"WebPage\",\"@id\":\"https:\/\/www.fcakenya.co.ke\/en\/us\/donors\/international-donors\/ministry-of-foreign-affairs-of-netherlands\/municipal-project-jordan\/\",\"url\":\"https:\/\/www.fcakenya.co.ke\/en\/us\/donors\/international-donors\/ministry-of-foreign-affairs-of-netherlands\/municipal-project-jordan\/\",\"name\":\"Municipal Business Project (MUBU) in Jordan - FCA Finn Church Aid\",\"isPartOf\":{\"@id\":\"https:\/\/www.kirkonulkomaanapu.fi\/#website\"},\"datePublished\":\"2020-06-17T10:38:28+00:00\",\"dateModified\":\"2021-04-23T13:24:39+00:00\",\"breadcrumb\":{\"@id\":\"https:\/\/www.fcakenya.co.ke\/en\/us\/donors\/international-donors\/ministry-of-foreign-affairs-of-netherlands\/municipal-project-jordan\/#breadcrumb\"},\"inLanguage\":\"en-US\",\"potentialAction\":[{\"@type\":\"ReadAction\",\"target\":[\"https:\/\/www.fcakenya.co.ke\/en\/us\/donors\/international-donors\/ministry-of-foreign-affairs-of-netherlands\/municipal-project-jordan\/\"]}]},{\"@type\":\"BreadcrumbList\",\"@id\":\"https:\/\/www.fcakenya.co.ke\/en\/us\/donors\/international-donors\/ministry-of-foreign-affairs-of-netherlands\/municipal-project-jordan\/#breadcrumb\",\"itemListElement\":[{\"@type\":\"ListItem\",\"position\":1,\"name\":\"Home\",\"item\":\"https:\/\/www.kirkonulkomaanapu.fi\/en\/\"},{\"@type\":\"ListItem\",\"position\":2,\"name\":\"About us\",\"item\":\"https:\/\/www.kirkonulkomaanapu.fi\/en\/us\/\"},{\"@type\":\"ListItem\",\"position\":3,\"name\":\"Donors\",\"item\":\"https:\/\/www.fcakenya.co.ke\/?page_id=2816\"},{\"@type\":\"ListItem\",\"position\":4,\"name\":\"International donors\",\"item\":\"https:\/\/www.fcakenya.co.ke\/?page_id=2818\"},{\"@type\":\"ListItem\",\"position\":5,\"name\":\"Ministry of Foreign Affairs of Netherlands\",\"item\":\"https:\/\/www.fcakenya.co.ke\/en\/us\/donors\/international-donors\/ministry-of-foreign-affairs-of-netherlands\/\"},{\"@type\":\"ListItem\",\"position\":6,\"name\":\"Municipal Business Project (MUBU) in Jordan\"}]},{\"@type\":\"WebSite\",\"@id\":\"https:\/\/www.kirkonulkomaanapu.fi\/#website\",\"url\":\"https:\/\/www.kirkonulkomaanapu.fi\/\",\"name\":\"Kirkon Ulkomaanapu\",\"description\":\"Suomen suurin kehitysyhteisty\u00f6j\u00e4rjest\u00f6\",\"publisher\":{\"@id\":\"https:\/\/www.kirkonulkomaanapu.fi\/#organization\"},\"alternateName\":\"KUA\",\"potentialAction\":[{\"@type\":\"SearchAction\",\"target\":{\"@type\":\"EntryPoint\",\"urlTemplate\":\"https:\/\/www.kirkonulkomaanapu.fi\/?s={search_term_string}\"},\"query-input\":{\"@type\":\"PropertyValueSpecification\",\"valueRequired\":true,\"valueName\":\"search_term_string\"}}],\"inLanguage\":\"en-US\"},{\"@type\":\"Organization\",\"@id\":\"https:\/\/www.kirkonulkomaanapu.fi\/#organization\",\"name\":\"Kirkon Ulkomaanapu\",\"alternateName\":\"KUA\",\"url\":\"https:\/\/www.kirkonulkomaanapu.fi\/\",\"logo\":{\"@type\":\"ImageObject\",\"inLanguage\":\"en-US\",\"@id\":\"https:\/\/www.kirkonulkomaanapu.fi\/#\/schema\/logo\/image\/\",\"url\":\"https:\/\/www.kirkonulkomaanapu.fi\/wp-content\/uploads\/2026\/02\/Kirkon-ulkomaanapu-logo-1.png\",\"contentUrl\":\"https:\/\/www.kirkonulkomaanapu.fi\/wp-content\/uploads\/2026\/02\/Kirkon-ulkomaanapu-logo-1.png\",\"width\":225,\"height\":225,\"caption\":\"Kirkon Ulkomaanapu\"},\"image\":{\"@id\":\"https:\/\/www.kirkonulkomaanapu.fi\/#\/schema\/logo\/image\/\"},\"sameAs\":[\"https:\/\/www.facebook.com\/Ulkomaanapu\/\",\"https:\/\/www.youtube.com\/user\/kirkonulkomaanapu\",\"https:\/\/instagram.com\/kirkon_ulkomaanapu\/\",\"https:\/\/www.linkedin.com\/company\/finn-church-aid\/\"]}]}<\/script>\n<!-- \/ Yoast SEO plugin. -->","yoast_head_json":{"title":"Municipal Business Project (MUBU) in Jordan - FCA Finn Church Aid","robots":{"index":"index","follow":"follow","max-snippet":"max-snippet:-1","max-image-preview":"max-image-preview:large","max-video-preview":"max-video-preview:-1"},"canonical":"https:\/\/www.fcakenya.co.ke\/en\/us\/donors\/international-donors\/ministry-of-foreign-affairs-of-netherlands\/municipal-project-jordan\/","og_locale":"en_US","og_type":"article","og_title":"Municipal Business Project (MUBU) in Jordan - FCA Finn Church Aid","og_description":"A livelihood project that aims at improving socioeconomic prospects for refugees and vulnerable host communities in six municipalities in Jordan. The project is funded by Dutch MFA to FCA who is the lead organisation and implements the livelihood part of the project. FCA&#8217;s partner HelpAge International implements the protection activities. Start date: 1.5.2019 End date: [&hellip;]","og_url":"https:\/\/www.fcakenya.co.ke\/en\/us\/donors\/international-donors\/ministry-of-foreign-affairs-of-netherlands\/municipal-project-jordan\/","og_site_name":"FCA Finn Church Aid","article_publisher":"https:\/\/www.facebook.com\/Ulkomaanapu\/","article_modified_time":"2021-04-23T13:24:39+00:00","og_image":[{"width":225,"height":225,"url":"https:\/\/www.kirkonulkomaanapu.fi\/wp-content\/uploads\/2026\/02\/Kirkon-ulkomaanapu-logo.png","type":"image\/png"}],"twitter_misc":{"Est. reading time":"1 minute"},"schema":{"@context":"https:\/\/schema.org","@graph":[{"@type":"WebPage","@id":"https:\/\/www.fcakenya.co.ke\/en\/us\/donors\/international-donors\/ministry-of-foreign-affairs-of-netherlands\/municipal-project-jordan\/","url":"https:\/\/www.fcakenya.co.ke\/en\/us\/donors\/international-donors\/ministry-of-foreign-affairs-of-netherlands\/municipal-project-jordan\/","name":"Municipal Business Project (MUBU) in Jordan - FCA Finn Church Aid","isPartOf":{"@id":"https:\/\/www.kirkonulkomaanapu.fi\/#website"},"datePublished":"2020-06-17T10:38:28+00:00","dateModified":"2021-04-23T13:24:39+00:00","breadcrumb":{"@id":"https:\/\/www.fcakenya.co.ke\/en\/us\/donors\/international-donors\/ministry-of-foreign-affairs-of-netherlands\/municipal-project-jordan\/#breadcrumb"},"inLanguage":"en-US","potentialAction":[{"@type":"ReadAction","target":["https:\/\/www.fcakenya.co.ke\/en\/us\/donors\/international-donors\/ministry-of-foreign-affairs-of-netherlands\/municipal-project-jordan\/"]}]},{"@type":"BreadcrumbList","@id":"https:\/\/www.fcakenya.co.ke\/en\/us\/donors\/international-donors\/ministry-of-foreign-affairs-of-netherlands\/municipal-project-jordan\/#breadcrumb","itemListElement":[{"@type":"ListItem","position":1,"name":"Home","item":"https:\/\/www.kirkonulkomaanapu.fi\/en\/"},{"@type":"ListItem","position":2,"name":"About us","item":"https:\/\/www.kirkonulkomaanapu.fi\/en\/us\/"},{"@type":"ListItem","position":3,"name":"Donors","item":"https:\/\/www.fcakenya.co.ke\/?page_id=2816"},{"@type":"ListItem","position":4,"name":"International donors","item":"https:\/\/www.fcakenya.co.ke\/?page_id=2818"},{"@type":"ListItem","position":5,"name":"Ministry of Foreign Affairs of Netherlands","item":"https:\/\/www.fcakenya.co.ke\/en\/us\/donors\/international-donors\/ministry-of-foreign-affairs-of-netherlands\/"},{"@type":"ListItem","position":6,"name":"Municipal Business Project (MUBU) in Jordan"}]},{"@type":"WebSite","@id":"https:\/\/www.kirkonulkomaanapu.fi\/#website","url":"https:\/\/www.kirkonulkomaanapu.fi\/","name":"Kirkon Ulkomaanapu","description":"Suomen suurin kehitysyhteisty\u00f6j\u00e4rjest\u00f6","publisher":{"@id":"https:\/\/www.kirkonulkomaanapu.fi\/#organization"},"alternateName":"KUA","potentialAction":[{"@type":"SearchAction","target":{"@type":"EntryPoint","urlTemplate":"https:\/\/www.kirkonulkomaanapu.fi\/?s={search_term_string}"},"query-input":{"@type":"PropertyValueSpecification","valueRequired":true,"valueName":"search_term_string"}}],"inLanguage":"en-US"},{"@type":"Organization","@id":"https:\/\/www.kirkonulkomaanapu.fi\/#organization","name":"Kirkon Ulkomaanapu","alternateName":"KUA","url":"https:\/\/www.kirkonulkomaanapu.fi\/","logo":{"@type":"ImageObject","inLanguage":"en-US","@id":"https:\/\/www.kirkonulkomaanapu.fi\/#\/schema\/logo\/image\/","url":"https:\/\/www.kirkonulkomaanapu.fi\/wp-content\/uploads\/2026\/02\/Kirkon-ulkomaanapu-logo-1.png","contentUrl":"https:\/\/www.kirkonulkomaanapu.fi\/wp-content\/uploads\/2026\/02\/Kirkon-ulkomaanapu-logo-1.png","width":225,"height":225,"caption":"Kirkon Ulkomaanapu"},"image":{"@id":"https:\/\/www.kirkonulkomaanapu.fi\/#\/schema\/logo\/image\/"},"sameAs":["https:\/\/www.facebook.com\/Ulkomaanapu\/","https:\/\/www.youtube.com\/user\/kirkonulkomaanapu","https:\/\/instagram.com\/kirkon_ulkomaanapu\/","https:\/\/www.linkedin.com\/company\/finn-church-aid\/"]}]}},"_links":{"self":[{"href":"https:\/\/www.kirkonulkomaanapu.fi\/en\/wp-json\/wp\/v2\/pages\/110003","targetHints":{"allow":["GET"]}}],"collection":[{"href":"https:\/\/www.kirkonulkomaanapu.fi\/en\/wp-json\/wp\/v2\/pages"}],"about":[{"href":"https:\/\/www.kirkonulkomaanapu.fi\/en\/wp-json\/wp\/v2\/types\/page"}],"author":[{"embeddable":true,"href":"https:\/\/www.kirkonulkomaanapu.fi\/en\/wp-json\/wp\/v2\/users\/137"}],"replies":[{"embeddable":true,"href":"https:\/\/www.kirkonulkomaanapu.fi\/en\/wp-json\/wp\/v2\/comments?post=110003"}],"version-history":[{"count":4,"href":"https:\/\/www.kirkonulkomaanapu.fi\/en\/wp-json\/wp\/v2\/pages\/110003\/revisions"}],"predecessor-version":[{"id":116092,"href":"https:\/\/www.kirkonulkomaanapu.fi\/en\/wp-json\/wp\/v2\/pages\/110003\/revisions\/116092"}],"up":[{"embeddable":true,"href":"https:\/\/www.kirkonulkomaanapu.fi\/en\/wp-json\/wp\/v2\/pages\/109997"}],"wp:attachment":[{"href":"https:\/\/www.kirkonulkomaanapu.fi\/en\/wp-json\/wp\/v2\/media?parent=110003"}],"curies":[{"name":"wp","href":"https:\/\/api.w.org\/{rel}","templated":true}]}}