{"id":109997,"date":"2020-06-17T13:36:10","date_gmt":"2020-06-17T10:36:10","guid":{"rendered":"https:\/\/www.kirkonulkomaanapu.fi\/?page_id=109997"},"modified":"2020-06-17T14:13:48","modified_gmt":"2020-06-17T11:13:48","slug":"ministry-of-foreign-affairs-of-netherlands","status":"publish","type":"page","link":"https:\/\/www.kirkonulkomaanapu.fi\/en\/us\/donors\/international-donors\/ministry-of-foreign-affairs-of-netherlands\/","title":{"rendered":"Ministry of Foreign Affairs of Netherlands"},"content":{"rendered":"<p><img loading=\"lazy\" decoding=\"async\" class=\"wp-image-109999 alignright\" src=\"https:\/\/www.kirkonulkomaanapu.fi\/wp-content\/uploads\/2020\/06\/DutchMFA-480x194.png\" alt=\"Logo of Ministry of Foreign Affairs in Netherlands\" width=\"393\" height=\"159\" srcset=\"https:\/\/www.kirkonulkomaanapu.fi\/wp-content\/uploads\/2020\/06\/DutchMFA-480x194.png 480w, https:\/\/www.kirkonulkomaanapu.fi\/wp-content\/uploads\/2020\/06\/DutchMFA-316x128.png 316w, https:\/\/www.kirkonulkomaanapu.fi\/wp-content\/uploads\/2020\/06\/DutchMFA.png 610w\" sizes=\"auto, (max-width: 393px) 100vw, 393px\" \/><\/p>\n<p>&nbsp;<\/p>\n<p>&nbsp;<\/p>\n<p>&nbsp;<\/p>\n<p>&nbsp;<\/p>\n<p>The Dutch government implements development policy together with various partners. Partnerships with international organisations, the business community, civil society organisations and knowledge institutions allow the Netherlands to pool knowledge, technology and networks.<\/p>\n","protected":false},"excerpt":{"rendered":"<p>&nbsp; &nbsp; &nbsp; &nbsp; The Dutch government implements development policy together with various partners. Partnerships with international organisations, the business community, civil society organisations and knowledge institutions allow the Netherlands to pool knowledge, technology and networks.<\/p>\n","protected":false},"author":137,"featured_media":0,"parent":2818,"menu_order":0,"comment_status":"closed","ping_status":"closed","template":"page-templates\/doners.php","meta":{"_acf_changed":false,"_relevanssi_hide_post":"","_relevanssi_hide_content":"","_relevanssi_pin_for_all":"","_relevanssi_pin_keywords":"","_relevanssi_unpin_keywords":"","_relevanssi_related_keywords":"","_relevanssi_related_include_ids":"","_relevanssi_related_exclude_ids":"","_relevanssi_related_no_append":"","_relevanssi_related_not_related":"","_relevanssi_related_posts":"","_relevanssi_noindex_reason":"","_improvement_type_select":"improve_an_existing","_thumb_yes_seoaic":false,"_frame_yes_seoaic":false,"seoaic_generate_description":"","seoaic_improve_instructions_prompt":"","seoaic_rollback_content_improvement":"","seoaic_idea_thumbnail_generator":"","thumbnail_generated":false,"thumbnail_generate_prompt":"","seoaic_article_description":"","footnotes":""},"class_list":["post-109997","page","type-page","status-publish","hentry"],"acf":[],"yoast_head":"<!-- This site is optimized with the Yoast SEO plugin v26.9 - https:\/\/yoast.com\/product\/yoast-seo-wordpress\/ -->\n<title>Ministry of Foreign Affairs of Netherlands - FCA Finn Church Aid<\/title>\n<meta name=\"robots\" content=\"index, follow, max-snippet:-1, max-image-preview:large, max-video-preview:-1\" \/>\n<link rel=\"canonical\" href=\"https:\/\/www.fcakenya.co.ke\/en\/us\/donors\/international-donors\/ministry-of-foreign-affairs-of-netherlands\/\" \/>\n<meta property=\"og:locale\" content=\"en_US\" \/>\n<meta property=\"og:type\" content=\"article\" \/>\n<meta property=\"og:title\" content=\"Ministry of Foreign Affairs of Netherlands - FCA Finn Church Aid\" \/>\n<meta property=\"og:description\" content=\"&nbsp; &nbsp; &nbsp; &nbsp; The Dutch government implements development policy together with various partners. Partnerships with international organisations, the business community, civil society organisations and knowledge institutions allow the Netherlands to pool knowledge, technology and networks.\" \/>\n<meta property=\"og:url\" content=\"https:\/\/www.fcakenya.co.ke\/en\/us\/donors\/international-donors\/ministry-of-foreign-affairs-of-netherlands\/\" \/>\n<meta property=\"og:site_name\" content=\"FCA Finn Church Aid\" \/>\n<meta property=\"article:publisher\" content=\"https:\/\/www.facebook.com\/Ulkomaanapu\/\" \/>\n<meta property=\"article:modified_time\" content=\"2020-06-17T11:13:48+00:00\" \/>\n<meta property=\"og:image\" content=\"https:\/\/www.kirkonulkomaanapu.fi\/wp-content\/uploads\/2020\/06\/DutchMFA-480x194.png\" \/>\n<script type=\"application\/ld+json\" class=\"yoast-schema-graph\">{\"@context\":\"https:\/\/schema.org\",\"@graph\":[{\"@type\":\"WebPage\",\"@id\":\"https:\/\/www.fcakenya.co.ke\/en\/us\/donors\/international-donors\/ministry-of-foreign-affairs-of-netherlands\/\",\"url\":\"https:\/\/www.fcakenya.co.ke\/en\/us\/donors\/international-donors\/ministry-of-foreign-affairs-of-netherlands\/\",\"name\":\"Ministry of Foreign Affairs of Netherlands - FCA Finn Church Aid\",\"isPartOf\":{\"@id\":\"https:\/\/www.kirkonulkomaanapu.fi\/#website\"},\"primaryImageOfPage\":{\"@id\":\"https:\/\/www.fcakenya.co.ke\/en\/us\/donors\/international-donors\/ministry-of-foreign-affairs-of-netherlands\/#primaryimage\"},\"image\":{\"@id\":\"https:\/\/www.fcakenya.co.ke\/en\/us\/donors\/international-donors\/ministry-of-foreign-affairs-of-netherlands\/#primaryimage\"},\"thumbnailUrl\":\"https:\/\/www.kirkonulkomaanapu.fi\/wp-content\/uploads\/2020\/06\/DutchMFA-480x194.png\",\"datePublished\":\"2020-06-17T10:36:10+00:00\",\"dateModified\":\"2020-06-17T11:13:48+00:00\",\"breadcrumb\":{\"@id\":\"https:\/\/www.fcakenya.co.ke\/en\/us\/donors\/international-donors\/ministry-of-foreign-affairs-of-netherlands\/#breadcrumb\"},\"inLanguage\":\"en-US\",\"potentialAction\":[{\"@type\":\"ReadAction\",\"target\":[\"https:\/\/www.fcakenya.co.ke\/en\/us\/donors\/international-donors\/ministry-of-foreign-affairs-of-netherlands\/\"]}]},{\"@type\":\"ImageObject\",\"inLanguage\":\"en-US\",\"@id\":\"https:\/\/www.fcakenya.co.ke\/en\/us\/donors\/international-donors\/ministry-of-foreign-affairs-of-netherlands\/#primaryimage\",\"url\":\"https:\/\/www.kirkonulkomaanapu.fi\/wp-content\/uploads\/2020\/06\/DutchMFA-480x194.png\",\"contentUrl\":\"https:\/\/www.kirkonulkomaanapu.fi\/wp-content\/uploads\/2020\/06\/DutchMFA-480x194.png\"},{\"@type\":\"BreadcrumbList\",\"@id\":\"https:\/\/www.fcakenya.co.ke\/en\/us\/donors\/international-donors\/ministry-of-foreign-affairs-of-netherlands\/#breadcrumb\",\"itemListElement\":[{\"@type\":\"ListItem\",\"position\":1,\"name\":\"Home\",\"item\":\"https:\/\/www.kirkonulkomaanapu.fi\/en\/\"},{\"@type\":\"ListItem\",\"position\":2,\"name\":\"About us\",\"item\":\"https:\/\/www.kirkonulkomaanapu.fi\/en\/us\/\"},{\"@type\":\"ListItem\",\"position\":3,\"name\":\"Donors\",\"item\":\"https:\/\/www.fcakenya.co.ke\/?page_id=2816\"},{\"@type\":\"ListItem\",\"position\":4,\"name\":\"International donors\",\"item\":\"https:\/\/www.fcakenya.co.ke\/?page_id=2818\"},{\"@type\":\"ListItem\",\"position\":5,\"name\":\"Ministry of Foreign Affairs of Netherlands\"}]},{\"@type\":\"WebSite\",\"@id\":\"https:\/\/www.kirkonulkomaanapu.fi\/#website\",\"url\":\"https:\/\/www.kirkonulkomaanapu.fi\/\",\"name\":\"Kirkon Ulkomaanapu\",\"description\":\"Suomen suurin kehitysyhteisty\u00f6j\u00e4rjest\u00f6\",\"publisher\":{\"@id\":\"https:\/\/www.kirkonulkomaanapu.fi\/#organization\"},\"alternateName\":\"KUA\",\"potentialAction\":[{\"@type\":\"SearchAction\",\"target\":{\"@type\":\"EntryPoint\",\"urlTemplate\":\"https:\/\/www.kirkonulkomaanapu.fi\/?s={search_term_string}\"},\"query-input\":{\"@type\":\"PropertyValueSpecification\",\"valueRequired\":true,\"valueName\":\"search_term_string\"}}],\"inLanguage\":\"en-US\"},{\"@type\":\"Organization\",\"@id\":\"https:\/\/www.kirkonulkomaanapu.fi\/#organization\",\"name\":\"Kirkon Ulkomaanapu\",\"alternateName\":\"KUA\",\"url\":\"https:\/\/www.kirkonulkomaanapu.fi\/\",\"logo\":{\"@type\":\"ImageObject\",\"inLanguage\":\"en-US\",\"@id\":\"https:\/\/www.kirkonulkomaanapu.fi\/#\/schema\/logo\/image\/\",\"url\":\"https:\/\/www.kirkonulkomaanapu.fi\/wp-content\/uploads\/2026\/02\/Kirkon-ulkomaanapu-logo-1.png\",\"contentUrl\":\"https:\/\/www.kirkonulkomaanapu.fi\/wp-content\/uploads\/2026\/02\/Kirkon-ulkomaanapu-logo-1.png\",\"width\":225,\"height\":225,\"caption\":\"Kirkon Ulkomaanapu\"},\"image\":{\"@id\":\"https:\/\/www.kirkonulkomaanapu.fi\/#\/schema\/logo\/image\/\"},\"sameAs\":[\"https:\/\/www.facebook.com\/Ulkomaanapu\/\",\"https:\/\/www.youtube.com\/user\/kirkonulkomaanapu\",\"https:\/\/instagram.com\/kirkon_ulkomaanapu\/\",\"https:\/\/www.linkedin.com\/company\/finn-church-aid\/\"]}]}<\/script>\n<!-- \/ Yoast SEO plugin. -->","yoast_head_json":{"title":"Ministry of Foreign Affairs of Netherlands - FCA Finn Church Aid","robots":{"index":"index","follow":"follow","max-snippet":"max-snippet:-1","max-image-preview":"max-image-preview:large","max-video-preview":"max-video-preview:-1"},"canonical":"https:\/\/www.fcakenya.co.ke\/en\/us\/donors\/international-donors\/ministry-of-foreign-affairs-of-netherlands\/","og_locale":"en_US","og_type":"article","og_title":"Ministry of Foreign Affairs of Netherlands - FCA Finn Church Aid","og_description":"&nbsp; &nbsp; &nbsp; &nbsp; The Dutch government implements development policy together with various partners. Partnerships with international organisations, the business community, civil society organisations and knowledge institutions allow the Netherlands to pool knowledge, technology and networks.","og_url":"https:\/\/www.fcakenya.co.ke\/en\/us\/donors\/international-donors\/ministry-of-foreign-affairs-of-netherlands\/","og_site_name":"FCA Finn Church Aid","article_publisher":"https:\/\/www.facebook.com\/Ulkomaanapu\/","article_modified_time":"2020-06-17T11:13:48+00:00","og_image":[{"url":"https:\/\/www.kirkonulkomaanapu.fi\/wp-content\/uploads\/2020\/06\/DutchMFA-480x194.png","type":"","width":"","height":""}],"schema":{"@context":"https:\/\/schema.org","@graph":[{"@type":"WebPage","@id":"https:\/\/www.fcakenya.co.ke\/en\/us\/donors\/international-donors\/ministry-of-foreign-affairs-of-netherlands\/","url":"https:\/\/www.fcakenya.co.ke\/en\/us\/donors\/international-donors\/ministry-of-foreign-affairs-of-netherlands\/","name":"Ministry of Foreign Affairs of Netherlands - FCA Finn Church Aid","isPartOf":{"@id":"https:\/\/www.kirkonulkomaanapu.fi\/#website"},"primaryImageOfPage":{"@id":"https:\/\/www.fcakenya.co.ke\/en\/us\/donors\/international-donors\/ministry-of-foreign-affairs-of-netherlands\/#primaryimage"},"image":{"@id":"https:\/\/www.fcakenya.co.ke\/en\/us\/donors\/international-donors\/ministry-of-foreign-affairs-of-netherlands\/#primaryimage"},"thumbnailUrl":"https:\/\/www.kirkonulkomaanapu.fi\/wp-content\/uploads\/2020\/06\/DutchMFA-480x194.png","datePublished":"2020-06-17T10:36:10+00:00","dateModified":"2020-06-17T11:13:48+00:00","breadcrumb":{"@id":"https:\/\/www.fcakenya.co.ke\/en\/us\/donors\/international-donors\/ministry-of-foreign-affairs-of-netherlands\/#breadcrumb"},"inLanguage":"en-US","potentialAction":[{"@type":"ReadAction","target":["https:\/\/www.fcakenya.co.ke\/en\/us\/donors\/international-donors\/ministry-of-foreign-affairs-of-netherlands\/"]}]},{"@type":"ImageObject","inLanguage":"en-US","@id":"https:\/\/www.fcakenya.co.ke\/en\/us\/donors\/international-donors\/ministry-of-foreign-affairs-of-netherlands\/#primaryimage","url":"https:\/\/www.kirkonulkomaanapu.fi\/wp-content\/uploads\/2020\/06\/DutchMFA-480x194.png","contentUrl":"https:\/\/www.kirkonulkomaanapu.fi\/wp-content\/uploads\/2020\/06\/DutchMFA-480x194.png"},{"@type":"BreadcrumbList","@id":"https:\/\/www.fcakenya.co.ke\/en\/us\/donors\/international-donors\/ministry-of-foreign-affairs-of-netherlands\/#breadcrumb","itemListElement":[{"@type":"ListItem","position":1,"name":"Home","item":"https:\/\/www.kirkonulkomaanapu.fi\/en\/"},{"@type":"ListItem","position":2,"name":"About us","item":"https:\/\/www.kirkonulkomaanapu.fi\/en\/us\/"},{"@type":"ListItem","position":3,"name":"Donors","item":"https:\/\/www.fcakenya.co.ke\/?page_id=2816"},{"@type":"ListItem","position":4,"name":"International donors","item":"https:\/\/www.fcakenya.co.ke\/?page_id=2818"},{"@type":"ListItem","position":5,"name":"Ministry of Foreign Affairs of Netherlands"}]},{"@type":"WebSite","@id":"https:\/\/www.kirkonulkomaanapu.fi\/#website","url":"https:\/\/www.kirkonulkomaanapu.fi\/","name":"Kirkon Ulkomaanapu","description":"Suomen suurin kehitysyhteisty\u00f6j\u00e4rjest\u00f6","publisher":{"@id":"https:\/\/www.kirkonulkomaanapu.fi\/#organization"},"alternateName":"KUA","potentialAction":[{"@type":"SearchAction","target":{"@type":"EntryPoint","urlTemplate":"https:\/\/www.kirkonulkomaanapu.fi\/?s={search_term_string}"},"query-input":{"@type":"PropertyValueSpecification","valueRequired":true,"valueName":"search_term_string"}}],"inLanguage":"en-US"},{"@type":"Organization","@id":"https:\/\/www.kirkonulkomaanapu.fi\/#organization","name":"Kirkon Ulkomaanapu","alternateName":"KUA","url":"https:\/\/www.kirkonulkomaanapu.fi\/","logo":{"@type":"ImageObject","inLanguage":"en-US","@id":"https:\/\/www.kirkonulkomaanapu.fi\/#\/schema\/logo\/image\/","url":"https:\/\/www.kirkonulkomaanapu.fi\/wp-content\/uploads\/2026\/02\/Kirkon-ulkomaanapu-logo-1.png","contentUrl":"https:\/\/www.kirkonulkomaanapu.fi\/wp-content\/uploads\/2026\/02\/Kirkon-ulkomaanapu-logo-1.png","width":225,"height":225,"caption":"Kirkon Ulkomaanapu"},"image":{"@id":"https:\/\/www.kirkonulkomaanapu.fi\/#\/schema\/logo\/image\/"},"sameAs":["https:\/\/www.facebook.com\/Ulkomaanapu\/","https:\/\/www.youtube.com\/user\/kirkonulkomaanapu","https:\/\/instagram.com\/kirkon_ulkomaanapu\/","https:\/\/www.linkedin.com\/company\/finn-church-aid\/"]}]}},"_links":{"self":[{"href":"https:\/\/www.kirkonulkomaanapu.fi\/en\/wp-json\/wp\/v2\/pages\/109997","targetHints":{"allow":["GET"]}}],"collection":[{"href":"https:\/\/www.kirkonulkomaanapu.fi\/en\/wp-json\/wp\/v2\/pages"}],"about":[{"href":"https:\/\/www.kirkonulkomaanapu.fi\/en\/wp-json\/wp\/v2\/types\/page"}],"author":[{"embeddable":true,"href":"https:\/\/www.kirkonulkomaanapu.fi\/en\/wp-json\/wp\/v2\/users\/137"}],"replies":[{"embeddable":true,"href":"https:\/\/www.kirkonulkomaanapu.fi\/en\/wp-json\/wp\/v2\/comments?post=109997"}],"version-history":[{"count":3,"href":"https:\/\/www.kirkonulkomaanapu.fi\/en\/wp-json\/wp\/v2\/pages\/109997\/revisions"}],"predecessor-version":[{"id":110014,"href":"https:\/\/www.kirkonulkomaanapu.fi\/en\/wp-json\/wp\/v2\/pages\/109997\/revisions\/110014"}],"up":[{"embeddable":true,"href":"https:\/\/www.kirkonulkomaanapu.fi\/en\/wp-json\/wp\/v2\/pages\/2818"}],"wp:attachment":[{"href":"https:\/\/www.kirkonulkomaanapu.fi\/en\/wp-json\/wp\/v2\/media?parent=109997"}],"curies":[{"name":"wp","href":"https:\/\/api.w.org\/{rel}","templated":true}]}}