{"id":107344,"date":"2019-11-04T10:56:07","date_gmt":"2019-11-04T08:56:07","guid":{"rendered":"https:\/\/www.kirkonulkomaanapu.fi\/where-we-work\/myanmar\/"},"modified":"2026-03-23T09:19:20","modified_gmt":"2026-03-23T07:19:20","slug":"myanmar","status":"publish","type":"page","link":"https:\/\/www.kirkonulkomaanapu.fi\/en\/where-we-work\/myanmar\/","title":{"rendered":"Myanmar"},"content":{"rendered":"\n<h1 class=\"wp-block-heading\">Myanmar<\/h1>\n\n\n\n<figure class=\"wp-block-image size-large\"><img loading=\"lazy\" decoding=\"async\" width=\"1024\" height=\"576\" src=\"https:\/\/www.kirkonulkomaanapu.fi\/wp-content\/uploads\/2020\/02\/FCAmaps_eng_Myanmar-1024x576.png\" alt=\"Map of Myanmar and neighboring countries.\" class=\"wp-image-107390\" srcset=\"https:\/\/www.kirkonulkomaanapu.fi\/wp-content\/uploads\/2020\/02\/FCAmaps_eng_Myanmar-1024x576.png 1024w, https:\/\/www.kirkonulkomaanapu.fi\/wp-content\/uploads\/2020\/02\/FCAmaps_eng_Myanmar-480x270.png 480w, https:\/\/www.kirkonulkomaanapu.fi\/wp-content\/uploads\/2020\/02\/FCAmaps_eng_Myanmar-768x432.png 768w, https:\/\/www.kirkonulkomaanapu.fi\/wp-content\/uploads\/2020\/02\/FCAmaps_eng_Myanmar-1536x864.png 1536w, https:\/\/www.kirkonulkomaanapu.fi\/wp-content\/uploads\/2020\/02\/FCAmaps_eng_Myanmar-316x178.png 316w, https:\/\/www.kirkonulkomaanapu.fi\/wp-content\/uploads\/2020\/02\/FCAmaps_eng_Myanmar.png 2048w\" sizes=\"auto, (max-width: 1024px) 100vw, 1024px\" \/><\/figure>\n\n\n\n<p class=\"is-style-ingress\">Although Myanmar has developed considerably in recent years, it is still among the least developed countries in Southeast Asia. So far, the countryside has benefited very little from the economic growth. Many vulnerable groups, such as numerous ethnic minority communities, require support.<\/p>\n\n\n\n\n<div class=\"block-content-with-infobox full-width id-block\">\n\t<div class=\"container-lg\">\n\t\t<div class=\"row justify-content-center\">\n\t\t\t<div class=\"col\">\n\t\t\t\t<div class=\"flex-inner inner-blocks entry-content\">\n\t\t\t\t\t\n\n<div class=\"block-inner-blocks inner-blocks entry-content lorem\">\n\t\n\n<p>Finn Church Aid&#8217;s (FCA) work in Myanmar focuses on improving livelihoods and food security in rural areas. Approximately 70 percent of the population lives in rural areas.<\/p>\n\n\n<\/div>\n\n\n<div class=\"block-inner-blocks inner-blocks entry-content\">\n\t\n\n<h2 class=\"wp-block-heading\"><\/h2>\n\n\n\n<p><strong>Population: <\/strong>55,2million<br><strong>Capital: <\/strong>Naypyidaw<br><strong>Currency: <\/strong>Kyat<br><strong>Languages: <\/strong>Burmese (official), several indigenous languages<br><strong>FCA in Myanmar: <\/strong>since 2014<\/p>\n\n\n<\/div>\n\n\t\t\t\t<\/div>\n\t\t\t<\/div>\n\t\t<\/div>\n\t<\/div>\t\n<\/div>\n\n\n\n\n<div class=\"block-themes full-width id-block\">\n\t<div class=\"container-lg\">\n\t\t\t\t\t<div class=\"row\">\n\t\t\t\t<div class=\"col\">\n\t\t\t\t\t<div class=\"entry-content\">\n\t\t\t\t\t\t<h2 class=\"block-title is-style-brush\"><span class=\"bg\">Our results <\/span><\/h2>\n\t\t\t\t\t<\/div>\n\t\t\t\t<\/div>\n\t\t\t<\/div>\n\t\t\t\t<div class=\"row justify-content-center themes\">\n\t\t\t\t\t\t\t\t\t<div class=\"col col-12 col-lg-4\">\n\t\t\t\t<div class=\"theme\">\n\t\t\t\t\t<div>\n\t\t\t\t\t\t\t\t\t\t\t<img decoding=\"async\" class=\"theme-img\" src=\"https:\/\/www.kirkonulkomaanapu.fi\/wp-content\/uploads\/2019\/10\/KUA-symbolit_rgb_savinggroup.png\" alt=\"Graafinen kuva s\u00e4\u00e4st\u00f6possusta\" loading=\"lazy\" width=\"942\" height=\"942\">\n\t\t\t\t\t\n\t\t\t\t\t\t\t\t\t\t\t<h3 class=\"theme-title\">677<\/h3>\n\t\t\t\t\t\n\t\t\t\t\t\t\t\t\t\t\t<div class=\"description\"><p>children received cash transfers to help them continue going to school amidst the protracted crisis.<\/p>\n<\/div>\n\t\t\t\t\t\t\t\t\t\t<\/div>\n\n\t\t\t\t\t\t\t\t<\/div>\n\t\t\t<\/div>\n\t\t\t\t\t\t\t\t\t<div class=\"col col-12 col-lg-4\">\n\t\t\t\t<div class=\"theme\">\n\t\t\t\t\t<div>\n\t\t\t\t\t\t\t\t\t\t\t<img decoding=\"async\" class=\"theme-img\" src=\"https:\/\/www.kirkonulkomaanapu.fi\/wp-content\/uploads\/2019\/10\/KUA-symbolit_rgb_education.png\" alt=\"\" loading=\"lazy\" width=\"942\" height=\"942\">\n\t\t\t\t\t\n\t\t\t\t\t\t\t\t\t\t\t<h3 class=\"theme-title\">29<\/h3>\n\t\t\t\t\t\n\t\t\t\t\t\t\t\t\t\t\t<div class=\"description\"><p>groups of women assistance were\u00a0given to secure livelihoods.<\/p>\n<\/div>\n\t\t\t\t\t\t\t\t\t\t<\/div>\n\n\t\t\t\t\t\t\t\t<\/div>\n\t\t\t<\/div>\n\t\t\t\t\t\t\t\t\t<div class=\"col col-12 col-lg-4\">\n\t\t\t\t<div class=\"theme\">\n\t\t\t\t\t<div>\n\t\t\t\t\t\t\t\t\t\t\t<img decoding=\"async\" class=\"theme-img\" src=\"https:\/\/www.kirkonulkomaanapu.fi\/wp-content\/uploads\/2019\/10\/KUA-symbolit_rgb_teacher.png\" alt=\"Kuvituskuva matematiikan opettajasta.\" loading=\"lazy\" width=\"942\" height=\"942\">\n\t\t\t\t\t\n\t\t\t\t\t\t\t\t\t\t\t<h3 class=\"theme-title\">More than 40<\/h3>\n\t\t\t\t\t\n\t\t\t\t\t\t\t\t\t\t\t<div class=\"description\"><p>public schools to be part of a three-year career counselling pilot project thanks to our advocacy work.<\/p>\n<\/div>\n\t\t\t\t\t\t\t\t\t\t<\/div>\n\n\t\t\t\t\t\t\t\t<\/div>\n\t\t\t<\/div>\n\t\t\t\t\t<\/div>\n\t<\/div>\t\n<\/div>\n\n\n<h2 class=\"wp-block-heading\">Education and income for women and youth<\/h2>\n\n\n\n<p>FCA\u00b4s focus&nbsp; is on youth affected by conflict, displacement and poverty. We focus especially on quality non-formal learning opportunities and pathways to decent work through employment and self-employment. Another focus area is sustainable livelihoods for people in protracted crisis-affected areas, particularly for women, using market-based approaches.<\/p>\n\n\n\n<p>We provide life-saving humanitarian assistance for crisis-affected people through emergency multi-purpose cash support, and EiE for crisis-affected children and adolescents through cash support and teacher training.<\/p>\n\n\n\n<p>We work to reduce poverty among women by providing them with education and income opportunities. Our goal is to ensure that women have as large a role as possible in the development of Myanmar.<\/p>\n\n\n\n<p>In 2020, we introduced animated videos as a new type of digital entrepreneurship training, which enabled participants to learn how to set up a business by simply watching a video. Spoken in local languages, the videos can reach a wide audience, including people living in remote areas.<\/p>\n\n\n\n<h2 class=\"wp-block-heading\">Peace work<\/h2>\n\n\n\n<p>Myanmar is a country affected by local conflicts.&nbsp;We promote greater influence, participation and inclusion of women and youth in community development processes and decision-making through various project activities, and promote greater interfaith understanding.&nbsp;<\/p>\n\n\n\n\n<div class=\"block-latest-articles-from-category full-width id-block\">\n\t<div class=\"container-lg\">\n\t\t\n\t\t<div class=\"row articles\">\n\t\t\t\t\t\t\t\t\t\t<div class=\"col col-12 col-md-4\">\n\t\t\t\t\t\n<div class=\"article-card article-card__default\">\n\t<a href=\"https:\/\/www.kirkonulkomaanapu.fi\/en\/latest-news\/articles\/for-women-economic-empowerment-is-a-route-to-safety\/\">\n\t\t<div class=\"article-thumbnail\">\n\t\t\t\t\t\t<img decoding=\"async\" src=\"https:\/\/www.kirkonulkomaanapu.fi\/wp-content\/uploads\/2026\/03\/WeavingBMB-camp_HERO-480x220.jpeg\" alt=\"For women, economic empowerment is a route to safety\" loading=\"lazy\" width=\"480\" height=\"220\">\n\t\t\t\t\t<\/div>\n\t<\/a>\n\n\t<div class=\"article-meta\">\n\t\t<span>Article<\/span><span>5.3.2026<\/span>\t<\/div>\n\n\t<a href=\"https:\/\/www.kirkonulkomaanapu.fi\/en\/latest-news\/articles\/for-women-economic-empowerment-is-a-route-to-safety\/\"><h3 class=\"article-title\">For women, economic empowerment is a route to safety<\/h3><\/a>\n<\/div>\t\t\t\t<\/div>\n\t\t\t\t\t\t\t<div class=\"col col-12 col-md-4\">\n\t\t\t\t\t\n<div class=\"article-card article-card__default\">\n\t<a href=\"https:\/\/www.kirkonulkomaanapu.fi\/en\/latest-news\/articles\/hope-after-the-earthquake-fca-supports-teachers-and-students-in-mandalay\/\">\n\t\t<div class=\"article-thumbnail\">\n\t\t\t\t\t\t<img decoding=\"async\" src=\"https:\/\/www.kirkonulkomaanapu.fi\/wp-content\/uploads\/2026\/01\/Thiri-a-shy-Grade-7-student-during-class-break-time-480x270.jpeg\" alt=\"Hope after the earthquake: FCA supports teachers and students in Myanmar\" loading=\"lazy\" width=\"480\" height=\"270\">\n\t\t\t\t\t<\/div>\n\t<\/a>\n\n\t<div class=\"article-meta\">\n\t\t<span>Article<\/span><span>25.1.2026<\/span>\t<\/div>\n\n\t<a href=\"https:\/\/www.kirkonulkomaanapu.fi\/en\/latest-news\/articles\/hope-after-the-earthquake-fca-supports-teachers-and-students-in-mandalay\/\"><h3 class=\"article-title\">Hope after the earthquake: FCA supports teachers and students in Myanmar<\/h3><\/a>\n<\/div>\t\t\t\t<\/div>\n\t\t\t\t\t\t\t<div class=\"col col-12 col-md-4\">\n\t\t\t\t\t\n<div class=\"article-card article-card__default\">\n\t<a href=\"https:\/\/www.kirkonulkomaanapu.fi\/en\/latest-news\/news\/world-childrens-day-education-protects-children-in-myanmar\/\">\n\t\t<div class=\"article-thumbnail\">\n\t\t\t\t\t\t<img decoding=\"async\" src=\"https:\/\/www.kirkonulkomaanapu.fi\/wp-content\/uploads\/2025\/11\/Group-of-students-at-Shawlamon-Community-School_HERO-480x220.jpeg\" alt=\"World Children&#8217;s Day &#8211; education protects children in Myanmar\" loading=\"lazy\" width=\"480\" height=\"220\">\n\t\t\t\t\t<\/div>\n\t<\/a>\n\n\t<div class=\"article-meta\">\n\t\t<span>News<\/span><span>20.11.2025<\/span>\t<\/div>\n\n\t<a href=\"https:\/\/www.kirkonulkomaanapu.fi\/en\/latest-news\/news\/world-childrens-day-education-protects-children-in-myanmar\/\"><h3 class=\"article-title\">World Children&#8217;s Day &#8211; education protects children in Myanmar<\/h3><\/a>\n<\/div>\t\t\t\t<\/div>\n\t\t\t\t\t\t\t\t<\/div>\n\n\t<\/div>\t\n<\/div>\n","protected":false},"excerpt":{"rendered":"<p>Myanmar Although Myanmar has developed considerably in recent years, it is still among the least developed countries in Southeast Asia. So far, the countryside has benefited very little from the economic growth. Many vulnerable groups, such as numerous ethnic minority communities, require support. Education and income for women and youth FCA\u00b4s focus&nbsp; is on youth [&hellip;]<\/p>\n","protected":false},"author":137,"featured_media":107390,"parent":97996,"menu_order":0,"comment_status":"closed","ping_status":"closed","template":"page-templates\/missa-toimimme-child.php","meta":{"_acf_changed":false,"_relevanssi_hide_post":"","_relevanssi_hide_content":"","_relevanssi_pin_for_all":"on","_relevanssi_pin_keywords":"","_relevanssi_unpin_keywords":"","_relevanssi_related_keywords":"","_relevanssi_related_include_ids":"","_relevanssi_related_exclude_ids":"","_relevanssi_related_no_append":"","_relevanssi_related_not_related":"","_relevanssi_related_posts":"110039,91409,92897,107037,76823,64869","_relevanssi_noindex_reason":"","_improvement_type_select":"improve_an_existing","_thumb_yes_seoaic":false,"_frame_yes_seoaic":false,"seoaic_generate_description":"","seoaic_improve_instructions_prompt":"","seoaic_rollback_content_improvement":"","seoaic_idea_thumbnail_generator":"","thumbnail_generated":false,"thumbnail_generate_prompt":"","seoaic_article_description":"","footnotes":""},"class_list":["post-107344","page","type-page","status-publish","has-post-thumbnail","hentry"],"acf":[],"yoast_head":"<!-- This site is optimized with the Yoast SEO plugin v26.9 - https:\/\/yoast.com\/product\/yoast-seo-wordpress\/ -->\n<title>Myanmar - FCA Finn Church Aid - Action for Human Dignity<\/title>\n<meta name=\"description\" content=\"Our work in Myanmar focuses on improving livelihoods and food security in rural areas where approximately 70 % of the population lives.\u00a0 \u00a0\" \/>\n<meta name=\"robots\" content=\"index, follow, max-snippet:-1, max-image-preview:large, max-video-preview:-1\" \/>\n<link rel=\"canonical\" href=\"https:\/\/www.kirkonulkomaanapu.fi\/en\/where-we-work\/myanmar\/\" \/>\n<meta property=\"og:locale\" content=\"en_US\" \/>\n<meta property=\"og:type\" content=\"article\" \/>\n<meta property=\"og:title\" content=\"Myanmar - FCA Finn Church Aid - Action for Human Dignity\" \/>\n<meta property=\"og:description\" content=\"Our work in Myanmar focuses on improving livelihoods and food security in rural areas where approximately 70 % of the population lives.\u00a0 \u00a0\" \/>\n<meta property=\"og:url\" content=\"https:\/\/www.kirkonulkomaanapu.fi\/en\/where-we-work\/myanmar\/\" \/>\n<meta property=\"og:site_name\" content=\"FCA Finn Church Aid\" \/>\n<meta property=\"article:publisher\" content=\"https:\/\/www.facebook.com\/Ulkomaanapu\/\" \/>\n<meta property=\"article:modified_time\" content=\"2026-03-23T07:19:20+00:00\" \/>\n<meta property=\"og:image\" content=\"https:\/\/www.kirkonulkomaanapu.fi\/wp-content\/uploads\/2020\/02\/FCAmaps_eng_Myanmar.png\" \/>\n\t<meta property=\"og:image:width\" content=\"2048\" \/>\n\t<meta property=\"og:image:height\" content=\"1152\" \/>\n\t<meta property=\"og:image:type\" content=\"image\/png\" \/>\n<meta name=\"twitter:label1\" content=\"Est. reading time\" \/>\n\t<meta name=\"twitter:data1\" content=\"3 minutes\" \/>\n<script type=\"application\/ld+json\" class=\"yoast-schema-graph\">{\"@context\":\"https:\/\/schema.org\",\"@graph\":[{\"@type\":\"WebPage\",\"@id\":\"https:\/\/www.kirkonulkomaanapu.fi\/en\/where-we-work\/myanmar\/\",\"url\":\"https:\/\/www.kirkonulkomaanapu.fi\/en\/where-we-work\/myanmar\/\",\"name\":\"Myanmar - FCA Finn Church Aid - Action for Human Dignity\",\"isPartOf\":{\"@id\":\"https:\/\/www.kirkonulkomaanapu.fi\/#website\"},\"primaryImageOfPage\":{\"@id\":\"https:\/\/www.kirkonulkomaanapu.fi\/en\/where-we-work\/myanmar\/#primaryimage\"},\"image\":{\"@id\":\"https:\/\/www.kirkonulkomaanapu.fi\/en\/where-we-work\/myanmar\/#primaryimage\"},\"thumbnailUrl\":\"https:\/\/www.kirkonulkomaanapu.fi\/wp-content\/uploads\/2020\/02\/FCAmaps_eng_Myanmar.png\",\"datePublished\":\"2019-11-04T08:56:07+00:00\",\"dateModified\":\"2026-03-23T07:19:20+00:00\",\"description\":\"Our work in Myanmar focuses on improving livelihoods and food security in rural areas where approximately 70 % of the population lives.\u00a0 \u00a0\",\"breadcrumb\":{\"@id\":\"https:\/\/www.kirkonulkomaanapu.fi\/en\/where-we-work\/myanmar\/#breadcrumb\"},\"inLanguage\":\"en-US\",\"potentialAction\":[{\"@type\":\"ReadAction\",\"target\":[\"https:\/\/www.kirkonulkomaanapu.fi\/en\/where-we-work\/myanmar\/\"]}]},{\"@type\":\"ImageObject\",\"inLanguage\":\"en-US\",\"@id\":\"https:\/\/www.kirkonulkomaanapu.fi\/en\/where-we-work\/myanmar\/#primaryimage\",\"url\":\"https:\/\/www.kirkonulkomaanapu.fi\/wp-content\/uploads\/2020\/02\/FCAmaps_eng_Myanmar.png\",\"contentUrl\":\"https:\/\/www.kirkonulkomaanapu.fi\/wp-content\/uploads\/2020\/02\/FCAmaps_eng_Myanmar.png\",\"width\":2048,\"height\":1152,\"caption\":\"Map of Myanmar and neighboring countries.\"},{\"@type\":\"BreadcrumbList\",\"@id\":\"https:\/\/www.kirkonulkomaanapu.fi\/en\/where-we-work\/myanmar\/#breadcrumb\",\"itemListElement\":[{\"@type\":\"ListItem\",\"position\":1,\"name\":\"Home\",\"item\":\"https:\/\/www.kirkonulkomaanapu.fi\/en\/\"},{\"@type\":\"ListItem\",\"position\":2,\"name\":\"Where we work\",\"item\":\"https:\/\/www.kirkonulkomaanapu.fi\/en\/where-we-work\/\"},{\"@type\":\"ListItem\",\"position\":3,\"name\":\"Myanmar\"}]},{\"@type\":\"WebSite\",\"@id\":\"https:\/\/www.kirkonulkomaanapu.fi\/#website\",\"url\":\"https:\/\/www.kirkonulkomaanapu.fi\/\",\"name\":\"Kirkon Ulkomaanapu\",\"description\":\"Suomen suurin kehitysyhteisty\u00f6j\u00e4rjest\u00f6\",\"publisher\":{\"@id\":\"https:\/\/www.kirkonulkomaanapu.fi\/#organization\"},\"alternateName\":\"KUA\",\"potentialAction\":[{\"@type\":\"SearchAction\",\"target\":{\"@type\":\"EntryPoint\",\"urlTemplate\":\"https:\/\/www.kirkonulkomaanapu.fi\/?s={search_term_string}\"},\"query-input\":{\"@type\":\"PropertyValueSpecification\",\"valueRequired\":true,\"valueName\":\"search_term_string\"}}],\"inLanguage\":\"en-US\"},{\"@type\":\"Organization\",\"@id\":\"https:\/\/www.kirkonulkomaanapu.fi\/#organization\",\"name\":\"Kirkon Ulkomaanapu\",\"alternateName\":\"KUA\",\"url\":\"https:\/\/www.kirkonulkomaanapu.fi\/\",\"logo\":{\"@type\":\"ImageObject\",\"inLanguage\":\"en-US\",\"@id\":\"https:\/\/www.kirkonulkomaanapu.fi\/#\/schema\/logo\/image\/\",\"url\":\"https:\/\/www.kirkonulkomaanapu.fi\/wp-content\/uploads\/2026\/02\/Kirkon-ulkomaanapu-logo-1.png\",\"contentUrl\":\"https:\/\/www.kirkonulkomaanapu.fi\/wp-content\/uploads\/2026\/02\/Kirkon-ulkomaanapu-logo-1.png\",\"width\":225,\"height\":225,\"caption\":\"Kirkon Ulkomaanapu\"},\"image\":{\"@id\":\"https:\/\/www.kirkonulkomaanapu.fi\/#\/schema\/logo\/image\/\"},\"sameAs\":[\"https:\/\/www.facebook.com\/Ulkomaanapu\/\",\"https:\/\/www.youtube.com\/user\/kirkonulkomaanapu\",\"https:\/\/instagram.com\/kirkon_ulkomaanapu\/\",\"https:\/\/www.linkedin.com\/company\/finn-church-aid\/\"]}]}<\/script>\n<!-- \/ Yoast SEO plugin. -->","yoast_head_json":{"title":"Myanmar - FCA Finn Church Aid - Action for Human Dignity","description":"Our work in Myanmar focuses on improving livelihoods and food security in rural areas where approximately 70 % of the population lives.\u00a0 \u00a0","robots":{"index":"index","follow":"follow","max-snippet":"max-snippet:-1","max-image-preview":"max-image-preview:large","max-video-preview":"max-video-preview:-1"},"canonical":"https:\/\/www.kirkonulkomaanapu.fi\/en\/where-we-work\/myanmar\/","og_locale":"en_US","og_type":"article","og_title":"Myanmar - FCA Finn Church Aid - Action for Human Dignity","og_description":"Our work in Myanmar focuses on improving livelihoods and food security in rural areas where approximately 70 % of the population lives.\u00a0 \u00a0","og_url":"https:\/\/www.kirkonulkomaanapu.fi\/en\/where-we-work\/myanmar\/","og_site_name":"FCA Finn Church Aid","article_publisher":"https:\/\/www.facebook.com\/Ulkomaanapu\/","article_modified_time":"2026-03-23T07:19:20+00:00","og_image":[{"width":2048,"height":1152,"url":"https:\/\/www.kirkonulkomaanapu.fi\/wp-content\/uploads\/2020\/02\/FCAmaps_eng_Myanmar.png","type":"image\/png"}],"twitter_misc":{"Est. reading time":"3 minutes"},"schema":{"@context":"https:\/\/schema.org","@graph":[{"@type":"WebPage","@id":"https:\/\/www.kirkonulkomaanapu.fi\/en\/where-we-work\/myanmar\/","url":"https:\/\/www.kirkonulkomaanapu.fi\/en\/where-we-work\/myanmar\/","name":"Myanmar - FCA Finn Church Aid - Action for Human Dignity","isPartOf":{"@id":"https:\/\/www.kirkonulkomaanapu.fi\/#website"},"primaryImageOfPage":{"@id":"https:\/\/www.kirkonulkomaanapu.fi\/en\/where-we-work\/myanmar\/#primaryimage"},"image":{"@id":"https:\/\/www.kirkonulkomaanapu.fi\/en\/where-we-work\/myanmar\/#primaryimage"},"thumbnailUrl":"https:\/\/www.kirkonulkomaanapu.fi\/wp-content\/uploads\/2020\/02\/FCAmaps_eng_Myanmar.png","datePublished":"2019-11-04T08:56:07+00:00","dateModified":"2026-03-23T07:19:20+00:00","description":"Our work in Myanmar focuses on improving livelihoods and food security in rural areas where approximately 70 % of the population lives.\u00a0 \u00a0","breadcrumb":{"@id":"https:\/\/www.kirkonulkomaanapu.fi\/en\/where-we-work\/myanmar\/#breadcrumb"},"inLanguage":"en-US","potentialAction":[{"@type":"ReadAction","target":["https:\/\/www.kirkonulkomaanapu.fi\/en\/where-we-work\/myanmar\/"]}]},{"@type":"ImageObject","inLanguage":"en-US","@id":"https:\/\/www.kirkonulkomaanapu.fi\/en\/where-we-work\/myanmar\/#primaryimage","url":"https:\/\/www.kirkonulkomaanapu.fi\/wp-content\/uploads\/2020\/02\/FCAmaps_eng_Myanmar.png","contentUrl":"https:\/\/www.kirkonulkomaanapu.fi\/wp-content\/uploads\/2020\/02\/FCAmaps_eng_Myanmar.png","width":2048,"height":1152,"caption":"Map of Myanmar and neighboring countries."},{"@type":"BreadcrumbList","@id":"https:\/\/www.kirkonulkomaanapu.fi\/en\/where-we-work\/myanmar\/#breadcrumb","itemListElement":[{"@type":"ListItem","position":1,"name":"Home","item":"https:\/\/www.kirkonulkomaanapu.fi\/en\/"},{"@type":"ListItem","position":2,"name":"Where we work","item":"https:\/\/www.kirkonulkomaanapu.fi\/en\/where-we-work\/"},{"@type":"ListItem","position":3,"name":"Myanmar"}]},{"@type":"WebSite","@id":"https:\/\/www.kirkonulkomaanapu.fi\/#website","url":"https:\/\/www.kirkonulkomaanapu.fi\/","name":"Kirkon Ulkomaanapu","description":"Suomen suurin kehitysyhteisty\u00f6j\u00e4rjest\u00f6","publisher":{"@id":"https:\/\/www.kirkonulkomaanapu.fi\/#organization"},"alternateName":"KUA","potentialAction":[{"@type":"SearchAction","target":{"@type":"EntryPoint","urlTemplate":"https:\/\/www.kirkonulkomaanapu.fi\/?s={search_term_string}"},"query-input":{"@type":"PropertyValueSpecification","valueRequired":true,"valueName":"search_term_string"}}],"inLanguage":"en-US"},{"@type":"Organization","@id":"https:\/\/www.kirkonulkomaanapu.fi\/#organization","name":"Kirkon Ulkomaanapu","alternateName":"KUA","url":"https:\/\/www.kirkonulkomaanapu.fi\/","logo":{"@type":"ImageObject","inLanguage":"en-US","@id":"https:\/\/www.kirkonulkomaanapu.fi\/#\/schema\/logo\/image\/","url":"https:\/\/www.kirkonulkomaanapu.fi\/wp-content\/uploads\/2026\/02\/Kirkon-ulkomaanapu-logo-1.png","contentUrl":"https:\/\/www.kirkonulkomaanapu.fi\/wp-content\/uploads\/2026\/02\/Kirkon-ulkomaanapu-logo-1.png","width":225,"height":225,"caption":"Kirkon Ulkomaanapu"},"image":{"@id":"https:\/\/www.kirkonulkomaanapu.fi\/#\/schema\/logo\/image\/"},"sameAs":["https:\/\/www.facebook.com\/Ulkomaanapu\/","https:\/\/www.youtube.com\/user\/kirkonulkomaanapu","https:\/\/instagram.com\/kirkon_ulkomaanapu\/","https:\/\/www.linkedin.com\/company\/finn-church-aid\/"]}]}},"_links":{"self":[{"href":"https:\/\/www.kirkonulkomaanapu.fi\/en\/wp-json\/wp\/v2\/pages\/107344","targetHints":{"allow":["GET"]}}],"collection":[{"href":"https:\/\/www.kirkonulkomaanapu.fi\/en\/wp-json\/wp\/v2\/pages"}],"about":[{"href":"https:\/\/www.kirkonulkomaanapu.fi\/en\/wp-json\/wp\/v2\/types\/page"}],"author":[{"embeddable":true,"href":"https:\/\/www.kirkonulkomaanapu.fi\/en\/wp-json\/wp\/v2\/users\/137"}],"replies":[{"embeddable":true,"href":"https:\/\/www.kirkonulkomaanapu.fi\/en\/wp-json\/wp\/v2\/comments?post=107344"}],"version-history":[{"count":3,"href":"https:\/\/www.kirkonulkomaanapu.fi\/en\/wp-json\/wp\/v2\/pages\/107344\/revisions"}],"predecessor-version":[{"id":160542,"href":"https:\/\/www.kirkonulkomaanapu.fi\/en\/wp-json\/wp\/v2\/pages\/107344\/revisions\/160542"}],"up":[{"embeddable":true,"href":"https:\/\/www.kirkonulkomaanapu.fi\/en\/wp-json\/wp\/v2\/pages\/97996"}],"wp:featuredmedia":[{"embeddable":true,"href":"https:\/\/www.kirkonulkomaanapu.fi\/en\/wp-json\/wp\/v2\/media\/107390"}],"wp:attachment":[{"href":"https:\/\/www.kirkonulkomaanapu.fi\/en\/wp-json\/wp\/v2\/media?parent=107344"}],"curies":[{"name":"wp","href":"https:\/\/api.w.org\/{rel}","templated":true}]}}