{"id":107339,"date":"2019-11-04T10:54:08","date_gmt":"2019-11-04T08:54:08","guid":{"rendered":"https:\/\/www.kirkonulkomaanapu.fi\/where-we-work\/lansiranta-ja-jerusalem\/"},"modified":"2023-11-02T14:50:08","modified_gmt":"2023-11-02T12:50:08","slug":"west-bank-and-jerusalem","status":"publish","type":"page","link":"https:\/\/www.kirkonulkomaanapu.fi\/en\/where-we-work\/west-bank-and-jerusalem\/","title":{"rendered":"West Bank and Jerusalem"},"content":{"rendered":"\n<h1 class=\"wp-block-heading\">West Bank and Jerusalem<\/h1>\n\n\n\n<figure class=\"wp-block-image size-large\"><img loading=\"lazy\" decoding=\"async\" width=\"1024\" height=\"576\" src=\"https:\/\/www.kirkonulkomaanapu.fi\/wp-content\/uploads\/2023\/11\/FCAmaps-eng-IOPT-2023-1024x576.png\" alt=\"\" class=\"wp-image-143750\" srcset=\"https:\/\/www.kirkonulkomaanapu.fi\/wp-content\/uploads\/2023\/11\/FCAmaps-eng-IOPT-2023-1024x576.png 1024w, https:\/\/www.kirkonulkomaanapu.fi\/wp-content\/uploads\/2023\/11\/FCAmaps-eng-IOPT-2023-480x270.png 480w, https:\/\/www.kirkonulkomaanapu.fi\/wp-content\/uploads\/2023\/11\/FCAmaps-eng-IOPT-2023-768x432.png 768w, https:\/\/www.kirkonulkomaanapu.fi\/wp-content\/uploads\/2023\/11\/FCAmaps-eng-IOPT-2023-1536x864.png 1536w, https:\/\/www.kirkonulkomaanapu.fi\/wp-content\/uploads\/2023\/11\/FCAmaps-eng-IOPT-2023-316x178.png 316w, https:\/\/www.kirkonulkomaanapu.fi\/wp-content\/uploads\/2023\/11\/FCAmaps-eng-IOPT-2023-1920x1080.png 1920w, https:\/\/www.kirkonulkomaanapu.fi\/wp-content\/uploads\/2023\/11\/FCAmaps-eng-IOPT-2023.png 2048w\" sizes=\"auto, (max-width: 1024px) 100vw, 1024px\" \/><\/figure>\n\n\n\n<p class=\"is-style-ingress\">Finn Church Aid&#8217;s (FCA) work in the West Bank focuses on improving access to education for children and youth and providing psychosocial support.<\/p>\n\n\n\n<p>FCA provides psychosocial support for vulnerable children in East Jerusalem through after school activities, and pairs up the children with young adult mentors as role models. The goal of the project, implemented by the Palestinian Counseling Center (PCC) is to support vulnerable children, present to them a positive role model, allow them to express themselves in a safe space and atmosphere, and improve their academic performance and behavior.<\/p>\n\n\n\n\n<div class=\"block-themes full-width id-block\">\n\t<div class=\"container-lg\">\n\t\t\t\t\t<div class=\"row\">\n\t\t\t\t<div class=\"col\">\n\t\t\t\t\t<div class=\"entry-content\">\n\t\t\t\t\t\t<h2 class=\"block-title is-style-brush\"><span class=\"bg\">Our results <\/span><\/h2>\n\t\t\t\t\t<\/div>\n\t\t\t\t<\/div>\n\t\t\t<\/div>\n\t\t\t\t<div class=\"row justify-content-center themes\">\n\t\t\t\t\t\t\t\t\t<div class=\"col col-12 col-lg-4\">\n\t\t\t\t<div class=\"theme\">\n\t\t\t\t\t<div>\n\t\t\t\t\t\t\t\t\t\t\t<img decoding=\"async\" class=\"theme-img\" src=\"https:\/\/www.kirkonulkomaanapu.fi\/wp-content\/uploads\/2019\/10\/KUA-symbolit_rgb_teacher.png\" alt=\"Kuvituskuva matematiikan opettajasta.\" loading=\"lazy\" width=\"942\" height=\"942\">\n\t\t\t\t\t\n\t\t\t\t\t\t\t\t\t\t\t<h3 class=\"theme-title\">60<\/h3>\n\t\t\t\t\t\n\t\t\t\t\t\t\t\t\t\t\t<div class=\"description\"><p>tablets were distributed to children at risk of marginalisation and their mentors to allow schoolwork to continue during Covid-19 lockdowns.<\/p>\n<\/div>\n\t\t\t\t\t\t\t\t\t\t<\/div>\n\n\t\t\t\t\t\t\t\t<\/div>\n\t\t\t<\/div>\n\t\t\t\t\t\t\t\t\t<div class=\"col col-12 col-lg-4\">\n\t\t\t\t<div class=\"theme\">\n\t\t\t\t\t<div>\n\t\t\t\t\t\t\t\t\t\t\t<img decoding=\"async\" class=\"theme-img\" src=\"https:\/\/www.kirkonulkomaanapu.fi\/wp-content\/uploads\/2019\/10\/KUA-symbolit_rgb_peace.png\" alt=\"Graafinen kuva rauhan kyyhkyst\u00e4\" loading=\"lazy\" width=\"942\" height=\"942\">\n\t\t\t\t\t\n\t\t\t\t\t\t\t\t\t\t\t<h3 class=\"theme-title\">78<\/h3>\n\t\t\t\t\t\n\t\t\t\t\t\t\t\t\t\t\t<div class=\"description\"><p>young people at risk of marginalisation reached by the Big Brothers Big Sisters programme we support in East Jerusalem.<\/p>\n<\/div>\n\t\t\t\t\t\t\t\t\t\t<\/div>\n\n\t\t\t\t\t\t\t\t<\/div>\n\t\t\t<\/div>\n\t\t\t\t\t\t\t\t\t<div class=\"col col-12 col-lg-4\">\n\t\t\t\t<div class=\"theme\">\n\t\t\t\t\t<div>\n\t\t\t\t\t\t\t\t\t\t\t<img decoding=\"async\" class=\"theme-img\" src=\"https:\/\/www.kirkonulkomaanapu.fi\/wp-content\/uploads\/2019\/10\/KUA-symbolit_rgb_parents.png\" alt=\"Kuvituskuva vanhemmista ja lapsesta.\" loading=\"lazy\" width=\"942\" height=\"942\">\n\t\t\t\t\t\n\t\t\t\t\t\t\t\t\t\t\t<h3 class=\"theme-title\">225<\/h3>\n\t\t\t\t\t\n\t\t\t\t\t\t\t\t\t\t\t<div class=\"description\"><p>mothers from East Jerusalem brought together to attend training in parental skills.<\/p>\n<\/div>\n\t\t\t\t\t\t\t\t\t\t<\/div>\n\n\t\t\t\t\t\t\t\t<\/div>\n\t\t\t<\/div>\n\t\t\t\t\t<\/div>\n\t<\/div>\t\n<\/div>\n\n\n<p>FCA also supports the Ecumenical Accompaniment Programme in Palestine and Israel (EAPPI), an international programme of the World Council of Churches. The goal of the programme is to demonstrate international solidarity towards local churches and Palestinian and Israeli peace activists and to offer protection by presence. The programme sends volunteer observers to monitor the human rights situation in the area and report on any possible violations. The EAPPI programme seeks to ensure that human rights and international humanitarian treaties are respected in the area.<\/p>\n","protected":false},"excerpt":{"rendered":"<p>West Bank and Jerusalem Finn Church Aid&#8217;s (FCA) work in the West Bank focuses on improving access to education for children and youth and providing psychosocial support. FCA provides psychosocial support for vulnerable children in East Jerusalem through after school activities, and pairs up the children with young adult mentors as role models. The goal [&hellip;]<\/p>\n","protected":false},"author":137,"featured_media":107393,"parent":97996,"menu_order":0,"comment_status":"closed","ping_status":"closed","template":"page-templates\/missa-toimimme-child.php","meta":{"_acf_changed":false,"_relevanssi_hide_post":"","_relevanssi_hide_content":"","_relevanssi_pin_for_all":"on","_relevanssi_pin_keywords":"","_relevanssi_unpin_keywords":"","_relevanssi_related_keywords":"","_relevanssi_related_include_ids":"","_relevanssi_related_exclude_ids":"","_relevanssi_related_no_append":"","_relevanssi_related_not_related":"","_relevanssi_related_posts":"114522,108682,92897,107582,66955,71873","_relevanssi_noindex_reason":"","_improvement_type_select":"improve_an_existing","_thumb_yes_seoaic":false,"_frame_yes_seoaic":false,"seoaic_generate_description":"","seoaic_improve_instructions_prompt":"","seoaic_rollback_content_improvement":"","seoaic_idea_thumbnail_generator":"","thumbnail_generated":false,"thumbnail_generate_prompt":"","seoaic_article_description":"","footnotes":""},"class_list":["post-107339","page","type-page","status-publish","has-post-thumbnail","hentry"],"acf":[],"yoast_head":"<!-- This site is optimized with the Yoast SEO plugin v26.9 - https:\/\/yoast.com\/product\/yoast-seo-wordpress\/ -->\n<title>West Bank and Jerusalem - FCA Finn Church Aid - Action for Human Dignity<\/title>\n<meta name=\"description\" content=\"Finn Church Aid&#039;s work in the West Bank focuses on improving access to education for children and youth and providing psychosocial support.\" \/>\n<meta name=\"robots\" content=\"index, follow, max-snippet:-1, max-image-preview:large, max-video-preview:-1\" \/>\n<link rel=\"canonical\" href=\"https:\/\/www.kirkonulkomaanapu.fi\/en\/where-we-work\/west-bank-and-jerusalem\/\" \/>\n<meta property=\"og:locale\" content=\"en_US\" \/>\n<meta property=\"og:type\" content=\"article\" \/>\n<meta property=\"og:title\" content=\"West Bank and Jerusalem - FCA Finn Church Aid - Action for Human Dignity\" \/>\n<meta property=\"og:description\" content=\"Finn Church Aid&#039;s work in the West Bank focuses on improving access to education for children and youth and providing psychosocial support.\" \/>\n<meta property=\"og:url\" content=\"https:\/\/www.kirkonulkomaanapu.fi\/en\/where-we-work\/west-bank-and-jerusalem\/\" \/>\n<meta property=\"og:site_name\" content=\"FCA Finn Church Aid\" \/>\n<meta property=\"article:publisher\" content=\"https:\/\/www.facebook.com\/Ulkomaanapu\/\" \/>\n<meta property=\"article:modified_time\" content=\"2023-11-02T12:50:08+00:00\" \/>\n<meta property=\"og:image\" content=\"https:\/\/www.kirkonulkomaanapu.fi\/wp-content\/uploads\/2020\/02\/FCAmaps_eng_IOPT.png\" \/>\n\t<meta property=\"og:image:width\" content=\"2048\" \/>\n\t<meta property=\"og:image:height\" content=\"1152\" \/>\n\t<meta property=\"og:image:type\" content=\"image\/png\" \/>\n<meta name=\"twitter:label1\" content=\"Est. reading time\" \/>\n\t<meta name=\"twitter:data1\" content=\"1 minute\" \/>\n<script type=\"application\/ld+json\" class=\"yoast-schema-graph\">{\"@context\":\"https:\/\/schema.org\",\"@graph\":[{\"@type\":\"WebPage\",\"@id\":\"https:\/\/www.kirkonulkomaanapu.fi\/en\/where-we-work\/west-bank-and-jerusalem\/\",\"url\":\"https:\/\/www.kirkonulkomaanapu.fi\/en\/where-we-work\/west-bank-and-jerusalem\/\",\"name\":\"West Bank and Jerusalem - FCA Finn Church Aid - Action for Human Dignity\",\"isPartOf\":{\"@id\":\"https:\/\/www.kirkonulkomaanapu.fi\/#website\"},\"primaryImageOfPage\":{\"@id\":\"https:\/\/www.kirkonulkomaanapu.fi\/en\/where-we-work\/west-bank-and-jerusalem\/#primaryimage\"},\"image\":{\"@id\":\"https:\/\/www.kirkonulkomaanapu.fi\/en\/where-we-work\/west-bank-and-jerusalem\/#primaryimage\"},\"thumbnailUrl\":\"https:\/\/www.kirkonulkomaanapu.fi\/wp-content\/uploads\/2020\/02\/FCAmaps_eng_IOPT.png\",\"datePublished\":\"2019-11-04T08:54:08+00:00\",\"dateModified\":\"2023-11-02T12:50:08+00:00\",\"description\":\"Finn Church Aid's work in the West Bank focuses on improving access to education for children and youth and providing psychosocial support.\",\"breadcrumb\":{\"@id\":\"https:\/\/www.kirkonulkomaanapu.fi\/en\/where-we-work\/west-bank-and-jerusalem\/#breadcrumb\"},\"inLanguage\":\"en-US\",\"potentialAction\":[{\"@type\":\"ReadAction\",\"target\":[\"https:\/\/www.kirkonulkomaanapu.fi\/en\/where-we-work\/west-bank-and-jerusalem\/\"]}]},{\"@type\":\"ImageObject\",\"inLanguage\":\"en-US\",\"@id\":\"https:\/\/www.kirkonulkomaanapu.fi\/en\/where-we-work\/west-bank-and-jerusalem\/#primaryimage\",\"url\":\"https:\/\/www.kirkonulkomaanapu.fi\/wp-content\/uploads\/2020\/02\/FCAmaps_eng_IOPT.png\",\"contentUrl\":\"https:\/\/www.kirkonulkomaanapu.fi\/wp-content\/uploads\/2020\/02\/FCAmaps_eng_IOPT.png\",\"width\":2048,\"height\":1152,\"caption\":\"Map of palestinian territories in Israel.\"},{\"@type\":\"BreadcrumbList\",\"@id\":\"https:\/\/www.kirkonulkomaanapu.fi\/en\/where-we-work\/west-bank-and-jerusalem\/#breadcrumb\",\"itemListElement\":[{\"@type\":\"ListItem\",\"position\":1,\"name\":\"Home\",\"item\":\"https:\/\/www.kirkonulkomaanapu.fi\/en\/\"},{\"@type\":\"ListItem\",\"position\":2,\"name\":\"Where we work\",\"item\":\"https:\/\/www.kirkonulkomaanapu.fi\/en\/where-we-work\/\"},{\"@type\":\"ListItem\",\"position\":3,\"name\":\"West Bank and Jerusalem\"}]},{\"@type\":\"WebSite\",\"@id\":\"https:\/\/www.kirkonulkomaanapu.fi\/#website\",\"url\":\"https:\/\/www.kirkonulkomaanapu.fi\/\",\"name\":\"Kirkon Ulkomaanapu\",\"description\":\"Suomen suurin kehitysyhteisty\u00f6j\u00e4rjest\u00f6\",\"publisher\":{\"@id\":\"https:\/\/www.kirkonulkomaanapu.fi\/#organization\"},\"alternateName\":\"KUA\",\"potentialAction\":[{\"@type\":\"SearchAction\",\"target\":{\"@type\":\"EntryPoint\",\"urlTemplate\":\"https:\/\/www.kirkonulkomaanapu.fi\/?s={search_term_string}\"},\"query-input\":{\"@type\":\"PropertyValueSpecification\",\"valueRequired\":true,\"valueName\":\"search_term_string\"}}],\"inLanguage\":\"en-US\"},{\"@type\":\"Organization\",\"@id\":\"https:\/\/www.kirkonulkomaanapu.fi\/#organization\",\"name\":\"Kirkon Ulkomaanapu\",\"alternateName\":\"KUA\",\"url\":\"https:\/\/www.kirkonulkomaanapu.fi\/\",\"logo\":{\"@type\":\"ImageObject\",\"inLanguage\":\"en-US\",\"@id\":\"https:\/\/www.kirkonulkomaanapu.fi\/#\/schema\/logo\/image\/\",\"url\":\"https:\/\/www.kirkonulkomaanapu.fi\/wp-content\/uploads\/2026\/02\/Kirkon-ulkomaanapu-logo-1.png\",\"contentUrl\":\"https:\/\/www.kirkonulkomaanapu.fi\/wp-content\/uploads\/2026\/02\/Kirkon-ulkomaanapu-logo-1.png\",\"width\":225,\"height\":225,\"caption\":\"Kirkon Ulkomaanapu\"},\"image\":{\"@id\":\"https:\/\/www.kirkonulkomaanapu.fi\/#\/schema\/logo\/image\/\"},\"sameAs\":[\"https:\/\/www.facebook.com\/Ulkomaanapu\/\",\"https:\/\/www.youtube.com\/user\/kirkonulkomaanapu\",\"https:\/\/instagram.com\/kirkon_ulkomaanapu\/\",\"https:\/\/www.linkedin.com\/company\/finn-church-aid\/\"]}]}<\/script>\n<!-- \/ Yoast SEO plugin. -->","yoast_head_json":{"title":"West Bank and Jerusalem - FCA Finn Church Aid - Action for Human Dignity","description":"Finn Church Aid's work in the West Bank focuses on improving access to education for children and youth and providing psychosocial support.","robots":{"index":"index","follow":"follow","max-snippet":"max-snippet:-1","max-image-preview":"max-image-preview:large","max-video-preview":"max-video-preview:-1"},"canonical":"https:\/\/www.kirkonulkomaanapu.fi\/en\/where-we-work\/west-bank-and-jerusalem\/","og_locale":"en_US","og_type":"article","og_title":"West Bank and Jerusalem - FCA Finn Church Aid - Action for Human Dignity","og_description":"Finn Church Aid's work in the West Bank focuses on improving access to education for children and youth and providing psychosocial support.","og_url":"https:\/\/www.kirkonulkomaanapu.fi\/en\/where-we-work\/west-bank-and-jerusalem\/","og_site_name":"FCA Finn Church Aid","article_publisher":"https:\/\/www.facebook.com\/Ulkomaanapu\/","article_modified_time":"2023-11-02T12:50:08+00:00","og_image":[{"width":2048,"height":1152,"url":"https:\/\/www.kirkonulkomaanapu.fi\/wp-content\/uploads\/2020\/02\/FCAmaps_eng_IOPT.png","type":"image\/png"}],"twitter_misc":{"Est. reading time":"1 minute"},"schema":{"@context":"https:\/\/schema.org","@graph":[{"@type":"WebPage","@id":"https:\/\/www.kirkonulkomaanapu.fi\/en\/where-we-work\/west-bank-and-jerusalem\/","url":"https:\/\/www.kirkonulkomaanapu.fi\/en\/where-we-work\/west-bank-and-jerusalem\/","name":"West Bank and Jerusalem - FCA Finn Church Aid - Action for Human Dignity","isPartOf":{"@id":"https:\/\/www.kirkonulkomaanapu.fi\/#website"},"primaryImageOfPage":{"@id":"https:\/\/www.kirkonulkomaanapu.fi\/en\/where-we-work\/west-bank-and-jerusalem\/#primaryimage"},"image":{"@id":"https:\/\/www.kirkonulkomaanapu.fi\/en\/where-we-work\/west-bank-and-jerusalem\/#primaryimage"},"thumbnailUrl":"https:\/\/www.kirkonulkomaanapu.fi\/wp-content\/uploads\/2020\/02\/FCAmaps_eng_IOPT.png","datePublished":"2019-11-04T08:54:08+00:00","dateModified":"2023-11-02T12:50:08+00:00","description":"Finn Church Aid's work in the West Bank focuses on improving access to education for children and youth and providing psychosocial support.","breadcrumb":{"@id":"https:\/\/www.kirkonulkomaanapu.fi\/en\/where-we-work\/west-bank-and-jerusalem\/#breadcrumb"},"inLanguage":"en-US","potentialAction":[{"@type":"ReadAction","target":["https:\/\/www.kirkonulkomaanapu.fi\/en\/where-we-work\/west-bank-and-jerusalem\/"]}]},{"@type":"ImageObject","inLanguage":"en-US","@id":"https:\/\/www.kirkonulkomaanapu.fi\/en\/where-we-work\/west-bank-and-jerusalem\/#primaryimage","url":"https:\/\/www.kirkonulkomaanapu.fi\/wp-content\/uploads\/2020\/02\/FCAmaps_eng_IOPT.png","contentUrl":"https:\/\/www.kirkonulkomaanapu.fi\/wp-content\/uploads\/2020\/02\/FCAmaps_eng_IOPT.png","width":2048,"height":1152,"caption":"Map of palestinian territories in Israel."},{"@type":"BreadcrumbList","@id":"https:\/\/www.kirkonulkomaanapu.fi\/en\/where-we-work\/west-bank-and-jerusalem\/#breadcrumb","itemListElement":[{"@type":"ListItem","position":1,"name":"Home","item":"https:\/\/www.kirkonulkomaanapu.fi\/en\/"},{"@type":"ListItem","position":2,"name":"Where we work","item":"https:\/\/www.kirkonulkomaanapu.fi\/en\/where-we-work\/"},{"@type":"ListItem","position":3,"name":"West Bank and Jerusalem"}]},{"@type":"WebSite","@id":"https:\/\/www.kirkonulkomaanapu.fi\/#website","url":"https:\/\/www.kirkonulkomaanapu.fi\/","name":"Kirkon Ulkomaanapu","description":"Suomen suurin kehitysyhteisty\u00f6j\u00e4rjest\u00f6","publisher":{"@id":"https:\/\/www.kirkonulkomaanapu.fi\/#organization"},"alternateName":"KUA","potentialAction":[{"@type":"SearchAction","target":{"@type":"EntryPoint","urlTemplate":"https:\/\/www.kirkonulkomaanapu.fi\/?s={search_term_string}"},"query-input":{"@type":"PropertyValueSpecification","valueRequired":true,"valueName":"search_term_string"}}],"inLanguage":"en-US"},{"@type":"Organization","@id":"https:\/\/www.kirkonulkomaanapu.fi\/#organization","name":"Kirkon Ulkomaanapu","alternateName":"KUA","url":"https:\/\/www.kirkonulkomaanapu.fi\/","logo":{"@type":"ImageObject","inLanguage":"en-US","@id":"https:\/\/www.kirkonulkomaanapu.fi\/#\/schema\/logo\/image\/","url":"https:\/\/www.kirkonulkomaanapu.fi\/wp-content\/uploads\/2026\/02\/Kirkon-ulkomaanapu-logo-1.png","contentUrl":"https:\/\/www.kirkonulkomaanapu.fi\/wp-content\/uploads\/2026\/02\/Kirkon-ulkomaanapu-logo-1.png","width":225,"height":225,"caption":"Kirkon Ulkomaanapu"},"image":{"@id":"https:\/\/www.kirkonulkomaanapu.fi\/#\/schema\/logo\/image\/"},"sameAs":["https:\/\/www.facebook.com\/Ulkomaanapu\/","https:\/\/www.youtube.com\/user\/kirkonulkomaanapu","https:\/\/instagram.com\/kirkon_ulkomaanapu\/","https:\/\/www.linkedin.com\/company\/finn-church-aid\/"]}]}},"_links":{"self":[{"href":"https:\/\/www.kirkonulkomaanapu.fi\/en\/wp-json\/wp\/v2\/pages\/107339","targetHints":{"allow":["GET"]}}],"collection":[{"href":"https:\/\/www.kirkonulkomaanapu.fi\/en\/wp-json\/wp\/v2\/pages"}],"about":[{"href":"https:\/\/www.kirkonulkomaanapu.fi\/en\/wp-json\/wp\/v2\/types\/page"}],"author":[{"embeddable":true,"href":"https:\/\/www.kirkonulkomaanapu.fi\/en\/wp-json\/wp\/v2\/users\/137"}],"replies":[{"embeddable":true,"href":"https:\/\/www.kirkonulkomaanapu.fi\/en\/wp-json\/wp\/v2\/comments?post=107339"}],"version-history":[{"count":3,"href":"https:\/\/www.kirkonulkomaanapu.fi\/en\/wp-json\/wp\/v2\/pages\/107339\/revisions"}],"predecessor-version":[{"id":143753,"href":"https:\/\/www.kirkonulkomaanapu.fi\/en\/wp-json\/wp\/v2\/pages\/107339\/revisions\/143753"}],"up":[{"embeddable":true,"href":"https:\/\/www.kirkonulkomaanapu.fi\/en\/wp-json\/wp\/v2\/pages\/97996"}],"wp:featuredmedia":[{"embeddable":true,"href":"https:\/\/www.kirkonulkomaanapu.fi\/en\/wp-json\/wp\/v2\/media\/107393"}],"wp:attachment":[{"href":"https:\/\/www.kirkonulkomaanapu.fi\/en\/wp-json\/wp\/v2\/media?parent=107339"}],"curies":[{"name":"wp","href":"https:\/\/api.w.org\/{rel}","templated":true}]}}