{"id":107307,"date":"2019-10-29T13:28:31","date_gmt":"2019-10-29T11:28:31","guid":{"rendered":"https:\/\/www.kirkonulkomaanapu.fi\/where-we-work\/keski-afrikan-tasavalta\/"},"modified":"2026-03-23T09:12:36","modified_gmt":"2026-03-23T07:12:36","slug":"central-african-republic","status":"publish","type":"page","link":"https:\/\/www.kirkonulkomaanapu.fi\/en\/where-we-work\/central-african-republic\/","title":{"rendered":"Central African Republic"},"content":{"rendered":"\n<h1 class=\"wp-block-heading\">Central African Republic<\/h1>\n\n\n\n<figure class=\"wp-block-image size-large\"><img loading=\"lazy\" decoding=\"async\" width=\"1024\" height=\"576\" src=\"https:\/\/www.kirkonulkomaanapu.fi\/wp-content\/uploads\/2020\/02\/FCAmaps_eng_CAR-1024x576.png\" alt=\"Map of Central African Republic and neighboring countries.\" class=\"wp-image-107399\" srcset=\"https:\/\/www.kirkonulkomaanapu.fi\/wp-content\/uploads\/2020\/02\/FCAmaps_eng_CAR-1024x576.png 1024w, https:\/\/www.kirkonulkomaanapu.fi\/wp-content\/uploads\/2020\/02\/FCAmaps_eng_CAR-480x270.png 480w, https:\/\/www.kirkonulkomaanapu.fi\/wp-content\/uploads\/2020\/02\/FCAmaps_eng_CAR-768x432.png 768w, https:\/\/www.kirkonulkomaanapu.fi\/wp-content\/uploads\/2020\/02\/FCAmaps_eng_CAR-1536x864.png 1536w, https:\/\/www.kirkonulkomaanapu.fi\/wp-content\/uploads\/2020\/02\/FCAmaps_eng_CAR-316x178.png 316w, https:\/\/www.kirkonulkomaanapu.fi\/wp-content\/uploads\/2020\/02\/FCAmaps_eng_CAR.png 2048w\" sizes=\"auto, (max-width: 1024px) 100vw, 1024px\" \/><\/figure>\n\n\n\n<p class=\"is-style-ingress\">Central African Republic (CAR) is one of the poorest nations in the world. According to the 2019 Fragile State Index -listing,&nbsp;the country is the 6th most fragile state in the world. More than half of the population are in need of humanitarian assistance.<\/p>\n\n\n\n\n<div class=\"block-content-with-infobox full-width id-block\">\n\t<div class=\"container-lg\">\n\t\t<div class=\"row justify-content-center\">\n\t\t\t<div class=\"col\">\n\t\t\t\t<div class=\"flex-inner inner-blocks entry-content\">\n\t\t\t\t\t\n\n<div class=\"block-inner-blocks inner-blocks entry-content lorem\">\n\t\n\n<p>Finn Church Aid\u00b4s (FCA) operations in CAR are particularly focused on promoting peace and developing the country\u2019s education system together with the local Ministry of Education.<\/p>\n\n\n\n<p>FCA is the only Finnish NGO operating in the Central African Republic.<\/p>\n\n\n\n<p>In 2020, we set up a new regional office in Bangassou due to the increasing need for  humanitarian assistance in the south-east of the country.<\/p>\n\n\n<\/div>\n\n\n<div class=\"block-inner-blocks inner-blocks entry-content\">\n\t\n\n<h2 class=\"wp-block-heading\"><\/h2>\n\n\n\n<p><strong>Population:<\/strong>\u00a05,5 million<br><strong>Capital:<\/strong>\u00a0Bangui<br><strong>Currency:<\/strong>\u00a0Central African CFA franc<br><strong>Languages:<\/strong>\u00a0French (official), Sango (official, national language), dozens of indigenous languages<br><strong>FCA in Central African Republic:<\/strong>\u00a0since 2013<\/p>\n\n\n<\/div>\n\n\t\t\t\t<\/div>\n\t\t\t<\/div>\n\t\t<\/div>\n\t<\/div>\t\n<\/div>\n\n\n\n\n<div class=\"block-themes full-width id-block\">\n\t<div class=\"container-lg\">\n\t\t\t\t\t<div class=\"row\">\n\t\t\t\t<div class=\"col\">\n\t\t\t\t\t<div class=\"entry-content\">\n\t\t\t\t\t\t<h2 class=\"block-title is-style-brush\"><span class=\"bg\">Our results <\/span><\/h2>\n\t\t\t\t\t<\/div>\n\t\t\t\t<\/div>\n\t\t\t<\/div>\n\t\t\t\t<div class=\"row justify-content-center themes\">\n\t\t\t\t\t\t\t\t\t<div class=\"col col-12 col-lg-4\">\n\t\t\t\t<div class=\"theme\">\n\t\t\t\t\t<div>\n\t\t\t\t\t\t\t\t\t\t\t<img decoding=\"async\" class=\"theme-img\" src=\"https:\/\/www.kirkonulkomaanapu.fi\/wp-content\/uploads\/2019\/10\/KUA-symbolit_rgb_peace.png\" alt=\"Graafinen kuva rauhan kyyhkyst\u00e4\" loading=\"lazy\" width=\"942\" height=\"942\">\n\t\t\t\t\t\n\t\t\t\t\t\t\t\t\t\t\t<h3 class=\"theme-title\">30<\/h3>\n\t\t\t\t\t\n\t\t\t\t\t\t\t\t\t\t\t<div class=\"description\"><p>women were trained in peacebuilding in Bozoum.<\/p>\n<\/div>\n\t\t\t\t\t\t\t\t\t\t<\/div>\n\n\t\t\t\t\t\t\t\t<\/div>\n\t\t\t<\/div>\n\t\t\t\t\t\t\t\t\t<div class=\"col col-12 col-lg-4\">\n\t\t\t\t<div class=\"theme\">\n\t\t\t\t\t<div>\n\t\t\t\t\t\t\t\t\t\t\t<img decoding=\"async\" class=\"theme-img\" src=\"https:\/\/www.kirkonulkomaanapu.fi\/wp-content\/uploads\/2019\/10\/KUA-symbolit_rgb_teacher.png\" alt=\"Kuvituskuva matematiikan opettajasta.\" loading=\"lazy\" width=\"942\" height=\"942\">\n\t\t\t\t\t\n\t\t\t\t\t\t\t\t\t\t\t<h3 class=\"theme-title\">206<\/h3>\n\t\t\t\t\t\n\t\t\t\t\t\t\t\t\t\t\t<div class=\"description\"><p>young people with disabilities could attend school with our support.<\/p>\n<\/div>\n\t\t\t\t\t\t\t\t\t\t<\/div>\n\n\t\t\t\t\t\t\t\t<\/div>\n\t\t\t<\/div>\n\t\t\t\t\t\t\t\t\t<div class=\"col col-12 col-lg-4\">\n\t\t\t\t<div class=\"theme\">\n\t\t\t\t\t<div>\n\t\t\t\t\t\t\t\t\t\t\t<img decoding=\"async\" class=\"theme-img\" src=\"https:\/\/www.kirkonulkomaanapu.fi\/wp-content\/uploads\/2019\/10\/KUA-symbolit_rgb_livelihood.png\" alt=\"Kuvituskuva k\u00e4mmenest\u00e4, jolta kasvaa taimi.\" loading=\"lazy\" width=\"942\" height=\"942\">\n\t\t\t\t\t\n\t\t\t\t\t\t\t\t\t\t\t<h3 class=\"theme-title\">More than 1,000<\/h3>\n\t\t\t\t\t\n\t\t\t\t\t\t\t\t\t\t\t<div class=\"description\"><p>vulnerable people helped to provide for themselves.<\/p>\n<\/div>\n\t\t\t\t\t\t\t\t\t\t<\/div>\n\n\t\t\t\t\t\t\t\t<\/div>\n\t\t\t<\/div>\n\t\t\t\t\t<\/div>\n\t<\/div>\t\n<\/div>\n\n\n<h2 class=\"wp-block-heading\">Developing education sector in Central African Republic<\/h2>\n\n\n\n<p>The military conflict in 2013 forced people to flee their homes and inflicted significant damage on the country\u2019s education system. Soldiers took over schools and laid waste to their equipment. More than a million central africans have fled their homes, and over 500,000 of them are still displaced in the neighbouring countries Chad, Cameroon and The Democratic Republic of the Congo.<\/p>\n\n\n\n<p>There is an urgent need for teachers, as the great majority of them fled persecution to neighbouring countries during the civil war. FCA has provided teacher training to parents in local communities to ensure that children have access to the education they deserve.<\/p>\n\n\n\n<p>More than half of the population in Central African Republic are illiterate. Therefore, FCA supports literacy training also for adults. In Bozoum, a city located in the north-western part of the country, FCA and the Ministry of Education in CAR have collaborated in training literacy teachers for adult women groups.<\/p>\n\n\n\n<p>FCA supports parents\u2019 associations to encourage commitment to their children\u2019s education. Awareness raising campaigns are carried out on the importance of education with special emphasis on sending girls to school.<\/p>\n\n\n\n<h2 class=\"wp-block-heading\">Promoting peace in Central African Republic by training communities in reconciliation skills<\/h2>\n\n\n\n<p>FCA\u2019s peace work in the Central African Republic contains fostering dialogue between various religious groups and arranging peace mediation training in five different prefectures. Religious leaders and imams have also received training that has reinforced their skills and roles as peace mediators.<\/p>\n\n\n\n<p>Towards the end of 2020, elections were held in the Central African Republic. In the run-up to the elections, we engaged in peace work to ensure that everyone had equal rights and opportunities to vote, and campaigned against hate speech and misinformation, especially among young people. We trained 70 young people in conflict prevention, stopping rumours and peace education, and hosted six youth peace groups.<\/p>\n\n\n\n<p>The prolonged conflict has made livelihoods uncertain. FCA arranges small entrepreneurship trainings and supports parents\u2019 associations in making a living so that they could buy their children school supplies.<\/p>\n\n\n\n\n<div class=\"block-latest-articles-from-category full-width id-block\">\n\t<div class=\"container-lg\">\n\t\t\n\t\t<div class=\"row articles\">\n\t\t\t\t\t\t\t\t\t\t<div class=\"col col-12 col-md-4\">\n\t\t\t\t\t\n<div class=\"article-card article-card__default\">\n\t<a href=\"https:\/\/www.kirkonulkomaanapu.fi\/en\/latest-news\/articles\/how-can-we-build-peace-in-an-unstable-world\/\">\n\t\t<div class=\"article-thumbnail\">\n\t\t\t\t\t\t<img decoding=\"async\" src=\"https:\/\/www.kirkonulkomaanapu.fi\/wp-content\/uploads\/2025\/05\/peacework-480x339.jpg\" alt=\"How can we build peace in an unstable world?\" loading=\"lazy\" width=\"480\" height=\"339\">\n\t\t\t\t\t<\/div>\n\t<\/a>\n\n\t<div class=\"article-meta\">\n\t\t<span>Article<\/span><span>23.5.2025<\/span>\t<\/div>\n\n\t<a href=\"https:\/\/www.kirkonulkomaanapu.fi\/en\/latest-news\/articles\/how-can-we-build-peace-in-an-unstable-world\/\"><h3 class=\"article-title\">How can we build peace in an unstable world?<\/h3><\/a>\n<\/div>\t\t\t\t<\/div>\n\t\t\t\t\t\t\t<div class=\"col col-12 col-md-4\">\n\t\t\t\t\t\n<div class=\"article-card article-card__default\">\n\t<a href=\"https:\/\/www.kirkonulkomaanapu.fi\/en\/latest-news\/articles\/soureya-moussa-got-a-fresh-chance-to-pursue-her-dreams\/\">\n\t\t<div class=\"article-thumbnail\">\n\t\t\t\t\t\t<img decoding=\"async\" src=\"https:\/\/www.kirkonulkomaanapu.fi\/wp-content\/uploads\/2025\/01\/YV_reppu_HERO-480x220.jpg\" alt=\"Soureya Moussa got a fresh chance to pursue her dreams\" loading=\"lazy\" width=\"480\" height=\"220\">\n\t\t\t\t\t<\/div>\n\t<\/a>\n\n\t<div class=\"article-meta\">\n\t\t<span>Article<\/span><span>18.2.2025<\/span>\t<\/div>\n\n\t<a href=\"https:\/\/www.kirkonulkomaanapu.fi\/en\/latest-news\/articles\/soureya-moussa-got-a-fresh-chance-to-pursue-her-dreams\/\"><h3 class=\"article-title\">Soureya Moussa got a fresh chance to pursue her dreams<\/h3><\/a>\n<\/div>\t\t\t\t<\/div>\n\t\t\t\t\t\t\t<div class=\"col col-12 col-md-4\">\n\t\t\t\t\t\n<div class=\"article-card article-card__default\">\n\t<a href=\"https:\/\/www.kirkonulkomaanapu.fi\/en\/latest-news\/news\/new-15m-eur-education-project-in-central-african-republic-will-give-5000-children-access-to-inclusive-quality-education\/\">\n\t\t<div class=\"article-thumbnail\">\n\t\t\t\t\t\t<img decoding=\"async\" src=\"https:\/\/www.kirkonulkomaanapu.fi\/wp-content\/uploads\/2024\/08\/CARCO-43_hero-480x220.jpg\" alt=\"New 15m EUR education project gives 5000 children in CAR access to quality education\" loading=\"lazy\" width=\"480\" height=\"220\">\n\t\t\t\t\t<\/div>\n\t<\/a>\n\n\t<div class=\"article-meta\">\n\t\t<span>News<\/span><span>12.8.2024<\/span>\t<\/div>\n\n\t<a href=\"https:\/\/www.kirkonulkomaanapu.fi\/en\/latest-news\/news\/new-15m-eur-education-project-in-central-african-republic-will-give-5000-children-access-to-inclusive-quality-education\/\"><h3 class=\"article-title\">New 15m EUR education project gives 5000 children in CAR access to quality education<\/h3><\/a>\n<\/div>\t\t\t\t<\/div>\n\t\t\t\t\t\t\t\t<\/div>\n\n\t<\/div>\t\n<\/div>\n","protected":false},"excerpt":{"rendered":"<p>Central African Republic Central African Republic (CAR) is one of the poorest nations in the world. According to the 2019 Fragile State Index -listing,&nbsp;the country is the 6th most fragile state in the world. More than half of the population are in need of humanitarian assistance. Developing education sector in Central African Republic The military [&hellip;]<\/p>\n","protected":false},"author":137,"featured_media":107399,"parent":97996,"menu_order":0,"comment_status":"closed","ping_status":"closed","template":"page-templates\/missa-toimimme-child.php","meta":{"_acf_changed":false,"_relevanssi_hide_post":"","_relevanssi_hide_content":"","_relevanssi_pin_for_all":"on","_relevanssi_pin_keywords":"","_relevanssi_unpin_keywords":"","_relevanssi_related_keywords":"","_relevanssi_related_include_ids":"","_relevanssi_related_exclude_ids":"","_relevanssi_related_no_append":"","_relevanssi_related_not_related":"","_relevanssi_related_posts":"109706,67050,91409,92897,107348,86052","_relevanssi_noindex_reason":"","_improvement_type_select":"improve_an_existing","_thumb_yes_seoaic":false,"_frame_yes_seoaic":false,"seoaic_generate_description":"","seoaic_improve_instructions_prompt":"","seoaic_rollback_content_improvement":"","seoaic_idea_thumbnail_generator":"","thumbnail_generated":false,"thumbnail_generate_prompt":"","seoaic_article_description":"","footnotes":""},"class_list":["post-107307","page","type-page","status-publish","has-post-thumbnail","hentry"],"acf":[],"yoast_head":"<!-- This site is optimized with the Yoast SEO plugin v26.9 - https:\/\/yoast.com\/product\/yoast-seo-wordpress\/ -->\n<title>Central African Republic - FCA Finn Church Aid - Action for Human Dignity<\/title>\n<meta name=\"description\" content=\"Finn Church Aid&#039;s operations in CAR are particularly focused on promoting peace and\u00a0 developing the country\u2019s education system.\" \/>\n<meta name=\"robots\" content=\"index, follow, max-snippet:-1, max-image-preview:large, max-video-preview:-1\" \/>\n<link rel=\"canonical\" href=\"https:\/\/www.kirkonulkomaanapu.fi\/en\/where-we-work\/central-african-republic\/\" \/>\n<meta property=\"og:locale\" content=\"en_US\" \/>\n<meta property=\"og:type\" content=\"article\" \/>\n<meta property=\"og:title\" content=\"Central African Republic - FCA Finn Church Aid - Action for Human Dignity\" \/>\n<meta property=\"og:description\" content=\"Finn Church Aid&#039;s operations in CAR are particularly focused on promoting peace and\u00a0 developing the country\u2019s education system.\" \/>\n<meta property=\"og:url\" content=\"https:\/\/www.kirkonulkomaanapu.fi\/en\/where-we-work\/central-african-republic\/\" \/>\n<meta property=\"og:site_name\" content=\"FCA Finn Church Aid\" \/>\n<meta property=\"article:publisher\" content=\"https:\/\/www.facebook.com\/Ulkomaanapu\/\" \/>\n<meta property=\"article:modified_time\" content=\"2026-03-23T07:12:36+00:00\" \/>\n<meta property=\"og:image\" content=\"https:\/\/www.kirkonulkomaanapu.fi\/wp-content\/uploads\/2020\/02\/FCAmaps_eng_CAR.png\" \/>\n\t<meta property=\"og:image:width\" content=\"2048\" \/>\n\t<meta property=\"og:image:height\" content=\"1152\" \/>\n\t<meta property=\"og:image:type\" content=\"image\/png\" \/>\n<meta name=\"twitter:label1\" content=\"Est. reading time\" \/>\n\t<meta name=\"twitter:data1\" content=\"4 minutes\" \/>\n<script type=\"application\/ld+json\" class=\"yoast-schema-graph\">{\"@context\":\"https:\/\/schema.org\",\"@graph\":[{\"@type\":\"WebPage\",\"@id\":\"https:\/\/www.kirkonulkomaanapu.fi\/en\/where-we-work\/central-african-republic\/\",\"url\":\"https:\/\/www.kirkonulkomaanapu.fi\/en\/where-we-work\/central-african-republic\/\",\"name\":\"Central African Republic - FCA Finn Church Aid - Action for Human Dignity\",\"isPartOf\":{\"@id\":\"https:\/\/www.kirkonulkomaanapu.fi\/#website\"},\"primaryImageOfPage\":{\"@id\":\"https:\/\/www.kirkonulkomaanapu.fi\/en\/where-we-work\/central-african-republic\/#primaryimage\"},\"image\":{\"@id\":\"https:\/\/www.kirkonulkomaanapu.fi\/en\/where-we-work\/central-african-republic\/#primaryimage\"},\"thumbnailUrl\":\"https:\/\/www.kirkonulkomaanapu.fi\/wp-content\/uploads\/2020\/02\/FCAmaps_eng_CAR.png\",\"datePublished\":\"2019-10-29T11:28:31+00:00\",\"dateModified\":\"2026-03-23T07:12:36+00:00\",\"description\":\"Finn Church Aid's operations in CAR are particularly focused on promoting peace and\u00a0 developing the country\u2019s education system.\",\"breadcrumb\":{\"@id\":\"https:\/\/www.kirkonulkomaanapu.fi\/en\/where-we-work\/central-african-republic\/#breadcrumb\"},\"inLanguage\":\"en-US\",\"potentialAction\":[{\"@type\":\"ReadAction\",\"target\":[\"https:\/\/www.kirkonulkomaanapu.fi\/en\/where-we-work\/central-african-republic\/\"]}]},{\"@type\":\"ImageObject\",\"inLanguage\":\"en-US\",\"@id\":\"https:\/\/www.kirkonulkomaanapu.fi\/en\/where-we-work\/central-african-republic\/#primaryimage\",\"url\":\"https:\/\/www.kirkonulkomaanapu.fi\/wp-content\/uploads\/2020\/02\/FCAmaps_eng_CAR.png\",\"contentUrl\":\"https:\/\/www.kirkonulkomaanapu.fi\/wp-content\/uploads\/2020\/02\/FCAmaps_eng_CAR.png\",\"width\":2048,\"height\":1152,\"caption\":\"Map of Central African Republic and neighboring countries.\"},{\"@type\":\"BreadcrumbList\",\"@id\":\"https:\/\/www.kirkonulkomaanapu.fi\/en\/where-we-work\/central-african-republic\/#breadcrumb\",\"itemListElement\":[{\"@type\":\"ListItem\",\"position\":1,\"name\":\"Home\",\"item\":\"https:\/\/www.kirkonulkomaanapu.fi\/en\/\"},{\"@type\":\"ListItem\",\"position\":2,\"name\":\"Where we work\",\"item\":\"https:\/\/www.kirkonulkomaanapu.fi\/en\/where-we-work\/\"},{\"@type\":\"ListItem\",\"position\":3,\"name\":\"Central African Republic\"}]},{\"@type\":\"WebSite\",\"@id\":\"https:\/\/www.kirkonulkomaanapu.fi\/#website\",\"url\":\"https:\/\/www.kirkonulkomaanapu.fi\/\",\"name\":\"Kirkon Ulkomaanapu\",\"description\":\"Suomen suurin kehitysyhteisty\u00f6j\u00e4rjest\u00f6\",\"publisher\":{\"@id\":\"https:\/\/www.kirkonulkomaanapu.fi\/#organization\"},\"alternateName\":\"KUA\",\"potentialAction\":[{\"@type\":\"SearchAction\",\"target\":{\"@type\":\"EntryPoint\",\"urlTemplate\":\"https:\/\/www.kirkonulkomaanapu.fi\/?s={search_term_string}\"},\"query-input\":{\"@type\":\"PropertyValueSpecification\",\"valueRequired\":true,\"valueName\":\"search_term_string\"}}],\"inLanguage\":\"en-US\"},{\"@type\":\"Organization\",\"@id\":\"https:\/\/www.kirkonulkomaanapu.fi\/#organization\",\"name\":\"Kirkon Ulkomaanapu\",\"alternateName\":\"KUA\",\"url\":\"https:\/\/www.kirkonulkomaanapu.fi\/\",\"logo\":{\"@type\":\"ImageObject\",\"inLanguage\":\"en-US\",\"@id\":\"https:\/\/www.kirkonulkomaanapu.fi\/#\/schema\/logo\/image\/\",\"url\":\"https:\/\/www.kirkonulkomaanapu.fi\/wp-content\/uploads\/2026\/02\/Kirkon-ulkomaanapu-logo-1.png\",\"contentUrl\":\"https:\/\/www.kirkonulkomaanapu.fi\/wp-content\/uploads\/2026\/02\/Kirkon-ulkomaanapu-logo-1.png\",\"width\":225,\"height\":225,\"caption\":\"Kirkon Ulkomaanapu\"},\"image\":{\"@id\":\"https:\/\/www.kirkonulkomaanapu.fi\/#\/schema\/logo\/image\/\"},\"sameAs\":[\"https:\/\/www.facebook.com\/Ulkomaanapu\/\",\"https:\/\/www.youtube.com\/user\/kirkonulkomaanapu\",\"https:\/\/instagram.com\/kirkon_ulkomaanapu\/\",\"https:\/\/www.linkedin.com\/company\/finn-church-aid\/\"]}]}<\/script>\n<!-- \/ Yoast SEO plugin. -->","yoast_head_json":{"title":"Central African Republic - FCA Finn Church Aid - Action for Human Dignity","description":"Finn Church Aid's operations in CAR are particularly focused on promoting peace and\u00a0 developing the country\u2019s education system.","robots":{"index":"index","follow":"follow","max-snippet":"max-snippet:-1","max-image-preview":"max-image-preview:large","max-video-preview":"max-video-preview:-1"},"canonical":"https:\/\/www.kirkonulkomaanapu.fi\/en\/where-we-work\/central-african-republic\/","og_locale":"en_US","og_type":"article","og_title":"Central African Republic - FCA Finn Church Aid - Action for Human Dignity","og_description":"Finn Church Aid's operations in CAR are particularly focused on promoting peace and\u00a0 developing the country\u2019s education system.","og_url":"https:\/\/www.kirkonulkomaanapu.fi\/en\/where-we-work\/central-african-republic\/","og_site_name":"FCA Finn Church Aid","article_publisher":"https:\/\/www.facebook.com\/Ulkomaanapu\/","article_modified_time":"2026-03-23T07:12:36+00:00","og_image":[{"width":2048,"height":1152,"url":"https:\/\/www.kirkonulkomaanapu.fi\/wp-content\/uploads\/2020\/02\/FCAmaps_eng_CAR.png","type":"image\/png"}],"twitter_misc":{"Est. reading time":"4 minutes"},"schema":{"@context":"https:\/\/schema.org","@graph":[{"@type":"WebPage","@id":"https:\/\/www.kirkonulkomaanapu.fi\/en\/where-we-work\/central-african-republic\/","url":"https:\/\/www.kirkonulkomaanapu.fi\/en\/where-we-work\/central-african-republic\/","name":"Central African Republic - FCA Finn Church Aid - Action for Human Dignity","isPartOf":{"@id":"https:\/\/www.kirkonulkomaanapu.fi\/#website"},"primaryImageOfPage":{"@id":"https:\/\/www.kirkonulkomaanapu.fi\/en\/where-we-work\/central-african-republic\/#primaryimage"},"image":{"@id":"https:\/\/www.kirkonulkomaanapu.fi\/en\/where-we-work\/central-african-republic\/#primaryimage"},"thumbnailUrl":"https:\/\/www.kirkonulkomaanapu.fi\/wp-content\/uploads\/2020\/02\/FCAmaps_eng_CAR.png","datePublished":"2019-10-29T11:28:31+00:00","dateModified":"2026-03-23T07:12:36+00:00","description":"Finn Church Aid's operations in CAR are particularly focused on promoting peace and\u00a0 developing the country\u2019s education system.","breadcrumb":{"@id":"https:\/\/www.kirkonulkomaanapu.fi\/en\/where-we-work\/central-african-republic\/#breadcrumb"},"inLanguage":"en-US","potentialAction":[{"@type":"ReadAction","target":["https:\/\/www.kirkonulkomaanapu.fi\/en\/where-we-work\/central-african-republic\/"]}]},{"@type":"ImageObject","inLanguage":"en-US","@id":"https:\/\/www.kirkonulkomaanapu.fi\/en\/where-we-work\/central-african-republic\/#primaryimage","url":"https:\/\/www.kirkonulkomaanapu.fi\/wp-content\/uploads\/2020\/02\/FCAmaps_eng_CAR.png","contentUrl":"https:\/\/www.kirkonulkomaanapu.fi\/wp-content\/uploads\/2020\/02\/FCAmaps_eng_CAR.png","width":2048,"height":1152,"caption":"Map of Central African Republic and neighboring countries."},{"@type":"BreadcrumbList","@id":"https:\/\/www.kirkonulkomaanapu.fi\/en\/where-we-work\/central-african-republic\/#breadcrumb","itemListElement":[{"@type":"ListItem","position":1,"name":"Home","item":"https:\/\/www.kirkonulkomaanapu.fi\/en\/"},{"@type":"ListItem","position":2,"name":"Where we work","item":"https:\/\/www.kirkonulkomaanapu.fi\/en\/where-we-work\/"},{"@type":"ListItem","position":3,"name":"Central African Republic"}]},{"@type":"WebSite","@id":"https:\/\/www.kirkonulkomaanapu.fi\/#website","url":"https:\/\/www.kirkonulkomaanapu.fi\/","name":"Kirkon Ulkomaanapu","description":"Suomen suurin kehitysyhteisty\u00f6j\u00e4rjest\u00f6","publisher":{"@id":"https:\/\/www.kirkonulkomaanapu.fi\/#organization"},"alternateName":"KUA","potentialAction":[{"@type":"SearchAction","target":{"@type":"EntryPoint","urlTemplate":"https:\/\/www.kirkonulkomaanapu.fi\/?s={search_term_string}"},"query-input":{"@type":"PropertyValueSpecification","valueRequired":true,"valueName":"search_term_string"}}],"inLanguage":"en-US"},{"@type":"Organization","@id":"https:\/\/www.kirkonulkomaanapu.fi\/#organization","name":"Kirkon Ulkomaanapu","alternateName":"KUA","url":"https:\/\/www.kirkonulkomaanapu.fi\/","logo":{"@type":"ImageObject","inLanguage":"en-US","@id":"https:\/\/www.kirkonulkomaanapu.fi\/#\/schema\/logo\/image\/","url":"https:\/\/www.kirkonulkomaanapu.fi\/wp-content\/uploads\/2026\/02\/Kirkon-ulkomaanapu-logo-1.png","contentUrl":"https:\/\/www.kirkonulkomaanapu.fi\/wp-content\/uploads\/2026\/02\/Kirkon-ulkomaanapu-logo-1.png","width":225,"height":225,"caption":"Kirkon Ulkomaanapu"},"image":{"@id":"https:\/\/www.kirkonulkomaanapu.fi\/#\/schema\/logo\/image\/"},"sameAs":["https:\/\/www.facebook.com\/Ulkomaanapu\/","https:\/\/www.youtube.com\/user\/kirkonulkomaanapu","https:\/\/instagram.com\/kirkon_ulkomaanapu\/","https:\/\/www.linkedin.com\/company\/finn-church-aid\/"]}]}},"_links":{"self":[{"href":"https:\/\/www.kirkonulkomaanapu.fi\/en\/wp-json\/wp\/v2\/pages\/107307","targetHints":{"allow":["GET"]}}],"collection":[{"href":"https:\/\/www.kirkonulkomaanapu.fi\/en\/wp-json\/wp\/v2\/pages"}],"about":[{"href":"https:\/\/www.kirkonulkomaanapu.fi\/en\/wp-json\/wp\/v2\/types\/page"}],"author":[{"embeddable":true,"href":"https:\/\/www.kirkonulkomaanapu.fi\/en\/wp-json\/wp\/v2\/users\/137"}],"replies":[{"embeddable":true,"href":"https:\/\/www.kirkonulkomaanapu.fi\/en\/wp-json\/wp\/v2\/comments?post=107307"}],"version-history":[{"count":3,"href":"https:\/\/www.kirkonulkomaanapu.fi\/en\/wp-json\/wp\/v2\/pages\/107307\/revisions"}],"predecessor-version":[{"id":160536,"href":"https:\/\/www.kirkonulkomaanapu.fi\/en\/wp-json\/wp\/v2\/pages\/107307\/revisions\/160536"}],"up":[{"embeddable":true,"href":"https:\/\/www.kirkonulkomaanapu.fi\/en\/wp-json\/wp\/v2\/pages\/97996"}],"wp:featuredmedia":[{"embeddable":true,"href":"https:\/\/www.kirkonulkomaanapu.fi\/en\/wp-json\/wp\/v2\/media\/107399"}],"wp:attachment":[{"href":"https:\/\/www.kirkonulkomaanapu.fi\/en\/wp-json\/wp\/v2\/media?parent=107307"}],"curies":[{"name":"wp","href":"https:\/\/api.w.org\/{rel}","templated":true}]}}