{"id":107266,"date":"2019-11-04T10:52:02","date_gmt":"2019-11-04T08:52:02","guid":{"rendered":"https:\/\/www.kirkonulkomaanapu.fi\/where-we-work\/jordania\/"},"modified":"2026-03-23T09:13:36","modified_gmt":"2026-03-23T07:13:36","slug":"jordan","status":"publish","type":"page","link":"https:\/\/www.kirkonulkomaanapu.fi\/en\/where-we-work\/jordan\/","title":{"rendered":"Jordan"},"content":{"rendered":"\n<h1 class=\"wp-block-heading\">Jordan<\/h1>\n\n\n\n<figure class=\"wp-block-image size-large\"><img loading=\"lazy\" decoding=\"async\" width=\"1024\" height=\"576\" src=\"https:\/\/www.kirkonulkomaanapu.fi\/wp-content\/uploads\/2020\/02\/FCAmaps_eng_Jordania-1024x576.png\" alt=\"Map of Jordan and neighboring countries.\" class=\"wp-image-107405\" srcset=\"https:\/\/www.kirkonulkomaanapu.fi\/wp-content\/uploads\/2020\/02\/FCAmaps_eng_Jordania-1024x576.png 1024w, https:\/\/www.kirkonulkomaanapu.fi\/wp-content\/uploads\/2020\/02\/FCAmaps_eng_Jordania-480x270.png 480w, https:\/\/www.kirkonulkomaanapu.fi\/wp-content\/uploads\/2020\/02\/FCAmaps_eng_Jordania-768x432.png 768w, https:\/\/www.kirkonulkomaanapu.fi\/wp-content\/uploads\/2020\/02\/FCAmaps_eng_Jordania-1536x864.png 1536w, https:\/\/www.kirkonulkomaanapu.fi\/wp-content\/uploads\/2020\/02\/FCAmaps_eng_Jordania-316x178.png 316w, https:\/\/www.kirkonulkomaanapu.fi\/wp-content\/uploads\/2020\/02\/FCAmaps_eng_Jordania.png 2048w\" sizes=\"auto, (max-width: 1024px) 100vw, 1024px\" \/><\/figure>\n\n\n\n<p class=\"is-style-ingress\">Jordan has received the third highest number of Syrian refugees since the conflict started in 2011. The large numbers of Syrian refugees affect the Jordanian society in many ways, and there are no signs for the situation to improve any time soon.<\/p>\n\n\n\n\n<div class=\"block-content-with-infobox full-width id-block\">\n\t<div class=\"container-lg\">\n\t\t<div class=\"row justify-content-center\">\n\t\t\t<div class=\"col\">\n\t\t\t\t<div class=\"flex-inner inner-blocks entry-content\">\n\t\t\t\t\t\n\n<div class=\"block-inner-blocks inner-blocks entry-content lorem\">\n\t\n\n<p>Finn Church Aid\u2019s (FCA) efforts in Jordan focus in particular on building resilience of refugees and their Jordanian host communities with a view to reducing dependency on humanitarian aid. FCA assists Syrian refugees with non-formal education, vocational skills and psycho-social support.<\/p>\n\n\n<\/div>\n\n\n<div class=\"block-inner-blocks inner-blocks entry-content\">\n\t\n\n<h2 class=\"wp-block-heading\"><\/h2>\n\n\n\n<p><strong>Population:\u00a0<\/strong>11,3 million<br><strong>Capital:\u00a0<\/strong>Amman<br><strong>Currency:\u00a0<\/strong>Jordanian dinar<br><strong>Languages:<\/strong>\u00a0arabic (official), english<br><strong>FCA in Jordan:<\/strong>\u00a0since 2012<\/p>\n\n\n<\/div>\n\n\t\t\t\t<\/div>\n\t\t\t<\/div>\n\t\t<\/div>\n\t<\/div>\t\n<\/div>\n\n\n\n\n<div class=\"block-themes full-width id-block\">\n\t<div class=\"container-lg\">\n\t\t\t\t\t<div class=\"row\">\n\t\t\t\t<div class=\"col\">\n\t\t\t\t\t<div class=\"entry-content\">\n\t\t\t\t\t\t<h2 class=\"block-title is-style-brush\"><span class=\"bg\">Our results <\/span><\/h2>\n\t\t\t\t\t<\/div>\n\t\t\t\t<\/div>\n\t\t\t<\/div>\n\t\t\t\t<div class=\"row justify-content-center themes\">\n\t\t\t\t\t\t\t\t\t<div class=\"col col-12 col-lg-4\">\n\t\t\t\t<div class=\"theme\">\n\t\t\t\t\t<div>\n\t\t\t\t\t\t\t\t\t\t\t<img decoding=\"async\" class=\"theme-img\" src=\"https:\/\/www.kirkonulkomaanapu.fi\/wp-content\/uploads\/2019\/10\/KUA-symbolit_rgb_savinggroup.png\" alt=\"Graafinen kuva s\u00e4\u00e4st\u00f6possusta\" loading=\"lazy\" width=\"942\" height=\"942\">\n\t\t\t\t\t\n\t\t\t\t\t\t\t\t\t\t\t<h3 class=\"theme-title\">69<\/h3>\n\t\t\t\t\t\n\t\t\t\t\t\t\t\t\t\t\t<div class=\"description\"><p>per cent of Syrian refugees who had attended entrepreneurship training were earning income from their business six months after the FCA training.<\/p>\n<\/div>\n\t\t\t\t\t\t\t\t\t\t<\/div>\n\n\t\t\t\t\t\t\t\t<\/div>\n\t\t\t<\/div>\n\t\t\t\t\t\t\t\t\t<div class=\"col col-12 col-lg-4\">\n\t\t\t\t<div class=\"theme\">\n\t\t\t\t\t<div>\n\t\t\t\t\t\t\t\t\t\t\t<img decoding=\"async\" class=\"theme-img\" src=\"https:\/\/www.kirkonulkomaanapu.fi\/wp-content\/uploads\/2019\/10\/KUA-symbolit_rgb_education.png\" alt=\"\" loading=\"lazy\" width=\"942\" height=\"942\">\n\t\t\t\t\t\n\t\t\t\t\t\t\t\t\t\t\t<h3 class=\"theme-title\">3,856<\/h3>\n\t\t\t\t\t\n\t\t\t\t\t\t\t\t\t\t\t<div class=\"description\"><p>young Syrian refugees benefited from our educational work by, for example, attending mathematics and English lessons and taking part in recreational activities.<\/p>\n<\/div>\n\t\t\t\t\t\t\t\t\t\t<\/div>\n\n\t\t\t\t\t\t\t\t<\/div>\n\t\t\t<\/div>\n\t\t\t\t\t\t\t\t\t<div class=\"col col-12 col-lg-4\">\n\t\t\t\t<div class=\"theme\">\n\t\t\t\t\t<div>\n\t\t\t\t\t\t\t\t\t\t\t<img decoding=\"async\" class=\"theme-img\" src=\"https:\/\/www.kirkonulkomaanapu.fi\/wp-content\/uploads\/2019\/10\/KUA-symbolit_rgb_savinggroup.png\" alt=\"Graafinen kuva s\u00e4\u00e4st\u00f6possusta\" loading=\"lazy\" width=\"942\" height=\"942\">\n\t\t\t\t\t\n\t\t\t\t\t\t\t\t\t\t\t<h3 class=\"theme-title\">184<\/h3>\n\t\t\t\t\t\n\t\t\t\t\t\t\t\t\t\t\t<div class=\"description\"><p>new businesses were established with our support and we also helped 30 businesses expand their operations.<\/p>\n<\/div>\n\t\t\t\t\t\t\t\t\t\t<\/div>\n\n\t\t\t\t\t\t\t\t<\/div>\n\t\t\t<\/div>\n\t\t\t\t\t<\/div>\n\t<\/div>\t\n<\/div>\n\n\n<h2 class=\"wp-block-heading\">Support to youth employment<\/h2>\n\n\n\n<p>We combat youth unemployment in Jordan by offering education and by helping youth find jobs, engaging in cooperation with businesses, and supporting the establishment of small enterprises. We strengthen local competencies and youth employment by providing training in student counselling and on-the-job learning in vocational schools and the private sector.<\/p>\n\n\n\n<p>The education offered to youth includes subjects like English, ICT skills, mobile phone repair courses and craft workshops. Additionally, youth receives psycho-social support through physical exercise and other recreational activities, such as circus and football.<\/p>\n\n\n\n<figure class=\"wp-block-embed is-type-video is-provider-youtube wp-block-embed-youtube\"><div class=\"wp-block-embed__wrapper\">\n<div class=\"youtube-embed\">        <div class=\"video-wrapper\">              <div class=\"consent-placeholder\"              data-category=\"cookie_cat_marketing\"              onClick=\"CookieConsent.renew()\">                 <div class=\"consent-placeholder-wrapper\">                      <div class=\"text-button-wrapper\">                        <p>Et ole hyv\u00e4ksynyt markkinoinnin ev\u00e4steit\u00e4 n\u00e4hd\u00e4ksesi videon.<\/p>                        <div>                            <button class=\"button red slim\" href=\"javascript:CookieConsent.renew()\">Muuta ev\u00e4steasetuksia<\/button>                        <\/div>                    <\/div>                <\/div>            <\/div>            <\/div>        <div class=\"video-image-oembed\" tabindex=\"0\" style=\"background-image:url('https:\/\/i.ytimg.com\/vi\/Czg9T79U47U\/hqdefault.jpg')\"><i class=\"fas fa-play\"><\/i><\/div><div class=\"video-container oembed oembed-youtube\" data-video=\"&lt;iframe title=&quot;Ibrahim\u2019s garden&quot; width=&quot;500&quot; height=&quot;281&quot; src=&quot;https:\/\/www.youtube.com\/embed\/Czg9T79U47U?feature=oembed&amp;rel=0&amp;rel=0&quot; frameborder=&quot;0&quot; allow=&quot;accelerometer; autoplay; clipboard-write; encrypted-media; gyroscope; picture-in-picture; web-share&quot; referrerpolicy=&quot;strict-origin-when-cross-origin&quot; allowfullscreen&gt;&lt;\/iframe&gt;\"><\/div><\/div>\n<\/div><\/figure>\n\n\n\n\n<div class=\"block-latest-articles-from-category full-width id-block\">\n\t<div class=\"container-lg\">\n\t\t\t\t<div class=\"row\">\n\t\t\t<div class=\"col\">\n\t\t\t\t<h2 class=\"block-title\"><span class=\"bg\">Latest news from Jordan<\/span><\/h2>\n\t\t\t<\/div>\n\t\t<\/div>\n\t\t\n\t\t<div class=\"row articles\">\n\t\t\t\t\t\t\t\t\t\t<div class=\"col col-12 col-md-4\">\n\t\t\t\t\t\n<div class=\"article-card article-card__default\">\n\t<a href=\"https:\/\/www.kirkonulkomaanapu.fi\/en\/latest-news\/articles\/cool-ya-project-supports-financial-and-personal-growth-of-youth-in-jordan\/\">\n\t\t<div class=\"article-thumbnail\">\n\t\t\t\t\t\t<img decoding=\"async\" src=\"https:\/\/www.kirkonulkomaanapu.fi\/wp-content\/uploads\/2024\/10\/IMG_7588_hero-480x220.jpeg\" alt=\"&#8216;COOL-YA&#8217; project supports financial and personal growth of youth in Jordan\" loading=\"lazy\" width=\"480\" height=\"220\">\n\t\t\t\t\t<\/div>\n\t<\/a>\n\n\t<div class=\"article-meta\">\n\t\t<span>Article<\/span><span>18.11.2024<\/span>\t<\/div>\n\n\t<a href=\"https:\/\/www.kirkonulkomaanapu.fi\/en\/latest-news\/articles\/cool-ya-project-supports-financial-and-personal-growth-of-youth-in-jordan\/\"><h3 class=\"article-title\">&#8216;COOL-YA&#8217; project supports financial and personal growth of youth in Jordan<\/h3><\/a>\n<\/div>\t\t\t\t<\/div>\n\t\t\t\t\t\t\t<div class=\"col col-12 col-md-4\">\n\t\t\t\t\t\n<div class=\"article-card article-card__default\">\n\t<a href=\"https:\/\/www.kirkonulkomaanapu.fi\/en\/latest-news\/articles\/a-tech-innovation-by-a-young-jordanian-helps-farmers-increase-crop-yields\/\">\n\t\t<div class=\"article-thumbnail\">\n\t\t\t\t\t\t<img decoding=\"async\" src=\"https:\/\/www.kirkonulkomaanapu.fi\/wp-content\/uploads\/2022\/11\/jordania-viljelykeksinto-sager-marayha-480x320.jpg\" alt=\"A tech innovation by a young Jordanian helps farmers increase crop yields\u00a0\" loading=\"lazy\" width=\"480\" height=\"320\">\n\t\t\t\t\t<\/div>\n\t<\/a>\n\n\t<div class=\"article-meta\">\n\t\t<span>Article<\/span><span>30.11.2022<\/span>\t<\/div>\n\n\t<a href=\"https:\/\/www.kirkonulkomaanapu.fi\/en\/latest-news\/articles\/a-tech-innovation-by-a-young-jordanian-helps-farmers-increase-crop-yields\/\"><h3 class=\"article-title\">A tech innovation by a young Jordanian helps farmers increase crop yields\u00a0<\/h3><\/a>\n<\/div>\t\t\t\t<\/div>\n\t\t\t\t\t\t\t<div class=\"col col-12 col-md-4\">\n\t\t\t\t\t\n<div class=\"article-card article-card__default\">\n\t<a href=\"https:\/\/www.kirkonulkomaanapu.fi\/en\/latest-news\/news\/remote-working-opens-up-new-job-opportunities-for-refugees-fca-to-collaborate-with-startup-refugees-in-zaatari-camp\/\">\n\t\t<div class=\"article-thumbnail\">\n\t\t\t\t\t\t<img decoding=\"async\" src=\"https:\/\/www.kirkonulkomaanapu.fi\/wp-content\/uploads\/2021\/06\/KUA-SUR-paakuva-480x270.jpg\" alt=\"Remote working opens up new job opportunities for refugees \u2013 FCA to collaborate with Startup Refugees in Zaatari camp\" loading=\"lazy\" width=\"480\" height=\"270\">\n\t\t\t\t\t<\/div>\n\t<\/a>\n\n\t<div class=\"article-meta\">\n\t\t<span>News<\/span><span>10.6.2021<\/span>\t<\/div>\n\n\t<a href=\"https:\/\/www.kirkonulkomaanapu.fi\/en\/latest-news\/news\/remote-working-opens-up-new-job-opportunities-for-refugees-fca-to-collaborate-with-startup-refugees-in-zaatari-camp\/\"><h3 class=\"article-title\">Remote working opens up new job opportunities for refugees \u2013 FCA to collaborate with Startup Refugees in Zaatari camp<\/h3><\/a>\n<\/div>\t\t\t\t<\/div>\n\t\t\t\t\t\t\t\t<\/div>\n\n\t<\/div>\t\n<\/div>\n","protected":false},"excerpt":{"rendered":"<p>Jordan Jordan has received the third highest number of Syrian refugees since the conflict started in 2011. The large numbers of Syrian refugees affect the Jordanian society in many ways, and there are no signs for the situation to improve any time soon. Support to youth employment We combat youth unemployment in Jordan by offering [&hellip;]<\/p>\n","protected":false},"author":137,"featured_media":107405,"parent":97996,"menu_order":0,"comment_status":"closed","ping_status":"closed","template":"page-templates\/missa-toimimme-child.php","meta":{"_acf_changed":false,"_relevanssi_hide_post":"","_relevanssi_hide_content":"","_relevanssi_pin_for_all":"on","_relevanssi_pin_keywords":"","_relevanssi_unpin_keywords":"","_relevanssi_related_keywords":"","_relevanssi_related_include_ids":"","_relevanssi_related_exclude_ids":"","_relevanssi_related_no_append":"","_relevanssi_related_not_related":"","_relevanssi_related_posts":"68604,64869,86857,74884,74313,86052","_relevanssi_noindex_reason":"","_improvement_type_select":"improve_an_existing","_thumb_yes_seoaic":false,"_frame_yes_seoaic":false,"seoaic_generate_description":"","seoaic_improve_instructions_prompt":"","seoaic_rollback_content_improvement":"","seoaic_idea_thumbnail_generator":"","thumbnail_generated":false,"thumbnail_generate_prompt":"","seoaic_article_description":"","footnotes":""},"class_list":["post-107266","page","type-page","status-publish","has-post-thumbnail","hentry"],"acf":[],"yoast_head":"<!-- This site is optimized with the Yoast SEO plugin v26.9 - https:\/\/yoast.com\/product\/yoast-seo-wordpress\/ -->\n<title>Jordan - FCA Finn Church Aid - Action for Human Dignity<\/title>\n<meta name=\"description\" content=\"We work with Syrian refugees in the refugee camps Za\u2019atari and Azraq, and in host communities in Amman, Irbid and Zarqa.\" \/>\n<meta name=\"robots\" content=\"index, follow, max-snippet:-1, max-image-preview:large, max-video-preview:-1\" \/>\n<link rel=\"canonical\" href=\"https:\/\/www.kirkonulkomaanapu.fi\/en\/where-we-work\/jordan\/\" \/>\n<meta property=\"og:locale\" content=\"en_US\" \/>\n<meta property=\"og:type\" content=\"article\" \/>\n<meta property=\"og:title\" content=\"Jordan - FCA Finn Church Aid - Action for Human Dignity\" \/>\n<meta property=\"og:description\" content=\"We work with Syrian refugees in the refugee camps Za\u2019atari and Azraq, and in host communities in Amman, Irbid and Zarqa.\" \/>\n<meta property=\"og:url\" content=\"https:\/\/www.kirkonulkomaanapu.fi\/en\/where-we-work\/jordan\/\" \/>\n<meta property=\"og:site_name\" content=\"FCA Finn Church Aid\" \/>\n<meta property=\"article:publisher\" content=\"https:\/\/www.facebook.com\/Ulkomaanapu\/\" \/>\n<meta property=\"article:modified_time\" content=\"2026-03-23T07:13:36+00:00\" \/>\n<meta property=\"og:image\" content=\"https:\/\/www.kirkonulkomaanapu.fi\/wp-content\/uploads\/2020\/02\/FCAmaps_eng_Jordania.png\" \/>\n\t<meta property=\"og:image:width\" content=\"2048\" \/>\n\t<meta property=\"og:image:height\" content=\"1152\" \/>\n\t<meta property=\"og:image:type\" content=\"image\/png\" \/>\n<meta name=\"twitter:label1\" content=\"Est. reading time\" \/>\n\t<meta name=\"twitter:data1\" content=\"2 minutes\" \/>\n<script type=\"application\/ld+json\" class=\"yoast-schema-graph\">{\"@context\":\"https:\/\/schema.org\",\"@graph\":[{\"@type\":\"WebPage\",\"@id\":\"https:\/\/www.kirkonulkomaanapu.fi\/en\/where-we-work\/jordan\/\",\"url\":\"https:\/\/www.kirkonulkomaanapu.fi\/en\/where-we-work\/jordan\/\",\"name\":\"Jordan - FCA Finn Church Aid - Action for Human Dignity\",\"isPartOf\":{\"@id\":\"https:\/\/www.kirkonulkomaanapu.fi\/#website\"},\"primaryImageOfPage\":{\"@id\":\"https:\/\/www.kirkonulkomaanapu.fi\/en\/where-we-work\/jordan\/#primaryimage\"},\"image\":{\"@id\":\"https:\/\/www.kirkonulkomaanapu.fi\/en\/where-we-work\/jordan\/#primaryimage\"},\"thumbnailUrl\":\"https:\/\/www.kirkonulkomaanapu.fi\/wp-content\/uploads\/2020\/02\/FCAmaps_eng_Jordania.png\",\"datePublished\":\"2019-11-04T08:52:02+00:00\",\"dateModified\":\"2026-03-23T07:13:36+00:00\",\"description\":\"We work with Syrian refugees in the refugee camps Za\u2019atari and Azraq, and in host communities in Amman, Irbid and Zarqa.\",\"breadcrumb\":{\"@id\":\"https:\/\/www.kirkonulkomaanapu.fi\/en\/where-we-work\/jordan\/#breadcrumb\"},\"inLanguage\":\"en-US\",\"potentialAction\":[{\"@type\":\"ReadAction\",\"target\":[\"https:\/\/www.kirkonulkomaanapu.fi\/en\/where-we-work\/jordan\/\"]}]},{\"@type\":\"ImageObject\",\"inLanguage\":\"en-US\",\"@id\":\"https:\/\/www.kirkonulkomaanapu.fi\/en\/where-we-work\/jordan\/#primaryimage\",\"url\":\"https:\/\/www.kirkonulkomaanapu.fi\/wp-content\/uploads\/2020\/02\/FCAmaps_eng_Jordania.png\",\"contentUrl\":\"https:\/\/www.kirkonulkomaanapu.fi\/wp-content\/uploads\/2020\/02\/FCAmaps_eng_Jordania.png\",\"width\":2048,\"height\":1152,\"caption\":\"Map of Jordan and neighboring countries.\"},{\"@type\":\"BreadcrumbList\",\"@id\":\"https:\/\/www.kirkonulkomaanapu.fi\/en\/where-we-work\/jordan\/#breadcrumb\",\"itemListElement\":[{\"@type\":\"ListItem\",\"position\":1,\"name\":\"Home\",\"item\":\"https:\/\/www.kirkonulkomaanapu.fi\/en\/\"},{\"@type\":\"ListItem\",\"position\":2,\"name\":\"Where we work\",\"item\":\"https:\/\/www.kirkonulkomaanapu.fi\/en\/where-we-work\/\"},{\"@type\":\"ListItem\",\"position\":3,\"name\":\"Jordan\"}]},{\"@type\":\"WebSite\",\"@id\":\"https:\/\/www.kirkonulkomaanapu.fi\/#website\",\"url\":\"https:\/\/www.kirkonulkomaanapu.fi\/\",\"name\":\"Kirkon Ulkomaanapu\",\"description\":\"Suomen suurin kehitysyhteisty\u00f6j\u00e4rjest\u00f6\",\"publisher\":{\"@id\":\"https:\/\/www.kirkonulkomaanapu.fi\/#organization\"},\"alternateName\":\"KUA\",\"potentialAction\":[{\"@type\":\"SearchAction\",\"target\":{\"@type\":\"EntryPoint\",\"urlTemplate\":\"https:\/\/www.kirkonulkomaanapu.fi\/?s={search_term_string}\"},\"query-input\":{\"@type\":\"PropertyValueSpecification\",\"valueRequired\":true,\"valueName\":\"search_term_string\"}}],\"inLanguage\":\"en-US\"},{\"@type\":\"Organization\",\"@id\":\"https:\/\/www.kirkonulkomaanapu.fi\/#organization\",\"name\":\"Kirkon Ulkomaanapu\",\"alternateName\":\"KUA\",\"url\":\"https:\/\/www.kirkonulkomaanapu.fi\/\",\"logo\":{\"@type\":\"ImageObject\",\"inLanguage\":\"en-US\",\"@id\":\"https:\/\/www.kirkonulkomaanapu.fi\/#\/schema\/logo\/image\/\",\"url\":\"https:\/\/www.kirkonulkomaanapu.fi\/wp-content\/uploads\/2026\/02\/Kirkon-ulkomaanapu-logo-1.png\",\"contentUrl\":\"https:\/\/www.kirkonulkomaanapu.fi\/wp-content\/uploads\/2026\/02\/Kirkon-ulkomaanapu-logo-1.png\",\"width\":225,\"height\":225,\"caption\":\"Kirkon Ulkomaanapu\"},\"image\":{\"@id\":\"https:\/\/www.kirkonulkomaanapu.fi\/#\/schema\/logo\/image\/\"},\"sameAs\":[\"https:\/\/www.facebook.com\/Ulkomaanapu\/\",\"https:\/\/www.youtube.com\/user\/kirkonulkomaanapu\",\"https:\/\/instagram.com\/kirkon_ulkomaanapu\/\",\"https:\/\/www.linkedin.com\/company\/finn-church-aid\/\"]}]}<\/script>\n<!-- \/ Yoast SEO plugin. -->","yoast_head_json":{"title":"Jordan - FCA Finn Church Aid - Action for Human Dignity","description":"We work with Syrian refugees in the refugee camps Za\u2019atari and Azraq, and in host communities in Amman, Irbid and Zarqa.","robots":{"index":"index","follow":"follow","max-snippet":"max-snippet:-1","max-image-preview":"max-image-preview:large","max-video-preview":"max-video-preview:-1"},"canonical":"https:\/\/www.kirkonulkomaanapu.fi\/en\/where-we-work\/jordan\/","og_locale":"en_US","og_type":"article","og_title":"Jordan - FCA Finn Church Aid - Action for Human Dignity","og_description":"We work with Syrian refugees in the refugee camps Za\u2019atari and Azraq, and in host communities in Amman, Irbid and Zarqa.","og_url":"https:\/\/www.kirkonulkomaanapu.fi\/en\/where-we-work\/jordan\/","og_site_name":"FCA Finn Church Aid","article_publisher":"https:\/\/www.facebook.com\/Ulkomaanapu\/","article_modified_time":"2026-03-23T07:13:36+00:00","og_image":[{"width":2048,"height":1152,"url":"https:\/\/www.kirkonulkomaanapu.fi\/wp-content\/uploads\/2020\/02\/FCAmaps_eng_Jordania.png","type":"image\/png"}],"twitter_misc":{"Est. reading time":"2 minutes"},"schema":{"@context":"https:\/\/schema.org","@graph":[{"@type":"WebPage","@id":"https:\/\/www.kirkonulkomaanapu.fi\/en\/where-we-work\/jordan\/","url":"https:\/\/www.kirkonulkomaanapu.fi\/en\/where-we-work\/jordan\/","name":"Jordan - FCA Finn Church Aid - Action for Human Dignity","isPartOf":{"@id":"https:\/\/www.kirkonulkomaanapu.fi\/#website"},"primaryImageOfPage":{"@id":"https:\/\/www.kirkonulkomaanapu.fi\/en\/where-we-work\/jordan\/#primaryimage"},"image":{"@id":"https:\/\/www.kirkonulkomaanapu.fi\/en\/where-we-work\/jordan\/#primaryimage"},"thumbnailUrl":"https:\/\/www.kirkonulkomaanapu.fi\/wp-content\/uploads\/2020\/02\/FCAmaps_eng_Jordania.png","datePublished":"2019-11-04T08:52:02+00:00","dateModified":"2026-03-23T07:13:36+00:00","description":"We work with Syrian refugees in the refugee camps Za\u2019atari and Azraq, and in host communities in Amman, Irbid and Zarqa.","breadcrumb":{"@id":"https:\/\/www.kirkonulkomaanapu.fi\/en\/where-we-work\/jordan\/#breadcrumb"},"inLanguage":"en-US","potentialAction":[{"@type":"ReadAction","target":["https:\/\/www.kirkonulkomaanapu.fi\/en\/where-we-work\/jordan\/"]}]},{"@type":"ImageObject","inLanguage":"en-US","@id":"https:\/\/www.kirkonulkomaanapu.fi\/en\/where-we-work\/jordan\/#primaryimage","url":"https:\/\/www.kirkonulkomaanapu.fi\/wp-content\/uploads\/2020\/02\/FCAmaps_eng_Jordania.png","contentUrl":"https:\/\/www.kirkonulkomaanapu.fi\/wp-content\/uploads\/2020\/02\/FCAmaps_eng_Jordania.png","width":2048,"height":1152,"caption":"Map of Jordan and neighboring countries."},{"@type":"BreadcrumbList","@id":"https:\/\/www.kirkonulkomaanapu.fi\/en\/where-we-work\/jordan\/#breadcrumb","itemListElement":[{"@type":"ListItem","position":1,"name":"Home","item":"https:\/\/www.kirkonulkomaanapu.fi\/en\/"},{"@type":"ListItem","position":2,"name":"Where we work","item":"https:\/\/www.kirkonulkomaanapu.fi\/en\/where-we-work\/"},{"@type":"ListItem","position":3,"name":"Jordan"}]},{"@type":"WebSite","@id":"https:\/\/www.kirkonulkomaanapu.fi\/#website","url":"https:\/\/www.kirkonulkomaanapu.fi\/","name":"Kirkon Ulkomaanapu","description":"Suomen suurin kehitysyhteisty\u00f6j\u00e4rjest\u00f6","publisher":{"@id":"https:\/\/www.kirkonulkomaanapu.fi\/#organization"},"alternateName":"KUA","potentialAction":[{"@type":"SearchAction","target":{"@type":"EntryPoint","urlTemplate":"https:\/\/www.kirkonulkomaanapu.fi\/?s={search_term_string}"},"query-input":{"@type":"PropertyValueSpecification","valueRequired":true,"valueName":"search_term_string"}}],"inLanguage":"en-US"},{"@type":"Organization","@id":"https:\/\/www.kirkonulkomaanapu.fi\/#organization","name":"Kirkon Ulkomaanapu","alternateName":"KUA","url":"https:\/\/www.kirkonulkomaanapu.fi\/","logo":{"@type":"ImageObject","inLanguage":"en-US","@id":"https:\/\/www.kirkonulkomaanapu.fi\/#\/schema\/logo\/image\/","url":"https:\/\/www.kirkonulkomaanapu.fi\/wp-content\/uploads\/2026\/02\/Kirkon-ulkomaanapu-logo-1.png","contentUrl":"https:\/\/www.kirkonulkomaanapu.fi\/wp-content\/uploads\/2026\/02\/Kirkon-ulkomaanapu-logo-1.png","width":225,"height":225,"caption":"Kirkon Ulkomaanapu"},"image":{"@id":"https:\/\/www.kirkonulkomaanapu.fi\/#\/schema\/logo\/image\/"},"sameAs":["https:\/\/www.facebook.com\/Ulkomaanapu\/","https:\/\/www.youtube.com\/user\/kirkonulkomaanapu","https:\/\/instagram.com\/kirkon_ulkomaanapu\/","https:\/\/www.linkedin.com\/company\/finn-church-aid\/"]}]}},"_links":{"self":[{"href":"https:\/\/www.kirkonulkomaanapu.fi\/en\/wp-json\/wp\/v2\/pages\/107266","targetHints":{"allow":["GET"]}}],"collection":[{"href":"https:\/\/www.kirkonulkomaanapu.fi\/en\/wp-json\/wp\/v2\/pages"}],"about":[{"href":"https:\/\/www.kirkonulkomaanapu.fi\/en\/wp-json\/wp\/v2\/types\/page"}],"author":[{"embeddable":true,"href":"https:\/\/www.kirkonulkomaanapu.fi\/en\/wp-json\/wp\/v2\/users\/137"}],"replies":[{"embeddable":true,"href":"https:\/\/www.kirkonulkomaanapu.fi\/en\/wp-json\/wp\/v2\/comments?post=107266"}],"version-history":[{"count":3,"href":"https:\/\/www.kirkonulkomaanapu.fi\/en\/wp-json\/wp\/v2\/pages\/107266\/revisions"}],"predecessor-version":[{"id":160537,"href":"https:\/\/www.kirkonulkomaanapu.fi\/en\/wp-json\/wp\/v2\/pages\/107266\/revisions\/160537"}],"up":[{"embeddable":true,"href":"https:\/\/www.kirkonulkomaanapu.fi\/en\/wp-json\/wp\/v2\/pages\/97996"}],"wp:featuredmedia":[{"embeddable":true,"href":"https:\/\/www.kirkonulkomaanapu.fi\/en\/wp-json\/wp\/v2\/media\/107405"}],"wp:attachment":[{"href":"https:\/\/www.kirkonulkomaanapu.fi\/en\/wp-json\/wp\/v2\/media?parent=107266"}],"curies":[{"name":"wp","href":"https:\/\/api.w.org\/{rel}","templated":true}]}}